{"id":126412,"date":"2021-06-05T12:31:48","date_gmt":"2021-06-05T12:31:48","guid":{"rendered":"https:\/\/www.iplay.com\/games\/big-adventure-trip-to-europe-collectors-edition\/"},"modified":"2021-06-05T12:31:48","modified_gmt":"2021-06-05T12:31:48","slug":"big-adventure-trip-to-europe-collectors-edition","status":"publish","type":"product","link":"https:\/\/www.iplay.com\/es\/games\/big-adventure-trip-to-europe-collectors-edition\/","title":{"rendered":"Big Adventure: Trip to Europe Collector&#8217;s Edition"},"content":{"rendered":"<p>El primer juego de una nueva serie, Big Adventure: Trip to Europe, te invita a embarcarte en la gira m\u00e1s grande de Europa. Este viaje abarca paradas en 10 pa\u00edses y 24 ciudades, prometiendo la exploraci\u00f3n de castillos hist\u00f3ricos, maravillas naturales, encantadoras calles de la ciudad, museos y diversas estructuras arquitect\u00f3nicas. <\/p>\n<p>En Italia, los callejones del Piamonte esperan su exploraci\u00f3n, junto con las vistas de la Fontana di Trevi y el palacio Castel Nuovo. Grecia ofrece los impresionantes monasterios de Meteora, el Museo Nacional de Atenas y la Acr\u00f3polis. Mientras tanto, Espa\u00f1a atrae con lugares como las Cascadas de Algar y el Puente de Alc\u00e1ntara.  <\/p>\n<p>A lo largo de su viaje, experimentar\u00e1 diversos modos de viaje, desde paseos en ferry por el mar Mediterr\u00e1neo hasta vuelos en avi\u00f3n por tres mares. Incluso ascender\u00e1s a Alemania en un globo aerost\u00e1tico y disfrutar\u00e1s de un viaje en tren a Francia. <\/p>\n<p>A la espera de ser descubiertos en Big Adventure: Trip to Europe hay numerosas escenas con emocionantes b\u00fasquedas de objetos y atractivos minijuegos.<\/p>\n<p>&nbsp;<\/p>\n<p><strong>Funciones:<\/strong><\/p>\n<ul>\n<li>Recorrido tur\u00edstico por Europa<\/li>\n<li>Visita 10 pa\u00edses y 24 ciudades<\/li>\n<li>Descubre m\u00e1s de 900 objetos ocultos<\/li>\n<li>Mapa interactivo para la rejugabilidad<\/li>\n<li>Encuentra mapaches de bonificaci\u00f3n<\/li>\n<li>Participa en minijuegos desafiantes e interesantes<\/li>\n<li>Disfruta de gr\u00e1ficos realistas<\/li>\n<\/ul>\n","protected":false},"excerpt":{"rendered":"<p>\u00bfEst\u00e1s listo para explorar 24 ciudades en un viaje a Europa con Big Adventure &#8211; Trip to Europe Collector&#8217;s Edition?<\/p>\n","protected":false},"author":130,"featured_media":110649,"comment_status":"open","ping_status":"closed","template":"","meta":{"_acf_changed":false,"inline_featured_image":false},"product_brand":[],"product_cat":[166],"product_tag":[242,288],"class_list":{"0":"post-126412","1":"product","2":"type-product","3":"status-publish","4":"has-post-thumbnail","6":"product_cat-hidden-object-es","7":"product_tag-big-adventure-trip-to-europe-series-es","8":"product_tag-play-on-pc-es","10":"first","11":"instock","12":"shipping-taxable","13":"purchasable","14":"product-type-simple"},"acf":[],"yoast_head":"<!-- This site is optimized with the Yoast SEO Premium plugin v25.2 (Yoast SEO v25.2) - https:\/\/yoast.com\/wordpress\/plugins\/seo\/ -->\n<title>Gran Aventura: Viaje a Europa Edici\u00f3n Coleccionista<\/title>\n<meta name=\"description\" content=\"\u00bfEst\u00e1s listo para explorar 24 ciudades en un viaje a Europa con Big Adventure - Trip to Europe Collector&#039;s Edition?\" \/>\n<meta name=\"robots\" content=\"index, follow, max-snippet:-1, max-image-preview:large, max-video-preview:-1\" \/>\n<link rel=\"canonical\" href=\"https:\/\/www.iplay.com\/es\/games\/big-adventure-trip-to-europe-collectors-edition\/\" \/>\n<meta property=\"og:locale\" content=\"es_ES\" \/>\n<meta property=\"og:type\" content=\"article\" \/>\n<meta property=\"og:title\" content=\"Big Adventure: Trip to Europe Collector&#039;s Edition\" \/>\n<meta property=\"og:description\" content=\"\u00bfEst\u00e1s listo para explorar 24 ciudades en un viaje a Europa con Big Adventure - Trip to Europe Collector&#039;s Edition?\" \/>\n<meta property=\"og:url\" content=\"https:\/\/www.iplay.com\/es\/games\/big-adventure-trip-to-europe-collectors-edition\/\" \/>\n<meta property=\"og:site_name\" content=\"IPlay\" \/>\n<meta property=\"og:image\" content=\"https:\/\/www.iplay.com\/wp-content\/uploads\/2024\/04\/Trip-to-Europe_large_square_tile_image.webp\" \/>\n\t<meta property=\"og:image:width\" content=\"310\" \/>\n\t<meta property=\"og:image:height\" content=\"310\" \/>\n\t<meta property=\"og:image:type\" content=\"image\/webp\" \/>\n<meta name=\"twitter:card\" content=\"summary_large_image\" \/>\n<meta name=\"twitter:label1\" content=\"Est. reading time\" \/>\n\t<meta name=\"twitter:data1\" content=\"1 minuto\" \/>\n<script type=\"application\/ld+json\" class=\"yoast-schema-graph\">{\"@context\":\"https:\/\/schema.org\",\"@graph\":[{\"@type\":\"WebPage\",\"@id\":\"https:\/\/www.iplay.com\/es\/games\/big-adventure-trip-to-europe-collectors-edition\/\",\"url\":\"https:\/\/www.iplay.com\/es\/games\/big-adventure-trip-to-europe-collectors-edition\/\",\"name\":\"Gran Aventura: Viaje a Europa Edici\u00f3n Coleccionista\",\"isPartOf\":{\"@id\":\"https:\/\/www.iplay.com\/en\/#website\"},\"primaryImageOfPage\":{\"@id\":\"https:\/\/www.iplay.com\/es\/games\/big-adventure-trip-to-europe-collectors-edition\/#primaryimage\"},\"image\":{\"@id\":\"https:\/\/www.iplay.com\/es\/games\/big-adventure-trip-to-europe-collectors-edition\/#primaryimage\"},\"thumbnailUrl\":\"https:\/\/www.iplay.com\/wp-content\/uploads\/2024\/04\/Trip-to-Europe_large_square_tile_image.webp\",\"datePublished\":\"2021-06-05T12:31:48+00:00\",\"description\":\"\u00bfEst\u00e1s listo para explorar 24 ciudades en un viaje a Europa con Big Adventure - Trip to Europe Collector's Edition?\",\"breadcrumb\":{\"@id\":\"https:\/\/www.iplay.com\/es\/games\/big-adventure-trip-to-europe-collectors-edition\/#breadcrumb\"},\"inLanguage\":\"es\",\"potentialAction\":[{\"@type\":\"ReadAction\",\"target\":[\"https:\/\/www.iplay.com\/es\/games\/big-adventure-trip-to-europe-collectors-edition\/\"]}]},{\"@type\":\"ImageObject\",\"inLanguage\":\"es\",\"@id\":\"https:\/\/www.iplay.com\/es\/games\/big-adventure-trip-to-europe-collectors-edition\/#primaryimage\",\"url\":\"https:\/\/www.iplay.com\/wp-content\/uploads\/2024\/04\/Trip-to-Europe_large_square_tile_image.webp\",\"contentUrl\":\"https:\/\/www.iplay.com\/wp-content\/uploads\/2024\/04\/Trip-to-Europe_large_square_tile_image.webp\",\"width\":310,\"height\":310},{\"@type\":\"BreadcrumbList\",\"@id\":\"https:\/\/www.iplay.com\/es\/games\/big-adventure-trip-to-europe-collectors-edition\/#breadcrumb\",\"itemListElement\":[{\"@type\":\"ListItem\",\"position\":1,\"name\":\"Home\",\"item\":\"https:\/\/www.iplay.com\/es\/home-page-2\/\"},{\"@type\":\"ListItem\",\"position\":2,\"name\":\"Shop\",\"item\":\"https:\/\/www.iplay.com\/en\/shop\/\"},{\"@type\":\"ListItem\",\"position\":3,\"name\":\"Big Adventure: Trip to Europe Collector&#8217;s Edition\"}]},{\"@type\":\"WebSite\",\"@id\":\"https:\/\/www.iplay.com\/en\/#website\",\"url\":\"https:\/\/www.iplay.com\/en\/\",\"name\":\"IPlay\",\"description\":\"The Best Casual Games!\",\"publisher\":{\"@id\":\"https:\/\/www.iplay.com\/en\/#organization\"},\"potentialAction\":[{\"@type\":\"SearchAction\",\"target\":{\"@type\":\"EntryPoint\",\"urlTemplate\":\"https:\/\/www.iplay.com\/en\/?s={search_term_string}\"},\"query-input\":{\"@type\":\"PropertyValueSpecification\",\"valueRequired\":true,\"valueName\":\"search_term_string\"}}],\"inLanguage\":\"es\"},{\"@type\":\"Organization\",\"@id\":\"https:\/\/www.iplay.com\/en\/#organization\",\"name\":\"IPlay\",\"url\":\"https:\/\/www.iplay.com\/en\/\",\"logo\":{\"@type\":\"ImageObject\",\"inLanguage\":\"es\",\"@id\":\"https:\/\/www.iplay.com\/en\/#\/schema\/logo\/image\/\",\"url\":\"https:\/\/www.iplay.com\/wp-content\/uploads\/2023\/11\/Group-6100.svg\",\"contentUrl\":\"https:\/\/www.iplay.com\/wp-content\/uploads\/2023\/11\/Group-6100.svg\",\"width\":98,\"height\":25,\"caption\":\"IPlay\"},\"image\":{\"@id\":\"https:\/\/www.iplay.com\/en\/#\/schema\/logo\/image\/\"}}]}<\/script>\n<!-- \/ Yoast SEO Premium plugin. -->","yoast_head_json":{"title":"Gran Aventura: Viaje a Europa Edici\u00f3n Coleccionista","description":"\u00bfEst\u00e1s listo para explorar 24 ciudades en un viaje a Europa con Big Adventure - Trip to Europe Collector's Edition?","robots":{"index":"index","follow":"follow","max-snippet":"max-snippet:-1","max-image-preview":"max-image-preview:large","max-video-preview":"max-video-preview:-1"},"canonical":"https:\/\/www.iplay.com\/es\/games\/big-adventure-trip-to-europe-collectors-edition\/","og_locale":"es_ES","og_type":"article","og_title":"Big Adventure: Trip to Europe Collector's Edition","og_description":"\u00bfEst\u00e1s listo para explorar 24 ciudades en un viaje a Europa con Big Adventure - Trip to Europe Collector's Edition?","og_url":"https:\/\/www.iplay.com\/es\/games\/big-adventure-trip-to-europe-collectors-edition\/","og_site_name":"IPlay","og_image":[{"width":310,"height":310,"url":"https:\/\/www.iplay.com\/wp-content\/uploads\/2024\/04\/Trip-to-Europe_large_square_tile_image.webp","type":"image\/webp"}],"twitter_card":"summary_large_image","twitter_misc":{"Est. reading time":"1 minuto"},"schema":{"@context":"https:\/\/schema.org","@graph":[{"@type":"WebPage","@id":"https:\/\/www.iplay.com\/es\/games\/big-adventure-trip-to-europe-collectors-edition\/","url":"https:\/\/www.iplay.com\/es\/games\/big-adventure-trip-to-europe-collectors-edition\/","name":"Gran Aventura: Viaje a Europa Edici\u00f3n Coleccionista","isPartOf":{"@id":"https:\/\/www.iplay.com\/en\/#website"},"primaryImageOfPage":{"@id":"https:\/\/www.iplay.com\/es\/games\/big-adventure-trip-to-europe-collectors-edition\/#primaryimage"},"image":{"@id":"https:\/\/www.iplay.com\/es\/games\/big-adventure-trip-to-europe-collectors-edition\/#primaryimage"},"thumbnailUrl":"https:\/\/www.iplay.com\/wp-content\/uploads\/2024\/04\/Trip-to-Europe_large_square_tile_image.webp","datePublished":"2021-06-05T12:31:48+00:00","description":"\u00bfEst\u00e1s listo para explorar 24 ciudades en un viaje a Europa con Big Adventure - Trip to Europe Collector's Edition?","breadcrumb":{"@id":"https:\/\/www.iplay.com\/es\/games\/big-adventure-trip-to-europe-collectors-edition\/#breadcrumb"},"inLanguage":"es","potentialAction":[{"@type":"ReadAction","target":["https:\/\/www.iplay.com\/es\/games\/big-adventure-trip-to-europe-collectors-edition\/"]}]},{"@type":"ImageObject","inLanguage":"es","@id":"https:\/\/www.iplay.com\/es\/games\/big-adventure-trip-to-europe-collectors-edition\/#primaryimage","url":"https:\/\/www.iplay.com\/wp-content\/uploads\/2024\/04\/Trip-to-Europe_large_square_tile_image.webp","contentUrl":"https:\/\/www.iplay.com\/wp-content\/uploads\/2024\/04\/Trip-to-Europe_large_square_tile_image.webp","width":310,"height":310},{"@type":"BreadcrumbList","@id":"https:\/\/www.iplay.com\/es\/games\/big-adventure-trip-to-europe-collectors-edition\/#breadcrumb","itemListElement":[{"@type":"ListItem","position":1,"name":"Home","item":"https:\/\/www.iplay.com\/es\/home-page-2\/"},{"@type":"ListItem","position":2,"name":"Shop","item":"https:\/\/www.iplay.com\/en\/shop\/"},{"@type":"ListItem","position":3,"name":"Big Adventure: Trip to Europe Collector&#8217;s Edition"}]},{"@type":"WebSite","@id":"https:\/\/www.iplay.com\/en\/#website","url":"https:\/\/www.iplay.com\/en\/","name":"IPlay","description":"The Best Casual Games!","publisher":{"@id":"https:\/\/www.iplay.com\/en\/#organization"},"potentialAction":[{"@type":"SearchAction","target":{"@type":"EntryPoint","urlTemplate":"https:\/\/www.iplay.com\/en\/?s={search_term_string}"},"query-input":{"@type":"PropertyValueSpecification","valueRequired":true,"valueName":"search_term_string"}}],"inLanguage":"es"},{"@type":"Organization","@id":"https:\/\/www.iplay.com\/en\/#organization","name":"IPlay","url":"https:\/\/www.iplay.com\/en\/","logo":{"@type":"ImageObject","inLanguage":"es","@id":"https:\/\/www.iplay.com\/en\/#\/schema\/logo\/image\/","url":"https:\/\/www.iplay.com\/wp-content\/uploads\/2023\/11\/Group-6100.svg","contentUrl":"https:\/\/www.iplay.com\/wp-content\/uploads\/2023\/11\/Group-6100.svg","width":98,"height":25,"caption":"IPlay"},"image":{"@id":"https:\/\/www.iplay.com\/en\/#\/schema\/logo\/image\/"}}]}},"_links":{"self":[{"href":"https:\/\/www.iplay.com\/es\/wp-json\/wp\/v2\/product\/126412","targetHints":{"allow":["GET"]}}],"collection":[{"href":"https:\/\/www.iplay.com\/es\/wp-json\/wp\/v2\/product"}],"about":[{"href":"https:\/\/www.iplay.com\/es\/wp-json\/wp\/v2\/types\/product"}],"author":[{"embeddable":true,"href":"https:\/\/www.iplay.com\/es\/wp-json\/wp\/v2\/users\/130"}],"replies":[{"embeddable":true,"href":"https:\/\/www.iplay.com\/es\/wp-json\/wp\/v2\/comments?post=126412"}],"wp:featuredmedia":[{"embeddable":true,"href":"https:\/\/www.iplay.com\/es\/wp-json\/wp\/v2\/media\/110649"}],"wp:attachment":[{"href":"https:\/\/www.iplay.com\/es\/wp-json\/wp\/v2\/media?parent=126412"}],"wp:term":[{"taxonomy":"product_brand","embeddable":true,"href":"https:\/\/www.iplay.com\/es\/wp-json\/wp\/v2\/product_brand?post=126412"},{"taxonomy":"product_cat","embeddable":true,"href":"https:\/\/www.iplay.com\/es\/wp-json\/wp\/v2\/product_cat?post=126412"},{"taxonomy":"product_tag","embeddable":true,"href":"https:\/\/www.iplay.com\/es\/wp-json\/wp\/v2\/product_tag?post=126412"}],"curies":[{"name":"wp","href":"https:\/\/api.w.org\/{rel}","templated":true}]}}