{"id":126345,"date":"2023-11-02T00:00:00","date_gmt":"2023-11-02T00:00:00","guid":{"rendered":"https:\/\/www.iplay.com\/games\/rescue-team-evil-genius-collectors-edition\/"},"modified":"2023-11-02T00:00:00","modified_gmt":"2023-11-02T00:00:00","slug":"rescue-team-evil-genius-collectors-edition","status":"publish","type":"product","link":"https:\/\/www.iplay.com\/es\/games\/rescue-team-evil-genius-collectors-edition\/","title":{"rendered":"Rescue Team: Evil Genius Collector&#8217;s Edition"},"content":{"rendered":"<p>Un cient\u00edfico loco est\u00e1 tratando de replicar las fuerzas m\u00e1s devastadoras que se encuentran en la naturaleza; \u00a1Detentes! El equipo de rescate se enfrenta a numerosos desaf\u00edos mientras se enfrenta a terremotos, ventiscas, volcanes y m\u00e1s para salvar hogares, animales y personas que est\u00e1n en peligro de destrucci\u00f3n total. No ser\u00e1 sencillo salvar el d\u00eda, ya que tendr\u00e1s que trabajar r\u00e1pidamente para eliminar obst\u00e1culos, reunir suministros y reconstruir ciudades. Sin embargo, encontrar\u00e1s y utilizar\u00e1s tecnolog\u00edas realmente creativas, emplear\u00e1s una variedad de veh\u00edculos emocionantes y obtendr\u00e1s bonificaciones incre\u00edblemente entretenidas que te ayudar\u00e1n a alcanzar tus objetivos. \u00a1Recibir\u00e1s premios a medida que avances a trav\u00e9s de numerosas etapas de suspenso, demostrando tu membres\u00eda real en el Equipo de Rescate! \u00a1\u00danete al mejor equipo de h\u00e9roes que jam\u00e1s se haya enfrentado a la ira de la naturaleza descargando Rescue Team: Evil Genius Collector&#8217;s Edition ahora mismo!     <\/p>\n<p>&nbsp;<\/p>\n<p><strong>Funciones:<\/strong><\/p>\n<p>&#8211; Narrativa<br \/>\n atractiva- Entorno<br \/>\n animado brillantemente- Modos<br \/>\n experto y casual- Gu\u00eda<br \/>\n para aprender mientras juegas- Una gran cantidad de contenido adicional<\/p>\n","protected":false},"excerpt":{"rendered":"<p>Un cient\u00edfico loco est\u00e1 tratando de replicar las fuerzas m\u00e1s devastadoras que se encuentran en la naturaleza; \u00a1Detentes! Equipo superviviente 9 CE <\/p>\n","protected":false},"author":8,"featured_media":71448,"comment_status":"open","ping_status":"closed","template":"","meta":{"_acf_changed":false,"inline_featured_image":false},"product_brand":[],"product_cat":[212],"product_tag":[288,291],"class_list":{"0":"post-126345","1":"product","2":"type-product","3":"status-publish","4":"has-post-thumbnail","6":"product_cat-time-management-es","7":"product_tag-play-on-pc-es","8":"product_tag-rescue-team-series-es","10":"first","11":"instock","12":"shipping-taxable","13":"purchasable","14":"product-type-simple"},"acf":[],"yoast_head":"<!-- This site is optimized with the Yoast SEO Premium plugin v25.2 (Yoast SEO v25.2) - https:\/\/yoast.com\/wordpress\/plugins\/seo\/ -->\n<title>Rescue Team: Evil Genius Collector&#039;s Edition - \u00a1Detiene a un cient\u00edfico loco replicando fuerzas destructivas<\/title>\n<meta name=\"description\" content=\"Un cient\u00edfico loco est\u00e1 tratando de replicar las fuerzas m\u00e1s devastadoras que se encuentran en la naturaleza; \u00a1Detentes! Equipo superviviente 9 CE\" \/>\n<meta name=\"robots\" content=\"index, follow, max-snippet:-1, max-image-preview:large, max-video-preview:-1\" \/>\n<link rel=\"canonical\" href=\"https:\/\/www.iplay.com\/es\/games\/rescue-team-evil-genius-collectors-edition\/\" \/>\n<meta property=\"og:locale\" content=\"es_ES\" \/>\n<meta property=\"og:type\" content=\"article\" \/>\n<meta property=\"og:title\" content=\"Rescue Team: Evil Genius Collector&#039;s Edition\" \/>\n<meta property=\"og:description\" content=\"Un cient\u00edfico loco est\u00e1 tratando de replicar las fuerzas m\u00e1s devastadoras que se encuentran en la naturaleza; \u00a1Detentes! Equipo superviviente 9 CE\" \/>\n<meta property=\"og:url\" content=\"https:\/\/www.iplay.com\/es\/games\/rescue-team-evil-genius-collectors-edition\/\" \/>\n<meta property=\"og:site_name\" content=\"IPlay\" \/>\n<meta property=\"og:image\" content=\"https:\/\/www.iplay.com\/wp-content\/uploads\/2023\/12\/large_square_tile_image-1955.jpg\" \/>\n\t<meta property=\"og:image:width\" content=\"310\" \/>\n\t<meta property=\"og:image:height\" content=\"310\" \/>\n\t<meta property=\"og:image:type\" content=\"image\/jpeg\" \/>\n<meta name=\"twitter:card\" content=\"summary_large_image\" \/>\n<meta name=\"twitter:label1\" content=\"Est. reading time\" \/>\n\t<meta name=\"twitter:data1\" content=\"1 minuto\" \/>\n<script type=\"application\/ld+json\" class=\"yoast-schema-graph\">{\"@context\":\"https:\/\/schema.org\",\"@graph\":[{\"@type\":\"WebPage\",\"@id\":\"https:\/\/www.iplay.com\/es\/games\/rescue-team-evil-genius-collectors-edition\/\",\"url\":\"https:\/\/www.iplay.com\/es\/games\/rescue-team-evil-genius-collectors-edition\/\",\"name\":\"Rescue Team: Evil Genius Collector's Edition - \u00a1Detiene a un cient\u00edfico loco replicando fuerzas destructivas\",\"isPartOf\":{\"@id\":\"https:\/\/www.iplay.com\/en\/#website\"},\"primaryImageOfPage\":{\"@id\":\"https:\/\/www.iplay.com\/es\/games\/rescue-team-evil-genius-collectors-edition\/#primaryimage\"},\"image\":{\"@id\":\"https:\/\/www.iplay.com\/es\/games\/rescue-team-evil-genius-collectors-edition\/#primaryimage\"},\"thumbnailUrl\":\"https:\/\/www.iplay.com\/wp-content\/uploads\/2023\/12\/large_square_tile_image-1955.jpg\",\"datePublished\":\"2023-11-02T00:00:00+00:00\",\"description\":\"Un cient\u00edfico loco est\u00e1 tratando de replicar las fuerzas m\u00e1s devastadoras que se encuentran en la naturaleza; \u00a1Detentes! Equipo superviviente 9 CE\",\"breadcrumb\":{\"@id\":\"https:\/\/www.iplay.com\/es\/games\/rescue-team-evil-genius-collectors-edition\/#breadcrumb\"},\"inLanguage\":\"es\",\"potentialAction\":[{\"@type\":\"ReadAction\",\"target\":[\"https:\/\/www.iplay.com\/es\/games\/rescue-team-evil-genius-collectors-edition\/\"]}]},{\"@type\":\"ImageObject\",\"inLanguage\":\"es\",\"@id\":\"https:\/\/www.iplay.com\/es\/games\/rescue-team-evil-genius-collectors-edition\/#primaryimage\",\"url\":\"https:\/\/www.iplay.com\/wp-content\/uploads\/2023\/12\/large_square_tile_image-1955.jpg\",\"contentUrl\":\"https:\/\/www.iplay.com\/wp-content\/uploads\/2023\/12\/large_square_tile_image-1955.jpg\",\"width\":310,\"height\":310},{\"@type\":\"BreadcrumbList\",\"@id\":\"https:\/\/www.iplay.com\/es\/games\/rescue-team-evil-genius-collectors-edition\/#breadcrumb\",\"itemListElement\":[{\"@type\":\"ListItem\",\"position\":1,\"name\":\"Home\",\"item\":\"https:\/\/www.iplay.com\/es\/home-page-2\/\"},{\"@type\":\"ListItem\",\"position\":2,\"name\":\"Shop\",\"item\":\"https:\/\/www.iplay.com\/en\/shop\/\"},{\"@type\":\"ListItem\",\"position\":3,\"name\":\"Rescue Team: Evil Genius Collector&#8217;s Edition\"}]},{\"@type\":\"WebSite\",\"@id\":\"https:\/\/www.iplay.com\/en\/#website\",\"url\":\"https:\/\/www.iplay.com\/en\/\",\"name\":\"IPlay\",\"description\":\"The Best Casual Games!\",\"publisher\":{\"@id\":\"https:\/\/www.iplay.com\/en\/#organization\"},\"potentialAction\":[{\"@type\":\"SearchAction\",\"target\":{\"@type\":\"EntryPoint\",\"urlTemplate\":\"https:\/\/www.iplay.com\/en\/?s={search_term_string}\"},\"query-input\":{\"@type\":\"PropertyValueSpecification\",\"valueRequired\":true,\"valueName\":\"search_term_string\"}}],\"inLanguage\":\"es\"},{\"@type\":\"Organization\",\"@id\":\"https:\/\/www.iplay.com\/en\/#organization\",\"name\":\"IPlay\",\"url\":\"https:\/\/www.iplay.com\/en\/\",\"logo\":{\"@type\":\"ImageObject\",\"inLanguage\":\"es\",\"@id\":\"https:\/\/www.iplay.com\/en\/#\/schema\/logo\/image\/\",\"url\":\"https:\/\/www.iplay.com\/wp-content\/uploads\/2023\/11\/Group-6100.svg\",\"contentUrl\":\"https:\/\/www.iplay.com\/wp-content\/uploads\/2023\/11\/Group-6100.svg\",\"width\":98,\"height\":25,\"caption\":\"IPlay\"},\"image\":{\"@id\":\"https:\/\/www.iplay.com\/en\/#\/schema\/logo\/image\/\"}}]}<\/script>\n<!-- \/ Yoast SEO Premium plugin. -->","yoast_head_json":{"title":"Rescue Team: Evil Genius Collector's Edition - \u00a1Detiene a un cient\u00edfico loco replicando fuerzas destructivas","description":"Un cient\u00edfico loco est\u00e1 tratando de replicar las fuerzas m\u00e1s devastadoras que se encuentran en la naturaleza; \u00a1Detentes! Equipo superviviente 9 CE","robots":{"index":"index","follow":"follow","max-snippet":"max-snippet:-1","max-image-preview":"max-image-preview:large","max-video-preview":"max-video-preview:-1"},"canonical":"https:\/\/www.iplay.com\/es\/games\/rescue-team-evil-genius-collectors-edition\/","og_locale":"es_ES","og_type":"article","og_title":"Rescue Team: Evil Genius Collector's Edition","og_description":"Un cient\u00edfico loco est\u00e1 tratando de replicar las fuerzas m\u00e1s devastadoras que se encuentran en la naturaleza; \u00a1Detentes! Equipo superviviente 9 CE","og_url":"https:\/\/www.iplay.com\/es\/games\/rescue-team-evil-genius-collectors-edition\/","og_site_name":"IPlay","og_image":[{"width":310,"height":310,"url":"https:\/\/www.iplay.com\/wp-content\/uploads\/2023\/12\/large_square_tile_image-1955.jpg","type":"image\/jpeg"}],"twitter_card":"summary_large_image","twitter_misc":{"Est. reading time":"1 minuto"},"schema":{"@context":"https:\/\/schema.org","@graph":[{"@type":"WebPage","@id":"https:\/\/www.iplay.com\/es\/games\/rescue-team-evil-genius-collectors-edition\/","url":"https:\/\/www.iplay.com\/es\/games\/rescue-team-evil-genius-collectors-edition\/","name":"Rescue Team: Evil Genius Collector's Edition - \u00a1Detiene a un cient\u00edfico loco replicando fuerzas destructivas","isPartOf":{"@id":"https:\/\/www.iplay.com\/en\/#website"},"primaryImageOfPage":{"@id":"https:\/\/www.iplay.com\/es\/games\/rescue-team-evil-genius-collectors-edition\/#primaryimage"},"image":{"@id":"https:\/\/www.iplay.com\/es\/games\/rescue-team-evil-genius-collectors-edition\/#primaryimage"},"thumbnailUrl":"https:\/\/www.iplay.com\/wp-content\/uploads\/2023\/12\/large_square_tile_image-1955.jpg","datePublished":"2023-11-02T00:00:00+00:00","description":"Un cient\u00edfico loco est\u00e1 tratando de replicar las fuerzas m\u00e1s devastadoras que se encuentran en la naturaleza; \u00a1Detentes! Equipo superviviente 9 CE","breadcrumb":{"@id":"https:\/\/www.iplay.com\/es\/games\/rescue-team-evil-genius-collectors-edition\/#breadcrumb"},"inLanguage":"es","potentialAction":[{"@type":"ReadAction","target":["https:\/\/www.iplay.com\/es\/games\/rescue-team-evil-genius-collectors-edition\/"]}]},{"@type":"ImageObject","inLanguage":"es","@id":"https:\/\/www.iplay.com\/es\/games\/rescue-team-evil-genius-collectors-edition\/#primaryimage","url":"https:\/\/www.iplay.com\/wp-content\/uploads\/2023\/12\/large_square_tile_image-1955.jpg","contentUrl":"https:\/\/www.iplay.com\/wp-content\/uploads\/2023\/12\/large_square_tile_image-1955.jpg","width":310,"height":310},{"@type":"BreadcrumbList","@id":"https:\/\/www.iplay.com\/es\/games\/rescue-team-evil-genius-collectors-edition\/#breadcrumb","itemListElement":[{"@type":"ListItem","position":1,"name":"Home","item":"https:\/\/www.iplay.com\/es\/home-page-2\/"},{"@type":"ListItem","position":2,"name":"Shop","item":"https:\/\/www.iplay.com\/en\/shop\/"},{"@type":"ListItem","position":3,"name":"Rescue Team: Evil Genius Collector&#8217;s Edition"}]},{"@type":"WebSite","@id":"https:\/\/www.iplay.com\/en\/#website","url":"https:\/\/www.iplay.com\/en\/","name":"IPlay","description":"The Best Casual Games!","publisher":{"@id":"https:\/\/www.iplay.com\/en\/#organization"},"potentialAction":[{"@type":"SearchAction","target":{"@type":"EntryPoint","urlTemplate":"https:\/\/www.iplay.com\/en\/?s={search_term_string}"},"query-input":{"@type":"PropertyValueSpecification","valueRequired":true,"valueName":"search_term_string"}}],"inLanguage":"es"},{"@type":"Organization","@id":"https:\/\/www.iplay.com\/en\/#organization","name":"IPlay","url":"https:\/\/www.iplay.com\/en\/","logo":{"@type":"ImageObject","inLanguage":"es","@id":"https:\/\/www.iplay.com\/en\/#\/schema\/logo\/image\/","url":"https:\/\/www.iplay.com\/wp-content\/uploads\/2023\/11\/Group-6100.svg","contentUrl":"https:\/\/www.iplay.com\/wp-content\/uploads\/2023\/11\/Group-6100.svg","width":98,"height":25,"caption":"IPlay"},"image":{"@id":"https:\/\/www.iplay.com\/en\/#\/schema\/logo\/image\/"}}]}},"_links":{"self":[{"href":"https:\/\/www.iplay.com\/es\/wp-json\/wp\/v2\/product\/126345","targetHints":{"allow":["GET"]}}],"collection":[{"href":"https:\/\/www.iplay.com\/es\/wp-json\/wp\/v2\/product"}],"about":[{"href":"https:\/\/www.iplay.com\/es\/wp-json\/wp\/v2\/types\/product"}],"author":[{"embeddable":true,"href":"https:\/\/www.iplay.com\/es\/wp-json\/wp\/v2\/users\/8"}],"replies":[{"embeddable":true,"href":"https:\/\/www.iplay.com\/es\/wp-json\/wp\/v2\/comments?post=126345"}],"wp:featuredmedia":[{"embeddable":true,"href":"https:\/\/www.iplay.com\/es\/wp-json\/wp\/v2\/media\/71448"}],"wp:attachment":[{"href":"https:\/\/www.iplay.com\/es\/wp-json\/wp\/v2\/media?parent=126345"}],"wp:term":[{"taxonomy":"product_brand","embeddable":true,"href":"https:\/\/www.iplay.com\/es\/wp-json\/wp\/v2\/product_brand?post=126345"},{"taxonomy":"product_cat","embeddable":true,"href":"https:\/\/www.iplay.com\/es\/wp-json\/wp\/v2\/product_cat?post=126345"},{"taxonomy":"product_tag","embeddable":true,"href":"https:\/\/www.iplay.com\/es\/wp-json\/wp\/v2\/product_tag?post=126345"}],"curies":[{"name":"wp","href":"https:\/\/api.w.org\/{rel}","templated":true}]}}