{"id":126299,"date":"2022-12-13T00:00:00","date_gmt":"2022-12-13T00:00:00","guid":{"rendered":"https:\/\/www.iplay.com\/games\/new-yankee-11-battle-for-the-bride-collectors-edition\/"},"modified":"2022-12-13T00:00:00","modified_gmt":"2022-12-13T00:00:00","slug":"new-yankee-11-battle-for-the-bride-collectors-edition","status":"publish","type":"product","link":"https:\/\/www.iplay.com\/es\/games\/new-yankee-11-battle-for-the-bride-collectors-edition\/","title":{"rendered":"New Yankee 11: Battle For The Bride Collector&#8217;s Edition"},"content":{"rendered":"<p>\u00a1Emb\u00e1rcate en una aventura por amor! \u00danete a un grupo desorganizado de miembros de la realeza en un audaz viaje para evitar que un caballero rapaz se case con la hija de Sir Lancaster para obtener ganancias financieras, mientras superas enemigos formidables y obst\u00e1culos peligrosos. Con cada opci\u00f3n que te acerque a tu objetivo, tendr\u00e1s que perfeccionar tus habilidades de toma de decisiones a medida que elijas si reunir recursos, construir estructuras o eliminar cualquier cosa que se interponga en tu camino. Explora todas las impresionantes regiones de Camelot para convencer a Sir Culhwch de que su amor es sincero. 7 El tiempo se est\u00e1 acabando y Sir Culhwch necesita tu ayuda, as\u00ed que si te sientes con ganas, \u00a1debes irte de inmediato!    <\/p>\n<p>&nbsp;<\/p>\n<p>&nbsp;<\/p>\n<p><strong>Caracter\u00edsticas<\/strong>:<\/p>\n<p>&nbsp;<\/p>\n<p>&#8211; 53 niveles cronometrados distintos y dif\u00edciles<\/p>\n<p>&#8211; Once niveles de minijuegos con tres cautivadoras categor\u00edas de minijuegos<\/p>\n<p>&#8211; Tres desaf\u00edos distintos para poner a prueba tus habilidades<\/p>\n<p>&#8211; Numerosos logros y mejoras para desbloquear<\/p>\n<p>&#8211; Escenarios magistralmente dise\u00f1ados y variados<\/p>\n<p>&nbsp;<\/p>\n<p>&nbsp;<\/p>\n<p><strong>Caracter\u00edsticas de la Edici\u00f3n de Coleccionista:<\/strong><\/p>\n<p>&nbsp;<\/p>\n<p>&#8211; Cap\u00edtulo de bonificaci\u00f3n con 17 etapas m\u00e1s y m\u00e1s niveles de minijuegos<\/p>\n<p>&#8211; Gu\u00eda de estrategia integral integrada<\/p>\n<p>&#8211; Una banda sonora de alta calidad est\u00e1 disponible para descargar.<\/p>\n<p>&#8211; Un magn\u00edfico surtido de papeles pintados<\/p>\n<p>&#8211; Piezas de rompecabezas dispersas que se pueden recolectar a lo largo de las etapas<\/p>\n<p>&#8211; Utilice las biograf\u00edas de los personajes proporcionadas para obtener m\u00e1s informaci\u00f3n sobre los distintos personajes.<\/p>\n","protected":false},"excerpt":{"rendered":"<p>\u00a1Emb\u00e1rcate en una incre\u00edble aventura para derrotar a un caballero rapaz en nombre del amor!<\/p>\n","protected":false},"author":8,"featured_media":122441,"comment_status":"open","ping_status":"closed","template":"","meta":{"_acf_changed":false,"inline_featured_image":false},"product_brand":[],"product_cat":[212],"product_tag":[276,288],"class_list":{"0":"post-126299","1":"product","2":"type-product","3":"status-publish","4":"has-post-thumbnail","6":"product_cat-time-management-es","7":"product_tag-new-yankee-series-es","8":"product_tag-play-on-pc-es","10":"first","11":"instock","12":"shipping-taxable","13":"purchasable","14":"product-type-simple"},"acf":[],"yoast_head":"<!-- This site is optimized with the Yoast SEO Premium plugin v25.2 (Yoast SEO v25.2) - https:\/\/yoast.com\/wordpress\/plugins\/seo\/ -->\n<title>New Yankee 11: Battle For The Bride Collector&#039;s Edition - Emb\u00e1rcate en un viaje para vencer a un caballero codicioso en nombre del amor<\/title>\n<meta name=\"description\" content=\"\u00a1Emb\u00e1rcate en una incre\u00edble aventura para derrotar a un caballero rapaz en nombre del amor!\" \/>\n<meta name=\"robots\" content=\"index, follow, max-snippet:-1, max-image-preview:large, max-video-preview:-1\" \/>\n<link rel=\"canonical\" href=\"https:\/\/www.iplay.com\/es\/games\/new-yankee-11-battle-for-the-bride-collectors-edition\/\" \/>\n<meta property=\"og:locale\" content=\"es_ES\" \/>\n<meta property=\"og:type\" content=\"article\" \/>\n<meta property=\"og:title\" content=\"New Yankee 11: Battle For The Bride Collector&#039;s Edition\" \/>\n<meta property=\"og:description\" content=\"\u00a1Emb\u00e1rcate en una incre\u00edble aventura para derrotar a un caballero rapaz en nombre del amor!\" \/>\n<meta property=\"og:url\" content=\"https:\/\/www.iplay.com\/es\/games\/new-yankee-11-battle-for-the-bride-collectors-edition\/\" \/>\n<meta property=\"og:site_name\" content=\"IPlay\" \/>\n<meta property=\"og:image\" content=\"https:\/\/www.iplay.com\/wp-content\/uploads\/2024\/08\/new_yankee_11_battle_for_the_bride_ce_large_square_tile_image.webp\" \/>\n\t<meta property=\"og:image:width\" content=\"715\" \/>\n\t<meta property=\"og:image:height\" content=\"485\" \/>\n\t<meta property=\"og:image:type\" content=\"image\/webp\" \/>\n<meta name=\"twitter:card\" content=\"summary_large_image\" \/>\n<meta name=\"twitter:label1\" content=\"Est. reading time\" \/>\n\t<meta name=\"twitter:data1\" content=\"1 minuto\" \/>\n<script type=\"application\/ld+json\" class=\"yoast-schema-graph\">{\"@context\":\"https:\/\/schema.org\",\"@graph\":[{\"@type\":\"WebPage\",\"@id\":\"https:\/\/www.iplay.com\/es\/games\/new-yankee-11-battle-for-the-bride-collectors-edition\/\",\"url\":\"https:\/\/www.iplay.com\/es\/games\/new-yankee-11-battle-for-the-bride-collectors-edition\/\",\"name\":\"New Yankee 11: Battle For The Bride Collector's Edition - Emb\u00e1rcate en un viaje para vencer a un caballero codicioso en nombre del amor\",\"isPartOf\":{\"@id\":\"https:\/\/www.iplay.com\/en\/#website\"},\"primaryImageOfPage\":{\"@id\":\"https:\/\/www.iplay.com\/es\/games\/new-yankee-11-battle-for-the-bride-collectors-edition\/#primaryimage\"},\"image\":{\"@id\":\"https:\/\/www.iplay.com\/es\/games\/new-yankee-11-battle-for-the-bride-collectors-edition\/#primaryimage\"},\"thumbnailUrl\":\"https:\/\/www.iplay.com\/wp-content\/uploads\/2024\/08\/new_yankee_11_battle_for_the_bride_ce_large_square_tile_image.webp\",\"datePublished\":\"2022-12-13T00:00:00+00:00\",\"description\":\"\u00a1Emb\u00e1rcate en una incre\u00edble aventura para derrotar a un caballero rapaz en nombre del amor!\",\"breadcrumb\":{\"@id\":\"https:\/\/www.iplay.com\/es\/games\/new-yankee-11-battle-for-the-bride-collectors-edition\/#breadcrumb\"},\"inLanguage\":\"es\",\"potentialAction\":[{\"@type\":\"ReadAction\",\"target\":[\"https:\/\/www.iplay.com\/es\/games\/new-yankee-11-battle-for-the-bride-collectors-edition\/\"]}]},{\"@type\":\"ImageObject\",\"inLanguage\":\"es\",\"@id\":\"https:\/\/www.iplay.com\/es\/games\/new-yankee-11-battle-for-the-bride-collectors-edition\/#primaryimage\",\"url\":\"https:\/\/www.iplay.com\/wp-content\/uploads\/2024\/08\/new_yankee_11_battle_for_the_bride_ce_large_square_tile_image.webp\",\"contentUrl\":\"https:\/\/www.iplay.com\/wp-content\/uploads\/2024\/08\/new_yankee_11_battle_for_the_bride_ce_large_square_tile_image.webp\",\"width\":715,\"height\":485},{\"@type\":\"BreadcrumbList\",\"@id\":\"https:\/\/www.iplay.com\/es\/games\/new-yankee-11-battle-for-the-bride-collectors-edition\/#breadcrumb\",\"itemListElement\":[{\"@type\":\"ListItem\",\"position\":1,\"name\":\"Home\",\"item\":\"https:\/\/www.iplay.com\/es\/home-page-2\/\"},{\"@type\":\"ListItem\",\"position\":2,\"name\":\"Shop\",\"item\":\"https:\/\/www.iplay.com\/en\/shop\/\"},{\"@type\":\"ListItem\",\"position\":3,\"name\":\"New Yankee 11: Battle For The Bride Collector&#8217;s Edition\"}]},{\"@type\":\"WebSite\",\"@id\":\"https:\/\/www.iplay.com\/en\/#website\",\"url\":\"https:\/\/www.iplay.com\/en\/\",\"name\":\"IPlay\",\"description\":\"The Best Casual Games!\",\"publisher\":{\"@id\":\"https:\/\/www.iplay.com\/en\/#organization\"},\"potentialAction\":[{\"@type\":\"SearchAction\",\"target\":{\"@type\":\"EntryPoint\",\"urlTemplate\":\"https:\/\/www.iplay.com\/en\/?s={search_term_string}\"},\"query-input\":{\"@type\":\"PropertyValueSpecification\",\"valueRequired\":true,\"valueName\":\"search_term_string\"}}],\"inLanguage\":\"es\"},{\"@type\":\"Organization\",\"@id\":\"https:\/\/www.iplay.com\/en\/#organization\",\"name\":\"IPlay\",\"url\":\"https:\/\/www.iplay.com\/en\/\",\"logo\":{\"@type\":\"ImageObject\",\"inLanguage\":\"es\",\"@id\":\"https:\/\/www.iplay.com\/en\/#\/schema\/logo\/image\/\",\"url\":\"https:\/\/www.iplay.com\/wp-content\/uploads\/2023\/11\/Group-6100.svg\",\"contentUrl\":\"https:\/\/www.iplay.com\/wp-content\/uploads\/2023\/11\/Group-6100.svg\",\"width\":98,\"height\":25,\"caption\":\"IPlay\"},\"image\":{\"@id\":\"https:\/\/www.iplay.com\/en\/#\/schema\/logo\/image\/\"}}]}<\/script>\n<!-- \/ Yoast SEO Premium plugin. -->","yoast_head_json":{"title":"New Yankee 11: Battle For The Bride Collector's Edition - Emb\u00e1rcate en un viaje para vencer a un caballero codicioso en nombre del amor","description":"\u00a1Emb\u00e1rcate en una incre\u00edble aventura para derrotar a un caballero rapaz en nombre del amor!","robots":{"index":"index","follow":"follow","max-snippet":"max-snippet:-1","max-image-preview":"max-image-preview:large","max-video-preview":"max-video-preview:-1"},"canonical":"https:\/\/www.iplay.com\/es\/games\/new-yankee-11-battle-for-the-bride-collectors-edition\/","og_locale":"es_ES","og_type":"article","og_title":"New Yankee 11: Battle For The Bride Collector's Edition","og_description":"\u00a1Emb\u00e1rcate en una incre\u00edble aventura para derrotar a un caballero rapaz en nombre del amor!","og_url":"https:\/\/www.iplay.com\/es\/games\/new-yankee-11-battle-for-the-bride-collectors-edition\/","og_site_name":"IPlay","og_image":[{"width":715,"height":485,"url":"https:\/\/www.iplay.com\/wp-content\/uploads\/2024\/08\/new_yankee_11_battle_for_the_bride_ce_large_square_tile_image.webp","type":"image\/webp"}],"twitter_card":"summary_large_image","twitter_misc":{"Est. reading time":"1 minuto"},"schema":{"@context":"https:\/\/schema.org","@graph":[{"@type":"WebPage","@id":"https:\/\/www.iplay.com\/es\/games\/new-yankee-11-battle-for-the-bride-collectors-edition\/","url":"https:\/\/www.iplay.com\/es\/games\/new-yankee-11-battle-for-the-bride-collectors-edition\/","name":"New Yankee 11: Battle For The Bride Collector's Edition - Emb\u00e1rcate en un viaje para vencer a un caballero codicioso en nombre del amor","isPartOf":{"@id":"https:\/\/www.iplay.com\/en\/#website"},"primaryImageOfPage":{"@id":"https:\/\/www.iplay.com\/es\/games\/new-yankee-11-battle-for-the-bride-collectors-edition\/#primaryimage"},"image":{"@id":"https:\/\/www.iplay.com\/es\/games\/new-yankee-11-battle-for-the-bride-collectors-edition\/#primaryimage"},"thumbnailUrl":"https:\/\/www.iplay.com\/wp-content\/uploads\/2024\/08\/new_yankee_11_battle_for_the_bride_ce_large_square_tile_image.webp","datePublished":"2022-12-13T00:00:00+00:00","description":"\u00a1Emb\u00e1rcate en una incre\u00edble aventura para derrotar a un caballero rapaz en nombre del amor!","breadcrumb":{"@id":"https:\/\/www.iplay.com\/es\/games\/new-yankee-11-battle-for-the-bride-collectors-edition\/#breadcrumb"},"inLanguage":"es","potentialAction":[{"@type":"ReadAction","target":["https:\/\/www.iplay.com\/es\/games\/new-yankee-11-battle-for-the-bride-collectors-edition\/"]}]},{"@type":"ImageObject","inLanguage":"es","@id":"https:\/\/www.iplay.com\/es\/games\/new-yankee-11-battle-for-the-bride-collectors-edition\/#primaryimage","url":"https:\/\/www.iplay.com\/wp-content\/uploads\/2024\/08\/new_yankee_11_battle_for_the_bride_ce_large_square_tile_image.webp","contentUrl":"https:\/\/www.iplay.com\/wp-content\/uploads\/2024\/08\/new_yankee_11_battle_for_the_bride_ce_large_square_tile_image.webp","width":715,"height":485},{"@type":"BreadcrumbList","@id":"https:\/\/www.iplay.com\/es\/games\/new-yankee-11-battle-for-the-bride-collectors-edition\/#breadcrumb","itemListElement":[{"@type":"ListItem","position":1,"name":"Home","item":"https:\/\/www.iplay.com\/es\/home-page-2\/"},{"@type":"ListItem","position":2,"name":"Shop","item":"https:\/\/www.iplay.com\/en\/shop\/"},{"@type":"ListItem","position":3,"name":"New Yankee 11: Battle For The Bride Collector&#8217;s Edition"}]},{"@type":"WebSite","@id":"https:\/\/www.iplay.com\/en\/#website","url":"https:\/\/www.iplay.com\/en\/","name":"IPlay","description":"The Best Casual Games!","publisher":{"@id":"https:\/\/www.iplay.com\/en\/#organization"},"potentialAction":[{"@type":"SearchAction","target":{"@type":"EntryPoint","urlTemplate":"https:\/\/www.iplay.com\/en\/?s={search_term_string}"},"query-input":{"@type":"PropertyValueSpecification","valueRequired":true,"valueName":"search_term_string"}}],"inLanguage":"es"},{"@type":"Organization","@id":"https:\/\/www.iplay.com\/en\/#organization","name":"IPlay","url":"https:\/\/www.iplay.com\/en\/","logo":{"@type":"ImageObject","inLanguage":"es","@id":"https:\/\/www.iplay.com\/en\/#\/schema\/logo\/image\/","url":"https:\/\/www.iplay.com\/wp-content\/uploads\/2023\/11\/Group-6100.svg","contentUrl":"https:\/\/www.iplay.com\/wp-content\/uploads\/2023\/11\/Group-6100.svg","width":98,"height":25,"caption":"IPlay"},"image":{"@id":"https:\/\/www.iplay.com\/en\/#\/schema\/logo\/image\/"}}]}},"_links":{"self":[{"href":"https:\/\/www.iplay.com\/es\/wp-json\/wp\/v2\/product\/126299","targetHints":{"allow":["GET"]}}],"collection":[{"href":"https:\/\/www.iplay.com\/es\/wp-json\/wp\/v2\/product"}],"about":[{"href":"https:\/\/www.iplay.com\/es\/wp-json\/wp\/v2\/types\/product"}],"author":[{"embeddable":true,"href":"https:\/\/www.iplay.com\/es\/wp-json\/wp\/v2\/users\/8"}],"replies":[{"embeddable":true,"href":"https:\/\/www.iplay.com\/es\/wp-json\/wp\/v2\/comments?post=126299"}],"wp:featuredmedia":[{"embeddable":true,"href":"https:\/\/www.iplay.com\/es\/wp-json\/wp\/v2\/media\/122441"}],"wp:attachment":[{"href":"https:\/\/www.iplay.com\/es\/wp-json\/wp\/v2\/media?parent=126299"}],"wp:term":[{"taxonomy":"product_brand","embeddable":true,"href":"https:\/\/www.iplay.com\/es\/wp-json\/wp\/v2\/product_brand?post=126299"},{"taxonomy":"product_cat","embeddable":true,"href":"https:\/\/www.iplay.com\/es\/wp-json\/wp\/v2\/product_cat?post=126299"},{"taxonomy":"product_tag","embeddable":true,"href":"https:\/\/www.iplay.com\/es\/wp-json\/wp\/v2\/product_tag?post=126299"}],"curies":[{"name":"wp","href":"https:\/\/api.w.org\/{rel}","templated":true}]}}