{"id":126266,"date":"2014-09-25T00:00:00","date_gmt":"2014-09-25T00:00:00","guid":{"rendered":"https:\/\/www.iplay.com\/games\/clutter-iv-minigame-madness-tour\/"},"modified":"2014-09-25T00:00:00","modified_gmt":"2014-09-25T00:00:00","slug":"clutter-iv-minigame-madness-tour","status":"publish","type":"product","link":"https:\/\/www.iplay.com\/es\/games\/clutter-iv-minigame-madness-tour\/","title":{"rendered":"Clutter IV Minigame Madness Tour"},"content":{"rendered":"<p>Una caracter\u00edstica muy querida de los juegos de objetos ocultos Clutter son los minijuegos. Todos tus minijuegos favoritos se re\u00fanen en un solo lugar en el Minigame Madness Tour. Solo desorden, desorden y m\u00e1s desorden no hay historia en absoluto. Y a veces un minijuego para volverte loco. Rompecabezas de palabras, rompecabezas de im\u00e1genes, un juego de cartas de solitario, algunos juegos de l\u00f3gica y, por supuesto, \u00a1m\u00e1s desorden!    <\/p>\n<p>&nbsp;<\/p>\n<p><strong>Funciones:<\/strong><\/p>\n<ul>\n<li>Desorden y tus minijuegos favoritos<\/li>\n<li>M\u00e1s de 500 niveles<\/li>\n<li>Juegos que generan emoci\u00f3n<\/li>\n<li>Los mejores minijuegos hasta la fecha<\/li>\n<\/ul>\n<p>&nbsp;<\/p>\n<p>Si disfrutaste de este juego de Clutter, \u00bfpor qu\u00e9 no echas un vistazo a todos los dem\u00e1s juegos de la serie Clutter <a href=\"\/en?product_tag=clutter-series\">AQU\u00cd<\/a><\/p>\n","protected":false},"excerpt":{"rendered":"<p>\u00a1Por delante de ti est\u00e1 el MEJOR Clutter hasta ahora con Clutter IV Minigame Madness Tour!<\/p>\n","protected":false},"author":41,"featured_media":37096,"comment_status":"open","ping_status":"closed","template":"","meta":{"_acf_changed":false,"inline_featured_image":false},"product_brand":[],"product_cat":[159,166],"product_tag":[288],"class_list":{"0":"post-126266","1":"product","2":"type-product","3":"status-publish","4":"has-post-thumbnail","6":"product_cat-clutter-series-es","7":"product_cat-hidden-object-es","8":"product_tag-play-on-pc-es","10":"first","11":"instock","12":"shipping-taxable","13":"purchasable","14":"product-type-simple"},"acf":[],"yoast_head":"<!-- This site is optimized with the Yoast SEO Premium plugin v25.2 (Yoast SEO v25.2) - https:\/\/yoast.com\/wordpress\/plugins\/seo\/ -->\n<title>Clutter IV Minigame Madness Tour - Prep\u00e1rate para la mejor experiencia de Clutter<\/title>\n<meta name=\"description\" content=\"\u00a1Por delante de ti est\u00e1 el MEJOR Clutter hasta ahora con Clutter IV Minigame Madness Tour!\" \/>\n<meta name=\"robots\" content=\"index, follow, max-snippet:-1, max-image-preview:large, max-video-preview:-1\" \/>\n<link rel=\"canonical\" href=\"https:\/\/www.iplay.com\/es\/games\/clutter-iv-minigame-madness-tour\/\" \/>\n<meta property=\"og:locale\" content=\"es_ES\" \/>\n<meta property=\"og:type\" content=\"article\" \/>\n<meta property=\"og:title\" content=\"Clutter IV Minigame Madness Tour\" \/>\n<meta property=\"og:description\" content=\"\u00a1Por delante de ti est\u00e1 el MEJOR Clutter hasta ahora con Clutter IV Minigame Madness Tour!\" \/>\n<meta property=\"og:url\" content=\"https:\/\/www.iplay.com\/es\/games\/clutter-iv-minigame-madness-tour\/\" \/>\n<meta property=\"og:site_name\" content=\"IPlay\" \/>\n<meta property=\"og:image\" content=\"https:\/\/www.iplay.com\/wp-content\/uploads\/2023\/12\/large_square_tile_image-125.jpg\" \/>\n\t<meta property=\"og:image:width\" content=\"310\" \/>\n\t<meta property=\"og:image:height\" content=\"310\" \/>\n\t<meta property=\"og:image:type\" content=\"image\/jpeg\" \/>\n<meta name=\"twitter:card\" content=\"summary_large_image\" \/>\n<meta name=\"twitter:label1\" content=\"Est. reading time\" \/>\n\t<meta name=\"twitter:data1\" content=\"1 minuto\" \/>\n<script type=\"application\/ld+json\" class=\"yoast-schema-graph\">{\"@context\":\"https:\/\/schema.org\",\"@graph\":[{\"@type\":\"WebPage\",\"@id\":\"https:\/\/www.iplay.com\/es\/games\/clutter-iv-minigame-madness-tour\/\",\"url\":\"https:\/\/www.iplay.com\/es\/games\/clutter-iv-minigame-madness-tour\/\",\"name\":\"Clutter IV Minigame Madness Tour - Prep\u00e1rate para la mejor experiencia de Clutter\",\"isPartOf\":{\"@id\":\"https:\/\/www.iplay.com\/en\/#website\"},\"primaryImageOfPage\":{\"@id\":\"https:\/\/www.iplay.com\/es\/games\/clutter-iv-minigame-madness-tour\/#primaryimage\"},\"image\":{\"@id\":\"https:\/\/www.iplay.com\/es\/games\/clutter-iv-minigame-madness-tour\/#primaryimage\"},\"thumbnailUrl\":\"https:\/\/www.iplay.com\/wp-content\/uploads\/2023\/12\/large_square_tile_image-125.jpg\",\"datePublished\":\"2014-09-25T00:00:00+00:00\",\"description\":\"\u00a1Por delante de ti est\u00e1 el MEJOR Clutter hasta ahora con Clutter IV Minigame Madness Tour!\",\"breadcrumb\":{\"@id\":\"https:\/\/www.iplay.com\/es\/games\/clutter-iv-minigame-madness-tour\/#breadcrumb\"},\"inLanguage\":\"es\",\"potentialAction\":[{\"@type\":\"ReadAction\",\"target\":[\"https:\/\/www.iplay.com\/es\/games\/clutter-iv-minigame-madness-tour\/\"]}]},{\"@type\":\"ImageObject\",\"inLanguage\":\"es\",\"@id\":\"https:\/\/www.iplay.com\/es\/games\/clutter-iv-minigame-madness-tour\/#primaryimage\",\"url\":\"https:\/\/www.iplay.com\/wp-content\/uploads\/2023\/12\/large_square_tile_image-125.jpg\",\"contentUrl\":\"https:\/\/www.iplay.com\/wp-content\/uploads\/2023\/12\/large_square_tile_image-125.jpg\",\"width\":310,\"height\":310},{\"@type\":\"BreadcrumbList\",\"@id\":\"https:\/\/www.iplay.com\/es\/games\/clutter-iv-minigame-madness-tour\/#breadcrumb\",\"itemListElement\":[{\"@type\":\"ListItem\",\"position\":1,\"name\":\"Home\",\"item\":\"https:\/\/www.iplay.com\/es\/home-page-2\/\"},{\"@type\":\"ListItem\",\"position\":2,\"name\":\"Shop\",\"item\":\"https:\/\/www.iplay.com\/en\/shop\/\"},{\"@type\":\"ListItem\",\"position\":3,\"name\":\"Clutter IV Minigame Madness Tour\"}]},{\"@type\":\"WebSite\",\"@id\":\"https:\/\/www.iplay.com\/en\/#website\",\"url\":\"https:\/\/www.iplay.com\/en\/\",\"name\":\"IPlay\",\"description\":\"The Best Casual Games!\",\"publisher\":{\"@id\":\"https:\/\/www.iplay.com\/en\/#organization\"},\"potentialAction\":[{\"@type\":\"SearchAction\",\"target\":{\"@type\":\"EntryPoint\",\"urlTemplate\":\"https:\/\/www.iplay.com\/en\/?s={search_term_string}\"},\"query-input\":{\"@type\":\"PropertyValueSpecification\",\"valueRequired\":true,\"valueName\":\"search_term_string\"}}],\"inLanguage\":\"es\"},{\"@type\":\"Organization\",\"@id\":\"https:\/\/www.iplay.com\/en\/#organization\",\"name\":\"IPlay\",\"url\":\"https:\/\/www.iplay.com\/en\/\",\"logo\":{\"@type\":\"ImageObject\",\"inLanguage\":\"es\",\"@id\":\"https:\/\/www.iplay.com\/en\/#\/schema\/logo\/image\/\",\"url\":\"https:\/\/www.iplay.com\/wp-content\/uploads\/2023\/11\/Group-6100.svg\",\"contentUrl\":\"https:\/\/www.iplay.com\/wp-content\/uploads\/2023\/11\/Group-6100.svg\",\"width\":98,\"height\":25,\"caption\":\"IPlay\"},\"image\":{\"@id\":\"https:\/\/www.iplay.com\/en\/#\/schema\/logo\/image\/\"}}]}<\/script>\n<!-- \/ Yoast SEO Premium plugin. -->","yoast_head_json":{"title":"Clutter IV Minigame Madness Tour - Prep\u00e1rate para la mejor experiencia de Clutter","description":"\u00a1Por delante de ti est\u00e1 el MEJOR Clutter hasta ahora con Clutter IV Minigame Madness Tour!","robots":{"index":"index","follow":"follow","max-snippet":"max-snippet:-1","max-image-preview":"max-image-preview:large","max-video-preview":"max-video-preview:-1"},"canonical":"https:\/\/www.iplay.com\/es\/games\/clutter-iv-minigame-madness-tour\/","og_locale":"es_ES","og_type":"article","og_title":"Clutter IV Minigame Madness Tour","og_description":"\u00a1Por delante de ti est\u00e1 el MEJOR Clutter hasta ahora con Clutter IV Minigame Madness Tour!","og_url":"https:\/\/www.iplay.com\/es\/games\/clutter-iv-minigame-madness-tour\/","og_site_name":"IPlay","og_image":[{"width":310,"height":310,"url":"https:\/\/www.iplay.com\/wp-content\/uploads\/2023\/12\/large_square_tile_image-125.jpg","type":"image\/jpeg"}],"twitter_card":"summary_large_image","twitter_misc":{"Est. reading time":"1 minuto"},"schema":{"@context":"https:\/\/schema.org","@graph":[{"@type":"WebPage","@id":"https:\/\/www.iplay.com\/es\/games\/clutter-iv-minigame-madness-tour\/","url":"https:\/\/www.iplay.com\/es\/games\/clutter-iv-minigame-madness-tour\/","name":"Clutter IV Minigame Madness Tour - Prep\u00e1rate para la mejor experiencia de Clutter","isPartOf":{"@id":"https:\/\/www.iplay.com\/en\/#website"},"primaryImageOfPage":{"@id":"https:\/\/www.iplay.com\/es\/games\/clutter-iv-minigame-madness-tour\/#primaryimage"},"image":{"@id":"https:\/\/www.iplay.com\/es\/games\/clutter-iv-minigame-madness-tour\/#primaryimage"},"thumbnailUrl":"https:\/\/www.iplay.com\/wp-content\/uploads\/2023\/12\/large_square_tile_image-125.jpg","datePublished":"2014-09-25T00:00:00+00:00","description":"\u00a1Por delante de ti est\u00e1 el MEJOR Clutter hasta ahora con Clutter IV Minigame Madness Tour!","breadcrumb":{"@id":"https:\/\/www.iplay.com\/es\/games\/clutter-iv-minigame-madness-tour\/#breadcrumb"},"inLanguage":"es","potentialAction":[{"@type":"ReadAction","target":["https:\/\/www.iplay.com\/es\/games\/clutter-iv-minigame-madness-tour\/"]}]},{"@type":"ImageObject","inLanguage":"es","@id":"https:\/\/www.iplay.com\/es\/games\/clutter-iv-minigame-madness-tour\/#primaryimage","url":"https:\/\/www.iplay.com\/wp-content\/uploads\/2023\/12\/large_square_tile_image-125.jpg","contentUrl":"https:\/\/www.iplay.com\/wp-content\/uploads\/2023\/12\/large_square_tile_image-125.jpg","width":310,"height":310},{"@type":"BreadcrumbList","@id":"https:\/\/www.iplay.com\/es\/games\/clutter-iv-minigame-madness-tour\/#breadcrumb","itemListElement":[{"@type":"ListItem","position":1,"name":"Home","item":"https:\/\/www.iplay.com\/es\/home-page-2\/"},{"@type":"ListItem","position":2,"name":"Shop","item":"https:\/\/www.iplay.com\/en\/shop\/"},{"@type":"ListItem","position":3,"name":"Clutter IV Minigame Madness Tour"}]},{"@type":"WebSite","@id":"https:\/\/www.iplay.com\/en\/#website","url":"https:\/\/www.iplay.com\/en\/","name":"IPlay","description":"The Best Casual Games!","publisher":{"@id":"https:\/\/www.iplay.com\/en\/#organization"},"potentialAction":[{"@type":"SearchAction","target":{"@type":"EntryPoint","urlTemplate":"https:\/\/www.iplay.com\/en\/?s={search_term_string}"},"query-input":{"@type":"PropertyValueSpecification","valueRequired":true,"valueName":"search_term_string"}}],"inLanguage":"es"},{"@type":"Organization","@id":"https:\/\/www.iplay.com\/en\/#organization","name":"IPlay","url":"https:\/\/www.iplay.com\/en\/","logo":{"@type":"ImageObject","inLanguage":"es","@id":"https:\/\/www.iplay.com\/en\/#\/schema\/logo\/image\/","url":"https:\/\/www.iplay.com\/wp-content\/uploads\/2023\/11\/Group-6100.svg","contentUrl":"https:\/\/www.iplay.com\/wp-content\/uploads\/2023\/11\/Group-6100.svg","width":98,"height":25,"caption":"IPlay"},"image":{"@id":"https:\/\/www.iplay.com\/en\/#\/schema\/logo\/image\/"}}]}},"_links":{"self":[{"href":"https:\/\/www.iplay.com\/es\/wp-json\/wp\/v2\/product\/126266","targetHints":{"allow":["GET"]}}],"collection":[{"href":"https:\/\/www.iplay.com\/es\/wp-json\/wp\/v2\/product"}],"about":[{"href":"https:\/\/www.iplay.com\/es\/wp-json\/wp\/v2\/types\/product"}],"author":[{"embeddable":true,"href":"https:\/\/www.iplay.com\/es\/wp-json\/wp\/v2\/users\/41"}],"replies":[{"embeddable":true,"href":"https:\/\/www.iplay.com\/es\/wp-json\/wp\/v2\/comments?post=126266"}],"wp:featuredmedia":[{"embeddable":true,"href":"https:\/\/www.iplay.com\/es\/wp-json\/wp\/v2\/media\/37096"}],"wp:attachment":[{"href":"https:\/\/www.iplay.com\/es\/wp-json\/wp\/v2\/media?parent=126266"}],"wp:term":[{"taxonomy":"product_brand","embeddable":true,"href":"https:\/\/www.iplay.com\/es\/wp-json\/wp\/v2\/product_brand?post=126266"},{"taxonomy":"product_cat","embeddable":true,"href":"https:\/\/www.iplay.com\/es\/wp-json\/wp\/v2\/product_cat?post=126266"},{"taxonomy":"product_tag","embeddable":true,"href":"https:\/\/www.iplay.com\/es\/wp-json\/wp\/v2\/product_tag?post=126266"}],"curies":[{"name":"wp","href":"https:\/\/api.w.org\/{rel}","templated":true}]}}