{"id":126224,"date":"2017-03-29T00:00:00","date_gmt":"2017-03-29T00:00:00","guid":{"rendered":"https:\/\/www.iplay.com\/games\/alicia-quatermain-secret-of-the-lost-treasures-collectors-edition\/"},"modified":"2017-03-29T00:00:00","modified_gmt":"2017-03-29T00:00:00","slug":"alicia-quatermain-secret-of-the-lost-treasures-collectors-edition","status":"publish","type":"product","link":"https:\/\/www.iplay.com\/es\/games\/alicia-quatermain-secret-of-the-lost-treasures-collectors-edition\/","title":{"rendered":"Alicia Quatermain: Secret of the Lost Treasures Collector&#8217;s Edition"},"content":{"rendered":"<p>Alicia Quatermain es la nieta del explorador Allan Quatermain. Se embarca en una peligrosa expedici\u00f3n para descubrir por qu\u00e9 su padre desapareci\u00f3 en circunstancias inexplicables. Pero, antes de que pueda darse cuenta de esto, primero debe localizar los objetos de valor perdidos de Allan Quatermas. Alicia debe ir a lugares lejanos, ayudar a sus nuevos compa\u00f1eros de viaje y esquivar las ingeniosas trampas del enemigo. Los villanos que no quieren que Alicia descubra la verdad idean un plan para evitar que interrumpa sus ambiciones de controlar el mundo. Este ser\u00e1 el viaje m\u00e1s emocionante, peligroso y vital que esta valiente chica haya intentado jam\u00e1s. \u00bfSer\u00e1 capaz de resolver el misterio de su familia y encontrar el tesoro? \u00a1Juega a Alicia Quatermain: Secrets of the Lost Treasures Collector&#8217;s Edition para ayudar a Alicia en su incre\u00edble gira mundial!       <\/p>\n<p>&nbsp;<\/p>\n<p>&nbsp;<\/p>\n<p><strong>Funciones:<\/strong><\/p>\n<p>&nbsp;<\/p>\n<p>&#8211; Impresionantes gr\u00e1ficos Full HD<\/p>\n<p>&#8211; Desaf\u00edos especiales para jugadores habilidosos en modo dif\u00edcil<\/p>\n<p>&#8211; Una trama cautivadora y personajes convincentes<\/p>\n<p>&#8211; \u00a1La oportunidad de salvar el planeta!<\/p>\n","protected":false},"excerpt":{"rendered":"<p>\u00a1Viaja con Alicia Quatermain en busca de tesoros!<\/p>\n","protected":false},"author":14,"featured_media":100725,"comment_status":"open","ping_status":"closed","template":"","meta":{"_acf_changed":false,"inline_featured_image":false},"product_brand":[],"product_cat":[212],"product_tag":[288],"class_list":{"0":"post-126224","1":"product","2":"type-product","3":"status-publish","4":"has-post-thumbnail","6":"product_cat-time-management-es","7":"product_tag-play-on-pc-es","9":"first","10":"instock","11":"shipping-taxable","12":"purchasable","13":"product-type-simple"},"acf":[],"yoast_head":"<!-- This site is optimized with the Yoast SEO Premium plugin v25.2 (Yoast SEO v25.2) - https:\/\/yoast.com\/wordpress\/plugins\/seo\/ -->\n<title>Alicia Quatermain: El Secreto de los Tesoros Perdidos Edici\u00f3n Coleccionista - \u00danete a Alicia Quatermain en sus viajes y b\u00fasqueda de tesoros<\/title>\n<meta name=\"description\" content=\"\u00a1Viaja con Alicia Quatermain en busca de tesoros!\" \/>\n<meta name=\"robots\" content=\"index, follow, max-snippet:-1, max-image-preview:large, max-video-preview:-1\" \/>\n<link rel=\"canonical\" href=\"https:\/\/www.iplay.com\/es\/games\/alicia-quatermain-secret-of-the-lost-treasures-collectors-edition\/\" \/>\n<meta property=\"og:locale\" content=\"es_ES\" \/>\n<meta property=\"og:type\" content=\"article\" \/>\n<meta property=\"og:title\" content=\"Alicia Quatermain: Secret of the Lost Treasures Collector&#039;s Edition\" \/>\n<meta property=\"og:description\" content=\"\u00a1Viaja con Alicia Quatermain en busca de tesoros!\" \/>\n<meta property=\"og:url\" content=\"https:\/\/www.iplay.com\/es\/games\/alicia-quatermain-secret-of-the-lost-treasures-collectors-edition\/\" \/>\n<meta property=\"og:site_name\" content=\"IPlay\" \/>\n<meta property=\"og:image\" content=\"https:\/\/www.iplay.com\/wp-content\/uploads\/2023\/12\/large_square_tile_image-3804.jpg\" \/>\n\t<meta property=\"og:image:width\" content=\"310\" \/>\n\t<meta property=\"og:image:height\" content=\"310\" \/>\n\t<meta property=\"og:image:type\" content=\"image\/jpeg\" \/>\n<meta name=\"twitter:card\" content=\"summary_large_image\" \/>\n<meta name=\"twitter:label1\" content=\"Est. reading time\" \/>\n\t<meta name=\"twitter:data1\" content=\"1 minuto\" \/>\n<script type=\"application\/ld+json\" class=\"yoast-schema-graph\">{\"@context\":\"https:\/\/schema.org\",\"@graph\":[{\"@type\":\"WebPage\",\"@id\":\"https:\/\/www.iplay.com\/es\/games\/alicia-quatermain-secret-of-the-lost-treasures-collectors-edition\/\",\"url\":\"https:\/\/www.iplay.com\/es\/games\/alicia-quatermain-secret-of-the-lost-treasures-collectors-edition\/\",\"name\":\"Alicia Quatermain: El Secreto de los Tesoros Perdidos Edici\u00f3n Coleccionista - \u00danete a Alicia Quatermain en sus viajes y b\u00fasqueda de tesoros\",\"isPartOf\":{\"@id\":\"https:\/\/www.iplay.com\/en\/#website\"},\"primaryImageOfPage\":{\"@id\":\"https:\/\/www.iplay.com\/es\/games\/alicia-quatermain-secret-of-the-lost-treasures-collectors-edition\/#primaryimage\"},\"image\":{\"@id\":\"https:\/\/www.iplay.com\/es\/games\/alicia-quatermain-secret-of-the-lost-treasures-collectors-edition\/#primaryimage\"},\"thumbnailUrl\":\"https:\/\/www.iplay.com\/wp-content\/uploads\/2023\/12\/large_square_tile_image-3804.jpg\",\"datePublished\":\"2017-03-29T00:00:00+00:00\",\"description\":\"\u00a1Viaja con Alicia Quatermain en busca de tesoros!\",\"breadcrumb\":{\"@id\":\"https:\/\/www.iplay.com\/es\/games\/alicia-quatermain-secret-of-the-lost-treasures-collectors-edition\/#breadcrumb\"},\"inLanguage\":\"es\",\"potentialAction\":[{\"@type\":\"ReadAction\",\"target\":[\"https:\/\/www.iplay.com\/es\/games\/alicia-quatermain-secret-of-the-lost-treasures-collectors-edition\/\"]}]},{\"@type\":\"ImageObject\",\"inLanguage\":\"es\",\"@id\":\"https:\/\/www.iplay.com\/es\/games\/alicia-quatermain-secret-of-the-lost-treasures-collectors-edition\/#primaryimage\",\"url\":\"https:\/\/www.iplay.com\/wp-content\/uploads\/2023\/12\/large_square_tile_image-3804.jpg\",\"contentUrl\":\"https:\/\/www.iplay.com\/wp-content\/uploads\/2023\/12\/large_square_tile_image-3804.jpg\",\"width\":310,\"height\":310},{\"@type\":\"BreadcrumbList\",\"@id\":\"https:\/\/www.iplay.com\/es\/games\/alicia-quatermain-secret-of-the-lost-treasures-collectors-edition\/#breadcrumb\",\"itemListElement\":[{\"@type\":\"ListItem\",\"position\":1,\"name\":\"Home\",\"item\":\"https:\/\/www.iplay.com\/es\/home-page-2\/\"},{\"@type\":\"ListItem\",\"position\":2,\"name\":\"Shop\",\"item\":\"https:\/\/www.iplay.com\/en\/shop\/\"},{\"@type\":\"ListItem\",\"position\":3,\"name\":\"Alicia Quatermain: Secret of the Lost Treasures Collector&#8217;s Edition\"}]},{\"@type\":\"WebSite\",\"@id\":\"https:\/\/www.iplay.com\/en\/#website\",\"url\":\"https:\/\/www.iplay.com\/en\/\",\"name\":\"IPlay\",\"description\":\"The Best Casual Games!\",\"publisher\":{\"@id\":\"https:\/\/www.iplay.com\/en\/#organization\"},\"potentialAction\":[{\"@type\":\"SearchAction\",\"target\":{\"@type\":\"EntryPoint\",\"urlTemplate\":\"https:\/\/www.iplay.com\/en\/?s={search_term_string}\"},\"query-input\":{\"@type\":\"PropertyValueSpecification\",\"valueRequired\":true,\"valueName\":\"search_term_string\"}}],\"inLanguage\":\"es\"},{\"@type\":\"Organization\",\"@id\":\"https:\/\/www.iplay.com\/en\/#organization\",\"name\":\"IPlay\",\"url\":\"https:\/\/www.iplay.com\/en\/\",\"logo\":{\"@type\":\"ImageObject\",\"inLanguage\":\"es\",\"@id\":\"https:\/\/www.iplay.com\/en\/#\/schema\/logo\/image\/\",\"url\":\"https:\/\/www.iplay.com\/wp-content\/uploads\/2023\/11\/Group-6100.svg\",\"contentUrl\":\"https:\/\/www.iplay.com\/wp-content\/uploads\/2023\/11\/Group-6100.svg\",\"width\":98,\"height\":25,\"caption\":\"IPlay\"},\"image\":{\"@id\":\"https:\/\/www.iplay.com\/en\/#\/schema\/logo\/image\/\"}}]}<\/script>\n<!-- \/ Yoast SEO Premium plugin. -->","yoast_head_json":{"title":"Alicia Quatermain: El Secreto de los Tesoros Perdidos Edici\u00f3n Coleccionista - \u00danete a Alicia Quatermain en sus viajes y b\u00fasqueda de tesoros","description":"\u00a1Viaja con Alicia Quatermain en busca de tesoros!","robots":{"index":"index","follow":"follow","max-snippet":"max-snippet:-1","max-image-preview":"max-image-preview:large","max-video-preview":"max-video-preview:-1"},"canonical":"https:\/\/www.iplay.com\/es\/games\/alicia-quatermain-secret-of-the-lost-treasures-collectors-edition\/","og_locale":"es_ES","og_type":"article","og_title":"Alicia Quatermain: Secret of the Lost Treasures Collector's Edition","og_description":"\u00a1Viaja con Alicia Quatermain en busca de tesoros!","og_url":"https:\/\/www.iplay.com\/es\/games\/alicia-quatermain-secret-of-the-lost-treasures-collectors-edition\/","og_site_name":"IPlay","og_image":[{"width":310,"height":310,"url":"https:\/\/www.iplay.com\/wp-content\/uploads\/2023\/12\/large_square_tile_image-3804.jpg","type":"image\/jpeg"}],"twitter_card":"summary_large_image","twitter_misc":{"Est. reading time":"1 minuto"},"schema":{"@context":"https:\/\/schema.org","@graph":[{"@type":"WebPage","@id":"https:\/\/www.iplay.com\/es\/games\/alicia-quatermain-secret-of-the-lost-treasures-collectors-edition\/","url":"https:\/\/www.iplay.com\/es\/games\/alicia-quatermain-secret-of-the-lost-treasures-collectors-edition\/","name":"Alicia Quatermain: El Secreto de los Tesoros Perdidos Edici\u00f3n Coleccionista - \u00danete a Alicia Quatermain en sus viajes y b\u00fasqueda de tesoros","isPartOf":{"@id":"https:\/\/www.iplay.com\/en\/#website"},"primaryImageOfPage":{"@id":"https:\/\/www.iplay.com\/es\/games\/alicia-quatermain-secret-of-the-lost-treasures-collectors-edition\/#primaryimage"},"image":{"@id":"https:\/\/www.iplay.com\/es\/games\/alicia-quatermain-secret-of-the-lost-treasures-collectors-edition\/#primaryimage"},"thumbnailUrl":"https:\/\/www.iplay.com\/wp-content\/uploads\/2023\/12\/large_square_tile_image-3804.jpg","datePublished":"2017-03-29T00:00:00+00:00","description":"\u00a1Viaja con Alicia Quatermain en busca de tesoros!","breadcrumb":{"@id":"https:\/\/www.iplay.com\/es\/games\/alicia-quatermain-secret-of-the-lost-treasures-collectors-edition\/#breadcrumb"},"inLanguage":"es","potentialAction":[{"@type":"ReadAction","target":["https:\/\/www.iplay.com\/es\/games\/alicia-quatermain-secret-of-the-lost-treasures-collectors-edition\/"]}]},{"@type":"ImageObject","inLanguage":"es","@id":"https:\/\/www.iplay.com\/es\/games\/alicia-quatermain-secret-of-the-lost-treasures-collectors-edition\/#primaryimage","url":"https:\/\/www.iplay.com\/wp-content\/uploads\/2023\/12\/large_square_tile_image-3804.jpg","contentUrl":"https:\/\/www.iplay.com\/wp-content\/uploads\/2023\/12\/large_square_tile_image-3804.jpg","width":310,"height":310},{"@type":"BreadcrumbList","@id":"https:\/\/www.iplay.com\/es\/games\/alicia-quatermain-secret-of-the-lost-treasures-collectors-edition\/#breadcrumb","itemListElement":[{"@type":"ListItem","position":1,"name":"Home","item":"https:\/\/www.iplay.com\/es\/home-page-2\/"},{"@type":"ListItem","position":2,"name":"Shop","item":"https:\/\/www.iplay.com\/en\/shop\/"},{"@type":"ListItem","position":3,"name":"Alicia Quatermain: Secret of the Lost Treasures Collector&#8217;s Edition"}]},{"@type":"WebSite","@id":"https:\/\/www.iplay.com\/en\/#website","url":"https:\/\/www.iplay.com\/en\/","name":"IPlay","description":"The Best Casual Games!","publisher":{"@id":"https:\/\/www.iplay.com\/en\/#organization"},"potentialAction":[{"@type":"SearchAction","target":{"@type":"EntryPoint","urlTemplate":"https:\/\/www.iplay.com\/en\/?s={search_term_string}"},"query-input":{"@type":"PropertyValueSpecification","valueRequired":true,"valueName":"search_term_string"}}],"inLanguage":"es"},{"@type":"Organization","@id":"https:\/\/www.iplay.com\/en\/#organization","name":"IPlay","url":"https:\/\/www.iplay.com\/en\/","logo":{"@type":"ImageObject","inLanguage":"es","@id":"https:\/\/www.iplay.com\/en\/#\/schema\/logo\/image\/","url":"https:\/\/www.iplay.com\/wp-content\/uploads\/2023\/11\/Group-6100.svg","contentUrl":"https:\/\/www.iplay.com\/wp-content\/uploads\/2023\/11\/Group-6100.svg","width":98,"height":25,"caption":"IPlay"},"image":{"@id":"https:\/\/www.iplay.com\/en\/#\/schema\/logo\/image\/"}}]}},"_links":{"self":[{"href":"https:\/\/www.iplay.com\/es\/wp-json\/wp\/v2\/product\/126224","targetHints":{"allow":["GET"]}}],"collection":[{"href":"https:\/\/www.iplay.com\/es\/wp-json\/wp\/v2\/product"}],"about":[{"href":"https:\/\/www.iplay.com\/es\/wp-json\/wp\/v2\/types\/product"}],"author":[{"embeddable":true,"href":"https:\/\/www.iplay.com\/es\/wp-json\/wp\/v2\/users\/14"}],"replies":[{"embeddable":true,"href":"https:\/\/www.iplay.com\/es\/wp-json\/wp\/v2\/comments?post=126224"}],"wp:featuredmedia":[{"embeddable":true,"href":"https:\/\/www.iplay.com\/es\/wp-json\/wp\/v2\/media\/100725"}],"wp:attachment":[{"href":"https:\/\/www.iplay.com\/es\/wp-json\/wp\/v2\/media?parent=126224"}],"wp:term":[{"taxonomy":"product_brand","embeddable":true,"href":"https:\/\/www.iplay.com\/es\/wp-json\/wp\/v2\/product_brand?post=126224"},{"taxonomy":"product_cat","embeddable":true,"href":"https:\/\/www.iplay.com\/es\/wp-json\/wp\/v2\/product_cat?post=126224"},{"taxonomy":"product_tag","embeddable":true,"href":"https:\/\/www.iplay.com\/es\/wp-json\/wp\/v2\/product_tag?post=126224"}],"curies":[{"name":"wp","href":"https:\/\/api.w.org\/{rel}","templated":true}]}}