{"id":43045,"date":"2024-12-20T09:30:41","date_gmt":"2024-12-20T09:30:41","guid":{"rendered":"https:\/\/www.iplay.com\/games\/argonauts-agency-7-gorgon-medusa-collectors-edition\/"},"modified":"2024-12-20T09:30:41","modified_gmt":"2024-12-20T09:30:41","slug":"argonauts-agency-7-gorgon-medusa-collectors-edition","status":"publish","type":"product","link":"https:\/\/www.iplay.com\/de\/games\/argonauts-agency-7-gorgon-medusa-collectors-edition\/","title":{"rendered":"Argonauts Agency 7: Gorgon Medusa &#8211; Collector&#8217;s Edition"},"content":{"rendered":"<p>Die legend\u00e4ren Argonauten werden erneut von dem ber\u00fchmten Reliktsammler Pelias beschworen. Ihre Mission ist es, ein Artefakt zu bergen, das in der Lage ist, Medusas versteinernden Blick abzuschirmen. Die Verfluchten m\u00fcssen gerettet, das Relikt zur\u00fcckerobert und neue Verb\u00fcndete gebildet werden, w\u00e4hrend sich dieses heldenhafte Team aufmacht, um den Fluch aufzuheben. Die Spieler werden durch das Sammeln von Ressourcen, die strategische Planung und das Zeitmanagement gef\u00fchrt, w\u00e4hrend sie gemeinsam mit Jason und Medea gegen b\u00f6se M\u00e4chte k\u00e4mpfen und eine Welt erkunden, die von der griechischen Mythologie durchdrungen ist.   <\/p>\n<p>&nbsp;<\/p>\n<p><strong>Funktionen<\/strong><\/p>\n<ul>\n<li><em>Inspiriert von griechischen Mythen &#8211; <\/em>Die Erz\u00e4hlung des Spiels basiert auf ikonischen Geschichten und erweckt Legenden zum Leben.<\/li>\n<li><em>Neue Charaktere &#8211; <\/em>Triff Asklepios und die furchterregende Gorgone Medusa.<\/li>\n<li><em>Immersive Erkundung &#8211; <\/em>Entdecke verlorene St\u00e4dte, geheimnisvolle W\u00e4lder, uralte Tempel und geheime Labore.<\/li>\n<li><em>Sch\u00f6ne Umgebungen &#8211; <\/em>Jeder Ort bietet lebendige, stimmungsvolle Landschaften, die man genie\u00dfen kann.<\/li>\n<li><em>Dynamisches Gameplay &#8211; <\/em>Die Streckendesigns bleiben auf allen Ebenen frisch und ansprechend.<\/li>\n<li><em>Anf\u00e4ngerfreundliche Guides &#8211; <\/em>Leicht verst\u00e4ndliche Tutorials sorgen daf\u00fcr, dass das Spiel f\u00fcr alle zug\u00e4nglich ist.<\/li>\n<li><em>Sich entwickelnde Mechanik &#8211; <\/em>Mit jedem Ort werden einzigartige Herausforderungen und neue Mechaniken eingef\u00fchrt.<\/li>\n<li><em>\u00dcber 50 Levels &#8211; <\/em>Stundenlanges, fesselndes Gameplay wartet mit unterschiedlichen Zielen.<\/li>\n<li><em>Verbesserte Grafik &#8211; <\/em>Atemberaubende Grafiken sorgen auf Schritt und Tritt f\u00fcr eine Augenweide.<\/li>\n<\/ul>\n<p>&nbsp;<\/p>\n<p>Schlie\u00dfe dich den Argonauten auf ihrer Mission an, Medusa zu konfrontieren und die Verfluchten zu retten. Argonauts Agency: Gorgon Medusa bietet eine unvergessliche Mischung aus Strategie, Mythologie und Abenteuer.<\/p>\n","protected":false},"excerpt":{"rendered":"<p>Begeben Sie sich mit <strong>Argonauts Agency auf eine mythologische Suche &#8211; Gorgon Medusa &#8211; Collector&#8217;s Edition<\/strong><\/p>\n","protected":false},"author":13,"featured_media":43047,"comment_status":"open","ping_status":"closed","template":"","meta":{"_acf_changed":false,"inline_featured_image":false},"product_brand":[],"product_cat":[217],"product_tag":[289],"class_list":{"0":"post-43045","1":"product","2":"type-product","3":"status-publish","4":"has-post-thumbnail","6":"product_cat-time-management-de","7":"product_tag-play-on-pc-de","9":"first","10":"instock","11":"shipping-taxable","12":"purchasable","13":"product-type-simple"},"acf":[],"yoast_head":"<!-- This site is optimized with the Yoast SEO Premium plugin v25.2 (Yoast SEO v25.2) - https:\/\/yoast.com\/wordpress\/plugins\/seo\/ -->\n<title>Rette Griechenland im Kampf gegen Medusa - Argonauts Agency 7: Gorgon CE<\/title>\n<meta name=\"description\" content=\"Begeben Sie sich mit Argonauts Agency auf eine mythologische Suche - Gorgon Medusa - Collector&#039;s Edition\" \/>\n<meta name=\"robots\" content=\"index, follow, max-snippet:-1, max-image-preview:large, max-video-preview:-1\" \/>\n<link rel=\"canonical\" href=\"https:\/\/www.iplay.com\/de\/games\/argonauts-agency-7-gorgon-medusa-collectors-edition\/\" \/>\n<meta property=\"og:locale\" content=\"de_DE\" \/>\n<meta property=\"og:type\" content=\"article\" \/>\n<meta property=\"og:title\" content=\"Argonauts Agency 7: Gorgon Medusa - Collector&#039;s Edition\" \/>\n<meta property=\"og:description\" content=\"Begeben Sie sich mit Argonauts Agency auf eine mythologische Suche - Gorgon Medusa - Collector&#039;s Edition\" \/>\n<meta property=\"og:url\" content=\"https:\/\/www.iplay.com\/de\/games\/argonauts-agency-7-gorgon-medusa-collectors-edition\/\" \/>\n<meta property=\"og:site_name\" content=\"IPlay\" \/>\n<meta property=\"og:image\" content=\"https:\/\/www.iplay.com\/wp-content\/uploads\/2024\/12\/argonauts_agency_7_gorgon_medusa_ce_large_square_tile_image.webp\" \/>\n\t<meta property=\"og:image:width\" content=\"400\" \/>\n\t<meta property=\"og:image:height\" content=\"400\" \/>\n\t<meta property=\"og:image:type\" content=\"image\/webp\" \/>\n<meta name=\"twitter:card\" content=\"summary_large_image\" \/>\n<meta name=\"twitter:label1\" content=\"Gesch\u00e4tzte Lesezeit\" \/>\n\t<meta name=\"twitter:data1\" content=\"1 Minute\" \/>\n<script type=\"application\/ld+json\" class=\"yoast-schema-graph\">{\"@context\":\"https:\/\/schema.org\",\"@graph\":[{\"@type\":\"WebPage\",\"@id\":\"https:\/\/www.iplay.com\/de\/games\/argonauts-agency-7-gorgon-medusa-collectors-edition\/\",\"url\":\"https:\/\/www.iplay.com\/de\/games\/argonauts-agency-7-gorgon-medusa-collectors-edition\/\",\"name\":\"Rette Griechenland im Kampf gegen Medusa - Argonauts Agency 7: Gorgon CE\",\"isPartOf\":{\"@id\":\"https:\/\/www.iplay.com\/en\/#website\"},\"primaryImageOfPage\":{\"@id\":\"https:\/\/www.iplay.com\/de\/games\/argonauts-agency-7-gorgon-medusa-collectors-edition\/#primaryimage\"},\"image\":{\"@id\":\"https:\/\/www.iplay.com\/de\/games\/argonauts-agency-7-gorgon-medusa-collectors-edition\/#primaryimage\"},\"thumbnailUrl\":\"https:\/\/www.iplay.com\/wp-content\/uploads\/2024\/12\/argonauts_agency_7_gorgon_medusa_ce_large_square_tile_image.webp\",\"datePublished\":\"2024-12-20T09:30:41+00:00\",\"description\":\"Begeben Sie sich mit Argonauts Agency auf eine mythologische Suche - Gorgon Medusa - Collector's Edition\",\"breadcrumb\":{\"@id\":\"https:\/\/www.iplay.com\/de\/games\/argonauts-agency-7-gorgon-medusa-collectors-edition\/#breadcrumb\"},\"inLanguage\":\"de-DE\",\"potentialAction\":[{\"@type\":\"ReadAction\",\"target\":[\"https:\/\/www.iplay.com\/de\/games\/argonauts-agency-7-gorgon-medusa-collectors-edition\/\"]}]},{\"@type\":\"ImageObject\",\"inLanguage\":\"de-DE\",\"@id\":\"https:\/\/www.iplay.com\/de\/games\/argonauts-agency-7-gorgon-medusa-collectors-edition\/#primaryimage\",\"url\":\"https:\/\/www.iplay.com\/wp-content\/uploads\/2024\/12\/argonauts_agency_7_gorgon_medusa_ce_large_square_tile_image.webp\",\"contentUrl\":\"https:\/\/www.iplay.com\/wp-content\/uploads\/2024\/12\/argonauts_agency_7_gorgon_medusa_ce_large_square_tile_image.webp\",\"width\":400,\"height\":400},{\"@type\":\"BreadcrumbList\",\"@id\":\"https:\/\/www.iplay.com\/de\/games\/argonauts-agency-7-gorgon-medusa-collectors-edition\/#breadcrumb\",\"itemListElement\":[{\"@type\":\"ListItem\",\"position\":1,\"name\":\"Home\",\"item\":\"https:\/\/www.iplay.com\/de\/home-page-2\/\"},{\"@type\":\"ListItem\",\"position\":2,\"name\":\"Shop\",\"item\":\"https:\/\/www.iplay.com\/en\/shop\/\"},{\"@type\":\"ListItem\",\"position\":3,\"name\":\"Argonauts Agency 7: Gorgon Medusa &#8211; Collector&#8217;s Edition\"}]},{\"@type\":\"WebSite\",\"@id\":\"https:\/\/www.iplay.com\/en\/#website\",\"url\":\"https:\/\/www.iplay.com\/en\/\",\"name\":\"IPlay\",\"description\":\"The Best Casual Games!\",\"publisher\":{\"@id\":\"https:\/\/www.iplay.com\/en\/#organization\"},\"potentialAction\":[{\"@type\":\"SearchAction\",\"target\":{\"@type\":\"EntryPoint\",\"urlTemplate\":\"https:\/\/www.iplay.com\/en\/?s={search_term_string}\"},\"query-input\":{\"@type\":\"PropertyValueSpecification\",\"valueRequired\":true,\"valueName\":\"search_term_string\"}}],\"inLanguage\":\"de-DE\"},{\"@type\":\"Organization\",\"@id\":\"https:\/\/www.iplay.com\/en\/#organization\",\"name\":\"IPlay\",\"url\":\"https:\/\/www.iplay.com\/en\/\",\"logo\":{\"@type\":\"ImageObject\",\"inLanguage\":\"de-DE\",\"@id\":\"https:\/\/www.iplay.com\/en\/#\/schema\/logo\/image\/\",\"url\":\"https:\/\/www.iplay.com\/wp-content\/uploads\/2023\/11\/Group-6100.svg\",\"contentUrl\":\"https:\/\/www.iplay.com\/wp-content\/uploads\/2023\/11\/Group-6100.svg\",\"width\":98,\"height\":25,\"caption\":\"IPlay\"},\"image\":{\"@id\":\"https:\/\/www.iplay.com\/en\/#\/schema\/logo\/image\/\"}}]}<\/script>\n<!-- \/ Yoast SEO Premium plugin. -->","yoast_head_json":{"title":"Rette Griechenland im Kampf gegen Medusa - Argonauts Agency 7: Gorgon CE","description":"Begeben Sie sich mit Argonauts Agency auf eine mythologische Suche - Gorgon Medusa - Collector's Edition","robots":{"index":"index","follow":"follow","max-snippet":"max-snippet:-1","max-image-preview":"max-image-preview:large","max-video-preview":"max-video-preview:-1"},"canonical":"https:\/\/www.iplay.com\/de\/games\/argonauts-agency-7-gorgon-medusa-collectors-edition\/","og_locale":"de_DE","og_type":"article","og_title":"Argonauts Agency 7: Gorgon Medusa - Collector's Edition","og_description":"Begeben Sie sich mit Argonauts Agency auf eine mythologische Suche - Gorgon Medusa - Collector's Edition","og_url":"https:\/\/www.iplay.com\/de\/games\/argonauts-agency-7-gorgon-medusa-collectors-edition\/","og_site_name":"IPlay","og_image":[{"width":400,"height":400,"url":"https:\/\/www.iplay.com\/wp-content\/uploads\/2024\/12\/argonauts_agency_7_gorgon_medusa_ce_large_square_tile_image.webp","type":"image\/webp"}],"twitter_card":"summary_large_image","twitter_misc":{"Gesch\u00e4tzte Lesezeit":"1 Minute"},"schema":{"@context":"https:\/\/schema.org","@graph":[{"@type":"WebPage","@id":"https:\/\/www.iplay.com\/de\/games\/argonauts-agency-7-gorgon-medusa-collectors-edition\/","url":"https:\/\/www.iplay.com\/de\/games\/argonauts-agency-7-gorgon-medusa-collectors-edition\/","name":"Rette Griechenland im Kampf gegen Medusa - Argonauts Agency 7: Gorgon CE","isPartOf":{"@id":"https:\/\/www.iplay.com\/en\/#website"},"primaryImageOfPage":{"@id":"https:\/\/www.iplay.com\/de\/games\/argonauts-agency-7-gorgon-medusa-collectors-edition\/#primaryimage"},"image":{"@id":"https:\/\/www.iplay.com\/de\/games\/argonauts-agency-7-gorgon-medusa-collectors-edition\/#primaryimage"},"thumbnailUrl":"https:\/\/www.iplay.com\/wp-content\/uploads\/2024\/12\/argonauts_agency_7_gorgon_medusa_ce_large_square_tile_image.webp","datePublished":"2024-12-20T09:30:41+00:00","description":"Begeben Sie sich mit Argonauts Agency auf eine mythologische Suche - Gorgon Medusa - Collector's Edition","breadcrumb":{"@id":"https:\/\/www.iplay.com\/de\/games\/argonauts-agency-7-gorgon-medusa-collectors-edition\/#breadcrumb"},"inLanguage":"de-DE","potentialAction":[{"@type":"ReadAction","target":["https:\/\/www.iplay.com\/de\/games\/argonauts-agency-7-gorgon-medusa-collectors-edition\/"]}]},{"@type":"ImageObject","inLanguage":"de-DE","@id":"https:\/\/www.iplay.com\/de\/games\/argonauts-agency-7-gorgon-medusa-collectors-edition\/#primaryimage","url":"https:\/\/www.iplay.com\/wp-content\/uploads\/2024\/12\/argonauts_agency_7_gorgon_medusa_ce_large_square_tile_image.webp","contentUrl":"https:\/\/www.iplay.com\/wp-content\/uploads\/2024\/12\/argonauts_agency_7_gorgon_medusa_ce_large_square_tile_image.webp","width":400,"height":400},{"@type":"BreadcrumbList","@id":"https:\/\/www.iplay.com\/de\/games\/argonauts-agency-7-gorgon-medusa-collectors-edition\/#breadcrumb","itemListElement":[{"@type":"ListItem","position":1,"name":"Home","item":"https:\/\/www.iplay.com\/de\/home-page-2\/"},{"@type":"ListItem","position":2,"name":"Shop","item":"https:\/\/www.iplay.com\/en\/shop\/"},{"@type":"ListItem","position":3,"name":"Argonauts Agency 7: Gorgon Medusa &#8211; Collector&#8217;s Edition"}]},{"@type":"WebSite","@id":"https:\/\/www.iplay.com\/en\/#website","url":"https:\/\/www.iplay.com\/en\/","name":"IPlay","description":"The Best Casual Games!","publisher":{"@id":"https:\/\/www.iplay.com\/en\/#organization"},"potentialAction":[{"@type":"SearchAction","target":{"@type":"EntryPoint","urlTemplate":"https:\/\/www.iplay.com\/en\/?s={search_term_string}"},"query-input":{"@type":"PropertyValueSpecification","valueRequired":true,"valueName":"search_term_string"}}],"inLanguage":"de-DE"},{"@type":"Organization","@id":"https:\/\/www.iplay.com\/en\/#organization","name":"IPlay","url":"https:\/\/www.iplay.com\/en\/","logo":{"@type":"ImageObject","inLanguage":"de-DE","@id":"https:\/\/www.iplay.com\/en\/#\/schema\/logo\/image\/","url":"https:\/\/www.iplay.com\/wp-content\/uploads\/2023\/11\/Group-6100.svg","contentUrl":"https:\/\/www.iplay.com\/wp-content\/uploads\/2023\/11\/Group-6100.svg","width":98,"height":25,"caption":"IPlay"},"image":{"@id":"https:\/\/www.iplay.com\/en\/#\/schema\/logo\/image\/"}}]}},"_links":{"self":[{"href":"https:\/\/www.iplay.com\/de\/wp-json\/wp\/v2\/product\/43045","targetHints":{"allow":["GET"]}}],"collection":[{"href":"https:\/\/www.iplay.com\/de\/wp-json\/wp\/v2\/product"}],"about":[{"href":"https:\/\/www.iplay.com\/de\/wp-json\/wp\/v2\/types\/product"}],"author":[{"embeddable":true,"href":"https:\/\/www.iplay.com\/de\/wp-json\/wp\/v2\/users\/13"}],"replies":[{"embeddable":true,"href":"https:\/\/www.iplay.com\/de\/wp-json\/wp\/v2\/comments?post=43045"}],"wp:featuredmedia":[{"embeddable":true,"href":"https:\/\/www.iplay.com\/de\/wp-json\/wp\/v2\/media\/43047"}],"wp:attachment":[{"href":"https:\/\/www.iplay.com\/de\/wp-json\/wp\/v2\/media?parent=43045"}],"wp:term":[{"taxonomy":"product_brand","embeddable":true,"href":"https:\/\/www.iplay.com\/de\/wp-json\/wp\/v2\/product_brand?post=43045"},{"taxonomy":"product_cat","embeddable":true,"href":"https:\/\/www.iplay.com\/de\/wp-json\/wp\/v2\/product_cat?post=43045"},{"taxonomy":"product_tag","embeddable":true,"href":"https:\/\/www.iplay.com\/de\/wp-json\/wp\/v2\/product_tag?post=43045"}],"curies":[{"name":"wp","href":"https:\/\/api.w.org\/{rel}","templated":true}]}}