{"id":43035,"date":"2024-12-20T10:30:48","date_gmt":"2024-12-20T10:30:48","guid":{"rendered":"https:\/\/www.iplay.com\/games\/art-coloring-40\/"},"modified":"2025-08-25T17:04:44","modified_gmt":"2025-08-25T17:04:44","slug":"art-coloring-40","status":"publish","type":"product","link":"https:\/\/www.iplay.com\/de\/games\/art-coloring-40\/","title":{"rendered":"Art Coloring 40"},"content":{"rendered":"<p>Art Coloring wurde entwickelt, um ein immersives und kreatives Malerlebnis zu bieten. Es wird eine lebendige Welt mit atemberaubenden Kunstwerken, komplizierten Linien und lebendigen Farben geboten, die nur die Liebe zur Kreativit\u00e4t erfordert. Farben werden ausgew\u00e4hlt, auf die entsprechenden Zahlen abgestimmt und als fesselnde Bilder zum Leben erweckt.  <\/p>\n<p>Es stehen Optionen f\u00fcr F\u00e4rbemethoden zur Verf\u00fcgung, mit denen Bereiche gef\u00fcllt oder einzelne Pixel eingef\u00e4rbt werden k\u00f6nnen. Wundersch\u00f6ne Meisterwerke k\u00f6nnen geschaffen werden, w\u00e4hrend der innere K\u00fcnstler strahlen darf. <\/p>\n<p>&nbsp;<\/p>\n<p><strong>Funktionen<\/strong><\/p>\n<ul>\n<li>Vierundsechzig Kunstwerke mit lebendigen Farben.<\/li>\n<li>Vierundsechzig Pixel-Kunstwerke mit lebendigen Designs.<\/li>\n<li>Optionen zum Ausmalen: Pixelkunst oder Malen nach Zahlen.<\/li>\n<li>Die Malstile k\u00f6nnen zwischen strukturierten und glatten Oberfl\u00e4chen umgeschaltet werden.<\/li>\n<li>Unendlicher Genuss ist garantiert.<\/li>\n<\/ul>\n","protected":false},"excerpt":{"rendered":"<p>Lassen Sie Ihrer Kreativit\u00e4t freien Lauf mit atemberaubender Kunst in <strong>Art Coloring 40!<\/strong><\/p>\n","protected":false},"author":16,"featured_media":43038,"comment_status":"open","ping_status":"closed","template":"","meta":{"_acf_changed":false,"inline_featured_image":false},"product_brand":[],"product_cat":[185],"product_tag":[236,289],"class_list":{"0":"post-43035","1":"product","2":"type-product","3":"status-publish","4":"has-post-thumbnail","6":"product_cat-paint-by-numbers-series-de","7":"product_tag-art-coloring-series-de","8":"product_tag-play-on-pc-de","10":"first","11":"instock","12":"shipping-taxable","13":"purchasable","14":"product-type-simple"},"acf":[],"yoast_head":"<!-- This site is optimized with the Yoast SEO Premium plugin v25.2 (Yoast SEO v25.2) - https:\/\/yoast.com\/wordpress\/plugins\/seo\/ -->\n<title>Lassen Sie Ihrer Kreativit\u00e4t freien Lauf mit atemberaubender Kunst in Art Coloring 40!<\/title>\n<meta name=\"description\" content=\"Lassen Sie Ihrer Kreativit\u00e4t freien Lauf mit atemberaubender Kunst in Art Coloring 40!\" \/>\n<meta name=\"robots\" content=\"index, follow, max-snippet:-1, max-image-preview:large, max-video-preview:-1\" \/>\n<link rel=\"canonical\" href=\"https:\/\/www.iplay.com\/de\/games\/art-coloring-40\/\" \/>\n<meta property=\"og:locale\" content=\"de_DE\" \/>\n<meta property=\"og:type\" content=\"article\" \/>\n<meta property=\"og:title\" content=\"Art Coloring 40\" \/>\n<meta property=\"og:description\" content=\"Lassen Sie Ihrer Kreativit\u00e4t freien Lauf mit atemberaubender Kunst in Art Coloring 40!\" \/>\n<meta property=\"og:url\" content=\"https:\/\/www.iplay.com\/de\/games\/art-coloring-40\/\" \/>\n<meta property=\"og:site_name\" content=\"IPlay\" \/>\n<meta property=\"article:modified_time\" content=\"2025-08-25T17:04:44+00:00\" \/>\n<meta property=\"og:image\" content=\"https:\/\/www.iplay.com\/wp-content\/uploads\/2024\/12\/art_coloring_40_large_square_tile_image-1.webp\" \/>\n\t<meta property=\"og:image:width\" content=\"400\" \/>\n\t<meta property=\"og:image:height\" content=\"400\" \/>\n\t<meta property=\"og:image:type\" content=\"image\/webp\" \/>\n<meta name=\"twitter:card\" content=\"summary_large_image\" \/>\n<meta name=\"twitter:label1\" content=\"Gesch\u00e4tzte Lesezeit\" \/>\n\t<meta name=\"twitter:data1\" content=\"1 Minute\" \/>\n<script type=\"application\/ld+json\" class=\"yoast-schema-graph\">{\"@context\":\"https:\/\/schema.org\",\"@graph\":[{\"@type\":\"WebPage\",\"@id\":\"https:\/\/www.iplay.com\/de\/games\/art-coloring-40\/\",\"url\":\"https:\/\/www.iplay.com\/de\/games\/art-coloring-40\/\",\"name\":\"Lassen Sie Ihrer Kreativit\u00e4t freien Lauf mit atemberaubender Kunst in Art Coloring 40!\",\"isPartOf\":{\"@id\":\"https:\/\/www.iplay.com\/en\/#website\"},\"primaryImageOfPage\":{\"@id\":\"https:\/\/www.iplay.com\/de\/games\/art-coloring-40\/#primaryimage\"},\"image\":{\"@id\":\"https:\/\/www.iplay.com\/de\/games\/art-coloring-40\/#primaryimage\"},\"thumbnailUrl\":\"https:\/\/www.iplay.com\/wp-content\/uploads\/2024\/12\/art_coloring_40_large_square_tile_image-1.webp\",\"datePublished\":\"2024-12-20T10:30:48+00:00\",\"dateModified\":\"2025-08-25T17:04:44+00:00\",\"description\":\"Lassen Sie Ihrer Kreativit\u00e4t freien Lauf mit atemberaubender Kunst in Art Coloring 40!\",\"breadcrumb\":{\"@id\":\"https:\/\/www.iplay.com\/de\/games\/art-coloring-40\/#breadcrumb\"},\"inLanguage\":\"de-DE\",\"potentialAction\":[{\"@type\":\"ReadAction\",\"target\":[\"https:\/\/www.iplay.com\/de\/games\/art-coloring-40\/\"]}]},{\"@type\":\"ImageObject\",\"inLanguage\":\"de-DE\",\"@id\":\"https:\/\/www.iplay.com\/de\/games\/art-coloring-40\/#primaryimage\",\"url\":\"https:\/\/www.iplay.com\/wp-content\/uploads\/2024\/12\/art_coloring_40_large_square_tile_image-1.webp\",\"contentUrl\":\"https:\/\/www.iplay.com\/wp-content\/uploads\/2024\/12\/art_coloring_40_large_square_tile_image-1.webp\",\"width\":400,\"height\":400},{\"@type\":\"BreadcrumbList\",\"@id\":\"https:\/\/www.iplay.com\/de\/games\/art-coloring-40\/#breadcrumb\",\"itemListElement\":[{\"@type\":\"ListItem\",\"position\":1,\"name\":\"Home\",\"item\":\"https:\/\/www.iplay.com\/de\/home-page-2\/\"},{\"@type\":\"ListItem\",\"position\":2,\"name\":\"Shop\",\"item\":\"https:\/\/www.iplay.com\/en\/shop\/\"},{\"@type\":\"ListItem\",\"position\":3,\"name\":\"Art Coloring 40\"}]},{\"@type\":\"WebSite\",\"@id\":\"https:\/\/www.iplay.com\/en\/#website\",\"url\":\"https:\/\/www.iplay.com\/en\/\",\"name\":\"IPlay\",\"description\":\"The Best Casual Games!\",\"publisher\":{\"@id\":\"https:\/\/www.iplay.com\/en\/#organization\"},\"potentialAction\":[{\"@type\":\"SearchAction\",\"target\":{\"@type\":\"EntryPoint\",\"urlTemplate\":\"https:\/\/www.iplay.com\/en\/?s={search_term_string}\"},\"query-input\":{\"@type\":\"PropertyValueSpecification\",\"valueRequired\":true,\"valueName\":\"search_term_string\"}}],\"inLanguage\":\"de-DE\"},{\"@type\":\"Organization\",\"@id\":\"https:\/\/www.iplay.com\/en\/#organization\",\"name\":\"IPlay\",\"url\":\"https:\/\/www.iplay.com\/en\/\",\"logo\":{\"@type\":\"ImageObject\",\"inLanguage\":\"de-DE\",\"@id\":\"https:\/\/www.iplay.com\/en\/#\/schema\/logo\/image\/\",\"url\":\"https:\/\/www.iplay.com\/wp-content\/uploads\/2023\/11\/Group-6100.svg\",\"contentUrl\":\"https:\/\/www.iplay.com\/wp-content\/uploads\/2023\/11\/Group-6100.svg\",\"width\":98,\"height\":25,\"caption\":\"IPlay\"},\"image\":{\"@id\":\"https:\/\/www.iplay.com\/en\/#\/schema\/logo\/image\/\"}}]}<\/script>\n<!-- \/ Yoast SEO Premium plugin. -->","yoast_head_json":{"title":"Lassen Sie Ihrer Kreativit\u00e4t freien Lauf mit atemberaubender Kunst in Art Coloring 40!","description":"Lassen Sie Ihrer Kreativit\u00e4t freien Lauf mit atemberaubender Kunst in Art Coloring 40!","robots":{"index":"index","follow":"follow","max-snippet":"max-snippet:-1","max-image-preview":"max-image-preview:large","max-video-preview":"max-video-preview:-1"},"canonical":"https:\/\/www.iplay.com\/de\/games\/art-coloring-40\/","og_locale":"de_DE","og_type":"article","og_title":"Art Coloring 40","og_description":"Lassen Sie Ihrer Kreativit\u00e4t freien Lauf mit atemberaubender Kunst in Art Coloring 40!","og_url":"https:\/\/www.iplay.com\/de\/games\/art-coloring-40\/","og_site_name":"IPlay","article_modified_time":"2025-08-25T17:04:44+00:00","og_image":[{"width":400,"height":400,"url":"https:\/\/www.iplay.com\/wp-content\/uploads\/2024\/12\/art_coloring_40_large_square_tile_image-1.webp","type":"image\/webp"}],"twitter_card":"summary_large_image","twitter_misc":{"Gesch\u00e4tzte Lesezeit":"1 Minute"},"schema":{"@context":"https:\/\/schema.org","@graph":[{"@type":"WebPage","@id":"https:\/\/www.iplay.com\/de\/games\/art-coloring-40\/","url":"https:\/\/www.iplay.com\/de\/games\/art-coloring-40\/","name":"Lassen Sie Ihrer Kreativit\u00e4t freien Lauf mit atemberaubender Kunst in Art Coloring 40!","isPartOf":{"@id":"https:\/\/www.iplay.com\/en\/#website"},"primaryImageOfPage":{"@id":"https:\/\/www.iplay.com\/de\/games\/art-coloring-40\/#primaryimage"},"image":{"@id":"https:\/\/www.iplay.com\/de\/games\/art-coloring-40\/#primaryimage"},"thumbnailUrl":"https:\/\/www.iplay.com\/wp-content\/uploads\/2024\/12\/art_coloring_40_large_square_tile_image-1.webp","datePublished":"2024-12-20T10:30:48+00:00","dateModified":"2025-08-25T17:04:44+00:00","description":"Lassen Sie Ihrer Kreativit\u00e4t freien Lauf mit atemberaubender Kunst in Art Coloring 40!","breadcrumb":{"@id":"https:\/\/www.iplay.com\/de\/games\/art-coloring-40\/#breadcrumb"},"inLanguage":"de-DE","potentialAction":[{"@type":"ReadAction","target":["https:\/\/www.iplay.com\/de\/games\/art-coloring-40\/"]}]},{"@type":"ImageObject","inLanguage":"de-DE","@id":"https:\/\/www.iplay.com\/de\/games\/art-coloring-40\/#primaryimage","url":"https:\/\/www.iplay.com\/wp-content\/uploads\/2024\/12\/art_coloring_40_large_square_tile_image-1.webp","contentUrl":"https:\/\/www.iplay.com\/wp-content\/uploads\/2024\/12\/art_coloring_40_large_square_tile_image-1.webp","width":400,"height":400},{"@type":"BreadcrumbList","@id":"https:\/\/www.iplay.com\/de\/games\/art-coloring-40\/#breadcrumb","itemListElement":[{"@type":"ListItem","position":1,"name":"Home","item":"https:\/\/www.iplay.com\/de\/home-page-2\/"},{"@type":"ListItem","position":2,"name":"Shop","item":"https:\/\/www.iplay.com\/en\/shop\/"},{"@type":"ListItem","position":3,"name":"Art Coloring 40"}]},{"@type":"WebSite","@id":"https:\/\/www.iplay.com\/en\/#website","url":"https:\/\/www.iplay.com\/en\/","name":"IPlay","description":"The Best Casual Games!","publisher":{"@id":"https:\/\/www.iplay.com\/en\/#organization"},"potentialAction":[{"@type":"SearchAction","target":{"@type":"EntryPoint","urlTemplate":"https:\/\/www.iplay.com\/en\/?s={search_term_string}"},"query-input":{"@type":"PropertyValueSpecification","valueRequired":true,"valueName":"search_term_string"}}],"inLanguage":"de-DE"},{"@type":"Organization","@id":"https:\/\/www.iplay.com\/en\/#organization","name":"IPlay","url":"https:\/\/www.iplay.com\/en\/","logo":{"@type":"ImageObject","inLanguage":"de-DE","@id":"https:\/\/www.iplay.com\/en\/#\/schema\/logo\/image\/","url":"https:\/\/www.iplay.com\/wp-content\/uploads\/2023\/11\/Group-6100.svg","contentUrl":"https:\/\/www.iplay.com\/wp-content\/uploads\/2023\/11\/Group-6100.svg","width":98,"height":25,"caption":"IPlay"},"image":{"@id":"https:\/\/www.iplay.com\/en\/#\/schema\/logo\/image\/"}}]}},"_links":{"self":[{"href":"https:\/\/www.iplay.com\/de\/wp-json\/wp\/v2\/product\/43035","targetHints":{"allow":["GET"]}}],"collection":[{"href":"https:\/\/www.iplay.com\/de\/wp-json\/wp\/v2\/product"}],"about":[{"href":"https:\/\/www.iplay.com\/de\/wp-json\/wp\/v2\/types\/product"}],"author":[{"embeddable":true,"href":"https:\/\/www.iplay.com\/de\/wp-json\/wp\/v2\/users\/16"}],"replies":[{"embeddable":true,"href":"https:\/\/www.iplay.com\/de\/wp-json\/wp\/v2\/comments?post=43035"}],"wp:featuredmedia":[{"embeddable":true,"href":"https:\/\/www.iplay.com\/de\/wp-json\/wp\/v2\/media\/43038"}],"wp:attachment":[{"href":"https:\/\/www.iplay.com\/de\/wp-json\/wp\/v2\/media?parent=43035"}],"wp:term":[{"taxonomy":"product_brand","embeddable":true,"href":"https:\/\/www.iplay.com\/de\/wp-json\/wp\/v2\/product_brand?post=43035"},{"taxonomy":"product_cat","embeddable":true,"href":"https:\/\/www.iplay.com\/de\/wp-json\/wp\/v2\/product_cat?post=43035"},{"taxonomy":"product_tag","embeddable":true,"href":"https:\/\/www.iplay.com\/de\/wp-json\/wp\/v2\/product_tag?post=43035"}],"curies":[{"name":"wp","href":"https:\/\/api.w.org\/{rel}","templated":true}]}}