{"id":42225,"date":"2024-04-12T10:11:02","date_gmt":"2024-04-12T10:11:02","guid":{"rendered":"https:\/\/www.iplay.com\/games\/clash-of-warriors\/"},"modified":"2025-04-25T14:58:46","modified_gmt":"2025-04-25T14:58:46","slug":"clash-of-warriors","status":"publish","type":"product","link":"https:\/\/www.iplay.com\/de\/games\/clash-of-warriors\/","title":{"rendered":"Clash of Warriors"},"content":{"rendered":"<p>Meistern Sie Strategie und Deckbau. Sammle und ordne 90 verschiedene magische Karten in der richtigen Reihenfolge an. Gewinne K\u00e4mpfe, schlage deine Gegner k.o. und schalte alle zehn Arenen frei. Tauche ein in eine Welt voller unbegrenzter M\u00f6glichkeiten, Preise, Karten und Levels. Wirst du am Ende triumphieren?    <\/p>\n<p>&nbsp;<\/p>\n<p><strong>Funktionen<\/strong><\/p>\n<ul>\n<li>Unendliche Belohnungen und Levels<\/li>\n<li>Einfaches Gameplay<\/li>\n<li>Strategiespiel<\/li>\n<li>90 einzigartige Karten, 4 Grade<\/li>\n<li>6 Kartenfraktionen<\/li>\n<li>10 Arenen<\/li>\n<\/ul>\n<p>&nbsp;<\/p>\n<p><strong>Wie man spielt<\/strong><\/p>\n<ul>\n<li>Erstelle ein Deck mit 12 Karten, um gegen Gegner in der Arena anzutreten.<\/li>\n<li>Sammle Gewinnsterne, Goldm\u00fcnzen und neue Karten, um dein Deck zu kombinieren und zu st\u00e4rken.<\/li>\n<li>Decks, die nur Karten desselben Bruchteils enthalten, erhalten einen Bonuseffekt.<\/li>\n<li>Sie k\u00f6nnen auch M\u00fcnzen gegen unerw\u00fcnschte zus\u00e4tzliche Karten eintauschen.<\/li>\n<\/ul>\n","protected":false},"excerpt":{"rendered":"<p>Finden Sie die Gewinnstrategie!<\/p>\n","protected":false},"author":325,"featured_media":42231,"comment_status":"open","ping_status":"closed","template":"","meta":{"_acf_changed":false,"inline_featured_image":false},"product_brand":[],"product_cat":[153,180],"product_tag":[284,299,289],"class_list":{"0":"post-42225","1":"product","2":"type-product","3":"status-publish","4":"has-post-thumbnail","6":"product_cat-arcade-de","7":"product_cat-mobile-games-de","8":"product_tag-play-on-mac-de","9":"product_tag-play-on-mobile-de","10":"product_tag-play-on-pc-de","12":"first","13":"instock","14":"shipping-taxable","15":"purchasable","16":"product-type-html5_game"},"acf":[],"yoast_head":"<!-- This site is optimized with the Yoast SEO Premium plugin v25.2 (Yoast SEO v25.2) - https:\/\/yoast.com\/wordpress\/plugins\/seo\/ -->\n<title>Clash of Warriors - Spiele auf IPlay<\/title>\n<meta name=\"description\" content=\"Finden Sie die Gewinnstrategie!\" \/>\n<meta name=\"robots\" content=\"index, follow, max-snippet:-1, max-image-preview:large, max-video-preview:-1\" \/>\n<link rel=\"canonical\" href=\"https:\/\/www.iplay.com\/de\/games\/clash-of-warriors\/\" \/>\n<meta property=\"og:locale\" content=\"de_DE\" \/>\n<meta property=\"og:type\" content=\"article\" \/>\n<meta property=\"og:title\" content=\"Clash of Warriors\" \/>\n<meta property=\"og:description\" content=\"Finden Sie die Gewinnstrategie!\" \/>\n<meta property=\"og:url\" content=\"https:\/\/www.iplay.com\/de\/games\/clash-of-warriors\/\" \/>\n<meta property=\"og:site_name\" content=\"IPlay\" \/>\n<meta property=\"article:modified_time\" content=\"2025-04-25T14:58:46+00:00\" \/>\n<meta property=\"og:image\" content=\"https:\/\/www.iplay.com\/wp-content\/uploads\/2024\/04\/400x400-clashofwarriors_thumb200x200.webp\" \/>\n\t<meta property=\"og:image:width\" content=\"400\" \/>\n\t<meta property=\"og:image:height\" content=\"400\" \/>\n\t<meta property=\"og:image:type\" content=\"image\/webp\" \/>\n<meta name=\"twitter:card\" content=\"summary_large_image\" \/>\n<meta name=\"twitter:label1\" content=\"Gesch\u00e4tzte Lesezeit\" \/>\n\t<meta name=\"twitter:data1\" content=\"1 Minute\" \/>\n<script type=\"application\/ld+json\" class=\"yoast-schema-graph\">{\"@context\":\"https:\/\/schema.org\",\"@graph\":[{\"@type\":\"WebPage\",\"@id\":\"https:\/\/www.iplay.com\/de\/games\/clash-of-warriors\/\",\"url\":\"https:\/\/www.iplay.com\/de\/games\/clash-of-warriors\/\",\"name\":\"Clash of Warriors - Spiele auf IPlay\",\"isPartOf\":{\"@id\":\"https:\/\/www.iplay.com\/en\/#website\"},\"primaryImageOfPage\":{\"@id\":\"https:\/\/www.iplay.com\/de\/games\/clash-of-warriors\/#primaryimage\"},\"image\":{\"@id\":\"https:\/\/www.iplay.com\/de\/games\/clash-of-warriors\/#primaryimage\"},\"thumbnailUrl\":\"https:\/\/www.iplay.com\/wp-content\/uploads\/2024\/04\/400x400-clashofwarriors_thumb200x200.webp\",\"datePublished\":\"2024-04-12T10:11:02+00:00\",\"dateModified\":\"2025-04-25T14:58:46+00:00\",\"description\":\"Finden Sie die Gewinnstrategie!\",\"breadcrumb\":{\"@id\":\"https:\/\/www.iplay.com\/de\/games\/clash-of-warriors\/#breadcrumb\"},\"inLanguage\":\"de-DE\",\"potentialAction\":[{\"@type\":\"ReadAction\",\"target\":[\"https:\/\/www.iplay.com\/de\/games\/clash-of-warriors\/\"]}]},{\"@type\":\"ImageObject\",\"inLanguage\":\"de-DE\",\"@id\":\"https:\/\/www.iplay.com\/de\/games\/clash-of-warriors\/#primaryimage\",\"url\":\"https:\/\/www.iplay.com\/wp-content\/uploads\/2024\/04\/400x400-clashofwarriors_thumb200x200.webp\",\"contentUrl\":\"https:\/\/www.iplay.com\/wp-content\/uploads\/2024\/04\/400x400-clashofwarriors_thumb200x200.webp\",\"width\":400,\"height\":400},{\"@type\":\"BreadcrumbList\",\"@id\":\"https:\/\/www.iplay.com\/de\/games\/clash-of-warriors\/#breadcrumb\",\"itemListElement\":[{\"@type\":\"ListItem\",\"position\":1,\"name\":\"Home\",\"item\":\"https:\/\/www.iplay.com\/de\/home-page-2\/\"},{\"@type\":\"ListItem\",\"position\":2,\"name\":\"Shop\",\"item\":\"https:\/\/www.iplay.com\/en\/shop\/\"},{\"@type\":\"ListItem\",\"position\":3,\"name\":\"Clash of Warriors\"}]},{\"@type\":\"WebSite\",\"@id\":\"https:\/\/www.iplay.com\/en\/#website\",\"url\":\"https:\/\/www.iplay.com\/en\/\",\"name\":\"IPlay\",\"description\":\"The Best Casual Games!\",\"publisher\":{\"@id\":\"https:\/\/www.iplay.com\/en\/#organization\"},\"potentialAction\":[{\"@type\":\"SearchAction\",\"target\":{\"@type\":\"EntryPoint\",\"urlTemplate\":\"https:\/\/www.iplay.com\/en\/?s={search_term_string}\"},\"query-input\":{\"@type\":\"PropertyValueSpecification\",\"valueRequired\":true,\"valueName\":\"search_term_string\"}}],\"inLanguage\":\"de-DE\"},{\"@type\":\"Organization\",\"@id\":\"https:\/\/www.iplay.com\/en\/#organization\",\"name\":\"IPlay\",\"url\":\"https:\/\/www.iplay.com\/en\/\",\"logo\":{\"@type\":\"ImageObject\",\"inLanguage\":\"de-DE\",\"@id\":\"https:\/\/www.iplay.com\/en\/#\/schema\/logo\/image\/\",\"url\":\"https:\/\/www.iplay.com\/wp-content\/uploads\/2023\/11\/Group-6100.svg\",\"contentUrl\":\"https:\/\/www.iplay.com\/wp-content\/uploads\/2023\/11\/Group-6100.svg\",\"width\":98,\"height\":25,\"caption\":\"IPlay\"},\"image\":{\"@id\":\"https:\/\/www.iplay.com\/en\/#\/schema\/logo\/image\/\"}}]}<\/script>\n<!-- \/ Yoast SEO Premium plugin. -->","yoast_head_json":{"title":"Clash of Warriors - Spiele auf IPlay","description":"Finden Sie die Gewinnstrategie!","robots":{"index":"index","follow":"follow","max-snippet":"max-snippet:-1","max-image-preview":"max-image-preview:large","max-video-preview":"max-video-preview:-1"},"canonical":"https:\/\/www.iplay.com\/de\/games\/clash-of-warriors\/","og_locale":"de_DE","og_type":"article","og_title":"Clash of Warriors","og_description":"Finden Sie die Gewinnstrategie!","og_url":"https:\/\/www.iplay.com\/de\/games\/clash-of-warriors\/","og_site_name":"IPlay","article_modified_time":"2025-04-25T14:58:46+00:00","og_image":[{"width":400,"height":400,"url":"https:\/\/www.iplay.com\/wp-content\/uploads\/2024\/04\/400x400-clashofwarriors_thumb200x200.webp","type":"image\/webp"}],"twitter_card":"summary_large_image","twitter_misc":{"Gesch\u00e4tzte Lesezeit":"1 Minute"},"schema":{"@context":"https:\/\/schema.org","@graph":[{"@type":"WebPage","@id":"https:\/\/www.iplay.com\/de\/games\/clash-of-warriors\/","url":"https:\/\/www.iplay.com\/de\/games\/clash-of-warriors\/","name":"Clash of Warriors - Spiele auf IPlay","isPartOf":{"@id":"https:\/\/www.iplay.com\/en\/#website"},"primaryImageOfPage":{"@id":"https:\/\/www.iplay.com\/de\/games\/clash-of-warriors\/#primaryimage"},"image":{"@id":"https:\/\/www.iplay.com\/de\/games\/clash-of-warriors\/#primaryimage"},"thumbnailUrl":"https:\/\/www.iplay.com\/wp-content\/uploads\/2024\/04\/400x400-clashofwarriors_thumb200x200.webp","datePublished":"2024-04-12T10:11:02+00:00","dateModified":"2025-04-25T14:58:46+00:00","description":"Finden Sie die Gewinnstrategie!","breadcrumb":{"@id":"https:\/\/www.iplay.com\/de\/games\/clash-of-warriors\/#breadcrumb"},"inLanguage":"de-DE","potentialAction":[{"@type":"ReadAction","target":["https:\/\/www.iplay.com\/de\/games\/clash-of-warriors\/"]}]},{"@type":"ImageObject","inLanguage":"de-DE","@id":"https:\/\/www.iplay.com\/de\/games\/clash-of-warriors\/#primaryimage","url":"https:\/\/www.iplay.com\/wp-content\/uploads\/2024\/04\/400x400-clashofwarriors_thumb200x200.webp","contentUrl":"https:\/\/www.iplay.com\/wp-content\/uploads\/2024\/04\/400x400-clashofwarriors_thumb200x200.webp","width":400,"height":400},{"@type":"BreadcrumbList","@id":"https:\/\/www.iplay.com\/de\/games\/clash-of-warriors\/#breadcrumb","itemListElement":[{"@type":"ListItem","position":1,"name":"Home","item":"https:\/\/www.iplay.com\/de\/home-page-2\/"},{"@type":"ListItem","position":2,"name":"Shop","item":"https:\/\/www.iplay.com\/en\/shop\/"},{"@type":"ListItem","position":3,"name":"Clash of Warriors"}]},{"@type":"WebSite","@id":"https:\/\/www.iplay.com\/en\/#website","url":"https:\/\/www.iplay.com\/en\/","name":"IPlay","description":"The Best Casual Games!","publisher":{"@id":"https:\/\/www.iplay.com\/en\/#organization"},"potentialAction":[{"@type":"SearchAction","target":{"@type":"EntryPoint","urlTemplate":"https:\/\/www.iplay.com\/en\/?s={search_term_string}"},"query-input":{"@type":"PropertyValueSpecification","valueRequired":true,"valueName":"search_term_string"}}],"inLanguage":"de-DE"},{"@type":"Organization","@id":"https:\/\/www.iplay.com\/en\/#organization","name":"IPlay","url":"https:\/\/www.iplay.com\/en\/","logo":{"@type":"ImageObject","inLanguage":"de-DE","@id":"https:\/\/www.iplay.com\/en\/#\/schema\/logo\/image\/","url":"https:\/\/www.iplay.com\/wp-content\/uploads\/2023\/11\/Group-6100.svg","contentUrl":"https:\/\/www.iplay.com\/wp-content\/uploads\/2023\/11\/Group-6100.svg","width":98,"height":25,"caption":"IPlay"},"image":{"@id":"https:\/\/www.iplay.com\/en\/#\/schema\/logo\/image\/"}}]}},"_links":{"self":[{"href":"https:\/\/www.iplay.com\/de\/wp-json\/wp\/v2\/product\/42225","targetHints":{"allow":["GET"]}}],"collection":[{"href":"https:\/\/www.iplay.com\/de\/wp-json\/wp\/v2\/product"}],"about":[{"href":"https:\/\/www.iplay.com\/de\/wp-json\/wp\/v2\/types\/product"}],"author":[{"embeddable":true,"href":"https:\/\/www.iplay.com\/de\/wp-json\/wp\/v2\/users\/325"}],"replies":[{"embeddable":true,"href":"https:\/\/www.iplay.com\/de\/wp-json\/wp\/v2\/comments?post=42225"}],"wp:featuredmedia":[{"embeddable":true,"href":"https:\/\/www.iplay.com\/de\/wp-json\/wp\/v2\/media\/42231"}],"wp:attachment":[{"href":"https:\/\/www.iplay.com\/de\/wp-json\/wp\/v2\/media?parent=42225"}],"wp:term":[{"taxonomy":"product_brand","embeddable":true,"href":"https:\/\/www.iplay.com\/de\/wp-json\/wp\/v2\/product_brand?post=42225"},{"taxonomy":"product_cat","embeddable":true,"href":"https:\/\/www.iplay.com\/de\/wp-json\/wp\/v2\/product_cat?post=42225"},{"taxonomy":"product_tag","embeddable":true,"href":"https:\/\/www.iplay.com\/de\/wp-json\/wp\/v2\/product_tag?post=42225"}],"curies":[{"name":"wp","href":"https:\/\/api.w.org\/{rel}","templated":true}]}}