{"id":41346,"date":"2024-04-12T10:10:29","date_gmt":"2024-04-12T10:10:29","guid":{"rendered":"https:\/\/www.iplay.com\/games\/bingo-royal\/"},"modified":"2024-04-12T10:10:29","modified_gmt":"2024-04-12T10:10:29","slug":"bingo-royal","status":"publish","type":"product","link":"https:\/\/www.iplay.com\/de\/games\/bingo-royal\/","title":{"rendered":"Bingo Royal"},"content":{"rendered":"<p>M\u00f6chten Sie Ihr K\u00f6nnen und Ihr Gl\u00fcck versuchen? Die brandneue Version von Bingo bietet atemberaubende Grafiken und gro\u00dfz\u00fcgige Auszahlungen. Entscheide dich f\u00fcr deinen Schwierigkeitsgrad und die Kartenanzahl. Markieren Sie die entsprechenden Zahlen und achten Sie auf die passende Bingo-Zeit. Starten Sie Ihre kostenlose Bingo-Tour und -Reise, wann und wo immer Sie m\u00f6chten! Das beste Bingo kommt erst noch!     <\/p>\n<p>&nbsp;<\/p>\n<p><b>FUNKTIONEN<\/b><\/p>\n<ul>\n<li>Wundersch\u00f6ne Grafik<\/li>\n<li>Verlockende Auszeichnungen<\/li>\n<li>4 Herausforderungen<\/li>\n<li>Mehrere Karten<\/li>\n<li>Es ist kein tats\u00e4chliches Geld erforderlich.<\/li>\n<\/ul>\n<p>&nbsp;<\/p>\n<p><b>SPIELANLEITUNG<\/b><\/p>\n<ul>\n<li>W\u00e4hlen Sie eine von vier Optionen f\u00fcr die Anzahl der Karten und den Schwierigkeitsgrad.<\/li>\n<li>Markieren Sie die entsprechenden Zahlen und achten Sie auf die passende Bingo-Zeit.<\/li>\n<\/ul>\n","protected":false},"excerpt":{"rendered":"<p>M\u00f6chten Sie Ihr Gl\u00fcck und Ihre F\u00e4higkeiten versuchen<\/p>\n","protected":false},"author":325,"featured_media":41350,"comment_status":"open","ping_status":"closed","template":"","meta":{"_acf_changed":false,"inline_featured_image":false},"product_brand":[],"product_cat":[180,194],"product_tag":[284,299,289],"class_list":{"0":"post-41346","1":"product","2":"type-product","3":"status-publish","4":"has-post-thumbnail","6":"product_cat-mobile-games-de","7":"product_cat-puzzle-de","8":"product_tag-play-on-mac-de","9":"product_tag-play-on-mobile-de","10":"product_tag-play-on-pc-de","12":"first","13":"instock","14":"shipping-taxable","15":"purchasable","16":"product-type-html5_game"},"acf":[],"yoast_head":"<!-- This site is optimized with the Yoast SEO Premium plugin v25.2 (Yoast SEO v25.2) - https:\/\/yoast.com\/wordpress\/plugins\/seo\/ -->\n<title>Bingo Royal - Spielen auf IPlay<\/title>\n<meta name=\"description\" content=\"M\u00f6chten Sie Ihr Gl\u00fcck und Ihre F\u00e4higkeiten versuchen\" \/>\n<meta name=\"robots\" content=\"index, follow, max-snippet:-1, max-image-preview:large, max-video-preview:-1\" \/>\n<link rel=\"canonical\" href=\"https:\/\/www.iplay.com\/de\/games\/bingo-royal\/\" \/>\n<meta property=\"og:locale\" content=\"de_DE\" \/>\n<meta property=\"og:type\" content=\"article\" \/>\n<meta property=\"og:title\" content=\"Bingo Royal\" \/>\n<meta property=\"og:description\" content=\"M\u00f6chten Sie Ihr Gl\u00fcck und Ihre F\u00e4higkeiten versuchen\" \/>\n<meta property=\"og:url\" content=\"https:\/\/www.iplay.com\/de\/games\/bingo-royal\/\" \/>\n<meta property=\"og:site_name\" content=\"IPlay\" \/>\n<meta property=\"og:image\" content=\"https:\/\/www.iplay.com\/wp-content\/uploads\/2024\/04\/400x400-bingoroyal_thumb200x200.webp\" \/>\n\t<meta property=\"og:image:width\" content=\"400\" \/>\n\t<meta property=\"og:image:height\" content=\"400\" \/>\n\t<meta property=\"og:image:type\" content=\"image\/webp\" \/>\n<meta name=\"twitter:card\" content=\"summary_large_image\" \/>\n<meta name=\"twitter:label1\" content=\"Gesch\u00e4tzte Lesezeit\" \/>\n\t<meta name=\"twitter:data1\" content=\"1 Minute\" \/>\n<script type=\"application\/ld+json\" class=\"yoast-schema-graph\">{\"@context\":\"https:\/\/schema.org\",\"@graph\":[{\"@type\":\"WebPage\",\"@id\":\"https:\/\/www.iplay.com\/de\/games\/bingo-royal\/\",\"url\":\"https:\/\/www.iplay.com\/de\/games\/bingo-royal\/\",\"name\":\"Bingo Royal - Spielen auf IPlay\",\"isPartOf\":{\"@id\":\"https:\/\/www.iplay.com\/en\/#website\"},\"primaryImageOfPage\":{\"@id\":\"https:\/\/www.iplay.com\/de\/games\/bingo-royal\/#primaryimage\"},\"image\":{\"@id\":\"https:\/\/www.iplay.com\/de\/games\/bingo-royal\/#primaryimage\"},\"thumbnailUrl\":\"https:\/\/www.iplay.com\/wp-content\/uploads\/2024\/04\/400x400-bingoroyal_thumb200x200.webp\",\"datePublished\":\"2024-04-12T10:10:29+00:00\",\"description\":\"M\u00f6chten Sie Ihr Gl\u00fcck und Ihre F\u00e4higkeiten versuchen\",\"breadcrumb\":{\"@id\":\"https:\/\/www.iplay.com\/de\/games\/bingo-royal\/#breadcrumb\"},\"inLanguage\":\"de-DE\",\"potentialAction\":[{\"@type\":\"ReadAction\",\"target\":[\"https:\/\/www.iplay.com\/de\/games\/bingo-royal\/\"]}]},{\"@type\":\"ImageObject\",\"inLanguage\":\"de-DE\",\"@id\":\"https:\/\/www.iplay.com\/de\/games\/bingo-royal\/#primaryimage\",\"url\":\"https:\/\/www.iplay.com\/wp-content\/uploads\/2024\/04\/400x400-bingoroyal_thumb200x200.webp\",\"contentUrl\":\"https:\/\/www.iplay.com\/wp-content\/uploads\/2024\/04\/400x400-bingoroyal_thumb200x200.webp\",\"width\":400,\"height\":400},{\"@type\":\"BreadcrumbList\",\"@id\":\"https:\/\/www.iplay.com\/de\/games\/bingo-royal\/#breadcrumb\",\"itemListElement\":[{\"@type\":\"ListItem\",\"position\":1,\"name\":\"Home\",\"item\":\"https:\/\/www.iplay.com\/de\/home-page-2\/\"},{\"@type\":\"ListItem\",\"position\":2,\"name\":\"Shop\",\"item\":\"https:\/\/www.iplay.com\/en\/shop\/\"},{\"@type\":\"ListItem\",\"position\":3,\"name\":\"Bingo Royal\"}]},{\"@type\":\"WebSite\",\"@id\":\"https:\/\/www.iplay.com\/en\/#website\",\"url\":\"https:\/\/www.iplay.com\/en\/\",\"name\":\"IPlay\",\"description\":\"The Best Casual Games!\",\"publisher\":{\"@id\":\"https:\/\/www.iplay.com\/en\/#organization\"},\"potentialAction\":[{\"@type\":\"SearchAction\",\"target\":{\"@type\":\"EntryPoint\",\"urlTemplate\":\"https:\/\/www.iplay.com\/en\/?s={search_term_string}\"},\"query-input\":{\"@type\":\"PropertyValueSpecification\",\"valueRequired\":true,\"valueName\":\"search_term_string\"}}],\"inLanguage\":\"de-DE\"},{\"@type\":\"Organization\",\"@id\":\"https:\/\/www.iplay.com\/en\/#organization\",\"name\":\"IPlay\",\"url\":\"https:\/\/www.iplay.com\/en\/\",\"logo\":{\"@type\":\"ImageObject\",\"inLanguage\":\"de-DE\",\"@id\":\"https:\/\/www.iplay.com\/en\/#\/schema\/logo\/image\/\",\"url\":\"https:\/\/www.iplay.com\/wp-content\/uploads\/2023\/11\/Group-6100.svg\",\"contentUrl\":\"https:\/\/www.iplay.com\/wp-content\/uploads\/2023\/11\/Group-6100.svg\",\"width\":98,\"height\":25,\"caption\":\"IPlay\"},\"image\":{\"@id\":\"https:\/\/www.iplay.com\/en\/#\/schema\/logo\/image\/\"}}]}<\/script>\n<!-- \/ Yoast SEO Premium plugin. -->","yoast_head_json":{"title":"Bingo Royal - Spielen auf IPlay","description":"M\u00f6chten Sie Ihr Gl\u00fcck und Ihre F\u00e4higkeiten versuchen","robots":{"index":"index","follow":"follow","max-snippet":"max-snippet:-1","max-image-preview":"max-image-preview:large","max-video-preview":"max-video-preview:-1"},"canonical":"https:\/\/www.iplay.com\/de\/games\/bingo-royal\/","og_locale":"de_DE","og_type":"article","og_title":"Bingo Royal","og_description":"M\u00f6chten Sie Ihr Gl\u00fcck und Ihre F\u00e4higkeiten versuchen","og_url":"https:\/\/www.iplay.com\/de\/games\/bingo-royal\/","og_site_name":"IPlay","og_image":[{"width":400,"height":400,"url":"https:\/\/www.iplay.com\/wp-content\/uploads\/2024\/04\/400x400-bingoroyal_thumb200x200.webp","type":"image\/webp"}],"twitter_card":"summary_large_image","twitter_misc":{"Gesch\u00e4tzte Lesezeit":"1 Minute"},"schema":{"@context":"https:\/\/schema.org","@graph":[{"@type":"WebPage","@id":"https:\/\/www.iplay.com\/de\/games\/bingo-royal\/","url":"https:\/\/www.iplay.com\/de\/games\/bingo-royal\/","name":"Bingo Royal - Spielen auf IPlay","isPartOf":{"@id":"https:\/\/www.iplay.com\/en\/#website"},"primaryImageOfPage":{"@id":"https:\/\/www.iplay.com\/de\/games\/bingo-royal\/#primaryimage"},"image":{"@id":"https:\/\/www.iplay.com\/de\/games\/bingo-royal\/#primaryimage"},"thumbnailUrl":"https:\/\/www.iplay.com\/wp-content\/uploads\/2024\/04\/400x400-bingoroyal_thumb200x200.webp","datePublished":"2024-04-12T10:10:29+00:00","description":"M\u00f6chten Sie Ihr Gl\u00fcck und Ihre F\u00e4higkeiten versuchen","breadcrumb":{"@id":"https:\/\/www.iplay.com\/de\/games\/bingo-royal\/#breadcrumb"},"inLanguage":"de-DE","potentialAction":[{"@type":"ReadAction","target":["https:\/\/www.iplay.com\/de\/games\/bingo-royal\/"]}]},{"@type":"ImageObject","inLanguage":"de-DE","@id":"https:\/\/www.iplay.com\/de\/games\/bingo-royal\/#primaryimage","url":"https:\/\/www.iplay.com\/wp-content\/uploads\/2024\/04\/400x400-bingoroyal_thumb200x200.webp","contentUrl":"https:\/\/www.iplay.com\/wp-content\/uploads\/2024\/04\/400x400-bingoroyal_thumb200x200.webp","width":400,"height":400},{"@type":"BreadcrumbList","@id":"https:\/\/www.iplay.com\/de\/games\/bingo-royal\/#breadcrumb","itemListElement":[{"@type":"ListItem","position":1,"name":"Home","item":"https:\/\/www.iplay.com\/de\/home-page-2\/"},{"@type":"ListItem","position":2,"name":"Shop","item":"https:\/\/www.iplay.com\/en\/shop\/"},{"@type":"ListItem","position":3,"name":"Bingo Royal"}]},{"@type":"WebSite","@id":"https:\/\/www.iplay.com\/en\/#website","url":"https:\/\/www.iplay.com\/en\/","name":"IPlay","description":"The Best Casual Games!","publisher":{"@id":"https:\/\/www.iplay.com\/en\/#organization"},"potentialAction":[{"@type":"SearchAction","target":{"@type":"EntryPoint","urlTemplate":"https:\/\/www.iplay.com\/en\/?s={search_term_string}"},"query-input":{"@type":"PropertyValueSpecification","valueRequired":true,"valueName":"search_term_string"}}],"inLanguage":"de-DE"},{"@type":"Organization","@id":"https:\/\/www.iplay.com\/en\/#organization","name":"IPlay","url":"https:\/\/www.iplay.com\/en\/","logo":{"@type":"ImageObject","inLanguage":"de-DE","@id":"https:\/\/www.iplay.com\/en\/#\/schema\/logo\/image\/","url":"https:\/\/www.iplay.com\/wp-content\/uploads\/2023\/11\/Group-6100.svg","contentUrl":"https:\/\/www.iplay.com\/wp-content\/uploads\/2023\/11\/Group-6100.svg","width":98,"height":25,"caption":"IPlay"},"image":{"@id":"https:\/\/www.iplay.com\/en\/#\/schema\/logo\/image\/"}}]}},"_links":{"self":[{"href":"https:\/\/www.iplay.com\/de\/wp-json\/wp\/v2\/product\/41346","targetHints":{"allow":["GET"]}}],"collection":[{"href":"https:\/\/www.iplay.com\/de\/wp-json\/wp\/v2\/product"}],"about":[{"href":"https:\/\/www.iplay.com\/de\/wp-json\/wp\/v2\/types\/product"}],"author":[{"embeddable":true,"href":"https:\/\/www.iplay.com\/de\/wp-json\/wp\/v2\/users\/325"}],"replies":[{"embeddable":true,"href":"https:\/\/www.iplay.com\/de\/wp-json\/wp\/v2\/comments?post=41346"}],"wp:featuredmedia":[{"embeddable":true,"href":"https:\/\/www.iplay.com\/de\/wp-json\/wp\/v2\/media\/41350"}],"wp:attachment":[{"href":"https:\/\/www.iplay.com\/de\/wp-json\/wp\/v2\/media?parent=41346"}],"wp:term":[{"taxonomy":"product_brand","embeddable":true,"href":"https:\/\/www.iplay.com\/de\/wp-json\/wp\/v2\/product_brand?post=41346"},{"taxonomy":"product_cat","embeddable":true,"href":"https:\/\/www.iplay.com\/de\/wp-json\/wp\/v2\/product_cat?post=41346"},{"taxonomy":"product_tag","embeddable":true,"href":"https:\/\/www.iplay.com\/de\/wp-json\/wp\/v2\/product_tag?post=41346"}],"curies":[{"name":"wp","href":"https:\/\/api.w.org\/{rel}","templated":true}]}}