{"id":41197,"date":"2024-05-10T10:00:34","date_gmt":"2024-05-10T10:00:34","guid":{"rendered":"https:\/\/www.iplay.com\/games\/amandas-magic-book-9-the-riftwalkers\/"},"modified":"2025-03-14T10:17:42","modified_gmt":"2025-03-14T10:17:42","slug":"amandas-magic-book-9-the-riftwalkers","status":"publish","type":"product","link":"https:\/\/www.iplay.com\/de\/games\/amandas-magic-book-9-the-riftwalkers\/","title":{"rendered":"Amanda&#8217;s Magic Book 9: The Riftwalkers"},"content":{"rendered":"<p>Wieder einmal sind Amanda und Charlie eingeladen, in die r\u00e4tselhaften Seiten von Amandas magischem Buch einzutauchen und sich auf eine bezaubernde Reise zu begeben. Im neunten Teil dieser fantastischen Serie, &#8220;Die Rissl\u00e4ufer&#8221;, findet sich unser tapferes Team in unvorstellbare Welten versetzt, wo es auf Hindernisse st\u00f6\u00dft, die seine Gerissenheit und seinen Mut wie nie zuvor auf die Probe stellen. Portale zu fernen Reichen warten darauf, navigiert zu werden, w\u00e4hrend Amanda und Charlie sich auf eine unglaubliche Reise durch Zeit und Raum begeben.  <\/p>\n<p>Die Geheimnisse der verzauberten Taschenuhr und ihre verschlungene Beziehung zur Zeit selbst werden ebenso gel\u00fcftet wie das Entr\u00e4tseln herausfordernder R\u00e4tsel und das Ausweichen gerissener Gegner. Auf ihrer Zeitreise treffen sie auf gro\u00dfe Pers\u00f6nlichkeiten aus Geschichte und Folklore, entdecken atemberaubende Landschaften und graben antiquierte Antiquit\u00e4ten aus. <\/p>\n<p>&nbsp;<\/p>\n<p><strong>Funktionen<\/strong><\/p>\n<ul>\n<li>Entdecke neue Welten und l\u00fcfte alte Geheimnisse.<\/li>\n<li>Arbeite dich durch schwierige R\u00e4tsel und meistere gewaltige Herausforderungen.<\/li>\n<li>Triff legend\u00e4re Figuren, die mit au\u00dfergew\u00f6hnlichen Hindernissen konfrontiert sind.<\/li>\n<li>Genie\u00dfe atemberaubende Landschaften und l\u00fcfte Geheimnisse.<\/li>\n<li>Tauchen Sie ein in die Geheimnisse rund um die magische Taschenuhr.<\/li>\n<\/ul>\n","protected":false},"excerpt":{"rendered":"<p>Begleite Amanda und Charlie auf einer magischen Zeitreise in Amandas Zauberbuch 9 &#8211; Die Rissl\u00e4ufer<\/p>\n","protected":false},"author":42,"featured_media":41213,"comment_status":"open","ping_status":"closed","template":"","meta":{"_acf_changed":false,"inline_featured_image":false},"product_brand":[],"product_cat":[176],"product_tag":[289],"class_list":{"0":"post-41197","1":"product","2":"type-product","3":"status-publish","4":"has-post-thumbnail","6":"product_cat-match-3-de","7":"product_tag-play-on-pc-de","9":"first","10":"instock","11":"shipping-taxable","12":"purchasable","13":"product-type-simple"},"acf":[],"yoast_head":"<!-- This site is optimized with the Yoast SEO Premium plugin v25.2 (Yoast SEO v25.2) - https:\/\/yoast.com\/wordpress\/plugins\/seo\/ -->\n<title>Jetzt - Begleiten Sie Amanda und Charlie auf einer magischen Zeitreise<\/title>\n<meta name=\"description\" content=\"Begleite Amanda und Charlie auf einer magischen Zeitreise in Amandas Zauberbuch 9 - Die Rissl\u00e4ufer\" \/>\n<meta name=\"robots\" content=\"index, follow, max-snippet:-1, max-image-preview:large, max-video-preview:-1\" \/>\n<link rel=\"canonical\" href=\"https:\/\/www.iplay.com\/de\/games\/amandas-magic-book-9-the-riftwalkers\/\" \/>\n<meta property=\"og:locale\" content=\"de_DE\" \/>\n<meta property=\"og:type\" content=\"article\" \/>\n<meta property=\"og:title\" content=\"Amanda&#039;s Magic Book 9: The Riftwalkers\" \/>\n<meta property=\"og:description\" content=\"Begleite Amanda und Charlie auf einer magischen Zeitreise in Amandas Zauberbuch 9 - Die Rissl\u00e4ufer\" \/>\n<meta property=\"og:url\" content=\"https:\/\/www.iplay.com\/de\/games\/amandas-magic-book-9-the-riftwalkers\/\" \/>\n<meta property=\"og:site_name\" content=\"IPlay\" \/>\n<meta property=\"article:modified_time\" content=\"2025-03-14T10:17:42+00:00\" \/>\n<meta property=\"og:image\" content=\"https:\/\/www.iplay.com\/wp-content\/uploads\/2024\/05\/Amandas-Magic-Book-9-The-Riftwalkers_large_square_tile_image.webp\" \/>\n\t<meta property=\"og:image:width\" content=\"310\" \/>\n\t<meta property=\"og:image:height\" content=\"310\" \/>\n\t<meta property=\"og:image:type\" content=\"image\/webp\" \/>\n<meta name=\"twitter:card\" content=\"summary_large_image\" \/>\n<meta name=\"twitter:label1\" content=\"Gesch\u00e4tzte Lesezeit\" \/>\n\t<meta name=\"twitter:data1\" content=\"1 Minute\" \/>\n<script type=\"application\/ld+json\" class=\"yoast-schema-graph\">{\"@context\":\"https:\/\/schema.org\",\"@graph\":[{\"@type\":\"WebPage\",\"@id\":\"https:\/\/www.iplay.com\/de\/games\/amandas-magic-book-9-the-riftwalkers\/\",\"url\":\"https:\/\/www.iplay.com\/de\/games\/amandas-magic-book-9-the-riftwalkers\/\",\"name\":\"Jetzt - Begleiten Sie Amanda und Charlie auf einer magischen Zeitreise\",\"isPartOf\":{\"@id\":\"https:\/\/www.iplay.com\/en\/#website\"},\"primaryImageOfPage\":{\"@id\":\"https:\/\/www.iplay.com\/de\/games\/amandas-magic-book-9-the-riftwalkers\/#primaryimage\"},\"image\":{\"@id\":\"https:\/\/www.iplay.com\/de\/games\/amandas-magic-book-9-the-riftwalkers\/#primaryimage\"},\"thumbnailUrl\":\"https:\/\/www.iplay.com\/wp-content\/uploads\/2024\/05\/Amandas-Magic-Book-9-The-Riftwalkers_large_square_tile_image.webp\",\"datePublished\":\"2024-05-10T10:00:34+00:00\",\"dateModified\":\"2025-03-14T10:17:42+00:00\",\"description\":\"Begleite Amanda und Charlie auf einer magischen Zeitreise in Amandas Zauberbuch 9 - Die Rissl\u00e4ufer\",\"breadcrumb\":{\"@id\":\"https:\/\/www.iplay.com\/de\/games\/amandas-magic-book-9-the-riftwalkers\/#breadcrumb\"},\"inLanguage\":\"de-DE\",\"potentialAction\":[{\"@type\":\"ReadAction\",\"target\":[\"https:\/\/www.iplay.com\/de\/games\/amandas-magic-book-9-the-riftwalkers\/\"]}]},{\"@type\":\"ImageObject\",\"inLanguage\":\"de-DE\",\"@id\":\"https:\/\/www.iplay.com\/de\/games\/amandas-magic-book-9-the-riftwalkers\/#primaryimage\",\"url\":\"https:\/\/www.iplay.com\/wp-content\/uploads\/2024\/05\/Amandas-Magic-Book-9-The-Riftwalkers_large_square_tile_image.webp\",\"contentUrl\":\"https:\/\/www.iplay.com\/wp-content\/uploads\/2024\/05\/Amandas-Magic-Book-9-The-Riftwalkers_large_square_tile_image.webp\",\"width\":310,\"height\":310},{\"@type\":\"BreadcrumbList\",\"@id\":\"https:\/\/www.iplay.com\/de\/games\/amandas-magic-book-9-the-riftwalkers\/#breadcrumb\",\"itemListElement\":[{\"@type\":\"ListItem\",\"position\":1,\"name\":\"Home\",\"item\":\"https:\/\/www.iplay.com\/de\/home-page-2\/\"},{\"@type\":\"ListItem\",\"position\":2,\"name\":\"Shop\",\"item\":\"https:\/\/www.iplay.com\/en\/shop\/\"},{\"@type\":\"ListItem\",\"position\":3,\"name\":\"Amanda&#8217;s Magic Book 9: The Riftwalkers\"}]},{\"@type\":\"WebSite\",\"@id\":\"https:\/\/www.iplay.com\/en\/#website\",\"url\":\"https:\/\/www.iplay.com\/en\/\",\"name\":\"IPlay\",\"description\":\"The Best Casual Games!\",\"publisher\":{\"@id\":\"https:\/\/www.iplay.com\/en\/#organization\"},\"potentialAction\":[{\"@type\":\"SearchAction\",\"target\":{\"@type\":\"EntryPoint\",\"urlTemplate\":\"https:\/\/www.iplay.com\/en\/?s={search_term_string}\"},\"query-input\":{\"@type\":\"PropertyValueSpecification\",\"valueRequired\":true,\"valueName\":\"search_term_string\"}}],\"inLanguage\":\"de-DE\"},{\"@type\":\"Organization\",\"@id\":\"https:\/\/www.iplay.com\/en\/#organization\",\"name\":\"IPlay\",\"url\":\"https:\/\/www.iplay.com\/en\/\",\"logo\":{\"@type\":\"ImageObject\",\"inLanguage\":\"de-DE\",\"@id\":\"https:\/\/www.iplay.com\/en\/#\/schema\/logo\/image\/\",\"url\":\"https:\/\/www.iplay.com\/wp-content\/uploads\/2023\/11\/Group-6100.svg\",\"contentUrl\":\"https:\/\/www.iplay.com\/wp-content\/uploads\/2023\/11\/Group-6100.svg\",\"width\":98,\"height\":25,\"caption\":\"IPlay\"},\"image\":{\"@id\":\"https:\/\/www.iplay.com\/en\/#\/schema\/logo\/image\/\"}}]}<\/script>\n<!-- \/ Yoast SEO Premium plugin. -->","yoast_head_json":{"title":"Jetzt - Begleiten Sie Amanda und Charlie auf einer magischen Zeitreise","description":"Begleite Amanda und Charlie auf einer magischen Zeitreise in Amandas Zauberbuch 9 - Die Rissl\u00e4ufer","robots":{"index":"index","follow":"follow","max-snippet":"max-snippet:-1","max-image-preview":"max-image-preview:large","max-video-preview":"max-video-preview:-1"},"canonical":"https:\/\/www.iplay.com\/de\/games\/amandas-magic-book-9-the-riftwalkers\/","og_locale":"de_DE","og_type":"article","og_title":"Amanda's Magic Book 9: The Riftwalkers","og_description":"Begleite Amanda und Charlie auf einer magischen Zeitreise in Amandas Zauberbuch 9 - Die Rissl\u00e4ufer","og_url":"https:\/\/www.iplay.com\/de\/games\/amandas-magic-book-9-the-riftwalkers\/","og_site_name":"IPlay","article_modified_time":"2025-03-14T10:17:42+00:00","og_image":[{"width":310,"height":310,"url":"https:\/\/www.iplay.com\/wp-content\/uploads\/2024\/05\/Amandas-Magic-Book-9-The-Riftwalkers_large_square_tile_image.webp","type":"image\/webp"}],"twitter_card":"summary_large_image","twitter_misc":{"Gesch\u00e4tzte Lesezeit":"1 Minute"},"schema":{"@context":"https:\/\/schema.org","@graph":[{"@type":"WebPage","@id":"https:\/\/www.iplay.com\/de\/games\/amandas-magic-book-9-the-riftwalkers\/","url":"https:\/\/www.iplay.com\/de\/games\/amandas-magic-book-9-the-riftwalkers\/","name":"Jetzt - Begleiten Sie Amanda und Charlie auf einer magischen Zeitreise","isPartOf":{"@id":"https:\/\/www.iplay.com\/en\/#website"},"primaryImageOfPage":{"@id":"https:\/\/www.iplay.com\/de\/games\/amandas-magic-book-9-the-riftwalkers\/#primaryimage"},"image":{"@id":"https:\/\/www.iplay.com\/de\/games\/amandas-magic-book-9-the-riftwalkers\/#primaryimage"},"thumbnailUrl":"https:\/\/www.iplay.com\/wp-content\/uploads\/2024\/05\/Amandas-Magic-Book-9-The-Riftwalkers_large_square_tile_image.webp","datePublished":"2024-05-10T10:00:34+00:00","dateModified":"2025-03-14T10:17:42+00:00","description":"Begleite Amanda und Charlie auf einer magischen Zeitreise in Amandas Zauberbuch 9 - Die Rissl\u00e4ufer","breadcrumb":{"@id":"https:\/\/www.iplay.com\/de\/games\/amandas-magic-book-9-the-riftwalkers\/#breadcrumb"},"inLanguage":"de-DE","potentialAction":[{"@type":"ReadAction","target":["https:\/\/www.iplay.com\/de\/games\/amandas-magic-book-9-the-riftwalkers\/"]}]},{"@type":"ImageObject","inLanguage":"de-DE","@id":"https:\/\/www.iplay.com\/de\/games\/amandas-magic-book-9-the-riftwalkers\/#primaryimage","url":"https:\/\/www.iplay.com\/wp-content\/uploads\/2024\/05\/Amandas-Magic-Book-9-The-Riftwalkers_large_square_tile_image.webp","contentUrl":"https:\/\/www.iplay.com\/wp-content\/uploads\/2024\/05\/Amandas-Magic-Book-9-The-Riftwalkers_large_square_tile_image.webp","width":310,"height":310},{"@type":"BreadcrumbList","@id":"https:\/\/www.iplay.com\/de\/games\/amandas-magic-book-9-the-riftwalkers\/#breadcrumb","itemListElement":[{"@type":"ListItem","position":1,"name":"Home","item":"https:\/\/www.iplay.com\/de\/home-page-2\/"},{"@type":"ListItem","position":2,"name":"Shop","item":"https:\/\/www.iplay.com\/en\/shop\/"},{"@type":"ListItem","position":3,"name":"Amanda&#8217;s Magic Book 9: The Riftwalkers"}]},{"@type":"WebSite","@id":"https:\/\/www.iplay.com\/en\/#website","url":"https:\/\/www.iplay.com\/en\/","name":"IPlay","description":"The Best Casual Games!","publisher":{"@id":"https:\/\/www.iplay.com\/en\/#organization"},"potentialAction":[{"@type":"SearchAction","target":{"@type":"EntryPoint","urlTemplate":"https:\/\/www.iplay.com\/en\/?s={search_term_string}"},"query-input":{"@type":"PropertyValueSpecification","valueRequired":true,"valueName":"search_term_string"}}],"inLanguage":"de-DE"},{"@type":"Organization","@id":"https:\/\/www.iplay.com\/en\/#organization","name":"IPlay","url":"https:\/\/www.iplay.com\/en\/","logo":{"@type":"ImageObject","inLanguage":"de-DE","@id":"https:\/\/www.iplay.com\/en\/#\/schema\/logo\/image\/","url":"https:\/\/www.iplay.com\/wp-content\/uploads\/2023\/11\/Group-6100.svg","contentUrl":"https:\/\/www.iplay.com\/wp-content\/uploads\/2023\/11\/Group-6100.svg","width":98,"height":25,"caption":"IPlay"},"image":{"@id":"https:\/\/www.iplay.com\/en\/#\/schema\/logo\/image\/"}}]}},"_links":{"self":[{"href":"https:\/\/www.iplay.com\/de\/wp-json\/wp\/v2\/product\/41197","targetHints":{"allow":["GET"]}}],"collection":[{"href":"https:\/\/www.iplay.com\/de\/wp-json\/wp\/v2\/product"}],"about":[{"href":"https:\/\/www.iplay.com\/de\/wp-json\/wp\/v2\/types\/product"}],"author":[{"embeddable":true,"href":"https:\/\/www.iplay.com\/de\/wp-json\/wp\/v2\/users\/42"}],"replies":[{"embeddable":true,"href":"https:\/\/www.iplay.com\/de\/wp-json\/wp\/v2\/comments?post=41197"}],"wp:featuredmedia":[{"embeddable":true,"href":"https:\/\/www.iplay.com\/de\/wp-json\/wp\/v2\/media\/41213"}],"wp:attachment":[{"href":"https:\/\/www.iplay.com\/de\/wp-json\/wp\/v2\/media?parent=41197"}],"wp:term":[{"taxonomy":"product_brand","embeddable":true,"href":"https:\/\/www.iplay.com\/de\/wp-json\/wp\/v2\/product_brand?post=41197"},{"taxonomy":"product_cat","embeddable":true,"href":"https:\/\/www.iplay.com\/de\/wp-json\/wp\/v2\/product_cat?post=41197"},{"taxonomy":"product_tag","embeddable":true,"href":"https:\/\/www.iplay.com\/de\/wp-json\/wp\/v2\/product_tag?post=41197"}],"curies":[{"name":"wp","href":"https:\/\/api.w.org\/{rel}","templated":true}]}}