{"id":40902,"date":"2009-11-11T00:00:00","date_gmt":"2009-11-11T00:00:00","guid":{"rendered":"https:\/\/www.iplay.com\/games\/gardenscapes\/"},"modified":"2009-11-11T00:00:00","modified_gmt":"2009-11-11T00:00:00","slug":"gardenscapes","status":"publish","type":"product","link":"https:\/\/www.iplay.com\/de\/games\/gardenscapes\/","title":{"rendered":"Gardenscapes"},"content":{"rendered":"<p>Gardenscapes erm\u00f6glicht es Ihnen, den idealen Garten zu gestalten! Durchsuche die Innenr\u00e4ume eines wundersch\u00f6nen Herrenhauses nach verborgenen Dingen und erstrahle in einer einst sch\u00f6nen Landschaft wieder in ihrem fr\u00fcheren Glanz. W\u00e4hlen Sie aus einer Vielzahl von Gartenaccessoires, um Ihren Garten individuell zu gestalten. Nehmen Sie am Wettbewerb &#8220;Bester Garten&#8221; teil, um Teil der Gemeinschaft der Stadt zu werden. Wenn Sie neu in der Landschaftsgestaltung sind, machen Sie sich keine Sorgen; Austin, der humorvolle Butler, wird immer da sein, um zu helfen. Gardenscapes, ein Spiel zum Trimmen von Hecken, kann Ihnen helfen, ein Spezialist f\u00fcr Outdoor-Design zu werden!<\/p>\n","protected":false},"excerpt":{"rendered":"<p>Gardenscapes erm\u00f6glicht es Ihnen, den idealen Garten zu gestalten! Durchsuche die Innenr\u00e4ume eines wundersch\u00f6nen Herrenhauses nach verborgenen Dingen und erstrahle in einer einst sch\u00f6nen Landschaft wieder in ihrem fr\u00fcheren Glanz. <\/p>\n","protected":false},"author":27,"featured_media":40904,"comment_status":"open","ping_status":"closed","template":"","meta":{"_acf_changed":false,"inline_featured_image":false},"product_brand":[],"product_cat":[164],"product_tag":[289],"class_list":{"0":"post-40902","1":"product","2":"type-product","3":"status-publish","4":"has-post-thumbnail","6":"product_cat-hidden-object-de","7":"product_tag-play-on-pc-de","9":"first","10":"instock","11":"shipping-taxable","12":"purchasable","13":"product-type-simple"},"acf":[],"yoast_head":"<!-- This site is optimized with the Yoast SEO Premium plugin v25.2 (Yoast SEO v25.2) - https:\/\/yoast.com\/wordpress\/plugins\/seo\/ -->\n<title>Gardenscapes - Kultivieren Sie den idealen Garten f\u00fcr ultimative Sch\u00f6nheit<\/title>\n<meta name=\"description\" content=\"Gardenscapes erm\u00f6glicht es Ihnen, den idealen Garten zu gestalten! Durchsuche die Innenr\u00e4ume eines wundersch\u00f6nen Herrenhauses nach verborgenen Dingen und erstrahle in einer einst sch\u00f6nen Landschaft wieder in ihrem fr\u00fcheren Glanz.\" \/>\n<meta name=\"robots\" content=\"index, follow, max-snippet:-1, max-image-preview:large, max-video-preview:-1\" \/>\n<link rel=\"canonical\" href=\"https:\/\/www.iplay.com\/de\/games\/gardenscapes\/\" \/>\n<meta property=\"og:locale\" content=\"de_DE\" \/>\n<meta property=\"og:type\" content=\"article\" \/>\n<meta property=\"og:title\" content=\"Gardenscapes\" \/>\n<meta property=\"og:description\" content=\"Gardenscapes erm\u00f6glicht es Ihnen, den idealen Garten zu gestalten! Durchsuche die Innenr\u00e4ume eines wundersch\u00f6nen Herrenhauses nach verborgenen Dingen und erstrahle in einer einst sch\u00f6nen Landschaft wieder in ihrem fr\u00fcheren Glanz.\" \/>\n<meta property=\"og:url\" content=\"https:\/\/www.iplay.com\/de\/games\/gardenscapes\/\" \/>\n<meta property=\"og:site_name\" content=\"IPlay\" \/>\n<meta property=\"og:image\" content=\"https:\/\/www.iplay.com\/wp-content\/uploads\/2023\/12\/large_square_tile_image-288.jpg\" \/>\n\t<meta property=\"og:image:width\" content=\"310\" \/>\n\t<meta property=\"og:image:height\" content=\"310\" \/>\n\t<meta property=\"og:image:type\" content=\"image\/jpeg\" \/>\n<meta name=\"twitter:card\" content=\"summary_large_image\" \/>\n<meta name=\"twitter:label1\" content=\"Gesch\u00e4tzte Lesezeit\" \/>\n\t<meta name=\"twitter:data1\" content=\"1 Minute\" \/>\n<script type=\"application\/ld+json\" class=\"yoast-schema-graph\">{\"@context\":\"https:\/\/schema.org\",\"@graph\":[{\"@type\":\"WebPage\",\"@id\":\"https:\/\/www.iplay.com\/de\/games\/gardenscapes\/\",\"url\":\"https:\/\/www.iplay.com\/de\/games\/gardenscapes\/\",\"name\":\"Gardenscapes - Kultivieren Sie den idealen Garten f\u00fcr ultimative Sch\u00f6nheit\",\"isPartOf\":{\"@id\":\"https:\/\/www.iplay.com\/en\/#website\"},\"primaryImageOfPage\":{\"@id\":\"https:\/\/www.iplay.com\/de\/games\/gardenscapes\/#primaryimage\"},\"image\":{\"@id\":\"https:\/\/www.iplay.com\/de\/games\/gardenscapes\/#primaryimage\"},\"thumbnailUrl\":\"https:\/\/www.iplay.com\/wp-content\/uploads\/2023\/12\/large_square_tile_image-288.jpg\",\"datePublished\":\"2009-11-11T00:00:00+00:00\",\"description\":\"Gardenscapes erm\u00f6glicht es Ihnen, den idealen Garten zu gestalten! Durchsuche die Innenr\u00e4ume eines wundersch\u00f6nen Herrenhauses nach verborgenen Dingen und erstrahle in einer einst sch\u00f6nen Landschaft wieder in ihrem fr\u00fcheren Glanz.\",\"breadcrumb\":{\"@id\":\"https:\/\/www.iplay.com\/de\/games\/gardenscapes\/#breadcrumb\"},\"inLanguage\":\"de-DE\",\"potentialAction\":[{\"@type\":\"ReadAction\",\"target\":[\"https:\/\/www.iplay.com\/de\/games\/gardenscapes\/\"]}]},{\"@type\":\"ImageObject\",\"inLanguage\":\"de-DE\",\"@id\":\"https:\/\/www.iplay.com\/de\/games\/gardenscapes\/#primaryimage\",\"url\":\"https:\/\/www.iplay.com\/wp-content\/uploads\/2023\/12\/large_square_tile_image-288.jpg\",\"contentUrl\":\"https:\/\/www.iplay.com\/wp-content\/uploads\/2023\/12\/large_square_tile_image-288.jpg\",\"width\":310,\"height\":310},{\"@type\":\"BreadcrumbList\",\"@id\":\"https:\/\/www.iplay.com\/de\/games\/gardenscapes\/#breadcrumb\",\"itemListElement\":[{\"@type\":\"ListItem\",\"position\":1,\"name\":\"Home\",\"item\":\"https:\/\/www.iplay.com\/de\/home-page-2\/\"},{\"@type\":\"ListItem\",\"position\":2,\"name\":\"Shop\",\"item\":\"https:\/\/www.iplay.com\/en\/shop\/\"},{\"@type\":\"ListItem\",\"position\":3,\"name\":\"Gardenscapes\"}]},{\"@type\":\"WebSite\",\"@id\":\"https:\/\/www.iplay.com\/en\/#website\",\"url\":\"https:\/\/www.iplay.com\/en\/\",\"name\":\"IPlay\",\"description\":\"The Best Casual Games!\",\"publisher\":{\"@id\":\"https:\/\/www.iplay.com\/en\/#organization\"},\"potentialAction\":[{\"@type\":\"SearchAction\",\"target\":{\"@type\":\"EntryPoint\",\"urlTemplate\":\"https:\/\/www.iplay.com\/en\/?s={search_term_string}\"},\"query-input\":{\"@type\":\"PropertyValueSpecification\",\"valueRequired\":true,\"valueName\":\"search_term_string\"}}],\"inLanguage\":\"de-DE\"},{\"@type\":\"Organization\",\"@id\":\"https:\/\/www.iplay.com\/en\/#organization\",\"name\":\"IPlay\",\"url\":\"https:\/\/www.iplay.com\/en\/\",\"logo\":{\"@type\":\"ImageObject\",\"inLanguage\":\"de-DE\",\"@id\":\"https:\/\/www.iplay.com\/en\/#\/schema\/logo\/image\/\",\"url\":\"https:\/\/www.iplay.com\/wp-content\/uploads\/2023\/11\/Group-6100.svg\",\"contentUrl\":\"https:\/\/www.iplay.com\/wp-content\/uploads\/2023\/11\/Group-6100.svg\",\"width\":98,\"height\":25,\"caption\":\"IPlay\"},\"image\":{\"@id\":\"https:\/\/www.iplay.com\/en\/#\/schema\/logo\/image\/\"}}]}<\/script>\n<!-- \/ Yoast SEO Premium plugin. -->","yoast_head_json":{"title":"Gardenscapes - Kultivieren Sie den idealen Garten f\u00fcr ultimative Sch\u00f6nheit","description":"Gardenscapes erm\u00f6glicht es Ihnen, den idealen Garten zu gestalten! Durchsuche die Innenr\u00e4ume eines wundersch\u00f6nen Herrenhauses nach verborgenen Dingen und erstrahle in einer einst sch\u00f6nen Landschaft wieder in ihrem fr\u00fcheren Glanz.","robots":{"index":"index","follow":"follow","max-snippet":"max-snippet:-1","max-image-preview":"max-image-preview:large","max-video-preview":"max-video-preview:-1"},"canonical":"https:\/\/www.iplay.com\/de\/games\/gardenscapes\/","og_locale":"de_DE","og_type":"article","og_title":"Gardenscapes","og_description":"Gardenscapes erm\u00f6glicht es Ihnen, den idealen Garten zu gestalten! Durchsuche die Innenr\u00e4ume eines wundersch\u00f6nen Herrenhauses nach verborgenen Dingen und erstrahle in einer einst sch\u00f6nen Landschaft wieder in ihrem fr\u00fcheren Glanz.","og_url":"https:\/\/www.iplay.com\/de\/games\/gardenscapes\/","og_site_name":"IPlay","og_image":[{"width":310,"height":310,"url":"https:\/\/www.iplay.com\/wp-content\/uploads\/2023\/12\/large_square_tile_image-288.jpg","type":"image\/jpeg"}],"twitter_card":"summary_large_image","twitter_misc":{"Gesch\u00e4tzte Lesezeit":"1 Minute"},"schema":{"@context":"https:\/\/schema.org","@graph":[{"@type":"WebPage","@id":"https:\/\/www.iplay.com\/de\/games\/gardenscapes\/","url":"https:\/\/www.iplay.com\/de\/games\/gardenscapes\/","name":"Gardenscapes - Kultivieren Sie den idealen Garten f\u00fcr ultimative Sch\u00f6nheit","isPartOf":{"@id":"https:\/\/www.iplay.com\/en\/#website"},"primaryImageOfPage":{"@id":"https:\/\/www.iplay.com\/de\/games\/gardenscapes\/#primaryimage"},"image":{"@id":"https:\/\/www.iplay.com\/de\/games\/gardenscapes\/#primaryimage"},"thumbnailUrl":"https:\/\/www.iplay.com\/wp-content\/uploads\/2023\/12\/large_square_tile_image-288.jpg","datePublished":"2009-11-11T00:00:00+00:00","description":"Gardenscapes erm\u00f6glicht es Ihnen, den idealen Garten zu gestalten! Durchsuche die Innenr\u00e4ume eines wundersch\u00f6nen Herrenhauses nach verborgenen Dingen und erstrahle in einer einst sch\u00f6nen Landschaft wieder in ihrem fr\u00fcheren Glanz.","breadcrumb":{"@id":"https:\/\/www.iplay.com\/de\/games\/gardenscapes\/#breadcrumb"},"inLanguage":"de-DE","potentialAction":[{"@type":"ReadAction","target":["https:\/\/www.iplay.com\/de\/games\/gardenscapes\/"]}]},{"@type":"ImageObject","inLanguage":"de-DE","@id":"https:\/\/www.iplay.com\/de\/games\/gardenscapes\/#primaryimage","url":"https:\/\/www.iplay.com\/wp-content\/uploads\/2023\/12\/large_square_tile_image-288.jpg","contentUrl":"https:\/\/www.iplay.com\/wp-content\/uploads\/2023\/12\/large_square_tile_image-288.jpg","width":310,"height":310},{"@type":"BreadcrumbList","@id":"https:\/\/www.iplay.com\/de\/games\/gardenscapes\/#breadcrumb","itemListElement":[{"@type":"ListItem","position":1,"name":"Home","item":"https:\/\/www.iplay.com\/de\/home-page-2\/"},{"@type":"ListItem","position":2,"name":"Shop","item":"https:\/\/www.iplay.com\/en\/shop\/"},{"@type":"ListItem","position":3,"name":"Gardenscapes"}]},{"@type":"WebSite","@id":"https:\/\/www.iplay.com\/en\/#website","url":"https:\/\/www.iplay.com\/en\/","name":"IPlay","description":"The Best Casual Games!","publisher":{"@id":"https:\/\/www.iplay.com\/en\/#organization"},"potentialAction":[{"@type":"SearchAction","target":{"@type":"EntryPoint","urlTemplate":"https:\/\/www.iplay.com\/en\/?s={search_term_string}"},"query-input":{"@type":"PropertyValueSpecification","valueRequired":true,"valueName":"search_term_string"}}],"inLanguage":"de-DE"},{"@type":"Organization","@id":"https:\/\/www.iplay.com\/en\/#organization","name":"IPlay","url":"https:\/\/www.iplay.com\/en\/","logo":{"@type":"ImageObject","inLanguage":"de-DE","@id":"https:\/\/www.iplay.com\/en\/#\/schema\/logo\/image\/","url":"https:\/\/www.iplay.com\/wp-content\/uploads\/2023\/11\/Group-6100.svg","contentUrl":"https:\/\/www.iplay.com\/wp-content\/uploads\/2023\/11\/Group-6100.svg","width":98,"height":25,"caption":"IPlay"},"image":{"@id":"https:\/\/www.iplay.com\/en\/#\/schema\/logo\/image\/"}}]}},"_links":{"self":[{"href":"https:\/\/www.iplay.com\/de\/wp-json\/wp\/v2\/product\/40902","targetHints":{"allow":["GET"]}}],"collection":[{"href":"https:\/\/www.iplay.com\/de\/wp-json\/wp\/v2\/product"}],"about":[{"href":"https:\/\/www.iplay.com\/de\/wp-json\/wp\/v2\/types\/product"}],"author":[{"embeddable":true,"href":"https:\/\/www.iplay.com\/de\/wp-json\/wp\/v2\/users\/27"}],"replies":[{"embeddable":true,"href":"https:\/\/www.iplay.com\/de\/wp-json\/wp\/v2\/comments?post=40902"}],"wp:featuredmedia":[{"embeddable":true,"href":"https:\/\/www.iplay.com\/de\/wp-json\/wp\/v2\/media\/40904"}],"wp:attachment":[{"href":"https:\/\/www.iplay.com\/de\/wp-json\/wp\/v2\/media?parent=40902"}],"wp:term":[{"taxonomy":"product_brand","embeddable":true,"href":"https:\/\/www.iplay.com\/de\/wp-json\/wp\/v2\/product_brand?post=40902"},{"taxonomy":"product_cat","embeddable":true,"href":"https:\/\/www.iplay.com\/de\/wp-json\/wp\/v2\/product_cat?post=40902"},{"taxonomy":"product_tag","embeddable":true,"href":"https:\/\/www.iplay.com\/de\/wp-json\/wp\/v2\/product_tag?post=40902"}],"curies":[{"name":"wp","href":"https:\/\/api.w.org\/{rel}","templated":true}]}}