{"id":40840,"date":"2022-08-23T00:00:00","date_gmt":"2022-08-23T00:00:00","guid":{"rendered":"https:\/\/www.iplay.com\/games\/jojos-fashion-show-world-tour\/"},"modified":"2022-08-23T00:00:00","modified_gmt":"2022-08-23T00:00:00","slug":"jojos-fashion-show-world-tour","status":"publish","type":"product","link":"https:\/\/www.iplay.com\/de\/games\/jojos-fashion-show-world-tour\/","title":{"rendered":"Jojo&#8217;s Fashion Show: World Tour"},"content":{"rendered":"<p>Jojo&#8217;s Fashion Show: World Tour verspricht Regale voller bunter Kleidung und lebensechter neuer m\u00e4nnlicher und weiblicher Models von Japan bis Barcelona. Jojo und Rosalind Cruz, ein Mutter-Tochter-Modedesign-Team, haben sich endlich einen Namen gemacht. Jojo muss einen vertrauensw\u00fcrdigen Ersatz f\u00fcr Ros finden, die nun das Nest verl\u00e4sst, um ihren eigenen Ambitionen zu folgen. W\u00e4hrend sich das Drama hinter den Kulissen abspielt, findet Jojo heraus, dass ihre Feinde und Sch\u00f6nwetterverb\u00fcndeten sich n\u00e4her stehen, als sie dachte. Folgen Sie Jojo auf ihrer globalen Mission, Skandale zu verhindern, die die Marke Las Cruces zerst\u00f6ren k\u00f6nnten. Passt ein muskul\u00f6ser Stierk\u00e4mpfer in Sekundenschnelle in Ihren Anzug? Sind Sie ein Modedesigner, der den Laufsteg von Las Cruces verdient hat? Jojo braucht deinen Sinn f\u00fcr Mode mehr denn je, vor allem, da Ros auf der anderen Seite des Ozeans steht und das Label Las Cruces in Gefahr ist.<\/p>\n","protected":false},"excerpt":{"rendered":"<p>Jetzt, wo Jojo und Rosalind zur\u00fcck sind, ist der Stil stylischer denn je!<\/p>\n","protected":false},"author":4,"featured_media":40844,"comment_status":"open","ping_status":"closed","template":"","meta":{"_acf_changed":false,"inline_featured_image":false},"product_brand":[],"product_cat":[217],"product_tag":[289],"class_list":{"0":"post-40840","1":"product","2":"type-product","3":"status-publish","4":"has-post-thumbnail","6":"product_cat-time-management-de","7":"product_tag-play-on-pc-de","9":"first","10":"instock","11":"shipping-taxable","12":"purchasable","13":"product-type-simple"},"acf":[],"yoast_head":"<!-- This site is optimized with the Yoast SEO Premium plugin v25.2 (Yoast SEO v25.2) - https:\/\/yoast.com\/wordpress\/plugins\/seo\/ -->\n<title>Jojo&#039;s Fashion Show: World Tour - Tauche ein in die hei\u00dfe Modewelt von Jojo und Rosalind<\/title>\n<meta name=\"description\" content=\"Jetzt, wo Jojo und Rosalind zur\u00fcck sind, ist der Stil stylischer denn je!\" \/>\n<meta name=\"robots\" content=\"index, follow, max-snippet:-1, max-image-preview:large, max-video-preview:-1\" \/>\n<link rel=\"canonical\" href=\"https:\/\/www.iplay.com\/de\/games\/jojos-fashion-show-world-tour\/\" \/>\n<meta property=\"og:locale\" content=\"de_DE\" \/>\n<meta property=\"og:type\" content=\"article\" \/>\n<meta property=\"og:title\" content=\"Jojo&#039;s Fashion Show: World Tour\" \/>\n<meta property=\"og:description\" content=\"Jetzt, wo Jojo und Rosalind zur\u00fcck sind, ist der Stil stylischer denn je!\" \/>\n<meta property=\"og:url\" content=\"https:\/\/www.iplay.com\/de\/games\/jojos-fashion-show-world-tour\/\" \/>\n<meta property=\"og:site_name\" content=\"IPlay\" \/>\n<meta property=\"og:image\" content=\"https:\/\/www.iplay.com\/wp-content\/uploads\/2023\/12\/large_square_tile_image-892.jpg\" \/>\n\t<meta property=\"og:image:width\" content=\"310\" \/>\n\t<meta property=\"og:image:height\" content=\"310\" \/>\n\t<meta property=\"og:image:type\" content=\"image\/jpeg\" \/>\n<meta name=\"twitter:card\" content=\"summary_large_image\" \/>\n<meta name=\"twitter:label1\" content=\"Gesch\u00e4tzte Lesezeit\" \/>\n\t<meta name=\"twitter:data1\" content=\"1 Minute\" \/>\n<script type=\"application\/ld+json\" class=\"yoast-schema-graph\">{\"@context\":\"https:\/\/schema.org\",\"@graph\":[{\"@type\":\"WebPage\",\"@id\":\"https:\/\/www.iplay.com\/de\/games\/jojos-fashion-show-world-tour\/\",\"url\":\"https:\/\/www.iplay.com\/de\/games\/jojos-fashion-show-world-tour\/\",\"name\":\"Jojo's Fashion Show: World Tour - Tauche ein in die hei\u00dfe Modewelt von Jojo und Rosalind\",\"isPartOf\":{\"@id\":\"https:\/\/www.iplay.com\/en\/#website\"},\"primaryImageOfPage\":{\"@id\":\"https:\/\/www.iplay.com\/de\/games\/jojos-fashion-show-world-tour\/#primaryimage\"},\"image\":{\"@id\":\"https:\/\/www.iplay.com\/de\/games\/jojos-fashion-show-world-tour\/#primaryimage\"},\"thumbnailUrl\":\"https:\/\/www.iplay.com\/wp-content\/uploads\/2023\/12\/large_square_tile_image-892.jpg\",\"datePublished\":\"2022-08-23T00:00:00+00:00\",\"description\":\"Jetzt, wo Jojo und Rosalind zur\u00fcck sind, ist der Stil stylischer denn je!\",\"breadcrumb\":{\"@id\":\"https:\/\/www.iplay.com\/de\/games\/jojos-fashion-show-world-tour\/#breadcrumb\"},\"inLanguage\":\"de-DE\",\"potentialAction\":[{\"@type\":\"ReadAction\",\"target\":[\"https:\/\/www.iplay.com\/de\/games\/jojos-fashion-show-world-tour\/\"]}]},{\"@type\":\"ImageObject\",\"inLanguage\":\"de-DE\",\"@id\":\"https:\/\/www.iplay.com\/de\/games\/jojos-fashion-show-world-tour\/#primaryimage\",\"url\":\"https:\/\/www.iplay.com\/wp-content\/uploads\/2023\/12\/large_square_tile_image-892.jpg\",\"contentUrl\":\"https:\/\/www.iplay.com\/wp-content\/uploads\/2023\/12\/large_square_tile_image-892.jpg\",\"width\":310,\"height\":310},{\"@type\":\"BreadcrumbList\",\"@id\":\"https:\/\/www.iplay.com\/de\/games\/jojos-fashion-show-world-tour\/#breadcrumb\",\"itemListElement\":[{\"@type\":\"ListItem\",\"position\":1,\"name\":\"Home\",\"item\":\"https:\/\/www.iplay.com\/de\/home-page-2\/\"},{\"@type\":\"ListItem\",\"position\":2,\"name\":\"Shop\",\"item\":\"https:\/\/www.iplay.com\/en\/shop\/\"},{\"@type\":\"ListItem\",\"position\":3,\"name\":\"Jojo&#8217;s Fashion Show: World Tour\"}]},{\"@type\":\"WebSite\",\"@id\":\"https:\/\/www.iplay.com\/en\/#website\",\"url\":\"https:\/\/www.iplay.com\/en\/\",\"name\":\"IPlay\",\"description\":\"The Best Casual Games!\",\"publisher\":{\"@id\":\"https:\/\/www.iplay.com\/en\/#organization\"},\"potentialAction\":[{\"@type\":\"SearchAction\",\"target\":{\"@type\":\"EntryPoint\",\"urlTemplate\":\"https:\/\/www.iplay.com\/en\/?s={search_term_string}\"},\"query-input\":{\"@type\":\"PropertyValueSpecification\",\"valueRequired\":true,\"valueName\":\"search_term_string\"}}],\"inLanguage\":\"de-DE\"},{\"@type\":\"Organization\",\"@id\":\"https:\/\/www.iplay.com\/en\/#organization\",\"name\":\"IPlay\",\"url\":\"https:\/\/www.iplay.com\/en\/\",\"logo\":{\"@type\":\"ImageObject\",\"inLanguage\":\"de-DE\",\"@id\":\"https:\/\/www.iplay.com\/en\/#\/schema\/logo\/image\/\",\"url\":\"https:\/\/www.iplay.com\/wp-content\/uploads\/2023\/11\/Group-6100.svg\",\"contentUrl\":\"https:\/\/www.iplay.com\/wp-content\/uploads\/2023\/11\/Group-6100.svg\",\"width\":98,\"height\":25,\"caption\":\"IPlay\"},\"image\":{\"@id\":\"https:\/\/www.iplay.com\/en\/#\/schema\/logo\/image\/\"}}]}<\/script>\n<!-- \/ Yoast SEO Premium plugin. -->","yoast_head_json":{"title":"Jojo's Fashion Show: World Tour - Tauche ein in die hei\u00dfe Modewelt von Jojo und Rosalind","description":"Jetzt, wo Jojo und Rosalind zur\u00fcck sind, ist der Stil stylischer denn je!","robots":{"index":"index","follow":"follow","max-snippet":"max-snippet:-1","max-image-preview":"max-image-preview:large","max-video-preview":"max-video-preview:-1"},"canonical":"https:\/\/www.iplay.com\/de\/games\/jojos-fashion-show-world-tour\/","og_locale":"de_DE","og_type":"article","og_title":"Jojo's Fashion Show: World Tour","og_description":"Jetzt, wo Jojo und Rosalind zur\u00fcck sind, ist der Stil stylischer denn je!","og_url":"https:\/\/www.iplay.com\/de\/games\/jojos-fashion-show-world-tour\/","og_site_name":"IPlay","og_image":[{"width":310,"height":310,"url":"https:\/\/www.iplay.com\/wp-content\/uploads\/2023\/12\/large_square_tile_image-892.jpg","type":"image\/jpeg"}],"twitter_card":"summary_large_image","twitter_misc":{"Gesch\u00e4tzte Lesezeit":"1 Minute"},"schema":{"@context":"https:\/\/schema.org","@graph":[{"@type":"WebPage","@id":"https:\/\/www.iplay.com\/de\/games\/jojos-fashion-show-world-tour\/","url":"https:\/\/www.iplay.com\/de\/games\/jojos-fashion-show-world-tour\/","name":"Jojo's Fashion Show: World Tour - Tauche ein in die hei\u00dfe Modewelt von Jojo und Rosalind","isPartOf":{"@id":"https:\/\/www.iplay.com\/en\/#website"},"primaryImageOfPage":{"@id":"https:\/\/www.iplay.com\/de\/games\/jojos-fashion-show-world-tour\/#primaryimage"},"image":{"@id":"https:\/\/www.iplay.com\/de\/games\/jojos-fashion-show-world-tour\/#primaryimage"},"thumbnailUrl":"https:\/\/www.iplay.com\/wp-content\/uploads\/2023\/12\/large_square_tile_image-892.jpg","datePublished":"2022-08-23T00:00:00+00:00","description":"Jetzt, wo Jojo und Rosalind zur\u00fcck sind, ist der Stil stylischer denn je!","breadcrumb":{"@id":"https:\/\/www.iplay.com\/de\/games\/jojos-fashion-show-world-tour\/#breadcrumb"},"inLanguage":"de-DE","potentialAction":[{"@type":"ReadAction","target":["https:\/\/www.iplay.com\/de\/games\/jojos-fashion-show-world-tour\/"]}]},{"@type":"ImageObject","inLanguage":"de-DE","@id":"https:\/\/www.iplay.com\/de\/games\/jojos-fashion-show-world-tour\/#primaryimage","url":"https:\/\/www.iplay.com\/wp-content\/uploads\/2023\/12\/large_square_tile_image-892.jpg","contentUrl":"https:\/\/www.iplay.com\/wp-content\/uploads\/2023\/12\/large_square_tile_image-892.jpg","width":310,"height":310},{"@type":"BreadcrumbList","@id":"https:\/\/www.iplay.com\/de\/games\/jojos-fashion-show-world-tour\/#breadcrumb","itemListElement":[{"@type":"ListItem","position":1,"name":"Home","item":"https:\/\/www.iplay.com\/de\/home-page-2\/"},{"@type":"ListItem","position":2,"name":"Shop","item":"https:\/\/www.iplay.com\/en\/shop\/"},{"@type":"ListItem","position":3,"name":"Jojo&#8217;s Fashion Show: World Tour"}]},{"@type":"WebSite","@id":"https:\/\/www.iplay.com\/en\/#website","url":"https:\/\/www.iplay.com\/en\/","name":"IPlay","description":"The Best Casual Games!","publisher":{"@id":"https:\/\/www.iplay.com\/en\/#organization"},"potentialAction":[{"@type":"SearchAction","target":{"@type":"EntryPoint","urlTemplate":"https:\/\/www.iplay.com\/en\/?s={search_term_string}"},"query-input":{"@type":"PropertyValueSpecification","valueRequired":true,"valueName":"search_term_string"}}],"inLanguage":"de-DE"},{"@type":"Organization","@id":"https:\/\/www.iplay.com\/en\/#organization","name":"IPlay","url":"https:\/\/www.iplay.com\/en\/","logo":{"@type":"ImageObject","inLanguage":"de-DE","@id":"https:\/\/www.iplay.com\/en\/#\/schema\/logo\/image\/","url":"https:\/\/www.iplay.com\/wp-content\/uploads\/2023\/11\/Group-6100.svg","contentUrl":"https:\/\/www.iplay.com\/wp-content\/uploads\/2023\/11\/Group-6100.svg","width":98,"height":25,"caption":"IPlay"},"image":{"@id":"https:\/\/www.iplay.com\/en\/#\/schema\/logo\/image\/"}}]}},"_links":{"self":[{"href":"https:\/\/www.iplay.com\/de\/wp-json\/wp\/v2\/product\/40840","targetHints":{"allow":["GET"]}}],"collection":[{"href":"https:\/\/www.iplay.com\/de\/wp-json\/wp\/v2\/product"}],"about":[{"href":"https:\/\/www.iplay.com\/de\/wp-json\/wp\/v2\/types\/product"}],"author":[{"embeddable":true,"href":"https:\/\/www.iplay.com\/de\/wp-json\/wp\/v2\/users\/4"}],"replies":[{"embeddable":true,"href":"https:\/\/www.iplay.com\/de\/wp-json\/wp\/v2\/comments?post=40840"}],"wp:featuredmedia":[{"embeddable":true,"href":"https:\/\/www.iplay.com\/de\/wp-json\/wp\/v2\/media\/40844"}],"wp:attachment":[{"href":"https:\/\/www.iplay.com\/de\/wp-json\/wp\/v2\/media?parent=40840"}],"wp:term":[{"taxonomy":"product_brand","embeddable":true,"href":"https:\/\/www.iplay.com\/de\/wp-json\/wp\/v2\/product_brand?post=40840"},{"taxonomy":"product_cat","embeddable":true,"href":"https:\/\/www.iplay.com\/de\/wp-json\/wp\/v2\/product_cat?post=40840"},{"taxonomy":"product_tag","embeddable":true,"href":"https:\/\/www.iplay.com\/de\/wp-json\/wp\/v2\/product_tag?post=40840"}],"curies":[{"name":"wp","href":"https:\/\/api.w.org\/{rel}","templated":true}]}}