{"id":40572,"date":"2020-12-11T00:00:00","date_gmt":"2020-12-11T00:00:00","guid":{"rendered":"https:\/\/www.iplay.com\/games\/fright-chasers-thrills-chills-and-kills-collectors-edition\/"},"modified":"2020-12-11T00:00:00","modified_gmt":"2020-12-11T00:00:00","slug":"fright-chasers-thrills-chills-and-kills-collectors-edition","status":"publish","type":"product","link":"https:\/\/www.iplay.com\/de\/games\/fright-chasers-thrills-chills-and-kills-collectors-edition\/","title":{"rendered":"Fright Chasers &#8211; Thrills, Chills and Kills Collector&#8217;s Edition"},"content":{"rendered":"<p>G\u00f6nnen Sie sich in der <em>G\u00e4nsehaut-Serie Fright Chasers<\/em> einen neuen, aufregenden Fall! Du und dein anderer Fright Chaser-Partner untersuchen einen neuen Vergn\u00fcgungspark, in dem Berichte \u00fcber ein geisterhaftes Monster gemacht werden! W\u00e4hrend du ihm durch den Park folgst, nimmt die Action Fahrt auf, sobald du dort ankommst. Dass weit mehr als nur der Wohlstand des Parks auf dem Spiel steht, wird deutlich, wenn man sich unter seinen Zielscheiben befindet. Wirst du das n\u00e4chste Opfer der schrecklichen Kreatur sein oder kannst du ihre Urspr\u00fcnge ausfindig machen und sie aufhalten? Entdecke in dieser furchterregenden Wimmelbild-Reise!<\/p>\n<p>&nbsp;<\/p>\n<p>&nbsp;<\/p>\n<p><strong>Funktionen:<\/strong><\/p>\n<p>&nbsp;<\/p>\n<p>&#8211; Begleite die Schreckensj\u00e4ger, w\u00e4hrend sie die Wahrheit \u00fcber Gretas vergrabene Informationen, das unerkl\u00e4rliche Feuer und das sagenumwobene Monster im alten Schloss herausfinden!<br \/>\n&#8211; Entdecke ganz besondere R\u00e4tsel und finde in jeder Szene Morphing und sammelbare Dinge!<br \/>\n&#8211; Spiele deine bevorzugten Minispiele und HOPs erneut und erhalte mehr Erfolgszertifikate!<br \/>\n&#8211; Behalte ein paar Gaming-Souvenirs bei! Sch\u00e4tzen und speichern Sie Musik, Hintergrundbilder, Konzeptzeichnungen und Bildschirmschoner.<br \/>\n&#8211; Nutze den Strategieleitfaden, um deine Reise auf Kurs zu halten!<\/p>\n","protected":false},"excerpt":{"rendered":"<p>Das wird eine verr\u00fcckte Fahrt! In der Collector&#8217;s Edition von Fright Chasers: Thrills, Chills, and Kills <\/p>\n","protected":false},"author":17,"featured_media":40576,"comment_status":"open","ping_status":"closed","template":"","meta":{"_acf_changed":false,"inline_featured_image":false},"product_brand":[],"product_cat":[164],"product_tag":[289],"class_list":{"0":"post-40572","1":"product","2":"type-product","3":"status-publish","4":"has-post-thumbnail","6":"product_cat-hidden-object-de","7":"product_tag-play-on-pc-de","9":"first","10":"instock","11":"shipping-taxable","12":"purchasable","13":"product-type-simple"},"acf":[],"yoast_head":"<!-- This site is optimized with the Yoast SEO Premium plugin v25.2 (Yoast SEO v25.2) - https:\/\/yoast.com\/wordpress\/plugins\/seo\/ -->\n<title>Fright Chasers - Nervenkitzel, Schauer und T\u00f6tungen Sammleredition - Begib dich mit den Fright Chasers auf ein spannendes Abenteuer<\/title>\n<meta name=\"description\" content=\"Das wird eine verr\u00fcckte Fahrt! In der Collector&#039;s Edition von Fright Chasers: Thrills, Chills, and Kills\" \/>\n<meta name=\"robots\" content=\"index, follow, max-snippet:-1, max-image-preview:large, max-video-preview:-1\" \/>\n<link rel=\"canonical\" href=\"https:\/\/www.iplay.com\/de\/games\/fright-chasers-thrills-chills-and-kills-collectors-edition\/\" \/>\n<meta property=\"og:locale\" content=\"de_DE\" \/>\n<meta property=\"og:type\" content=\"article\" \/>\n<meta property=\"og:title\" content=\"Fright Chasers - Thrills, Chills and Kills Collector&#039;s Edition\" \/>\n<meta property=\"og:description\" content=\"Das wird eine verr\u00fcckte Fahrt! In der Collector&#039;s Edition von Fright Chasers: Thrills, Chills, and Kills\" \/>\n<meta property=\"og:url\" content=\"https:\/\/www.iplay.com\/de\/games\/fright-chasers-thrills-chills-and-kills-collectors-edition\/\" \/>\n<meta property=\"og:site_name\" content=\"IPlay\" \/>\n<meta property=\"og:image\" content=\"https:\/\/www.iplay.com\/wp-content\/uploads\/2023\/12\/large_square_tile_image-2588.jpg\" \/>\n\t<meta property=\"og:image:width\" content=\"310\" \/>\n\t<meta property=\"og:image:height\" content=\"310\" \/>\n\t<meta property=\"og:image:type\" content=\"image\/jpeg\" \/>\n<meta name=\"twitter:card\" content=\"summary_large_image\" \/>\n<meta name=\"twitter:label1\" content=\"Gesch\u00e4tzte Lesezeit\" \/>\n\t<meta name=\"twitter:data1\" content=\"1 Minute\" \/>\n<script type=\"application\/ld+json\" class=\"yoast-schema-graph\">{\"@context\":\"https:\/\/schema.org\",\"@graph\":[{\"@type\":\"WebPage\",\"@id\":\"https:\/\/www.iplay.com\/de\/games\/fright-chasers-thrills-chills-and-kills-collectors-edition\/\",\"url\":\"https:\/\/www.iplay.com\/de\/games\/fright-chasers-thrills-chills-and-kills-collectors-edition\/\",\"name\":\"Fright Chasers - Nervenkitzel, Schauer und T\u00f6tungen Sammleredition - Begib dich mit den Fright Chasers auf ein spannendes Abenteuer\",\"isPartOf\":{\"@id\":\"https:\/\/www.iplay.com\/en\/#website\"},\"primaryImageOfPage\":{\"@id\":\"https:\/\/www.iplay.com\/de\/games\/fright-chasers-thrills-chills-and-kills-collectors-edition\/#primaryimage\"},\"image\":{\"@id\":\"https:\/\/www.iplay.com\/de\/games\/fright-chasers-thrills-chills-and-kills-collectors-edition\/#primaryimage\"},\"thumbnailUrl\":\"https:\/\/www.iplay.com\/wp-content\/uploads\/2023\/12\/large_square_tile_image-2588.jpg\",\"datePublished\":\"2020-12-11T00:00:00+00:00\",\"description\":\"Das wird eine verr\u00fcckte Fahrt! In der Collector's Edition von Fright Chasers: Thrills, Chills, and Kills\",\"breadcrumb\":{\"@id\":\"https:\/\/www.iplay.com\/de\/games\/fright-chasers-thrills-chills-and-kills-collectors-edition\/#breadcrumb\"},\"inLanguage\":\"de-DE\",\"potentialAction\":[{\"@type\":\"ReadAction\",\"target\":[\"https:\/\/www.iplay.com\/de\/games\/fright-chasers-thrills-chills-and-kills-collectors-edition\/\"]}]},{\"@type\":\"ImageObject\",\"inLanguage\":\"de-DE\",\"@id\":\"https:\/\/www.iplay.com\/de\/games\/fright-chasers-thrills-chills-and-kills-collectors-edition\/#primaryimage\",\"url\":\"https:\/\/www.iplay.com\/wp-content\/uploads\/2023\/12\/large_square_tile_image-2588.jpg\",\"contentUrl\":\"https:\/\/www.iplay.com\/wp-content\/uploads\/2023\/12\/large_square_tile_image-2588.jpg\",\"width\":310,\"height\":310},{\"@type\":\"BreadcrumbList\",\"@id\":\"https:\/\/www.iplay.com\/de\/games\/fright-chasers-thrills-chills-and-kills-collectors-edition\/#breadcrumb\",\"itemListElement\":[{\"@type\":\"ListItem\",\"position\":1,\"name\":\"Home\",\"item\":\"https:\/\/www.iplay.com\/de\/home-page-2\/\"},{\"@type\":\"ListItem\",\"position\":2,\"name\":\"Shop\",\"item\":\"https:\/\/www.iplay.com\/en\/shop\/\"},{\"@type\":\"ListItem\",\"position\":3,\"name\":\"Fright Chasers &#8211; Thrills, Chills and Kills Collector&#8217;s Edition\"}]},{\"@type\":\"WebSite\",\"@id\":\"https:\/\/www.iplay.com\/en\/#website\",\"url\":\"https:\/\/www.iplay.com\/en\/\",\"name\":\"IPlay\",\"description\":\"The Best Casual Games!\",\"publisher\":{\"@id\":\"https:\/\/www.iplay.com\/en\/#organization\"},\"potentialAction\":[{\"@type\":\"SearchAction\",\"target\":{\"@type\":\"EntryPoint\",\"urlTemplate\":\"https:\/\/www.iplay.com\/en\/?s={search_term_string}\"},\"query-input\":{\"@type\":\"PropertyValueSpecification\",\"valueRequired\":true,\"valueName\":\"search_term_string\"}}],\"inLanguage\":\"de-DE\"},{\"@type\":\"Organization\",\"@id\":\"https:\/\/www.iplay.com\/en\/#organization\",\"name\":\"IPlay\",\"url\":\"https:\/\/www.iplay.com\/en\/\",\"logo\":{\"@type\":\"ImageObject\",\"inLanguage\":\"de-DE\",\"@id\":\"https:\/\/www.iplay.com\/en\/#\/schema\/logo\/image\/\",\"url\":\"https:\/\/www.iplay.com\/wp-content\/uploads\/2023\/11\/Group-6100.svg\",\"contentUrl\":\"https:\/\/www.iplay.com\/wp-content\/uploads\/2023\/11\/Group-6100.svg\",\"width\":98,\"height\":25,\"caption\":\"IPlay\"},\"image\":{\"@id\":\"https:\/\/www.iplay.com\/en\/#\/schema\/logo\/image\/\"}}]}<\/script>\n<!-- \/ Yoast SEO Premium plugin. -->","yoast_head_json":{"title":"Fright Chasers - Nervenkitzel, Schauer und T\u00f6tungen Sammleredition - Begib dich mit den Fright Chasers auf ein spannendes Abenteuer","description":"Das wird eine verr\u00fcckte Fahrt! In der Collector's Edition von Fright Chasers: Thrills, Chills, and Kills","robots":{"index":"index","follow":"follow","max-snippet":"max-snippet:-1","max-image-preview":"max-image-preview:large","max-video-preview":"max-video-preview:-1"},"canonical":"https:\/\/www.iplay.com\/de\/games\/fright-chasers-thrills-chills-and-kills-collectors-edition\/","og_locale":"de_DE","og_type":"article","og_title":"Fright Chasers - Thrills, Chills and Kills Collector's Edition","og_description":"Das wird eine verr\u00fcckte Fahrt! In der Collector's Edition von Fright Chasers: Thrills, Chills, and Kills","og_url":"https:\/\/www.iplay.com\/de\/games\/fright-chasers-thrills-chills-and-kills-collectors-edition\/","og_site_name":"IPlay","og_image":[{"width":310,"height":310,"url":"https:\/\/www.iplay.com\/wp-content\/uploads\/2023\/12\/large_square_tile_image-2588.jpg","type":"image\/jpeg"}],"twitter_card":"summary_large_image","twitter_misc":{"Gesch\u00e4tzte Lesezeit":"1 Minute"},"schema":{"@context":"https:\/\/schema.org","@graph":[{"@type":"WebPage","@id":"https:\/\/www.iplay.com\/de\/games\/fright-chasers-thrills-chills-and-kills-collectors-edition\/","url":"https:\/\/www.iplay.com\/de\/games\/fright-chasers-thrills-chills-and-kills-collectors-edition\/","name":"Fright Chasers - Nervenkitzel, Schauer und T\u00f6tungen Sammleredition - Begib dich mit den Fright Chasers auf ein spannendes Abenteuer","isPartOf":{"@id":"https:\/\/www.iplay.com\/en\/#website"},"primaryImageOfPage":{"@id":"https:\/\/www.iplay.com\/de\/games\/fright-chasers-thrills-chills-and-kills-collectors-edition\/#primaryimage"},"image":{"@id":"https:\/\/www.iplay.com\/de\/games\/fright-chasers-thrills-chills-and-kills-collectors-edition\/#primaryimage"},"thumbnailUrl":"https:\/\/www.iplay.com\/wp-content\/uploads\/2023\/12\/large_square_tile_image-2588.jpg","datePublished":"2020-12-11T00:00:00+00:00","description":"Das wird eine verr\u00fcckte Fahrt! In der Collector's Edition von Fright Chasers: Thrills, Chills, and Kills","breadcrumb":{"@id":"https:\/\/www.iplay.com\/de\/games\/fright-chasers-thrills-chills-and-kills-collectors-edition\/#breadcrumb"},"inLanguage":"de-DE","potentialAction":[{"@type":"ReadAction","target":["https:\/\/www.iplay.com\/de\/games\/fright-chasers-thrills-chills-and-kills-collectors-edition\/"]}]},{"@type":"ImageObject","inLanguage":"de-DE","@id":"https:\/\/www.iplay.com\/de\/games\/fright-chasers-thrills-chills-and-kills-collectors-edition\/#primaryimage","url":"https:\/\/www.iplay.com\/wp-content\/uploads\/2023\/12\/large_square_tile_image-2588.jpg","contentUrl":"https:\/\/www.iplay.com\/wp-content\/uploads\/2023\/12\/large_square_tile_image-2588.jpg","width":310,"height":310},{"@type":"BreadcrumbList","@id":"https:\/\/www.iplay.com\/de\/games\/fright-chasers-thrills-chills-and-kills-collectors-edition\/#breadcrumb","itemListElement":[{"@type":"ListItem","position":1,"name":"Home","item":"https:\/\/www.iplay.com\/de\/home-page-2\/"},{"@type":"ListItem","position":2,"name":"Shop","item":"https:\/\/www.iplay.com\/en\/shop\/"},{"@type":"ListItem","position":3,"name":"Fright Chasers &#8211; Thrills, Chills and Kills Collector&#8217;s Edition"}]},{"@type":"WebSite","@id":"https:\/\/www.iplay.com\/en\/#website","url":"https:\/\/www.iplay.com\/en\/","name":"IPlay","description":"The Best Casual Games!","publisher":{"@id":"https:\/\/www.iplay.com\/en\/#organization"},"potentialAction":[{"@type":"SearchAction","target":{"@type":"EntryPoint","urlTemplate":"https:\/\/www.iplay.com\/en\/?s={search_term_string}"},"query-input":{"@type":"PropertyValueSpecification","valueRequired":true,"valueName":"search_term_string"}}],"inLanguage":"de-DE"},{"@type":"Organization","@id":"https:\/\/www.iplay.com\/en\/#organization","name":"IPlay","url":"https:\/\/www.iplay.com\/en\/","logo":{"@type":"ImageObject","inLanguage":"de-DE","@id":"https:\/\/www.iplay.com\/en\/#\/schema\/logo\/image\/","url":"https:\/\/www.iplay.com\/wp-content\/uploads\/2023\/11\/Group-6100.svg","contentUrl":"https:\/\/www.iplay.com\/wp-content\/uploads\/2023\/11\/Group-6100.svg","width":98,"height":25,"caption":"IPlay"},"image":{"@id":"https:\/\/www.iplay.com\/en\/#\/schema\/logo\/image\/"}}]}},"_links":{"self":[{"href":"https:\/\/www.iplay.com\/de\/wp-json\/wp\/v2\/product\/40572","targetHints":{"allow":["GET"]}}],"collection":[{"href":"https:\/\/www.iplay.com\/de\/wp-json\/wp\/v2\/product"}],"about":[{"href":"https:\/\/www.iplay.com\/de\/wp-json\/wp\/v2\/types\/product"}],"author":[{"embeddable":true,"href":"https:\/\/www.iplay.com\/de\/wp-json\/wp\/v2\/users\/17"}],"replies":[{"embeddable":true,"href":"https:\/\/www.iplay.com\/de\/wp-json\/wp\/v2\/comments?post=40572"}],"wp:featuredmedia":[{"embeddable":true,"href":"https:\/\/www.iplay.com\/de\/wp-json\/wp\/v2\/media\/40576"}],"wp:attachment":[{"href":"https:\/\/www.iplay.com\/de\/wp-json\/wp\/v2\/media?parent=40572"}],"wp:term":[{"taxonomy":"product_brand","embeddable":true,"href":"https:\/\/www.iplay.com\/de\/wp-json\/wp\/v2\/product_brand?post=40572"},{"taxonomy":"product_cat","embeddable":true,"href":"https:\/\/www.iplay.com\/de\/wp-json\/wp\/v2\/product_cat?post=40572"},{"taxonomy":"product_tag","embeddable":true,"href":"https:\/\/www.iplay.com\/de\/wp-json\/wp\/v2\/product_tag?post=40572"}],"curies":[{"name":"wp","href":"https:\/\/api.w.org\/{rel}","templated":true}]}}