{"id":40467,"date":"2023-06-16T00:00:01","date_gmt":"2023-06-16T00:00:01","guid":{"rendered":"https:\/\/www.iplay.com\/games\/clutter-reflexive-the-diceman-cometh-collectors-edition\/"},"modified":"2023-06-16T00:00:01","modified_gmt":"2023-06-16T00:00:01","slug":"clutter-reflexive-the-diceman-cometh-collectors-edition","status":"publish","type":"product","link":"https:\/\/www.iplay.com\/de\/games\/clutter-reflexive-the-diceman-cometh-collectors-edition\/","title":{"rendered":"Clutter RefleXIVe &#8211; The Diceman Cometh Collector&#8217;s Edition"},"content":{"rendered":"<p>Mit \u00fcber 2800 Problemen ist dies das schwierigste und angenehmste Clutter, das Sie jedoch tagelang besch\u00e4ftigen wird. Eine Quest, an die man sich erinnern wird, mit so vielen neuen Clutter-Arten, die sich mit alten Favoriten vermischen. Es gibt 15 % mehr R\u00e4tsel und zus\u00e4tzliche Ressourcen in dieser Collector&#8217;s Edition. Crazy Singletons, Circular Abstratica und die \u00e4u\u00dferst beliebte Box Songs-Variante sind alle im Bonusbereich enthalten. Wie \u00fcblich sind die Clutter-Levels sehr wiederspielbar und s\u00fcchtig machend. Dar\u00fcber hinaus gibt es quadratische Puzzles, Schieberegler und Box-Zitate mit einem frischen Twist. Vergiss nicht, auch die W\u00fcrfel- und Symbolr\u00e4tsel zu l\u00f6sen. Noch nie zuvor war Clutter so hart und hat so viel Spa\u00df gemacht. Sie k\u00f6nnen Clutter spielen, was immer Sie m\u00f6chten, gem\u00e4\u00df den \u00fcblichen M\u00f6glichkeiten. Sie k\u00f6nnen die R\u00e4tsel, die Sie wiederholt spielen m\u00f6chten, speichern, indem Sie sie zu Ihren Favoriten hinzuf\u00fcgen.         <\/p>\n<p>&nbsp;<\/p>\n<p><strong>Funktionen:<\/strong><\/p>\n<ul>\n<li>Mehrere neue Spielmodi und neue Objektsets<\/li>\n<li>Eine herausfordernde Hauptquest mit \u00fcber 2800 Levels<\/li>\n<li>Eine au\u00dfergew\u00f6hnlich herausfordernde W\u00fcrfel-Quest mit einer No-Motion-Old-School-Quest<\/li>\n<li>Unz\u00e4hlige brandneue Bilderr\u00e4tsel und Box Quotes Puzzles<\/li>\n<li>Zuf\u00e4llig generierte Levels suggerieren, dass du sie immer wieder spielen kannst.<\/li>\n<li>Eine zus\u00e4tzliche herausragende Musik mit cineastischem Flair.<\/li>\n<\/ul>\n<p>&nbsp;<\/p>\n<p>Wenn dir dieses Clutter-Spiel gefallen hat, schau dir doch <a href=\"\/en?product_tag=clutter-series\">HIER<\/a> alle anderen Spiele der Clutter-Serie an<\/p>\n","protected":false},"excerpt":{"rendered":"<p>Das bisher schwierigste und spa\u00dfigste Clutter &#8211; Mehr als 2800 R\u00e4tsel, um sich die Zeit w\u00e4hrend des Tages zu vertreiben!<\/p>\n","protected":false},"author":41,"featured_media":40468,"comment_status":"open","ping_status":"closed","template":"","meta":{"_acf_changed":false,"inline_featured_image":false},"product_brand":[],"product_cat":[160,164],"product_tag":[289],"class_list":{"0":"post-40467","1":"product","2":"type-product","3":"status-publish","4":"has-post-thumbnail","6":"product_cat-clutter-series-de","7":"product_cat-hidden-object-de","8":"product_tag-play-on-pc-de","10":"first","11":"instock","12":"shipping-taxable","13":"purchasable","14":"product-type-simple"},"acf":[],"yoast_head":"<!-- This site is optimized with the Yoast SEO Premium plugin v25.2 (Yoast SEO v25.2) - https:\/\/yoast.com\/wordpress\/plugins\/seo\/ -->\n<title>Clutter RefleXIVe - The Diceman Cometh Collector&#039;s Edition - Noch viel Unordnung mit \u00fcber 2800 R\u00e4tseln f\u00fcr endlose Unterhaltung<\/title>\n<meta name=\"description\" content=\"Das bisher schwierigste und spa\u00dfigste Clutter - Mehr als 2800 R\u00e4tsel, um sich die Zeit w\u00e4hrend des Tages zu vertreiben!\" \/>\n<meta name=\"robots\" content=\"index, follow, max-snippet:-1, max-image-preview:large, max-video-preview:-1\" \/>\n<link rel=\"canonical\" href=\"https:\/\/www.iplay.com\/de\/games\/clutter-reflexive-the-diceman-cometh-collectors-edition\/\" \/>\n<meta property=\"og:locale\" content=\"de_DE\" \/>\n<meta property=\"og:type\" content=\"article\" \/>\n<meta property=\"og:title\" content=\"Clutter RefleXIVe - The Diceman Cometh Collector&#039;s Edition\" \/>\n<meta property=\"og:description\" content=\"Das bisher schwierigste und spa\u00dfigste Clutter - Mehr als 2800 R\u00e4tsel, um sich die Zeit w\u00e4hrend des Tages zu vertreiben!\" \/>\n<meta property=\"og:url\" content=\"https:\/\/www.iplay.com\/de\/games\/clutter-reflexive-the-diceman-cometh-collectors-edition\/\" \/>\n<meta property=\"og:site_name\" content=\"IPlay\" \/>\n<meta property=\"og:image\" content=\"https:\/\/www.iplay.com\/wp-content\/uploads\/2023\/12\/large_square_tile_image-2060.jpg\" \/>\n\t<meta property=\"og:image:width\" content=\"310\" \/>\n\t<meta property=\"og:image:height\" content=\"310\" \/>\n\t<meta property=\"og:image:type\" content=\"image\/jpeg\" \/>\n<meta name=\"twitter:card\" content=\"summary_large_image\" \/>\n<meta name=\"twitter:label1\" content=\"Gesch\u00e4tzte Lesezeit\" \/>\n\t<meta name=\"twitter:data1\" content=\"1 Minute\" \/>\n<script type=\"application\/ld+json\" class=\"yoast-schema-graph\">{\"@context\":\"https:\/\/schema.org\",\"@graph\":[{\"@type\":\"WebPage\",\"@id\":\"https:\/\/www.iplay.com\/de\/games\/clutter-reflexive-the-diceman-cometh-collectors-edition\/\",\"url\":\"https:\/\/www.iplay.com\/de\/games\/clutter-reflexive-the-diceman-cometh-collectors-edition\/\",\"name\":\"Clutter RefleXIVe - The Diceman Cometh Collector's Edition - Noch viel Unordnung mit \u00fcber 2800 R\u00e4tseln f\u00fcr endlose Unterhaltung\",\"isPartOf\":{\"@id\":\"https:\/\/www.iplay.com\/en\/#website\"},\"primaryImageOfPage\":{\"@id\":\"https:\/\/www.iplay.com\/de\/games\/clutter-reflexive-the-diceman-cometh-collectors-edition\/#primaryimage\"},\"image\":{\"@id\":\"https:\/\/www.iplay.com\/de\/games\/clutter-reflexive-the-diceman-cometh-collectors-edition\/#primaryimage\"},\"thumbnailUrl\":\"https:\/\/www.iplay.com\/wp-content\/uploads\/2023\/12\/large_square_tile_image-2060.jpg\",\"datePublished\":\"2023-06-16T00:00:01+00:00\",\"description\":\"Das bisher schwierigste und spa\u00dfigste Clutter - Mehr als 2800 R\u00e4tsel, um sich die Zeit w\u00e4hrend des Tages zu vertreiben!\",\"breadcrumb\":{\"@id\":\"https:\/\/www.iplay.com\/de\/games\/clutter-reflexive-the-diceman-cometh-collectors-edition\/#breadcrumb\"},\"inLanguage\":\"de-DE\",\"potentialAction\":[{\"@type\":\"ReadAction\",\"target\":[\"https:\/\/www.iplay.com\/de\/games\/clutter-reflexive-the-diceman-cometh-collectors-edition\/\"]}]},{\"@type\":\"ImageObject\",\"inLanguage\":\"de-DE\",\"@id\":\"https:\/\/www.iplay.com\/de\/games\/clutter-reflexive-the-diceman-cometh-collectors-edition\/#primaryimage\",\"url\":\"https:\/\/www.iplay.com\/wp-content\/uploads\/2023\/12\/large_square_tile_image-2060.jpg\",\"contentUrl\":\"https:\/\/www.iplay.com\/wp-content\/uploads\/2023\/12\/large_square_tile_image-2060.jpg\",\"width\":310,\"height\":310},{\"@type\":\"BreadcrumbList\",\"@id\":\"https:\/\/www.iplay.com\/de\/games\/clutter-reflexive-the-diceman-cometh-collectors-edition\/#breadcrumb\",\"itemListElement\":[{\"@type\":\"ListItem\",\"position\":1,\"name\":\"Home\",\"item\":\"https:\/\/www.iplay.com\/de\/home-page-2\/\"},{\"@type\":\"ListItem\",\"position\":2,\"name\":\"Shop\",\"item\":\"https:\/\/www.iplay.com\/en\/shop\/\"},{\"@type\":\"ListItem\",\"position\":3,\"name\":\"Clutter RefleXIVe &#8211; The Diceman Cometh Collector&#8217;s Edition\"}]},{\"@type\":\"WebSite\",\"@id\":\"https:\/\/www.iplay.com\/en\/#website\",\"url\":\"https:\/\/www.iplay.com\/en\/\",\"name\":\"IPlay\",\"description\":\"The Best Casual Games!\",\"publisher\":{\"@id\":\"https:\/\/www.iplay.com\/en\/#organization\"},\"potentialAction\":[{\"@type\":\"SearchAction\",\"target\":{\"@type\":\"EntryPoint\",\"urlTemplate\":\"https:\/\/www.iplay.com\/en\/?s={search_term_string}\"},\"query-input\":{\"@type\":\"PropertyValueSpecification\",\"valueRequired\":true,\"valueName\":\"search_term_string\"}}],\"inLanguage\":\"de-DE\"},{\"@type\":\"Organization\",\"@id\":\"https:\/\/www.iplay.com\/en\/#organization\",\"name\":\"IPlay\",\"url\":\"https:\/\/www.iplay.com\/en\/\",\"logo\":{\"@type\":\"ImageObject\",\"inLanguage\":\"de-DE\",\"@id\":\"https:\/\/www.iplay.com\/en\/#\/schema\/logo\/image\/\",\"url\":\"https:\/\/www.iplay.com\/wp-content\/uploads\/2023\/11\/Group-6100.svg\",\"contentUrl\":\"https:\/\/www.iplay.com\/wp-content\/uploads\/2023\/11\/Group-6100.svg\",\"width\":98,\"height\":25,\"caption\":\"IPlay\"},\"image\":{\"@id\":\"https:\/\/www.iplay.com\/en\/#\/schema\/logo\/image\/\"}}]}<\/script>\n<!-- \/ Yoast SEO Premium plugin. -->","yoast_head_json":{"title":"Clutter RefleXIVe - The Diceman Cometh Collector's Edition - Noch viel Unordnung mit \u00fcber 2800 R\u00e4tseln f\u00fcr endlose Unterhaltung","description":"Das bisher schwierigste und spa\u00dfigste Clutter - Mehr als 2800 R\u00e4tsel, um sich die Zeit w\u00e4hrend des Tages zu vertreiben!","robots":{"index":"index","follow":"follow","max-snippet":"max-snippet:-1","max-image-preview":"max-image-preview:large","max-video-preview":"max-video-preview:-1"},"canonical":"https:\/\/www.iplay.com\/de\/games\/clutter-reflexive-the-diceman-cometh-collectors-edition\/","og_locale":"de_DE","og_type":"article","og_title":"Clutter RefleXIVe - The Diceman Cometh Collector's Edition","og_description":"Das bisher schwierigste und spa\u00dfigste Clutter - Mehr als 2800 R\u00e4tsel, um sich die Zeit w\u00e4hrend des Tages zu vertreiben!","og_url":"https:\/\/www.iplay.com\/de\/games\/clutter-reflexive-the-diceman-cometh-collectors-edition\/","og_site_name":"IPlay","og_image":[{"width":310,"height":310,"url":"https:\/\/www.iplay.com\/wp-content\/uploads\/2023\/12\/large_square_tile_image-2060.jpg","type":"image\/jpeg"}],"twitter_card":"summary_large_image","twitter_misc":{"Gesch\u00e4tzte Lesezeit":"1 Minute"},"schema":{"@context":"https:\/\/schema.org","@graph":[{"@type":"WebPage","@id":"https:\/\/www.iplay.com\/de\/games\/clutter-reflexive-the-diceman-cometh-collectors-edition\/","url":"https:\/\/www.iplay.com\/de\/games\/clutter-reflexive-the-diceman-cometh-collectors-edition\/","name":"Clutter RefleXIVe - The Diceman Cometh Collector's Edition - Noch viel Unordnung mit \u00fcber 2800 R\u00e4tseln f\u00fcr endlose Unterhaltung","isPartOf":{"@id":"https:\/\/www.iplay.com\/en\/#website"},"primaryImageOfPage":{"@id":"https:\/\/www.iplay.com\/de\/games\/clutter-reflexive-the-diceman-cometh-collectors-edition\/#primaryimage"},"image":{"@id":"https:\/\/www.iplay.com\/de\/games\/clutter-reflexive-the-diceman-cometh-collectors-edition\/#primaryimage"},"thumbnailUrl":"https:\/\/www.iplay.com\/wp-content\/uploads\/2023\/12\/large_square_tile_image-2060.jpg","datePublished":"2023-06-16T00:00:01+00:00","description":"Das bisher schwierigste und spa\u00dfigste Clutter - Mehr als 2800 R\u00e4tsel, um sich die Zeit w\u00e4hrend des Tages zu vertreiben!","breadcrumb":{"@id":"https:\/\/www.iplay.com\/de\/games\/clutter-reflexive-the-diceman-cometh-collectors-edition\/#breadcrumb"},"inLanguage":"de-DE","potentialAction":[{"@type":"ReadAction","target":["https:\/\/www.iplay.com\/de\/games\/clutter-reflexive-the-diceman-cometh-collectors-edition\/"]}]},{"@type":"ImageObject","inLanguage":"de-DE","@id":"https:\/\/www.iplay.com\/de\/games\/clutter-reflexive-the-diceman-cometh-collectors-edition\/#primaryimage","url":"https:\/\/www.iplay.com\/wp-content\/uploads\/2023\/12\/large_square_tile_image-2060.jpg","contentUrl":"https:\/\/www.iplay.com\/wp-content\/uploads\/2023\/12\/large_square_tile_image-2060.jpg","width":310,"height":310},{"@type":"BreadcrumbList","@id":"https:\/\/www.iplay.com\/de\/games\/clutter-reflexive-the-diceman-cometh-collectors-edition\/#breadcrumb","itemListElement":[{"@type":"ListItem","position":1,"name":"Home","item":"https:\/\/www.iplay.com\/de\/home-page-2\/"},{"@type":"ListItem","position":2,"name":"Shop","item":"https:\/\/www.iplay.com\/en\/shop\/"},{"@type":"ListItem","position":3,"name":"Clutter RefleXIVe &#8211; The Diceman Cometh Collector&#8217;s Edition"}]},{"@type":"WebSite","@id":"https:\/\/www.iplay.com\/en\/#website","url":"https:\/\/www.iplay.com\/en\/","name":"IPlay","description":"The Best Casual Games!","publisher":{"@id":"https:\/\/www.iplay.com\/en\/#organization"},"potentialAction":[{"@type":"SearchAction","target":{"@type":"EntryPoint","urlTemplate":"https:\/\/www.iplay.com\/en\/?s={search_term_string}"},"query-input":{"@type":"PropertyValueSpecification","valueRequired":true,"valueName":"search_term_string"}}],"inLanguage":"de-DE"},{"@type":"Organization","@id":"https:\/\/www.iplay.com\/en\/#organization","name":"IPlay","url":"https:\/\/www.iplay.com\/en\/","logo":{"@type":"ImageObject","inLanguage":"de-DE","@id":"https:\/\/www.iplay.com\/en\/#\/schema\/logo\/image\/","url":"https:\/\/www.iplay.com\/wp-content\/uploads\/2023\/11\/Group-6100.svg","contentUrl":"https:\/\/www.iplay.com\/wp-content\/uploads\/2023\/11\/Group-6100.svg","width":98,"height":25,"caption":"IPlay"},"image":{"@id":"https:\/\/www.iplay.com\/en\/#\/schema\/logo\/image\/"}}]}},"_links":{"self":[{"href":"https:\/\/www.iplay.com\/de\/wp-json\/wp\/v2\/product\/40467","targetHints":{"allow":["GET"]}}],"collection":[{"href":"https:\/\/www.iplay.com\/de\/wp-json\/wp\/v2\/product"}],"about":[{"href":"https:\/\/www.iplay.com\/de\/wp-json\/wp\/v2\/types\/product"}],"author":[{"embeddable":true,"href":"https:\/\/www.iplay.com\/de\/wp-json\/wp\/v2\/users\/41"}],"replies":[{"embeddable":true,"href":"https:\/\/www.iplay.com\/de\/wp-json\/wp\/v2\/comments?post=40467"}],"wp:featuredmedia":[{"embeddable":true,"href":"https:\/\/www.iplay.com\/de\/wp-json\/wp\/v2\/media\/40468"}],"wp:attachment":[{"href":"https:\/\/www.iplay.com\/de\/wp-json\/wp\/v2\/media?parent=40467"}],"wp:term":[{"taxonomy":"product_brand","embeddable":true,"href":"https:\/\/www.iplay.com\/de\/wp-json\/wp\/v2\/product_brand?post=40467"},{"taxonomy":"product_cat","embeddable":true,"href":"https:\/\/www.iplay.com\/de\/wp-json\/wp\/v2\/product_cat?post=40467"},{"taxonomy":"product_tag","embeddable":true,"href":"https:\/\/www.iplay.com\/de\/wp-json\/wp\/v2\/product_tag?post=40467"}],"curies":[{"name":"wp","href":"https:\/\/api.w.org\/{rel}","templated":true}]}}