{"id":40367,"date":"2007-02-09T00:00:00","date_gmt":"2007-02-09T00:00:00","guid":{"rendered":"https:\/\/www.iplay.com\/games\/jewel-quest-ii\/"},"modified":"2025-02-27T15:12:15","modified_gmt":"2025-02-27T15:12:15","slug":"jewel-quest-ii","status":"publish","type":"product","link":"https:\/\/www.iplay.com\/de\/games\/jewel-quest-ii\/","title":{"rendered":"Jewel Quest II"},"content":{"rendered":"<p>Kommen Sie mit Professor Pack auf den reichsten Kontinent der Welt und erleben Sie das ultimative Abenteuer bei der Kombination von Juwelen. Die Gefahren der Safari, der Hintergrund der simbabwischen Ruinen und die Pracht der Victoriaf\u00e4lle warten darauf, von Ihnen entdeckt zu werden. Das Spiel steckt voller Wendungen und R\u00e4tsel und ist von atemberaubenden dynamischen Landschaften und Animationen umgeben. Genie\u00dfen Sie den mitrei\u00dfenden Soundtrack, w\u00e4hrend Sie sich in eine echte und authentische afrikanische Umgebung versetzen lassen.   <\/p>\n<p>&nbsp;<\/p>\n<p>Erlebe mit dem <strong>exklusiven Duell-Juwelen-Turnier<\/strong> eine unglaubliche neue Dimension des Vergn\u00fcgens, wenn du mit deinen Edelstein-Matching-F\u00e4higkeiten gegen Spieler auf der ganzen Welt antrittst! Entscheide, ob du gegen andere Leute oder einen Computergegner spielen m\u00f6chtest! Begib dich auf eine atemberaubende Reise durch eine aufregende Geschichte voller Abenteuer, Liebe und Verrat, die sich mit jedem Spieldurchgang weiterentwickelt!<\/p>\n","protected":false},"excerpt":{"rendered":"<p><strong>Jewel Quest II<\/strong> &#8211; Komm mit dem Professor Pack auf den reichsten Kontinent der Welt und erlebe das ultimative Abenteuer bei der Kombination von Juwelen.<\/p>\n","protected":false},"author":4,"featured_media":40374,"comment_status":"open","ping_status":"closed","template":"","meta":{"_acf_changed":false,"inline_featured_image":false},"product_brand":[],"product_cat":[194],"product_tag":[],"class_list":{"0":"post-40367","1":"product","2":"type-product","3":"status-publish","4":"has-post-thumbnail","6":"product_cat-puzzle-de","8":"first","9":"instock","10":"shipping-taxable","11":"purchasable","12":"product-type-simple"},"acf":[],"yoast_head":"<!-- This site is optimized with the Yoast SEO Premium plugin v25.2 (Yoast SEO v25.2) - https:\/\/yoast.com\/wordpress\/plugins\/seo\/ -->\n<title>Jewel Quest II - In dieser unterhaltsamen Fortsetzung erwartet dich noch mehr Juwelen-Matching-Action<\/title>\n<meta name=\"description\" content=\"Jewel Quest II - Komm mit dem Professor Pack auf den reichsten Kontinent der Welt und erlebe das ultimative Abenteuer bei der Kombination von Juwelen.\" \/>\n<meta name=\"robots\" content=\"index, follow, max-snippet:-1, max-image-preview:large, max-video-preview:-1\" \/>\n<link rel=\"canonical\" href=\"https:\/\/www.iplay.com\/de\/games\/jewel-quest-ii\/\" \/>\n<meta property=\"og:locale\" content=\"de_DE\" \/>\n<meta property=\"og:type\" content=\"article\" \/>\n<meta property=\"og:title\" content=\"Jewel Quest II\" \/>\n<meta property=\"og:description\" content=\"Jewel Quest II - Komm mit dem Professor Pack auf den reichsten Kontinent der Welt und erlebe das ultimative Abenteuer bei der Kombination von Juwelen.\" \/>\n<meta property=\"og:url\" content=\"https:\/\/www.iplay.com\/de\/games\/jewel-quest-ii\/\" \/>\n<meta property=\"og:site_name\" content=\"IPlay\" \/>\n<meta property=\"article:modified_time\" content=\"2025-02-27T15:12:15+00:00\" \/>\n<meta property=\"og:image\" content=\"https:\/\/www.iplay.com\/wp-content\/uploads\/2007\/02\/JQ2-Title-Image-2.webp\" \/>\n\t<meta property=\"og:image:width\" content=\"715\" \/>\n\t<meta property=\"og:image:height\" content=\"485\" \/>\n\t<meta property=\"og:image:type\" content=\"image\/webp\" \/>\n<meta name=\"twitter:card\" content=\"summary_large_image\" \/>\n<meta name=\"twitter:label1\" content=\"Gesch\u00e4tzte Lesezeit\" \/>\n\t<meta name=\"twitter:data1\" content=\"1 Minute\" \/>\n<script type=\"application\/ld+json\" class=\"yoast-schema-graph\">{\"@context\":\"https:\/\/schema.org\",\"@graph\":[{\"@type\":\"WebPage\",\"@id\":\"https:\/\/www.iplay.com\/de\/games\/jewel-quest-ii\/\",\"url\":\"https:\/\/www.iplay.com\/de\/games\/jewel-quest-ii\/\",\"name\":\"Jewel Quest II - In dieser unterhaltsamen Fortsetzung erwartet dich noch mehr Juwelen-Matching-Action\",\"isPartOf\":{\"@id\":\"https:\/\/www.iplay.com\/en\/#website\"},\"primaryImageOfPage\":{\"@id\":\"https:\/\/www.iplay.com\/de\/games\/jewel-quest-ii\/#primaryimage\"},\"image\":{\"@id\":\"https:\/\/www.iplay.com\/de\/games\/jewel-quest-ii\/#primaryimage\"},\"thumbnailUrl\":\"https:\/\/www.iplay.com\/wp-content\/uploads\/2007\/02\/JQ2-Title-Image-2.webp\",\"datePublished\":\"2007-02-09T00:00:00+00:00\",\"dateModified\":\"2025-02-27T15:12:15+00:00\",\"description\":\"Jewel Quest II - Komm mit dem Professor Pack auf den reichsten Kontinent der Welt und erlebe das ultimative Abenteuer bei der Kombination von Juwelen.\",\"breadcrumb\":{\"@id\":\"https:\/\/www.iplay.com\/de\/games\/jewel-quest-ii\/#breadcrumb\"},\"inLanguage\":\"de-DE\",\"potentialAction\":[{\"@type\":\"ReadAction\",\"target\":[\"https:\/\/www.iplay.com\/de\/games\/jewel-quest-ii\/\"]}]},{\"@type\":\"ImageObject\",\"inLanguage\":\"de-DE\",\"@id\":\"https:\/\/www.iplay.com\/de\/games\/jewel-quest-ii\/#primaryimage\",\"url\":\"https:\/\/www.iplay.com\/wp-content\/uploads\/2007\/02\/JQ2-Title-Image-2.webp\",\"contentUrl\":\"https:\/\/www.iplay.com\/wp-content\/uploads\/2007\/02\/JQ2-Title-Image-2.webp\",\"width\":715,\"height\":485},{\"@type\":\"BreadcrumbList\",\"@id\":\"https:\/\/www.iplay.com\/de\/games\/jewel-quest-ii\/#breadcrumb\",\"itemListElement\":[{\"@type\":\"ListItem\",\"position\":1,\"name\":\"Home\",\"item\":\"https:\/\/www.iplay.com\/de\/home-page-2\/\"},{\"@type\":\"ListItem\",\"position\":2,\"name\":\"Shop\",\"item\":\"https:\/\/www.iplay.com\/en\/shop\/\"},{\"@type\":\"ListItem\",\"position\":3,\"name\":\"Jewel Quest II\"}]},{\"@type\":\"WebSite\",\"@id\":\"https:\/\/www.iplay.com\/en\/#website\",\"url\":\"https:\/\/www.iplay.com\/en\/\",\"name\":\"IPlay\",\"description\":\"The Best Casual Games!\",\"publisher\":{\"@id\":\"https:\/\/www.iplay.com\/en\/#organization\"},\"potentialAction\":[{\"@type\":\"SearchAction\",\"target\":{\"@type\":\"EntryPoint\",\"urlTemplate\":\"https:\/\/www.iplay.com\/en\/?s={search_term_string}\"},\"query-input\":{\"@type\":\"PropertyValueSpecification\",\"valueRequired\":true,\"valueName\":\"search_term_string\"}}],\"inLanguage\":\"de-DE\"},{\"@type\":\"Organization\",\"@id\":\"https:\/\/www.iplay.com\/en\/#organization\",\"name\":\"IPlay\",\"url\":\"https:\/\/www.iplay.com\/en\/\",\"logo\":{\"@type\":\"ImageObject\",\"inLanguage\":\"de-DE\",\"@id\":\"https:\/\/www.iplay.com\/en\/#\/schema\/logo\/image\/\",\"url\":\"https:\/\/www.iplay.com\/wp-content\/uploads\/2023\/11\/Group-6100.svg\",\"contentUrl\":\"https:\/\/www.iplay.com\/wp-content\/uploads\/2023\/11\/Group-6100.svg\",\"width\":98,\"height\":25,\"caption\":\"IPlay\"},\"image\":{\"@id\":\"https:\/\/www.iplay.com\/en\/#\/schema\/logo\/image\/\"}}]}<\/script>\n<!-- \/ Yoast SEO Premium plugin. -->","yoast_head_json":{"title":"Jewel Quest II - In dieser unterhaltsamen Fortsetzung erwartet dich noch mehr Juwelen-Matching-Action","description":"Jewel Quest II - Komm mit dem Professor Pack auf den reichsten Kontinent der Welt und erlebe das ultimative Abenteuer bei der Kombination von Juwelen.","robots":{"index":"index","follow":"follow","max-snippet":"max-snippet:-1","max-image-preview":"max-image-preview:large","max-video-preview":"max-video-preview:-1"},"canonical":"https:\/\/www.iplay.com\/de\/games\/jewel-quest-ii\/","og_locale":"de_DE","og_type":"article","og_title":"Jewel Quest II","og_description":"Jewel Quest II - Komm mit dem Professor Pack auf den reichsten Kontinent der Welt und erlebe das ultimative Abenteuer bei der Kombination von Juwelen.","og_url":"https:\/\/www.iplay.com\/de\/games\/jewel-quest-ii\/","og_site_name":"IPlay","article_modified_time":"2025-02-27T15:12:15+00:00","og_image":[{"width":715,"height":485,"url":"https:\/\/www.iplay.com\/wp-content\/uploads\/2007\/02\/JQ2-Title-Image-2.webp","type":"image\/webp"}],"twitter_card":"summary_large_image","twitter_misc":{"Gesch\u00e4tzte Lesezeit":"1 Minute"},"schema":{"@context":"https:\/\/schema.org","@graph":[{"@type":"WebPage","@id":"https:\/\/www.iplay.com\/de\/games\/jewel-quest-ii\/","url":"https:\/\/www.iplay.com\/de\/games\/jewel-quest-ii\/","name":"Jewel Quest II - In dieser unterhaltsamen Fortsetzung erwartet dich noch mehr Juwelen-Matching-Action","isPartOf":{"@id":"https:\/\/www.iplay.com\/en\/#website"},"primaryImageOfPage":{"@id":"https:\/\/www.iplay.com\/de\/games\/jewel-quest-ii\/#primaryimage"},"image":{"@id":"https:\/\/www.iplay.com\/de\/games\/jewel-quest-ii\/#primaryimage"},"thumbnailUrl":"https:\/\/www.iplay.com\/wp-content\/uploads\/2007\/02\/JQ2-Title-Image-2.webp","datePublished":"2007-02-09T00:00:00+00:00","dateModified":"2025-02-27T15:12:15+00:00","description":"Jewel Quest II - Komm mit dem Professor Pack auf den reichsten Kontinent der Welt und erlebe das ultimative Abenteuer bei der Kombination von Juwelen.","breadcrumb":{"@id":"https:\/\/www.iplay.com\/de\/games\/jewel-quest-ii\/#breadcrumb"},"inLanguage":"de-DE","potentialAction":[{"@type":"ReadAction","target":["https:\/\/www.iplay.com\/de\/games\/jewel-quest-ii\/"]}]},{"@type":"ImageObject","inLanguage":"de-DE","@id":"https:\/\/www.iplay.com\/de\/games\/jewel-quest-ii\/#primaryimage","url":"https:\/\/www.iplay.com\/wp-content\/uploads\/2007\/02\/JQ2-Title-Image-2.webp","contentUrl":"https:\/\/www.iplay.com\/wp-content\/uploads\/2007\/02\/JQ2-Title-Image-2.webp","width":715,"height":485},{"@type":"BreadcrumbList","@id":"https:\/\/www.iplay.com\/de\/games\/jewel-quest-ii\/#breadcrumb","itemListElement":[{"@type":"ListItem","position":1,"name":"Home","item":"https:\/\/www.iplay.com\/de\/home-page-2\/"},{"@type":"ListItem","position":2,"name":"Shop","item":"https:\/\/www.iplay.com\/en\/shop\/"},{"@type":"ListItem","position":3,"name":"Jewel Quest II"}]},{"@type":"WebSite","@id":"https:\/\/www.iplay.com\/en\/#website","url":"https:\/\/www.iplay.com\/en\/","name":"IPlay","description":"The Best Casual Games!","publisher":{"@id":"https:\/\/www.iplay.com\/en\/#organization"},"potentialAction":[{"@type":"SearchAction","target":{"@type":"EntryPoint","urlTemplate":"https:\/\/www.iplay.com\/en\/?s={search_term_string}"},"query-input":{"@type":"PropertyValueSpecification","valueRequired":true,"valueName":"search_term_string"}}],"inLanguage":"de-DE"},{"@type":"Organization","@id":"https:\/\/www.iplay.com\/en\/#organization","name":"IPlay","url":"https:\/\/www.iplay.com\/en\/","logo":{"@type":"ImageObject","inLanguage":"de-DE","@id":"https:\/\/www.iplay.com\/en\/#\/schema\/logo\/image\/","url":"https:\/\/www.iplay.com\/wp-content\/uploads\/2023\/11\/Group-6100.svg","contentUrl":"https:\/\/www.iplay.com\/wp-content\/uploads\/2023\/11\/Group-6100.svg","width":98,"height":25,"caption":"IPlay"},"image":{"@id":"https:\/\/www.iplay.com\/en\/#\/schema\/logo\/image\/"}}]}},"_links":{"self":[{"href":"https:\/\/www.iplay.com\/de\/wp-json\/wp\/v2\/product\/40367","targetHints":{"allow":["GET"]}}],"collection":[{"href":"https:\/\/www.iplay.com\/de\/wp-json\/wp\/v2\/product"}],"about":[{"href":"https:\/\/www.iplay.com\/de\/wp-json\/wp\/v2\/types\/product"}],"author":[{"embeddable":true,"href":"https:\/\/www.iplay.com\/de\/wp-json\/wp\/v2\/users\/4"}],"replies":[{"embeddable":true,"href":"https:\/\/www.iplay.com\/de\/wp-json\/wp\/v2\/comments?post=40367"}],"wp:featuredmedia":[{"embeddable":true,"href":"https:\/\/www.iplay.com\/de\/wp-json\/wp\/v2\/media\/40374"}],"wp:attachment":[{"href":"https:\/\/www.iplay.com\/de\/wp-json\/wp\/v2\/media?parent=40367"}],"wp:term":[{"taxonomy":"product_brand","embeddable":true,"href":"https:\/\/www.iplay.com\/de\/wp-json\/wp\/v2\/product_brand?post=40367"},{"taxonomy":"product_cat","embeddable":true,"href":"https:\/\/www.iplay.com\/de\/wp-json\/wp\/v2\/product_cat?post=40367"},{"taxonomy":"product_tag","embeddable":true,"href":"https:\/\/www.iplay.com\/de\/wp-json\/wp\/v2\/product_tag?post=40367"}],"curies":[{"name":"wp","href":"https:\/\/api.w.org\/{rel}","templated":true}]}}