{"id":40025,"date":"2011-07-27T00:00:00","date_gmt":"2011-07-27T00:00:00","guid":{"rendered":"https:\/\/www.iplay.com\/games\/midnight-mysteries-devil-on-the-mississippi-collectors-edition\/"},"modified":"2011-07-27T00:00:00","modified_gmt":"2011-07-27T00:00:00","slug":"midnight-mysteries-devil-on-the-mississippi-collectors-edition","status":"publish","type":"product","link":"https:\/\/www.iplay.com\/de\/games\/midnight-mysteries-devil-on-the-mississippi-collectors-edition\/","title":{"rendered":"Midnight Mysteries: Devil on the Mississippi Collector&#8217;s Edition"},"content":{"rendered":"<p>Der Geist von Mark Twain ist zu euch gekommen, um sich von einem B\u00f6sen zu befreien, das ihn im Jenseits verfolgt hat. Verfolgen Sie die Taten in Twains Vergangenheit, die zu seinem lebenslangen Leiden f\u00fchrten. Twains Liebe zur Literaturgeschichte entfacht eine kontroverse Diskussion \u00fcber Shakespeares wahre Identit\u00e4t und bringt mehrere finstere Figuren zum Vorschein. Twain beginnt, die Dunkelheit aus seiner Zeit zu verbannen, nachdem er ein unvorhergesehenes B\u00f6ses entdeckt hat, aber die Geschichte wird nur noch komplizierter. W\u00e4hrend sich t\u00f6dliche M\u00e4chte abzeichnen, musst du mit Twain zusammenarbeiten, um die Verbindungen zu kl\u00e4ren und die Geschichte zu korrigieren.    <\/p>\n<p>&nbsp;<\/p>\n<p>&nbsp;<\/p>\n<p><strong>Funktionen:<\/strong><\/p>\n<p>&nbsp;<\/p>\n<ul>\n<li>Nutzen Sie den hilfreichen, voll integrierten Strategieleitfaden<\/li>\n<li>Werfen Sie einen Blick hinter die Kulissen mit einer F\u00fclle von Konzepten<\/li>\n<li>12 exquisit illustrierte Hintergrundbilder<\/li>\n<li>Bonus Dem Bones Spielmodus<\/li>\n<li>Erlebe alle Spezialeffekte im Panikraum noch einmal.<\/li>\n<\/ul>\n","protected":false},"excerpt":{"rendered":"<p>Das ist Mark Twains Geist, der sich mit Ihnen in Verbindung setzt, um Hilfe zu erhalten!<\/p>\n","protected":false},"author":1,"featured_media":40028,"comment_status":"open","ping_status":"closed","template":"","meta":{"_acf_changed":false,"inline_featured_image":false},"product_brand":[],"product_cat":[164],"product_tag":[289],"class_list":{"0":"post-40025","1":"product","2":"type-product","3":"status-publish","4":"has-post-thumbnail","6":"product_cat-hidden-object-de","7":"product_tag-play-on-pc-de","9":"first","10":"instock","11":"shipping-taxable","12":"purchasable","13":"product-type-simple"},"acf":[],"yoast_head":"<!-- This site is optimized with the Yoast SEO Premium plugin v25.2 (Yoast SEO v25.2) - https:\/\/yoast.com\/wordpress\/plugins\/seo\/ -->\n<title>Midnight Mysteries: Devil on the Mississippi Collector&#039;s Edition - Mark Twains Geist sucht Hilfe in der Collector&#039;s Edition<\/title>\n<meta name=\"description\" content=\"Das ist Mark Twains Geist, der sich mit Ihnen in Verbindung setzt, um Hilfe zu erhalten!\" \/>\n<meta name=\"robots\" content=\"index, follow, max-snippet:-1, max-image-preview:large, max-video-preview:-1\" \/>\n<link rel=\"canonical\" href=\"https:\/\/www.iplay.com\/de\/games\/midnight-mysteries-devil-on-the-mississippi-collectors-edition\/\" \/>\n<meta property=\"og:locale\" content=\"de_DE\" \/>\n<meta property=\"og:type\" content=\"article\" \/>\n<meta property=\"og:title\" content=\"Midnight Mysteries: Devil on the Mississippi Collector&#039;s Edition\" \/>\n<meta property=\"og:description\" content=\"Das ist Mark Twains Geist, der sich mit Ihnen in Verbindung setzt, um Hilfe zu erhalten!\" \/>\n<meta property=\"og:url\" content=\"https:\/\/www.iplay.com\/de\/games\/midnight-mysteries-devil-on-the-mississippi-collectors-edition\/\" \/>\n<meta property=\"og:site_name\" content=\"IPlay\" \/>\n<meta property=\"og:image\" content=\"https:\/\/www.iplay.com\/wp-content\/uploads\/2023\/12\/large_square_tile_image-808.jpg\" \/>\n\t<meta property=\"og:image:width\" content=\"310\" \/>\n\t<meta property=\"og:image:height\" content=\"310\" \/>\n\t<meta property=\"og:image:type\" content=\"image\/jpeg\" \/>\n<meta name=\"twitter:card\" content=\"summary_large_image\" \/>\n<meta name=\"twitter:label1\" content=\"Gesch\u00e4tzte Lesezeit\" \/>\n\t<meta name=\"twitter:data1\" content=\"1 Minute\" \/>\n<script type=\"application\/ld+json\" class=\"yoast-schema-graph\">{\"@context\":\"https:\/\/schema.org\",\"@graph\":[{\"@type\":\"WebPage\",\"@id\":\"https:\/\/www.iplay.com\/de\/games\/midnight-mysteries-devil-on-the-mississippi-collectors-edition\/\",\"url\":\"https:\/\/www.iplay.com\/de\/games\/midnight-mysteries-devil-on-the-mississippi-collectors-edition\/\",\"name\":\"Midnight Mysteries: Devil on the Mississippi Collector's Edition - Mark Twains Geist sucht Hilfe in der Collector's Edition\",\"isPartOf\":{\"@id\":\"https:\/\/www.iplay.com\/en\/#website\"},\"primaryImageOfPage\":{\"@id\":\"https:\/\/www.iplay.com\/de\/games\/midnight-mysteries-devil-on-the-mississippi-collectors-edition\/#primaryimage\"},\"image\":{\"@id\":\"https:\/\/www.iplay.com\/de\/games\/midnight-mysteries-devil-on-the-mississippi-collectors-edition\/#primaryimage\"},\"thumbnailUrl\":\"https:\/\/www.iplay.com\/wp-content\/uploads\/2023\/12\/large_square_tile_image-808.jpg\",\"datePublished\":\"2011-07-27T00:00:00+00:00\",\"description\":\"Das ist Mark Twains Geist, der sich mit Ihnen in Verbindung setzt, um Hilfe zu erhalten!\",\"breadcrumb\":{\"@id\":\"https:\/\/www.iplay.com\/de\/games\/midnight-mysteries-devil-on-the-mississippi-collectors-edition\/#breadcrumb\"},\"inLanguage\":\"de-DE\",\"potentialAction\":[{\"@type\":\"ReadAction\",\"target\":[\"https:\/\/www.iplay.com\/de\/games\/midnight-mysteries-devil-on-the-mississippi-collectors-edition\/\"]}]},{\"@type\":\"ImageObject\",\"inLanguage\":\"de-DE\",\"@id\":\"https:\/\/www.iplay.com\/de\/games\/midnight-mysteries-devil-on-the-mississippi-collectors-edition\/#primaryimage\",\"url\":\"https:\/\/www.iplay.com\/wp-content\/uploads\/2023\/12\/large_square_tile_image-808.jpg\",\"contentUrl\":\"https:\/\/www.iplay.com\/wp-content\/uploads\/2023\/12\/large_square_tile_image-808.jpg\",\"width\":310,\"height\":310},{\"@type\":\"BreadcrumbList\",\"@id\":\"https:\/\/www.iplay.com\/de\/games\/midnight-mysteries-devil-on-the-mississippi-collectors-edition\/#breadcrumb\",\"itemListElement\":[{\"@type\":\"ListItem\",\"position\":1,\"name\":\"Home\",\"item\":\"https:\/\/www.iplay.com\/de\/home-page-2\/\"},{\"@type\":\"ListItem\",\"position\":2,\"name\":\"Shop\",\"item\":\"https:\/\/www.iplay.com\/en\/shop\/\"},{\"@type\":\"ListItem\",\"position\":3,\"name\":\"Midnight Mysteries: Devil on the Mississippi Collector&#8217;s Edition\"}]},{\"@type\":\"WebSite\",\"@id\":\"https:\/\/www.iplay.com\/en\/#website\",\"url\":\"https:\/\/www.iplay.com\/en\/\",\"name\":\"IPlay\",\"description\":\"The Best Casual Games!\",\"publisher\":{\"@id\":\"https:\/\/www.iplay.com\/en\/#organization\"},\"potentialAction\":[{\"@type\":\"SearchAction\",\"target\":{\"@type\":\"EntryPoint\",\"urlTemplate\":\"https:\/\/www.iplay.com\/en\/?s={search_term_string}\"},\"query-input\":{\"@type\":\"PropertyValueSpecification\",\"valueRequired\":true,\"valueName\":\"search_term_string\"}}],\"inLanguage\":\"de-DE\"},{\"@type\":\"Organization\",\"@id\":\"https:\/\/www.iplay.com\/en\/#organization\",\"name\":\"IPlay\",\"url\":\"https:\/\/www.iplay.com\/en\/\",\"logo\":{\"@type\":\"ImageObject\",\"inLanguage\":\"de-DE\",\"@id\":\"https:\/\/www.iplay.com\/en\/#\/schema\/logo\/image\/\",\"url\":\"https:\/\/www.iplay.com\/wp-content\/uploads\/2023\/11\/Group-6100.svg\",\"contentUrl\":\"https:\/\/www.iplay.com\/wp-content\/uploads\/2023\/11\/Group-6100.svg\",\"width\":98,\"height\":25,\"caption\":\"IPlay\"},\"image\":{\"@id\":\"https:\/\/www.iplay.com\/en\/#\/schema\/logo\/image\/\"}}]}<\/script>\n<!-- \/ Yoast SEO Premium plugin. -->","yoast_head_json":{"title":"Midnight Mysteries: Devil on the Mississippi Collector's Edition - Mark Twains Geist sucht Hilfe in der Collector's Edition","description":"Das ist Mark Twains Geist, der sich mit Ihnen in Verbindung setzt, um Hilfe zu erhalten!","robots":{"index":"index","follow":"follow","max-snippet":"max-snippet:-1","max-image-preview":"max-image-preview:large","max-video-preview":"max-video-preview:-1"},"canonical":"https:\/\/www.iplay.com\/de\/games\/midnight-mysteries-devil-on-the-mississippi-collectors-edition\/","og_locale":"de_DE","og_type":"article","og_title":"Midnight Mysteries: Devil on the Mississippi Collector's Edition","og_description":"Das ist Mark Twains Geist, der sich mit Ihnen in Verbindung setzt, um Hilfe zu erhalten!","og_url":"https:\/\/www.iplay.com\/de\/games\/midnight-mysteries-devil-on-the-mississippi-collectors-edition\/","og_site_name":"IPlay","og_image":[{"width":310,"height":310,"url":"https:\/\/www.iplay.com\/wp-content\/uploads\/2023\/12\/large_square_tile_image-808.jpg","type":"image\/jpeg"}],"twitter_card":"summary_large_image","twitter_misc":{"Gesch\u00e4tzte Lesezeit":"1 Minute"},"schema":{"@context":"https:\/\/schema.org","@graph":[{"@type":"WebPage","@id":"https:\/\/www.iplay.com\/de\/games\/midnight-mysteries-devil-on-the-mississippi-collectors-edition\/","url":"https:\/\/www.iplay.com\/de\/games\/midnight-mysteries-devil-on-the-mississippi-collectors-edition\/","name":"Midnight Mysteries: Devil on the Mississippi Collector's Edition - Mark Twains Geist sucht Hilfe in der Collector's Edition","isPartOf":{"@id":"https:\/\/www.iplay.com\/en\/#website"},"primaryImageOfPage":{"@id":"https:\/\/www.iplay.com\/de\/games\/midnight-mysteries-devil-on-the-mississippi-collectors-edition\/#primaryimage"},"image":{"@id":"https:\/\/www.iplay.com\/de\/games\/midnight-mysteries-devil-on-the-mississippi-collectors-edition\/#primaryimage"},"thumbnailUrl":"https:\/\/www.iplay.com\/wp-content\/uploads\/2023\/12\/large_square_tile_image-808.jpg","datePublished":"2011-07-27T00:00:00+00:00","description":"Das ist Mark Twains Geist, der sich mit Ihnen in Verbindung setzt, um Hilfe zu erhalten!","breadcrumb":{"@id":"https:\/\/www.iplay.com\/de\/games\/midnight-mysteries-devil-on-the-mississippi-collectors-edition\/#breadcrumb"},"inLanguage":"de-DE","potentialAction":[{"@type":"ReadAction","target":["https:\/\/www.iplay.com\/de\/games\/midnight-mysteries-devil-on-the-mississippi-collectors-edition\/"]}]},{"@type":"ImageObject","inLanguage":"de-DE","@id":"https:\/\/www.iplay.com\/de\/games\/midnight-mysteries-devil-on-the-mississippi-collectors-edition\/#primaryimage","url":"https:\/\/www.iplay.com\/wp-content\/uploads\/2023\/12\/large_square_tile_image-808.jpg","contentUrl":"https:\/\/www.iplay.com\/wp-content\/uploads\/2023\/12\/large_square_tile_image-808.jpg","width":310,"height":310},{"@type":"BreadcrumbList","@id":"https:\/\/www.iplay.com\/de\/games\/midnight-mysteries-devil-on-the-mississippi-collectors-edition\/#breadcrumb","itemListElement":[{"@type":"ListItem","position":1,"name":"Home","item":"https:\/\/www.iplay.com\/de\/home-page-2\/"},{"@type":"ListItem","position":2,"name":"Shop","item":"https:\/\/www.iplay.com\/en\/shop\/"},{"@type":"ListItem","position":3,"name":"Midnight Mysteries: Devil on the Mississippi Collector&#8217;s Edition"}]},{"@type":"WebSite","@id":"https:\/\/www.iplay.com\/en\/#website","url":"https:\/\/www.iplay.com\/en\/","name":"IPlay","description":"The Best Casual Games!","publisher":{"@id":"https:\/\/www.iplay.com\/en\/#organization"},"potentialAction":[{"@type":"SearchAction","target":{"@type":"EntryPoint","urlTemplate":"https:\/\/www.iplay.com\/en\/?s={search_term_string}"},"query-input":{"@type":"PropertyValueSpecification","valueRequired":true,"valueName":"search_term_string"}}],"inLanguage":"de-DE"},{"@type":"Organization","@id":"https:\/\/www.iplay.com\/en\/#organization","name":"IPlay","url":"https:\/\/www.iplay.com\/en\/","logo":{"@type":"ImageObject","inLanguage":"de-DE","@id":"https:\/\/www.iplay.com\/en\/#\/schema\/logo\/image\/","url":"https:\/\/www.iplay.com\/wp-content\/uploads\/2023\/11\/Group-6100.svg","contentUrl":"https:\/\/www.iplay.com\/wp-content\/uploads\/2023\/11\/Group-6100.svg","width":98,"height":25,"caption":"IPlay"},"image":{"@id":"https:\/\/www.iplay.com\/en\/#\/schema\/logo\/image\/"}}]}},"_links":{"self":[{"href":"https:\/\/www.iplay.com\/de\/wp-json\/wp\/v2\/product\/40025","targetHints":{"allow":["GET"]}}],"collection":[{"href":"https:\/\/www.iplay.com\/de\/wp-json\/wp\/v2\/product"}],"about":[{"href":"https:\/\/www.iplay.com\/de\/wp-json\/wp\/v2\/types\/product"}],"author":[{"embeddable":true,"href":"https:\/\/www.iplay.com\/de\/wp-json\/wp\/v2\/users\/1"}],"replies":[{"embeddable":true,"href":"https:\/\/www.iplay.com\/de\/wp-json\/wp\/v2\/comments?post=40025"}],"wp:featuredmedia":[{"embeddable":true,"href":"https:\/\/www.iplay.com\/de\/wp-json\/wp\/v2\/media\/40028"}],"wp:attachment":[{"href":"https:\/\/www.iplay.com\/de\/wp-json\/wp\/v2\/media?parent=40025"}],"wp:term":[{"taxonomy":"product_brand","embeddable":true,"href":"https:\/\/www.iplay.com\/de\/wp-json\/wp\/v2\/product_brand?post=40025"},{"taxonomy":"product_cat","embeddable":true,"href":"https:\/\/www.iplay.com\/de\/wp-json\/wp\/v2\/product_cat?post=40025"},{"taxonomy":"product_tag","embeddable":true,"href":"https:\/\/www.iplay.com\/de\/wp-json\/wp\/v2\/product_tag?post=40025"}],"curies":[{"name":"wp","href":"https:\/\/api.w.org\/{rel}","templated":true}]}}