{"id":39825,"date":"2019-08-22T00:00:00","date_gmt":"2019-08-22T00:00:00","guid":{"rendered":"https:\/\/www.iplay.com\/games\/fables-of-the-kingdom-iii-collectors-edition\/"},"modified":"2019-08-22T00:00:00","modified_gmt":"2019-08-22T00:00:00","slug":"fables-of-the-kingdom-iii-collectors-edition","status":"publish","type":"product","link":"https:\/\/www.iplay.com\/de\/games\/fables-of-the-kingdom-iii-collectors-edition\/","title":{"rendered":"Fables of the Kingdom III Collector&#8217;s Edition"},"content":{"rendered":"<p>Eine d\u00fcstere Nachricht von unseren Elfenverb\u00fcndeten informiert uns \u00fcber ein furchterregendes kristallines Wesen, das aus dem Inneren der Erde aufsteigt und Energie vom Baum des Lebens stiehlt. Schlimmer noch, es wird von einem alten Feind namens Balen ausgef\u00fchrt. Das einzige Relikt, das stark genug ist, um Balen aufzuhalten, ist das Herz der Elemente, und um es zu bekommen, muss man eine gef\u00e4hrliche Wanderung zum Feuerberg unternehmen. F\u00fchre diese tapferen Krieger an und stelle das Gleichgewicht wieder her!   <\/p>\n<p>&nbsp;<\/p>\n<p>&nbsp;<\/p>\n<p><strong>Funktionen:<\/strong><\/p>\n<p>&nbsp;<\/p>\n<p>&#8211; Integrierter Strategieleitfaden<br \/>\n&#8211; Wundersch\u00f6n gestaltete<br \/>\n Hintergrundbilder- Einzigartige und schwere Levels<br \/>\n&#8211; Verdiene Erfolge und entdecke die Halle der Helden<br \/>\n &#8211; Bonuskapitel!<\/p>\n","protected":false},"excerpt":{"rendered":"<p>Das Gleichgewicht der Natur ist in Gefahr, also hilf den Helden! Fabeln des K\u00f6nigreichs, drittes Jahrhundert n. Chr. <\/p>\n","protected":false},"author":51,"featured_media":39827,"comment_status":"open","ping_status":"closed","template":"","meta":{"_acf_changed":false,"inline_featured_image":false},"product_brand":[],"product_cat":[217],"product_tag":[289],"class_list":{"0":"post-39825","1":"product","2":"type-product","3":"status-publish","4":"has-post-thumbnail","6":"product_cat-time-management-de","7":"product_tag-play-on-pc-de","9":"first","10":"instock","11":"shipping-taxable","12":"purchasable","13":"product-type-simple"},"acf":[],"yoast_head":"<!-- This site is optimized with the Yoast SEO Premium plugin v25.2 (Yoast SEO v25.2) - https:\/\/yoast.com\/wordpress\/plugins\/seo\/ -->\n<title>Fables of the Kingdom III Collector&#039;s Edition - Fables of the Kingdom III CE - Helden retten das Gleichgewicht der Natur<\/title>\n<meta name=\"description\" content=\"Das Gleichgewicht der Natur ist in Gefahr, also hilf den Helden! Fabeln des K\u00f6nigreichs, drittes Jahrhundert n. Chr.\" \/>\n<meta name=\"robots\" content=\"index, follow, max-snippet:-1, max-image-preview:large, max-video-preview:-1\" \/>\n<link rel=\"canonical\" href=\"https:\/\/www.iplay.com\/de\/games\/fables-of-the-kingdom-iii-collectors-edition\/\" \/>\n<meta property=\"og:locale\" content=\"de_DE\" \/>\n<meta property=\"og:type\" content=\"article\" \/>\n<meta property=\"og:title\" content=\"Fables of the Kingdom III Collector&#039;s Edition\" \/>\n<meta property=\"og:description\" content=\"Das Gleichgewicht der Natur ist in Gefahr, also hilf den Helden! Fabeln des K\u00f6nigreichs, drittes Jahrhundert n. Chr.\" \/>\n<meta property=\"og:url\" content=\"https:\/\/www.iplay.com\/de\/games\/fables-of-the-kingdom-iii-collectors-edition\/\" \/>\n<meta property=\"og:site_name\" content=\"IPlay\" \/>\n<meta property=\"og:image\" content=\"https:\/\/www.iplay.com\/wp-content\/uploads\/2023\/12\/large_square_tile_image-3314.jpg\" \/>\n\t<meta property=\"og:image:width\" content=\"310\" \/>\n\t<meta property=\"og:image:height\" content=\"310\" \/>\n\t<meta property=\"og:image:type\" content=\"image\/jpeg\" \/>\n<meta name=\"twitter:card\" content=\"summary_large_image\" \/>\n<meta name=\"twitter:label1\" content=\"Gesch\u00e4tzte Lesezeit\" \/>\n\t<meta name=\"twitter:data1\" content=\"1 Minute\" \/>\n<script type=\"application\/ld+json\" class=\"yoast-schema-graph\">{\"@context\":\"https:\/\/schema.org\",\"@graph\":[{\"@type\":\"WebPage\",\"@id\":\"https:\/\/www.iplay.com\/de\/games\/fables-of-the-kingdom-iii-collectors-edition\/\",\"url\":\"https:\/\/www.iplay.com\/de\/games\/fables-of-the-kingdom-iii-collectors-edition\/\",\"name\":\"Fables of the Kingdom III Collector's Edition - Fables of the Kingdom III CE - Helden retten das Gleichgewicht der Natur\",\"isPartOf\":{\"@id\":\"https:\/\/www.iplay.com\/en\/#website\"},\"primaryImageOfPage\":{\"@id\":\"https:\/\/www.iplay.com\/de\/games\/fables-of-the-kingdom-iii-collectors-edition\/#primaryimage\"},\"image\":{\"@id\":\"https:\/\/www.iplay.com\/de\/games\/fables-of-the-kingdom-iii-collectors-edition\/#primaryimage\"},\"thumbnailUrl\":\"https:\/\/www.iplay.com\/wp-content\/uploads\/2023\/12\/large_square_tile_image-3314.jpg\",\"datePublished\":\"2019-08-22T00:00:00+00:00\",\"description\":\"Das Gleichgewicht der Natur ist in Gefahr, also hilf den Helden! Fabeln des K\u00f6nigreichs, drittes Jahrhundert n. Chr.\",\"breadcrumb\":{\"@id\":\"https:\/\/www.iplay.com\/de\/games\/fables-of-the-kingdom-iii-collectors-edition\/#breadcrumb\"},\"inLanguage\":\"de-DE\",\"potentialAction\":[{\"@type\":\"ReadAction\",\"target\":[\"https:\/\/www.iplay.com\/de\/games\/fables-of-the-kingdom-iii-collectors-edition\/\"]}]},{\"@type\":\"ImageObject\",\"inLanguage\":\"de-DE\",\"@id\":\"https:\/\/www.iplay.com\/de\/games\/fables-of-the-kingdom-iii-collectors-edition\/#primaryimage\",\"url\":\"https:\/\/www.iplay.com\/wp-content\/uploads\/2023\/12\/large_square_tile_image-3314.jpg\",\"contentUrl\":\"https:\/\/www.iplay.com\/wp-content\/uploads\/2023\/12\/large_square_tile_image-3314.jpg\",\"width\":310,\"height\":310},{\"@type\":\"BreadcrumbList\",\"@id\":\"https:\/\/www.iplay.com\/de\/games\/fables-of-the-kingdom-iii-collectors-edition\/#breadcrumb\",\"itemListElement\":[{\"@type\":\"ListItem\",\"position\":1,\"name\":\"Home\",\"item\":\"https:\/\/www.iplay.com\/de\/home-page-2\/\"},{\"@type\":\"ListItem\",\"position\":2,\"name\":\"Shop\",\"item\":\"https:\/\/www.iplay.com\/en\/shop\/\"},{\"@type\":\"ListItem\",\"position\":3,\"name\":\"Fables of the Kingdom III Collector&#8217;s Edition\"}]},{\"@type\":\"WebSite\",\"@id\":\"https:\/\/www.iplay.com\/en\/#website\",\"url\":\"https:\/\/www.iplay.com\/en\/\",\"name\":\"IPlay\",\"description\":\"The Best Casual Games!\",\"publisher\":{\"@id\":\"https:\/\/www.iplay.com\/en\/#organization\"},\"potentialAction\":[{\"@type\":\"SearchAction\",\"target\":{\"@type\":\"EntryPoint\",\"urlTemplate\":\"https:\/\/www.iplay.com\/en\/?s={search_term_string}\"},\"query-input\":{\"@type\":\"PropertyValueSpecification\",\"valueRequired\":true,\"valueName\":\"search_term_string\"}}],\"inLanguage\":\"de-DE\"},{\"@type\":\"Organization\",\"@id\":\"https:\/\/www.iplay.com\/en\/#organization\",\"name\":\"IPlay\",\"url\":\"https:\/\/www.iplay.com\/en\/\",\"logo\":{\"@type\":\"ImageObject\",\"inLanguage\":\"de-DE\",\"@id\":\"https:\/\/www.iplay.com\/en\/#\/schema\/logo\/image\/\",\"url\":\"https:\/\/www.iplay.com\/wp-content\/uploads\/2023\/11\/Group-6100.svg\",\"contentUrl\":\"https:\/\/www.iplay.com\/wp-content\/uploads\/2023\/11\/Group-6100.svg\",\"width\":98,\"height\":25,\"caption\":\"IPlay\"},\"image\":{\"@id\":\"https:\/\/www.iplay.com\/en\/#\/schema\/logo\/image\/\"}}]}<\/script>\n<!-- \/ Yoast SEO Premium plugin. -->","yoast_head_json":{"title":"Fables of the Kingdom III Collector's Edition - Fables of the Kingdom III CE - Helden retten das Gleichgewicht der Natur","description":"Das Gleichgewicht der Natur ist in Gefahr, also hilf den Helden! Fabeln des K\u00f6nigreichs, drittes Jahrhundert n. Chr.","robots":{"index":"index","follow":"follow","max-snippet":"max-snippet:-1","max-image-preview":"max-image-preview:large","max-video-preview":"max-video-preview:-1"},"canonical":"https:\/\/www.iplay.com\/de\/games\/fables-of-the-kingdom-iii-collectors-edition\/","og_locale":"de_DE","og_type":"article","og_title":"Fables of the Kingdom III Collector's Edition","og_description":"Das Gleichgewicht der Natur ist in Gefahr, also hilf den Helden! Fabeln des K\u00f6nigreichs, drittes Jahrhundert n. Chr.","og_url":"https:\/\/www.iplay.com\/de\/games\/fables-of-the-kingdom-iii-collectors-edition\/","og_site_name":"IPlay","og_image":[{"width":310,"height":310,"url":"https:\/\/www.iplay.com\/wp-content\/uploads\/2023\/12\/large_square_tile_image-3314.jpg","type":"image\/jpeg"}],"twitter_card":"summary_large_image","twitter_misc":{"Gesch\u00e4tzte Lesezeit":"1 Minute"},"schema":{"@context":"https:\/\/schema.org","@graph":[{"@type":"WebPage","@id":"https:\/\/www.iplay.com\/de\/games\/fables-of-the-kingdom-iii-collectors-edition\/","url":"https:\/\/www.iplay.com\/de\/games\/fables-of-the-kingdom-iii-collectors-edition\/","name":"Fables of the Kingdom III Collector's Edition - Fables of the Kingdom III CE - Helden retten das Gleichgewicht der Natur","isPartOf":{"@id":"https:\/\/www.iplay.com\/en\/#website"},"primaryImageOfPage":{"@id":"https:\/\/www.iplay.com\/de\/games\/fables-of-the-kingdom-iii-collectors-edition\/#primaryimage"},"image":{"@id":"https:\/\/www.iplay.com\/de\/games\/fables-of-the-kingdom-iii-collectors-edition\/#primaryimage"},"thumbnailUrl":"https:\/\/www.iplay.com\/wp-content\/uploads\/2023\/12\/large_square_tile_image-3314.jpg","datePublished":"2019-08-22T00:00:00+00:00","description":"Das Gleichgewicht der Natur ist in Gefahr, also hilf den Helden! Fabeln des K\u00f6nigreichs, drittes Jahrhundert n. Chr.","breadcrumb":{"@id":"https:\/\/www.iplay.com\/de\/games\/fables-of-the-kingdom-iii-collectors-edition\/#breadcrumb"},"inLanguage":"de-DE","potentialAction":[{"@type":"ReadAction","target":["https:\/\/www.iplay.com\/de\/games\/fables-of-the-kingdom-iii-collectors-edition\/"]}]},{"@type":"ImageObject","inLanguage":"de-DE","@id":"https:\/\/www.iplay.com\/de\/games\/fables-of-the-kingdom-iii-collectors-edition\/#primaryimage","url":"https:\/\/www.iplay.com\/wp-content\/uploads\/2023\/12\/large_square_tile_image-3314.jpg","contentUrl":"https:\/\/www.iplay.com\/wp-content\/uploads\/2023\/12\/large_square_tile_image-3314.jpg","width":310,"height":310},{"@type":"BreadcrumbList","@id":"https:\/\/www.iplay.com\/de\/games\/fables-of-the-kingdom-iii-collectors-edition\/#breadcrumb","itemListElement":[{"@type":"ListItem","position":1,"name":"Home","item":"https:\/\/www.iplay.com\/de\/home-page-2\/"},{"@type":"ListItem","position":2,"name":"Shop","item":"https:\/\/www.iplay.com\/en\/shop\/"},{"@type":"ListItem","position":3,"name":"Fables of the Kingdom III Collector&#8217;s Edition"}]},{"@type":"WebSite","@id":"https:\/\/www.iplay.com\/en\/#website","url":"https:\/\/www.iplay.com\/en\/","name":"IPlay","description":"The Best Casual Games!","publisher":{"@id":"https:\/\/www.iplay.com\/en\/#organization"},"potentialAction":[{"@type":"SearchAction","target":{"@type":"EntryPoint","urlTemplate":"https:\/\/www.iplay.com\/en\/?s={search_term_string}"},"query-input":{"@type":"PropertyValueSpecification","valueRequired":true,"valueName":"search_term_string"}}],"inLanguage":"de-DE"},{"@type":"Organization","@id":"https:\/\/www.iplay.com\/en\/#organization","name":"IPlay","url":"https:\/\/www.iplay.com\/en\/","logo":{"@type":"ImageObject","inLanguage":"de-DE","@id":"https:\/\/www.iplay.com\/en\/#\/schema\/logo\/image\/","url":"https:\/\/www.iplay.com\/wp-content\/uploads\/2023\/11\/Group-6100.svg","contentUrl":"https:\/\/www.iplay.com\/wp-content\/uploads\/2023\/11\/Group-6100.svg","width":98,"height":25,"caption":"IPlay"},"image":{"@id":"https:\/\/www.iplay.com\/en\/#\/schema\/logo\/image\/"}}]}},"_links":{"self":[{"href":"https:\/\/www.iplay.com\/de\/wp-json\/wp\/v2\/product\/39825","targetHints":{"allow":["GET"]}}],"collection":[{"href":"https:\/\/www.iplay.com\/de\/wp-json\/wp\/v2\/product"}],"about":[{"href":"https:\/\/www.iplay.com\/de\/wp-json\/wp\/v2\/types\/product"}],"author":[{"embeddable":true,"href":"https:\/\/www.iplay.com\/de\/wp-json\/wp\/v2\/users\/51"}],"replies":[{"embeddable":true,"href":"https:\/\/www.iplay.com\/de\/wp-json\/wp\/v2\/comments?post=39825"}],"wp:featuredmedia":[{"embeddable":true,"href":"https:\/\/www.iplay.com\/de\/wp-json\/wp\/v2\/media\/39827"}],"wp:attachment":[{"href":"https:\/\/www.iplay.com\/de\/wp-json\/wp\/v2\/media?parent=39825"}],"wp:term":[{"taxonomy":"product_brand","embeddable":true,"href":"https:\/\/www.iplay.com\/de\/wp-json\/wp\/v2\/product_brand?post=39825"},{"taxonomy":"product_cat","embeddable":true,"href":"https:\/\/www.iplay.com\/de\/wp-json\/wp\/v2\/product_cat?post=39825"},{"taxonomy":"product_tag","embeddable":true,"href":"https:\/\/www.iplay.com\/de\/wp-json\/wp\/v2\/product_tag?post=39825"}],"curies":[{"name":"wp","href":"https:\/\/api.w.org\/{rel}","templated":true}]}}