{"id":39695,"date":"2022-01-17T00:00:00","date_gmt":"2022-01-17T00:00:00","guid":{"rendered":"https:\/\/www.iplay.com\/games\/restaurant-solitaire-delicious-lunch\/"},"modified":"2022-01-17T00:00:00","modified_gmt":"2022-01-17T00:00:00","slug":"restaurant-solitaire-delicious-lunch","status":"publish","type":"product","link":"https:\/\/www.iplay.com\/de\/games\/restaurant-solitaire-delicious-lunch\/","title":{"rendered":"Restaurant Solitaire Delicious Lunch"},"content":{"rendered":"<p>Lassen Sie sich in der besonderen Atmosph\u00e4re eines wunderbaren Mittagessens verlieren! Bereiten Sie ein leckeres Mittagessen zu und genie\u00dfen Sie es! Entdecke 20 verschiedene Orte, um k\u00f6stliche Preise zu gewinnen. Levels mit unterschiedlichem Schwierigkeitsgrad bieten jeden Tag mehrere Stunden fesselnde Aktivit\u00e4t, w\u00e4hrend spezielle Golden Cards f\u00fcr noch mehr Spa\u00df sorgen.   <\/p>\n<p>&nbsp;<\/p>\n<p>&nbsp;<\/p>\n<p><strong>Funktionen:<\/strong><\/p>\n<p>&nbsp;<\/p>\n<p>&#8211; Lassen Sie Ihren Emotionen freien Lauf! Spielen Sie das Kartenspiel Solit\u00e4r und erstellen Sie Kartenketten!<br \/>\n&#8211; Langweilig wird es nie wegen der aufregenden Levels!<br \/>\n&#8211; Mit seiner lebendigen Grafik und der Piratenmusik ist dieser Solit\u00e4r ein Gewinner!<br \/>\n&#8211; Joker erm\u00f6glichen es Ihnen, Karten schneller zu eliminieren und den Kombo-Multiplikator zu erh\u00f6hen, um Ihre Einnahmen zu erh\u00f6hen!<br \/>\n&#8211; Zw\u00f6lf verschiedene Kartenr\u00fccken-Designs und zw\u00f6lf verschiedene Themendecks!<br \/>\n&#8211; Lasst die lustigen Zeiten beginnen!<\/p>\n","protected":false},"excerpt":{"rendered":"<p>Erleben Sie die Freuden eines k\u00f6stlichen Mittagessens! Ein k\u00f6stliches Mittagessen im Solit\u00e4r Restaurant <\/p>\n","protected":false},"author":13,"featured_media":39697,"comment_status":"open","ping_status":"closed","template":"","meta":{"_acf_changed":false,"inline_featured_image":false},"product_brand":[],"product_cat":[157,206],"product_tag":[289],"class_list":{"0":"post-39695","1":"product","2":"type-product","3":"status-publish","4":"has-post-thumbnail","6":"product_cat-card-de-2","7":"product_cat-solitaire-de","8":"product_tag-play-on-pc-de","10":"first","11":"instock","12":"shipping-taxable","13":"purchasable","14":"product-type-simple"},"acf":[],"yoast_head":"<!-- This site is optimized with the Yoast SEO Premium plugin v25.2 (Yoast SEO v25.2) - https:\/\/yoast.com\/wordpress\/plugins\/seo\/ -->\n<title>Restaurant Solitaire Delicious Lunch - Sp\u00fcren Sie die Stimmung eines k\u00f6stlichen Mittagserlebnisses<\/title>\n<meta name=\"description\" content=\"Erleben Sie die Freuden eines k\u00f6stlichen Mittagessens! Ein k\u00f6stliches Mittagessen im Solit\u00e4r Restaurant\" \/>\n<meta name=\"robots\" content=\"index, follow, max-snippet:-1, max-image-preview:large, max-video-preview:-1\" \/>\n<link rel=\"canonical\" href=\"https:\/\/www.iplay.com\/de\/games\/restaurant-solitaire-delicious-lunch\/\" \/>\n<meta property=\"og:locale\" content=\"de_DE\" \/>\n<meta property=\"og:type\" content=\"article\" \/>\n<meta property=\"og:title\" content=\"Restaurant Solitaire Delicious Lunch\" \/>\n<meta property=\"og:description\" content=\"Erleben Sie die Freuden eines k\u00f6stlichen Mittagessens! Ein k\u00f6stliches Mittagessen im Solit\u00e4r Restaurant\" \/>\n<meta property=\"og:url\" content=\"https:\/\/www.iplay.com\/de\/games\/restaurant-solitaire-delicious-lunch\/\" \/>\n<meta property=\"og:site_name\" content=\"IPlay\" \/>\n<meta property=\"og:image\" content=\"https:\/\/www.iplay.com\/wp-content\/uploads\/2023\/12\/large_square_tile_image-2379.jpg\" \/>\n\t<meta property=\"og:image:width\" content=\"310\" \/>\n\t<meta property=\"og:image:height\" content=\"310\" \/>\n\t<meta property=\"og:image:type\" content=\"image\/jpeg\" \/>\n<meta name=\"twitter:card\" content=\"summary_large_image\" \/>\n<meta name=\"twitter:label1\" content=\"Gesch\u00e4tzte Lesezeit\" \/>\n\t<meta name=\"twitter:data1\" content=\"1 Minute\" \/>\n<script type=\"application\/ld+json\" class=\"yoast-schema-graph\">{\"@context\":\"https:\/\/schema.org\",\"@graph\":[{\"@type\":\"WebPage\",\"@id\":\"https:\/\/www.iplay.com\/de\/games\/restaurant-solitaire-delicious-lunch\/\",\"url\":\"https:\/\/www.iplay.com\/de\/games\/restaurant-solitaire-delicious-lunch\/\",\"name\":\"Restaurant Solitaire Delicious Lunch - Sp\u00fcren Sie die Stimmung eines k\u00f6stlichen Mittagserlebnisses\",\"isPartOf\":{\"@id\":\"https:\/\/www.iplay.com\/en\/#website\"},\"primaryImageOfPage\":{\"@id\":\"https:\/\/www.iplay.com\/de\/games\/restaurant-solitaire-delicious-lunch\/#primaryimage\"},\"image\":{\"@id\":\"https:\/\/www.iplay.com\/de\/games\/restaurant-solitaire-delicious-lunch\/#primaryimage\"},\"thumbnailUrl\":\"https:\/\/www.iplay.com\/wp-content\/uploads\/2023\/12\/large_square_tile_image-2379.jpg\",\"datePublished\":\"2022-01-17T00:00:00+00:00\",\"description\":\"Erleben Sie die Freuden eines k\u00f6stlichen Mittagessens! Ein k\u00f6stliches Mittagessen im Solit\u00e4r Restaurant\",\"breadcrumb\":{\"@id\":\"https:\/\/www.iplay.com\/de\/games\/restaurant-solitaire-delicious-lunch\/#breadcrumb\"},\"inLanguage\":\"de-DE\",\"potentialAction\":[{\"@type\":\"ReadAction\",\"target\":[\"https:\/\/www.iplay.com\/de\/games\/restaurant-solitaire-delicious-lunch\/\"]}]},{\"@type\":\"ImageObject\",\"inLanguage\":\"de-DE\",\"@id\":\"https:\/\/www.iplay.com\/de\/games\/restaurant-solitaire-delicious-lunch\/#primaryimage\",\"url\":\"https:\/\/www.iplay.com\/wp-content\/uploads\/2023\/12\/large_square_tile_image-2379.jpg\",\"contentUrl\":\"https:\/\/www.iplay.com\/wp-content\/uploads\/2023\/12\/large_square_tile_image-2379.jpg\",\"width\":310,\"height\":310},{\"@type\":\"BreadcrumbList\",\"@id\":\"https:\/\/www.iplay.com\/de\/games\/restaurant-solitaire-delicious-lunch\/#breadcrumb\",\"itemListElement\":[{\"@type\":\"ListItem\",\"position\":1,\"name\":\"Home\",\"item\":\"https:\/\/www.iplay.com\/de\/home-page-2\/\"},{\"@type\":\"ListItem\",\"position\":2,\"name\":\"Shop\",\"item\":\"https:\/\/www.iplay.com\/en\/shop\/\"},{\"@type\":\"ListItem\",\"position\":3,\"name\":\"Restaurant Solitaire Delicious Lunch\"}]},{\"@type\":\"WebSite\",\"@id\":\"https:\/\/www.iplay.com\/en\/#website\",\"url\":\"https:\/\/www.iplay.com\/en\/\",\"name\":\"IPlay\",\"description\":\"The Best Casual Games!\",\"publisher\":{\"@id\":\"https:\/\/www.iplay.com\/en\/#organization\"},\"potentialAction\":[{\"@type\":\"SearchAction\",\"target\":{\"@type\":\"EntryPoint\",\"urlTemplate\":\"https:\/\/www.iplay.com\/en\/?s={search_term_string}\"},\"query-input\":{\"@type\":\"PropertyValueSpecification\",\"valueRequired\":true,\"valueName\":\"search_term_string\"}}],\"inLanguage\":\"de-DE\"},{\"@type\":\"Organization\",\"@id\":\"https:\/\/www.iplay.com\/en\/#organization\",\"name\":\"IPlay\",\"url\":\"https:\/\/www.iplay.com\/en\/\",\"logo\":{\"@type\":\"ImageObject\",\"inLanguage\":\"de-DE\",\"@id\":\"https:\/\/www.iplay.com\/en\/#\/schema\/logo\/image\/\",\"url\":\"https:\/\/www.iplay.com\/wp-content\/uploads\/2023\/11\/Group-6100.svg\",\"contentUrl\":\"https:\/\/www.iplay.com\/wp-content\/uploads\/2023\/11\/Group-6100.svg\",\"width\":98,\"height\":25,\"caption\":\"IPlay\"},\"image\":{\"@id\":\"https:\/\/www.iplay.com\/en\/#\/schema\/logo\/image\/\"}}]}<\/script>\n<!-- \/ Yoast SEO Premium plugin. -->","yoast_head_json":{"title":"Restaurant Solitaire Delicious Lunch - Sp\u00fcren Sie die Stimmung eines k\u00f6stlichen Mittagserlebnisses","description":"Erleben Sie die Freuden eines k\u00f6stlichen Mittagessens! Ein k\u00f6stliches Mittagessen im Solit\u00e4r Restaurant","robots":{"index":"index","follow":"follow","max-snippet":"max-snippet:-1","max-image-preview":"max-image-preview:large","max-video-preview":"max-video-preview:-1"},"canonical":"https:\/\/www.iplay.com\/de\/games\/restaurant-solitaire-delicious-lunch\/","og_locale":"de_DE","og_type":"article","og_title":"Restaurant Solitaire Delicious Lunch","og_description":"Erleben Sie die Freuden eines k\u00f6stlichen Mittagessens! Ein k\u00f6stliches Mittagessen im Solit\u00e4r Restaurant","og_url":"https:\/\/www.iplay.com\/de\/games\/restaurant-solitaire-delicious-lunch\/","og_site_name":"IPlay","og_image":[{"width":310,"height":310,"url":"https:\/\/www.iplay.com\/wp-content\/uploads\/2023\/12\/large_square_tile_image-2379.jpg","type":"image\/jpeg"}],"twitter_card":"summary_large_image","twitter_misc":{"Gesch\u00e4tzte Lesezeit":"1 Minute"},"schema":{"@context":"https:\/\/schema.org","@graph":[{"@type":"WebPage","@id":"https:\/\/www.iplay.com\/de\/games\/restaurant-solitaire-delicious-lunch\/","url":"https:\/\/www.iplay.com\/de\/games\/restaurant-solitaire-delicious-lunch\/","name":"Restaurant Solitaire Delicious Lunch - Sp\u00fcren Sie die Stimmung eines k\u00f6stlichen Mittagserlebnisses","isPartOf":{"@id":"https:\/\/www.iplay.com\/en\/#website"},"primaryImageOfPage":{"@id":"https:\/\/www.iplay.com\/de\/games\/restaurant-solitaire-delicious-lunch\/#primaryimage"},"image":{"@id":"https:\/\/www.iplay.com\/de\/games\/restaurant-solitaire-delicious-lunch\/#primaryimage"},"thumbnailUrl":"https:\/\/www.iplay.com\/wp-content\/uploads\/2023\/12\/large_square_tile_image-2379.jpg","datePublished":"2022-01-17T00:00:00+00:00","description":"Erleben Sie die Freuden eines k\u00f6stlichen Mittagessens! Ein k\u00f6stliches Mittagessen im Solit\u00e4r Restaurant","breadcrumb":{"@id":"https:\/\/www.iplay.com\/de\/games\/restaurant-solitaire-delicious-lunch\/#breadcrumb"},"inLanguage":"de-DE","potentialAction":[{"@type":"ReadAction","target":["https:\/\/www.iplay.com\/de\/games\/restaurant-solitaire-delicious-lunch\/"]}]},{"@type":"ImageObject","inLanguage":"de-DE","@id":"https:\/\/www.iplay.com\/de\/games\/restaurant-solitaire-delicious-lunch\/#primaryimage","url":"https:\/\/www.iplay.com\/wp-content\/uploads\/2023\/12\/large_square_tile_image-2379.jpg","contentUrl":"https:\/\/www.iplay.com\/wp-content\/uploads\/2023\/12\/large_square_tile_image-2379.jpg","width":310,"height":310},{"@type":"BreadcrumbList","@id":"https:\/\/www.iplay.com\/de\/games\/restaurant-solitaire-delicious-lunch\/#breadcrumb","itemListElement":[{"@type":"ListItem","position":1,"name":"Home","item":"https:\/\/www.iplay.com\/de\/home-page-2\/"},{"@type":"ListItem","position":2,"name":"Shop","item":"https:\/\/www.iplay.com\/en\/shop\/"},{"@type":"ListItem","position":3,"name":"Restaurant Solitaire Delicious Lunch"}]},{"@type":"WebSite","@id":"https:\/\/www.iplay.com\/en\/#website","url":"https:\/\/www.iplay.com\/en\/","name":"IPlay","description":"The Best Casual Games!","publisher":{"@id":"https:\/\/www.iplay.com\/en\/#organization"},"potentialAction":[{"@type":"SearchAction","target":{"@type":"EntryPoint","urlTemplate":"https:\/\/www.iplay.com\/en\/?s={search_term_string}"},"query-input":{"@type":"PropertyValueSpecification","valueRequired":true,"valueName":"search_term_string"}}],"inLanguage":"de-DE"},{"@type":"Organization","@id":"https:\/\/www.iplay.com\/en\/#organization","name":"IPlay","url":"https:\/\/www.iplay.com\/en\/","logo":{"@type":"ImageObject","inLanguage":"de-DE","@id":"https:\/\/www.iplay.com\/en\/#\/schema\/logo\/image\/","url":"https:\/\/www.iplay.com\/wp-content\/uploads\/2023\/11\/Group-6100.svg","contentUrl":"https:\/\/www.iplay.com\/wp-content\/uploads\/2023\/11\/Group-6100.svg","width":98,"height":25,"caption":"IPlay"},"image":{"@id":"https:\/\/www.iplay.com\/en\/#\/schema\/logo\/image\/"}}]}},"_links":{"self":[{"href":"https:\/\/www.iplay.com\/de\/wp-json\/wp\/v2\/product\/39695","targetHints":{"allow":["GET"]}}],"collection":[{"href":"https:\/\/www.iplay.com\/de\/wp-json\/wp\/v2\/product"}],"about":[{"href":"https:\/\/www.iplay.com\/de\/wp-json\/wp\/v2\/types\/product"}],"author":[{"embeddable":true,"href":"https:\/\/www.iplay.com\/de\/wp-json\/wp\/v2\/users\/13"}],"replies":[{"embeddable":true,"href":"https:\/\/www.iplay.com\/de\/wp-json\/wp\/v2\/comments?post=39695"}],"wp:featuredmedia":[{"embeddable":true,"href":"https:\/\/www.iplay.com\/de\/wp-json\/wp\/v2\/media\/39697"}],"wp:attachment":[{"href":"https:\/\/www.iplay.com\/de\/wp-json\/wp\/v2\/media?parent=39695"}],"wp:term":[{"taxonomy":"product_brand","embeddable":true,"href":"https:\/\/www.iplay.com\/de\/wp-json\/wp\/v2\/product_brand?post=39695"},{"taxonomy":"product_cat","embeddable":true,"href":"https:\/\/www.iplay.com\/de\/wp-json\/wp\/v2\/product_cat?post=39695"},{"taxonomy":"product_tag","embeddable":true,"href":"https:\/\/www.iplay.com\/de\/wp-json\/wp\/v2\/product_tag?post=39695"}],"curies":[{"name":"wp","href":"https:\/\/api.w.org\/{rel}","templated":true}]}}