{"id":39665,"date":"2023-12-22T00:00:20","date_gmt":"2023-12-22T00:00:20","guid":{"rendered":"https:\/\/www.iplay.com\/games\/jewel-match-solitaire-winterscapes-2-ce\/"},"modified":"2025-02-28T16:03:08","modified_gmt":"2025-02-28T16:03:08","slug":"jewel-match-solitaire-winterscapes-2-ce","status":"publish","type":"product","link":"https:\/\/www.iplay.com\/de\/games\/jewel-match-solitaire-winterscapes-2-ce\/","title":{"rendered":"Jewel Match Solitaire Winterscapes 2 CE"},"content":{"rendered":"<p>Der hektischen Weihnachtszeit ist entflohen und das Eintauchen in die ruhigen, winterlichen Landschaften von Winterscapes Solitaire wird genossen. \u00dcber tausend kalte Levels werden durchgespielt und die eisigen Tableaus gel\u00f6st. Neue und klassische Solit\u00e4rspiele wie Mammoth, Lullaby und Dschingis Khan sind freigeschaltet! Im Laufe des Spiels werden imagin\u00e4re Schaupl\u00e4tze gebaut, die die Spieler in ein bezauberndes Winterwunderland mit faszinierenden Landschaften entf\u00fchren, die sich ver\u00e4ndern. In fr\u00f6hlichen Abenteuern werden einzigartige Winterornamente gesammelt, um den gefrorenen Landschaften Leben einzuhauchen und ihre Pracht zu betonen. Es werden vier verschiedene Spielmodi gespielt: Standard, Herausfordernd, Entspannt und Zeitgesteuert. In jedem Modus kommen spielver\u00e4ndernde Power-Ups zum Einsatz. Unabh\u00e4ngig von der gew\u00e4hlten Spielmethode sind die Spieler darauf vorbereitet, von einem beruhigenden, festlichen Soundtrack, fesselnden Winterbildern und einem fesselnden Spielerlebnis gefesselt zu werden. Das angenehmste Solit\u00e4r-Erlebnis des Jahres sollten Sie sich nicht entgehen lassen. Mit Jewel Match Solitaire Winterscapes 2 kannst du deine Karten von den Schneeflocken zum Erfolg f\u00fchren!         <\/p>\n<p>&nbsp;<\/p>\n<p><strong>Funktionen<\/strong><\/p>\n<p>&nbsp;<\/p>\n<p>&#8211; \u00dcber tausend Levels!<\/p>\n<p>&#8211; Sechs traditionelle Solit\u00e4rspiele wie Freecell, Spider und Klondike.<\/p>\n<p>&#8211; 18 weitere Variationen von Solit\u00e4r, wie Council oder Somerset.<\/p>\n<p>&#8211; 120 zus\u00e4tzliche wiederspielbare Mahjong-Levels!<\/p>\n<p>&#8211; Zehn fantastische, eisige Orte zum Bauen.<\/p>\n<p>&#8211; W\u00e4hle aus vier Spielmodi: Zeitgesteuert, Entspannt, Schwer und Normal.<\/p>\n<p>&#8211; Spiele Match-2-, Supersize-, Challenge- und Slide-Bonuslevel.<\/p>\n<p>&#8211; Schlie\u00dfe Quests ab.<\/p>\n<p>&#8211; W\u00e4hle aus einer Vielzahl von Kartendecks, mit denen du spielen kannst.<\/p>\n<p>&#8211; Entsperren Sie wundersch\u00f6ne Desktop-Hintergr\u00fcnde.<\/p>\n<p>&#8211; Genie\u00dfen Sie einen beruhigenden Feiertags-Soundtrack.<\/p>\n","protected":false},"excerpt":{"rendered":"<p>Viel Spa\u00df mit Snowflakes und Solit\u00e4r!<\/p>\n","protected":false},"author":20,"featured_media":39670,"comment_status":"open","ping_status":"closed","template":"","meta":{"_acf_changed":false,"inline_featured_image":false},"product_brand":[],"product_cat":[157,206],"product_tag":[263,289],"class_list":{"0":"post-39665","1":"product","2":"type-product","3":"status-publish","4":"has-post-thumbnail","6":"product_cat-card-de-2","7":"product_cat-solitaire-de","8":"product_tag-jewel-match-solitaire-series-de","9":"product_tag-play-on-pc-de","11":"first","12":"instock","13":"shipping-taxable","14":"purchasable","15":"product-type-simple"},"acf":[],"yoast_head":"<!-- This site is optimized with the Yoast SEO Premium plugin v25.2 (Yoast SEO v25.2) - https:\/\/yoast.com\/wordpress\/plugins\/seo\/ -->\n<title>Jewel Match Solit\u00e4r Winterscapes 2 CE - Genie\u00dfen Sie Schneeflocken und Solit\u00e4r<\/title>\n<meta name=\"description\" content=\"Viel Spa\u00df mit Snowflakes und Solit\u00e4r!\" \/>\n<meta name=\"robots\" content=\"index, follow, max-snippet:-1, max-image-preview:large, max-video-preview:-1\" \/>\n<link rel=\"canonical\" href=\"https:\/\/www.iplay.com\/de\/games\/jewel-match-solitaire-winterscapes-2-ce\/\" \/>\n<meta property=\"og:locale\" content=\"de_DE\" \/>\n<meta property=\"og:type\" content=\"article\" \/>\n<meta property=\"og:title\" content=\"Jewel Match Solitaire Winterscapes 2 CE\" \/>\n<meta property=\"og:description\" content=\"Viel Spa\u00df mit Snowflakes und Solit\u00e4r!\" \/>\n<meta property=\"og:url\" content=\"https:\/\/www.iplay.com\/de\/games\/jewel-match-solitaire-winterscapes-2-ce\/\" \/>\n<meta property=\"og:site_name\" content=\"IPlay\" \/>\n<meta property=\"article:modified_time\" content=\"2025-02-28T16:03:08+00:00\" \/>\n<meta property=\"og:image\" content=\"https:\/\/www.iplay.com\/wp-content\/uploads\/2023\/12\/400x400-jewel_match_-_solitaire_winterscapes_2_large_square_tile_image.webp\" \/>\n\t<meta property=\"og:image:width\" content=\"400\" \/>\n\t<meta property=\"og:image:height\" content=\"400\" \/>\n\t<meta property=\"og:image:type\" content=\"image\/webp\" \/>\n<meta name=\"twitter:card\" content=\"summary_large_image\" \/>\n<meta name=\"twitter:label1\" content=\"Gesch\u00e4tzte Lesezeit\" \/>\n\t<meta name=\"twitter:data1\" content=\"1 Minute\" \/>\n<script type=\"application\/ld+json\" class=\"yoast-schema-graph\">{\"@context\":\"https:\/\/schema.org\",\"@graph\":[{\"@type\":\"WebPage\",\"@id\":\"https:\/\/www.iplay.com\/de\/games\/jewel-match-solitaire-winterscapes-2-ce\/\",\"url\":\"https:\/\/www.iplay.com\/de\/games\/jewel-match-solitaire-winterscapes-2-ce\/\",\"name\":\"Jewel Match Solit\u00e4r Winterscapes 2 CE - Genie\u00dfen Sie Schneeflocken und Solit\u00e4r\",\"isPartOf\":{\"@id\":\"https:\/\/www.iplay.com\/en\/#website\"},\"primaryImageOfPage\":{\"@id\":\"https:\/\/www.iplay.com\/de\/games\/jewel-match-solitaire-winterscapes-2-ce\/#primaryimage\"},\"image\":{\"@id\":\"https:\/\/www.iplay.com\/de\/games\/jewel-match-solitaire-winterscapes-2-ce\/#primaryimage\"},\"thumbnailUrl\":\"https:\/\/www.iplay.com\/wp-content\/uploads\/2023\/12\/400x400-jewel_match_-_solitaire_winterscapes_2_large_square_tile_image.webp\",\"datePublished\":\"2023-12-22T00:00:20+00:00\",\"dateModified\":\"2025-02-28T16:03:08+00:00\",\"description\":\"Viel Spa\u00df mit Snowflakes und Solit\u00e4r!\",\"breadcrumb\":{\"@id\":\"https:\/\/www.iplay.com\/de\/games\/jewel-match-solitaire-winterscapes-2-ce\/#breadcrumb\"},\"inLanguage\":\"de-DE\",\"potentialAction\":[{\"@type\":\"ReadAction\",\"target\":[\"https:\/\/www.iplay.com\/de\/games\/jewel-match-solitaire-winterscapes-2-ce\/\"]}]},{\"@type\":\"ImageObject\",\"inLanguage\":\"de-DE\",\"@id\":\"https:\/\/www.iplay.com\/de\/games\/jewel-match-solitaire-winterscapes-2-ce\/#primaryimage\",\"url\":\"https:\/\/www.iplay.com\/wp-content\/uploads\/2023\/12\/400x400-jewel_match_-_solitaire_winterscapes_2_large_square_tile_image.webp\",\"contentUrl\":\"https:\/\/www.iplay.com\/wp-content\/uploads\/2023\/12\/400x400-jewel_match_-_solitaire_winterscapes_2_large_square_tile_image.webp\",\"width\":400,\"height\":400},{\"@type\":\"BreadcrumbList\",\"@id\":\"https:\/\/www.iplay.com\/de\/games\/jewel-match-solitaire-winterscapes-2-ce\/#breadcrumb\",\"itemListElement\":[{\"@type\":\"ListItem\",\"position\":1,\"name\":\"Home\",\"item\":\"https:\/\/www.iplay.com\/de\/home-page-2\/\"},{\"@type\":\"ListItem\",\"position\":2,\"name\":\"Shop\",\"item\":\"https:\/\/www.iplay.com\/en\/shop\/\"},{\"@type\":\"ListItem\",\"position\":3,\"name\":\"Jewel Match Solitaire Winterscapes 2 CE\"}]},{\"@type\":\"WebSite\",\"@id\":\"https:\/\/www.iplay.com\/en\/#website\",\"url\":\"https:\/\/www.iplay.com\/en\/\",\"name\":\"IPlay\",\"description\":\"The Best Casual Games!\",\"publisher\":{\"@id\":\"https:\/\/www.iplay.com\/en\/#organization\"},\"potentialAction\":[{\"@type\":\"SearchAction\",\"target\":{\"@type\":\"EntryPoint\",\"urlTemplate\":\"https:\/\/www.iplay.com\/en\/?s={search_term_string}\"},\"query-input\":{\"@type\":\"PropertyValueSpecification\",\"valueRequired\":true,\"valueName\":\"search_term_string\"}}],\"inLanguage\":\"de-DE\"},{\"@type\":\"Organization\",\"@id\":\"https:\/\/www.iplay.com\/en\/#organization\",\"name\":\"IPlay\",\"url\":\"https:\/\/www.iplay.com\/en\/\",\"logo\":{\"@type\":\"ImageObject\",\"inLanguage\":\"de-DE\",\"@id\":\"https:\/\/www.iplay.com\/en\/#\/schema\/logo\/image\/\",\"url\":\"https:\/\/www.iplay.com\/wp-content\/uploads\/2023\/11\/Group-6100.svg\",\"contentUrl\":\"https:\/\/www.iplay.com\/wp-content\/uploads\/2023\/11\/Group-6100.svg\",\"width\":98,\"height\":25,\"caption\":\"IPlay\"},\"image\":{\"@id\":\"https:\/\/www.iplay.com\/en\/#\/schema\/logo\/image\/\"}}]}<\/script>\n<!-- \/ Yoast SEO Premium plugin. -->","yoast_head_json":{"title":"Jewel Match Solit\u00e4r Winterscapes 2 CE - Genie\u00dfen Sie Schneeflocken und Solit\u00e4r","description":"Viel Spa\u00df mit Snowflakes und Solit\u00e4r!","robots":{"index":"index","follow":"follow","max-snippet":"max-snippet:-1","max-image-preview":"max-image-preview:large","max-video-preview":"max-video-preview:-1"},"canonical":"https:\/\/www.iplay.com\/de\/games\/jewel-match-solitaire-winterscapes-2-ce\/","og_locale":"de_DE","og_type":"article","og_title":"Jewel Match Solitaire Winterscapes 2 CE","og_description":"Viel Spa\u00df mit Snowflakes und Solit\u00e4r!","og_url":"https:\/\/www.iplay.com\/de\/games\/jewel-match-solitaire-winterscapes-2-ce\/","og_site_name":"IPlay","article_modified_time":"2025-02-28T16:03:08+00:00","og_image":[{"width":400,"height":400,"url":"https:\/\/www.iplay.com\/wp-content\/uploads\/2023\/12\/400x400-jewel_match_-_solitaire_winterscapes_2_large_square_tile_image.webp","type":"image\/webp"}],"twitter_card":"summary_large_image","twitter_misc":{"Gesch\u00e4tzte Lesezeit":"1 Minute"},"schema":{"@context":"https:\/\/schema.org","@graph":[{"@type":"WebPage","@id":"https:\/\/www.iplay.com\/de\/games\/jewel-match-solitaire-winterscapes-2-ce\/","url":"https:\/\/www.iplay.com\/de\/games\/jewel-match-solitaire-winterscapes-2-ce\/","name":"Jewel Match Solit\u00e4r Winterscapes 2 CE - Genie\u00dfen Sie Schneeflocken und Solit\u00e4r","isPartOf":{"@id":"https:\/\/www.iplay.com\/en\/#website"},"primaryImageOfPage":{"@id":"https:\/\/www.iplay.com\/de\/games\/jewel-match-solitaire-winterscapes-2-ce\/#primaryimage"},"image":{"@id":"https:\/\/www.iplay.com\/de\/games\/jewel-match-solitaire-winterscapes-2-ce\/#primaryimage"},"thumbnailUrl":"https:\/\/www.iplay.com\/wp-content\/uploads\/2023\/12\/400x400-jewel_match_-_solitaire_winterscapes_2_large_square_tile_image.webp","datePublished":"2023-12-22T00:00:20+00:00","dateModified":"2025-02-28T16:03:08+00:00","description":"Viel Spa\u00df mit Snowflakes und Solit\u00e4r!","breadcrumb":{"@id":"https:\/\/www.iplay.com\/de\/games\/jewel-match-solitaire-winterscapes-2-ce\/#breadcrumb"},"inLanguage":"de-DE","potentialAction":[{"@type":"ReadAction","target":["https:\/\/www.iplay.com\/de\/games\/jewel-match-solitaire-winterscapes-2-ce\/"]}]},{"@type":"ImageObject","inLanguage":"de-DE","@id":"https:\/\/www.iplay.com\/de\/games\/jewel-match-solitaire-winterscapes-2-ce\/#primaryimage","url":"https:\/\/www.iplay.com\/wp-content\/uploads\/2023\/12\/400x400-jewel_match_-_solitaire_winterscapes_2_large_square_tile_image.webp","contentUrl":"https:\/\/www.iplay.com\/wp-content\/uploads\/2023\/12\/400x400-jewel_match_-_solitaire_winterscapes_2_large_square_tile_image.webp","width":400,"height":400},{"@type":"BreadcrumbList","@id":"https:\/\/www.iplay.com\/de\/games\/jewel-match-solitaire-winterscapes-2-ce\/#breadcrumb","itemListElement":[{"@type":"ListItem","position":1,"name":"Home","item":"https:\/\/www.iplay.com\/de\/home-page-2\/"},{"@type":"ListItem","position":2,"name":"Shop","item":"https:\/\/www.iplay.com\/en\/shop\/"},{"@type":"ListItem","position":3,"name":"Jewel Match Solitaire Winterscapes 2 CE"}]},{"@type":"WebSite","@id":"https:\/\/www.iplay.com\/en\/#website","url":"https:\/\/www.iplay.com\/en\/","name":"IPlay","description":"The Best Casual Games!","publisher":{"@id":"https:\/\/www.iplay.com\/en\/#organization"},"potentialAction":[{"@type":"SearchAction","target":{"@type":"EntryPoint","urlTemplate":"https:\/\/www.iplay.com\/en\/?s={search_term_string}"},"query-input":{"@type":"PropertyValueSpecification","valueRequired":true,"valueName":"search_term_string"}}],"inLanguage":"de-DE"},{"@type":"Organization","@id":"https:\/\/www.iplay.com\/en\/#organization","name":"IPlay","url":"https:\/\/www.iplay.com\/en\/","logo":{"@type":"ImageObject","inLanguage":"de-DE","@id":"https:\/\/www.iplay.com\/en\/#\/schema\/logo\/image\/","url":"https:\/\/www.iplay.com\/wp-content\/uploads\/2023\/11\/Group-6100.svg","contentUrl":"https:\/\/www.iplay.com\/wp-content\/uploads\/2023\/11\/Group-6100.svg","width":98,"height":25,"caption":"IPlay"},"image":{"@id":"https:\/\/www.iplay.com\/en\/#\/schema\/logo\/image\/"}}]}},"_links":{"self":[{"href":"https:\/\/www.iplay.com\/de\/wp-json\/wp\/v2\/product\/39665","targetHints":{"allow":["GET"]}}],"collection":[{"href":"https:\/\/www.iplay.com\/de\/wp-json\/wp\/v2\/product"}],"about":[{"href":"https:\/\/www.iplay.com\/de\/wp-json\/wp\/v2\/types\/product"}],"author":[{"embeddable":true,"href":"https:\/\/www.iplay.com\/de\/wp-json\/wp\/v2\/users\/20"}],"replies":[{"embeddable":true,"href":"https:\/\/www.iplay.com\/de\/wp-json\/wp\/v2\/comments?post=39665"}],"wp:featuredmedia":[{"embeddable":true,"href":"https:\/\/www.iplay.com\/de\/wp-json\/wp\/v2\/media\/39670"}],"wp:attachment":[{"href":"https:\/\/www.iplay.com\/de\/wp-json\/wp\/v2\/media?parent=39665"}],"wp:term":[{"taxonomy":"product_brand","embeddable":true,"href":"https:\/\/www.iplay.com\/de\/wp-json\/wp\/v2\/product_brand?post=39665"},{"taxonomy":"product_cat","embeddable":true,"href":"https:\/\/www.iplay.com\/de\/wp-json\/wp\/v2\/product_cat?post=39665"},{"taxonomy":"product_tag","embeddable":true,"href":"https:\/\/www.iplay.com\/de\/wp-json\/wp\/v2\/product_tag?post=39665"}],"curies":[{"name":"wp","href":"https:\/\/api.w.org\/{rel}","templated":true}]}}