{"id":39517,"date":"2011-03-28T00:00:00","date_gmt":"2011-03-28T00:00:00","guid":{"rendered":"https:\/\/www.iplay.com\/games\/haunted-halls-green-hills-sanitarium\/"},"modified":"2011-03-28T00:00:00","modified_gmt":"2011-03-28T00:00:00","slug":"haunted-halls-green-hills-sanitarium","status":"publish","type":"product","link":"https:\/\/www.iplay.com\/de\/games\/haunted-halls-green-hills-sanitarium\/","title":{"rendered":"Haunted Halls:  Green Hills Sanitarium"},"content":{"rendered":"<p>Entdecke eine heruntergekommene psychiatrische Anstalt und finde deinen abwesenden Geliebten in Haunted Halls &#8211; Green Hills Sanatorium! Tim, dein Geliebter, verl\u00e4sst die Anstalt, um die Vorw\u00fcrfe des Fehlverhaltens in der Anstalt zu untersuchen, nachdem er davon erfahren hat. Tim h\u00f6rt pl\u00f6tzlich auf, dir Briefe zu schreiben, w\u00e4hrend er immer mehr in das Geheimnis eintaucht. Hol ihn dir in diesem erstaunlichen Wimmelbild-Abenteuerspiel, indem du die Spukhallen erkundest!<\/p>\n","protected":false},"excerpt":{"rendered":"<p>Entdecke eine heruntergekommene psychiatrische Anstalt und finde deinen abwesenden Geliebten in Haunted Halls &#8211; Green Hills Sanatorium!<\/p>\n","protected":false},"author":17,"featured_media":39519,"comment_status":"open","ping_status":"closed","template":"","meta":{"_acf_changed":false,"inline_featured_image":false},"product_brand":[],"product_cat":[149],"product_tag":[289],"class_list":{"0":"post-39517","1":"product","2":"type-product","3":"status-publish","4":"has-post-thumbnail","6":"product_cat-adventure-de","7":"product_tag-play-on-pc-de","9":"first","10":"instock","11":"shipping-taxable","12":"purchasable","13":"product-type-simple"},"acf":[],"yoast_head":"<!-- This site is optimized with the Yoast SEO Premium plugin v25.2 (Yoast SEO v25.2) - https:\/\/yoast.com\/wordpress\/plugins\/seo\/ -->\n<title>Haunted Halls: Green Hills Sanatorium - Begib dich auf die Suche nach deinem vermissten Freund<\/title>\n<meta name=\"description\" content=\"Entdecke eine heruntergekommene psychiatrische Anstalt und finde deinen abwesenden Geliebten in Haunted Halls - Green Hills Sanatorium!\" \/>\n<meta name=\"robots\" content=\"index, follow, max-snippet:-1, max-image-preview:large, max-video-preview:-1\" \/>\n<link rel=\"canonical\" href=\"https:\/\/www.iplay.com\/de\/games\/haunted-halls-green-hills-sanitarium\/\" \/>\n<meta property=\"og:locale\" content=\"de_DE\" \/>\n<meta property=\"og:type\" content=\"article\" \/>\n<meta property=\"og:title\" content=\"Haunted Halls: Green Hills Sanitarium\" \/>\n<meta property=\"og:description\" content=\"Entdecke eine heruntergekommene psychiatrische Anstalt und finde deinen abwesenden Geliebten in Haunted Halls - Green Hills Sanatorium!\" \/>\n<meta property=\"og:url\" content=\"https:\/\/www.iplay.com\/de\/games\/haunted-halls-green-hills-sanitarium\/\" \/>\n<meta property=\"og:site_name\" content=\"IPlay\" \/>\n<meta property=\"og:image\" content=\"https:\/\/www.iplay.com\/wp-content\/uploads\/2023\/12\/large_square_tile_image-470.jpg\" \/>\n\t<meta property=\"og:image:width\" content=\"310\" \/>\n\t<meta property=\"og:image:height\" content=\"310\" \/>\n\t<meta property=\"og:image:type\" content=\"image\/jpeg\" \/>\n<meta name=\"twitter:card\" content=\"summary_large_image\" \/>\n<script type=\"application\/ld+json\" class=\"yoast-schema-graph\">{\"@context\":\"https:\/\/schema.org\",\"@graph\":[{\"@type\":\"WebPage\",\"@id\":\"https:\/\/www.iplay.com\/de\/games\/haunted-halls-green-hills-sanitarium\/\",\"url\":\"https:\/\/www.iplay.com\/de\/games\/haunted-halls-green-hills-sanitarium\/\",\"name\":\"Haunted Halls: Green Hills Sanatorium - Begib dich auf die Suche nach deinem vermissten Freund\",\"isPartOf\":{\"@id\":\"https:\/\/www.iplay.com\/en\/#website\"},\"primaryImageOfPage\":{\"@id\":\"https:\/\/www.iplay.com\/de\/games\/haunted-halls-green-hills-sanitarium\/#primaryimage\"},\"image\":{\"@id\":\"https:\/\/www.iplay.com\/de\/games\/haunted-halls-green-hills-sanitarium\/#primaryimage\"},\"thumbnailUrl\":\"https:\/\/www.iplay.com\/wp-content\/uploads\/2023\/12\/large_square_tile_image-470.jpg\",\"datePublished\":\"2011-03-28T00:00:00+00:00\",\"description\":\"Entdecke eine heruntergekommene psychiatrische Anstalt und finde deinen abwesenden Geliebten in Haunted Halls - Green Hills Sanatorium!\",\"breadcrumb\":{\"@id\":\"https:\/\/www.iplay.com\/de\/games\/haunted-halls-green-hills-sanitarium\/#breadcrumb\"},\"inLanguage\":\"de-DE\",\"potentialAction\":[{\"@type\":\"ReadAction\",\"target\":[\"https:\/\/www.iplay.com\/de\/games\/haunted-halls-green-hills-sanitarium\/\"]}]},{\"@type\":\"ImageObject\",\"inLanguage\":\"de-DE\",\"@id\":\"https:\/\/www.iplay.com\/de\/games\/haunted-halls-green-hills-sanitarium\/#primaryimage\",\"url\":\"https:\/\/www.iplay.com\/wp-content\/uploads\/2023\/12\/large_square_tile_image-470.jpg\",\"contentUrl\":\"https:\/\/www.iplay.com\/wp-content\/uploads\/2023\/12\/large_square_tile_image-470.jpg\",\"width\":310,\"height\":310},{\"@type\":\"BreadcrumbList\",\"@id\":\"https:\/\/www.iplay.com\/de\/games\/haunted-halls-green-hills-sanitarium\/#breadcrumb\",\"itemListElement\":[{\"@type\":\"ListItem\",\"position\":1,\"name\":\"Home\",\"item\":\"https:\/\/www.iplay.com\/de\/home-page-2\/\"},{\"@type\":\"ListItem\",\"position\":2,\"name\":\"Shop\",\"item\":\"https:\/\/www.iplay.com\/en\/shop\/\"},{\"@type\":\"ListItem\",\"position\":3,\"name\":\"Haunted Halls: Green Hills Sanitarium\"}]},{\"@type\":\"WebSite\",\"@id\":\"https:\/\/www.iplay.com\/en\/#website\",\"url\":\"https:\/\/www.iplay.com\/en\/\",\"name\":\"IPlay\",\"description\":\"The Best Casual Games!\",\"publisher\":{\"@id\":\"https:\/\/www.iplay.com\/en\/#organization\"},\"potentialAction\":[{\"@type\":\"SearchAction\",\"target\":{\"@type\":\"EntryPoint\",\"urlTemplate\":\"https:\/\/www.iplay.com\/en\/?s={search_term_string}\"},\"query-input\":{\"@type\":\"PropertyValueSpecification\",\"valueRequired\":true,\"valueName\":\"search_term_string\"}}],\"inLanguage\":\"de-DE\"},{\"@type\":\"Organization\",\"@id\":\"https:\/\/www.iplay.com\/en\/#organization\",\"name\":\"IPlay\",\"url\":\"https:\/\/www.iplay.com\/en\/\",\"logo\":{\"@type\":\"ImageObject\",\"inLanguage\":\"de-DE\",\"@id\":\"https:\/\/www.iplay.com\/en\/#\/schema\/logo\/image\/\",\"url\":\"https:\/\/www.iplay.com\/wp-content\/uploads\/2023\/11\/Group-6100.svg\",\"contentUrl\":\"https:\/\/www.iplay.com\/wp-content\/uploads\/2023\/11\/Group-6100.svg\",\"width\":98,\"height\":25,\"caption\":\"IPlay\"},\"image\":{\"@id\":\"https:\/\/www.iplay.com\/en\/#\/schema\/logo\/image\/\"}}]}<\/script>\n<!-- \/ Yoast SEO Premium plugin. -->","yoast_head_json":{"title":"Haunted Halls: Green Hills Sanatorium - Begib dich auf die Suche nach deinem vermissten Freund","description":"Entdecke eine heruntergekommene psychiatrische Anstalt und finde deinen abwesenden Geliebten in Haunted Halls - Green Hills Sanatorium!","robots":{"index":"index","follow":"follow","max-snippet":"max-snippet:-1","max-image-preview":"max-image-preview:large","max-video-preview":"max-video-preview:-1"},"canonical":"https:\/\/www.iplay.com\/de\/games\/haunted-halls-green-hills-sanitarium\/","og_locale":"de_DE","og_type":"article","og_title":"Haunted Halls: Green Hills Sanitarium","og_description":"Entdecke eine heruntergekommene psychiatrische Anstalt und finde deinen abwesenden Geliebten in Haunted Halls - Green Hills Sanatorium!","og_url":"https:\/\/www.iplay.com\/de\/games\/haunted-halls-green-hills-sanitarium\/","og_site_name":"IPlay","og_image":[{"width":310,"height":310,"url":"https:\/\/www.iplay.com\/wp-content\/uploads\/2023\/12\/large_square_tile_image-470.jpg","type":"image\/jpeg"}],"twitter_card":"summary_large_image","schema":{"@context":"https:\/\/schema.org","@graph":[{"@type":"WebPage","@id":"https:\/\/www.iplay.com\/de\/games\/haunted-halls-green-hills-sanitarium\/","url":"https:\/\/www.iplay.com\/de\/games\/haunted-halls-green-hills-sanitarium\/","name":"Haunted Halls: Green Hills Sanatorium - Begib dich auf die Suche nach deinem vermissten Freund","isPartOf":{"@id":"https:\/\/www.iplay.com\/en\/#website"},"primaryImageOfPage":{"@id":"https:\/\/www.iplay.com\/de\/games\/haunted-halls-green-hills-sanitarium\/#primaryimage"},"image":{"@id":"https:\/\/www.iplay.com\/de\/games\/haunted-halls-green-hills-sanitarium\/#primaryimage"},"thumbnailUrl":"https:\/\/www.iplay.com\/wp-content\/uploads\/2023\/12\/large_square_tile_image-470.jpg","datePublished":"2011-03-28T00:00:00+00:00","description":"Entdecke eine heruntergekommene psychiatrische Anstalt und finde deinen abwesenden Geliebten in Haunted Halls - Green Hills Sanatorium!","breadcrumb":{"@id":"https:\/\/www.iplay.com\/de\/games\/haunted-halls-green-hills-sanitarium\/#breadcrumb"},"inLanguage":"de-DE","potentialAction":[{"@type":"ReadAction","target":["https:\/\/www.iplay.com\/de\/games\/haunted-halls-green-hills-sanitarium\/"]}]},{"@type":"ImageObject","inLanguage":"de-DE","@id":"https:\/\/www.iplay.com\/de\/games\/haunted-halls-green-hills-sanitarium\/#primaryimage","url":"https:\/\/www.iplay.com\/wp-content\/uploads\/2023\/12\/large_square_tile_image-470.jpg","contentUrl":"https:\/\/www.iplay.com\/wp-content\/uploads\/2023\/12\/large_square_tile_image-470.jpg","width":310,"height":310},{"@type":"BreadcrumbList","@id":"https:\/\/www.iplay.com\/de\/games\/haunted-halls-green-hills-sanitarium\/#breadcrumb","itemListElement":[{"@type":"ListItem","position":1,"name":"Home","item":"https:\/\/www.iplay.com\/de\/home-page-2\/"},{"@type":"ListItem","position":2,"name":"Shop","item":"https:\/\/www.iplay.com\/en\/shop\/"},{"@type":"ListItem","position":3,"name":"Haunted Halls: Green Hills Sanitarium"}]},{"@type":"WebSite","@id":"https:\/\/www.iplay.com\/en\/#website","url":"https:\/\/www.iplay.com\/en\/","name":"IPlay","description":"The Best Casual Games!","publisher":{"@id":"https:\/\/www.iplay.com\/en\/#organization"},"potentialAction":[{"@type":"SearchAction","target":{"@type":"EntryPoint","urlTemplate":"https:\/\/www.iplay.com\/en\/?s={search_term_string}"},"query-input":{"@type":"PropertyValueSpecification","valueRequired":true,"valueName":"search_term_string"}}],"inLanguage":"de-DE"},{"@type":"Organization","@id":"https:\/\/www.iplay.com\/en\/#organization","name":"IPlay","url":"https:\/\/www.iplay.com\/en\/","logo":{"@type":"ImageObject","inLanguage":"de-DE","@id":"https:\/\/www.iplay.com\/en\/#\/schema\/logo\/image\/","url":"https:\/\/www.iplay.com\/wp-content\/uploads\/2023\/11\/Group-6100.svg","contentUrl":"https:\/\/www.iplay.com\/wp-content\/uploads\/2023\/11\/Group-6100.svg","width":98,"height":25,"caption":"IPlay"},"image":{"@id":"https:\/\/www.iplay.com\/en\/#\/schema\/logo\/image\/"}}]}},"_links":{"self":[{"href":"https:\/\/www.iplay.com\/de\/wp-json\/wp\/v2\/product\/39517","targetHints":{"allow":["GET"]}}],"collection":[{"href":"https:\/\/www.iplay.com\/de\/wp-json\/wp\/v2\/product"}],"about":[{"href":"https:\/\/www.iplay.com\/de\/wp-json\/wp\/v2\/types\/product"}],"author":[{"embeddable":true,"href":"https:\/\/www.iplay.com\/de\/wp-json\/wp\/v2\/users\/17"}],"replies":[{"embeddable":true,"href":"https:\/\/www.iplay.com\/de\/wp-json\/wp\/v2\/comments?post=39517"}],"wp:featuredmedia":[{"embeddable":true,"href":"https:\/\/www.iplay.com\/de\/wp-json\/wp\/v2\/media\/39519"}],"wp:attachment":[{"href":"https:\/\/www.iplay.com\/de\/wp-json\/wp\/v2\/media?parent=39517"}],"wp:term":[{"taxonomy":"product_brand","embeddable":true,"href":"https:\/\/www.iplay.com\/de\/wp-json\/wp\/v2\/product_brand?post=39517"},{"taxonomy":"product_cat","embeddable":true,"href":"https:\/\/www.iplay.com\/de\/wp-json\/wp\/v2\/product_cat?post=39517"},{"taxonomy":"product_tag","embeddable":true,"href":"https:\/\/www.iplay.com\/de\/wp-json\/wp\/v2\/product_tag?post=39517"}],"curies":[{"name":"wp","href":"https:\/\/api.w.org\/{rel}","templated":true}]}}