{"id":39477,"date":"2023-05-23T00:00:00","date_gmt":"2023-05-23T00:00:00","guid":{"rendered":"https:\/\/www.iplay.com\/games\/clutter-1000\/"},"modified":"2023-05-23T00:00:00","modified_gmt":"2023-05-23T00:00:00","slug":"clutter-1000","status":"publish","type":"product","link":"https:\/\/www.iplay.com\/de\/games\/clutter-1000\/","title":{"rendered":"Clutter 1000"},"content":{"rendered":"<p>Ist das m\u00f6glicherweise das gr\u00f6\u00dfte Durcheinander aller Zeiten? Die mit Spannung erwartete Clutter-Serie wird mit Clutter 1000 fortgesetzt, das seinem Namen und dar\u00fcber hinaus alle Ehre macht! Es zu spielen macht fabelhaft s\u00fcchtig und macht Spa\u00df. Du musst es spielen, um herauszufinden, ob es das beste Spiel ohne Wimmelbild ist, sagen einige. Es gibt 1000 Probleme, die Sie immer wieder l\u00f6sen k\u00f6nnen, um sich die Zeit f\u00fcr mehrere Tage zu vertreiben.<br \/>\nWelches Spiel ohne Wimmelbild ist dein bestes?    <\/p>\n<p><strong>Funktionen<\/strong><\/p>\n<ul>\n<li>Interessantes Gameplay<\/li>\n<li>Einfach zu erlernen und durchzuf\u00fchren<\/li>\n<li>Spiele fast tausend verschiedene Puzzles!<\/li>\n<\/ul>\n<p>&nbsp;<\/p>\n<p>Wenn dir dieses Clutter-Spiel gefallen hat, schau dir doch <a href=\"\/en?product_tag=clutter-series\">HIER<\/a> alle anderen Spiele der Clutter-Serie an<\/p>\n","protected":false},"excerpt":{"rendered":"<p>Clutter 1000 ist zweifellos das beste Un-Wimmelbild-Spiel auf dem Markt, und es ist auch das s\u00fcchtig machendste.<\/p>\n","protected":false},"author":41,"featured_media":39479,"comment_status":"open","ping_status":"closed","template":"","meta":{"_acf_changed":false,"inline_featured_image":false},"product_brand":[],"product_cat":[160],"product_tag":[289],"class_list":{"0":"post-39477","1":"product","2":"type-product","3":"status-publish","4":"has-post-thumbnail","6":"product_cat-clutter-series-de","7":"product_tag-play-on-pc-de","9":"first","10":"instock","11":"shipping-taxable","12":"purchasable","13":"product-type-simple"},"acf":[],"yoast_head":"<!-- This site is optimized with the Yoast SEO Premium plugin v25.2 (Yoast SEO v25.2) - https:\/\/yoast.com\/wordpress\/plugins\/seo\/ -->\n<title>Clutter 1000 - Clutter 1000: das s\u00fcchtig machendste Un-Wimmelbild-Spiel<\/title>\n<meta name=\"description\" content=\"Clutter 1000 ist zweifellos das beste Un-Wimmelbild-Spiel auf dem Markt, und es ist auch das s\u00fcchtig machendste.\" \/>\n<meta name=\"robots\" content=\"index, follow, max-snippet:-1, max-image-preview:large, max-video-preview:-1\" \/>\n<link rel=\"canonical\" href=\"https:\/\/www.iplay.com\/de\/games\/clutter-1000\/\" \/>\n<meta property=\"og:locale\" content=\"de_DE\" \/>\n<meta property=\"og:type\" content=\"article\" \/>\n<meta property=\"og:title\" content=\"Clutter 1000\" \/>\n<meta property=\"og:description\" content=\"Clutter 1000 ist zweifellos das beste Un-Wimmelbild-Spiel auf dem Markt, und es ist auch das s\u00fcchtig machendste.\" \/>\n<meta property=\"og:url\" content=\"https:\/\/www.iplay.com\/de\/games\/clutter-1000\/\" \/>\n<meta property=\"og:site_name\" content=\"IPlay\" \/>\n<meta property=\"og:image\" content=\"https:\/\/www.iplay.com\/wp-content\/uploads\/2023\/12\/large_square_tile_image-3421.jpg\" \/>\n\t<meta property=\"og:image:width\" content=\"310\" \/>\n\t<meta property=\"og:image:height\" content=\"310\" \/>\n\t<meta property=\"og:image:type\" content=\"image\/jpeg\" \/>\n<meta name=\"twitter:card\" content=\"summary_large_image\" \/>\n<meta name=\"twitter:label1\" content=\"Gesch\u00e4tzte Lesezeit\" \/>\n\t<meta name=\"twitter:data1\" content=\"1 Minute\" \/>\n<script type=\"application\/ld+json\" class=\"yoast-schema-graph\">{\"@context\":\"https:\/\/schema.org\",\"@graph\":[{\"@type\":\"WebPage\",\"@id\":\"https:\/\/www.iplay.com\/de\/games\/clutter-1000\/\",\"url\":\"https:\/\/www.iplay.com\/de\/games\/clutter-1000\/\",\"name\":\"Clutter 1000 - Clutter 1000: das s\u00fcchtig machendste Un-Wimmelbild-Spiel\",\"isPartOf\":{\"@id\":\"https:\/\/www.iplay.com\/en\/#website\"},\"primaryImageOfPage\":{\"@id\":\"https:\/\/www.iplay.com\/de\/games\/clutter-1000\/#primaryimage\"},\"image\":{\"@id\":\"https:\/\/www.iplay.com\/de\/games\/clutter-1000\/#primaryimage\"},\"thumbnailUrl\":\"https:\/\/www.iplay.com\/wp-content\/uploads\/2023\/12\/large_square_tile_image-3421.jpg\",\"datePublished\":\"2023-05-23T00:00:00+00:00\",\"description\":\"Clutter 1000 ist zweifellos das beste Un-Wimmelbild-Spiel auf dem Markt, und es ist auch das s\u00fcchtig machendste.\",\"breadcrumb\":{\"@id\":\"https:\/\/www.iplay.com\/de\/games\/clutter-1000\/#breadcrumb\"},\"inLanguage\":\"de-DE\",\"potentialAction\":[{\"@type\":\"ReadAction\",\"target\":[\"https:\/\/www.iplay.com\/de\/games\/clutter-1000\/\"]}]},{\"@type\":\"ImageObject\",\"inLanguage\":\"de-DE\",\"@id\":\"https:\/\/www.iplay.com\/de\/games\/clutter-1000\/#primaryimage\",\"url\":\"https:\/\/www.iplay.com\/wp-content\/uploads\/2023\/12\/large_square_tile_image-3421.jpg\",\"contentUrl\":\"https:\/\/www.iplay.com\/wp-content\/uploads\/2023\/12\/large_square_tile_image-3421.jpg\",\"width\":310,\"height\":310},{\"@type\":\"BreadcrumbList\",\"@id\":\"https:\/\/www.iplay.com\/de\/games\/clutter-1000\/#breadcrumb\",\"itemListElement\":[{\"@type\":\"ListItem\",\"position\":1,\"name\":\"Home\",\"item\":\"https:\/\/www.iplay.com\/de\/home-page-2\/\"},{\"@type\":\"ListItem\",\"position\":2,\"name\":\"Shop\",\"item\":\"https:\/\/www.iplay.com\/en\/shop\/\"},{\"@type\":\"ListItem\",\"position\":3,\"name\":\"Clutter 1000\"}]},{\"@type\":\"WebSite\",\"@id\":\"https:\/\/www.iplay.com\/en\/#website\",\"url\":\"https:\/\/www.iplay.com\/en\/\",\"name\":\"IPlay\",\"description\":\"The Best Casual Games!\",\"publisher\":{\"@id\":\"https:\/\/www.iplay.com\/en\/#organization\"},\"potentialAction\":[{\"@type\":\"SearchAction\",\"target\":{\"@type\":\"EntryPoint\",\"urlTemplate\":\"https:\/\/www.iplay.com\/en\/?s={search_term_string}\"},\"query-input\":{\"@type\":\"PropertyValueSpecification\",\"valueRequired\":true,\"valueName\":\"search_term_string\"}}],\"inLanguage\":\"de-DE\"},{\"@type\":\"Organization\",\"@id\":\"https:\/\/www.iplay.com\/en\/#organization\",\"name\":\"IPlay\",\"url\":\"https:\/\/www.iplay.com\/en\/\",\"logo\":{\"@type\":\"ImageObject\",\"inLanguage\":\"de-DE\",\"@id\":\"https:\/\/www.iplay.com\/en\/#\/schema\/logo\/image\/\",\"url\":\"https:\/\/www.iplay.com\/wp-content\/uploads\/2023\/11\/Group-6100.svg\",\"contentUrl\":\"https:\/\/www.iplay.com\/wp-content\/uploads\/2023\/11\/Group-6100.svg\",\"width\":98,\"height\":25,\"caption\":\"IPlay\"},\"image\":{\"@id\":\"https:\/\/www.iplay.com\/en\/#\/schema\/logo\/image\/\"}}]}<\/script>\n<!-- \/ Yoast SEO Premium plugin. -->","yoast_head_json":{"title":"Clutter 1000 - Clutter 1000: das s\u00fcchtig machendste Un-Wimmelbild-Spiel","description":"Clutter 1000 ist zweifellos das beste Un-Wimmelbild-Spiel auf dem Markt, und es ist auch das s\u00fcchtig machendste.","robots":{"index":"index","follow":"follow","max-snippet":"max-snippet:-1","max-image-preview":"max-image-preview:large","max-video-preview":"max-video-preview:-1"},"canonical":"https:\/\/www.iplay.com\/de\/games\/clutter-1000\/","og_locale":"de_DE","og_type":"article","og_title":"Clutter 1000","og_description":"Clutter 1000 ist zweifellos das beste Un-Wimmelbild-Spiel auf dem Markt, und es ist auch das s\u00fcchtig machendste.","og_url":"https:\/\/www.iplay.com\/de\/games\/clutter-1000\/","og_site_name":"IPlay","og_image":[{"width":310,"height":310,"url":"https:\/\/www.iplay.com\/wp-content\/uploads\/2023\/12\/large_square_tile_image-3421.jpg","type":"image\/jpeg"}],"twitter_card":"summary_large_image","twitter_misc":{"Gesch\u00e4tzte Lesezeit":"1 Minute"},"schema":{"@context":"https:\/\/schema.org","@graph":[{"@type":"WebPage","@id":"https:\/\/www.iplay.com\/de\/games\/clutter-1000\/","url":"https:\/\/www.iplay.com\/de\/games\/clutter-1000\/","name":"Clutter 1000 - Clutter 1000: das s\u00fcchtig machendste Un-Wimmelbild-Spiel","isPartOf":{"@id":"https:\/\/www.iplay.com\/en\/#website"},"primaryImageOfPage":{"@id":"https:\/\/www.iplay.com\/de\/games\/clutter-1000\/#primaryimage"},"image":{"@id":"https:\/\/www.iplay.com\/de\/games\/clutter-1000\/#primaryimage"},"thumbnailUrl":"https:\/\/www.iplay.com\/wp-content\/uploads\/2023\/12\/large_square_tile_image-3421.jpg","datePublished":"2023-05-23T00:00:00+00:00","description":"Clutter 1000 ist zweifellos das beste Un-Wimmelbild-Spiel auf dem Markt, und es ist auch das s\u00fcchtig machendste.","breadcrumb":{"@id":"https:\/\/www.iplay.com\/de\/games\/clutter-1000\/#breadcrumb"},"inLanguage":"de-DE","potentialAction":[{"@type":"ReadAction","target":["https:\/\/www.iplay.com\/de\/games\/clutter-1000\/"]}]},{"@type":"ImageObject","inLanguage":"de-DE","@id":"https:\/\/www.iplay.com\/de\/games\/clutter-1000\/#primaryimage","url":"https:\/\/www.iplay.com\/wp-content\/uploads\/2023\/12\/large_square_tile_image-3421.jpg","contentUrl":"https:\/\/www.iplay.com\/wp-content\/uploads\/2023\/12\/large_square_tile_image-3421.jpg","width":310,"height":310},{"@type":"BreadcrumbList","@id":"https:\/\/www.iplay.com\/de\/games\/clutter-1000\/#breadcrumb","itemListElement":[{"@type":"ListItem","position":1,"name":"Home","item":"https:\/\/www.iplay.com\/de\/home-page-2\/"},{"@type":"ListItem","position":2,"name":"Shop","item":"https:\/\/www.iplay.com\/en\/shop\/"},{"@type":"ListItem","position":3,"name":"Clutter 1000"}]},{"@type":"WebSite","@id":"https:\/\/www.iplay.com\/en\/#website","url":"https:\/\/www.iplay.com\/en\/","name":"IPlay","description":"The Best Casual Games!","publisher":{"@id":"https:\/\/www.iplay.com\/en\/#organization"},"potentialAction":[{"@type":"SearchAction","target":{"@type":"EntryPoint","urlTemplate":"https:\/\/www.iplay.com\/en\/?s={search_term_string}"},"query-input":{"@type":"PropertyValueSpecification","valueRequired":true,"valueName":"search_term_string"}}],"inLanguage":"de-DE"},{"@type":"Organization","@id":"https:\/\/www.iplay.com\/en\/#organization","name":"IPlay","url":"https:\/\/www.iplay.com\/en\/","logo":{"@type":"ImageObject","inLanguage":"de-DE","@id":"https:\/\/www.iplay.com\/en\/#\/schema\/logo\/image\/","url":"https:\/\/www.iplay.com\/wp-content\/uploads\/2023\/11\/Group-6100.svg","contentUrl":"https:\/\/www.iplay.com\/wp-content\/uploads\/2023\/11\/Group-6100.svg","width":98,"height":25,"caption":"IPlay"},"image":{"@id":"https:\/\/www.iplay.com\/en\/#\/schema\/logo\/image\/"}}]}},"_links":{"self":[{"href":"https:\/\/www.iplay.com\/de\/wp-json\/wp\/v2\/product\/39477","targetHints":{"allow":["GET"]}}],"collection":[{"href":"https:\/\/www.iplay.com\/de\/wp-json\/wp\/v2\/product"}],"about":[{"href":"https:\/\/www.iplay.com\/de\/wp-json\/wp\/v2\/types\/product"}],"author":[{"embeddable":true,"href":"https:\/\/www.iplay.com\/de\/wp-json\/wp\/v2\/users\/41"}],"replies":[{"embeddable":true,"href":"https:\/\/www.iplay.com\/de\/wp-json\/wp\/v2\/comments?post=39477"}],"wp:featuredmedia":[{"embeddable":true,"href":"https:\/\/www.iplay.com\/de\/wp-json\/wp\/v2\/media\/39479"}],"wp:attachment":[{"href":"https:\/\/www.iplay.com\/de\/wp-json\/wp\/v2\/media?parent=39477"}],"wp:term":[{"taxonomy":"product_brand","embeddable":true,"href":"https:\/\/www.iplay.com\/de\/wp-json\/wp\/v2\/product_brand?post=39477"},{"taxonomy":"product_cat","embeddable":true,"href":"https:\/\/www.iplay.com\/de\/wp-json\/wp\/v2\/product_cat?post=39477"},{"taxonomy":"product_tag","embeddable":true,"href":"https:\/\/www.iplay.com\/de\/wp-json\/wp\/v2\/product_tag?post=39477"}],"curies":[{"name":"wp","href":"https:\/\/api.w.org\/{rel}","templated":true}]}}