{"id":39364,"date":"2018-11-09T00:00:00","date_gmt":"2018-11-09T00:00:00","guid":{"rendered":"https:\/\/www.iplay.com\/games\/argonauts-pandora-box-collectors-edition\/"},"modified":"2018-11-09T00:00:00","modified_gmt":"2018-11-09T00:00:00","slug":"argonauts-pandora-box-collectors-edition","status":"publish","type":"product","link":"https:\/\/www.iplay.com\/de\/games\/argonauts-pandora-box-collectors-edition\/","title":{"rendered":"Argonauts Pandora Box Collector&#8217;s Edition"},"content":{"rendered":"<p>Die Gelassenheit der Argonauten-Agentur wurde an einem klaren, sonnigen Morgen unterbrochen. Ein bekannter Sammler traf unerwartet ein, begleitet von Turbulenzen. Er bat um Hilfe bei der L\u00f6sung eines Problems mit einer seiner Antiquit\u00e4ten. Es stellte sich heraus, dass Pelias unbeabsichtigt die B\u00fcchse der Pandora in seinem Lager ge\u00f6ffnet hatte. Pelias wurde von all dem Ungl\u00fcck und Ungl\u00fcck der Welt verfolgt, als sich eine wahre Katastrophe \u00fcber seiner Behausung bildete und an Geschwindigkeit gewann. In Bezug auf die B\u00fcchse der Pandora musste jetzt etwas getan werden! Schlie\u00dfe dich den Argonauten an und hilf ihnen, die B\u00fcchse der Pandora zu \u00f6ffnen!      <\/p>\n<p>&nbsp;<\/p>\n<p>&nbsp;<\/p>\n<p><strong>Funktionen:<\/strong><\/p>\n<p>&nbsp;<\/p>\n<p>&#8211; Schlie\u00dfe die B\u00fcchse der Pandora!<\/p>\n<p>&#8211; 60 aufregende und unterschiedliche Levels!<\/p>\n<p>&#8211; Sammle Ressourcen, meistere Herausforderungen und f\u00fchre unterhaltsame Aktivit\u00e4ten durch!<\/p>\n<p>&#8211; Besuchen Sie jede Insel!<\/p>\n<p>&#8211; Erklimmen Sie Berggipfel!<\/p>\n<p>&#8211; Entdecke mysteri\u00f6se H\u00f6hlen!<\/p>\n<p>&#8211; Erkunde die Sch\u00e4tze der W\u00fcste!<\/p>\n","protected":false},"excerpt":{"rendered":"<p>Argonaut Agency: Die B\u00fcchse der Pandora hat sich ge\u00f6ffnet und das Chaos ist ausgebrochen! Die Apokalypse kann nur von dir gestoppt werden! <\/p>\n","protected":false},"author":13,"featured_media":39369,"comment_status":"open","ping_status":"closed","template":"","meta":{"_acf_changed":false,"inline_featured_image":false},"product_brand":[],"product_cat":[217],"product_tag":[289],"class_list":{"0":"post-39364","1":"product","2":"type-product","3":"status-publish","4":"has-post-thumbnail","6":"product_cat-time-management-de","7":"product_tag-play-on-pc-de","9":"first","10":"instock","11":"shipping-taxable","12":"purchasable","13":"product-type-simple"},"acf":[],"yoast_head":"<!-- This site is optimized with the Yoast SEO Premium plugin v25.2 (Yoast SEO v25.2) - https:\/\/yoast.com\/wordpress\/plugins\/seo\/ -->\n<title>Argonauts Pandora Box Collector&#039;s Edition - Chaos steigt aus der B\u00fcchse der Pandora! Stoppen Sie die Apokalypse<\/title>\n<meta name=\"description\" content=\"Argonaut Agency: Die B\u00fcchse der Pandora hat sich ge\u00f6ffnet und das Chaos ist ausgebrochen! Die Apokalypse kann nur von dir gestoppt werden!\" \/>\n<meta name=\"robots\" content=\"index, follow, max-snippet:-1, max-image-preview:large, max-video-preview:-1\" \/>\n<link rel=\"canonical\" href=\"https:\/\/www.iplay.com\/de\/games\/argonauts-pandora-box-collectors-edition\/\" \/>\n<meta property=\"og:locale\" content=\"de_DE\" \/>\n<meta property=\"og:type\" content=\"article\" \/>\n<meta property=\"og:title\" content=\"Argonauts Pandora Box Collector&#039;s Edition\" \/>\n<meta property=\"og:description\" content=\"Argonaut Agency: Die B\u00fcchse der Pandora hat sich ge\u00f6ffnet und das Chaos ist ausgebrochen! Die Apokalypse kann nur von dir gestoppt werden!\" \/>\n<meta property=\"og:url\" content=\"https:\/\/www.iplay.com\/de\/games\/argonauts-pandora-box-collectors-edition\/\" \/>\n<meta property=\"og:site_name\" content=\"IPlay\" \/>\n<meta property=\"og:image\" content=\"https:\/\/www.iplay.com\/wp-content\/uploads\/2023\/12\/large_square_tile_image-3464.jpg\" \/>\n\t<meta property=\"og:image:width\" content=\"310\" \/>\n\t<meta property=\"og:image:height\" content=\"310\" \/>\n\t<meta property=\"og:image:type\" content=\"image\/jpeg\" \/>\n<meta name=\"twitter:card\" content=\"summary_large_image\" \/>\n<meta name=\"twitter:label1\" content=\"Gesch\u00e4tzte Lesezeit\" \/>\n\t<meta name=\"twitter:data1\" content=\"1 Minute\" \/>\n<script type=\"application\/ld+json\" class=\"yoast-schema-graph\">{\"@context\":\"https:\/\/schema.org\",\"@graph\":[{\"@type\":\"WebPage\",\"@id\":\"https:\/\/www.iplay.com\/de\/games\/argonauts-pandora-box-collectors-edition\/\",\"url\":\"https:\/\/www.iplay.com\/de\/games\/argonauts-pandora-box-collectors-edition\/\",\"name\":\"Argonauts Pandora Box Collector's Edition - Chaos steigt aus der B\u00fcchse der Pandora! Stoppen Sie die Apokalypse\",\"isPartOf\":{\"@id\":\"https:\/\/www.iplay.com\/en\/#website\"},\"primaryImageOfPage\":{\"@id\":\"https:\/\/www.iplay.com\/de\/games\/argonauts-pandora-box-collectors-edition\/#primaryimage\"},\"image\":{\"@id\":\"https:\/\/www.iplay.com\/de\/games\/argonauts-pandora-box-collectors-edition\/#primaryimage\"},\"thumbnailUrl\":\"https:\/\/www.iplay.com\/wp-content\/uploads\/2023\/12\/large_square_tile_image-3464.jpg\",\"datePublished\":\"2018-11-09T00:00:00+00:00\",\"description\":\"Argonaut Agency: Die B\u00fcchse der Pandora hat sich ge\u00f6ffnet und das Chaos ist ausgebrochen! Die Apokalypse kann nur von dir gestoppt werden!\",\"breadcrumb\":{\"@id\":\"https:\/\/www.iplay.com\/de\/games\/argonauts-pandora-box-collectors-edition\/#breadcrumb\"},\"inLanguage\":\"de-DE\",\"potentialAction\":[{\"@type\":\"ReadAction\",\"target\":[\"https:\/\/www.iplay.com\/de\/games\/argonauts-pandora-box-collectors-edition\/\"]}]},{\"@type\":\"ImageObject\",\"inLanguage\":\"de-DE\",\"@id\":\"https:\/\/www.iplay.com\/de\/games\/argonauts-pandora-box-collectors-edition\/#primaryimage\",\"url\":\"https:\/\/www.iplay.com\/wp-content\/uploads\/2023\/12\/large_square_tile_image-3464.jpg\",\"contentUrl\":\"https:\/\/www.iplay.com\/wp-content\/uploads\/2023\/12\/large_square_tile_image-3464.jpg\",\"width\":310,\"height\":310},{\"@type\":\"BreadcrumbList\",\"@id\":\"https:\/\/www.iplay.com\/de\/games\/argonauts-pandora-box-collectors-edition\/#breadcrumb\",\"itemListElement\":[{\"@type\":\"ListItem\",\"position\":1,\"name\":\"Home\",\"item\":\"https:\/\/www.iplay.com\/de\/home-page-2\/\"},{\"@type\":\"ListItem\",\"position\":2,\"name\":\"Shop\",\"item\":\"https:\/\/www.iplay.com\/en\/shop\/\"},{\"@type\":\"ListItem\",\"position\":3,\"name\":\"Argonauts Pandora Box Collector&#8217;s Edition\"}]},{\"@type\":\"WebSite\",\"@id\":\"https:\/\/www.iplay.com\/en\/#website\",\"url\":\"https:\/\/www.iplay.com\/en\/\",\"name\":\"IPlay\",\"description\":\"The Best Casual Games!\",\"publisher\":{\"@id\":\"https:\/\/www.iplay.com\/en\/#organization\"},\"potentialAction\":[{\"@type\":\"SearchAction\",\"target\":{\"@type\":\"EntryPoint\",\"urlTemplate\":\"https:\/\/www.iplay.com\/en\/?s={search_term_string}\"},\"query-input\":{\"@type\":\"PropertyValueSpecification\",\"valueRequired\":true,\"valueName\":\"search_term_string\"}}],\"inLanguage\":\"de-DE\"},{\"@type\":\"Organization\",\"@id\":\"https:\/\/www.iplay.com\/en\/#organization\",\"name\":\"IPlay\",\"url\":\"https:\/\/www.iplay.com\/en\/\",\"logo\":{\"@type\":\"ImageObject\",\"inLanguage\":\"de-DE\",\"@id\":\"https:\/\/www.iplay.com\/en\/#\/schema\/logo\/image\/\",\"url\":\"https:\/\/www.iplay.com\/wp-content\/uploads\/2023\/11\/Group-6100.svg\",\"contentUrl\":\"https:\/\/www.iplay.com\/wp-content\/uploads\/2023\/11\/Group-6100.svg\",\"width\":98,\"height\":25,\"caption\":\"IPlay\"},\"image\":{\"@id\":\"https:\/\/www.iplay.com\/en\/#\/schema\/logo\/image\/\"}}]}<\/script>\n<!-- \/ Yoast SEO Premium plugin. -->","yoast_head_json":{"title":"Argonauts Pandora Box Collector's Edition - Chaos steigt aus der B\u00fcchse der Pandora! Stoppen Sie die Apokalypse","description":"Argonaut Agency: Die B\u00fcchse der Pandora hat sich ge\u00f6ffnet und das Chaos ist ausgebrochen! Die Apokalypse kann nur von dir gestoppt werden!","robots":{"index":"index","follow":"follow","max-snippet":"max-snippet:-1","max-image-preview":"max-image-preview:large","max-video-preview":"max-video-preview:-1"},"canonical":"https:\/\/www.iplay.com\/de\/games\/argonauts-pandora-box-collectors-edition\/","og_locale":"de_DE","og_type":"article","og_title":"Argonauts Pandora Box Collector's Edition","og_description":"Argonaut Agency: Die B\u00fcchse der Pandora hat sich ge\u00f6ffnet und das Chaos ist ausgebrochen! Die Apokalypse kann nur von dir gestoppt werden!","og_url":"https:\/\/www.iplay.com\/de\/games\/argonauts-pandora-box-collectors-edition\/","og_site_name":"IPlay","og_image":[{"width":310,"height":310,"url":"https:\/\/www.iplay.com\/wp-content\/uploads\/2023\/12\/large_square_tile_image-3464.jpg","type":"image\/jpeg"}],"twitter_card":"summary_large_image","twitter_misc":{"Gesch\u00e4tzte Lesezeit":"1 Minute"},"schema":{"@context":"https:\/\/schema.org","@graph":[{"@type":"WebPage","@id":"https:\/\/www.iplay.com\/de\/games\/argonauts-pandora-box-collectors-edition\/","url":"https:\/\/www.iplay.com\/de\/games\/argonauts-pandora-box-collectors-edition\/","name":"Argonauts Pandora Box Collector's Edition - Chaos steigt aus der B\u00fcchse der Pandora! Stoppen Sie die Apokalypse","isPartOf":{"@id":"https:\/\/www.iplay.com\/en\/#website"},"primaryImageOfPage":{"@id":"https:\/\/www.iplay.com\/de\/games\/argonauts-pandora-box-collectors-edition\/#primaryimage"},"image":{"@id":"https:\/\/www.iplay.com\/de\/games\/argonauts-pandora-box-collectors-edition\/#primaryimage"},"thumbnailUrl":"https:\/\/www.iplay.com\/wp-content\/uploads\/2023\/12\/large_square_tile_image-3464.jpg","datePublished":"2018-11-09T00:00:00+00:00","description":"Argonaut Agency: Die B\u00fcchse der Pandora hat sich ge\u00f6ffnet und das Chaos ist ausgebrochen! Die Apokalypse kann nur von dir gestoppt werden!","breadcrumb":{"@id":"https:\/\/www.iplay.com\/de\/games\/argonauts-pandora-box-collectors-edition\/#breadcrumb"},"inLanguage":"de-DE","potentialAction":[{"@type":"ReadAction","target":["https:\/\/www.iplay.com\/de\/games\/argonauts-pandora-box-collectors-edition\/"]}]},{"@type":"ImageObject","inLanguage":"de-DE","@id":"https:\/\/www.iplay.com\/de\/games\/argonauts-pandora-box-collectors-edition\/#primaryimage","url":"https:\/\/www.iplay.com\/wp-content\/uploads\/2023\/12\/large_square_tile_image-3464.jpg","contentUrl":"https:\/\/www.iplay.com\/wp-content\/uploads\/2023\/12\/large_square_tile_image-3464.jpg","width":310,"height":310},{"@type":"BreadcrumbList","@id":"https:\/\/www.iplay.com\/de\/games\/argonauts-pandora-box-collectors-edition\/#breadcrumb","itemListElement":[{"@type":"ListItem","position":1,"name":"Home","item":"https:\/\/www.iplay.com\/de\/home-page-2\/"},{"@type":"ListItem","position":2,"name":"Shop","item":"https:\/\/www.iplay.com\/en\/shop\/"},{"@type":"ListItem","position":3,"name":"Argonauts Pandora Box Collector&#8217;s Edition"}]},{"@type":"WebSite","@id":"https:\/\/www.iplay.com\/en\/#website","url":"https:\/\/www.iplay.com\/en\/","name":"IPlay","description":"The Best Casual Games!","publisher":{"@id":"https:\/\/www.iplay.com\/en\/#organization"},"potentialAction":[{"@type":"SearchAction","target":{"@type":"EntryPoint","urlTemplate":"https:\/\/www.iplay.com\/en\/?s={search_term_string}"},"query-input":{"@type":"PropertyValueSpecification","valueRequired":true,"valueName":"search_term_string"}}],"inLanguage":"de-DE"},{"@type":"Organization","@id":"https:\/\/www.iplay.com\/en\/#organization","name":"IPlay","url":"https:\/\/www.iplay.com\/en\/","logo":{"@type":"ImageObject","inLanguage":"de-DE","@id":"https:\/\/www.iplay.com\/en\/#\/schema\/logo\/image\/","url":"https:\/\/www.iplay.com\/wp-content\/uploads\/2023\/11\/Group-6100.svg","contentUrl":"https:\/\/www.iplay.com\/wp-content\/uploads\/2023\/11\/Group-6100.svg","width":98,"height":25,"caption":"IPlay"},"image":{"@id":"https:\/\/www.iplay.com\/en\/#\/schema\/logo\/image\/"}}]}},"_links":{"self":[{"href":"https:\/\/www.iplay.com\/de\/wp-json\/wp\/v2\/product\/39364","targetHints":{"allow":["GET"]}}],"collection":[{"href":"https:\/\/www.iplay.com\/de\/wp-json\/wp\/v2\/product"}],"about":[{"href":"https:\/\/www.iplay.com\/de\/wp-json\/wp\/v2\/types\/product"}],"author":[{"embeddable":true,"href":"https:\/\/www.iplay.com\/de\/wp-json\/wp\/v2\/users\/13"}],"replies":[{"embeddable":true,"href":"https:\/\/www.iplay.com\/de\/wp-json\/wp\/v2\/comments?post=39364"}],"wp:featuredmedia":[{"embeddable":true,"href":"https:\/\/www.iplay.com\/de\/wp-json\/wp\/v2\/media\/39369"}],"wp:attachment":[{"href":"https:\/\/www.iplay.com\/de\/wp-json\/wp\/v2\/media?parent=39364"}],"wp:term":[{"taxonomy":"product_brand","embeddable":true,"href":"https:\/\/www.iplay.com\/de\/wp-json\/wp\/v2\/product_brand?post=39364"},{"taxonomy":"product_cat","embeddable":true,"href":"https:\/\/www.iplay.com\/de\/wp-json\/wp\/v2\/product_cat?post=39364"},{"taxonomy":"product_tag","embeddable":true,"href":"https:\/\/www.iplay.com\/de\/wp-json\/wp\/v2\/product_tag?post=39364"}],"curies":[{"name":"wp","href":"https:\/\/api.w.org\/{rel}","templated":true}]}}