{"id":38490,"date":"2021-05-22T00:00:00","date_gmt":"2021-05-22T00:00:00","guid":{"rendered":"https:\/\/www.iplay.com\/games\/artists-of-fortune-distant-worlds\/"},"modified":"2021-05-22T00:00:00","modified_gmt":"2021-05-22T00:00:00","slug":"artists-of-fortune-distant-worlds","status":"publish","type":"product","link":"https:\/\/www.iplay.com\/de\/games\/artists-of-fortune-distant-worlds\/","title":{"rendered":"Artists Of Fortune: Distant Worlds"},"content":{"rendered":"<p>Die Malerbande wurde k\u00fcrzlich gebeten, am Intergalaktischen Malturnier teilzunehmen! Werden sie ihren Planeten verschlechtern oder triumphierend zu ihren Fans zur\u00fcckkehren? W\u00e4hle aus einer Vielzahl von au\u00dferirdischen R\u00e4tseln und male sie aus, um sie zum Leben zu erwecken! Weltraumabenteuer mit bunter Pixelkunst sind auf dem Weg!   <\/p>\n<p>&nbsp;<\/p>\n<p>&nbsp;<\/p>\n<p><strong>  Funktionen:<\/strong><\/p>\n<p>&nbsp;<\/p>\n<p>&#8211; 100 wundersch\u00f6ne Pixel-Kunstwerke auf f\u00fcnf exotischen Planeten<\/p>\n<p>&#8211; Lebensechte Bilder nach dem Malen<\/p>\n<p>&#8211; Praktische Minikarte<\/p>\n<p>&#8211; Filler, Blockbuster und Rainbow Crayon n\u00fctzliche Werkzeuge<\/p>\n<p>&#8211; Intelligente alphanumerische Farbnummerierung<\/p>\n<p>&#8211; Fl\u00fcssige Animationen und helle Spezialeffekte<\/p>\n<p>&#8211; Gl\u00e4nzende Belohnungen f\u00fcr zus\u00e4tzliche Quests<\/p>\n","protected":false},"excerpt":{"rendered":"<p>Genie\u00dfen Sie Artists Of Fortune: Distant Worlds und begeben Sie sich auf eine lebendige interplanetare Reise!<\/p>\n","protected":false},"author":45,"featured_media":38494,"comment_status":"open","ping_status":"closed","template":"","meta":{"_acf_changed":false,"inline_featured_image":false},"product_brand":[],"product_cat":[194],"product_tag":[],"class_list":{"0":"post-38490","1":"product","2":"type-product","3":"status-publish","4":"has-post-thumbnail","6":"product_cat-puzzle-de","8":"first","9":"instock","10":"shipping-taxable","11":"purchasable","12":"product-type-simple"},"acf":[],"yoast_head":"<!-- This site is optimized with the Yoast SEO Premium plugin v25.2 (Yoast SEO v25.2) - https:\/\/yoast.com\/wordpress\/plugins\/seo\/ -->\n<title>Artists Of Fortune: Distant Worlds - Tauchen Sie ein in die interstellaren Wunder von Distant Worlds<\/title>\n<meta name=\"description\" content=\"Genie\u00dfen Sie Artists Of Fortune: Distant Worlds und begeben Sie sich auf eine lebendige interplanetare Reise!\" \/>\n<meta name=\"robots\" content=\"index, follow, max-snippet:-1, max-image-preview:large, max-video-preview:-1\" \/>\n<link rel=\"canonical\" href=\"https:\/\/www.iplay.com\/de\/games\/artists-of-fortune-distant-worlds\/\" \/>\n<meta property=\"og:locale\" content=\"de_DE\" \/>\n<meta property=\"og:type\" content=\"article\" \/>\n<meta property=\"og:title\" content=\"Artists Of Fortune: Distant Worlds\" \/>\n<meta property=\"og:description\" content=\"Genie\u00dfen Sie Artists Of Fortune: Distant Worlds und begeben Sie sich auf eine lebendige interplanetare Reise!\" \/>\n<meta property=\"og:url\" content=\"https:\/\/www.iplay.com\/de\/games\/artists-of-fortune-distant-worlds\/\" \/>\n<meta property=\"og:site_name\" content=\"IPlay\" \/>\n<meta property=\"og:image\" content=\"https:\/\/www.iplay.com\/wp-content\/uploads\/2023\/12\/large_square_tile_image-2504.jpg\" \/>\n\t<meta property=\"og:image:width\" content=\"310\" \/>\n\t<meta property=\"og:image:height\" content=\"310\" \/>\n\t<meta property=\"og:image:type\" content=\"image\/jpeg\" \/>\n<meta name=\"twitter:card\" content=\"summary_large_image\" \/>\n<meta name=\"twitter:label1\" content=\"Gesch\u00e4tzte Lesezeit\" \/>\n\t<meta name=\"twitter:data1\" content=\"1 Minute\" \/>\n<script type=\"application\/ld+json\" class=\"yoast-schema-graph\">{\"@context\":\"https:\/\/schema.org\",\"@graph\":[{\"@type\":\"WebPage\",\"@id\":\"https:\/\/www.iplay.com\/de\/games\/artists-of-fortune-distant-worlds\/\",\"url\":\"https:\/\/www.iplay.com\/de\/games\/artists-of-fortune-distant-worlds\/\",\"name\":\"Artists Of Fortune: Distant Worlds - Tauchen Sie ein in die interstellaren Wunder von Distant Worlds\",\"isPartOf\":{\"@id\":\"https:\/\/www.iplay.com\/en\/#website\"},\"primaryImageOfPage\":{\"@id\":\"https:\/\/www.iplay.com\/de\/games\/artists-of-fortune-distant-worlds\/#primaryimage\"},\"image\":{\"@id\":\"https:\/\/www.iplay.com\/de\/games\/artists-of-fortune-distant-worlds\/#primaryimage\"},\"thumbnailUrl\":\"https:\/\/www.iplay.com\/wp-content\/uploads\/2023\/12\/large_square_tile_image-2504.jpg\",\"datePublished\":\"2021-05-22T00:00:00+00:00\",\"description\":\"Genie\u00dfen Sie Artists Of Fortune: Distant Worlds und begeben Sie sich auf eine lebendige interplanetare Reise!\",\"breadcrumb\":{\"@id\":\"https:\/\/www.iplay.com\/de\/games\/artists-of-fortune-distant-worlds\/#breadcrumb\"},\"inLanguage\":\"de-DE\",\"potentialAction\":[{\"@type\":\"ReadAction\",\"target\":[\"https:\/\/www.iplay.com\/de\/games\/artists-of-fortune-distant-worlds\/\"]}]},{\"@type\":\"ImageObject\",\"inLanguage\":\"de-DE\",\"@id\":\"https:\/\/www.iplay.com\/de\/games\/artists-of-fortune-distant-worlds\/#primaryimage\",\"url\":\"https:\/\/www.iplay.com\/wp-content\/uploads\/2023\/12\/large_square_tile_image-2504.jpg\",\"contentUrl\":\"https:\/\/www.iplay.com\/wp-content\/uploads\/2023\/12\/large_square_tile_image-2504.jpg\",\"width\":310,\"height\":310},{\"@type\":\"BreadcrumbList\",\"@id\":\"https:\/\/www.iplay.com\/de\/games\/artists-of-fortune-distant-worlds\/#breadcrumb\",\"itemListElement\":[{\"@type\":\"ListItem\",\"position\":1,\"name\":\"Home\",\"item\":\"https:\/\/www.iplay.com\/de\/home-page-2\/\"},{\"@type\":\"ListItem\",\"position\":2,\"name\":\"Shop\",\"item\":\"https:\/\/www.iplay.com\/en\/shop\/\"},{\"@type\":\"ListItem\",\"position\":3,\"name\":\"Artists Of Fortune: Distant Worlds\"}]},{\"@type\":\"WebSite\",\"@id\":\"https:\/\/www.iplay.com\/en\/#website\",\"url\":\"https:\/\/www.iplay.com\/en\/\",\"name\":\"IPlay\",\"description\":\"The Best Casual Games!\",\"publisher\":{\"@id\":\"https:\/\/www.iplay.com\/en\/#organization\"},\"potentialAction\":[{\"@type\":\"SearchAction\",\"target\":{\"@type\":\"EntryPoint\",\"urlTemplate\":\"https:\/\/www.iplay.com\/en\/?s={search_term_string}\"},\"query-input\":{\"@type\":\"PropertyValueSpecification\",\"valueRequired\":true,\"valueName\":\"search_term_string\"}}],\"inLanguage\":\"de-DE\"},{\"@type\":\"Organization\",\"@id\":\"https:\/\/www.iplay.com\/en\/#organization\",\"name\":\"IPlay\",\"url\":\"https:\/\/www.iplay.com\/en\/\",\"logo\":{\"@type\":\"ImageObject\",\"inLanguage\":\"de-DE\",\"@id\":\"https:\/\/www.iplay.com\/en\/#\/schema\/logo\/image\/\",\"url\":\"https:\/\/www.iplay.com\/wp-content\/uploads\/2023\/11\/Group-6100.svg\",\"contentUrl\":\"https:\/\/www.iplay.com\/wp-content\/uploads\/2023\/11\/Group-6100.svg\",\"width\":98,\"height\":25,\"caption\":\"IPlay\"},\"image\":{\"@id\":\"https:\/\/www.iplay.com\/en\/#\/schema\/logo\/image\/\"}}]}<\/script>\n<!-- \/ Yoast SEO Premium plugin. -->","yoast_head_json":{"title":"Artists Of Fortune: Distant Worlds - Tauchen Sie ein in die interstellaren Wunder von Distant Worlds","description":"Genie\u00dfen Sie Artists Of Fortune: Distant Worlds und begeben Sie sich auf eine lebendige interplanetare Reise!","robots":{"index":"index","follow":"follow","max-snippet":"max-snippet:-1","max-image-preview":"max-image-preview:large","max-video-preview":"max-video-preview:-1"},"canonical":"https:\/\/www.iplay.com\/de\/games\/artists-of-fortune-distant-worlds\/","og_locale":"de_DE","og_type":"article","og_title":"Artists Of Fortune: Distant Worlds","og_description":"Genie\u00dfen Sie Artists Of Fortune: Distant Worlds und begeben Sie sich auf eine lebendige interplanetare Reise!","og_url":"https:\/\/www.iplay.com\/de\/games\/artists-of-fortune-distant-worlds\/","og_site_name":"IPlay","og_image":[{"width":310,"height":310,"url":"https:\/\/www.iplay.com\/wp-content\/uploads\/2023\/12\/large_square_tile_image-2504.jpg","type":"image\/jpeg"}],"twitter_card":"summary_large_image","twitter_misc":{"Gesch\u00e4tzte Lesezeit":"1 Minute"},"schema":{"@context":"https:\/\/schema.org","@graph":[{"@type":"WebPage","@id":"https:\/\/www.iplay.com\/de\/games\/artists-of-fortune-distant-worlds\/","url":"https:\/\/www.iplay.com\/de\/games\/artists-of-fortune-distant-worlds\/","name":"Artists Of Fortune: Distant Worlds - Tauchen Sie ein in die interstellaren Wunder von Distant Worlds","isPartOf":{"@id":"https:\/\/www.iplay.com\/en\/#website"},"primaryImageOfPage":{"@id":"https:\/\/www.iplay.com\/de\/games\/artists-of-fortune-distant-worlds\/#primaryimage"},"image":{"@id":"https:\/\/www.iplay.com\/de\/games\/artists-of-fortune-distant-worlds\/#primaryimage"},"thumbnailUrl":"https:\/\/www.iplay.com\/wp-content\/uploads\/2023\/12\/large_square_tile_image-2504.jpg","datePublished":"2021-05-22T00:00:00+00:00","description":"Genie\u00dfen Sie Artists Of Fortune: Distant Worlds und begeben Sie sich auf eine lebendige interplanetare Reise!","breadcrumb":{"@id":"https:\/\/www.iplay.com\/de\/games\/artists-of-fortune-distant-worlds\/#breadcrumb"},"inLanguage":"de-DE","potentialAction":[{"@type":"ReadAction","target":["https:\/\/www.iplay.com\/de\/games\/artists-of-fortune-distant-worlds\/"]}]},{"@type":"ImageObject","inLanguage":"de-DE","@id":"https:\/\/www.iplay.com\/de\/games\/artists-of-fortune-distant-worlds\/#primaryimage","url":"https:\/\/www.iplay.com\/wp-content\/uploads\/2023\/12\/large_square_tile_image-2504.jpg","contentUrl":"https:\/\/www.iplay.com\/wp-content\/uploads\/2023\/12\/large_square_tile_image-2504.jpg","width":310,"height":310},{"@type":"BreadcrumbList","@id":"https:\/\/www.iplay.com\/de\/games\/artists-of-fortune-distant-worlds\/#breadcrumb","itemListElement":[{"@type":"ListItem","position":1,"name":"Home","item":"https:\/\/www.iplay.com\/de\/home-page-2\/"},{"@type":"ListItem","position":2,"name":"Shop","item":"https:\/\/www.iplay.com\/en\/shop\/"},{"@type":"ListItem","position":3,"name":"Artists Of Fortune: Distant Worlds"}]},{"@type":"WebSite","@id":"https:\/\/www.iplay.com\/en\/#website","url":"https:\/\/www.iplay.com\/en\/","name":"IPlay","description":"The Best Casual Games!","publisher":{"@id":"https:\/\/www.iplay.com\/en\/#organization"},"potentialAction":[{"@type":"SearchAction","target":{"@type":"EntryPoint","urlTemplate":"https:\/\/www.iplay.com\/en\/?s={search_term_string}"},"query-input":{"@type":"PropertyValueSpecification","valueRequired":true,"valueName":"search_term_string"}}],"inLanguage":"de-DE"},{"@type":"Organization","@id":"https:\/\/www.iplay.com\/en\/#organization","name":"IPlay","url":"https:\/\/www.iplay.com\/en\/","logo":{"@type":"ImageObject","inLanguage":"de-DE","@id":"https:\/\/www.iplay.com\/en\/#\/schema\/logo\/image\/","url":"https:\/\/www.iplay.com\/wp-content\/uploads\/2023\/11\/Group-6100.svg","contentUrl":"https:\/\/www.iplay.com\/wp-content\/uploads\/2023\/11\/Group-6100.svg","width":98,"height":25,"caption":"IPlay"},"image":{"@id":"https:\/\/www.iplay.com\/en\/#\/schema\/logo\/image\/"}}]}},"_links":{"self":[{"href":"https:\/\/www.iplay.com\/de\/wp-json\/wp\/v2\/product\/38490","targetHints":{"allow":["GET"]}}],"collection":[{"href":"https:\/\/www.iplay.com\/de\/wp-json\/wp\/v2\/product"}],"about":[{"href":"https:\/\/www.iplay.com\/de\/wp-json\/wp\/v2\/types\/product"}],"author":[{"embeddable":true,"href":"https:\/\/www.iplay.com\/de\/wp-json\/wp\/v2\/users\/45"}],"replies":[{"embeddable":true,"href":"https:\/\/www.iplay.com\/de\/wp-json\/wp\/v2\/comments?post=38490"}],"wp:featuredmedia":[{"embeddable":true,"href":"https:\/\/www.iplay.com\/de\/wp-json\/wp\/v2\/media\/38494"}],"wp:attachment":[{"href":"https:\/\/www.iplay.com\/de\/wp-json\/wp\/v2\/media?parent=38490"}],"wp:term":[{"taxonomy":"product_brand","embeddable":true,"href":"https:\/\/www.iplay.com\/de\/wp-json\/wp\/v2\/product_brand?post=38490"},{"taxonomy":"product_cat","embeddable":true,"href":"https:\/\/www.iplay.com\/de\/wp-json\/wp\/v2\/product_cat?post=38490"},{"taxonomy":"product_tag","embeddable":true,"href":"https:\/\/www.iplay.com\/de\/wp-json\/wp\/v2\/product_tag?post=38490"}],"curies":[{"name":"wp","href":"https:\/\/api.w.org\/{rel}","templated":true}]}}