{"id":38428,"date":"2024-08-02T06:30:39","date_gmt":"2024-08-02T06:30:39","guid":{"rendered":"https:\/\/www.iplay.com\/games\/gnomes-garden-10-black-stones-ce\/"},"modified":"2024-08-02T06:30:39","modified_gmt":"2024-08-02T06:30:39","slug":"gnomes-garden-10-black-stones-ce","status":"publish","type":"product","link":"https:\/\/www.iplay.com\/de\/games\/gnomes-garden-10-black-stones-ce\/","title":{"rendered":"Gnomes Garden 10 &#8211; Black Stones CE"},"content":{"rendered":"<p>Beunruhigende Neuigkeiten wurden der Zwergenk\u00f6nigin von ihren Untertanen \u00fcberbracht. Es wurde berichtet, dass alle Nachbarl\u00e4nder in einen gro\u00dfen Krieg eingetreten waren, und das Land der Gnomen schien machtlos zu sein, um ihn zu verhindern. Die Hofberater erkl\u00e4rten, das Land sei nicht auf einen Krieg vorbereitet und betonten die Notwendigkeit, das Engagement so lange wie m\u00f6glich hinauszuz\u00f6gern.  <\/p>\n<p>Als Reaktion darauf lud die K\u00f6nigin alle Seiten ein und forderte sie auf, an Bord ihrer Schiffe zu gehen und sich in neutralen Gew\u00e4ssern zu Verhandlungen zu treffen.<\/p>\n<p>Hilfe wird von deinen treuen Leuten erwartet! Begleite die Heldin und ihre Gef\u00e4hrten auf einem spannenden Abenteuer durch atemberaubende Schaupl\u00e4tze wie verlassene Siedlungen, den Wald der Dryade und vieles mehr. Geheimnisse, seltsame Kreaturen und r\u00e4tselhafte Ereignisse begegnen uns in Gnomes Garden 10 &#8211; Black Stones, einem fesselnden Gelegenheits-Fantasy-Strategiespiel. Eine Vielzahl unterschiedlicher Aufgaben, \u00fcber 40 Level, eine einzigartige Handlung, ein einfaches und unterhaltsames Gameplay und ein exotisches Universum stehen f\u00fcr dich bereit.   <\/p>\n<p>Hilf den Zwergen, das B\u00f6se zu besiegen!<\/p>\n<p>&nbsp;<\/p>\n<p><strong>Funktionen<\/strong><\/p>\n<ul>\n<li>Die Magie stammt aus uralten G\u00e4rten in dieser einzigartigen Welt.<\/li>\n<li>Eine unterhaltsame Handlung mit lebendigen Comics und lebendigen Charakteren.<\/li>\n<li>Eine Vielzahl von Pflichten, die die K\u00f6nigin noch bew\u00e4ltigen muss.<\/li>\n<li>\u00dcber 40 einzigartige Levels zum Erkunden.<\/li>\n<li>Zu den ungew\u00f6hnlichen Feinden geh\u00f6ren b\u00f6se Gremlins, w\u00fctende B\u00e4ren und chthonische Monster.<\/li>\n<li>Vier verschiedene Orte: Verlassene D\u00f6rfer, der Wald der Dryade, das D\u00fcstere Dickicht und das Tal der schwarzen Steine.<\/li>\n<li>N\u00fctzliche Extras wie Zeitbeschleunigung.<\/li>\n<li>Einfache Steuerung mit klaren Anweisungen.<\/li>\n<li>Mehr als 20 Stunden fesselndes Gameplay f\u00fcr alle Altersgruppen.<\/li>\n<li>Ausgezeichnete Titelmusik, um das Erlebnis zu verbessern.<\/li>\n<\/ul>\n","protected":false},"excerpt":{"rendered":"<p><strong>Gnomes Garden 10 &#8211; Black Stones Collectors Edition<\/strong> &#8211; Hilf deinen treuen Untertanen jetzt!<\/p>\n","protected":false},"author":13,"featured_media":38430,"comment_status":"open","ping_status":"closed","template":"","meta":{"_acf_changed":false,"inline_featured_image":false},"product_brand":[],"product_cat":[217],"product_tag":[289],"class_list":{"0":"post-38428","1":"product","2":"type-product","3":"status-publish","4":"has-post-thumbnail","6":"product_cat-time-management-de","7":"product_tag-play-on-pc-de","9":"first","10":"instock","11":"shipping-taxable","12":"purchasable","13":"product-type-simple"},"acf":[],"yoast_head":"<!-- This site is optimized with the Yoast SEO Premium plugin v25.2 (Yoast SEO v25.2) - https:\/\/yoast.com\/wordpress\/plugins\/seo\/ -->\n<title>Gnomes Garden 10 - Black Stones - Hilf jetzt deinen treuen Untertanen!<\/title>\n<meta name=\"description\" content=\"Gnomes Garden 10 - Black Stones Collectors Edition - Hilf deinen treuen Untertanen jetzt!\" \/>\n<meta name=\"robots\" content=\"index, follow, max-snippet:-1, max-image-preview:large, max-video-preview:-1\" \/>\n<link rel=\"canonical\" href=\"https:\/\/www.iplay.com\/de\/games\/gnomes-garden-10-black-stones-ce\/\" \/>\n<meta property=\"og:locale\" content=\"de_DE\" \/>\n<meta property=\"og:type\" content=\"article\" \/>\n<meta property=\"og:title\" content=\"Gnomes Garden 10 - Black Stones CE\" \/>\n<meta property=\"og:description\" content=\"Gnomes Garden 10 - Black Stones Collectors Edition - Hilf deinen treuen Untertanen jetzt!\" \/>\n<meta property=\"og:url\" content=\"https:\/\/www.iplay.com\/de\/games\/gnomes-garden-10-black-stones-ce\/\" \/>\n<meta property=\"og:site_name\" content=\"IPlay\" \/>\n<meta property=\"og:image\" content=\"https:\/\/www.iplay.com\/wp-content\/uploads\/2024\/09\/400x400-gnomes_garden_10_-_blackstone_ce_large_square_tile_image.webp\" \/>\n\t<meta property=\"og:image:width\" content=\"400\" \/>\n\t<meta property=\"og:image:height\" content=\"400\" \/>\n\t<meta property=\"og:image:type\" content=\"image\/webp\" \/>\n<meta name=\"twitter:card\" content=\"summary_large_image\" \/>\n<meta name=\"twitter:label1\" content=\"Gesch\u00e4tzte Lesezeit\" \/>\n\t<meta name=\"twitter:data1\" content=\"1 Minute\" \/>\n<script type=\"application\/ld+json\" class=\"yoast-schema-graph\">{\"@context\":\"https:\/\/schema.org\",\"@graph\":[{\"@type\":\"WebPage\",\"@id\":\"https:\/\/www.iplay.com\/de\/games\/gnomes-garden-10-black-stones-ce\/\",\"url\":\"https:\/\/www.iplay.com\/de\/games\/gnomes-garden-10-black-stones-ce\/\",\"name\":\"Gnomes Garden 10 - Black Stones - Hilf jetzt deinen treuen Untertanen!\",\"isPartOf\":{\"@id\":\"https:\/\/www.iplay.com\/en\/#website\"},\"primaryImageOfPage\":{\"@id\":\"https:\/\/www.iplay.com\/de\/games\/gnomes-garden-10-black-stones-ce\/#primaryimage\"},\"image\":{\"@id\":\"https:\/\/www.iplay.com\/de\/games\/gnomes-garden-10-black-stones-ce\/#primaryimage\"},\"thumbnailUrl\":\"https:\/\/www.iplay.com\/wp-content\/uploads\/2024\/09\/400x400-gnomes_garden_10_-_blackstone_ce_large_square_tile_image.webp\",\"datePublished\":\"2024-08-02T06:30:39+00:00\",\"description\":\"Gnomes Garden 10 - Black Stones Collectors Edition - Hilf deinen treuen Untertanen jetzt!\",\"breadcrumb\":{\"@id\":\"https:\/\/www.iplay.com\/de\/games\/gnomes-garden-10-black-stones-ce\/#breadcrumb\"},\"inLanguage\":\"de-DE\",\"potentialAction\":[{\"@type\":\"ReadAction\",\"target\":[\"https:\/\/www.iplay.com\/de\/games\/gnomes-garden-10-black-stones-ce\/\"]}]},{\"@type\":\"ImageObject\",\"inLanguage\":\"de-DE\",\"@id\":\"https:\/\/www.iplay.com\/de\/games\/gnomes-garden-10-black-stones-ce\/#primaryimage\",\"url\":\"https:\/\/www.iplay.com\/wp-content\/uploads\/2024\/09\/400x400-gnomes_garden_10_-_blackstone_ce_large_square_tile_image.webp\",\"contentUrl\":\"https:\/\/www.iplay.com\/wp-content\/uploads\/2024\/09\/400x400-gnomes_garden_10_-_blackstone_ce_large_square_tile_image.webp\",\"width\":400,\"height\":400},{\"@type\":\"BreadcrumbList\",\"@id\":\"https:\/\/www.iplay.com\/de\/games\/gnomes-garden-10-black-stones-ce\/#breadcrumb\",\"itemListElement\":[{\"@type\":\"ListItem\",\"position\":1,\"name\":\"Home\",\"item\":\"https:\/\/www.iplay.com\/de\/home-page-2\/\"},{\"@type\":\"ListItem\",\"position\":2,\"name\":\"Shop\",\"item\":\"https:\/\/www.iplay.com\/en\/shop\/\"},{\"@type\":\"ListItem\",\"position\":3,\"name\":\"Gnomes Garden 10 &#8211; Black Stones CE\"}]},{\"@type\":\"WebSite\",\"@id\":\"https:\/\/www.iplay.com\/en\/#website\",\"url\":\"https:\/\/www.iplay.com\/en\/\",\"name\":\"IPlay\",\"description\":\"The Best Casual Games!\",\"publisher\":{\"@id\":\"https:\/\/www.iplay.com\/en\/#organization\"},\"potentialAction\":[{\"@type\":\"SearchAction\",\"target\":{\"@type\":\"EntryPoint\",\"urlTemplate\":\"https:\/\/www.iplay.com\/en\/?s={search_term_string}\"},\"query-input\":{\"@type\":\"PropertyValueSpecification\",\"valueRequired\":true,\"valueName\":\"search_term_string\"}}],\"inLanguage\":\"de-DE\"},{\"@type\":\"Organization\",\"@id\":\"https:\/\/www.iplay.com\/en\/#organization\",\"name\":\"IPlay\",\"url\":\"https:\/\/www.iplay.com\/en\/\",\"logo\":{\"@type\":\"ImageObject\",\"inLanguage\":\"de-DE\",\"@id\":\"https:\/\/www.iplay.com\/en\/#\/schema\/logo\/image\/\",\"url\":\"https:\/\/www.iplay.com\/wp-content\/uploads\/2023\/11\/Group-6100.svg\",\"contentUrl\":\"https:\/\/www.iplay.com\/wp-content\/uploads\/2023\/11\/Group-6100.svg\",\"width\":98,\"height\":25,\"caption\":\"IPlay\"},\"image\":{\"@id\":\"https:\/\/www.iplay.com\/en\/#\/schema\/logo\/image\/\"}}]}<\/script>\n<!-- \/ Yoast SEO Premium plugin. -->","yoast_head_json":{"title":"Gnomes Garden 10 - Black Stones - Hilf jetzt deinen treuen Untertanen!","description":"Gnomes Garden 10 - Black Stones Collectors Edition - Hilf deinen treuen Untertanen jetzt!","robots":{"index":"index","follow":"follow","max-snippet":"max-snippet:-1","max-image-preview":"max-image-preview:large","max-video-preview":"max-video-preview:-1"},"canonical":"https:\/\/www.iplay.com\/de\/games\/gnomes-garden-10-black-stones-ce\/","og_locale":"de_DE","og_type":"article","og_title":"Gnomes Garden 10 - Black Stones CE","og_description":"Gnomes Garden 10 - Black Stones Collectors Edition - Hilf deinen treuen Untertanen jetzt!","og_url":"https:\/\/www.iplay.com\/de\/games\/gnomes-garden-10-black-stones-ce\/","og_site_name":"IPlay","og_image":[{"width":400,"height":400,"url":"https:\/\/www.iplay.com\/wp-content\/uploads\/2024\/09\/400x400-gnomes_garden_10_-_blackstone_ce_large_square_tile_image.webp","type":"image\/webp"}],"twitter_card":"summary_large_image","twitter_misc":{"Gesch\u00e4tzte Lesezeit":"1 Minute"},"schema":{"@context":"https:\/\/schema.org","@graph":[{"@type":"WebPage","@id":"https:\/\/www.iplay.com\/de\/games\/gnomes-garden-10-black-stones-ce\/","url":"https:\/\/www.iplay.com\/de\/games\/gnomes-garden-10-black-stones-ce\/","name":"Gnomes Garden 10 - Black Stones - Hilf jetzt deinen treuen Untertanen!","isPartOf":{"@id":"https:\/\/www.iplay.com\/en\/#website"},"primaryImageOfPage":{"@id":"https:\/\/www.iplay.com\/de\/games\/gnomes-garden-10-black-stones-ce\/#primaryimage"},"image":{"@id":"https:\/\/www.iplay.com\/de\/games\/gnomes-garden-10-black-stones-ce\/#primaryimage"},"thumbnailUrl":"https:\/\/www.iplay.com\/wp-content\/uploads\/2024\/09\/400x400-gnomes_garden_10_-_blackstone_ce_large_square_tile_image.webp","datePublished":"2024-08-02T06:30:39+00:00","description":"Gnomes Garden 10 - Black Stones Collectors Edition - Hilf deinen treuen Untertanen jetzt!","breadcrumb":{"@id":"https:\/\/www.iplay.com\/de\/games\/gnomes-garden-10-black-stones-ce\/#breadcrumb"},"inLanguage":"de-DE","potentialAction":[{"@type":"ReadAction","target":["https:\/\/www.iplay.com\/de\/games\/gnomes-garden-10-black-stones-ce\/"]}]},{"@type":"ImageObject","inLanguage":"de-DE","@id":"https:\/\/www.iplay.com\/de\/games\/gnomes-garden-10-black-stones-ce\/#primaryimage","url":"https:\/\/www.iplay.com\/wp-content\/uploads\/2024\/09\/400x400-gnomes_garden_10_-_blackstone_ce_large_square_tile_image.webp","contentUrl":"https:\/\/www.iplay.com\/wp-content\/uploads\/2024\/09\/400x400-gnomes_garden_10_-_blackstone_ce_large_square_tile_image.webp","width":400,"height":400},{"@type":"BreadcrumbList","@id":"https:\/\/www.iplay.com\/de\/games\/gnomes-garden-10-black-stones-ce\/#breadcrumb","itemListElement":[{"@type":"ListItem","position":1,"name":"Home","item":"https:\/\/www.iplay.com\/de\/home-page-2\/"},{"@type":"ListItem","position":2,"name":"Shop","item":"https:\/\/www.iplay.com\/en\/shop\/"},{"@type":"ListItem","position":3,"name":"Gnomes Garden 10 &#8211; Black Stones CE"}]},{"@type":"WebSite","@id":"https:\/\/www.iplay.com\/en\/#website","url":"https:\/\/www.iplay.com\/en\/","name":"IPlay","description":"The Best Casual Games!","publisher":{"@id":"https:\/\/www.iplay.com\/en\/#organization"},"potentialAction":[{"@type":"SearchAction","target":{"@type":"EntryPoint","urlTemplate":"https:\/\/www.iplay.com\/en\/?s={search_term_string}"},"query-input":{"@type":"PropertyValueSpecification","valueRequired":true,"valueName":"search_term_string"}}],"inLanguage":"de-DE"},{"@type":"Organization","@id":"https:\/\/www.iplay.com\/en\/#organization","name":"IPlay","url":"https:\/\/www.iplay.com\/en\/","logo":{"@type":"ImageObject","inLanguage":"de-DE","@id":"https:\/\/www.iplay.com\/en\/#\/schema\/logo\/image\/","url":"https:\/\/www.iplay.com\/wp-content\/uploads\/2023\/11\/Group-6100.svg","contentUrl":"https:\/\/www.iplay.com\/wp-content\/uploads\/2023\/11\/Group-6100.svg","width":98,"height":25,"caption":"IPlay"},"image":{"@id":"https:\/\/www.iplay.com\/en\/#\/schema\/logo\/image\/"}}]}},"_links":{"self":[{"href":"https:\/\/www.iplay.com\/de\/wp-json\/wp\/v2\/product\/38428","targetHints":{"allow":["GET"]}}],"collection":[{"href":"https:\/\/www.iplay.com\/de\/wp-json\/wp\/v2\/product"}],"about":[{"href":"https:\/\/www.iplay.com\/de\/wp-json\/wp\/v2\/types\/product"}],"author":[{"embeddable":true,"href":"https:\/\/www.iplay.com\/de\/wp-json\/wp\/v2\/users\/13"}],"replies":[{"embeddable":true,"href":"https:\/\/www.iplay.com\/de\/wp-json\/wp\/v2\/comments?post=38428"}],"wp:featuredmedia":[{"embeddable":true,"href":"https:\/\/www.iplay.com\/de\/wp-json\/wp\/v2\/media\/38430"}],"wp:attachment":[{"href":"https:\/\/www.iplay.com\/de\/wp-json\/wp\/v2\/media?parent=38428"}],"wp:term":[{"taxonomy":"product_brand","embeddable":true,"href":"https:\/\/www.iplay.com\/de\/wp-json\/wp\/v2\/product_brand?post=38428"},{"taxonomy":"product_cat","embeddable":true,"href":"https:\/\/www.iplay.com\/de\/wp-json\/wp\/v2\/product_cat?post=38428"},{"taxonomy":"product_tag","embeddable":true,"href":"https:\/\/www.iplay.com\/de\/wp-json\/wp\/v2\/product_tag?post=38428"}],"curies":[{"name":"wp","href":"https:\/\/api.w.org\/{rel}","templated":true}]}}