{"id":38347,"date":"2024-12-27T08:30:50","date_gmt":"2024-12-27T08:30:50","guid":{"rendered":"https:\/\/www.iplay.com\/games\/jewel-match-solitaire-winterscapes-3-collectors-edition\/"},"modified":"2025-02-28T16:03:13","modified_gmt":"2025-02-28T16:03:13","slug":"jewel-match-solitaire-winterscapes-3-collectors-edition","status":"publish","type":"product","link":"https:\/\/www.iplay.com\/de\/games\/jewel-match-solitaire-winterscapes-3-collectors-edition\/","title":{"rendered":"Jewel Match Solitaire Winterscapes 3 Collector&#8217;s Edition"},"content":{"rendered":"<p>Die Magie des Solit\u00e4rs wird in einer festlichen Reise zum Leben erweckt, bei der Karten gestapelt und die Tage versch\u00f6nert werden. \u00dcber tausend Level werden erkundet, mit zeitlosen Klassikern wie Klondike und Spider sowie aufregenden neuen Spielen wie Lily Garden und Simonetta. <\/p>\n<p>Ein schillerndes Winterwunderland wird pr\u00e4sentiert, mit Kulissen, die sich in magischem Licht verwandeln &#8211; von einem gem\u00fctlichen H\u00e4uschen bis zu einem verschneiten Palast begeistert jede Szene, w\u00e4hrend Fortschritte gemacht werden.<\/p>\n<p>Festliche Quests werden in Angriff genommen, bei denen Winterdekoration gesammelt wird, um bezaubernden Orten Leben einzuhauchen. Power-Ups werden in mehreren Modi freigeschaltet, darunter Standard, Herausfordernd und Entspannt, und bieten ein personalisiertes Spielerlebnis. Die festlichen Sehensw\u00fcrdigkeiten und Kl\u00e4nge sorgen f\u00fcr pure Weihnachtsfreude.  <\/p>\n<p>Der Sieg wird in <strong>Jewel Match Solitaire Winterscapes 3<\/strong> gefeiert, wo Schneeflocken den Weg zum Triumph in der fesselndsten Solit\u00e4r-Flut des Jahres weisen.<\/p>\n<p>&nbsp;<\/p>\n<p><strong>Funktionen der Collector&#8217;s Edition<\/strong><\/p>\n<ul>\n<li>\u00dcber 1.000 Solit\u00e4r-Levels zum Genie\u00dfen.<\/li>\n<li>6 klassische Spiele, darunter Klondike, Spider und Freecell.<\/li>\n<li>18 zus\u00e4tzliche Varianten wie Tiberius und Nabulio.<\/li>\n<li>10 bezaubernde frostige Orte restauriert.<\/li>\n<li>4 Spielmodi: Normal, Schwer, Entspannt und Zeitgesteuert.<\/li>\n<li>Bonuslevel: Supersize, Challenge, Match-2 und Suit&#8217;n&#8217;Rank.<\/li>\n<li>Festliche Quests und Sammelkartendecks inklusive.<\/li>\n<li>Freischaltbare Desktop-Hintergr\u00fcnde und ein beruhigender Feiertags-Soundtrack.<\/li>\n<\/ul>\n","protected":false},"excerpt":{"rendered":"<p>Stapeln Sie Karten hoch und verbreiten Sie Freude mit festlichem <strong>Solit\u00e4rspa\u00df in Jewel Match Solitaire Winterscapes 3 Collector&#8217;s Edition<\/strong><\/p>\n","protected":false},"author":20,"featured_media":38350,"comment_status":"open","ping_status":"closed","template":"","meta":{"_acf_changed":false,"inline_featured_image":false},"product_brand":[],"product_cat":[157,206],"product_tag":[263,289],"class_list":{"0":"post-38347","1":"product","2":"type-product","3":"status-publish","4":"has-post-thumbnail","6":"product_cat-card-de-2","7":"product_cat-solitaire-de","8":"product_tag-jewel-match-solitaire-series-de","9":"product_tag-play-on-pc-de","11":"first","12":"instock","13":"shipping-taxable","14":"purchasable","15":"product-type-simple"},"acf":[],"yoast_head":"<!-- This site is optimized with the Yoast SEO Premium plugin v25.2 (Yoast SEO v25.2) - https:\/\/yoast.com\/wordpress\/plugins\/seo\/ -->\n<title>Jewel Match Solit\u00e4r Winterscapes 3 - Verbreiten Sie Freude mit festlichem Solit\u00e4r-Spa\u00df!<\/title>\n<meta name=\"description\" content=\"Stapeln Sie Karten hoch und verbreiten Sie Freude mit festlichem Solit\u00e4rspa\u00df in Jewel Match Solitaire Winterscapes 3 Collector&#039;s Edition\" \/>\n<meta name=\"robots\" content=\"index, follow, max-snippet:-1, max-image-preview:large, max-video-preview:-1\" \/>\n<link rel=\"canonical\" href=\"https:\/\/www.iplay.com\/de\/games\/jewel-match-solitaire-winterscapes-3-collectors-edition\/\" \/>\n<meta property=\"og:locale\" content=\"de_DE\" \/>\n<meta property=\"og:type\" content=\"article\" \/>\n<meta property=\"og:title\" content=\"Jewel Match Solitaire Winterscapes 3 Collector&#039;s Edition\" \/>\n<meta property=\"og:description\" content=\"Stapeln Sie Karten hoch und verbreiten Sie Freude mit festlichem Solit\u00e4rspa\u00df in Jewel Match Solitaire Winterscapes 3 Collector&#039;s Edition\" \/>\n<meta property=\"og:url\" content=\"https:\/\/www.iplay.com\/de\/games\/jewel-match-solitaire-winterscapes-3-collectors-edition\/\" \/>\n<meta property=\"og:site_name\" content=\"IPlay\" \/>\n<meta property=\"article:modified_time\" content=\"2025-02-28T16:03:13+00:00\" \/>\n<meta property=\"og:image\" content=\"https:\/\/www.iplay.com\/wp-content\/uploads\/2024\/12\/jewel_match_solitaire_-_winterscapes_3_ce_large_square_tile_image.webp\" \/>\n\t<meta property=\"og:image:width\" content=\"400\" \/>\n\t<meta property=\"og:image:height\" content=\"400\" \/>\n\t<meta property=\"og:image:type\" content=\"image\/webp\" \/>\n<meta name=\"twitter:card\" content=\"summary_large_image\" \/>\n<meta name=\"twitter:label1\" content=\"Gesch\u00e4tzte Lesezeit\" \/>\n\t<meta name=\"twitter:data1\" content=\"1 Minute\" \/>\n<script type=\"application\/ld+json\" class=\"yoast-schema-graph\">{\"@context\":\"https:\/\/schema.org\",\"@graph\":[{\"@type\":\"WebPage\",\"@id\":\"https:\/\/www.iplay.com\/de\/games\/jewel-match-solitaire-winterscapes-3-collectors-edition\/\",\"url\":\"https:\/\/www.iplay.com\/de\/games\/jewel-match-solitaire-winterscapes-3-collectors-edition\/\",\"name\":\"Jewel Match Solit\u00e4r Winterscapes 3 - Verbreiten Sie Freude mit festlichem Solit\u00e4r-Spa\u00df!\",\"isPartOf\":{\"@id\":\"https:\/\/www.iplay.com\/en\/#website\"},\"primaryImageOfPage\":{\"@id\":\"https:\/\/www.iplay.com\/de\/games\/jewel-match-solitaire-winterscapes-3-collectors-edition\/#primaryimage\"},\"image\":{\"@id\":\"https:\/\/www.iplay.com\/de\/games\/jewel-match-solitaire-winterscapes-3-collectors-edition\/#primaryimage\"},\"thumbnailUrl\":\"https:\/\/www.iplay.com\/wp-content\/uploads\/2024\/12\/jewel_match_solitaire_-_winterscapes_3_ce_large_square_tile_image.webp\",\"datePublished\":\"2024-12-27T08:30:50+00:00\",\"dateModified\":\"2025-02-28T16:03:13+00:00\",\"description\":\"Stapeln Sie Karten hoch und verbreiten Sie Freude mit festlichem Solit\u00e4rspa\u00df in Jewel Match Solitaire Winterscapes 3 Collector's Edition\",\"breadcrumb\":{\"@id\":\"https:\/\/www.iplay.com\/de\/games\/jewel-match-solitaire-winterscapes-3-collectors-edition\/#breadcrumb\"},\"inLanguage\":\"de-DE\",\"potentialAction\":[{\"@type\":\"ReadAction\",\"target\":[\"https:\/\/www.iplay.com\/de\/games\/jewel-match-solitaire-winterscapes-3-collectors-edition\/\"]}]},{\"@type\":\"ImageObject\",\"inLanguage\":\"de-DE\",\"@id\":\"https:\/\/www.iplay.com\/de\/games\/jewel-match-solitaire-winterscapes-3-collectors-edition\/#primaryimage\",\"url\":\"https:\/\/www.iplay.com\/wp-content\/uploads\/2024\/12\/jewel_match_solitaire_-_winterscapes_3_ce_large_square_tile_image.webp\",\"contentUrl\":\"https:\/\/www.iplay.com\/wp-content\/uploads\/2024\/12\/jewel_match_solitaire_-_winterscapes_3_ce_large_square_tile_image.webp\",\"width\":400,\"height\":400},{\"@type\":\"BreadcrumbList\",\"@id\":\"https:\/\/www.iplay.com\/de\/games\/jewel-match-solitaire-winterscapes-3-collectors-edition\/#breadcrumb\",\"itemListElement\":[{\"@type\":\"ListItem\",\"position\":1,\"name\":\"Home\",\"item\":\"https:\/\/www.iplay.com\/de\/home-page-2\/\"},{\"@type\":\"ListItem\",\"position\":2,\"name\":\"Shop\",\"item\":\"https:\/\/www.iplay.com\/en\/shop\/\"},{\"@type\":\"ListItem\",\"position\":3,\"name\":\"Jewel Match Solitaire Winterscapes 3 Collector&#8217;s Edition\"}]},{\"@type\":\"WebSite\",\"@id\":\"https:\/\/www.iplay.com\/en\/#website\",\"url\":\"https:\/\/www.iplay.com\/en\/\",\"name\":\"IPlay\",\"description\":\"The Best Casual Games!\",\"publisher\":{\"@id\":\"https:\/\/www.iplay.com\/en\/#organization\"},\"potentialAction\":[{\"@type\":\"SearchAction\",\"target\":{\"@type\":\"EntryPoint\",\"urlTemplate\":\"https:\/\/www.iplay.com\/en\/?s={search_term_string}\"},\"query-input\":{\"@type\":\"PropertyValueSpecification\",\"valueRequired\":true,\"valueName\":\"search_term_string\"}}],\"inLanguage\":\"de-DE\"},{\"@type\":\"Organization\",\"@id\":\"https:\/\/www.iplay.com\/en\/#organization\",\"name\":\"IPlay\",\"url\":\"https:\/\/www.iplay.com\/en\/\",\"logo\":{\"@type\":\"ImageObject\",\"inLanguage\":\"de-DE\",\"@id\":\"https:\/\/www.iplay.com\/en\/#\/schema\/logo\/image\/\",\"url\":\"https:\/\/www.iplay.com\/wp-content\/uploads\/2023\/11\/Group-6100.svg\",\"contentUrl\":\"https:\/\/www.iplay.com\/wp-content\/uploads\/2023\/11\/Group-6100.svg\",\"width\":98,\"height\":25,\"caption\":\"IPlay\"},\"image\":{\"@id\":\"https:\/\/www.iplay.com\/en\/#\/schema\/logo\/image\/\"}}]}<\/script>\n<!-- \/ Yoast SEO Premium plugin. -->","yoast_head_json":{"title":"Jewel Match Solit\u00e4r Winterscapes 3 - Verbreiten Sie Freude mit festlichem Solit\u00e4r-Spa\u00df!","description":"Stapeln Sie Karten hoch und verbreiten Sie Freude mit festlichem Solit\u00e4rspa\u00df in Jewel Match Solitaire Winterscapes 3 Collector's Edition","robots":{"index":"index","follow":"follow","max-snippet":"max-snippet:-1","max-image-preview":"max-image-preview:large","max-video-preview":"max-video-preview:-1"},"canonical":"https:\/\/www.iplay.com\/de\/games\/jewel-match-solitaire-winterscapes-3-collectors-edition\/","og_locale":"de_DE","og_type":"article","og_title":"Jewel Match Solitaire Winterscapes 3 Collector's Edition","og_description":"Stapeln Sie Karten hoch und verbreiten Sie Freude mit festlichem Solit\u00e4rspa\u00df in Jewel Match Solitaire Winterscapes 3 Collector's Edition","og_url":"https:\/\/www.iplay.com\/de\/games\/jewel-match-solitaire-winterscapes-3-collectors-edition\/","og_site_name":"IPlay","article_modified_time":"2025-02-28T16:03:13+00:00","og_image":[{"width":400,"height":400,"url":"https:\/\/www.iplay.com\/wp-content\/uploads\/2024\/12\/jewel_match_solitaire_-_winterscapes_3_ce_large_square_tile_image.webp","type":"image\/webp"}],"twitter_card":"summary_large_image","twitter_misc":{"Gesch\u00e4tzte Lesezeit":"1 Minute"},"schema":{"@context":"https:\/\/schema.org","@graph":[{"@type":"WebPage","@id":"https:\/\/www.iplay.com\/de\/games\/jewel-match-solitaire-winterscapes-3-collectors-edition\/","url":"https:\/\/www.iplay.com\/de\/games\/jewel-match-solitaire-winterscapes-3-collectors-edition\/","name":"Jewel Match Solit\u00e4r Winterscapes 3 - Verbreiten Sie Freude mit festlichem Solit\u00e4r-Spa\u00df!","isPartOf":{"@id":"https:\/\/www.iplay.com\/en\/#website"},"primaryImageOfPage":{"@id":"https:\/\/www.iplay.com\/de\/games\/jewel-match-solitaire-winterscapes-3-collectors-edition\/#primaryimage"},"image":{"@id":"https:\/\/www.iplay.com\/de\/games\/jewel-match-solitaire-winterscapes-3-collectors-edition\/#primaryimage"},"thumbnailUrl":"https:\/\/www.iplay.com\/wp-content\/uploads\/2024\/12\/jewel_match_solitaire_-_winterscapes_3_ce_large_square_tile_image.webp","datePublished":"2024-12-27T08:30:50+00:00","dateModified":"2025-02-28T16:03:13+00:00","description":"Stapeln Sie Karten hoch und verbreiten Sie Freude mit festlichem Solit\u00e4rspa\u00df in Jewel Match Solitaire Winterscapes 3 Collector's Edition","breadcrumb":{"@id":"https:\/\/www.iplay.com\/de\/games\/jewel-match-solitaire-winterscapes-3-collectors-edition\/#breadcrumb"},"inLanguage":"de-DE","potentialAction":[{"@type":"ReadAction","target":["https:\/\/www.iplay.com\/de\/games\/jewel-match-solitaire-winterscapes-3-collectors-edition\/"]}]},{"@type":"ImageObject","inLanguage":"de-DE","@id":"https:\/\/www.iplay.com\/de\/games\/jewel-match-solitaire-winterscapes-3-collectors-edition\/#primaryimage","url":"https:\/\/www.iplay.com\/wp-content\/uploads\/2024\/12\/jewel_match_solitaire_-_winterscapes_3_ce_large_square_tile_image.webp","contentUrl":"https:\/\/www.iplay.com\/wp-content\/uploads\/2024\/12\/jewel_match_solitaire_-_winterscapes_3_ce_large_square_tile_image.webp","width":400,"height":400},{"@type":"BreadcrumbList","@id":"https:\/\/www.iplay.com\/de\/games\/jewel-match-solitaire-winterscapes-3-collectors-edition\/#breadcrumb","itemListElement":[{"@type":"ListItem","position":1,"name":"Home","item":"https:\/\/www.iplay.com\/de\/home-page-2\/"},{"@type":"ListItem","position":2,"name":"Shop","item":"https:\/\/www.iplay.com\/en\/shop\/"},{"@type":"ListItem","position":3,"name":"Jewel Match Solitaire Winterscapes 3 Collector&#8217;s Edition"}]},{"@type":"WebSite","@id":"https:\/\/www.iplay.com\/en\/#website","url":"https:\/\/www.iplay.com\/en\/","name":"IPlay","description":"The Best Casual Games!","publisher":{"@id":"https:\/\/www.iplay.com\/en\/#organization"},"potentialAction":[{"@type":"SearchAction","target":{"@type":"EntryPoint","urlTemplate":"https:\/\/www.iplay.com\/en\/?s={search_term_string}"},"query-input":{"@type":"PropertyValueSpecification","valueRequired":true,"valueName":"search_term_string"}}],"inLanguage":"de-DE"},{"@type":"Organization","@id":"https:\/\/www.iplay.com\/en\/#organization","name":"IPlay","url":"https:\/\/www.iplay.com\/en\/","logo":{"@type":"ImageObject","inLanguage":"de-DE","@id":"https:\/\/www.iplay.com\/en\/#\/schema\/logo\/image\/","url":"https:\/\/www.iplay.com\/wp-content\/uploads\/2023\/11\/Group-6100.svg","contentUrl":"https:\/\/www.iplay.com\/wp-content\/uploads\/2023\/11\/Group-6100.svg","width":98,"height":25,"caption":"IPlay"},"image":{"@id":"https:\/\/www.iplay.com\/en\/#\/schema\/logo\/image\/"}}]}},"_links":{"self":[{"href":"https:\/\/www.iplay.com\/de\/wp-json\/wp\/v2\/product\/38347","targetHints":{"allow":["GET"]}}],"collection":[{"href":"https:\/\/www.iplay.com\/de\/wp-json\/wp\/v2\/product"}],"about":[{"href":"https:\/\/www.iplay.com\/de\/wp-json\/wp\/v2\/types\/product"}],"author":[{"embeddable":true,"href":"https:\/\/www.iplay.com\/de\/wp-json\/wp\/v2\/users\/20"}],"replies":[{"embeddable":true,"href":"https:\/\/www.iplay.com\/de\/wp-json\/wp\/v2\/comments?post=38347"}],"wp:featuredmedia":[{"embeddable":true,"href":"https:\/\/www.iplay.com\/de\/wp-json\/wp\/v2\/media\/38350"}],"wp:attachment":[{"href":"https:\/\/www.iplay.com\/de\/wp-json\/wp\/v2\/media?parent=38347"}],"wp:term":[{"taxonomy":"product_brand","embeddable":true,"href":"https:\/\/www.iplay.com\/de\/wp-json\/wp\/v2\/product_brand?post=38347"},{"taxonomy":"product_cat","embeddable":true,"href":"https:\/\/www.iplay.com\/de\/wp-json\/wp\/v2\/product_cat?post=38347"},{"taxonomy":"product_tag","embeddable":true,"href":"https:\/\/www.iplay.com\/de\/wp-json\/wp\/v2\/product_tag?post=38347"}],"curies":[{"name":"wp","href":"https:\/\/api.w.org\/{rel}","templated":true}]}}