{"id":38086,"date":"2025-01-22T09:00:12","date_gmt":"2025-01-22T09:00:12","guid":{"rendered":"https:\/\/www.iplay.com\/games\/lucky-season-king-of-fools-collectors-edition\/"},"modified":"2025-03-06T10:00:08","modified_gmt":"2025-03-06T10:00:08","slug":"lucky-season-king-of-fools-collectors-edition","status":"publish","type":"product","link":"https:\/\/www.iplay.com\/de\/games\/lucky-season-king-of-fools-collectors-edition\/","title":{"rendered":"Lucky Season: King of Fools Collector&#8217;s Edition"},"content":{"rendered":"<p>In Lucky Season: King of Fools wird ein bezauberndes Abenteuer geboten, bei dem die Wiederherstellung der Magie deiner Welt dringend erforderlich ist.<\/p>\n<p>W\u00e4hrend der St. Patrick&#8217;s Day n\u00e4her r\u00fcckt, bereiten sich die Kobolde eifrig darauf vor, den Zauber ihres Reiches wiederherzustellen und der Menschenwelt Gl\u00fcck zu bringen. Die Katastrophe kommt jedoch, als dein Bruder entf\u00fchrt wird und die schelmischen Clurichauns die magischen M\u00fcnzen stehlen, die die Macht deines Volkes aufrechterhalten. Ohne diese M\u00fcnzen wird die Magie der Kobolde verblassen und das Ungl\u00fcck wird sich \u00fcber die Welt der Menschen ausbreiten. Ein Portal muss durchquert, das Gl\u00fcck wiederhergestellt und die Magie zur\u00fcckerobert werden, bevor es zu sp\u00e4t ist. Bleibt die Frage: Kann diese kritische Mission abgeschlossen werden?    <\/p>\n<p>Dieses fesselnde Wimmelbild-Abenteuer l\u00e4dt die Spieler ein, die Antwort herauszufinden und sich auf eine magische Reise voller R\u00e4tsel, Geheimnisse und \u00dcberraschungen zu begeben.<\/p>\n<p>&nbsp;<\/p>\n<p><strong>Funktionen der Collector&#8217;s Edition<\/strong><\/p>\n<ul>\n<li>Eine verborgene Koboldwelt wird erkundet und ein besonderes Theaterst\u00fcck geschaffen, das den Menschen ihre Existenz offenbart.<\/li>\n<li>Goldm\u00fcnzen und einzigartige Gegenst\u00e4nde werden gesammelt, um ein Bonusr\u00e4tsel freizuschalten und Zugang zum Geheimraum zu erhalten.<\/li>\n<li>Spiel-Hintergrundbilder und Musik werden genossen, wobei die Favoriten f\u00fcr sp\u00e4ter gespeichert werden.<\/li>\n<li>Ein Strategieleitfaden ist enthalten, um bei Bedarf Unterst\u00fctzung zu erhalten.<\/li>\n<\/ul>\n","protected":false},"excerpt":{"rendered":"<p>Baue die Magie in deiner Welt mit <strong>Lucky Season: King of Fools Collector&#8217;s Edition<\/strong> wieder auf<\/p>\n","protected":false},"author":17,"featured_media":38087,"comment_status":"open","ping_status":"closed","template":"","meta":{"_acf_changed":false,"inline_featured_image":false},"product_brand":[],"product_cat":[164],"product_tag":[289],"class_list":{"0":"post-38086","1":"product","2":"type-product","3":"status-publish","4":"has-post-thumbnail","6":"product_cat-hidden-object-de","7":"product_tag-play-on-pc-de","9":"first","10":"instock","11":"shipping-taxable","12":"purchasable","13":"product-type-simple"},"acf":[],"yoast_head":"<!-- This site is optimized with the Yoast SEO Premium plugin v25.2 (Yoast SEO v25.2) - https:\/\/yoast.com\/wordpress\/plugins\/seo\/ -->\n<title>Baue die Magie in deiner Welt mit Lucky Season: King of Fools CE wieder auf!<\/title>\n<meta name=\"description\" content=\"Baue die Magie in deiner Welt mit Lucky Season: King of Fools Collector&#039;s Edition wieder auf\" \/>\n<meta name=\"robots\" content=\"index, follow, max-snippet:-1, max-image-preview:large, max-video-preview:-1\" \/>\n<link rel=\"canonical\" href=\"https:\/\/www.iplay.com\/de\/games\/lucky-season-king-of-fools-collectors-edition\/\" \/>\n<meta property=\"og:locale\" content=\"de_DE\" \/>\n<meta property=\"og:type\" content=\"article\" \/>\n<meta property=\"og:title\" content=\"Lucky Season: King of Fools Collector&#039;s Edition\" \/>\n<meta property=\"og:description\" content=\"Baue die Magie in deiner Welt mit Lucky Season: King of Fools Collector&#039;s Edition wieder auf\" \/>\n<meta property=\"og:url\" content=\"https:\/\/www.iplay.com\/de\/games\/lucky-season-king-of-fools-collectors-edition\/\" \/>\n<meta property=\"og:site_name\" content=\"IPlay\" \/>\n<meta property=\"article:modified_time\" content=\"2025-03-06T10:00:08+00:00\" \/>\n<meta property=\"og:image\" content=\"https:\/\/www.iplay.com\/wp-content\/uploads\/2025\/01\/lucky_season_king_of_fools_ce_large_square_tile_image.webp\" \/>\n\t<meta property=\"og:image:width\" content=\"400\" \/>\n\t<meta property=\"og:image:height\" content=\"400\" \/>\n\t<meta property=\"og:image:type\" content=\"image\/webp\" \/>\n<meta name=\"twitter:card\" content=\"summary_large_image\" \/>\n<meta name=\"twitter:label1\" content=\"Gesch\u00e4tzte Lesezeit\" \/>\n\t<meta name=\"twitter:data1\" content=\"1 Minute\" \/>\n<script type=\"application\/ld+json\" class=\"yoast-schema-graph\">{\"@context\":\"https:\/\/schema.org\",\"@graph\":[{\"@type\":\"WebPage\",\"@id\":\"https:\/\/www.iplay.com\/de\/games\/lucky-season-king-of-fools-collectors-edition\/\",\"url\":\"https:\/\/www.iplay.com\/de\/games\/lucky-season-king-of-fools-collectors-edition\/\",\"name\":\"Baue die Magie in deiner Welt mit Lucky Season: King of Fools CE wieder auf!\",\"isPartOf\":{\"@id\":\"https:\/\/www.iplay.com\/en\/#website\"},\"primaryImageOfPage\":{\"@id\":\"https:\/\/www.iplay.com\/de\/games\/lucky-season-king-of-fools-collectors-edition\/#primaryimage\"},\"image\":{\"@id\":\"https:\/\/www.iplay.com\/de\/games\/lucky-season-king-of-fools-collectors-edition\/#primaryimage\"},\"thumbnailUrl\":\"https:\/\/www.iplay.com\/wp-content\/uploads\/2025\/01\/lucky_season_king_of_fools_ce_large_square_tile_image.webp\",\"datePublished\":\"2025-01-22T09:00:12+00:00\",\"dateModified\":\"2025-03-06T10:00:08+00:00\",\"description\":\"Baue die Magie in deiner Welt mit Lucky Season: King of Fools Collector's Edition wieder auf\",\"breadcrumb\":{\"@id\":\"https:\/\/www.iplay.com\/de\/games\/lucky-season-king-of-fools-collectors-edition\/#breadcrumb\"},\"inLanguage\":\"de-DE\",\"potentialAction\":[{\"@type\":\"ReadAction\",\"target\":[\"https:\/\/www.iplay.com\/de\/games\/lucky-season-king-of-fools-collectors-edition\/\"]}]},{\"@type\":\"ImageObject\",\"inLanguage\":\"de-DE\",\"@id\":\"https:\/\/www.iplay.com\/de\/games\/lucky-season-king-of-fools-collectors-edition\/#primaryimage\",\"url\":\"https:\/\/www.iplay.com\/wp-content\/uploads\/2025\/01\/lucky_season_king_of_fools_ce_large_square_tile_image.webp\",\"contentUrl\":\"https:\/\/www.iplay.com\/wp-content\/uploads\/2025\/01\/lucky_season_king_of_fools_ce_large_square_tile_image.webp\",\"width\":400,\"height\":400},{\"@type\":\"BreadcrumbList\",\"@id\":\"https:\/\/www.iplay.com\/de\/games\/lucky-season-king-of-fools-collectors-edition\/#breadcrumb\",\"itemListElement\":[{\"@type\":\"ListItem\",\"position\":1,\"name\":\"Home\",\"item\":\"https:\/\/www.iplay.com\/de\/home-page-2\/\"},{\"@type\":\"ListItem\",\"position\":2,\"name\":\"Shop\",\"item\":\"https:\/\/www.iplay.com\/en\/shop\/\"},{\"@type\":\"ListItem\",\"position\":3,\"name\":\"Lucky Season: King of Fools Collector&#8217;s Edition\"}]},{\"@type\":\"WebSite\",\"@id\":\"https:\/\/www.iplay.com\/en\/#website\",\"url\":\"https:\/\/www.iplay.com\/en\/\",\"name\":\"IPlay\",\"description\":\"The Best Casual Games!\",\"publisher\":{\"@id\":\"https:\/\/www.iplay.com\/en\/#organization\"},\"potentialAction\":[{\"@type\":\"SearchAction\",\"target\":{\"@type\":\"EntryPoint\",\"urlTemplate\":\"https:\/\/www.iplay.com\/en\/?s={search_term_string}\"},\"query-input\":{\"@type\":\"PropertyValueSpecification\",\"valueRequired\":true,\"valueName\":\"search_term_string\"}}],\"inLanguage\":\"de-DE\"},{\"@type\":\"Organization\",\"@id\":\"https:\/\/www.iplay.com\/en\/#organization\",\"name\":\"IPlay\",\"url\":\"https:\/\/www.iplay.com\/en\/\",\"logo\":{\"@type\":\"ImageObject\",\"inLanguage\":\"de-DE\",\"@id\":\"https:\/\/www.iplay.com\/en\/#\/schema\/logo\/image\/\",\"url\":\"https:\/\/www.iplay.com\/wp-content\/uploads\/2023\/11\/Group-6100.svg\",\"contentUrl\":\"https:\/\/www.iplay.com\/wp-content\/uploads\/2023\/11\/Group-6100.svg\",\"width\":98,\"height\":25,\"caption\":\"IPlay\"},\"image\":{\"@id\":\"https:\/\/www.iplay.com\/en\/#\/schema\/logo\/image\/\"}}]}<\/script>\n<!-- \/ Yoast SEO Premium plugin. -->","yoast_head_json":{"title":"Baue die Magie in deiner Welt mit Lucky Season: King of Fools CE wieder auf!","description":"Baue die Magie in deiner Welt mit Lucky Season: King of Fools Collector's Edition wieder auf","robots":{"index":"index","follow":"follow","max-snippet":"max-snippet:-1","max-image-preview":"max-image-preview:large","max-video-preview":"max-video-preview:-1"},"canonical":"https:\/\/www.iplay.com\/de\/games\/lucky-season-king-of-fools-collectors-edition\/","og_locale":"de_DE","og_type":"article","og_title":"Lucky Season: King of Fools Collector's Edition","og_description":"Baue die Magie in deiner Welt mit Lucky Season: King of Fools Collector's Edition wieder auf","og_url":"https:\/\/www.iplay.com\/de\/games\/lucky-season-king-of-fools-collectors-edition\/","og_site_name":"IPlay","article_modified_time":"2025-03-06T10:00:08+00:00","og_image":[{"width":400,"height":400,"url":"https:\/\/www.iplay.com\/wp-content\/uploads\/2025\/01\/lucky_season_king_of_fools_ce_large_square_tile_image.webp","type":"image\/webp"}],"twitter_card":"summary_large_image","twitter_misc":{"Gesch\u00e4tzte Lesezeit":"1 Minute"},"schema":{"@context":"https:\/\/schema.org","@graph":[{"@type":"WebPage","@id":"https:\/\/www.iplay.com\/de\/games\/lucky-season-king-of-fools-collectors-edition\/","url":"https:\/\/www.iplay.com\/de\/games\/lucky-season-king-of-fools-collectors-edition\/","name":"Baue die Magie in deiner Welt mit Lucky Season: King of Fools CE wieder auf!","isPartOf":{"@id":"https:\/\/www.iplay.com\/en\/#website"},"primaryImageOfPage":{"@id":"https:\/\/www.iplay.com\/de\/games\/lucky-season-king-of-fools-collectors-edition\/#primaryimage"},"image":{"@id":"https:\/\/www.iplay.com\/de\/games\/lucky-season-king-of-fools-collectors-edition\/#primaryimage"},"thumbnailUrl":"https:\/\/www.iplay.com\/wp-content\/uploads\/2025\/01\/lucky_season_king_of_fools_ce_large_square_tile_image.webp","datePublished":"2025-01-22T09:00:12+00:00","dateModified":"2025-03-06T10:00:08+00:00","description":"Baue die Magie in deiner Welt mit Lucky Season: King of Fools Collector's Edition wieder auf","breadcrumb":{"@id":"https:\/\/www.iplay.com\/de\/games\/lucky-season-king-of-fools-collectors-edition\/#breadcrumb"},"inLanguage":"de-DE","potentialAction":[{"@type":"ReadAction","target":["https:\/\/www.iplay.com\/de\/games\/lucky-season-king-of-fools-collectors-edition\/"]}]},{"@type":"ImageObject","inLanguage":"de-DE","@id":"https:\/\/www.iplay.com\/de\/games\/lucky-season-king-of-fools-collectors-edition\/#primaryimage","url":"https:\/\/www.iplay.com\/wp-content\/uploads\/2025\/01\/lucky_season_king_of_fools_ce_large_square_tile_image.webp","contentUrl":"https:\/\/www.iplay.com\/wp-content\/uploads\/2025\/01\/lucky_season_king_of_fools_ce_large_square_tile_image.webp","width":400,"height":400},{"@type":"BreadcrumbList","@id":"https:\/\/www.iplay.com\/de\/games\/lucky-season-king-of-fools-collectors-edition\/#breadcrumb","itemListElement":[{"@type":"ListItem","position":1,"name":"Home","item":"https:\/\/www.iplay.com\/de\/home-page-2\/"},{"@type":"ListItem","position":2,"name":"Shop","item":"https:\/\/www.iplay.com\/en\/shop\/"},{"@type":"ListItem","position":3,"name":"Lucky Season: King of Fools Collector&#8217;s Edition"}]},{"@type":"WebSite","@id":"https:\/\/www.iplay.com\/en\/#website","url":"https:\/\/www.iplay.com\/en\/","name":"IPlay","description":"The Best Casual Games!","publisher":{"@id":"https:\/\/www.iplay.com\/en\/#organization"},"potentialAction":[{"@type":"SearchAction","target":{"@type":"EntryPoint","urlTemplate":"https:\/\/www.iplay.com\/en\/?s={search_term_string}"},"query-input":{"@type":"PropertyValueSpecification","valueRequired":true,"valueName":"search_term_string"}}],"inLanguage":"de-DE"},{"@type":"Organization","@id":"https:\/\/www.iplay.com\/en\/#organization","name":"IPlay","url":"https:\/\/www.iplay.com\/en\/","logo":{"@type":"ImageObject","inLanguage":"de-DE","@id":"https:\/\/www.iplay.com\/en\/#\/schema\/logo\/image\/","url":"https:\/\/www.iplay.com\/wp-content\/uploads\/2023\/11\/Group-6100.svg","contentUrl":"https:\/\/www.iplay.com\/wp-content\/uploads\/2023\/11\/Group-6100.svg","width":98,"height":25,"caption":"IPlay"},"image":{"@id":"https:\/\/www.iplay.com\/en\/#\/schema\/logo\/image\/"}}]}},"_links":{"self":[{"href":"https:\/\/www.iplay.com\/de\/wp-json\/wp\/v2\/product\/38086","targetHints":{"allow":["GET"]}}],"collection":[{"href":"https:\/\/www.iplay.com\/de\/wp-json\/wp\/v2\/product"}],"about":[{"href":"https:\/\/www.iplay.com\/de\/wp-json\/wp\/v2\/types\/product"}],"author":[{"embeddable":true,"href":"https:\/\/www.iplay.com\/de\/wp-json\/wp\/v2\/users\/17"}],"replies":[{"embeddable":true,"href":"https:\/\/www.iplay.com\/de\/wp-json\/wp\/v2\/comments?post=38086"}],"wp:featuredmedia":[{"embeddable":true,"href":"https:\/\/www.iplay.com\/de\/wp-json\/wp\/v2\/media\/38087"}],"wp:attachment":[{"href":"https:\/\/www.iplay.com\/de\/wp-json\/wp\/v2\/media?parent=38086"}],"wp:term":[{"taxonomy":"product_brand","embeddable":true,"href":"https:\/\/www.iplay.com\/de\/wp-json\/wp\/v2\/product_brand?post=38086"},{"taxonomy":"product_cat","embeddable":true,"href":"https:\/\/www.iplay.com\/de\/wp-json\/wp\/v2\/product_cat?post=38086"},{"taxonomy":"product_tag","embeddable":true,"href":"https:\/\/www.iplay.com\/de\/wp-json\/wp\/v2\/product_tag?post=38086"}],"curies":[{"name":"wp","href":"https:\/\/api.w.org\/{rel}","templated":true}]}}