{"id":37977,"date":"2025-02-24T09:30:48","date_gmt":"2025-02-24T09:30:48","guid":{"rendered":"https:\/\/www.iplay.com\/games\/cinderella-wedding-2\/"},"modified":"2025-02-24T09:30:48","modified_gmt":"2025-02-24T09:30:48","slug":"cinderella-wedding-2","status":"publish","type":"product","link":"https:\/\/www.iplay.com\/de\/games\/cinderella-wedding-2\/","title":{"rendered":"Cinderella Wedding"},"content":{"rendered":"<p>Eine gro\u00dfe k\u00f6nigliche Hochzeit steht bevor \u2013 morgen wird Aschenputtel mit dem M\u00e4rchenprinzen verheiratet! Die feinsten Brautkleider wurden von den k\u00f6niglichen Schneidern kreiert, um sicherzustellen, dass die sch\u00f6nsten Kleider f\u00fcr diesen besonderen Tag bereit sind. Jetzt, als magische Fee, wurde Ihnen die Aufgabe anvertraut, Aschenputtel in die eleganteste und atemberaubendste Kleidung zu kleiden.  <\/p>\n<p>Die innere Fashionista muss geweckt werden, um das perfekte Outfit und die perfekte Frisur f\u00fcr Cinderella auszuw\u00e4hlen. Das Ziel ist es, sie zur atemberaubendsten aller Prinzessinnen und zu einer wahren K\u00f6nigin des Stils zu machen. <\/p>\n<p>&nbsp;<\/p>\n<p><strong>Funktionen<\/strong><\/p>\n<ul>\n<li>Eine riesige Sammlung von 200 Artikeln. Wundersch\u00f6ne Kleider, R\u00f6cke, Oberteile, Frisuren, Brautschleier, Schuhe, Blumen, Handtaschen und mehr \u2013 alles kostenlos erh\u00e4ltlich. <\/li>\n<li>Grenzenlose Kreativit\u00e4t. Jeder Gegenstand ist freigeschaltet und erm\u00f6glicht Millionen einzigartiger Outfit-Kombinationen ohne In-App-K\u00e4ufe. <\/li>\n<li>Ein herausragendes Hochzeitssalon-Erlebnis. Im Gegensatz zu anderen Ankleidespielen bietet dieses Spiel ein au\u00dfergew\u00f6hnliches Abenteuer mit Aschenputtel-Thema. <\/li>\n<li>\n<\/li>\n<\/ul>\n<p>Br\u00e4ute und Prinzessinnen wurden schon immer in Ankleidespielen geliebt, und jetzt muss Aschenputtel \u2013 die am meisten geliebte Prinzessin \u2013 in die schillerndste Braut aller Zeiten verwandelt werden. Wird der perfekte Hochzeitslook f\u00fcr ihren magischen Tag kreiert?<\/p>\n","protected":false},"excerpt":{"rendered":"<p><strong>Cinderellas Hochzeit<\/strong> steht bevor \u2013 kleide sie stilvoll ein!<\/p>\n","protected":false},"author":320,"featured_media":37681,"comment_status":"open","ping_status":"closed","template":"","meta":{"_acf_changed":false,"inline_featured_image":false},"product_brand":[],"product_cat":[194,201],"product_tag":[289],"class_list":{"0":"post-37977","1":"product","2":"type-product","3":"status-publish","4":"has-post-thumbnail","6":"product_cat-puzzle-de","7":"product_cat-removed-content-de","8":"product_tag-play-on-pc-de","10":"first","11":"instock","12":"shipping-taxable","13":"purchasable","14":"product-type-simple"},"acf":[],"yoast_head":"<!-- This site is optimized with the Yoast SEO Premium plugin v25.2 (Yoast SEO v25.2) - https:\/\/yoast.com\/wordpress\/plugins\/seo\/ -->\n<title>Cinderellas Hochzeit wartet auf sie \u2013 kleide sie stilvoll ein!<\/title>\n<meta name=\"description\" content=\"Cinderellas Hochzeit steht bevor \u2013 kleide sie stilvoll ein!\" \/>\n<meta name=\"robots\" content=\"index, follow, max-snippet:-1, max-image-preview:large, max-video-preview:-1\" \/>\n<link rel=\"canonical\" href=\"https:\/\/www.iplay.com\/de\/games\/cinderella-wedding-2\/\" \/>\n<meta property=\"og:locale\" content=\"de_DE\" \/>\n<meta property=\"og:type\" content=\"article\" \/>\n<meta property=\"og:title\" content=\"Cinderella Wedding\" \/>\n<meta property=\"og:description\" content=\"Cinderellas Hochzeit steht bevor \u2013 kleide sie stilvoll ein!\" \/>\n<meta property=\"og:url\" content=\"https:\/\/www.iplay.com\/de\/games\/cinderella-wedding-2\/\" \/>\n<meta property=\"og:site_name\" content=\"IPlay\" \/>\n<meta property=\"og:image\" content=\"https:\/\/www.iplay.com\/wp-content\/uploads\/2025\/02\/cinderella_wedding_large_video_screenshot.webp\" \/>\n\t<meta property=\"og:image:width\" content=\"715\" \/>\n\t<meta property=\"og:image:height\" content=\"485\" \/>\n\t<meta property=\"og:image:type\" content=\"image\/webp\" \/>\n<meta name=\"twitter:card\" content=\"summary_large_image\" \/>\n<meta name=\"twitter:label1\" content=\"Gesch\u00e4tzte Lesezeit\" \/>\n\t<meta name=\"twitter:data1\" content=\"1 Minute\" \/>\n<script type=\"application\/ld+json\" class=\"yoast-schema-graph\">{\"@context\":\"https:\/\/schema.org\",\"@graph\":[{\"@type\":\"WebPage\",\"@id\":\"https:\/\/www.iplay.com\/de\/games\/cinderella-wedding-2\/\",\"url\":\"https:\/\/www.iplay.com\/de\/games\/cinderella-wedding-2\/\",\"name\":\"Cinderellas Hochzeit wartet auf sie \u2013 kleide sie stilvoll ein!\",\"isPartOf\":{\"@id\":\"https:\/\/www.iplay.com\/en\/#website\"},\"primaryImageOfPage\":{\"@id\":\"https:\/\/www.iplay.com\/de\/games\/cinderella-wedding-2\/#primaryimage\"},\"image\":{\"@id\":\"https:\/\/www.iplay.com\/de\/games\/cinderella-wedding-2\/#primaryimage\"},\"thumbnailUrl\":\"https:\/\/www.iplay.com\/wp-content\/uploads\/2025\/02\/cinderella_wedding_large_square_tile_image-cgi-400w.webp\",\"datePublished\":\"2025-02-24T09:30:48+00:00\",\"description\":\"Cinderellas Hochzeit steht bevor \u2013 kleide sie stilvoll ein!\",\"breadcrumb\":{\"@id\":\"https:\/\/www.iplay.com\/de\/games\/cinderella-wedding-2\/#breadcrumb\"},\"inLanguage\":\"de-DE\",\"potentialAction\":[{\"@type\":\"ReadAction\",\"target\":[\"https:\/\/www.iplay.com\/de\/games\/cinderella-wedding-2\/\"]}]},{\"@type\":\"ImageObject\",\"inLanguage\":\"de-DE\",\"@id\":\"https:\/\/www.iplay.com\/de\/games\/cinderella-wedding-2\/#primaryimage\",\"url\":\"https:\/\/www.iplay.com\/wp-content\/uploads\/2025\/02\/cinderella_wedding_large_square_tile_image-cgi-400w.webp\",\"contentUrl\":\"https:\/\/www.iplay.com\/wp-content\/uploads\/2025\/02\/cinderella_wedding_large_square_tile_image-cgi-400w.webp\",\"width\":400,\"height\":400},{\"@type\":\"BreadcrumbList\",\"@id\":\"https:\/\/www.iplay.com\/de\/games\/cinderella-wedding-2\/#breadcrumb\",\"itemListElement\":[{\"@type\":\"ListItem\",\"position\":1,\"name\":\"Home\",\"item\":\"https:\/\/www.iplay.com\/de\/home-page-2\/\"},{\"@type\":\"ListItem\",\"position\":2,\"name\":\"Shop\",\"item\":\"https:\/\/www.iplay.com\/en\/shop\/\"},{\"@type\":\"ListItem\",\"position\":3,\"name\":\"Cinderella Wedding\"}]},{\"@type\":\"WebSite\",\"@id\":\"https:\/\/www.iplay.com\/en\/#website\",\"url\":\"https:\/\/www.iplay.com\/en\/\",\"name\":\"IPlay\",\"description\":\"The Best Casual Games!\",\"publisher\":{\"@id\":\"https:\/\/www.iplay.com\/en\/#organization\"},\"potentialAction\":[{\"@type\":\"SearchAction\",\"target\":{\"@type\":\"EntryPoint\",\"urlTemplate\":\"https:\/\/www.iplay.com\/en\/?s={search_term_string}\"},\"query-input\":{\"@type\":\"PropertyValueSpecification\",\"valueRequired\":true,\"valueName\":\"search_term_string\"}}],\"inLanguage\":\"de-DE\"},{\"@type\":\"Organization\",\"@id\":\"https:\/\/www.iplay.com\/en\/#organization\",\"name\":\"IPlay\",\"url\":\"https:\/\/www.iplay.com\/en\/\",\"logo\":{\"@type\":\"ImageObject\",\"inLanguage\":\"de-DE\",\"@id\":\"https:\/\/www.iplay.com\/en\/#\/schema\/logo\/image\/\",\"url\":\"https:\/\/www.iplay.com\/wp-content\/uploads\/2023\/11\/Group-6100.svg\",\"contentUrl\":\"https:\/\/www.iplay.com\/wp-content\/uploads\/2023\/11\/Group-6100.svg\",\"width\":98,\"height\":25,\"caption\":\"IPlay\"},\"image\":{\"@id\":\"https:\/\/www.iplay.com\/en\/#\/schema\/logo\/image\/\"}}]}<\/script>\n<!-- \/ Yoast SEO Premium plugin. -->","yoast_head_json":{"title":"Cinderellas Hochzeit wartet auf sie \u2013 kleide sie stilvoll ein!","description":"Cinderellas Hochzeit steht bevor \u2013 kleide sie stilvoll ein!","robots":{"index":"index","follow":"follow","max-snippet":"max-snippet:-1","max-image-preview":"max-image-preview:large","max-video-preview":"max-video-preview:-1"},"canonical":"https:\/\/www.iplay.com\/de\/games\/cinderella-wedding-2\/","og_locale":"de_DE","og_type":"article","og_title":"Cinderella Wedding","og_description":"Cinderellas Hochzeit steht bevor \u2013 kleide sie stilvoll ein!","og_url":"https:\/\/www.iplay.com\/de\/games\/cinderella-wedding-2\/","og_site_name":"IPlay","og_image":[{"width":715,"height":485,"url":"https:\/\/www.iplay.com\/wp-content\/uploads\/2025\/02\/cinderella_wedding_large_video_screenshot.webp","type":"image\/webp"}],"twitter_card":"summary_large_image","twitter_misc":{"Gesch\u00e4tzte Lesezeit":"1 Minute"},"schema":{"@context":"https:\/\/schema.org","@graph":[{"@type":"WebPage","@id":"https:\/\/www.iplay.com\/de\/games\/cinderella-wedding-2\/","url":"https:\/\/www.iplay.com\/de\/games\/cinderella-wedding-2\/","name":"Cinderellas Hochzeit wartet auf sie \u2013 kleide sie stilvoll ein!","isPartOf":{"@id":"https:\/\/www.iplay.com\/en\/#website"},"primaryImageOfPage":{"@id":"https:\/\/www.iplay.com\/de\/games\/cinderella-wedding-2\/#primaryimage"},"image":{"@id":"https:\/\/www.iplay.com\/de\/games\/cinderella-wedding-2\/#primaryimage"},"thumbnailUrl":"https:\/\/www.iplay.com\/wp-content\/uploads\/2025\/02\/cinderella_wedding_large_square_tile_image-cgi-400w.webp","datePublished":"2025-02-24T09:30:48+00:00","description":"Cinderellas Hochzeit steht bevor \u2013 kleide sie stilvoll ein!","breadcrumb":{"@id":"https:\/\/www.iplay.com\/de\/games\/cinderella-wedding-2\/#breadcrumb"},"inLanguage":"de-DE","potentialAction":[{"@type":"ReadAction","target":["https:\/\/www.iplay.com\/de\/games\/cinderella-wedding-2\/"]}]},{"@type":"ImageObject","inLanguage":"de-DE","@id":"https:\/\/www.iplay.com\/de\/games\/cinderella-wedding-2\/#primaryimage","url":"https:\/\/www.iplay.com\/wp-content\/uploads\/2025\/02\/cinderella_wedding_large_square_tile_image-cgi-400w.webp","contentUrl":"https:\/\/www.iplay.com\/wp-content\/uploads\/2025\/02\/cinderella_wedding_large_square_tile_image-cgi-400w.webp","width":400,"height":400},{"@type":"BreadcrumbList","@id":"https:\/\/www.iplay.com\/de\/games\/cinderella-wedding-2\/#breadcrumb","itemListElement":[{"@type":"ListItem","position":1,"name":"Home","item":"https:\/\/www.iplay.com\/de\/home-page-2\/"},{"@type":"ListItem","position":2,"name":"Shop","item":"https:\/\/www.iplay.com\/en\/shop\/"},{"@type":"ListItem","position":3,"name":"Cinderella Wedding"}]},{"@type":"WebSite","@id":"https:\/\/www.iplay.com\/en\/#website","url":"https:\/\/www.iplay.com\/en\/","name":"IPlay","description":"The Best Casual Games!","publisher":{"@id":"https:\/\/www.iplay.com\/en\/#organization"},"potentialAction":[{"@type":"SearchAction","target":{"@type":"EntryPoint","urlTemplate":"https:\/\/www.iplay.com\/en\/?s={search_term_string}"},"query-input":{"@type":"PropertyValueSpecification","valueRequired":true,"valueName":"search_term_string"}}],"inLanguage":"de-DE"},{"@type":"Organization","@id":"https:\/\/www.iplay.com\/en\/#organization","name":"IPlay","url":"https:\/\/www.iplay.com\/en\/","logo":{"@type":"ImageObject","inLanguage":"de-DE","@id":"https:\/\/www.iplay.com\/en\/#\/schema\/logo\/image\/","url":"https:\/\/www.iplay.com\/wp-content\/uploads\/2023\/11\/Group-6100.svg","contentUrl":"https:\/\/www.iplay.com\/wp-content\/uploads\/2023\/11\/Group-6100.svg","width":98,"height":25,"caption":"IPlay"},"image":{"@id":"https:\/\/www.iplay.com\/en\/#\/schema\/logo\/image\/"}}]}},"_links":{"self":[{"href":"https:\/\/www.iplay.com\/de\/wp-json\/wp\/v2\/product\/37977","targetHints":{"allow":["GET"]}}],"collection":[{"href":"https:\/\/www.iplay.com\/de\/wp-json\/wp\/v2\/product"}],"about":[{"href":"https:\/\/www.iplay.com\/de\/wp-json\/wp\/v2\/types\/product"}],"author":[{"embeddable":true,"href":"https:\/\/www.iplay.com\/de\/wp-json\/wp\/v2\/users\/320"}],"replies":[{"embeddable":true,"href":"https:\/\/www.iplay.com\/de\/wp-json\/wp\/v2\/comments?post=37977"}],"wp:featuredmedia":[{"embeddable":true,"href":"https:\/\/www.iplay.com\/de\/wp-json\/wp\/v2\/media\/37681"}],"wp:attachment":[{"href":"https:\/\/www.iplay.com\/de\/wp-json\/wp\/v2\/media?parent=37977"}],"wp:term":[{"taxonomy":"product_brand","embeddable":true,"href":"https:\/\/www.iplay.com\/de\/wp-json\/wp\/v2\/product_brand?post=37977"},{"taxonomy":"product_cat","embeddable":true,"href":"https:\/\/www.iplay.com\/de\/wp-json\/wp\/v2\/product_cat?post=37977"},{"taxonomy":"product_tag","embeddable":true,"href":"https:\/\/www.iplay.com\/de\/wp-json\/wp\/v2\/product_tag?post=37977"}],"curies":[{"name":"wp","href":"https:\/\/api.w.org\/{rel}","templated":true}]}}