{"id":37425,"date":"2025-01-31T08:00:56","date_gmt":"2025-01-31T08:00:56","guid":{"rendered":"https:\/\/www.iplay.com\/games\/relaxing-time-paradise-resort-collectors-edition\/"},"modified":"2025-02-26T14:07:56","modified_gmt":"2025-02-26T14:07:56","slug":"relaxing-time-paradise-resort-collectors-edition","status":"publish","type":"product","link":"https:\/\/www.iplay.com\/de\/games\/relaxing-time-paradise-resort-collectors-edition\/","title":{"rendered":"Relaxing Time: Paradise Resort Collector&#8217;s Edition"},"content":{"rendered":"<p>Das Silver Oasis Resort wird als wahrer Zufluchtsort vor dem Chaos des Alltags vorgestellt. Es wird eine Mission zur Restaurierung und Vorbereitung des Resorts f\u00fcr seine Er\u00f6ffnung unternommen. Vor der Ankunft der G\u00e4ste m\u00fcssen die Zimmer f\u00fcr den Check-in vorbereitet, die Pferde in den St\u00e4llen gepflegt und die nahe gelegenen H\u00f6hlen erkundet werden. Die Intensit\u00e4t des Managements dieses Urlaubsortes ist sicherlich zu sp\u00fcren, aber Momente frischer Luft und erfrischender Cocktails warten auf Sie in diesem entspannenden Wimmelbild-Abenteuer.<\/p>\n<p><strong>Funktionen der Collector&#8217;s Edition<\/strong><\/p>\n<ul>\n<li>Ein ganzes Bonuskapitel wird freigeschaltet, um die Sonne noch l\u00e4nger genie\u00dfen zu k\u00f6nnen.<\/li>\n<li>Atemberaubende Hintergrundbilder werden zur Verf\u00fcgung gestellt, um die Sch\u00f6nheit des Resorts auf Ihren Bildschirm zu bringen.<\/li>\n<li>Ein spezieller Musikplayer erm\u00f6glicht es, die Kl\u00e4nge des Paradieses mit nach Hause zu nehmen.<\/li>\n<li>Backstage-Bereiche werden durch eine Auswahl von Konzeptzeichnungen erkundet.<\/li>\n<li><\/li>\n<\/ul>\n<p>Die perfekte Balance zwischen Entspannung und Abenteuer bietet das Silver Oasis Resort!<\/p>\n","protected":false},"excerpt":{"rendered":"<p>Entfliehen Sie Ihren Sorgen mit <strong>Relaxing Time &#8211; Paradise Resort Sammleredition<\/strong><\/p>\n","protected":false},"author":52,"featured_media":32635,"comment_status":"open","ping_status":"closed","template":"","meta":{"_acf_changed":false,"inline_featured_image":false},"product_brand":[],"product_cat":[164,194],"product_tag":[289],"class_list":{"0":"post-37425","1":"product","2":"type-product","3":"status-publish","4":"has-post-thumbnail","6":"product_cat-hidden-object-de","7":"product_cat-puzzle-de","8":"product_tag-play-on-pc-de","10":"first","11":"instock","12":"shipping-taxable","13":"purchasable","14":"product-type-simple"},"acf":[],"yoast_head":"<!-- This site is optimized with the Yoast SEO Premium plugin v25.2 (Yoast SEO v25.2) - https:\/\/yoast.com\/wordpress\/plugins\/seo\/ -->\n<title>Entfliehen Sie Ihren Sorgen mit Relaxing Time: Paradise Resort CE!<\/title>\n<meta name=\"description\" content=\"Entfliehen Sie Ihren Sorgen mit Relaxing Time - Paradise Resort Sammleredition\" \/>\n<meta name=\"robots\" content=\"index, follow, max-snippet:-1, max-image-preview:large, max-video-preview:-1\" \/>\n<link rel=\"canonical\" href=\"https:\/\/www.iplay.com\/de\/games\/relaxing-time-paradise-resort-collectors-edition\/\" \/>\n<meta property=\"og:locale\" content=\"de_DE\" \/>\n<meta property=\"og:type\" content=\"article\" \/>\n<meta property=\"og:title\" content=\"Relaxing Time: Paradise Resort Collector&#039;s Edition\" \/>\n<meta property=\"og:description\" content=\"Entfliehen Sie Ihren Sorgen mit Relaxing Time - Paradise Resort Sammleredition\" \/>\n<meta property=\"og:url\" content=\"https:\/\/www.iplay.com\/de\/games\/relaxing-time-paradise-resort-collectors-edition\/\" \/>\n<meta property=\"og:site_name\" content=\"IPlay\" \/>\n<meta property=\"article:modified_time\" content=\"2025-02-26T14:07:56+00:00\" \/>\n<meta property=\"og:image\" content=\"https:\/\/www.iplay.com\/wp-content\/uploads\/2025\/01\/relaxing_time_paradise_resort_collectors_edition_large_square_tile_image.webp\" \/>\n\t<meta property=\"og:image:width\" content=\"400\" \/>\n\t<meta property=\"og:image:height\" content=\"400\" \/>\n\t<meta property=\"og:image:type\" content=\"image\/webp\" \/>\n<meta name=\"twitter:card\" content=\"summary_large_image\" \/>\n<meta name=\"twitter:label1\" content=\"Gesch\u00e4tzte Lesezeit\" \/>\n\t<meta name=\"twitter:data1\" content=\"1 Minute\" \/>\n<script type=\"application\/ld+json\" class=\"yoast-schema-graph\">{\"@context\":\"https:\/\/schema.org\",\"@graph\":[{\"@type\":\"WebPage\",\"@id\":\"https:\/\/www.iplay.com\/de\/games\/relaxing-time-paradise-resort-collectors-edition\/\",\"url\":\"https:\/\/www.iplay.com\/de\/games\/relaxing-time-paradise-resort-collectors-edition\/\",\"name\":\"Entfliehen Sie Ihren Sorgen mit Relaxing Time: Paradise Resort CE!\",\"isPartOf\":{\"@id\":\"https:\/\/www.iplay.com\/en\/#website\"},\"primaryImageOfPage\":{\"@id\":\"https:\/\/www.iplay.com\/de\/games\/relaxing-time-paradise-resort-collectors-edition\/#primaryimage\"},\"image\":{\"@id\":\"https:\/\/www.iplay.com\/de\/games\/relaxing-time-paradise-resort-collectors-edition\/#primaryimage\"},\"thumbnailUrl\":\"https:\/\/www.iplay.com\/wp-content\/uploads\/2025\/01\/relaxing_time_paradise_resort_collectors_edition_large_square_tile_image.webp\",\"datePublished\":\"2025-01-31T08:00:56+00:00\",\"dateModified\":\"2025-02-26T14:07:56+00:00\",\"description\":\"Entfliehen Sie Ihren Sorgen mit Relaxing Time - Paradise Resort Sammleredition\",\"breadcrumb\":{\"@id\":\"https:\/\/www.iplay.com\/de\/games\/relaxing-time-paradise-resort-collectors-edition\/#breadcrumb\"},\"inLanguage\":\"de-DE\",\"potentialAction\":[{\"@type\":\"ReadAction\",\"target\":[\"https:\/\/www.iplay.com\/de\/games\/relaxing-time-paradise-resort-collectors-edition\/\"]}]},{\"@type\":\"ImageObject\",\"inLanguage\":\"de-DE\",\"@id\":\"https:\/\/www.iplay.com\/de\/games\/relaxing-time-paradise-resort-collectors-edition\/#primaryimage\",\"url\":\"https:\/\/www.iplay.com\/wp-content\/uploads\/2025\/01\/relaxing_time_paradise_resort_collectors_edition_large_square_tile_image.webp\",\"contentUrl\":\"https:\/\/www.iplay.com\/wp-content\/uploads\/2025\/01\/relaxing_time_paradise_resort_collectors_edition_large_square_tile_image.webp\",\"width\":400,\"height\":400},{\"@type\":\"BreadcrumbList\",\"@id\":\"https:\/\/www.iplay.com\/de\/games\/relaxing-time-paradise-resort-collectors-edition\/#breadcrumb\",\"itemListElement\":[{\"@type\":\"ListItem\",\"position\":1,\"name\":\"Home\",\"item\":\"https:\/\/www.iplay.com\/de\/home-page-2\/\"},{\"@type\":\"ListItem\",\"position\":2,\"name\":\"Shop\",\"item\":\"https:\/\/www.iplay.com\/en\/shop\/\"},{\"@type\":\"ListItem\",\"position\":3,\"name\":\"Relaxing Time: Paradise Resort Collector&#8217;s Edition\"}]},{\"@type\":\"WebSite\",\"@id\":\"https:\/\/www.iplay.com\/en\/#website\",\"url\":\"https:\/\/www.iplay.com\/en\/\",\"name\":\"IPlay\",\"description\":\"The Best Casual Games!\",\"publisher\":{\"@id\":\"https:\/\/www.iplay.com\/en\/#organization\"},\"potentialAction\":[{\"@type\":\"SearchAction\",\"target\":{\"@type\":\"EntryPoint\",\"urlTemplate\":\"https:\/\/www.iplay.com\/en\/?s={search_term_string}\"},\"query-input\":{\"@type\":\"PropertyValueSpecification\",\"valueRequired\":true,\"valueName\":\"search_term_string\"}}],\"inLanguage\":\"de-DE\"},{\"@type\":\"Organization\",\"@id\":\"https:\/\/www.iplay.com\/en\/#organization\",\"name\":\"IPlay\",\"url\":\"https:\/\/www.iplay.com\/en\/\",\"logo\":{\"@type\":\"ImageObject\",\"inLanguage\":\"de-DE\",\"@id\":\"https:\/\/www.iplay.com\/en\/#\/schema\/logo\/image\/\",\"url\":\"https:\/\/www.iplay.com\/wp-content\/uploads\/2023\/11\/Group-6100.svg\",\"contentUrl\":\"https:\/\/www.iplay.com\/wp-content\/uploads\/2023\/11\/Group-6100.svg\",\"width\":98,\"height\":25,\"caption\":\"IPlay\"},\"image\":{\"@id\":\"https:\/\/www.iplay.com\/en\/#\/schema\/logo\/image\/\"}}]}<\/script>\n<!-- \/ Yoast SEO Premium plugin. -->","yoast_head_json":{"title":"Entfliehen Sie Ihren Sorgen mit Relaxing Time: Paradise Resort CE!","description":"Entfliehen Sie Ihren Sorgen mit Relaxing Time - Paradise Resort Sammleredition","robots":{"index":"index","follow":"follow","max-snippet":"max-snippet:-1","max-image-preview":"max-image-preview:large","max-video-preview":"max-video-preview:-1"},"canonical":"https:\/\/www.iplay.com\/de\/games\/relaxing-time-paradise-resort-collectors-edition\/","og_locale":"de_DE","og_type":"article","og_title":"Relaxing Time: Paradise Resort Collector's Edition","og_description":"Entfliehen Sie Ihren Sorgen mit Relaxing Time - Paradise Resort Sammleredition","og_url":"https:\/\/www.iplay.com\/de\/games\/relaxing-time-paradise-resort-collectors-edition\/","og_site_name":"IPlay","article_modified_time":"2025-02-26T14:07:56+00:00","og_image":[{"width":400,"height":400,"url":"https:\/\/www.iplay.com\/wp-content\/uploads\/2025\/01\/relaxing_time_paradise_resort_collectors_edition_large_square_tile_image.webp","type":"image\/webp"}],"twitter_card":"summary_large_image","twitter_misc":{"Gesch\u00e4tzte Lesezeit":"1 Minute"},"schema":{"@context":"https:\/\/schema.org","@graph":[{"@type":"WebPage","@id":"https:\/\/www.iplay.com\/de\/games\/relaxing-time-paradise-resort-collectors-edition\/","url":"https:\/\/www.iplay.com\/de\/games\/relaxing-time-paradise-resort-collectors-edition\/","name":"Entfliehen Sie Ihren Sorgen mit Relaxing Time: Paradise Resort CE!","isPartOf":{"@id":"https:\/\/www.iplay.com\/en\/#website"},"primaryImageOfPage":{"@id":"https:\/\/www.iplay.com\/de\/games\/relaxing-time-paradise-resort-collectors-edition\/#primaryimage"},"image":{"@id":"https:\/\/www.iplay.com\/de\/games\/relaxing-time-paradise-resort-collectors-edition\/#primaryimage"},"thumbnailUrl":"https:\/\/www.iplay.com\/wp-content\/uploads\/2025\/01\/relaxing_time_paradise_resort_collectors_edition_large_square_tile_image.webp","datePublished":"2025-01-31T08:00:56+00:00","dateModified":"2025-02-26T14:07:56+00:00","description":"Entfliehen Sie Ihren Sorgen mit Relaxing Time - Paradise Resort Sammleredition","breadcrumb":{"@id":"https:\/\/www.iplay.com\/de\/games\/relaxing-time-paradise-resort-collectors-edition\/#breadcrumb"},"inLanguage":"de-DE","potentialAction":[{"@type":"ReadAction","target":["https:\/\/www.iplay.com\/de\/games\/relaxing-time-paradise-resort-collectors-edition\/"]}]},{"@type":"ImageObject","inLanguage":"de-DE","@id":"https:\/\/www.iplay.com\/de\/games\/relaxing-time-paradise-resort-collectors-edition\/#primaryimage","url":"https:\/\/www.iplay.com\/wp-content\/uploads\/2025\/01\/relaxing_time_paradise_resort_collectors_edition_large_square_tile_image.webp","contentUrl":"https:\/\/www.iplay.com\/wp-content\/uploads\/2025\/01\/relaxing_time_paradise_resort_collectors_edition_large_square_tile_image.webp","width":400,"height":400},{"@type":"BreadcrumbList","@id":"https:\/\/www.iplay.com\/de\/games\/relaxing-time-paradise-resort-collectors-edition\/#breadcrumb","itemListElement":[{"@type":"ListItem","position":1,"name":"Home","item":"https:\/\/www.iplay.com\/de\/home-page-2\/"},{"@type":"ListItem","position":2,"name":"Shop","item":"https:\/\/www.iplay.com\/en\/shop\/"},{"@type":"ListItem","position":3,"name":"Relaxing Time: Paradise Resort Collector&#8217;s Edition"}]},{"@type":"WebSite","@id":"https:\/\/www.iplay.com\/en\/#website","url":"https:\/\/www.iplay.com\/en\/","name":"IPlay","description":"The Best Casual Games!","publisher":{"@id":"https:\/\/www.iplay.com\/en\/#organization"},"potentialAction":[{"@type":"SearchAction","target":{"@type":"EntryPoint","urlTemplate":"https:\/\/www.iplay.com\/en\/?s={search_term_string}"},"query-input":{"@type":"PropertyValueSpecification","valueRequired":true,"valueName":"search_term_string"}}],"inLanguage":"de-DE"},{"@type":"Organization","@id":"https:\/\/www.iplay.com\/en\/#organization","name":"IPlay","url":"https:\/\/www.iplay.com\/en\/","logo":{"@type":"ImageObject","inLanguage":"de-DE","@id":"https:\/\/www.iplay.com\/en\/#\/schema\/logo\/image\/","url":"https:\/\/www.iplay.com\/wp-content\/uploads\/2023\/11\/Group-6100.svg","contentUrl":"https:\/\/www.iplay.com\/wp-content\/uploads\/2023\/11\/Group-6100.svg","width":98,"height":25,"caption":"IPlay"},"image":{"@id":"https:\/\/www.iplay.com\/en\/#\/schema\/logo\/image\/"}}]}},"_links":{"self":[{"href":"https:\/\/www.iplay.com\/de\/wp-json\/wp\/v2\/product\/37425","targetHints":{"allow":["GET"]}}],"collection":[{"href":"https:\/\/www.iplay.com\/de\/wp-json\/wp\/v2\/product"}],"about":[{"href":"https:\/\/www.iplay.com\/de\/wp-json\/wp\/v2\/types\/product"}],"author":[{"embeddable":true,"href":"https:\/\/www.iplay.com\/de\/wp-json\/wp\/v2\/users\/52"}],"replies":[{"embeddable":true,"href":"https:\/\/www.iplay.com\/de\/wp-json\/wp\/v2\/comments?post=37425"}],"wp:featuredmedia":[{"embeddable":true,"href":"https:\/\/www.iplay.com\/de\/wp-json\/wp\/v2\/media\/32635"}],"wp:attachment":[{"href":"https:\/\/www.iplay.com\/de\/wp-json\/wp\/v2\/media?parent=37425"}],"wp:term":[{"taxonomy":"product_brand","embeddable":true,"href":"https:\/\/www.iplay.com\/de\/wp-json\/wp\/v2\/product_brand?post=37425"},{"taxonomy":"product_cat","embeddable":true,"href":"https:\/\/www.iplay.com\/de\/wp-json\/wp\/v2\/product_cat?post=37425"},{"taxonomy":"product_tag","embeddable":true,"href":"https:\/\/www.iplay.com\/de\/wp-json\/wp\/v2\/product_tag?post=37425"}],"curies":[{"name":"wp","href":"https:\/\/api.w.org\/{rel}","templated":true}]}}