{"id":37393,"date":"2025-01-29T10:00:55","date_gmt":"2025-01-29T10:00:55","guid":{"rendered":"https:\/\/www.iplay.com\/games\/knight-cats-whisper-of-the-universe-collectors-edition\/"},"modified":"2025-03-03T09:38:50","modified_gmt":"2025-03-03T09:38:50","slug":"knight-cats-whisper-of-the-universe-collectors-edition","status":"publish","type":"product","link":"https:\/\/www.iplay.com\/de\/games\/knight-cats-whisper-of-the-universe-collectors-edition\/","title":{"rendered":"Knight Cats: Whisper of the Universe Collector&#8217;s Edition"},"content":{"rendered":"<p>Tauche ein in das neueste faszinierende Kapitel der Knight Cats-Serie!<\/p>\n<p>Eine Schamanin zu sein ist keine leichte Aufgabe, aber es ist eine Berufung, die dir am Herzen liegt, besonders wenn du deine heiligen Gaben an deine geliebte Adoptivtochter und Nachfolgerin weitergibst. Aber wenn eine unheilvolle Dunkelheit dein friedliches Dasein st\u00f6rt, kann es sein, dass selbst die F\u00fchrung durch den Geist des Universums zu kurz kommt! Da dein Lehrling verschwunden ist und Schatten auf Schritt und Tritt lauern, kannst du die Macht der Dunkelheit nutzen, um das Licht zu sch\u00fctzen?<\/p>\n<p>Tauche ein in dieses aufregende Wimmelbild-Abenteuer und entdecke dein wahres Potenzial!<\/p>\n<p>&nbsp;<\/p>\n<p><strong>Funktionen der Collector&#8217;s Edition<\/strong><\/p>\n<ul>\n<li>Stellen Sie die Harmonie im Bonusspiel wieder her! Begib dich auf eine aufregende Mission, um die Risse in der Community zu heilen.<\/li>\n<li>Exklusive Herausforderungen. L\u00f6se das R\u00e4tsel im Geheimen Raum, spiele deine Lieblings-Wimmelbildr\u00e4tsel und Minispiele erneut und erreiche neue Meilensteine.<\/li>\n<li>Schlie\u00dft euch der Expedition an. Begeben Sie sich auf eine Reise, um eine Vielzahl von Sammlerst\u00fccken zu entdecken.<\/li>\n<li>Premium-Extras. G\u00f6nnen Sie sich exklusive Inhalte wie Hintergrundbilder, Bildschirmschoner, Musik und mehr!<\/li>\n<li>Bleiben Sie auf Kurs mit dem Strategieleitfaden. Navigieren Sie m\u00fchelos durch Ihr Abenteuer mit dem umfassenden Strategiehandbuch.<\/li>\n<\/ul>\n","protected":false},"excerpt":{"rendered":"<p>Nutze die Dunkelheit, um das Licht in Knight Cats &#8211; Whisper of the Universe Collector&#8217;s Edition zu sch\u00fctzen<\/p>\n","protected":false},"author":17,"featured_media":32622,"comment_status":"open","ping_status":"closed","template":"","meta":{"_acf_changed":false,"inline_featured_image":false},"product_brand":[],"product_cat":[164],"product_tag":[289],"class_list":{"0":"post-37393","1":"product","2":"type-product","3":"status-publish","4":"has-post-thumbnail","6":"product_cat-hidden-object-de","7":"product_tag-play-on-pc-de","9":"first","10":"instock","11":"shipping-taxable","12":"purchasable","13":"product-type-simple"},"acf":[],"yoast_head":"<!-- This site is optimized with the Yoast SEO Premium plugin v25.2 (Yoast SEO v25.2) - https:\/\/yoast.com\/wordpress\/plugins\/seo\/ -->\n<title>Nutze die Dunkelheit, um das Licht in Knight Cats: Whisper of the Universe CE zu sch\u00fctzen!<\/title>\n<meta name=\"description\" content=\"Nutze die Dunkelheit, um das Licht in Knight Cats - Whisper of the Universe Collector&#039;s Edition zu sch\u00fctzen\" \/>\n<meta name=\"robots\" content=\"index, follow, max-snippet:-1, max-image-preview:large, max-video-preview:-1\" \/>\n<link rel=\"canonical\" href=\"https:\/\/www.iplay.com\/de\/games\/knight-cats-whisper-of-the-universe-collectors-edition\/\" \/>\n<meta property=\"og:locale\" content=\"de_DE\" \/>\n<meta property=\"og:type\" content=\"article\" \/>\n<meta property=\"og:title\" content=\"Knight Cats: Whisper of the Universe Collector&#039;s Edition\" \/>\n<meta property=\"og:description\" content=\"Nutze die Dunkelheit, um das Licht in Knight Cats - Whisper of the Universe Collector&#039;s Edition zu sch\u00fctzen\" \/>\n<meta property=\"og:url\" content=\"https:\/\/www.iplay.com\/de\/games\/knight-cats-whisper-of-the-universe-collectors-edition\/\" \/>\n<meta property=\"og:site_name\" content=\"IPlay\" \/>\n<meta property=\"article:modified_time\" content=\"2025-03-03T09:38:50+00:00\" \/>\n<meta property=\"og:image\" content=\"https:\/\/www.iplay.com\/wp-content\/uploads\/2025\/01\/knight_cats_-_whisper_of_the_universe_ce_large_video_screenshot.webp\" \/>\n\t<meta property=\"og:image:width\" content=\"715\" \/>\n\t<meta property=\"og:image:height\" content=\"485\" \/>\n\t<meta property=\"og:image:type\" content=\"image\/webp\" \/>\n<meta name=\"twitter:card\" content=\"summary_large_image\" \/>\n<meta name=\"twitter:label1\" content=\"Gesch\u00e4tzte Lesezeit\" \/>\n\t<meta name=\"twitter:data1\" content=\"1 Minute\" \/>\n<script type=\"application\/ld+json\" class=\"yoast-schema-graph\">{\"@context\":\"https:\/\/schema.org\",\"@graph\":[{\"@type\":\"WebPage\",\"@id\":\"https:\/\/www.iplay.com\/de\/games\/knight-cats-whisper-of-the-universe-collectors-edition\/\",\"url\":\"https:\/\/www.iplay.com\/de\/games\/knight-cats-whisper-of-the-universe-collectors-edition\/\",\"name\":\"Nutze die Dunkelheit, um das Licht in Knight Cats: Whisper of the Universe CE zu sch\u00fctzen!\",\"isPartOf\":{\"@id\":\"https:\/\/www.iplay.com\/en\/#website\"},\"primaryImageOfPage\":{\"@id\":\"https:\/\/www.iplay.com\/de\/games\/knight-cats-whisper-of-the-universe-collectors-edition\/#primaryimage\"},\"image\":{\"@id\":\"https:\/\/www.iplay.com\/de\/games\/knight-cats-whisper-of-the-universe-collectors-edition\/#primaryimage\"},\"thumbnailUrl\":\"https:\/\/www.iplay.com\/wp-content\/uploads\/2025\/01\/knight_cats_-_whisper_of_the_universe_ce_large_video_screenshot.webp\",\"datePublished\":\"2025-01-29T10:00:55+00:00\",\"dateModified\":\"2025-03-03T09:38:50+00:00\",\"description\":\"Nutze die Dunkelheit, um das Licht in Knight Cats - Whisper of the Universe Collector's Edition zu sch\u00fctzen\",\"breadcrumb\":{\"@id\":\"https:\/\/www.iplay.com\/de\/games\/knight-cats-whisper-of-the-universe-collectors-edition\/#breadcrumb\"},\"inLanguage\":\"de-DE\",\"potentialAction\":[{\"@type\":\"ReadAction\",\"target\":[\"https:\/\/www.iplay.com\/de\/games\/knight-cats-whisper-of-the-universe-collectors-edition\/\"]}]},{\"@type\":\"ImageObject\",\"inLanguage\":\"de-DE\",\"@id\":\"https:\/\/www.iplay.com\/de\/games\/knight-cats-whisper-of-the-universe-collectors-edition\/#primaryimage\",\"url\":\"https:\/\/www.iplay.com\/wp-content\/uploads\/2025\/01\/knight_cats_-_whisper_of_the_universe_ce_large_video_screenshot.webp\",\"contentUrl\":\"https:\/\/www.iplay.com\/wp-content\/uploads\/2025\/01\/knight_cats_-_whisper_of_the_universe_ce_large_video_screenshot.webp\",\"width\":715,\"height\":485},{\"@type\":\"BreadcrumbList\",\"@id\":\"https:\/\/www.iplay.com\/de\/games\/knight-cats-whisper-of-the-universe-collectors-edition\/#breadcrumb\",\"itemListElement\":[{\"@type\":\"ListItem\",\"position\":1,\"name\":\"Home\",\"item\":\"https:\/\/www.iplay.com\/de\/home-page-2\/\"},{\"@type\":\"ListItem\",\"position\":2,\"name\":\"Shop\",\"item\":\"https:\/\/www.iplay.com\/en\/shop\/\"},{\"@type\":\"ListItem\",\"position\":3,\"name\":\"Knight Cats: Whisper of the Universe Collector&#8217;s Edition\"}]},{\"@type\":\"WebSite\",\"@id\":\"https:\/\/www.iplay.com\/en\/#website\",\"url\":\"https:\/\/www.iplay.com\/en\/\",\"name\":\"IPlay\",\"description\":\"The Best Casual Games!\",\"publisher\":{\"@id\":\"https:\/\/www.iplay.com\/en\/#organization\"},\"potentialAction\":[{\"@type\":\"SearchAction\",\"target\":{\"@type\":\"EntryPoint\",\"urlTemplate\":\"https:\/\/www.iplay.com\/en\/?s={search_term_string}\"},\"query-input\":{\"@type\":\"PropertyValueSpecification\",\"valueRequired\":true,\"valueName\":\"search_term_string\"}}],\"inLanguage\":\"de-DE\"},{\"@type\":\"Organization\",\"@id\":\"https:\/\/www.iplay.com\/en\/#organization\",\"name\":\"IPlay\",\"url\":\"https:\/\/www.iplay.com\/en\/\",\"logo\":{\"@type\":\"ImageObject\",\"inLanguage\":\"de-DE\",\"@id\":\"https:\/\/www.iplay.com\/en\/#\/schema\/logo\/image\/\",\"url\":\"https:\/\/www.iplay.com\/wp-content\/uploads\/2023\/11\/Group-6100.svg\",\"contentUrl\":\"https:\/\/www.iplay.com\/wp-content\/uploads\/2023\/11\/Group-6100.svg\",\"width\":98,\"height\":25,\"caption\":\"IPlay\"},\"image\":{\"@id\":\"https:\/\/www.iplay.com\/en\/#\/schema\/logo\/image\/\"}}]}<\/script>\n<!-- \/ Yoast SEO Premium plugin. -->","yoast_head_json":{"title":"Nutze die Dunkelheit, um das Licht in Knight Cats: Whisper of the Universe CE zu sch\u00fctzen!","description":"Nutze die Dunkelheit, um das Licht in Knight Cats - Whisper of the Universe Collector's Edition zu sch\u00fctzen","robots":{"index":"index","follow":"follow","max-snippet":"max-snippet:-1","max-image-preview":"max-image-preview:large","max-video-preview":"max-video-preview:-1"},"canonical":"https:\/\/www.iplay.com\/de\/games\/knight-cats-whisper-of-the-universe-collectors-edition\/","og_locale":"de_DE","og_type":"article","og_title":"Knight Cats: Whisper of the Universe Collector's Edition","og_description":"Nutze die Dunkelheit, um das Licht in Knight Cats - Whisper of the Universe Collector's Edition zu sch\u00fctzen","og_url":"https:\/\/www.iplay.com\/de\/games\/knight-cats-whisper-of-the-universe-collectors-edition\/","og_site_name":"IPlay","article_modified_time":"2025-03-03T09:38:50+00:00","og_image":[{"width":715,"height":485,"url":"https:\/\/www.iplay.com\/wp-content\/uploads\/2025\/01\/knight_cats_-_whisper_of_the_universe_ce_large_video_screenshot.webp","type":"image\/webp"}],"twitter_card":"summary_large_image","twitter_misc":{"Gesch\u00e4tzte Lesezeit":"1 Minute"},"schema":{"@context":"https:\/\/schema.org","@graph":[{"@type":"WebPage","@id":"https:\/\/www.iplay.com\/de\/games\/knight-cats-whisper-of-the-universe-collectors-edition\/","url":"https:\/\/www.iplay.com\/de\/games\/knight-cats-whisper-of-the-universe-collectors-edition\/","name":"Nutze die Dunkelheit, um das Licht in Knight Cats: Whisper of the Universe CE zu sch\u00fctzen!","isPartOf":{"@id":"https:\/\/www.iplay.com\/en\/#website"},"primaryImageOfPage":{"@id":"https:\/\/www.iplay.com\/de\/games\/knight-cats-whisper-of-the-universe-collectors-edition\/#primaryimage"},"image":{"@id":"https:\/\/www.iplay.com\/de\/games\/knight-cats-whisper-of-the-universe-collectors-edition\/#primaryimage"},"thumbnailUrl":"https:\/\/www.iplay.com\/wp-content\/uploads\/2025\/01\/knight_cats_-_whisper_of_the_universe_ce_large_video_screenshot.webp","datePublished":"2025-01-29T10:00:55+00:00","dateModified":"2025-03-03T09:38:50+00:00","description":"Nutze die Dunkelheit, um das Licht in Knight Cats - Whisper of the Universe Collector's Edition zu sch\u00fctzen","breadcrumb":{"@id":"https:\/\/www.iplay.com\/de\/games\/knight-cats-whisper-of-the-universe-collectors-edition\/#breadcrumb"},"inLanguage":"de-DE","potentialAction":[{"@type":"ReadAction","target":["https:\/\/www.iplay.com\/de\/games\/knight-cats-whisper-of-the-universe-collectors-edition\/"]}]},{"@type":"ImageObject","inLanguage":"de-DE","@id":"https:\/\/www.iplay.com\/de\/games\/knight-cats-whisper-of-the-universe-collectors-edition\/#primaryimage","url":"https:\/\/www.iplay.com\/wp-content\/uploads\/2025\/01\/knight_cats_-_whisper_of_the_universe_ce_large_video_screenshot.webp","contentUrl":"https:\/\/www.iplay.com\/wp-content\/uploads\/2025\/01\/knight_cats_-_whisper_of_the_universe_ce_large_video_screenshot.webp","width":715,"height":485},{"@type":"BreadcrumbList","@id":"https:\/\/www.iplay.com\/de\/games\/knight-cats-whisper-of-the-universe-collectors-edition\/#breadcrumb","itemListElement":[{"@type":"ListItem","position":1,"name":"Home","item":"https:\/\/www.iplay.com\/de\/home-page-2\/"},{"@type":"ListItem","position":2,"name":"Shop","item":"https:\/\/www.iplay.com\/en\/shop\/"},{"@type":"ListItem","position":3,"name":"Knight Cats: Whisper of the Universe Collector&#8217;s Edition"}]},{"@type":"WebSite","@id":"https:\/\/www.iplay.com\/en\/#website","url":"https:\/\/www.iplay.com\/en\/","name":"IPlay","description":"The Best Casual Games!","publisher":{"@id":"https:\/\/www.iplay.com\/en\/#organization"},"potentialAction":[{"@type":"SearchAction","target":{"@type":"EntryPoint","urlTemplate":"https:\/\/www.iplay.com\/en\/?s={search_term_string}"},"query-input":{"@type":"PropertyValueSpecification","valueRequired":true,"valueName":"search_term_string"}}],"inLanguage":"de-DE"},{"@type":"Organization","@id":"https:\/\/www.iplay.com\/en\/#organization","name":"IPlay","url":"https:\/\/www.iplay.com\/en\/","logo":{"@type":"ImageObject","inLanguage":"de-DE","@id":"https:\/\/www.iplay.com\/en\/#\/schema\/logo\/image\/","url":"https:\/\/www.iplay.com\/wp-content\/uploads\/2023\/11\/Group-6100.svg","contentUrl":"https:\/\/www.iplay.com\/wp-content\/uploads\/2023\/11\/Group-6100.svg","width":98,"height":25,"caption":"IPlay"},"image":{"@id":"https:\/\/www.iplay.com\/en\/#\/schema\/logo\/image\/"}}]}},"_links":{"self":[{"href":"https:\/\/www.iplay.com\/de\/wp-json\/wp\/v2\/product\/37393","targetHints":{"allow":["GET"]}}],"collection":[{"href":"https:\/\/www.iplay.com\/de\/wp-json\/wp\/v2\/product"}],"about":[{"href":"https:\/\/www.iplay.com\/de\/wp-json\/wp\/v2\/types\/product"}],"author":[{"embeddable":true,"href":"https:\/\/www.iplay.com\/de\/wp-json\/wp\/v2\/users\/17"}],"replies":[{"embeddable":true,"href":"https:\/\/www.iplay.com\/de\/wp-json\/wp\/v2\/comments?post=37393"}],"wp:featuredmedia":[{"embeddable":true,"href":"https:\/\/www.iplay.com\/de\/wp-json\/wp\/v2\/media\/32622"}],"wp:attachment":[{"href":"https:\/\/www.iplay.com\/de\/wp-json\/wp\/v2\/media?parent=37393"}],"wp:term":[{"taxonomy":"product_brand","embeddable":true,"href":"https:\/\/www.iplay.com\/de\/wp-json\/wp\/v2\/product_brand?post=37393"},{"taxonomy":"product_cat","embeddable":true,"href":"https:\/\/www.iplay.com\/de\/wp-json\/wp\/v2\/product_cat?post=37393"},{"taxonomy":"product_tag","embeddable":true,"href":"https:\/\/www.iplay.com\/de\/wp-json\/wp\/v2\/product_tag?post=37393"}],"curies":[{"name":"wp","href":"https:\/\/api.w.org\/{rel}","templated":true}]}}