{"id":35066,"date":"2025-02-21T10:00:49","date_gmt":"2025-02-21T10:00:49","guid":{"rendered":"https:\/\/www.iplay.com\/games\/detective-club-missing-in-the-fog-collectors-edition\/"},"modified":"2025-02-26T14:35:28","modified_gmt":"2025-02-26T14:35:28","slug":"detective-club-missing-in-the-fog-collectors-edition","status":"publish","type":"product","link":"https:\/\/www.iplay.com\/de\/games\/detective-club-missing-in-the-fog-collectors-edition\/","title":{"rendered":"Detective Club: Missing in the Fog Collector&#8217;s Edition"},"content":{"rendered":"<p>In Detective Club: Missing in the Fog Collector&#8217;s Edition erwartet dich ein spannendes Abenteuer, in dem es die Geheimnisse des viktorianischen Londons zu l\u00fcften gilt. Die unheimlichen, nebelverhangenen Stra\u00dfen bildeten die Kulisse f\u00fcr eine Ermittlung unter der Leitung von Thomas, einem entschlossenen jungen Detektiv, der nach seiner vermissten besten Freundin Emily sucht.<\/p>\n<p>Im Laufe des Falles wird ein Netz aus Geheimnissen aufgedeckt, in das ein Mord, ein finsteres Labor und eine Schiffswrack-Verschw\u00f6rung verwickelt sind. Begleitet von seinem treuen Freund George wird Thomas in eine gef\u00e4hrliche Welt hineingezogen, in der skrupellose Kriminelle im Schatten agieren. Ihre dunkle Vergangenheit und ihre t\u00f6dlichen Motive m\u00fcssen aufgedeckt werden, bevor die gnadenlosen Stra\u00dfen Londons noch mehr Menschenleben fordern. Ob Emily gerettet wird und der Gerechtigkeit Gen\u00fcge getan wird, h\u00e4ngt von den Entscheidungen ab, die in diesem fesselnden Wimmelbild-Abenteuer getroffen werden.<\/p>\n<p>&nbsp;<\/p>\n<p><strong>Funktionen der Collector&#8217;s Edition<\/strong><\/p>\n<ul>\n<li>Bonuslevel &amp; R\u00e4tsel. Zus\u00e4tzliche Herausforderungen und neue, mysteri\u00f6se Orte k\u00f6nnen erkundet werden.<\/li>\n<li>Exklusive Inhalte. Zus\u00e4tzliche Musiktitel, Erfolge und versteckte Sammlerst\u00fccke sind verf\u00fcgbar.<\/li>\n<li>Geheime R\u00e4ume und Detektiv-Belohnungen. R\u00e4tsel k\u00f6nnen wiederholt und der Fortschritt der Detektive \u00fcberpr\u00fcft werden.<\/li>\n<li>Der Nebel verbirgt viele Geheimnisse \u2013 werden sie mit der Zeit aufgedeckt werden?<\/li>\n<\/ul>\n","protected":false},"excerpt":{"rendered":"<p>L\u00f6se R\u00e4tsel im viktorianischen London mit <strong>Detective Club &#8211; Missing in the Fog Sammleredition<\/strong><\/p>\n","protected":false},"author":52,"featured_media":34190,"comment_status":"open","ping_status":"closed","template":"","meta":{"_acf_changed":false,"inline_featured_image":false},"product_brand":[],"product_cat":[164],"product_tag":[289],"class_list":{"0":"post-35066","1":"product","2":"type-product","3":"status-publish","4":"has-post-thumbnail","6":"product_cat-hidden-object-de","7":"product_tag-play-on-pc-de","9":"first","10":"instock","11":"shipping-taxable","12":"purchasable","13":"product-type-simple"},"acf":[],"yoast_head":"<!-- This site is optimized with the Yoast SEO Premium plugin v25.2 (Yoast SEO v25.2) - https:\/\/yoast.com\/wordpress\/plugins\/seo\/ -->\n<title>L\u00f6se R\u00e4tsel im viktorianischen London mit Detective Club: Missing in the Fog CE<\/title>\n<meta name=\"description\" content=\"L\u00f6se R\u00e4tsel im viktorianischen London mit Detective Club - Missing in the Fog Sammleredition\" \/>\n<meta name=\"robots\" content=\"index, follow, max-snippet:-1, max-image-preview:large, max-video-preview:-1\" \/>\n<link rel=\"canonical\" href=\"https:\/\/www.iplay.com\/de\/games\/detective-club-missing-in-the-fog-collectors-edition\/\" \/>\n<meta property=\"og:locale\" content=\"de_DE\" \/>\n<meta property=\"og:type\" content=\"article\" \/>\n<meta property=\"og:title\" content=\"Detective Club: Missing in the Fog Collector&#039;s Edition\" \/>\n<meta property=\"og:description\" content=\"L\u00f6se R\u00e4tsel im viktorianischen London mit Detective Club - Missing in the Fog Sammleredition\" \/>\n<meta property=\"og:url\" content=\"https:\/\/www.iplay.com\/de\/games\/detective-club-missing-in-the-fog-collectors-edition\/\" \/>\n<meta property=\"og:site_name\" content=\"IPlay\" \/>\n<meta property=\"article:modified_time\" content=\"2025-02-26T14:35:28+00:00\" \/>\n<meta property=\"og:image\" content=\"https:\/\/www.iplay.com\/wp-content\/uploads\/2025\/02\/detective_club_missing_in_the_fog_collectors_edition_large_square_tile_image.webp\" \/>\n\t<meta property=\"og:image:width\" content=\"400\" \/>\n\t<meta property=\"og:image:height\" content=\"400\" \/>\n\t<meta property=\"og:image:type\" content=\"image\/webp\" \/>\n<meta name=\"twitter:card\" content=\"summary_large_image\" \/>\n<meta name=\"twitter:label1\" content=\"Gesch\u00e4tzte Lesezeit\" \/>\n\t<meta name=\"twitter:data1\" content=\"1 Minute\" \/>\n<script type=\"application\/ld+json\" class=\"yoast-schema-graph\">{\"@context\":\"https:\/\/schema.org\",\"@graph\":[{\"@type\":\"WebPage\",\"@id\":\"https:\/\/www.iplay.com\/de\/games\/detective-club-missing-in-the-fog-collectors-edition\/\",\"url\":\"https:\/\/www.iplay.com\/de\/games\/detective-club-missing-in-the-fog-collectors-edition\/\",\"name\":\"L\u00f6se R\u00e4tsel im viktorianischen London mit Detective Club: Missing in the Fog CE\",\"isPartOf\":{\"@id\":\"https:\/\/www.iplay.com\/en\/#website\"},\"primaryImageOfPage\":{\"@id\":\"https:\/\/www.iplay.com\/de\/games\/detective-club-missing-in-the-fog-collectors-edition\/#primaryimage\"},\"image\":{\"@id\":\"https:\/\/www.iplay.com\/de\/games\/detective-club-missing-in-the-fog-collectors-edition\/#primaryimage\"},\"thumbnailUrl\":\"https:\/\/www.iplay.com\/wp-content\/uploads\/2025\/02\/detective_club_missing_in_the_fog_collectors_edition_large_square_tile_image.webp\",\"datePublished\":\"2025-02-21T10:00:49+00:00\",\"dateModified\":\"2025-02-26T14:35:28+00:00\",\"description\":\"L\u00f6se R\u00e4tsel im viktorianischen London mit Detective Club - Missing in the Fog Sammleredition\",\"breadcrumb\":{\"@id\":\"https:\/\/www.iplay.com\/de\/games\/detective-club-missing-in-the-fog-collectors-edition\/#breadcrumb\"},\"inLanguage\":\"de-DE\",\"potentialAction\":[{\"@type\":\"ReadAction\",\"target\":[\"https:\/\/www.iplay.com\/de\/games\/detective-club-missing-in-the-fog-collectors-edition\/\"]}]},{\"@type\":\"ImageObject\",\"inLanguage\":\"de-DE\",\"@id\":\"https:\/\/www.iplay.com\/de\/games\/detective-club-missing-in-the-fog-collectors-edition\/#primaryimage\",\"url\":\"https:\/\/www.iplay.com\/wp-content\/uploads\/2025\/02\/detective_club_missing_in_the_fog_collectors_edition_large_square_tile_image.webp\",\"contentUrl\":\"https:\/\/www.iplay.com\/wp-content\/uploads\/2025\/02\/detective_club_missing_in_the_fog_collectors_edition_large_square_tile_image.webp\",\"width\":400,\"height\":400},{\"@type\":\"BreadcrumbList\",\"@id\":\"https:\/\/www.iplay.com\/de\/games\/detective-club-missing-in-the-fog-collectors-edition\/#breadcrumb\",\"itemListElement\":[{\"@type\":\"ListItem\",\"position\":1,\"name\":\"Home\",\"item\":\"https:\/\/www.iplay.com\/de\/home-page-2\/\"},{\"@type\":\"ListItem\",\"position\":2,\"name\":\"Shop\",\"item\":\"https:\/\/www.iplay.com\/en\/shop\/\"},{\"@type\":\"ListItem\",\"position\":3,\"name\":\"Detective Club: Missing in the Fog Collector&#8217;s Edition\"}]},{\"@type\":\"WebSite\",\"@id\":\"https:\/\/www.iplay.com\/en\/#website\",\"url\":\"https:\/\/www.iplay.com\/en\/\",\"name\":\"IPlay\",\"description\":\"The Best Casual Games!\",\"publisher\":{\"@id\":\"https:\/\/www.iplay.com\/en\/#organization\"},\"potentialAction\":[{\"@type\":\"SearchAction\",\"target\":{\"@type\":\"EntryPoint\",\"urlTemplate\":\"https:\/\/www.iplay.com\/en\/?s={search_term_string}\"},\"query-input\":{\"@type\":\"PropertyValueSpecification\",\"valueRequired\":true,\"valueName\":\"search_term_string\"}}],\"inLanguage\":\"de-DE\"},{\"@type\":\"Organization\",\"@id\":\"https:\/\/www.iplay.com\/en\/#organization\",\"name\":\"IPlay\",\"url\":\"https:\/\/www.iplay.com\/en\/\",\"logo\":{\"@type\":\"ImageObject\",\"inLanguage\":\"de-DE\",\"@id\":\"https:\/\/www.iplay.com\/en\/#\/schema\/logo\/image\/\",\"url\":\"https:\/\/www.iplay.com\/wp-content\/uploads\/2023\/11\/Group-6100.svg\",\"contentUrl\":\"https:\/\/www.iplay.com\/wp-content\/uploads\/2023\/11\/Group-6100.svg\",\"width\":98,\"height\":25,\"caption\":\"IPlay\"},\"image\":{\"@id\":\"https:\/\/www.iplay.com\/en\/#\/schema\/logo\/image\/\"}}]}<\/script>\n<!-- \/ Yoast SEO Premium plugin. -->","yoast_head_json":{"title":"L\u00f6se R\u00e4tsel im viktorianischen London mit Detective Club: Missing in the Fog CE","description":"L\u00f6se R\u00e4tsel im viktorianischen London mit Detective Club - Missing in the Fog Sammleredition","robots":{"index":"index","follow":"follow","max-snippet":"max-snippet:-1","max-image-preview":"max-image-preview:large","max-video-preview":"max-video-preview:-1"},"canonical":"https:\/\/www.iplay.com\/de\/games\/detective-club-missing-in-the-fog-collectors-edition\/","og_locale":"de_DE","og_type":"article","og_title":"Detective Club: Missing in the Fog Collector's Edition","og_description":"L\u00f6se R\u00e4tsel im viktorianischen London mit Detective Club - Missing in the Fog Sammleredition","og_url":"https:\/\/www.iplay.com\/de\/games\/detective-club-missing-in-the-fog-collectors-edition\/","og_site_name":"IPlay","article_modified_time":"2025-02-26T14:35:28+00:00","og_image":[{"width":400,"height":400,"url":"https:\/\/www.iplay.com\/wp-content\/uploads\/2025\/02\/detective_club_missing_in_the_fog_collectors_edition_large_square_tile_image.webp","type":"image\/webp"}],"twitter_card":"summary_large_image","twitter_misc":{"Gesch\u00e4tzte Lesezeit":"1 Minute"},"schema":{"@context":"https:\/\/schema.org","@graph":[{"@type":"WebPage","@id":"https:\/\/www.iplay.com\/de\/games\/detective-club-missing-in-the-fog-collectors-edition\/","url":"https:\/\/www.iplay.com\/de\/games\/detective-club-missing-in-the-fog-collectors-edition\/","name":"L\u00f6se R\u00e4tsel im viktorianischen London mit Detective Club: Missing in the Fog CE","isPartOf":{"@id":"https:\/\/www.iplay.com\/en\/#website"},"primaryImageOfPage":{"@id":"https:\/\/www.iplay.com\/de\/games\/detective-club-missing-in-the-fog-collectors-edition\/#primaryimage"},"image":{"@id":"https:\/\/www.iplay.com\/de\/games\/detective-club-missing-in-the-fog-collectors-edition\/#primaryimage"},"thumbnailUrl":"https:\/\/www.iplay.com\/wp-content\/uploads\/2025\/02\/detective_club_missing_in_the_fog_collectors_edition_large_square_tile_image.webp","datePublished":"2025-02-21T10:00:49+00:00","dateModified":"2025-02-26T14:35:28+00:00","description":"L\u00f6se R\u00e4tsel im viktorianischen London mit Detective Club - Missing in the Fog Sammleredition","breadcrumb":{"@id":"https:\/\/www.iplay.com\/de\/games\/detective-club-missing-in-the-fog-collectors-edition\/#breadcrumb"},"inLanguage":"de-DE","potentialAction":[{"@type":"ReadAction","target":["https:\/\/www.iplay.com\/de\/games\/detective-club-missing-in-the-fog-collectors-edition\/"]}]},{"@type":"ImageObject","inLanguage":"de-DE","@id":"https:\/\/www.iplay.com\/de\/games\/detective-club-missing-in-the-fog-collectors-edition\/#primaryimage","url":"https:\/\/www.iplay.com\/wp-content\/uploads\/2025\/02\/detective_club_missing_in_the_fog_collectors_edition_large_square_tile_image.webp","contentUrl":"https:\/\/www.iplay.com\/wp-content\/uploads\/2025\/02\/detective_club_missing_in_the_fog_collectors_edition_large_square_tile_image.webp","width":400,"height":400},{"@type":"BreadcrumbList","@id":"https:\/\/www.iplay.com\/de\/games\/detective-club-missing-in-the-fog-collectors-edition\/#breadcrumb","itemListElement":[{"@type":"ListItem","position":1,"name":"Home","item":"https:\/\/www.iplay.com\/de\/home-page-2\/"},{"@type":"ListItem","position":2,"name":"Shop","item":"https:\/\/www.iplay.com\/en\/shop\/"},{"@type":"ListItem","position":3,"name":"Detective Club: Missing in the Fog Collector&#8217;s Edition"}]},{"@type":"WebSite","@id":"https:\/\/www.iplay.com\/en\/#website","url":"https:\/\/www.iplay.com\/en\/","name":"IPlay","description":"The Best Casual Games!","publisher":{"@id":"https:\/\/www.iplay.com\/en\/#organization"},"potentialAction":[{"@type":"SearchAction","target":{"@type":"EntryPoint","urlTemplate":"https:\/\/www.iplay.com\/en\/?s={search_term_string}"},"query-input":{"@type":"PropertyValueSpecification","valueRequired":true,"valueName":"search_term_string"}}],"inLanguage":"de-DE"},{"@type":"Organization","@id":"https:\/\/www.iplay.com\/en\/#organization","name":"IPlay","url":"https:\/\/www.iplay.com\/en\/","logo":{"@type":"ImageObject","inLanguage":"de-DE","@id":"https:\/\/www.iplay.com\/en\/#\/schema\/logo\/image\/","url":"https:\/\/www.iplay.com\/wp-content\/uploads\/2023\/11\/Group-6100.svg","contentUrl":"https:\/\/www.iplay.com\/wp-content\/uploads\/2023\/11\/Group-6100.svg","width":98,"height":25,"caption":"IPlay"},"image":{"@id":"https:\/\/www.iplay.com\/en\/#\/schema\/logo\/image\/"}}]}},"_links":{"self":[{"href":"https:\/\/www.iplay.com\/de\/wp-json\/wp\/v2\/product\/35066","targetHints":{"allow":["GET"]}}],"collection":[{"href":"https:\/\/www.iplay.com\/de\/wp-json\/wp\/v2\/product"}],"about":[{"href":"https:\/\/www.iplay.com\/de\/wp-json\/wp\/v2\/types\/product"}],"author":[{"embeddable":true,"href":"https:\/\/www.iplay.com\/de\/wp-json\/wp\/v2\/users\/52"}],"replies":[{"embeddable":true,"href":"https:\/\/www.iplay.com\/de\/wp-json\/wp\/v2\/comments?post=35066"}],"wp:featuredmedia":[{"embeddable":true,"href":"https:\/\/www.iplay.com\/de\/wp-json\/wp\/v2\/media\/34190"}],"wp:attachment":[{"href":"https:\/\/www.iplay.com\/de\/wp-json\/wp\/v2\/media?parent=35066"}],"wp:term":[{"taxonomy":"product_brand","embeddable":true,"href":"https:\/\/www.iplay.com\/de\/wp-json\/wp\/v2\/product_brand?post=35066"},{"taxonomy":"product_cat","embeddable":true,"href":"https:\/\/www.iplay.com\/de\/wp-json\/wp\/v2\/product_cat?post=35066"},{"taxonomy":"product_tag","embeddable":true,"href":"https:\/\/www.iplay.com\/de\/wp-json\/wp\/v2\/product_tag?post=35066"}],"curies":[{"name":"wp","href":"https:\/\/api.w.org\/{rel}","templated":true}]}}