{"id":34061,"date":"2024-12-13T07:30:41","date_gmt":"2024-12-13T07:30:41","guid":{"rendered":"https:\/\/www.iplay.com\/games\/santas-christmas-solitaire-3\/"},"modified":"2025-03-06T09:59:48","modified_gmt":"2025-03-06T09:59:48","slug":"santas-christmas-solitaire-3","status":"publish","type":"product","link":"https:\/\/www.iplay.com\/de\/games\/santas-christmas-solitaire-3\/","title":{"rendered":"Santa&#8217;s Christmas Solitaire 3"},"content":{"rendered":"<p>Ein magisches Weihnachtserlebnis bietet Santa&#8217;s Christmas Solitaire 3, in dem eine brandneue festliche Geschichte mit vielf\u00e4ltigen Spieloptionen gepaart wird. Solit\u00e4r wird mit einem saisonalen Touch vor einer wundersch\u00f6n dekorierten Weihnachtskulisse genossen. Die verzauberte Mission des Weihnachtsmanns wird durch die Erkundung des Weihnachtsgesch\u00e4fts unterst\u00fctzt, in dem charmante Weihnachtsartikel gekauft werden, um Ihr Abenteuer zu verbessern. Stundenlange Unterhaltung wird durch herausforderndes Gameplay, entz\u00fcckende \u00dcberraschungen und eine Vielzahl einzigartiger Modi geboten. Die festliche Atmosph\u00e4re wird mit atemberaubender Grafik und fr\u00f6hlicher Musik zum Leben erweckt und sorgt daf\u00fcr, dass die Weihnachtsstimmung in jedem Spiel zu sp\u00fcren ist.    <\/p>\n<p><strong>Funktionen<\/strong><\/p>\n<ul>\n<li><em>Eine beliebte Serie kehrt zur\u00fcck<\/em> &#8211; Band 3 der bei den Fans beliebten Weihnachtsmann-Solit\u00e4r-Serie wird mit frischen Inhalten gefeiert.<\/li>\n<li><em>Eine festliche Geschichte mit Voice-Over<\/em> &#8211; Eine bezaubernde Geschichte wird erz\u00e4hlt, komplett mit Sprachkommentaren f\u00fcr eine fesselnde Geschichte.<\/li>\n<li><em>Anpassbare Schwierigkeitsstufen<\/em> &#8211; Einer von vier Schwierigkeitsgraden wird ausgew\u00e4hlt, um den F\u00e4higkeiten und Vorlieben jedes Spielers gerecht zu werden.<\/li>\n<li><em>Verschiedene Spielmodi &#8211; Einzigartige<\/em> Modi wie One Up, One Down, Match 2, Make 14 und Random Mode sorgen f\u00fcr ein spannendes Spiel.<\/li>\n<li><em>Unterhaltsame Minispiele<\/em> &#8211; Aktivit\u00e4ten wie Spielautomaten, 3-Gewinnt, Puzzle, Blackjack, Find the Object und Higher or Lower sorgen f\u00fcr Abwechslung und Spa\u00df.<\/li>\n<li><em>Atemberaubende Feiertagsgrafiken<\/em> &#8211; Festliche Kulissen und Dekorationen schaffen eine immersive Urlaubsatmosph\u00e4re.<\/li>\n<li><em>Wimmelbildspiele zum Thema Weihnachten<\/em> &#8211; Saisonale Objekte werden in fesselnden Wimmelbild-Herausforderungen aufgedeckt.<\/li>\n<li><em>Ein verzauberter Weihnachtsladen<\/em> &#8211; Magische Vorr\u00e4te werden angeboten, um das Abenteuer zu bereichern.<\/li>\n<li><em>240 festliche Kartenlevel<\/em> &#8211; Die Spieler werden in einer Vielzahl von Levels getestet, von denen jedes ein aufregendes Mega-Level bietet.<\/li>\n<li><em>Weihnachtsmusik und anpassbare Karten<\/em> &#8211; Weihnachtslieder sorgen f\u00fcr Stimmung, w\u00e4hrend Kartendesigns f\u00fcr eine pers\u00f6nliche Note ma\u00dfgeschneidert sind.<\/li>\n<\/ul>\n<p>&nbsp;<\/p>\n<p>Egal, ob Sie auf der Suche nach einer gem\u00fctlichen Solo-Gaming-Session oder weihnachtlicher Unterhaltung sind, um Ihren Tag zu versch\u00f6nern, Santa&#8217;s Christmas Solitaire 3 ist die perfekte Wahl.<\/p>\n","protected":false},"excerpt":{"rendered":"<p>Ein magisches Weihnachtserlebnis wird durch das Weihnachtssolit\u00e4r 3 des Weihnachtsmanns geboten<\/p>\n","protected":false},"author":129,"featured_media":34062,"comment_status":"open","ping_status":"closed","template":"","meta":{"_acf_changed":false,"inline_featured_image":false},"product_brand":[],"product_cat":[157,206],"product_tag":[289],"class_list":{"0":"post-34061","1":"product","2":"type-product","3":"status-publish","4":"has-post-thumbnail","6":"product_cat-card-de-2","7":"product_cat-solitaire-de","8":"product_tag-play-on-pc-de","10":"first","11":"instock","12":"shipping-taxable","13":"purchasable","14":"product-type-simple"},"acf":[],"yoast_head":"<!-- This site is optimized with the Yoast SEO Premium plugin v25.2 (Yoast SEO v25.2) - https:\/\/yoast.com\/wordpress\/plugins\/seo\/ -->\n<title>Begleiten Sie den Weihnachtsmann in dieser Saison auf eine Reise im Weihnachtssolit\u00e4r 3 des Weihnachtsmanns<\/title>\n<meta name=\"description\" content=\"Ein magisches Weihnachtserlebnis wird durch das Weihnachtssolit\u00e4r 3 des Weihnachtsmanns geboten\" \/>\n<meta name=\"robots\" content=\"index, follow, max-snippet:-1, max-image-preview:large, max-video-preview:-1\" \/>\n<link rel=\"canonical\" href=\"https:\/\/www.iplay.com\/de\/games\/santas-christmas-solitaire-3\/\" \/>\n<meta property=\"og:locale\" content=\"de_DE\" \/>\n<meta property=\"og:type\" content=\"article\" \/>\n<meta property=\"og:title\" content=\"Santa&#039;s Christmas Solitaire 3\" \/>\n<meta property=\"og:description\" content=\"Ein magisches Weihnachtserlebnis wird durch das Weihnachtssolit\u00e4r 3 des Weihnachtsmanns geboten\" \/>\n<meta property=\"og:url\" content=\"https:\/\/www.iplay.com\/de\/games\/santas-christmas-solitaire-3\/\" \/>\n<meta property=\"og:site_name\" content=\"IPlay\" \/>\n<meta property=\"article:modified_time\" content=\"2025-03-06T09:59:48+00:00\" \/>\n<meta property=\"og:image\" content=\"https:\/\/www.iplay.com\/wp-content\/uploads\/2024\/12\/santas_christmas_solitaire_3_large_square_tile_image.webp\" \/>\n\t<meta property=\"og:image:width\" content=\"400\" \/>\n\t<meta property=\"og:image:height\" content=\"400\" \/>\n\t<meta property=\"og:image:type\" content=\"image\/webp\" \/>\n<meta name=\"twitter:card\" content=\"summary_large_image\" \/>\n<meta name=\"twitter:label1\" content=\"Gesch\u00e4tzte Lesezeit\" \/>\n\t<meta name=\"twitter:data1\" content=\"2 Minuten\" \/>\n<script type=\"application\/ld+json\" class=\"yoast-schema-graph\">{\"@context\":\"https:\/\/schema.org\",\"@graph\":[{\"@type\":\"WebPage\",\"@id\":\"https:\/\/www.iplay.com\/de\/games\/santas-christmas-solitaire-3\/\",\"url\":\"https:\/\/www.iplay.com\/de\/games\/santas-christmas-solitaire-3\/\",\"name\":\"Begleiten Sie den Weihnachtsmann in dieser Saison auf eine Reise im Weihnachtssolit\u00e4r 3 des Weihnachtsmanns\",\"isPartOf\":{\"@id\":\"https:\/\/www.iplay.com\/en\/#website\"},\"primaryImageOfPage\":{\"@id\":\"https:\/\/www.iplay.com\/de\/games\/santas-christmas-solitaire-3\/#primaryimage\"},\"image\":{\"@id\":\"https:\/\/www.iplay.com\/de\/games\/santas-christmas-solitaire-3\/#primaryimage\"},\"thumbnailUrl\":\"https:\/\/www.iplay.com\/wp-content\/uploads\/2024\/12\/santas_christmas_solitaire_3_large_square_tile_image.webp\",\"datePublished\":\"2024-12-13T07:30:41+00:00\",\"dateModified\":\"2025-03-06T09:59:48+00:00\",\"description\":\"Ein magisches Weihnachtserlebnis wird durch das Weihnachtssolit\u00e4r 3 des Weihnachtsmanns geboten\",\"breadcrumb\":{\"@id\":\"https:\/\/www.iplay.com\/de\/games\/santas-christmas-solitaire-3\/#breadcrumb\"},\"inLanguage\":\"de-DE\",\"potentialAction\":[{\"@type\":\"ReadAction\",\"target\":[\"https:\/\/www.iplay.com\/de\/games\/santas-christmas-solitaire-3\/\"]}]},{\"@type\":\"ImageObject\",\"inLanguage\":\"de-DE\",\"@id\":\"https:\/\/www.iplay.com\/de\/games\/santas-christmas-solitaire-3\/#primaryimage\",\"url\":\"https:\/\/www.iplay.com\/wp-content\/uploads\/2024\/12\/santas_christmas_solitaire_3_large_square_tile_image.webp\",\"contentUrl\":\"https:\/\/www.iplay.com\/wp-content\/uploads\/2024\/12\/santas_christmas_solitaire_3_large_square_tile_image.webp\",\"width\":400,\"height\":400},{\"@type\":\"BreadcrumbList\",\"@id\":\"https:\/\/www.iplay.com\/de\/games\/santas-christmas-solitaire-3\/#breadcrumb\",\"itemListElement\":[{\"@type\":\"ListItem\",\"position\":1,\"name\":\"Home\",\"item\":\"https:\/\/www.iplay.com\/de\/home-page-2\/\"},{\"@type\":\"ListItem\",\"position\":2,\"name\":\"Shop\",\"item\":\"https:\/\/www.iplay.com\/en\/shop\/\"},{\"@type\":\"ListItem\",\"position\":3,\"name\":\"Santa&#8217;s Christmas Solitaire 3\"}]},{\"@type\":\"WebSite\",\"@id\":\"https:\/\/www.iplay.com\/en\/#website\",\"url\":\"https:\/\/www.iplay.com\/en\/\",\"name\":\"IPlay\",\"description\":\"The Best Casual Games!\",\"publisher\":{\"@id\":\"https:\/\/www.iplay.com\/en\/#organization\"},\"potentialAction\":[{\"@type\":\"SearchAction\",\"target\":{\"@type\":\"EntryPoint\",\"urlTemplate\":\"https:\/\/www.iplay.com\/en\/?s={search_term_string}\"},\"query-input\":{\"@type\":\"PropertyValueSpecification\",\"valueRequired\":true,\"valueName\":\"search_term_string\"}}],\"inLanguage\":\"de-DE\"},{\"@type\":\"Organization\",\"@id\":\"https:\/\/www.iplay.com\/en\/#organization\",\"name\":\"IPlay\",\"url\":\"https:\/\/www.iplay.com\/en\/\",\"logo\":{\"@type\":\"ImageObject\",\"inLanguage\":\"de-DE\",\"@id\":\"https:\/\/www.iplay.com\/en\/#\/schema\/logo\/image\/\",\"url\":\"https:\/\/www.iplay.com\/wp-content\/uploads\/2023\/11\/Group-6100.svg\",\"contentUrl\":\"https:\/\/www.iplay.com\/wp-content\/uploads\/2023\/11\/Group-6100.svg\",\"width\":98,\"height\":25,\"caption\":\"IPlay\"},\"image\":{\"@id\":\"https:\/\/www.iplay.com\/en\/#\/schema\/logo\/image\/\"}}]}<\/script>\n<!-- \/ Yoast SEO Premium plugin. -->","yoast_head_json":{"title":"Begleiten Sie den Weihnachtsmann in dieser Saison auf eine Reise im Weihnachtssolit\u00e4r 3 des Weihnachtsmanns","description":"Ein magisches Weihnachtserlebnis wird durch das Weihnachtssolit\u00e4r 3 des Weihnachtsmanns geboten","robots":{"index":"index","follow":"follow","max-snippet":"max-snippet:-1","max-image-preview":"max-image-preview:large","max-video-preview":"max-video-preview:-1"},"canonical":"https:\/\/www.iplay.com\/de\/games\/santas-christmas-solitaire-3\/","og_locale":"de_DE","og_type":"article","og_title":"Santa's Christmas Solitaire 3","og_description":"Ein magisches Weihnachtserlebnis wird durch das Weihnachtssolit\u00e4r 3 des Weihnachtsmanns geboten","og_url":"https:\/\/www.iplay.com\/de\/games\/santas-christmas-solitaire-3\/","og_site_name":"IPlay","article_modified_time":"2025-03-06T09:59:48+00:00","og_image":[{"width":400,"height":400,"url":"https:\/\/www.iplay.com\/wp-content\/uploads\/2024\/12\/santas_christmas_solitaire_3_large_square_tile_image.webp","type":"image\/webp"}],"twitter_card":"summary_large_image","twitter_misc":{"Gesch\u00e4tzte Lesezeit":"2 Minuten"},"schema":{"@context":"https:\/\/schema.org","@graph":[{"@type":"WebPage","@id":"https:\/\/www.iplay.com\/de\/games\/santas-christmas-solitaire-3\/","url":"https:\/\/www.iplay.com\/de\/games\/santas-christmas-solitaire-3\/","name":"Begleiten Sie den Weihnachtsmann in dieser Saison auf eine Reise im Weihnachtssolit\u00e4r 3 des Weihnachtsmanns","isPartOf":{"@id":"https:\/\/www.iplay.com\/en\/#website"},"primaryImageOfPage":{"@id":"https:\/\/www.iplay.com\/de\/games\/santas-christmas-solitaire-3\/#primaryimage"},"image":{"@id":"https:\/\/www.iplay.com\/de\/games\/santas-christmas-solitaire-3\/#primaryimage"},"thumbnailUrl":"https:\/\/www.iplay.com\/wp-content\/uploads\/2024\/12\/santas_christmas_solitaire_3_large_square_tile_image.webp","datePublished":"2024-12-13T07:30:41+00:00","dateModified":"2025-03-06T09:59:48+00:00","description":"Ein magisches Weihnachtserlebnis wird durch das Weihnachtssolit\u00e4r 3 des Weihnachtsmanns geboten","breadcrumb":{"@id":"https:\/\/www.iplay.com\/de\/games\/santas-christmas-solitaire-3\/#breadcrumb"},"inLanguage":"de-DE","potentialAction":[{"@type":"ReadAction","target":["https:\/\/www.iplay.com\/de\/games\/santas-christmas-solitaire-3\/"]}]},{"@type":"ImageObject","inLanguage":"de-DE","@id":"https:\/\/www.iplay.com\/de\/games\/santas-christmas-solitaire-3\/#primaryimage","url":"https:\/\/www.iplay.com\/wp-content\/uploads\/2024\/12\/santas_christmas_solitaire_3_large_square_tile_image.webp","contentUrl":"https:\/\/www.iplay.com\/wp-content\/uploads\/2024\/12\/santas_christmas_solitaire_3_large_square_tile_image.webp","width":400,"height":400},{"@type":"BreadcrumbList","@id":"https:\/\/www.iplay.com\/de\/games\/santas-christmas-solitaire-3\/#breadcrumb","itemListElement":[{"@type":"ListItem","position":1,"name":"Home","item":"https:\/\/www.iplay.com\/de\/home-page-2\/"},{"@type":"ListItem","position":2,"name":"Shop","item":"https:\/\/www.iplay.com\/en\/shop\/"},{"@type":"ListItem","position":3,"name":"Santa&#8217;s Christmas Solitaire 3"}]},{"@type":"WebSite","@id":"https:\/\/www.iplay.com\/en\/#website","url":"https:\/\/www.iplay.com\/en\/","name":"IPlay","description":"The Best Casual Games!","publisher":{"@id":"https:\/\/www.iplay.com\/en\/#organization"},"potentialAction":[{"@type":"SearchAction","target":{"@type":"EntryPoint","urlTemplate":"https:\/\/www.iplay.com\/en\/?s={search_term_string}"},"query-input":{"@type":"PropertyValueSpecification","valueRequired":true,"valueName":"search_term_string"}}],"inLanguage":"de-DE"},{"@type":"Organization","@id":"https:\/\/www.iplay.com\/en\/#organization","name":"IPlay","url":"https:\/\/www.iplay.com\/en\/","logo":{"@type":"ImageObject","inLanguage":"de-DE","@id":"https:\/\/www.iplay.com\/en\/#\/schema\/logo\/image\/","url":"https:\/\/www.iplay.com\/wp-content\/uploads\/2023\/11\/Group-6100.svg","contentUrl":"https:\/\/www.iplay.com\/wp-content\/uploads\/2023\/11\/Group-6100.svg","width":98,"height":25,"caption":"IPlay"},"image":{"@id":"https:\/\/www.iplay.com\/en\/#\/schema\/logo\/image\/"}}]}},"_links":{"self":[{"href":"https:\/\/www.iplay.com\/de\/wp-json\/wp\/v2\/product\/34061","targetHints":{"allow":["GET"]}}],"collection":[{"href":"https:\/\/www.iplay.com\/de\/wp-json\/wp\/v2\/product"}],"about":[{"href":"https:\/\/www.iplay.com\/de\/wp-json\/wp\/v2\/types\/product"}],"author":[{"embeddable":true,"href":"https:\/\/www.iplay.com\/de\/wp-json\/wp\/v2\/users\/129"}],"replies":[{"embeddable":true,"href":"https:\/\/www.iplay.com\/de\/wp-json\/wp\/v2\/comments?post=34061"}],"wp:featuredmedia":[{"embeddable":true,"href":"https:\/\/www.iplay.com\/de\/wp-json\/wp\/v2\/media\/34062"}],"wp:attachment":[{"href":"https:\/\/www.iplay.com\/de\/wp-json\/wp\/v2\/media?parent=34061"}],"wp:term":[{"taxonomy":"product_brand","embeddable":true,"href":"https:\/\/www.iplay.com\/de\/wp-json\/wp\/v2\/product_brand?post=34061"},{"taxonomy":"product_cat","embeddable":true,"href":"https:\/\/www.iplay.com\/de\/wp-json\/wp\/v2\/product_cat?post=34061"},{"taxonomy":"product_tag","embeddable":true,"href":"https:\/\/www.iplay.com\/de\/wp-json\/wp\/v2\/product_tag?post=34061"}],"curies":[{"name":"wp","href":"https:\/\/api.w.org\/{rel}","templated":true}]}}