{"id":34005,"date":"2024-05-17T10:00:28","date_gmt":"2024-05-17T10:00:28","guid":{"rendered":"https:\/\/www.iplay.com\/games\/clutter-puzzle-magazine-vol-16-no-2-ce\/"},"modified":"2025-03-31T17:13:46","modified_gmt":"2025-03-31T17:13:46","slug":"clutter-puzzle-magazine-vol-16-no-2-ce","status":"publish","type":"product","link":"https:\/\/www.iplay.com\/de\/games\/clutter-puzzle-magazine-vol-16-no-2-ce\/","title":{"rendered":"Clutter Puzzle Magazine Vol. 16 No. 2 CE"},"content":{"rendered":"<p>Diese Quest wird durch die F\u00fclle neuer Clutter-Varianten, die mit klassischen Favoriten vermischt sind, unvergesslich gemacht. Eine gro\u00dfe Freude machen dabei das deutlich verbesserte Spot The Differences Puzzles. Eine neue Version der Clutter Gaps Puzzles wurde ebenfalls eingef\u00fchrt. Sie sind genauso s\u00fcchtig machend wie Standard-Clutter-Levels. Dar\u00fcber hinaus sind Slider, quadratische Puzzles und Box Quotes enthalten.    <\/p>\n<p>Warten Sie einfach, bis die abstrakten Quadrate und Kreisr\u00e4tsel aufgedeckt werden. Unordnung wurde noch nie zuvor als so unterhaltsam oder herausfordernd erlebt. Und wie immer bieten Ihnen die Optionen die M\u00f6glichkeit, Clutter so zu spielen, wie Sie m\u00f6chten. Favoriten erm\u00f6glichen das Speichern von R\u00e4tseln, die Sie immer wieder aufrufen m\u00f6chten.   <\/p>\n<p>&nbsp;<\/p>\n<p><strong>Funktionen<\/strong><\/p>\n<ul>\n<li>Neue Objektsets und zahlreiche neue Spielmodi wurden hinzugef\u00fcgt.<\/li>\n<li>\u00dcber 1800 Level stehen zur Verf\u00fcgung, darunter eine sehr harte Hauptquest mit 100 Leveln.<\/li>\n<li>Das Spot The Difference Puzzle wurde deutlich aktualisiert und s\u00fcchtig machender gemacht.<\/li>\n<li>Hunderte von Fotopuzzles sowie 200 neue Box Quotes-Aufgaben warten auf dich.<\/li>\n<li>Ein weiterer hervorragender Soundtrack mit cineastischem Flair wird geliefert.<\/li>\n<\/ul>\n<p>&nbsp;<\/p>\n<p>Wenn dir dieses Clutter-Spiel gefallen hat, schau dir doch HIER alle anderen Spiele der Clutter-Serie an <strong><a href=\"\/en?product_tag=clutter-series\"><\/a><\/strong><\/p>\n","protected":false},"excerpt":{"rendered":"<p>\u00dcber 1800 Puzzles im h\u00e4rtesten Clutter aller Zeiten f\u00fcr tagelangen Spielspa\u00df mit Clutter Puzzle Magazine Vol 16 #2 Collector&#8217;s Edition<\/p>\n","protected":false},"author":41,"featured_media":34006,"comment_status":"open","ping_status":"closed","template":"","meta":{"_acf_changed":false,"inline_featured_image":false},"product_brand":[],"product_cat":[160,164,194],"product_tag":[289],"class_list":{"0":"post-34005","1":"product","2":"type-product","3":"status-publish","4":"has-post-thumbnail","6":"product_cat-clutter-series-de","7":"product_cat-hidden-object-de","8":"product_cat-puzzle-de","9":"product_tag-play-on-pc-de","11":"first","12":"instock","13":"shipping-taxable","14":"purchasable","15":"product-type-simple"},"acf":[],"yoast_head":"<!-- This site is optimized with the Yoast SEO Premium plugin v25.2 (Yoast SEO v25.2) - https:\/\/yoast.com\/wordpress\/plugins\/seo\/ -->\n<title>Clutter Puzzle Magazin Vol. 16 Nr. 2<\/title>\n<meta name=\"description\" content=\"\u00dcber 1800 Puzzles im h\u00e4rtesten Clutter aller Zeiten f\u00fcr tagelangen Spielspa\u00df mit Clutter Puzzle Magazine Vol 16 #2 Collector&#039;s Edition\" \/>\n<meta name=\"robots\" content=\"index, follow, max-snippet:-1, max-image-preview:large, max-video-preview:-1\" \/>\n<link rel=\"canonical\" href=\"https:\/\/www.iplay.com\/de\/games\/clutter-puzzle-magazine-vol-16-no-2-ce\/\" \/>\n<meta property=\"og:locale\" content=\"de_DE\" \/>\n<meta property=\"og:type\" content=\"article\" \/>\n<meta property=\"og:title\" content=\"Clutter Puzzle Magazine Vol. 16 No. 2 CE\" \/>\n<meta property=\"og:description\" content=\"\u00dcber 1800 Puzzles im h\u00e4rtesten Clutter aller Zeiten f\u00fcr tagelangen Spielspa\u00df mit Clutter Puzzle Magazine Vol 16 #2 Collector&#039;s Edition\" \/>\n<meta property=\"og:url\" content=\"https:\/\/www.iplay.com\/de\/games\/clutter-puzzle-magazine-vol-16-no-2-ce\/\" \/>\n<meta property=\"og:site_name\" content=\"IPlay\" \/>\n<meta property=\"article:modified_time\" content=\"2025-03-31T17:13:46+00:00\" \/>\n<meta property=\"og:image\" content=\"https:\/\/www.iplay.com\/wp-content\/uploads\/2024\/05\/Clutter-Puzzle-Magazine-Vol.-16-No.-2-CE_large_square_tile_image.webp\" \/>\n\t<meta property=\"og:image:width\" content=\"310\" \/>\n\t<meta property=\"og:image:height\" content=\"310\" \/>\n\t<meta property=\"og:image:type\" content=\"image\/webp\" \/>\n<meta name=\"twitter:card\" content=\"summary_large_image\" \/>\n<meta name=\"twitter:label1\" content=\"Gesch\u00e4tzte Lesezeit\" \/>\n\t<meta name=\"twitter:data1\" content=\"1 Minute\" \/>\n<script type=\"application\/ld+json\" class=\"yoast-schema-graph\">{\"@context\":\"https:\/\/schema.org\",\"@graph\":[{\"@type\":\"WebPage\",\"@id\":\"https:\/\/www.iplay.com\/de\/games\/clutter-puzzle-magazine-vol-16-no-2-ce\/\",\"url\":\"https:\/\/www.iplay.com\/de\/games\/clutter-puzzle-magazine-vol-16-no-2-ce\/\",\"name\":\"Clutter Puzzle Magazin Vol. 16 Nr. 2\",\"isPartOf\":{\"@id\":\"https:\/\/www.iplay.com\/en\/#website\"},\"primaryImageOfPage\":{\"@id\":\"https:\/\/www.iplay.com\/de\/games\/clutter-puzzle-magazine-vol-16-no-2-ce\/#primaryimage\"},\"image\":{\"@id\":\"https:\/\/www.iplay.com\/de\/games\/clutter-puzzle-magazine-vol-16-no-2-ce\/#primaryimage\"},\"thumbnailUrl\":\"https:\/\/www.iplay.com\/wp-content\/uploads\/2024\/05\/Clutter-Puzzle-Magazine-Vol.-16-No.-2-CE_large_square_tile_image.webp\",\"datePublished\":\"2024-05-17T10:00:28+00:00\",\"dateModified\":\"2025-03-31T17:13:46+00:00\",\"description\":\"\u00dcber 1800 Puzzles im h\u00e4rtesten Clutter aller Zeiten f\u00fcr tagelangen Spielspa\u00df mit Clutter Puzzle Magazine Vol 16 #2 Collector's Edition\",\"breadcrumb\":{\"@id\":\"https:\/\/www.iplay.com\/de\/games\/clutter-puzzle-magazine-vol-16-no-2-ce\/#breadcrumb\"},\"inLanguage\":\"de-DE\",\"potentialAction\":[{\"@type\":\"ReadAction\",\"target\":[\"https:\/\/www.iplay.com\/de\/games\/clutter-puzzle-magazine-vol-16-no-2-ce\/\"]}]},{\"@type\":\"ImageObject\",\"inLanguage\":\"de-DE\",\"@id\":\"https:\/\/www.iplay.com\/de\/games\/clutter-puzzle-magazine-vol-16-no-2-ce\/#primaryimage\",\"url\":\"https:\/\/www.iplay.com\/wp-content\/uploads\/2024\/05\/Clutter-Puzzle-Magazine-Vol.-16-No.-2-CE_large_square_tile_image.webp\",\"contentUrl\":\"https:\/\/www.iplay.com\/wp-content\/uploads\/2024\/05\/Clutter-Puzzle-Magazine-Vol.-16-No.-2-CE_large_square_tile_image.webp\",\"width\":310,\"height\":310},{\"@type\":\"BreadcrumbList\",\"@id\":\"https:\/\/www.iplay.com\/de\/games\/clutter-puzzle-magazine-vol-16-no-2-ce\/#breadcrumb\",\"itemListElement\":[{\"@type\":\"ListItem\",\"position\":1,\"name\":\"Home\",\"item\":\"https:\/\/www.iplay.com\/de\/home-page-2\/\"},{\"@type\":\"ListItem\",\"position\":2,\"name\":\"Shop\",\"item\":\"https:\/\/www.iplay.com\/en\/shop\/\"},{\"@type\":\"ListItem\",\"position\":3,\"name\":\"Clutter Puzzle Magazine Vol. 16 No. 2 CE\"}]},{\"@type\":\"WebSite\",\"@id\":\"https:\/\/www.iplay.com\/en\/#website\",\"url\":\"https:\/\/www.iplay.com\/en\/\",\"name\":\"IPlay\",\"description\":\"The Best Casual Games!\",\"publisher\":{\"@id\":\"https:\/\/www.iplay.com\/en\/#organization\"},\"potentialAction\":[{\"@type\":\"SearchAction\",\"target\":{\"@type\":\"EntryPoint\",\"urlTemplate\":\"https:\/\/www.iplay.com\/en\/?s={search_term_string}\"},\"query-input\":{\"@type\":\"PropertyValueSpecification\",\"valueRequired\":true,\"valueName\":\"search_term_string\"}}],\"inLanguage\":\"de-DE\"},{\"@type\":\"Organization\",\"@id\":\"https:\/\/www.iplay.com\/en\/#organization\",\"name\":\"IPlay\",\"url\":\"https:\/\/www.iplay.com\/en\/\",\"logo\":{\"@type\":\"ImageObject\",\"inLanguage\":\"de-DE\",\"@id\":\"https:\/\/www.iplay.com\/en\/#\/schema\/logo\/image\/\",\"url\":\"https:\/\/www.iplay.com\/wp-content\/uploads\/2023\/11\/Group-6100.svg\",\"contentUrl\":\"https:\/\/www.iplay.com\/wp-content\/uploads\/2023\/11\/Group-6100.svg\",\"width\":98,\"height\":25,\"caption\":\"IPlay\"},\"image\":{\"@id\":\"https:\/\/www.iplay.com\/en\/#\/schema\/logo\/image\/\"}}]}<\/script>\n<!-- \/ Yoast SEO Premium plugin. -->","yoast_head_json":{"title":"Clutter Puzzle Magazin Vol. 16 Nr. 2","description":"\u00dcber 1800 Puzzles im h\u00e4rtesten Clutter aller Zeiten f\u00fcr tagelangen Spielspa\u00df mit Clutter Puzzle Magazine Vol 16 #2 Collector's Edition","robots":{"index":"index","follow":"follow","max-snippet":"max-snippet:-1","max-image-preview":"max-image-preview:large","max-video-preview":"max-video-preview:-1"},"canonical":"https:\/\/www.iplay.com\/de\/games\/clutter-puzzle-magazine-vol-16-no-2-ce\/","og_locale":"de_DE","og_type":"article","og_title":"Clutter Puzzle Magazine Vol. 16 No. 2 CE","og_description":"\u00dcber 1800 Puzzles im h\u00e4rtesten Clutter aller Zeiten f\u00fcr tagelangen Spielspa\u00df mit Clutter Puzzle Magazine Vol 16 #2 Collector's Edition","og_url":"https:\/\/www.iplay.com\/de\/games\/clutter-puzzle-magazine-vol-16-no-2-ce\/","og_site_name":"IPlay","article_modified_time":"2025-03-31T17:13:46+00:00","og_image":[{"width":310,"height":310,"url":"https:\/\/www.iplay.com\/wp-content\/uploads\/2024\/05\/Clutter-Puzzle-Magazine-Vol.-16-No.-2-CE_large_square_tile_image.webp","type":"image\/webp"}],"twitter_card":"summary_large_image","twitter_misc":{"Gesch\u00e4tzte Lesezeit":"1 Minute"},"schema":{"@context":"https:\/\/schema.org","@graph":[{"@type":"WebPage","@id":"https:\/\/www.iplay.com\/de\/games\/clutter-puzzle-magazine-vol-16-no-2-ce\/","url":"https:\/\/www.iplay.com\/de\/games\/clutter-puzzle-magazine-vol-16-no-2-ce\/","name":"Clutter Puzzle Magazin Vol. 16 Nr. 2","isPartOf":{"@id":"https:\/\/www.iplay.com\/en\/#website"},"primaryImageOfPage":{"@id":"https:\/\/www.iplay.com\/de\/games\/clutter-puzzle-magazine-vol-16-no-2-ce\/#primaryimage"},"image":{"@id":"https:\/\/www.iplay.com\/de\/games\/clutter-puzzle-magazine-vol-16-no-2-ce\/#primaryimage"},"thumbnailUrl":"https:\/\/www.iplay.com\/wp-content\/uploads\/2024\/05\/Clutter-Puzzle-Magazine-Vol.-16-No.-2-CE_large_square_tile_image.webp","datePublished":"2024-05-17T10:00:28+00:00","dateModified":"2025-03-31T17:13:46+00:00","description":"\u00dcber 1800 Puzzles im h\u00e4rtesten Clutter aller Zeiten f\u00fcr tagelangen Spielspa\u00df mit Clutter Puzzle Magazine Vol 16 #2 Collector's Edition","breadcrumb":{"@id":"https:\/\/www.iplay.com\/de\/games\/clutter-puzzle-magazine-vol-16-no-2-ce\/#breadcrumb"},"inLanguage":"de-DE","potentialAction":[{"@type":"ReadAction","target":["https:\/\/www.iplay.com\/de\/games\/clutter-puzzle-magazine-vol-16-no-2-ce\/"]}]},{"@type":"ImageObject","inLanguage":"de-DE","@id":"https:\/\/www.iplay.com\/de\/games\/clutter-puzzle-magazine-vol-16-no-2-ce\/#primaryimage","url":"https:\/\/www.iplay.com\/wp-content\/uploads\/2024\/05\/Clutter-Puzzle-Magazine-Vol.-16-No.-2-CE_large_square_tile_image.webp","contentUrl":"https:\/\/www.iplay.com\/wp-content\/uploads\/2024\/05\/Clutter-Puzzle-Magazine-Vol.-16-No.-2-CE_large_square_tile_image.webp","width":310,"height":310},{"@type":"BreadcrumbList","@id":"https:\/\/www.iplay.com\/de\/games\/clutter-puzzle-magazine-vol-16-no-2-ce\/#breadcrumb","itemListElement":[{"@type":"ListItem","position":1,"name":"Home","item":"https:\/\/www.iplay.com\/de\/home-page-2\/"},{"@type":"ListItem","position":2,"name":"Shop","item":"https:\/\/www.iplay.com\/en\/shop\/"},{"@type":"ListItem","position":3,"name":"Clutter Puzzle Magazine Vol. 16 No. 2 CE"}]},{"@type":"WebSite","@id":"https:\/\/www.iplay.com\/en\/#website","url":"https:\/\/www.iplay.com\/en\/","name":"IPlay","description":"The Best Casual Games!","publisher":{"@id":"https:\/\/www.iplay.com\/en\/#organization"},"potentialAction":[{"@type":"SearchAction","target":{"@type":"EntryPoint","urlTemplate":"https:\/\/www.iplay.com\/en\/?s={search_term_string}"},"query-input":{"@type":"PropertyValueSpecification","valueRequired":true,"valueName":"search_term_string"}}],"inLanguage":"de-DE"},{"@type":"Organization","@id":"https:\/\/www.iplay.com\/en\/#organization","name":"IPlay","url":"https:\/\/www.iplay.com\/en\/","logo":{"@type":"ImageObject","inLanguage":"de-DE","@id":"https:\/\/www.iplay.com\/en\/#\/schema\/logo\/image\/","url":"https:\/\/www.iplay.com\/wp-content\/uploads\/2023\/11\/Group-6100.svg","contentUrl":"https:\/\/www.iplay.com\/wp-content\/uploads\/2023\/11\/Group-6100.svg","width":98,"height":25,"caption":"IPlay"},"image":{"@id":"https:\/\/www.iplay.com\/en\/#\/schema\/logo\/image\/"}}]}},"_links":{"self":[{"href":"https:\/\/www.iplay.com\/de\/wp-json\/wp\/v2\/product\/34005","targetHints":{"allow":["GET"]}}],"collection":[{"href":"https:\/\/www.iplay.com\/de\/wp-json\/wp\/v2\/product"}],"about":[{"href":"https:\/\/www.iplay.com\/de\/wp-json\/wp\/v2\/types\/product"}],"author":[{"embeddable":true,"href":"https:\/\/www.iplay.com\/de\/wp-json\/wp\/v2\/users\/41"}],"replies":[{"embeddable":true,"href":"https:\/\/www.iplay.com\/de\/wp-json\/wp\/v2\/comments?post=34005"}],"wp:featuredmedia":[{"embeddable":true,"href":"https:\/\/www.iplay.com\/de\/wp-json\/wp\/v2\/media\/34006"}],"wp:attachment":[{"href":"https:\/\/www.iplay.com\/de\/wp-json\/wp\/v2\/media?parent=34005"}],"wp:term":[{"taxonomy":"product_brand","embeddable":true,"href":"https:\/\/www.iplay.com\/de\/wp-json\/wp\/v2\/product_brand?post=34005"},{"taxonomy":"product_cat","embeddable":true,"href":"https:\/\/www.iplay.com\/de\/wp-json\/wp\/v2\/product_cat?post=34005"},{"taxonomy":"product_tag","embeddable":true,"href":"https:\/\/www.iplay.com\/de\/wp-json\/wp\/v2\/product_tag?post=34005"}],"curies":[{"name":"wp","href":"https:\/\/api.w.org\/{rel}","templated":true}]}}