{"id":33677,"date":"2025-02-12T09:30:48","date_gmt":"2025-02-12T09:30:48","guid":{"rendered":"https:\/\/www.iplay.com\/games\/edge-of-reality-the-legend-of-greenbush-collectors-edition\/"},"modified":"2025-03-03T09:39:46","modified_gmt":"2025-03-03T09:39:46","slug":"edge-of-reality-the-legend-of-greenbush-collectors-edition","status":"publish","type":"product","link":"https:\/\/www.iplay.com\/de\/games\/edge-of-reality-the-legend-of-greenbush-collectors-edition\/","title":{"rendered":"Edge of Reality: The Legend of Greenbush Collector&#8217;s Edition"},"content":{"rendered":"<p data-pm-slice=\"1 1 []\">Ein alter Freund entdeckt ein mysteri\u00f6ses Amulett, woraufhin arch\u00e4ologisches Fachwissen erforderlich ist, um seine Geheimnisse zu l\u00fcften. Das freudige Wiedersehen wird jedoch gest\u00f6rt, als ein rachs\u00fcchtiges Gespenst deinen Freund entf\u00fchrt. W\u00e4hrend sich die legend\u00e4re Stadt Greenbush aus den Tiefen des Sees erhebt, m\u00fcssen uralte Geheimnisse erforscht werden, um deinen Freund zu retten und zu verhindern, dass sie wieder verschwinden. Dieses spannende Wimmelbild-Abenteuer stellt die ultimative Geschicklichkeitsprobe dar.   <\/p>\n<p><strong>Funktionen der Collector&#8217;s Edition<\/strong><\/p>\n<ul data-spread=\"false\">\n<li>Im Bonusspiel wird eine neue Legende entdeckt! Einem furchterregenden Feind stellt man sich und eine brandneue Legende wird entr\u00e4tselt. <\/li>\n<li>Lieblingsherausforderungen k\u00f6nnen wiederholt werden. Wimmelbildr\u00e4tsel (HOPs) und Minispiele werden erneut besucht, w\u00e4hrend Erfolge verdient werden. <\/li>\n<li>Verborgene Sch\u00e4tze werden gesammelt. Schildkr\u00f6ten und sich verwandelnde Objekte werden im gesamten Spiel gesucht. <\/li>\n<li>Exklusive Inhalte sind verf\u00fcgbar. Konzeptzeichnungen, Bildschirmschoner, Soundtracks, Hintergrundbilder und mehr sind enthalten. <\/li>\n<li>Der Strategieleitfaden sorgt f\u00fcr eine reibungslose Navigation. Es wird ein umfassender Leitfaden bereitgestellt, um zu verhindern, dass die Spieler vom Weg abkommen. <\/li>\n<\/ul>\n<p>&nbsp;<\/p>\n<p>Durch die Teilnahme an diesem Abenteuer tauchen die Spieler in ein fesselndes und visuell beeindruckendes Erlebnis ein, w\u00e4hrend sie komplizierte R\u00e4tsel l\u00f6sen und uralte Geheimnisse aufdecken.<\/p>\n","protected":false},"excerpt":{"rendered":"<p>Brich den Fluch und rette deinen Freund in einer versunkenen Stadt in <strong>Edge of Reality &#8211; The Legend of Greenbush Sammleredition<\/strong><\/p>\n","protected":false},"author":17,"featured_media":32794,"comment_status":"open","ping_status":"closed","template":"","meta":{"_acf_changed":false,"inline_featured_image":false},"product_brand":[],"product_cat":[164],"product_tag":[289],"class_list":{"0":"post-33677","1":"product","2":"type-product","3":"status-publish","4":"has-post-thumbnail","6":"product_cat-hidden-object-de","7":"product_tag-play-on-pc-de","9":"first","10":"instock","11":"shipping-taxable","12":"purchasable","13":"product-type-simple"},"acf":[],"yoast_head":"<!-- This site is optimized with the Yoast SEO Premium plugin v25.2 (Yoast SEO v25.2) - https:\/\/yoast.com\/wordpress\/plugins\/seo\/ -->\n<title>Edge of Reality: The Legend of Greenbush CE - Brich den Fluch und rette deinen Freund in einer versunkenen Stadt!<\/title>\n<meta name=\"description\" content=\"Brich den Fluch und rette deinen Freund in einer versunkenen Stadt in Edge of Reality - The Legend of Greenbush Sammleredition\" \/>\n<meta name=\"robots\" content=\"index, follow, max-snippet:-1, max-image-preview:large, max-video-preview:-1\" \/>\n<link rel=\"canonical\" href=\"https:\/\/www.iplay.com\/de\/games\/edge-of-reality-the-legend-of-greenbush-collectors-edition\/\" \/>\n<meta property=\"og:locale\" content=\"de_DE\" \/>\n<meta property=\"og:type\" content=\"article\" \/>\n<meta property=\"og:title\" content=\"Edge of Reality: The Legend of Greenbush Collector&#039;s Edition\" \/>\n<meta property=\"og:description\" content=\"Brich den Fluch und rette deinen Freund in einer versunkenen Stadt in Edge of Reality - The Legend of Greenbush Sammleredition\" \/>\n<meta property=\"og:url\" content=\"https:\/\/www.iplay.com\/de\/games\/edge-of-reality-the-legend-of-greenbush-collectors-edition\/\" \/>\n<meta property=\"og:site_name\" content=\"IPlay\" \/>\n<meta property=\"article:modified_time\" content=\"2025-03-03T09:39:46+00:00\" \/>\n<meta property=\"og:image\" content=\"https:\/\/www.iplay.com\/wp-content\/uploads\/2025\/02\/edge_of_reality_the_legend_of_greenbush_ce_large_square_tile_image.webp\" \/>\n\t<meta property=\"og:image:width\" content=\"400\" \/>\n\t<meta property=\"og:image:height\" content=\"400\" \/>\n\t<meta property=\"og:image:type\" content=\"image\/webp\" \/>\n<meta name=\"twitter:card\" content=\"summary_large_image\" \/>\n<meta name=\"twitter:label1\" content=\"Gesch\u00e4tzte Lesezeit\" \/>\n\t<meta name=\"twitter:data1\" content=\"1 Minute\" \/>\n<script type=\"application\/ld+json\" class=\"yoast-schema-graph\">{\"@context\":\"https:\/\/schema.org\",\"@graph\":[{\"@type\":\"WebPage\",\"@id\":\"https:\/\/www.iplay.com\/de\/games\/edge-of-reality-the-legend-of-greenbush-collectors-edition\/\",\"url\":\"https:\/\/www.iplay.com\/de\/games\/edge-of-reality-the-legend-of-greenbush-collectors-edition\/\",\"name\":\"Edge of Reality: The Legend of Greenbush CE - Brich den Fluch und rette deinen Freund in einer versunkenen Stadt!\",\"isPartOf\":{\"@id\":\"https:\/\/www.iplay.com\/en\/#website\"},\"primaryImageOfPage\":{\"@id\":\"https:\/\/www.iplay.com\/de\/games\/edge-of-reality-the-legend-of-greenbush-collectors-edition\/#primaryimage\"},\"image\":{\"@id\":\"https:\/\/www.iplay.com\/de\/games\/edge-of-reality-the-legend-of-greenbush-collectors-edition\/#primaryimage\"},\"thumbnailUrl\":\"https:\/\/www.iplay.com\/wp-content\/uploads\/2025\/02\/edge_of_reality_the_legend_of_greenbush_ce_large_square_tile_image.webp\",\"datePublished\":\"2025-02-12T09:30:48+00:00\",\"dateModified\":\"2025-03-03T09:39:46+00:00\",\"description\":\"Brich den Fluch und rette deinen Freund in einer versunkenen Stadt in Edge of Reality - The Legend of Greenbush Sammleredition\",\"breadcrumb\":{\"@id\":\"https:\/\/www.iplay.com\/de\/games\/edge-of-reality-the-legend-of-greenbush-collectors-edition\/#breadcrumb\"},\"inLanguage\":\"de-DE\",\"potentialAction\":[{\"@type\":\"ReadAction\",\"target\":[\"https:\/\/www.iplay.com\/de\/games\/edge-of-reality-the-legend-of-greenbush-collectors-edition\/\"]}]},{\"@type\":\"ImageObject\",\"inLanguage\":\"de-DE\",\"@id\":\"https:\/\/www.iplay.com\/de\/games\/edge-of-reality-the-legend-of-greenbush-collectors-edition\/#primaryimage\",\"url\":\"https:\/\/www.iplay.com\/wp-content\/uploads\/2025\/02\/edge_of_reality_the_legend_of_greenbush_ce_large_square_tile_image.webp\",\"contentUrl\":\"https:\/\/www.iplay.com\/wp-content\/uploads\/2025\/02\/edge_of_reality_the_legend_of_greenbush_ce_large_square_tile_image.webp\",\"width\":400,\"height\":400},{\"@type\":\"BreadcrumbList\",\"@id\":\"https:\/\/www.iplay.com\/de\/games\/edge-of-reality-the-legend-of-greenbush-collectors-edition\/#breadcrumb\",\"itemListElement\":[{\"@type\":\"ListItem\",\"position\":1,\"name\":\"Home\",\"item\":\"https:\/\/www.iplay.com\/de\/home-page-2\/\"},{\"@type\":\"ListItem\",\"position\":2,\"name\":\"Shop\",\"item\":\"https:\/\/www.iplay.com\/en\/shop\/\"},{\"@type\":\"ListItem\",\"position\":3,\"name\":\"Edge of Reality: The Legend of Greenbush Collector&#8217;s Edition\"}]},{\"@type\":\"WebSite\",\"@id\":\"https:\/\/www.iplay.com\/en\/#website\",\"url\":\"https:\/\/www.iplay.com\/en\/\",\"name\":\"IPlay\",\"description\":\"The Best Casual Games!\",\"publisher\":{\"@id\":\"https:\/\/www.iplay.com\/en\/#organization\"},\"potentialAction\":[{\"@type\":\"SearchAction\",\"target\":{\"@type\":\"EntryPoint\",\"urlTemplate\":\"https:\/\/www.iplay.com\/en\/?s={search_term_string}\"},\"query-input\":{\"@type\":\"PropertyValueSpecification\",\"valueRequired\":true,\"valueName\":\"search_term_string\"}}],\"inLanguage\":\"de-DE\"},{\"@type\":\"Organization\",\"@id\":\"https:\/\/www.iplay.com\/en\/#organization\",\"name\":\"IPlay\",\"url\":\"https:\/\/www.iplay.com\/en\/\",\"logo\":{\"@type\":\"ImageObject\",\"inLanguage\":\"de-DE\",\"@id\":\"https:\/\/www.iplay.com\/en\/#\/schema\/logo\/image\/\",\"url\":\"https:\/\/www.iplay.com\/wp-content\/uploads\/2023\/11\/Group-6100.svg\",\"contentUrl\":\"https:\/\/www.iplay.com\/wp-content\/uploads\/2023\/11\/Group-6100.svg\",\"width\":98,\"height\":25,\"caption\":\"IPlay\"},\"image\":{\"@id\":\"https:\/\/www.iplay.com\/en\/#\/schema\/logo\/image\/\"}}]}<\/script>\n<!-- \/ Yoast SEO Premium plugin. -->","yoast_head_json":{"title":"Edge of Reality: The Legend of Greenbush CE - Brich den Fluch und rette deinen Freund in einer versunkenen Stadt!","description":"Brich den Fluch und rette deinen Freund in einer versunkenen Stadt in Edge of Reality - The Legend of Greenbush Sammleredition","robots":{"index":"index","follow":"follow","max-snippet":"max-snippet:-1","max-image-preview":"max-image-preview:large","max-video-preview":"max-video-preview:-1"},"canonical":"https:\/\/www.iplay.com\/de\/games\/edge-of-reality-the-legend-of-greenbush-collectors-edition\/","og_locale":"de_DE","og_type":"article","og_title":"Edge of Reality: The Legend of Greenbush Collector's Edition","og_description":"Brich den Fluch und rette deinen Freund in einer versunkenen Stadt in Edge of Reality - The Legend of Greenbush Sammleredition","og_url":"https:\/\/www.iplay.com\/de\/games\/edge-of-reality-the-legend-of-greenbush-collectors-edition\/","og_site_name":"IPlay","article_modified_time":"2025-03-03T09:39:46+00:00","og_image":[{"width":400,"height":400,"url":"https:\/\/www.iplay.com\/wp-content\/uploads\/2025\/02\/edge_of_reality_the_legend_of_greenbush_ce_large_square_tile_image.webp","type":"image\/webp"}],"twitter_card":"summary_large_image","twitter_misc":{"Gesch\u00e4tzte Lesezeit":"1 Minute"},"schema":{"@context":"https:\/\/schema.org","@graph":[{"@type":"WebPage","@id":"https:\/\/www.iplay.com\/de\/games\/edge-of-reality-the-legend-of-greenbush-collectors-edition\/","url":"https:\/\/www.iplay.com\/de\/games\/edge-of-reality-the-legend-of-greenbush-collectors-edition\/","name":"Edge of Reality: The Legend of Greenbush CE - Brich den Fluch und rette deinen Freund in einer versunkenen Stadt!","isPartOf":{"@id":"https:\/\/www.iplay.com\/en\/#website"},"primaryImageOfPage":{"@id":"https:\/\/www.iplay.com\/de\/games\/edge-of-reality-the-legend-of-greenbush-collectors-edition\/#primaryimage"},"image":{"@id":"https:\/\/www.iplay.com\/de\/games\/edge-of-reality-the-legend-of-greenbush-collectors-edition\/#primaryimage"},"thumbnailUrl":"https:\/\/www.iplay.com\/wp-content\/uploads\/2025\/02\/edge_of_reality_the_legend_of_greenbush_ce_large_square_tile_image.webp","datePublished":"2025-02-12T09:30:48+00:00","dateModified":"2025-03-03T09:39:46+00:00","description":"Brich den Fluch und rette deinen Freund in einer versunkenen Stadt in Edge of Reality - The Legend of Greenbush Sammleredition","breadcrumb":{"@id":"https:\/\/www.iplay.com\/de\/games\/edge-of-reality-the-legend-of-greenbush-collectors-edition\/#breadcrumb"},"inLanguage":"de-DE","potentialAction":[{"@type":"ReadAction","target":["https:\/\/www.iplay.com\/de\/games\/edge-of-reality-the-legend-of-greenbush-collectors-edition\/"]}]},{"@type":"ImageObject","inLanguage":"de-DE","@id":"https:\/\/www.iplay.com\/de\/games\/edge-of-reality-the-legend-of-greenbush-collectors-edition\/#primaryimage","url":"https:\/\/www.iplay.com\/wp-content\/uploads\/2025\/02\/edge_of_reality_the_legend_of_greenbush_ce_large_square_tile_image.webp","contentUrl":"https:\/\/www.iplay.com\/wp-content\/uploads\/2025\/02\/edge_of_reality_the_legend_of_greenbush_ce_large_square_tile_image.webp","width":400,"height":400},{"@type":"BreadcrumbList","@id":"https:\/\/www.iplay.com\/de\/games\/edge-of-reality-the-legend-of-greenbush-collectors-edition\/#breadcrumb","itemListElement":[{"@type":"ListItem","position":1,"name":"Home","item":"https:\/\/www.iplay.com\/de\/home-page-2\/"},{"@type":"ListItem","position":2,"name":"Shop","item":"https:\/\/www.iplay.com\/en\/shop\/"},{"@type":"ListItem","position":3,"name":"Edge of Reality: The Legend of Greenbush Collector&#8217;s Edition"}]},{"@type":"WebSite","@id":"https:\/\/www.iplay.com\/en\/#website","url":"https:\/\/www.iplay.com\/en\/","name":"IPlay","description":"The Best Casual Games!","publisher":{"@id":"https:\/\/www.iplay.com\/en\/#organization"},"potentialAction":[{"@type":"SearchAction","target":{"@type":"EntryPoint","urlTemplate":"https:\/\/www.iplay.com\/en\/?s={search_term_string}"},"query-input":{"@type":"PropertyValueSpecification","valueRequired":true,"valueName":"search_term_string"}}],"inLanguage":"de-DE"},{"@type":"Organization","@id":"https:\/\/www.iplay.com\/en\/#organization","name":"IPlay","url":"https:\/\/www.iplay.com\/en\/","logo":{"@type":"ImageObject","inLanguage":"de-DE","@id":"https:\/\/www.iplay.com\/en\/#\/schema\/logo\/image\/","url":"https:\/\/www.iplay.com\/wp-content\/uploads\/2023\/11\/Group-6100.svg","contentUrl":"https:\/\/www.iplay.com\/wp-content\/uploads\/2023\/11\/Group-6100.svg","width":98,"height":25,"caption":"IPlay"},"image":{"@id":"https:\/\/www.iplay.com\/en\/#\/schema\/logo\/image\/"}}]}},"_links":{"self":[{"href":"https:\/\/www.iplay.com\/de\/wp-json\/wp\/v2\/product\/33677","targetHints":{"allow":["GET"]}}],"collection":[{"href":"https:\/\/www.iplay.com\/de\/wp-json\/wp\/v2\/product"}],"about":[{"href":"https:\/\/www.iplay.com\/de\/wp-json\/wp\/v2\/types\/product"}],"author":[{"embeddable":true,"href":"https:\/\/www.iplay.com\/de\/wp-json\/wp\/v2\/users\/17"}],"replies":[{"embeddable":true,"href":"https:\/\/www.iplay.com\/de\/wp-json\/wp\/v2\/comments?post=33677"}],"wp:featuredmedia":[{"embeddable":true,"href":"https:\/\/www.iplay.com\/de\/wp-json\/wp\/v2\/media\/32794"}],"wp:attachment":[{"href":"https:\/\/www.iplay.com\/de\/wp-json\/wp\/v2\/media?parent=33677"}],"wp:term":[{"taxonomy":"product_brand","embeddable":true,"href":"https:\/\/www.iplay.com\/de\/wp-json\/wp\/v2\/product_brand?post=33677"},{"taxonomy":"product_cat","embeddable":true,"href":"https:\/\/www.iplay.com\/de\/wp-json\/wp\/v2\/product_cat?post=33677"},{"taxonomy":"product_tag","embeddable":true,"href":"https:\/\/www.iplay.com\/de\/wp-json\/wp\/v2\/product_tag?post=33677"}],"curies":[{"name":"wp","href":"https:\/\/api.w.org\/{rel}","templated":true}]}}