{"id":33657,"date":"2025-02-14T10:00:09","date_gmt":"2025-02-14T10:00:09","guid":{"rendered":"https:\/\/www.iplay.com\/games\/connected-hearts-hour-of-the-witch-collectors-edition\/"},"modified":"2025-02-26T14:07:36","modified_gmt":"2025-02-26T14:07:36","slug":"connected-hearts-hour-of-the-witch-collectors-edition","status":"publish","type":"product","link":"https:\/\/www.iplay.com\/de\/games\/connected-hearts-hour-of-the-witch-collectors-edition\/","title":{"rendered":"Connected Hearts: Hour of the Witch Collector&#8217;s Edition"},"content":{"rendered":"<p>Kann wahre Liebe die Ketten der Finsternis brechen?<\/p>\n<p>Seit Jahrhunderten ist das K\u00f6nigreich Aradon in den bedr\u00fcckenden Griff dunkler Zauberei geh\u00fcllt. Eine Chance auf Rettung liegt in den H\u00e4nden von Prinzessin Aurora, deren Ehe mit einem herzlosen Prinzen arrangiert wurde, um ein entscheidendes B\u00fcndnis zu sichern. Ihr Herz geh\u00f6rt jedoch einem anderen \u2013 Adrian, einem einst edlen Ritter, der nun zu einer monstr\u00f6sen Gestalt verflucht ist. Trotz seines furchterregenden Aussehens bleibt seine Seele rein.   <\/p>\n<p>Bleibt die Frage: Kann Aurora dem Schicksal entkommen, das ihr auferlegt wurde? Wird Adrian einen Weg finden, den Fluch zu brechen und sein wahres Selbst zur\u00fcckzugewinnen? Und wird ihre Liebe dem Zorn der rachs\u00fcchtigen Hexe Selena standhalten, deren Rachegel\u00fcste sie zu verzehren droht?  <\/p>\n<p>&nbsp;<\/p>\n<p><strong>Funktionen<\/strong><\/p>\n<ul>\n<li>Eine Geschichte von Erl\u00f6sung und Liebe. Eine fesselnde Reise entfaltet sich, auf der die Liebe einer Prinzessin einem verfluchten Ritter Hoffnung bringt, der Erl\u00f6sung sucht. <\/li>\n<li>Bonus-Kapitel-Quest. Zus\u00e4tzliche Herausforderungen warten im Bonuskapitel, in dem ultimativer Ruhm und wahre Liebe beansprucht werden k\u00f6nnen. <\/li>\n<li>Wimmelbildr\u00e4tsel und Minispiele. Fesselnde R\u00e4tsel und entscheidungsorientiertes Gameplay pr\u00e4gen das Schicksal von Aurora und Adrian. <\/li>\n<li>Erkunden Sie das K\u00f6nigreich Aradon. Ein magisches Reich wird durchquert, Errungenschaften werden freigeschaltet und ein Happy End wird verfolgt. <\/li>\n<\/ul>\n","protected":false},"excerpt":{"rendered":"<p>Ein Ritter sucht Erl\u00f6sung durch die Liebe einer Prinzessin in <strong>Connected Hearts &#8211; Hour of the Witch Collector&#8217;s Edition<\/strong><\/p>\n","protected":false},"author":52,"featured_media":32812,"comment_status":"open","ping_status":"closed","template":"","meta":{"_acf_changed":false,"inline_featured_image":false},"product_brand":[],"product_cat":[164],"product_tag":[289,352],"class_list":{"0":"post-33657","1":"product","2":"type-product","3":"status-publish","4":"has-post-thumbnail","6":"product_cat-hidden-object-de","7":"product_tag-play-on-pc-de","8":"product_tag-valentines-day-de-2","10":"first","11":"instock","12":"shipping-taxable","13":"purchasable","14":"product-type-simple"},"acf":[],"yoast_head":"<!-- This site is optimized with the Yoast SEO Premium plugin v25.2 (Yoast SEO v25.2) - https:\/\/yoast.com\/wordpress\/plugins\/seo\/ -->\n<title>Suche nach Erl\u00f6sung in Connected Hearts: Hour of the Witch CE<\/title>\n<meta name=\"description\" content=\"Ein Ritter sucht Erl\u00f6sung durch die Liebe einer Prinzessin in Connected Hearts - Hour of the Witch Collector&#039;s Edition\" \/>\n<meta name=\"robots\" content=\"index, follow, max-snippet:-1, max-image-preview:large, max-video-preview:-1\" \/>\n<link rel=\"canonical\" href=\"https:\/\/www.iplay.com\/de\/games\/connected-hearts-hour-of-the-witch-collectors-edition\/\" \/>\n<meta property=\"og:locale\" content=\"de_DE\" \/>\n<meta property=\"og:type\" content=\"article\" \/>\n<meta property=\"og:title\" content=\"Connected Hearts: Hour of the Witch Collector&#039;s Edition\" \/>\n<meta property=\"og:description\" content=\"Ein Ritter sucht Erl\u00f6sung durch die Liebe einer Prinzessin in Connected Hearts - Hour of the Witch Collector&#039;s Edition\" \/>\n<meta property=\"og:url\" content=\"https:\/\/www.iplay.com\/de\/games\/connected-hearts-hour-of-the-witch-collectors-edition\/\" \/>\n<meta property=\"og:site_name\" content=\"IPlay\" \/>\n<meta property=\"article:modified_time\" content=\"2025-02-26T14:07:36+00:00\" \/>\n<meta property=\"og:image\" content=\"https:\/\/www.iplay.com\/wp-content\/uploads\/2025\/02\/connected_hearts_hour_of_the_witch_collectors_edition_large_square_tile_image.webp\" \/>\n\t<meta property=\"og:image:width\" content=\"400\" \/>\n\t<meta property=\"og:image:height\" content=\"400\" \/>\n\t<meta property=\"og:image:type\" content=\"image\/webp\" \/>\n<meta name=\"twitter:card\" content=\"summary_large_image\" \/>\n<meta name=\"twitter:label1\" content=\"Gesch\u00e4tzte Lesezeit\" \/>\n\t<meta name=\"twitter:data1\" content=\"1 Minute\" \/>\n<script type=\"application\/ld+json\" class=\"yoast-schema-graph\">{\"@context\":\"https:\/\/schema.org\",\"@graph\":[{\"@type\":\"WebPage\",\"@id\":\"https:\/\/www.iplay.com\/de\/games\/connected-hearts-hour-of-the-witch-collectors-edition\/\",\"url\":\"https:\/\/www.iplay.com\/de\/games\/connected-hearts-hour-of-the-witch-collectors-edition\/\",\"name\":\"Suche nach Erl\u00f6sung in Connected Hearts: Hour of the Witch CE\",\"isPartOf\":{\"@id\":\"https:\/\/www.iplay.com\/en\/#website\"},\"primaryImageOfPage\":{\"@id\":\"https:\/\/www.iplay.com\/de\/games\/connected-hearts-hour-of-the-witch-collectors-edition\/#primaryimage\"},\"image\":{\"@id\":\"https:\/\/www.iplay.com\/de\/games\/connected-hearts-hour-of-the-witch-collectors-edition\/#primaryimage\"},\"thumbnailUrl\":\"https:\/\/www.iplay.com\/wp-content\/uploads\/2025\/02\/connected_hearts_hour_of_the_witch_collectors_edition_large_square_tile_image.webp\",\"datePublished\":\"2025-02-14T10:00:09+00:00\",\"dateModified\":\"2025-02-26T14:07:36+00:00\",\"description\":\"Ein Ritter sucht Erl\u00f6sung durch die Liebe einer Prinzessin in Connected Hearts - Hour of the Witch Collector's Edition\",\"breadcrumb\":{\"@id\":\"https:\/\/www.iplay.com\/de\/games\/connected-hearts-hour-of-the-witch-collectors-edition\/#breadcrumb\"},\"inLanguage\":\"de-DE\",\"potentialAction\":[{\"@type\":\"ReadAction\",\"target\":[\"https:\/\/www.iplay.com\/de\/games\/connected-hearts-hour-of-the-witch-collectors-edition\/\"]}]},{\"@type\":\"ImageObject\",\"inLanguage\":\"de-DE\",\"@id\":\"https:\/\/www.iplay.com\/de\/games\/connected-hearts-hour-of-the-witch-collectors-edition\/#primaryimage\",\"url\":\"https:\/\/www.iplay.com\/wp-content\/uploads\/2025\/02\/connected_hearts_hour_of_the_witch_collectors_edition_large_square_tile_image.webp\",\"contentUrl\":\"https:\/\/www.iplay.com\/wp-content\/uploads\/2025\/02\/connected_hearts_hour_of_the_witch_collectors_edition_large_square_tile_image.webp\",\"width\":400,\"height\":400},{\"@type\":\"BreadcrumbList\",\"@id\":\"https:\/\/www.iplay.com\/de\/games\/connected-hearts-hour-of-the-witch-collectors-edition\/#breadcrumb\",\"itemListElement\":[{\"@type\":\"ListItem\",\"position\":1,\"name\":\"Home\",\"item\":\"https:\/\/www.iplay.com\/de\/home-page-2\/\"},{\"@type\":\"ListItem\",\"position\":2,\"name\":\"Shop\",\"item\":\"https:\/\/www.iplay.com\/en\/shop\/\"},{\"@type\":\"ListItem\",\"position\":3,\"name\":\"Connected Hearts: Hour of the Witch Collector&#8217;s Edition\"}]},{\"@type\":\"WebSite\",\"@id\":\"https:\/\/www.iplay.com\/en\/#website\",\"url\":\"https:\/\/www.iplay.com\/en\/\",\"name\":\"IPlay\",\"description\":\"The Best Casual Games!\",\"publisher\":{\"@id\":\"https:\/\/www.iplay.com\/en\/#organization\"},\"potentialAction\":[{\"@type\":\"SearchAction\",\"target\":{\"@type\":\"EntryPoint\",\"urlTemplate\":\"https:\/\/www.iplay.com\/en\/?s={search_term_string}\"},\"query-input\":{\"@type\":\"PropertyValueSpecification\",\"valueRequired\":true,\"valueName\":\"search_term_string\"}}],\"inLanguage\":\"de-DE\"},{\"@type\":\"Organization\",\"@id\":\"https:\/\/www.iplay.com\/en\/#organization\",\"name\":\"IPlay\",\"url\":\"https:\/\/www.iplay.com\/en\/\",\"logo\":{\"@type\":\"ImageObject\",\"inLanguage\":\"de-DE\",\"@id\":\"https:\/\/www.iplay.com\/en\/#\/schema\/logo\/image\/\",\"url\":\"https:\/\/www.iplay.com\/wp-content\/uploads\/2023\/11\/Group-6100.svg\",\"contentUrl\":\"https:\/\/www.iplay.com\/wp-content\/uploads\/2023\/11\/Group-6100.svg\",\"width\":98,\"height\":25,\"caption\":\"IPlay\"},\"image\":{\"@id\":\"https:\/\/www.iplay.com\/en\/#\/schema\/logo\/image\/\"}}]}<\/script>\n<!-- \/ Yoast SEO Premium plugin. -->","yoast_head_json":{"title":"Suche nach Erl\u00f6sung in Connected Hearts: Hour of the Witch CE","description":"Ein Ritter sucht Erl\u00f6sung durch die Liebe einer Prinzessin in Connected Hearts - Hour of the Witch Collector's Edition","robots":{"index":"index","follow":"follow","max-snippet":"max-snippet:-1","max-image-preview":"max-image-preview:large","max-video-preview":"max-video-preview:-1"},"canonical":"https:\/\/www.iplay.com\/de\/games\/connected-hearts-hour-of-the-witch-collectors-edition\/","og_locale":"de_DE","og_type":"article","og_title":"Connected Hearts: Hour of the Witch Collector's Edition","og_description":"Ein Ritter sucht Erl\u00f6sung durch die Liebe einer Prinzessin in Connected Hearts - Hour of the Witch Collector's Edition","og_url":"https:\/\/www.iplay.com\/de\/games\/connected-hearts-hour-of-the-witch-collectors-edition\/","og_site_name":"IPlay","article_modified_time":"2025-02-26T14:07:36+00:00","og_image":[{"width":400,"height":400,"url":"https:\/\/www.iplay.com\/wp-content\/uploads\/2025\/02\/connected_hearts_hour_of_the_witch_collectors_edition_large_square_tile_image.webp","type":"image\/webp"}],"twitter_card":"summary_large_image","twitter_misc":{"Gesch\u00e4tzte Lesezeit":"1 Minute"},"schema":{"@context":"https:\/\/schema.org","@graph":[{"@type":"WebPage","@id":"https:\/\/www.iplay.com\/de\/games\/connected-hearts-hour-of-the-witch-collectors-edition\/","url":"https:\/\/www.iplay.com\/de\/games\/connected-hearts-hour-of-the-witch-collectors-edition\/","name":"Suche nach Erl\u00f6sung in Connected Hearts: Hour of the Witch CE","isPartOf":{"@id":"https:\/\/www.iplay.com\/en\/#website"},"primaryImageOfPage":{"@id":"https:\/\/www.iplay.com\/de\/games\/connected-hearts-hour-of-the-witch-collectors-edition\/#primaryimage"},"image":{"@id":"https:\/\/www.iplay.com\/de\/games\/connected-hearts-hour-of-the-witch-collectors-edition\/#primaryimage"},"thumbnailUrl":"https:\/\/www.iplay.com\/wp-content\/uploads\/2025\/02\/connected_hearts_hour_of_the_witch_collectors_edition_large_square_tile_image.webp","datePublished":"2025-02-14T10:00:09+00:00","dateModified":"2025-02-26T14:07:36+00:00","description":"Ein Ritter sucht Erl\u00f6sung durch die Liebe einer Prinzessin in Connected Hearts - Hour of the Witch Collector's Edition","breadcrumb":{"@id":"https:\/\/www.iplay.com\/de\/games\/connected-hearts-hour-of-the-witch-collectors-edition\/#breadcrumb"},"inLanguage":"de-DE","potentialAction":[{"@type":"ReadAction","target":["https:\/\/www.iplay.com\/de\/games\/connected-hearts-hour-of-the-witch-collectors-edition\/"]}]},{"@type":"ImageObject","inLanguage":"de-DE","@id":"https:\/\/www.iplay.com\/de\/games\/connected-hearts-hour-of-the-witch-collectors-edition\/#primaryimage","url":"https:\/\/www.iplay.com\/wp-content\/uploads\/2025\/02\/connected_hearts_hour_of_the_witch_collectors_edition_large_square_tile_image.webp","contentUrl":"https:\/\/www.iplay.com\/wp-content\/uploads\/2025\/02\/connected_hearts_hour_of_the_witch_collectors_edition_large_square_tile_image.webp","width":400,"height":400},{"@type":"BreadcrumbList","@id":"https:\/\/www.iplay.com\/de\/games\/connected-hearts-hour-of-the-witch-collectors-edition\/#breadcrumb","itemListElement":[{"@type":"ListItem","position":1,"name":"Home","item":"https:\/\/www.iplay.com\/de\/home-page-2\/"},{"@type":"ListItem","position":2,"name":"Shop","item":"https:\/\/www.iplay.com\/en\/shop\/"},{"@type":"ListItem","position":3,"name":"Connected Hearts: Hour of the Witch Collector&#8217;s Edition"}]},{"@type":"WebSite","@id":"https:\/\/www.iplay.com\/en\/#website","url":"https:\/\/www.iplay.com\/en\/","name":"IPlay","description":"The Best Casual Games!","publisher":{"@id":"https:\/\/www.iplay.com\/en\/#organization"},"potentialAction":[{"@type":"SearchAction","target":{"@type":"EntryPoint","urlTemplate":"https:\/\/www.iplay.com\/en\/?s={search_term_string}"},"query-input":{"@type":"PropertyValueSpecification","valueRequired":true,"valueName":"search_term_string"}}],"inLanguage":"de-DE"},{"@type":"Organization","@id":"https:\/\/www.iplay.com\/en\/#organization","name":"IPlay","url":"https:\/\/www.iplay.com\/en\/","logo":{"@type":"ImageObject","inLanguage":"de-DE","@id":"https:\/\/www.iplay.com\/en\/#\/schema\/logo\/image\/","url":"https:\/\/www.iplay.com\/wp-content\/uploads\/2023\/11\/Group-6100.svg","contentUrl":"https:\/\/www.iplay.com\/wp-content\/uploads\/2023\/11\/Group-6100.svg","width":98,"height":25,"caption":"IPlay"},"image":{"@id":"https:\/\/www.iplay.com\/en\/#\/schema\/logo\/image\/"}}]}},"_links":{"self":[{"href":"https:\/\/www.iplay.com\/de\/wp-json\/wp\/v2\/product\/33657","targetHints":{"allow":["GET"]}}],"collection":[{"href":"https:\/\/www.iplay.com\/de\/wp-json\/wp\/v2\/product"}],"about":[{"href":"https:\/\/www.iplay.com\/de\/wp-json\/wp\/v2\/types\/product"}],"author":[{"embeddable":true,"href":"https:\/\/www.iplay.com\/de\/wp-json\/wp\/v2\/users\/52"}],"replies":[{"embeddable":true,"href":"https:\/\/www.iplay.com\/de\/wp-json\/wp\/v2\/comments?post=33657"}],"wp:featuredmedia":[{"embeddable":true,"href":"https:\/\/www.iplay.com\/de\/wp-json\/wp\/v2\/media\/32812"}],"wp:attachment":[{"href":"https:\/\/www.iplay.com\/de\/wp-json\/wp\/v2\/media?parent=33657"}],"wp:term":[{"taxonomy":"product_brand","embeddable":true,"href":"https:\/\/www.iplay.com\/de\/wp-json\/wp\/v2\/product_brand?post=33657"},{"taxonomy":"product_cat","embeddable":true,"href":"https:\/\/www.iplay.com\/de\/wp-json\/wp\/v2\/product_cat?post=33657"},{"taxonomy":"product_tag","embeddable":true,"href":"https:\/\/www.iplay.com\/de\/wp-json\/wp\/v2\/product_tag?post=33657"}],"curies":[{"name":"wp","href":"https:\/\/api.w.org\/{rel}","templated":true}]}}