{"id":150523,"date":"2026-04-17T00:22:54","date_gmt":"2026-04-17T00:22:54","guid":{"rendered":"https:\/\/www.iplay.com\/games\/art-coloring-55\/"},"modified":"2026-04-20T15:55:54","modified_gmt":"2026-04-20T15:55:54","slug":"art-coloring-55","status":"publish","type":"product","link":"https:\/\/www.iplay.com\/de\/games\/art-coloring-55\/","title":{"rendered":"Art Coloring 55"},"content":{"rendered":"<p class=\"ai-optimize-34 ai-optimize-introduction\">Mit Art Coloring 55 sind Sie eingeladen, in eine ruhige, lebendige Welt einzutreten, in der Kreativit\u00e4t m\u00fchelos ist. Sie k\u00f6nnen die Kolorierungsmethode w\u00e4hlen, die am besten zu Ihrer Stimmung passt, sowohl mit Pixel-Stil als auch mit traditionellen Kunstwerken. F\u00fcr ein komplexeres, kontemplatives Erlebnis verwenden Sie Pixelmalerei oder glatte, lebendige Farben, um die vorgesehenen Bereiche auszuf\u00fcllen.  <\/p>\n<p class=\"ai-optimize-35\">Au\u00dferdem kannst du zwischen sauberen, flachen F\u00fcllungen und strukturierten Pinselstrichen wechseln, um jedem Kunstwerk ein unverwechselbares Aussehen zu verleihen. Art Coloring 55 bietet Spielern jeden Alters eine lebendige, erf\u00fcllende Flucht, egal ob Sie eine ruhige Auszeit oder eine lange, beruhigende Malsession suchen. <\/p>\n<p>&nbsp;<\/p>\n<p class=\"ai-optimize-36\"><strong>Merkmale<\/strong>:<\/p>\n<ul>\n<li class=\"ai-optimize-36\">64 lebendige Gem\u00e4lde zum Fertigstellen!<\/li>\n<li class=\"ai-optimize-36\">64 lebhafte Pixelzeichnungen!<\/li>\n<li class=\"ai-optimize-36\">W\u00e4hle zwischen Pixelmalerei und Fl\u00e4chenfarbung!<\/li>\n<li class=\"ai-optimize-36\">Wechseln Sie zwischen flachen und strukturierten F\u00e4rbungstechniken!<\/li>\n<li class=\"ai-optimize-36\">Ein stressfreies, kreatives und beruhigendes Erlebnis!<\/li>\n<\/ul>\n","protected":false},"excerpt":{"rendered":"<p class=\"ai-optimize-39 ai-optimize-introduction\">Art Coloring 55 l\u00e4dt Sie in ein ruhiges und lebendiges Reich ein, in dem Ihre Fantasie frei flie\u00dfen kann!<\/p>\n","protected":false},"author":16,"featured_media":150416,"comment_status":"open","ping_status":"closed","template":"","meta":{"_acf_changed":false,"inline_featured_image":false},"product_brand":[],"product_cat":[185],"product_tag":[289],"class_list":{"0":"post-150523","1":"product","2":"type-product","3":"status-publish","4":"has-post-thumbnail","6":"product_cat-paint-by-numbers-series-de","7":"product_tag-play-on-pc-de","9":"first","10":"instock","11":"shipping-taxable","12":"purchasable","13":"product-type-simple"},"acf":[],"yoast_head":"<!-- This site is optimized with the Yoast SEO Premium plugin v25.2 (Yoast SEO v25.2) - https:\/\/yoast.com\/wordpress\/plugins\/seo\/ -->\n<title>Entspanne dich und erschaffe atemberaubende Kunst mit Art Coloring 55!<\/title>\n<meta name=\"description\" content=\"Art Coloring 55 l\u00e4dt Sie in ein ruhiges und lebendiges Reich ein, in dem Ihre Fantasie frei flie\u00dfen kann!\" \/>\n<meta name=\"robots\" content=\"index, follow, max-snippet:-1, max-image-preview:large, max-video-preview:-1\" \/>\n<link rel=\"canonical\" href=\"https:\/\/www.iplay.com\/de\/games\/art-coloring-55\/\" \/>\n<meta property=\"og:locale\" content=\"de_DE\" \/>\n<meta property=\"og:type\" content=\"article\" \/>\n<meta property=\"og:title\" content=\"Art Coloring 55\" \/>\n<meta property=\"og:description\" content=\"Art Coloring 55 l\u00e4dt Sie in ein ruhiges und lebendiges Reich ein, in dem Ihre Fantasie frei flie\u00dfen kann!\" \/>\n<meta property=\"og:url\" content=\"https:\/\/www.iplay.com\/de\/games\/art-coloring-55\/\" \/>\n<meta property=\"og:site_name\" content=\"IPlay\" \/>\n<meta property=\"article:modified_time\" content=\"2026-04-20T15:55:54+00:00\" \/>\n<meta property=\"og:image\" content=\"https:\/\/www.iplay.com\/wp-content\/uploads\/2026\/04\/art-coloring-55_large_video_screenshot.webp\" \/>\n\t<meta property=\"og:image:width\" content=\"715\" \/>\n\t<meta property=\"og:image:height\" content=\"485\" \/>\n\t<meta property=\"og:image:type\" content=\"image\/webp\" \/>\n<meta name=\"twitter:card\" content=\"summary_large_image\" \/>\n<meta name=\"twitter:label1\" content=\"Gesch\u00e4tzte Lesezeit\" \/>\n\t<meta name=\"twitter:data1\" content=\"1 Minute\" \/>\n<script type=\"application\/ld+json\" class=\"yoast-schema-graph\">{\"@context\":\"https:\/\/schema.org\",\"@graph\":[{\"@type\":\"WebPage\",\"@id\":\"https:\/\/www.iplay.com\/de\/games\/art-coloring-55\/\",\"url\":\"https:\/\/www.iplay.com\/de\/games\/art-coloring-55\/\",\"name\":\"Entspanne dich und erschaffe atemberaubende Kunst mit Art Coloring 55!\",\"isPartOf\":{\"@id\":\"https:\/\/www.iplay.com\/en\/#website\"},\"primaryImageOfPage\":{\"@id\":\"https:\/\/www.iplay.com\/de\/games\/art-coloring-55\/#primaryimage\"},\"image\":{\"@id\":\"https:\/\/www.iplay.com\/de\/games\/art-coloring-55\/#primaryimage\"},\"thumbnailUrl\":\"https:\/\/www.iplay.com\/wp-content\/uploads\/2026\/04\/art-coloring-55_large_video_screenshot.webp\",\"datePublished\":\"2026-04-17T00:22:54+00:00\",\"dateModified\":\"2026-04-20T15:55:54+00:00\",\"description\":\"Art Coloring 55 l\u00e4dt Sie in ein ruhiges und lebendiges Reich ein, in dem Ihre Fantasie frei flie\u00dfen kann!\",\"breadcrumb\":{\"@id\":\"https:\/\/www.iplay.com\/de\/games\/art-coloring-55\/#breadcrumb\"},\"inLanguage\":\"de-DE\",\"potentialAction\":[{\"@type\":\"ReadAction\",\"target\":[\"https:\/\/www.iplay.com\/de\/games\/art-coloring-55\/\"]}]},{\"@type\":\"ImageObject\",\"inLanguage\":\"de-DE\",\"@id\":\"https:\/\/www.iplay.com\/de\/games\/art-coloring-55\/#primaryimage\",\"url\":\"https:\/\/www.iplay.com\/wp-content\/uploads\/2026\/04\/art-coloring-55_large_video_screenshot.webp\",\"contentUrl\":\"https:\/\/www.iplay.com\/wp-content\/uploads\/2026\/04\/art-coloring-55_large_video_screenshot.webp\",\"width\":715,\"height\":485},{\"@type\":\"BreadcrumbList\",\"@id\":\"https:\/\/www.iplay.com\/de\/games\/art-coloring-55\/#breadcrumb\",\"itemListElement\":[{\"@type\":\"ListItem\",\"position\":1,\"name\":\"Home\",\"item\":\"https:\/\/www.iplay.com\/de\/home-page-2\/\"},{\"@type\":\"ListItem\",\"position\":2,\"name\":\"Shop\",\"item\":\"https:\/\/www.iplay.com\/en\/shop\/\"},{\"@type\":\"ListItem\",\"position\":3,\"name\":\"Art Coloring 55\"}]},{\"@type\":\"WebSite\",\"@id\":\"https:\/\/www.iplay.com\/en\/#website\",\"url\":\"https:\/\/www.iplay.com\/en\/\",\"name\":\"IPlay\",\"description\":\"The Best Casual Games!\",\"publisher\":{\"@id\":\"https:\/\/www.iplay.com\/en\/#organization\"},\"potentialAction\":[{\"@type\":\"SearchAction\",\"target\":{\"@type\":\"EntryPoint\",\"urlTemplate\":\"https:\/\/www.iplay.com\/en\/?s={search_term_string}\"},\"query-input\":{\"@type\":\"PropertyValueSpecification\",\"valueRequired\":true,\"valueName\":\"search_term_string\"}}],\"inLanguage\":\"de-DE\"},{\"@type\":\"Organization\",\"@id\":\"https:\/\/www.iplay.com\/en\/#organization\",\"name\":\"IPlay\",\"url\":\"https:\/\/www.iplay.com\/en\/\",\"logo\":{\"@type\":\"ImageObject\",\"inLanguage\":\"de-DE\",\"@id\":\"https:\/\/www.iplay.com\/en\/#\/schema\/logo\/image\/\",\"url\":\"https:\/\/www.iplay.com\/wp-content\/uploads\/2023\/11\/Group-6100.svg\",\"contentUrl\":\"https:\/\/www.iplay.com\/wp-content\/uploads\/2023\/11\/Group-6100.svg\",\"width\":98,\"height\":25,\"caption\":\"IPlay\"},\"image\":{\"@id\":\"https:\/\/www.iplay.com\/en\/#\/schema\/logo\/image\/\"}}]}<\/script>\n<!-- \/ Yoast SEO Premium plugin. -->","yoast_head_json":{"title":"Entspanne dich und erschaffe atemberaubende Kunst mit Art Coloring 55!","description":"Art Coloring 55 l\u00e4dt Sie in ein ruhiges und lebendiges Reich ein, in dem Ihre Fantasie frei flie\u00dfen kann!","robots":{"index":"index","follow":"follow","max-snippet":"max-snippet:-1","max-image-preview":"max-image-preview:large","max-video-preview":"max-video-preview:-1"},"canonical":"https:\/\/www.iplay.com\/de\/games\/art-coloring-55\/","og_locale":"de_DE","og_type":"article","og_title":"Art Coloring 55","og_description":"Art Coloring 55 l\u00e4dt Sie in ein ruhiges und lebendiges Reich ein, in dem Ihre Fantasie frei flie\u00dfen kann!","og_url":"https:\/\/www.iplay.com\/de\/games\/art-coloring-55\/","og_site_name":"IPlay","article_modified_time":"2026-04-20T15:55:54+00:00","og_image":[{"width":715,"height":485,"url":"https:\/\/www.iplay.com\/wp-content\/uploads\/2026\/04\/art-coloring-55_large_video_screenshot.webp","type":"image\/webp"}],"twitter_card":"summary_large_image","twitter_misc":{"Gesch\u00e4tzte Lesezeit":"1 Minute"},"schema":{"@context":"https:\/\/schema.org","@graph":[{"@type":"WebPage","@id":"https:\/\/www.iplay.com\/de\/games\/art-coloring-55\/","url":"https:\/\/www.iplay.com\/de\/games\/art-coloring-55\/","name":"Entspanne dich und erschaffe atemberaubende Kunst mit Art Coloring 55!","isPartOf":{"@id":"https:\/\/www.iplay.com\/en\/#website"},"primaryImageOfPage":{"@id":"https:\/\/www.iplay.com\/de\/games\/art-coloring-55\/#primaryimage"},"image":{"@id":"https:\/\/www.iplay.com\/de\/games\/art-coloring-55\/#primaryimage"},"thumbnailUrl":"https:\/\/www.iplay.com\/wp-content\/uploads\/2026\/04\/art-coloring-55_large_video_screenshot.webp","datePublished":"2026-04-17T00:22:54+00:00","dateModified":"2026-04-20T15:55:54+00:00","description":"Art Coloring 55 l\u00e4dt Sie in ein ruhiges und lebendiges Reich ein, in dem Ihre Fantasie frei flie\u00dfen kann!","breadcrumb":{"@id":"https:\/\/www.iplay.com\/de\/games\/art-coloring-55\/#breadcrumb"},"inLanguage":"de-DE","potentialAction":[{"@type":"ReadAction","target":["https:\/\/www.iplay.com\/de\/games\/art-coloring-55\/"]}]},{"@type":"ImageObject","inLanguage":"de-DE","@id":"https:\/\/www.iplay.com\/de\/games\/art-coloring-55\/#primaryimage","url":"https:\/\/www.iplay.com\/wp-content\/uploads\/2026\/04\/art-coloring-55_large_video_screenshot.webp","contentUrl":"https:\/\/www.iplay.com\/wp-content\/uploads\/2026\/04\/art-coloring-55_large_video_screenshot.webp","width":715,"height":485},{"@type":"BreadcrumbList","@id":"https:\/\/www.iplay.com\/de\/games\/art-coloring-55\/#breadcrumb","itemListElement":[{"@type":"ListItem","position":1,"name":"Home","item":"https:\/\/www.iplay.com\/de\/home-page-2\/"},{"@type":"ListItem","position":2,"name":"Shop","item":"https:\/\/www.iplay.com\/en\/shop\/"},{"@type":"ListItem","position":3,"name":"Art Coloring 55"}]},{"@type":"WebSite","@id":"https:\/\/www.iplay.com\/en\/#website","url":"https:\/\/www.iplay.com\/en\/","name":"IPlay","description":"The Best Casual Games!","publisher":{"@id":"https:\/\/www.iplay.com\/en\/#organization"},"potentialAction":[{"@type":"SearchAction","target":{"@type":"EntryPoint","urlTemplate":"https:\/\/www.iplay.com\/en\/?s={search_term_string}"},"query-input":{"@type":"PropertyValueSpecification","valueRequired":true,"valueName":"search_term_string"}}],"inLanguage":"de-DE"},{"@type":"Organization","@id":"https:\/\/www.iplay.com\/en\/#organization","name":"IPlay","url":"https:\/\/www.iplay.com\/en\/","logo":{"@type":"ImageObject","inLanguage":"de-DE","@id":"https:\/\/www.iplay.com\/en\/#\/schema\/logo\/image\/","url":"https:\/\/www.iplay.com\/wp-content\/uploads\/2023\/11\/Group-6100.svg","contentUrl":"https:\/\/www.iplay.com\/wp-content\/uploads\/2023\/11\/Group-6100.svg","width":98,"height":25,"caption":"IPlay"},"image":{"@id":"https:\/\/www.iplay.com\/en\/#\/schema\/logo\/image\/"}}]}},"_links":{"self":[{"href":"https:\/\/www.iplay.com\/de\/wp-json\/wp\/v2\/product\/150523","targetHints":{"allow":["GET"]}}],"collection":[{"href":"https:\/\/www.iplay.com\/de\/wp-json\/wp\/v2\/product"}],"about":[{"href":"https:\/\/www.iplay.com\/de\/wp-json\/wp\/v2\/types\/product"}],"author":[{"embeddable":true,"href":"https:\/\/www.iplay.com\/de\/wp-json\/wp\/v2\/users\/16"}],"replies":[{"embeddable":true,"href":"https:\/\/www.iplay.com\/de\/wp-json\/wp\/v2\/comments?post=150523"}],"wp:featuredmedia":[{"embeddable":true,"href":"https:\/\/www.iplay.com\/de\/wp-json\/wp\/v2\/media\/150416"}],"wp:attachment":[{"href":"https:\/\/www.iplay.com\/de\/wp-json\/wp\/v2\/media?parent=150523"}],"wp:term":[{"taxonomy":"product_brand","embeddable":true,"href":"https:\/\/www.iplay.com\/de\/wp-json\/wp\/v2\/product_brand?post=150523"},{"taxonomy":"product_cat","embeddable":true,"href":"https:\/\/www.iplay.com\/de\/wp-json\/wp\/v2\/product_cat?post=150523"},{"taxonomy":"product_tag","embeddable":true,"href":"https:\/\/www.iplay.com\/de\/wp-json\/wp\/v2\/product_tag?post=150523"}],"curies":[{"name":"wp","href":"https:\/\/api.w.org\/{rel}","templated":true}]}}