{"id":150170,"date":"2026-04-06T10:53:59","date_gmt":"2026-04-06T10:53:59","guid":{"rendered":"https:\/\/www.iplay.com\/games\/cliffhanger-solitaire\/"},"modified":"2026-04-06T10:53:59","modified_gmt":"2026-04-06T10:53:59","slug":"cliffhanger-solitaire","status":"publish","type":"product","link":"https:\/\/www.iplay.com\/de\/games\/cliffhanger-solitaire\/","title":{"rendered":"Cliffhanger Solitaire"},"content":{"rendered":"<p class=\"ai-optimize-33 ai-optimize-introduction\">Cliffhanger Solitaire verbindet die Gem\u00fctlichkeit einer Tierrettungsreise mit beruhigenden Kartenspielen. Versetzen Sie sich in die Lage von Violet und Paul, w\u00e4hrend sie mit ihrem hingebungsvollen Hund Coop zusammenarbeiten, um bed\u00fcrftige Tiere zu retten und sie auf ein f\u00fcrsorgliches neues Zuhause vorzubereiten. Von fr\u00f6hlichen Welpen bis zu neugierigen Lemuren \u2013 jede Art, der du begegnest, hat eine einzigartige Pers\u00f6nlichkeit, eine Reihe von Schwierigkeiten und eine bewegende Geschichte.  <\/p>\n<p class=\"ai-optimize-34\">Sie schaffen gem\u00fctliche Bereiche, helfen Tieren beim Einleben und kn\u00fcpfen Kontakte zu potenziellen Tierhaltern, w\u00e4hrend Sie Ihr Schutzgebiet ausbauen. Jede Rettung schafft frisches Gl\u00fcck, neue Beziehungen und neue Motivation, weiterzumachen. Die Reise ist genauso erf\u00fcllend wie die gl\u00fccklichen Enden, die du erzeugst, mit einer Mischung aus angenehmer Umgebung, liebenswerten Gespr\u00e4chen und fesselnden Solit\u00e4rr\u00e4tseln.  <\/p>\n<p>&nbsp;<\/p>\n<p class=\"ai-optimize-35\"><strong>Merkmale<\/strong>:<\/p>\n<ul>\n<li class=\"ai-optimize-35\">Rette und pflege ungew\u00f6hnliche Kreaturen mit liebenswerten Geschichten!<\/li>\n<li class=\"ai-optimize-35\">Schaffen und personalisieren Sie ein komfortables Refugium f\u00fcr Ihre neuen Freunde!<\/li>\n<li class=\"ai-optimize-35\">Genie\u00dfen Sie beruhigenden Solitaire-Spa\u00df mit befriedigendem Fortschritt!<\/li>\n<li class=\"ai-optimize-35\">Lerne liebenswerte Menschen kennen und hilf dabei, neue Pl\u00e4tze f\u00fcr Hunde zu finden!<\/li>\n<li class=\"ai-optimize-35\">Entdecken Sie zus\u00e4tzliches Material, Sammlerst\u00fccke und viele \u00dcberraschungen!<\/li>\n<li class=\"ai-optimize-35\">Um auf ein einzigartiges Bonuskapitel zuzugreifen, beende die Hauptgeschichte!<\/li>\n<\/ul>\n","protected":false},"excerpt":{"rendered":"<p class=\"ai-optimize-38 ai-optimize-introduction\">Kommen Sie, retten Sie Tiere, k\u00fcmmern Sie sich um ungew\u00f6hnliche Haustiere und schaffen Sie mit Violet, Paul und ihrem hingebungsvollen Hund Coop ein gem\u00fctliches Refugium; Genie\u00dfe ber\u00fchrende Geschichten, liebenswerte Gespr\u00e4che und erf\u00fcllende Solit\u00e4r-Aufgaben.<\/p>\n","protected":false},"author":44,"featured_media":150055,"comment_status":"open","ping_status":"closed","template":"","meta":{"_acf_changed":false,"inline_featured_image":false},"product_brand":[],"product_cat":[157],"product_tag":[289],"class_list":{"0":"post-150170","1":"product","2":"type-product","3":"status-publish","4":"has-post-thumbnail","6":"product_cat-card-de-2","7":"product_tag-play-on-pc-de","9":"first","10":"instock","11":"shipping-taxable","12":"purchasable","13":"product-type-simple"},"acf":[],"yoast_head":"<!-- This site is optimized with the Yoast SEO Premium plugin v25.2 (Yoast SEO v25.2) - https:\/\/yoast.com\/wordpress\/plugins\/seo\/ -->\n<title>Rette niedliche Tiere und entwickle den ultimativen Unterschlupf!<\/title>\n<meta name=\"description\" content=\"Kommen Sie, retten Sie Tiere, k\u00fcmmern Sie sich um ungew\u00f6hnliche Haustiere und schaffen Sie mit Violet, Paul und ihrem hingebungsvollen Hund Coop ein gem\u00fctliches Refugium; Genie\u00dfe ber\u00fchrende Geschichten, liebenswerte Gespr\u00e4che und erf\u00fcllende Solit\u00e4r-Aufgaben.\" \/>\n<meta name=\"robots\" content=\"index, follow, max-snippet:-1, max-image-preview:large, max-video-preview:-1\" \/>\n<link rel=\"canonical\" href=\"https:\/\/www.iplay.com\/de\/games\/cliffhanger-solitaire\/\" \/>\n<meta property=\"og:locale\" content=\"de_DE\" \/>\n<meta property=\"og:type\" content=\"article\" \/>\n<meta property=\"og:title\" content=\"Cliffhanger Solitaire\" \/>\n<meta property=\"og:description\" content=\"Kommen Sie, retten Sie Tiere, k\u00fcmmern Sie sich um ungew\u00f6hnliche Haustiere und schaffen Sie mit Violet, Paul und ihrem hingebungsvollen Hund Coop ein gem\u00fctliches Refugium; Genie\u00dfe ber\u00fchrende Geschichten, liebenswerte Gespr\u00e4che und erf\u00fcllende Solit\u00e4r-Aufgaben.\" \/>\n<meta property=\"og:url\" content=\"https:\/\/www.iplay.com\/de\/games\/cliffhanger-solitaire\/\" \/>\n<meta property=\"og:site_name\" content=\"IPlay\" \/>\n<meta property=\"og:image\" content=\"https:\/\/www.iplay.com\/wp-content\/uploads\/2026\/04\/cliffhanger-solitaire_large_video_screenshot.webp\" \/>\n\t<meta property=\"og:image:width\" content=\"715\" \/>\n\t<meta property=\"og:image:height\" content=\"485\" \/>\n\t<meta property=\"og:image:type\" content=\"image\/webp\" \/>\n<meta name=\"twitter:card\" content=\"summary_large_image\" \/>\n<meta name=\"twitter:label1\" content=\"Gesch\u00e4tzte Lesezeit\" \/>\n\t<meta name=\"twitter:data1\" content=\"1 Minute\" \/>\n<script type=\"application\/ld+json\" class=\"yoast-schema-graph\">{\"@context\":\"https:\/\/schema.org\",\"@graph\":[{\"@type\":\"WebPage\",\"@id\":\"https:\/\/www.iplay.com\/de\/games\/cliffhanger-solitaire\/\",\"url\":\"https:\/\/www.iplay.com\/de\/games\/cliffhanger-solitaire\/\",\"name\":\"Rette niedliche Tiere und entwickle den ultimativen Unterschlupf!\",\"isPartOf\":{\"@id\":\"https:\/\/www.iplay.com\/en\/#website\"},\"primaryImageOfPage\":{\"@id\":\"https:\/\/www.iplay.com\/de\/games\/cliffhanger-solitaire\/#primaryimage\"},\"image\":{\"@id\":\"https:\/\/www.iplay.com\/de\/games\/cliffhanger-solitaire\/#primaryimage\"},\"thumbnailUrl\":\"https:\/\/www.iplay.com\/wp-content\/uploads\/2026\/04\/cliffhanger-solitaire_large_video_screenshot.webp\",\"datePublished\":\"2026-04-06T10:53:59+00:00\",\"description\":\"Kommen Sie, retten Sie Tiere, k\u00fcmmern Sie sich um ungew\u00f6hnliche Haustiere und schaffen Sie mit Violet, Paul und ihrem hingebungsvollen Hund Coop ein gem\u00fctliches Refugium; Genie\u00dfe ber\u00fchrende Geschichten, liebenswerte Gespr\u00e4che und erf\u00fcllende Solit\u00e4r-Aufgaben.\",\"breadcrumb\":{\"@id\":\"https:\/\/www.iplay.com\/de\/games\/cliffhanger-solitaire\/#breadcrumb\"},\"inLanguage\":\"de-DE\",\"potentialAction\":[{\"@type\":\"ReadAction\",\"target\":[\"https:\/\/www.iplay.com\/de\/games\/cliffhanger-solitaire\/\"]}]},{\"@type\":\"ImageObject\",\"inLanguage\":\"de-DE\",\"@id\":\"https:\/\/www.iplay.com\/de\/games\/cliffhanger-solitaire\/#primaryimage\",\"url\":\"https:\/\/www.iplay.com\/wp-content\/uploads\/2026\/04\/cliffhanger-solitaire_large_video_screenshot.webp\",\"contentUrl\":\"https:\/\/www.iplay.com\/wp-content\/uploads\/2026\/04\/cliffhanger-solitaire_large_video_screenshot.webp\",\"width\":715,\"height\":485},{\"@type\":\"BreadcrumbList\",\"@id\":\"https:\/\/www.iplay.com\/de\/games\/cliffhanger-solitaire\/#breadcrumb\",\"itemListElement\":[{\"@type\":\"ListItem\",\"position\":1,\"name\":\"Home\",\"item\":\"https:\/\/www.iplay.com\/de\/home-page-2\/\"},{\"@type\":\"ListItem\",\"position\":2,\"name\":\"Shop\",\"item\":\"https:\/\/www.iplay.com\/en\/shop\/\"},{\"@type\":\"ListItem\",\"position\":3,\"name\":\"Cliffhanger Solitaire\"}]},{\"@type\":\"WebSite\",\"@id\":\"https:\/\/www.iplay.com\/en\/#website\",\"url\":\"https:\/\/www.iplay.com\/en\/\",\"name\":\"IPlay\",\"description\":\"The Best Casual Games!\",\"publisher\":{\"@id\":\"https:\/\/www.iplay.com\/en\/#organization\"},\"potentialAction\":[{\"@type\":\"SearchAction\",\"target\":{\"@type\":\"EntryPoint\",\"urlTemplate\":\"https:\/\/www.iplay.com\/en\/?s={search_term_string}\"},\"query-input\":{\"@type\":\"PropertyValueSpecification\",\"valueRequired\":true,\"valueName\":\"search_term_string\"}}],\"inLanguage\":\"de-DE\"},{\"@type\":\"Organization\",\"@id\":\"https:\/\/www.iplay.com\/en\/#organization\",\"name\":\"IPlay\",\"url\":\"https:\/\/www.iplay.com\/en\/\",\"logo\":{\"@type\":\"ImageObject\",\"inLanguage\":\"de-DE\",\"@id\":\"https:\/\/www.iplay.com\/en\/#\/schema\/logo\/image\/\",\"url\":\"https:\/\/www.iplay.com\/wp-content\/uploads\/2023\/11\/Group-6100.svg\",\"contentUrl\":\"https:\/\/www.iplay.com\/wp-content\/uploads\/2023\/11\/Group-6100.svg\",\"width\":98,\"height\":25,\"caption\":\"IPlay\"},\"image\":{\"@id\":\"https:\/\/www.iplay.com\/en\/#\/schema\/logo\/image\/\"}}]}<\/script>\n<!-- \/ Yoast SEO Premium plugin. -->","yoast_head_json":{"title":"Rette niedliche Tiere und entwickle den ultimativen Unterschlupf!","description":"Kommen Sie, retten Sie Tiere, k\u00fcmmern Sie sich um ungew\u00f6hnliche Haustiere und schaffen Sie mit Violet, Paul und ihrem hingebungsvollen Hund Coop ein gem\u00fctliches Refugium; Genie\u00dfe ber\u00fchrende Geschichten, liebenswerte Gespr\u00e4che und erf\u00fcllende Solit\u00e4r-Aufgaben.","robots":{"index":"index","follow":"follow","max-snippet":"max-snippet:-1","max-image-preview":"max-image-preview:large","max-video-preview":"max-video-preview:-1"},"canonical":"https:\/\/www.iplay.com\/de\/games\/cliffhanger-solitaire\/","og_locale":"de_DE","og_type":"article","og_title":"Cliffhanger Solitaire","og_description":"Kommen Sie, retten Sie Tiere, k\u00fcmmern Sie sich um ungew\u00f6hnliche Haustiere und schaffen Sie mit Violet, Paul und ihrem hingebungsvollen Hund Coop ein gem\u00fctliches Refugium; Genie\u00dfe ber\u00fchrende Geschichten, liebenswerte Gespr\u00e4che und erf\u00fcllende Solit\u00e4r-Aufgaben.","og_url":"https:\/\/www.iplay.com\/de\/games\/cliffhanger-solitaire\/","og_site_name":"IPlay","og_image":[{"width":715,"height":485,"url":"https:\/\/www.iplay.com\/wp-content\/uploads\/2026\/04\/cliffhanger-solitaire_large_video_screenshot.webp","type":"image\/webp"}],"twitter_card":"summary_large_image","twitter_misc":{"Gesch\u00e4tzte Lesezeit":"1 Minute"},"schema":{"@context":"https:\/\/schema.org","@graph":[{"@type":"WebPage","@id":"https:\/\/www.iplay.com\/de\/games\/cliffhanger-solitaire\/","url":"https:\/\/www.iplay.com\/de\/games\/cliffhanger-solitaire\/","name":"Rette niedliche Tiere und entwickle den ultimativen Unterschlupf!","isPartOf":{"@id":"https:\/\/www.iplay.com\/en\/#website"},"primaryImageOfPage":{"@id":"https:\/\/www.iplay.com\/de\/games\/cliffhanger-solitaire\/#primaryimage"},"image":{"@id":"https:\/\/www.iplay.com\/de\/games\/cliffhanger-solitaire\/#primaryimage"},"thumbnailUrl":"https:\/\/www.iplay.com\/wp-content\/uploads\/2026\/04\/cliffhanger-solitaire_large_video_screenshot.webp","datePublished":"2026-04-06T10:53:59+00:00","description":"Kommen Sie, retten Sie Tiere, k\u00fcmmern Sie sich um ungew\u00f6hnliche Haustiere und schaffen Sie mit Violet, Paul und ihrem hingebungsvollen Hund Coop ein gem\u00fctliches Refugium; Genie\u00dfe ber\u00fchrende Geschichten, liebenswerte Gespr\u00e4che und erf\u00fcllende Solit\u00e4r-Aufgaben.","breadcrumb":{"@id":"https:\/\/www.iplay.com\/de\/games\/cliffhanger-solitaire\/#breadcrumb"},"inLanguage":"de-DE","potentialAction":[{"@type":"ReadAction","target":["https:\/\/www.iplay.com\/de\/games\/cliffhanger-solitaire\/"]}]},{"@type":"ImageObject","inLanguage":"de-DE","@id":"https:\/\/www.iplay.com\/de\/games\/cliffhanger-solitaire\/#primaryimage","url":"https:\/\/www.iplay.com\/wp-content\/uploads\/2026\/04\/cliffhanger-solitaire_large_video_screenshot.webp","contentUrl":"https:\/\/www.iplay.com\/wp-content\/uploads\/2026\/04\/cliffhanger-solitaire_large_video_screenshot.webp","width":715,"height":485},{"@type":"BreadcrumbList","@id":"https:\/\/www.iplay.com\/de\/games\/cliffhanger-solitaire\/#breadcrumb","itemListElement":[{"@type":"ListItem","position":1,"name":"Home","item":"https:\/\/www.iplay.com\/de\/home-page-2\/"},{"@type":"ListItem","position":2,"name":"Shop","item":"https:\/\/www.iplay.com\/en\/shop\/"},{"@type":"ListItem","position":3,"name":"Cliffhanger Solitaire"}]},{"@type":"WebSite","@id":"https:\/\/www.iplay.com\/en\/#website","url":"https:\/\/www.iplay.com\/en\/","name":"IPlay","description":"The Best Casual Games!","publisher":{"@id":"https:\/\/www.iplay.com\/en\/#organization"},"potentialAction":[{"@type":"SearchAction","target":{"@type":"EntryPoint","urlTemplate":"https:\/\/www.iplay.com\/en\/?s={search_term_string}"},"query-input":{"@type":"PropertyValueSpecification","valueRequired":true,"valueName":"search_term_string"}}],"inLanguage":"de-DE"},{"@type":"Organization","@id":"https:\/\/www.iplay.com\/en\/#organization","name":"IPlay","url":"https:\/\/www.iplay.com\/en\/","logo":{"@type":"ImageObject","inLanguage":"de-DE","@id":"https:\/\/www.iplay.com\/en\/#\/schema\/logo\/image\/","url":"https:\/\/www.iplay.com\/wp-content\/uploads\/2023\/11\/Group-6100.svg","contentUrl":"https:\/\/www.iplay.com\/wp-content\/uploads\/2023\/11\/Group-6100.svg","width":98,"height":25,"caption":"IPlay"},"image":{"@id":"https:\/\/www.iplay.com\/en\/#\/schema\/logo\/image\/"}}]}},"_links":{"self":[{"href":"https:\/\/www.iplay.com\/de\/wp-json\/wp\/v2\/product\/150170","targetHints":{"allow":["GET"]}}],"collection":[{"href":"https:\/\/www.iplay.com\/de\/wp-json\/wp\/v2\/product"}],"about":[{"href":"https:\/\/www.iplay.com\/de\/wp-json\/wp\/v2\/types\/product"}],"author":[{"embeddable":true,"href":"https:\/\/www.iplay.com\/de\/wp-json\/wp\/v2\/users\/44"}],"replies":[{"embeddable":true,"href":"https:\/\/www.iplay.com\/de\/wp-json\/wp\/v2\/comments?post=150170"}],"wp:featuredmedia":[{"embeddable":true,"href":"https:\/\/www.iplay.com\/de\/wp-json\/wp\/v2\/media\/150055"}],"wp:attachment":[{"href":"https:\/\/www.iplay.com\/de\/wp-json\/wp\/v2\/media?parent=150170"}],"wp:term":[{"taxonomy":"product_brand","embeddable":true,"href":"https:\/\/www.iplay.com\/de\/wp-json\/wp\/v2\/product_brand?post=150170"},{"taxonomy":"product_cat","embeddable":true,"href":"https:\/\/www.iplay.com\/de\/wp-json\/wp\/v2\/product_cat?post=150170"},{"taxonomy":"product_tag","embeddable":true,"href":"https:\/\/www.iplay.com\/de\/wp-json\/wp\/v2\/product_tag?post=150170"}],"curies":[{"name":"wp","href":"https:\/\/api.w.org\/{rel}","templated":true}]}}