{"id":145895,"date":"2025-11-07T18:07:55","date_gmt":"2025-11-07T18:07:55","guid":{"rendered":"https:\/\/www.iplay.com\/games\/paint-by-words\/"},"modified":"2025-11-07T18:15:40","modified_gmt":"2025-11-07T18:15:40","slug":"paint-by-words","status":"publish","type":"product","link":"https:\/\/www.iplay.com\/de\/games\/paint-by-words\/","title":{"rendered":"Paint By Words"},"content":{"rendered":"<p class=\"ai-optimize-25 ai-optimize-introduction\">Erlebe die perfekte Verschmelzung der klassischen Herausforderungen von Galgenm\u00e4nnchen und Kreuzwortr\u00e4tsel, kombiniert mit dem fantasievollen Flair der Pixelkunst, alles in Malen nach Worten. Jedes R\u00e4tsel, das du meisterst, erweckt einen Abschnitt eines umfangreichen 8-Bit-Meisterwerks zum Leben und verwandelt monochrome Raster Wort f\u00fcr Wort in lebendige Charaktere. <\/p>\n<p class=\"ai-optimize-26\">Erlebe den Nervenkitzel von 117 akribisch gestalteten Puzzle-Zonen in acht atemberaubenden Pixelportr\u00e4ts. Fordere deinen Wortschatz, deine Logik und deine F\u00e4higkeiten zur Mustererkennung heraus, w\u00e4hrend du mitlebst, wie sich dein Meisterwerk vor deinen Augen entfaltet. Begeben Sie sich auf eine aufregende Reise durch eine Welt voller Wortherausforderungen, in der jede Themenregion die Spannung steigert und Ihren Verstand sch\u00e4rft. Im Laufe des Spiels wird der Nervenkitzel intensiver und sorgt daf\u00fcr, dass Ihr Gehirn besch\u00e4ftigt bleibt und Ihr Bildschirm mit lebendigen Bildern funkelt.   <\/p>\n<p>&nbsp;<\/p>\n<p class=\"ai-optimize-27\"><strong>Funktionen<\/strong><\/p>\n<ul>\n<li class=\"ai-optimize-27\">Aufregende allgemeine und thematische Wortherausforderungen, die daf\u00fcr sorgen, dass das Gameplay lebendig und fesselnd bleibt!<\/li>\n<li class=\"ai-optimize-27\">Erlebe eine allm\u00e4hliche Herausforderung, die deine F\u00e4higkeiten zum L\u00f6sen von R\u00e4tseln verbessert!<\/li>\n<li class=\"ai-optimize-27\">Genie\u00dfen Sie die Freiheit der Steuerung mit Ihrer Maus oder Tastatur!<\/li>\n<li class=\"ai-optimize-27\">Genie\u00dfe ein vereinfachtes Erlebnis, das sich perfekt f\u00fcr j\u00fcngere Spieler oder diejenigen eignet, die ein entspanntes Abenteuer suchen!<\/li>\n<li class=\"ai-optimize-27\">Erlebe den nostalgischen Charme des klassischen 8-Bit-Retro-Stils mit lebendiger Pixelgrafik!<\/li>\n<\/ul>\n<p>&nbsp;<\/p>\n<p class=\"ai-optimize-32\">Dieses Spiel ist ideal f\u00fcr Kinder und Erwachsene und bietet einen einfachen Modus, eine benutzerfreundliche Steuerung und eine charmante Retro-Atmosph\u00e4re, die jedes R\u00e4tsel in eine reizvolle Reise in die Vergangenheit verwandelt.<\/p>\n","protected":false},"excerpt":{"rendered":"<p class=\"ai-optimize-introduction\">Entdecke eine unglaubliche Auswahl an 117 sorgf\u00e4ltig gestalteten Puzzle-Regionen mit 8 einzigartigen Pixel-Art-Charakteren!<\/p>\n","protected":false},"author":45,"featured_media":145885,"comment_status":"open","ping_status":"closed","template":"","meta":{"_acf_changed":false,"inline_featured_image":false},"product_brand":[],"product_cat":[185,194],"product_tag":[289],"class_list":{"0":"post-145895","1":"product","2":"type-product","3":"status-publish","4":"has-post-thumbnail","6":"product_cat-paint-by-numbers-series-de","7":"product_cat-puzzle-de","8":"product_tag-play-on-pc-de","10":"first","11":"instock","12":"shipping-taxable","13":"purchasable","14":"product-type-simple"},"acf":[],"yoast_head":"<!-- This site is optimized with the Yoast SEO Premium plugin v25.2 (Yoast SEO v25.2) - https:\/\/yoast.com\/wordpress\/plugins\/seo\/ -->\n<title>Entdecke atemberaubende Pixelkunst, indem du fesselnde Wortr\u00e4tsel l\u00f6st!<\/title>\n<meta name=\"description\" content=\"Entdecke eine unglaubliche Auswahl an 117 sorgf\u00e4ltig gestalteten Puzzle-Regionen mit 8 einzigartigen Pixel-Art-Charakteren!\" \/>\n<meta name=\"robots\" content=\"index, follow, max-snippet:-1, max-image-preview:large, max-video-preview:-1\" \/>\n<link rel=\"canonical\" href=\"https:\/\/www.iplay.com\/de\/games\/paint-by-words\/\" \/>\n<meta property=\"og:locale\" content=\"de_DE\" \/>\n<meta property=\"og:type\" content=\"article\" \/>\n<meta property=\"og:title\" content=\"Paint By Words\" \/>\n<meta property=\"og:description\" content=\"Entdecke eine unglaubliche Auswahl an 117 sorgf\u00e4ltig gestalteten Puzzle-Regionen mit 8 einzigartigen Pixel-Art-Charakteren!\" \/>\n<meta property=\"og:url\" content=\"https:\/\/www.iplay.com\/de\/games\/paint-by-words\/\" \/>\n<meta property=\"og:site_name\" content=\"IPlay\" \/>\n<meta property=\"article:modified_time\" content=\"2025-11-07T18:15:40+00:00\" \/>\n<meta property=\"og:image\" content=\"https:\/\/www.iplay.com\/wp-content\/uploads\/2025\/11\/paint_by_words_large_square_tile_image.webp\" \/>\n\t<meta property=\"og:image:width\" content=\"310\" \/>\n\t<meta property=\"og:image:height\" content=\"310\" \/>\n\t<meta property=\"og:image:type\" content=\"image\/webp\" \/>\n<meta name=\"twitter:card\" content=\"summary_large_image\" \/>\n<meta name=\"twitter:label1\" content=\"Gesch\u00e4tzte Lesezeit\" \/>\n\t<meta name=\"twitter:data1\" content=\"1 Minute\" \/>\n<script type=\"application\/ld+json\" class=\"yoast-schema-graph\">{\"@context\":\"https:\/\/schema.org\",\"@graph\":[{\"@type\":\"WebPage\",\"@id\":\"https:\/\/www.iplay.com\/de\/games\/paint-by-words\/\",\"url\":\"https:\/\/www.iplay.com\/de\/games\/paint-by-words\/\",\"name\":\"Entdecke atemberaubende Pixelkunst, indem du fesselnde Wortr\u00e4tsel l\u00f6st!\",\"isPartOf\":{\"@id\":\"https:\/\/www.iplay.com\/en\/#website\"},\"primaryImageOfPage\":{\"@id\":\"https:\/\/www.iplay.com\/de\/games\/paint-by-words\/#primaryimage\"},\"image\":{\"@id\":\"https:\/\/www.iplay.com\/de\/games\/paint-by-words\/#primaryimage\"},\"thumbnailUrl\":\"https:\/\/www.iplay.com\/wp-content\/uploads\/2025\/11\/paint_by_words_large_square_tile_image.webp\",\"datePublished\":\"2025-11-07T18:07:55+00:00\",\"dateModified\":\"2025-11-07T18:15:40+00:00\",\"description\":\"Entdecke eine unglaubliche Auswahl an 117 sorgf\u00e4ltig gestalteten Puzzle-Regionen mit 8 einzigartigen Pixel-Art-Charakteren!\",\"breadcrumb\":{\"@id\":\"https:\/\/www.iplay.com\/de\/games\/paint-by-words\/#breadcrumb\"},\"inLanguage\":\"de-DE\",\"potentialAction\":[{\"@type\":\"ReadAction\",\"target\":[\"https:\/\/www.iplay.com\/de\/games\/paint-by-words\/\"]}]},{\"@type\":\"ImageObject\",\"inLanguage\":\"de-DE\",\"@id\":\"https:\/\/www.iplay.com\/de\/games\/paint-by-words\/#primaryimage\",\"url\":\"https:\/\/www.iplay.com\/wp-content\/uploads\/2025\/11\/paint_by_words_large_square_tile_image.webp\",\"contentUrl\":\"https:\/\/www.iplay.com\/wp-content\/uploads\/2025\/11\/paint_by_words_large_square_tile_image.webp\",\"width\":310,\"height\":310},{\"@type\":\"BreadcrumbList\",\"@id\":\"https:\/\/www.iplay.com\/de\/games\/paint-by-words\/#breadcrumb\",\"itemListElement\":[{\"@type\":\"ListItem\",\"position\":1,\"name\":\"Home\",\"item\":\"https:\/\/www.iplay.com\/de\/home-page-2\/\"},{\"@type\":\"ListItem\",\"position\":2,\"name\":\"Shop\",\"item\":\"https:\/\/www.iplay.com\/en\/shop\/\"},{\"@type\":\"ListItem\",\"position\":3,\"name\":\"Paint By Words\"}]},{\"@type\":\"WebSite\",\"@id\":\"https:\/\/www.iplay.com\/en\/#website\",\"url\":\"https:\/\/www.iplay.com\/en\/\",\"name\":\"IPlay\",\"description\":\"The Best Casual Games!\",\"publisher\":{\"@id\":\"https:\/\/www.iplay.com\/en\/#organization\"},\"potentialAction\":[{\"@type\":\"SearchAction\",\"target\":{\"@type\":\"EntryPoint\",\"urlTemplate\":\"https:\/\/www.iplay.com\/en\/?s={search_term_string}\"},\"query-input\":{\"@type\":\"PropertyValueSpecification\",\"valueRequired\":true,\"valueName\":\"search_term_string\"}}],\"inLanguage\":\"de-DE\"},{\"@type\":\"Organization\",\"@id\":\"https:\/\/www.iplay.com\/en\/#organization\",\"name\":\"IPlay\",\"url\":\"https:\/\/www.iplay.com\/en\/\",\"logo\":{\"@type\":\"ImageObject\",\"inLanguage\":\"de-DE\",\"@id\":\"https:\/\/www.iplay.com\/en\/#\/schema\/logo\/image\/\",\"url\":\"https:\/\/www.iplay.com\/wp-content\/uploads\/2023\/11\/Group-6100.svg\",\"contentUrl\":\"https:\/\/www.iplay.com\/wp-content\/uploads\/2023\/11\/Group-6100.svg\",\"width\":98,\"height\":25,\"caption\":\"IPlay\"},\"image\":{\"@id\":\"https:\/\/www.iplay.com\/en\/#\/schema\/logo\/image\/\"}}]}<\/script>\n<!-- \/ Yoast SEO Premium plugin. -->","yoast_head_json":{"title":"Entdecke atemberaubende Pixelkunst, indem du fesselnde Wortr\u00e4tsel l\u00f6st!","description":"Entdecke eine unglaubliche Auswahl an 117 sorgf\u00e4ltig gestalteten Puzzle-Regionen mit 8 einzigartigen Pixel-Art-Charakteren!","robots":{"index":"index","follow":"follow","max-snippet":"max-snippet:-1","max-image-preview":"max-image-preview:large","max-video-preview":"max-video-preview:-1"},"canonical":"https:\/\/www.iplay.com\/de\/games\/paint-by-words\/","og_locale":"de_DE","og_type":"article","og_title":"Paint By Words","og_description":"Entdecke eine unglaubliche Auswahl an 117 sorgf\u00e4ltig gestalteten Puzzle-Regionen mit 8 einzigartigen Pixel-Art-Charakteren!","og_url":"https:\/\/www.iplay.com\/de\/games\/paint-by-words\/","og_site_name":"IPlay","article_modified_time":"2025-11-07T18:15:40+00:00","og_image":[{"width":310,"height":310,"url":"https:\/\/www.iplay.com\/wp-content\/uploads\/2025\/11\/paint_by_words_large_square_tile_image.webp","type":"image\/webp"}],"twitter_card":"summary_large_image","twitter_misc":{"Gesch\u00e4tzte Lesezeit":"1 Minute"},"schema":{"@context":"https:\/\/schema.org","@graph":[{"@type":"WebPage","@id":"https:\/\/www.iplay.com\/de\/games\/paint-by-words\/","url":"https:\/\/www.iplay.com\/de\/games\/paint-by-words\/","name":"Entdecke atemberaubende Pixelkunst, indem du fesselnde Wortr\u00e4tsel l\u00f6st!","isPartOf":{"@id":"https:\/\/www.iplay.com\/en\/#website"},"primaryImageOfPage":{"@id":"https:\/\/www.iplay.com\/de\/games\/paint-by-words\/#primaryimage"},"image":{"@id":"https:\/\/www.iplay.com\/de\/games\/paint-by-words\/#primaryimage"},"thumbnailUrl":"https:\/\/www.iplay.com\/wp-content\/uploads\/2025\/11\/paint_by_words_large_square_tile_image.webp","datePublished":"2025-11-07T18:07:55+00:00","dateModified":"2025-11-07T18:15:40+00:00","description":"Entdecke eine unglaubliche Auswahl an 117 sorgf\u00e4ltig gestalteten Puzzle-Regionen mit 8 einzigartigen Pixel-Art-Charakteren!","breadcrumb":{"@id":"https:\/\/www.iplay.com\/de\/games\/paint-by-words\/#breadcrumb"},"inLanguage":"de-DE","potentialAction":[{"@type":"ReadAction","target":["https:\/\/www.iplay.com\/de\/games\/paint-by-words\/"]}]},{"@type":"ImageObject","inLanguage":"de-DE","@id":"https:\/\/www.iplay.com\/de\/games\/paint-by-words\/#primaryimage","url":"https:\/\/www.iplay.com\/wp-content\/uploads\/2025\/11\/paint_by_words_large_square_tile_image.webp","contentUrl":"https:\/\/www.iplay.com\/wp-content\/uploads\/2025\/11\/paint_by_words_large_square_tile_image.webp","width":310,"height":310},{"@type":"BreadcrumbList","@id":"https:\/\/www.iplay.com\/de\/games\/paint-by-words\/#breadcrumb","itemListElement":[{"@type":"ListItem","position":1,"name":"Home","item":"https:\/\/www.iplay.com\/de\/home-page-2\/"},{"@type":"ListItem","position":2,"name":"Shop","item":"https:\/\/www.iplay.com\/en\/shop\/"},{"@type":"ListItem","position":3,"name":"Paint By Words"}]},{"@type":"WebSite","@id":"https:\/\/www.iplay.com\/en\/#website","url":"https:\/\/www.iplay.com\/en\/","name":"IPlay","description":"The Best Casual Games!","publisher":{"@id":"https:\/\/www.iplay.com\/en\/#organization"},"potentialAction":[{"@type":"SearchAction","target":{"@type":"EntryPoint","urlTemplate":"https:\/\/www.iplay.com\/en\/?s={search_term_string}"},"query-input":{"@type":"PropertyValueSpecification","valueRequired":true,"valueName":"search_term_string"}}],"inLanguage":"de-DE"},{"@type":"Organization","@id":"https:\/\/www.iplay.com\/en\/#organization","name":"IPlay","url":"https:\/\/www.iplay.com\/en\/","logo":{"@type":"ImageObject","inLanguage":"de-DE","@id":"https:\/\/www.iplay.com\/en\/#\/schema\/logo\/image\/","url":"https:\/\/www.iplay.com\/wp-content\/uploads\/2023\/11\/Group-6100.svg","contentUrl":"https:\/\/www.iplay.com\/wp-content\/uploads\/2023\/11\/Group-6100.svg","width":98,"height":25,"caption":"IPlay"},"image":{"@id":"https:\/\/www.iplay.com\/en\/#\/schema\/logo\/image\/"}}]}},"_links":{"self":[{"href":"https:\/\/www.iplay.com\/de\/wp-json\/wp\/v2\/product\/145895","targetHints":{"allow":["GET"]}}],"collection":[{"href":"https:\/\/www.iplay.com\/de\/wp-json\/wp\/v2\/product"}],"about":[{"href":"https:\/\/www.iplay.com\/de\/wp-json\/wp\/v2\/types\/product"}],"author":[{"embeddable":true,"href":"https:\/\/www.iplay.com\/de\/wp-json\/wp\/v2\/users\/45"}],"replies":[{"embeddable":true,"href":"https:\/\/www.iplay.com\/de\/wp-json\/wp\/v2\/comments?post=145895"}],"wp:featuredmedia":[{"embeddable":true,"href":"https:\/\/www.iplay.com\/de\/wp-json\/wp\/v2\/media\/145885"}],"wp:attachment":[{"href":"https:\/\/www.iplay.com\/de\/wp-json\/wp\/v2\/media?parent=145895"}],"wp:term":[{"taxonomy":"product_brand","embeddable":true,"href":"https:\/\/www.iplay.com\/de\/wp-json\/wp\/v2\/product_brand?post=145895"},{"taxonomy":"product_cat","embeddable":true,"href":"https:\/\/www.iplay.com\/de\/wp-json\/wp\/v2\/product_cat?post=145895"},{"taxonomy":"product_tag","embeddable":true,"href":"https:\/\/www.iplay.com\/de\/wp-json\/wp\/v2\/product_tag?post=145895"}],"curies":[{"name":"wp","href":"https:\/\/api.w.org\/{rel}","templated":true}]}}