{"id":145654,"date":"2017-04-16T00:00:01","date_gmt":"2017-04-16T00:00:01","guid":{"rendered":"https:\/\/www.iplay.com\/games\/fantasy-mosaics-super-pack-volume-3\/"},"modified":"2017-04-16T00:00:01","modified_gmt":"2017-04-16T00:00:01","slug":"fantasy-mosaics-super-pack-volume-3","status":"publish","type":"product","link":"https:\/\/www.iplay.com\/de\/games\/fantasy-mosaics-super-pack-volume-3\/","title":{"rendered":"Fantasy Mosaics Super Pack &#8211; Volume 3"},"content":{"rendered":"<p>Reisen Sie mit der Pinguinfamilie und erkunden Sie ferne Galaxien und atemberaubende Planeten. Dieses Super Pack enth\u00e4lt sechs spannende Fantasy Mosaics-Spiele, wie z. B. Fantasy Mosaics 13: Unexpected Visitor, in dem die Pinguinfamilie auf einen Besuch wartet. Aaron, ihr Gro\u00dfonkel, kommt vorbei, um sich das Haus anzusehen und ein paar Weisheiten zu vermitteln! Hilf den Pinguinen dabei, diese lebendige neue Serie von Mosaikpuzzles fertigzustellen und ihr Zuhause f\u00fcr Onkel Aaron einzurichten! Genie\u00dfe deinen Aufenthalt im Haus des Pinguins und mach dich bereit, Onkel Aaron zu treffen, der gerne schwierige R\u00e4tsel mit Zahlen l\u00f6st! Wir haben vor kurzem die vierte Farbe f\u00fcr unsere Mosaik-Puzzles gelernt!     <\/p>\n<p><strong><br \/>\nFantasy Mosaics 14: Die vierte Farbe<\/strong> Au\u00dferdem wurde eine frische Farbpalette eingef\u00fchrt, die entlang der Route ausgew\u00e4hlt werden kann! Es liegt nun an dir, die bunten R\u00e4tsel zu l\u00f6sen und die neuen Pinguinbewohner kennenzulernen. Bereite dich auf brandneue Belohnungen vor, die am Ende jedes Levels vergeben werden: Sterne und Pokale!  <\/p>\n<p>&nbsp;<\/p>\n<p><strong>Fantasy Mosaics 15: Antikes Land<\/strong><br \/>\nBegeben Sie sich mit der Pinguinfamilie auf die Erkundung eines uralten Landes und l\u00fcften Sie die Geheimnisse ihrer Vorfahren! Erfreuen Sie sich an dieser neuen Reihe farbenfroher Mosaik-Puzzles, w\u00e4hrend Sie die antike Welt erkunden. Bereiten Sie sich auf spannende R\u00e4tselaufgaben vor und fordern Sie sich heraus, um die Preise f\u00fcr die besten Erfolge zu gewinnen! Es warten Entdeckungen neuer Kunstbilder, die sich in der Logik der Zahlen verbergen!   <\/p>\n<p>&nbsp;<\/p>\n<p>Die Pinguinfamilie begibt sich dieses Mal in <strong> Fantasy Mosaics 16: Six Colors in Wonderland<\/strong> auf eine Reise in das bunte Wunderland! Sie werden auf eine brandneue Auswahl an Mosaik-Puzzles sto\u00dfen, die bis zu sechs Farben enthalten! Diese Erfindung bietet Ihnen viele Stunden Spa\u00df und bietet eine ganz neue Herausforderung. Die Pinguinfamilie freut sich, dass Sie diese neue Herausforderung annehmen und es genie\u00dfen werden, versteckte mehrfarbige Bilder zu finden, w\u00e4hrend Sie eine atemberaubende Landschaft des Wunderlandes erschaffen.  <\/p>\n<p>&nbsp;<\/p>\n<p><strong>Fantasy Mosaics 17: Neue Palette<\/strong><br \/>\nDie Pinguinfamilie wartet darauf, dass Sie es annehmen! W\u00e4hrend sie die fremde Welt erkunden und eine atemberaubende Umgebung erschaffen, freuen sie sich, auf einem exotischen Planeten eine mysteri\u00f6se Pinguindame zu treffen, die ihnen hilft, ihre Fantasie f\u00fcr eine gro\u00dfe Vielfalt an Farben zu \u00f6ffnen! Erkunden Sie die neue Galerie der Pixel-Art-Bilder, indem Sie der Logik der Zahlen mit den Pinguinen folgen!  <\/p>\n<p>&nbsp;<\/p>\n<p><strong>Fantasy Mosaics 18: Entdecke neue Farben<\/strong><br \/>\nOnkel Aaron macht Urlaub mit der r\u00e4tselhaften Pinguindame, um neue Farben f\u00fcr Mosaik-Puzzles zu entdecken! Sie finden Neues und erschaffen dabei eine fantastische Landschaft! Genie\u00dfe diesen neuen Teil der Fantasy Mosaics-Serie, mit dem du die Hintergrundgrafiken erkunden kannst, w\u00e4hrend du ein R\u00e4tsel l\u00f6st! Begleite die Pinguin-Familie auf eine aufregende Reise voller brandneuer, herausfordernder R\u00e4tsel!   <\/p>\n<p>&nbsp;<\/p>\n<p><strong>Achtung: Du k\u00f6nntest dich wieder in Fantasy-Mosaike verlieben! Attraktivit\u00e4t:  <\/strong><\/p>\n","protected":false},"excerpt":{"rendered":"<p>Der Traum eines jeden Liebhabers von Fantasy-Mosaiken wird wahr!<\/p>\n","protected":false},"author":43,"featured_media":107827,"comment_status":"open","ping_status":"closed","template":"","meta":{"_acf_changed":false,"inline_featured_image":false},"product_brand":[],"product_cat":[194],"product_tag":[],"class_list":{"0":"post-145654","1":"product","2":"type-product","3":"status-publish","4":"has-post-thumbnail","6":"product_cat-puzzle-de","8":"first","9":"instock","10":"shipping-taxable","11":"purchasable","12":"product-type-simple"},"acf":[],"yoast_head":"<!-- This site is optimized with the Yoast SEO Premium plugin v25.2 (Yoast SEO v25.2) - https:\/\/yoast.com\/wordpress\/plugins\/seo\/ -->\n<title>Fantasy Mosaics Super Pack - Volume 3 - Ein Muss f\u00fcr alle Fantasy Mosaics Fans<\/title>\n<meta name=\"robots\" content=\"index, follow, max-snippet:-1, max-image-preview:large, max-video-preview:-1\" \/>\n<link rel=\"canonical\" href=\"https:\/\/www.iplay.com\/de\/games\/fantasy-mosaics-super-pack-volume-3\/\" \/>\n<meta property=\"og:locale\" content=\"de_DE\" \/>\n<meta property=\"og:type\" content=\"article\" \/>\n<meta property=\"og:title\" content=\"Fantasy Mosaics Super Pack - Volume 3\" \/>\n<meta property=\"og:url\" content=\"https:\/\/www.iplay.com\/de\/games\/fantasy-mosaics-super-pack-volume-3\/\" \/>\n<meta property=\"og:site_name\" content=\"IPlay\" \/>\n<meta property=\"og:image\" content=\"https:\/\/www.iplay.com\/wp-content\/uploads\/2023\/12\/large_square_tile_image-4260.jpg\" \/>\n\t<meta property=\"og:image:width\" content=\"310\" \/>\n\t<meta property=\"og:image:height\" content=\"310\" \/>\n\t<meta property=\"og:image:type\" content=\"image\/jpeg\" \/>\n<meta name=\"twitter:card\" content=\"summary_large_image\" \/>\n<meta name=\"twitter:label1\" content=\"Gesch\u00e4tzte Lesezeit\" \/>\n\t<meta name=\"twitter:data1\" content=\"2 Minuten\" \/>\n<script type=\"application\/ld+json\" class=\"yoast-schema-graph\">{\"@context\":\"https:\/\/schema.org\",\"@graph\":[{\"@type\":\"WebPage\",\"@id\":\"https:\/\/www.iplay.com\/de\/games\/fantasy-mosaics-super-pack-volume-3\/\",\"url\":\"https:\/\/www.iplay.com\/de\/games\/fantasy-mosaics-super-pack-volume-3\/\",\"name\":\"Fantasy Mosaics Super Pack - Volume 3 - Ein Muss f\u00fcr alle Fantasy Mosaics Fans\",\"isPartOf\":{\"@id\":\"https:\/\/www.iplay.com\/en\/#website\"},\"primaryImageOfPage\":{\"@id\":\"https:\/\/www.iplay.com\/de\/games\/fantasy-mosaics-super-pack-volume-3\/#primaryimage\"},\"image\":{\"@id\":\"https:\/\/www.iplay.com\/de\/games\/fantasy-mosaics-super-pack-volume-3\/#primaryimage\"},\"thumbnailUrl\":\"https:\/\/www.iplay.com\/wp-content\/uploads\/2023\/12\/large_square_tile_image-4260.jpg\",\"datePublished\":\"2017-04-16T00:00:01+00:00\",\"breadcrumb\":{\"@id\":\"https:\/\/www.iplay.com\/de\/games\/fantasy-mosaics-super-pack-volume-3\/#breadcrumb\"},\"inLanguage\":\"de-DE\",\"potentialAction\":[{\"@type\":\"ReadAction\",\"target\":[\"https:\/\/www.iplay.com\/de\/games\/fantasy-mosaics-super-pack-volume-3\/\"]}]},{\"@type\":\"ImageObject\",\"inLanguage\":\"de-DE\",\"@id\":\"https:\/\/www.iplay.com\/de\/games\/fantasy-mosaics-super-pack-volume-3\/#primaryimage\",\"url\":\"https:\/\/www.iplay.com\/wp-content\/uploads\/2023\/12\/large_square_tile_image-4260.jpg\",\"contentUrl\":\"https:\/\/www.iplay.com\/wp-content\/uploads\/2023\/12\/large_square_tile_image-4260.jpg\",\"width\":310,\"height\":310},{\"@type\":\"BreadcrumbList\",\"@id\":\"https:\/\/www.iplay.com\/de\/games\/fantasy-mosaics-super-pack-volume-3\/#breadcrumb\",\"itemListElement\":[{\"@type\":\"ListItem\",\"position\":1,\"name\":\"Home\",\"item\":\"https:\/\/www.iplay.com\/de\/home-page-2\/\"},{\"@type\":\"ListItem\",\"position\":2,\"name\":\"Shop\",\"item\":\"https:\/\/www.iplay.com\/en\/shop\/\"},{\"@type\":\"ListItem\",\"position\":3,\"name\":\"Fantasy Mosaics Super Pack &#8211; Volume 3\"}]},{\"@type\":\"WebSite\",\"@id\":\"https:\/\/www.iplay.com\/en\/#website\",\"url\":\"https:\/\/www.iplay.com\/en\/\",\"name\":\"IPlay\",\"description\":\"The Best Casual Games!\",\"publisher\":{\"@id\":\"https:\/\/www.iplay.com\/en\/#organization\"},\"potentialAction\":[{\"@type\":\"SearchAction\",\"target\":{\"@type\":\"EntryPoint\",\"urlTemplate\":\"https:\/\/www.iplay.com\/en\/?s={search_term_string}\"},\"query-input\":{\"@type\":\"PropertyValueSpecification\",\"valueRequired\":true,\"valueName\":\"search_term_string\"}}],\"inLanguage\":\"de-DE\"},{\"@type\":\"Organization\",\"@id\":\"https:\/\/www.iplay.com\/en\/#organization\",\"name\":\"IPlay\",\"url\":\"https:\/\/www.iplay.com\/en\/\",\"logo\":{\"@type\":\"ImageObject\",\"inLanguage\":\"de-DE\",\"@id\":\"https:\/\/www.iplay.com\/en\/#\/schema\/logo\/image\/\",\"url\":\"https:\/\/www.iplay.com\/wp-content\/uploads\/2023\/11\/Group-6100.svg\",\"contentUrl\":\"https:\/\/www.iplay.com\/wp-content\/uploads\/2023\/11\/Group-6100.svg\",\"width\":98,\"height\":25,\"caption\":\"IPlay\"},\"image\":{\"@id\":\"https:\/\/www.iplay.com\/en\/#\/schema\/logo\/image\/\"}}]}<\/script>\n<!-- \/ Yoast SEO Premium plugin. -->","yoast_head_json":{"title":"Fantasy Mosaics Super Pack - Volume 3 - Ein Muss f\u00fcr alle Fantasy Mosaics Fans","robots":{"index":"index","follow":"follow","max-snippet":"max-snippet:-1","max-image-preview":"max-image-preview:large","max-video-preview":"max-video-preview:-1"},"canonical":"https:\/\/www.iplay.com\/de\/games\/fantasy-mosaics-super-pack-volume-3\/","og_locale":"de_DE","og_type":"article","og_title":"Fantasy Mosaics Super Pack - Volume 3","og_url":"https:\/\/www.iplay.com\/de\/games\/fantasy-mosaics-super-pack-volume-3\/","og_site_name":"IPlay","og_image":[{"width":310,"height":310,"url":"https:\/\/www.iplay.com\/wp-content\/uploads\/2023\/12\/large_square_tile_image-4260.jpg","type":"image\/jpeg"}],"twitter_card":"summary_large_image","twitter_misc":{"Gesch\u00e4tzte Lesezeit":"2 Minuten"},"schema":{"@context":"https:\/\/schema.org","@graph":[{"@type":"WebPage","@id":"https:\/\/www.iplay.com\/de\/games\/fantasy-mosaics-super-pack-volume-3\/","url":"https:\/\/www.iplay.com\/de\/games\/fantasy-mosaics-super-pack-volume-3\/","name":"Fantasy Mosaics Super Pack - Volume 3 - Ein Muss f\u00fcr alle Fantasy Mosaics Fans","isPartOf":{"@id":"https:\/\/www.iplay.com\/en\/#website"},"primaryImageOfPage":{"@id":"https:\/\/www.iplay.com\/de\/games\/fantasy-mosaics-super-pack-volume-3\/#primaryimage"},"image":{"@id":"https:\/\/www.iplay.com\/de\/games\/fantasy-mosaics-super-pack-volume-3\/#primaryimage"},"thumbnailUrl":"https:\/\/www.iplay.com\/wp-content\/uploads\/2023\/12\/large_square_tile_image-4260.jpg","datePublished":"2017-04-16T00:00:01+00:00","breadcrumb":{"@id":"https:\/\/www.iplay.com\/de\/games\/fantasy-mosaics-super-pack-volume-3\/#breadcrumb"},"inLanguage":"de-DE","potentialAction":[{"@type":"ReadAction","target":["https:\/\/www.iplay.com\/de\/games\/fantasy-mosaics-super-pack-volume-3\/"]}]},{"@type":"ImageObject","inLanguage":"de-DE","@id":"https:\/\/www.iplay.com\/de\/games\/fantasy-mosaics-super-pack-volume-3\/#primaryimage","url":"https:\/\/www.iplay.com\/wp-content\/uploads\/2023\/12\/large_square_tile_image-4260.jpg","contentUrl":"https:\/\/www.iplay.com\/wp-content\/uploads\/2023\/12\/large_square_tile_image-4260.jpg","width":310,"height":310},{"@type":"BreadcrumbList","@id":"https:\/\/www.iplay.com\/de\/games\/fantasy-mosaics-super-pack-volume-3\/#breadcrumb","itemListElement":[{"@type":"ListItem","position":1,"name":"Home","item":"https:\/\/www.iplay.com\/de\/home-page-2\/"},{"@type":"ListItem","position":2,"name":"Shop","item":"https:\/\/www.iplay.com\/en\/shop\/"},{"@type":"ListItem","position":3,"name":"Fantasy Mosaics Super Pack &#8211; Volume 3"}]},{"@type":"WebSite","@id":"https:\/\/www.iplay.com\/en\/#website","url":"https:\/\/www.iplay.com\/en\/","name":"IPlay","description":"The Best Casual Games!","publisher":{"@id":"https:\/\/www.iplay.com\/en\/#organization"},"potentialAction":[{"@type":"SearchAction","target":{"@type":"EntryPoint","urlTemplate":"https:\/\/www.iplay.com\/en\/?s={search_term_string}"},"query-input":{"@type":"PropertyValueSpecification","valueRequired":true,"valueName":"search_term_string"}}],"inLanguage":"de-DE"},{"@type":"Organization","@id":"https:\/\/www.iplay.com\/en\/#organization","name":"IPlay","url":"https:\/\/www.iplay.com\/en\/","logo":{"@type":"ImageObject","inLanguage":"de-DE","@id":"https:\/\/www.iplay.com\/en\/#\/schema\/logo\/image\/","url":"https:\/\/www.iplay.com\/wp-content\/uploads\/2023\/11\/Group-6100.svg","contentUrl":"https:\/\/www.iplay.com\/wp-content\/uploads\/2023\/11\/Group-6100.svg","width":98,"height":25,"caption":"IPlay"},"image":{"@id":"https:\/\/www.iplay.com\/en\/#\/schema\/logo\/image\/"}}]}},"_links":{"self":[{"href":"https:\/\/www.iplay.com\/de\/wp-json\/wp\/v2\/product\/145654","targetHints":{"allow":["GET"]}}],"collection":[{"href":"https:\/\/www.iplay.com\/de\/wp-json\/wp\/v2\/product"}],"about":[{"href":"https:\/\/www.iplay.com\/de\/wp-json\/wp\/v2\/types\/product"}],"author":[{"embeddable":true,"href":"https:\/\/www.iplay.com\/de\/wp-json\/wp\/v2\/users\/43"}],"replies":[{"embeddable":true,"href":"https:\/\/www.iplay.com\/de\/wp-json\/wp\/v2\/comments?post=145654"}],"wp:featuredmedia":[{"embeddable":true,"href":"https:\/\/www.iplay.com\/de\/wp-json\/wp\/v2\/media\/107827"}],"wp:attachment":[{"href":"https:\/\/www.iplay.com\/de\/wp-json\/wp\/v2\/media?parent=145654"}],"wp:term":[{"taxonomy":"product_brand","embeddable":true,"href":"https:\/\/www.iplay.com\/de\/wp-json\/wp\/v2\/product_brand?post=145654"},{"taxonomy":"product_cat","embeddable":true,"href":"https:\/\/www.iplay.com\/de\/wp-json\/wp\/v2\/product_cat?post=145654"},{"taxonomy":"product_tag","embeddable":true,"href":"https:\/\/www.iplay.com\/de\/wp-json\/wp\/v2\/product_tag?post=145654"}],"curies":[{"name":"wp","href":"https:\/\/api.w.org\/{rel}","templated":true}]}}