{"id":145636,"date":"2017-05-03T00:00:00","date_gmt":"2017-05-03T00:00:00","guid":{"rendered":"https:\/\/www.iplay.com\/games\/dragonscales-3-eternal-prophecy-of-darkness\/"},"modified":"2017-05-03T00:00:00","modified_gmt":"2017-05-03T00:00:00","slug":"dragonscales-3-eternal-prophecy-of-darkness","status":"publish","type":"product","link":"https:\/\/www.iplay.com\/de\/games\/dragonscales-3-eternal-prophecy-of-darkness\/","title":{"rendered":"DragonScales 3: Eternal Prophecy of Darkness"},"content":{"rendered":"<p>Eine unheimliche Magie hat die Karawane der Zauberer dezimiert. Du bist der einzige Zauberer, der es lebend herausgeschafft hat! Ihr m\u00fcsst nun durch eine Welt gehen, in der die Anh\u00e4nger einer bedrohlichen Prophezeiung drohen, das Schwerkraftk\u00f6nigreich und den gesamten Planeten durch einen Ritus zu zerst\u00f6ren, der v\u00f6llige Dunkelheit erfordert. Deine F\u00e4higkeit, klar zu denken, ist deine beste Chance, das \u00dcberleben deiner Rasse zu sichern. Das neueste Spiel der Serie, DragonScales 3: Eternal Prophecy of Darkness, bietet den Spielern neue und aufregende Spielmechaniken. Das fesselndste Gameplay aller Zeiten f\u00fcr DragonScales: Kombiniere farbige Schuppen auf dem Brett, um Sterne, Belohnungen und Spezialpl\u00e4ttchen zu sammeln; K\u00e4mpfe gegen Sch\u00e4del und andere Kreaturen; l\u00f6se herausfordernde R\u00e4tsel; und vieles mehr! Au\u00dferdem tauchen Bosse auf, die den Kampf neu interpretieren!      <\/p>\n<p>&nbsp;<\/p>\n<p>&nbsp;<\/p>\n<p><strong>Funktionen:<\/strong><\/p>\n<p>&nbsp;<\/p>\n<p>&#8211; \u00dcber 150 brandneue Levels<br \/>\n &#8211; 5 Bossk\u00e4mpfe!<\/p>\n<p>&#8211; Erhalte Abzeichen und sammle Sterne mit dieser neuen Reihe magischer Kr\u00e4fte.<\/p>\n","protected":false},"excerpt":{"rendered":"<p>Eine starke Match-3-Begegnung!<\/p>\n","protected":false},"author":55,"featured_media":100355,"comment_status":"open","ping_status":"closed","template":"","meta":{"_acf_changed":false,"inline_featured_image":false},"product_brand":[],"product_cat":[176],"product_tag":[289],"class_list":{"0":"post-145636","1":"product","2":"type-product","3":"status-publish","4":"has-post-thumbnail","6":"product_cat-match-3-de","7":"product_tag-play-on-pc-de","9":"first","10":"instock","11":"shipping-taxable","12":"purchasable","13":"product-type-simple"},"acf":[],"yoast_head":"<!-- This site is optimized with the Yoast SEO Premium plugin v25.2 (Yoast SEO v25.2) - https:\/\/yoast.com\/wordpress\/plugins\/seo\/ -->\n<title>DragonScales 3: Eternal Prophecy of Darkness - Tauche ein in ein kraftvolles Match-3-Erlebnis, das in seinen Bann zieht<\/title>\n<meta name=\"robots\" content=\"index, follow, max-snippet:-1, max-image-preview:large, max-video-preview:-1\" \/>\n<link rel=\"canonical\" href=\"https:\/\/www.iplay.com\/de\/games\/dragonscales-3-eternal-prophecy-of-darkness\/\" \/>\n<meta property=\"og:locale\" content=\"de_DE\" \/>\n<meta property=\"og:type\" content=\"article\" \/>\n<meta property=\"og:title\" content=\"DragonScales 3: Eternal Prophecy of Darkness\" \/>\n<meta property=\"og:url\" content=\"https:\/\/www.iplay.com\/de\/games\/dragonscales-3-eternal-prophecy-of-darkness\/\" \/>\n<meta property=\"og:site_name\" content=\"IPlay\" \/>\n<meta property=\"og:image\" content=\"https:\/\/www.iplay.com\/wp-content\/uploads\/2023\/12\/large_square_tile_image-3780.jpg\" \/>\n\t<meta property=\"og:image:width\" content=\"310\" \/>\n\t<meta property=\"og:image:height\" content=\"310\" \/>\n\t<meta property=\"og:image:type\" content=\"image\/jpeg\" \/>\n<meta name=\"twitter:card\" content=\"summary_large_image\" \/>\n<meta name=\"twitter:label1\" content=\"Gesch\u00e4tzte Lesezeit\" \/>\n\t<meta name=\"twitter:data1\" content=\"1 Minute\" \/>\n<script type=\"application\/ld+json\" class=\"yoast-schema-graph\">{\"@context\":\"https:\/\/schema.org\",\"@graph\":[{\"@type\":\"WebPage\",\"@id\":\"https:\/\/www.iplay.com\/de\/games\/dragonscales-3-eternal-prophecy-of-darkness\/\",\"url\":\"https:\/\/www.iplay.com\/de\/games\/dragonscales-3-eternal-prophecy-of-darkness\/\",\"name\":\"DragonScales 3: Eternal Prophecy of Darkness - Tauche ein in ein kraftvolles Match-3-Erlebnis, das in seinen Bann zieht\",\"isPartOf\":{\"@id\":\"https:\/\/www.iplay.com\/en\/#website\"},\"primaryImageOfPage\":{\"@id\":\"https:\/\/www.iplay.com\/de\/games\/dragonscales-3-eternal-prophecy-of-darkness\/#primaryimage\"},\"image\":{\"@id\":\"https:\/\/www.iplay.com\/de\/games\/dragonscales-3-eternal-prophecy-of-darkness\/#primaryimage\"},\"thumbnailUrl\":\"https:\/\/www.iplay.com\/wp-content\/uploads\/2023\/12\/large_square_tile_image-3780.jpg\",\"datePublished\":\"2017-05-03T00:00:00+00:00\",\"breadcrumb\":{\"@id\":\"https:\/\/www.iplay.com\/de\/games\/dragonscales-3-eternal-prophecy-of-darkness\/#breadcrumb\"},\"inLanguage\":\"de-DE\",\"potentialAction\":[{\"@type\":\"ReadAction\",\"target\":[\"https:\/\/www.iplay.com\/de\/games\/dragonscales-3-eternal-prophecy-of-darkness\/\"]}]},{\"@type\":\"ImageObject\",\"inLanguage\":\"de-DE\",\"@id\":\"https:\/\/www.iplay.com\/de\/games\/dragonscales-3-eternal-prophecy-of-darkness\/#primaryimage\",\"url\":\"https:\/\/www.iplay.com\/wp-content\/uploads\/2023\/12\/large_square_tile_image-3780.jpg\",\"contentUrl\":\"https:\/\/www.iplay.com\/wp-content\/uploads\/2023\/12\/large_square_tile_image-3780.jpg\",\"width\":310,\"height\":310},{\"@type\":\"BreadcrumbList\",\"@id\":\"https:\/\/www.iplay.com\/de\/games\/dragonscales-3-eternal-prophecy-of-darkness\/#breadcrumb\",\"itemListElement\":[{\"@type\":\"ListItem\",\"position\":1,\"name\":\"Home\",\"item\":\"https:\/\/www.iplay.com\/de\/home-page-2\/\"},{\"@type\":\"ListItem\",\"position\":2,\"name\":\"Shop\",\"item\":\"https:\/\/www.iplay.com\/en\/shop\/\"},{\"@type\":\"ListItem\",\"position\":3,\"name\":\"DragonScales 3: Eternal Prophecy of Darkness\"}]},{\"@type\":\"WebSite\",\"@id\":\"https:\/\/www.iplay.com\/en\/#website\",\"url\":\"https:\/\/www.iplay.com\/en\/\",\"name\":\"IPlay\",\"description\":\"The Best Casual Games!\",\"publisher\":{\"@id\":\"https:\/\/www.iplay.com\/en\/#organization\"},\"potentialAction\":[{\"@type\":\"SearchAction\",\"target\":{\"@type\":\"EntryPoint\",\"urlTemplate\":\"https:\/\/www.iplay.com\/en\/?s={search_term_string}\"},\"query-input\":{\"@type\":\"PropertyValueSpecification\",\"valueRequired\":true,\"valueName\":\"search_term_string\"}}],\"inLanguage\":\"de-DE\"},{\"@type\":\"Organization\",\"@id\":\"https:\/\/www.iplay.com\/en\/#organization\",\"name\":\"IPlay\",\"url\":\"https:\/\/www.iplay.com\/en\/\",\"logo\":{\"@type\":\"ImageObject\",\"inLanguage\":\"de-DE\",\"@id\":\"https:\/\/www.iplay.com\/en\/#\/schema\/logo\/image\/\",\"url\":\"https:\/\/www.iplay.com\/wp-content\/uploads\/2023\/11\/Group-6100.svg\",\"contentUrl\":\"https:\/\/www.iplay.com\/wp-content\/uploads\/2023\/11\/Group-6100.svg\",\"width\":98,\"height\":25,\"caption\":\"IPlay\"},\"image\":{\"@id\":\"https:\/\/www.iplay.com\/en\/#\/schema\/logo\/image\/\"}}]}<\/script>\n<!-- \/ Yoast SEO Premium plugin. -->","yoast_head_json":{"title":"DragonScales 3: Eternal Prophecy of Darkness - Tauche ein in ein kraftvolles Match-3-Erlebnis, das in seinen Bann zieht","robots":{"index":"index","follow":"follow","max-snippet":"max-snippet:-1","max-image-preview":"max-image-preview:large","max-video-preview":"max-video-preview:-1"},"canonical":"https:\/\/www.iplay.com\/de\/games\/dragonscales-3-eternal-prophecy-of-darkness\/","og_locale":"de_DE","og_type":"article","og_title":"DragonScales 3: Eternal Prophecy of Darkness","og_url":"https:\/\/www.iplay.com\/de\/games\/dragonscales-3-eternal-prophecy-of-darkness\/","og_site_name":"IPlay","og_image":[{"width":310,"height":310,"url":"https:\/\/www.iplay.com\/wp-content\/uploads\/2023\/12\/large_square_tile_image-3780.jpg","type":"image\/jpeg"}],"twitter_card":"summary_large_image","twitter_misc":{"Gesch\u00e4tzte Lesezeit":"1 Minute"},"schema":{"@context":"https:\/\/schema.org","@graph":[{"@type":"WebPage","@id":"https:\/\/www.iplay.com\/de\/games\/dragonscales-3-eternal-prophecy-of-darkness\/","url":"https:\/\/www.iplay.com\/de\/games\/dragonscales-3-eternal-prophecy-of-darkness\/","name":"DragonScales 3: Eternal Prophecy of Darkness - Tauche ein in ein kraftvolles Match-3-Erlebnis, das in seinen Bann zieht","isPartOf":{"@id":"https:\/\/www.iplay.com\/en\/#website"},"primaryImageOfPage":{"@id":"https:\/\/www.iplay.com\/de\/games\/dragonscales-3-eternal-prophecy-of-darkness\/#primaryimage"},"image":{"@id":"https:\/\/www.iplay.com\/de\/games\/dragonscales-3-eternal-prophecy-of-darkness\/#primaryimage"},"thumbnailUrl":"https:\/\/www.iplay.com\/wp-content\/uploads\/2023\/12\/large_square_tile_image-3780.jpg","datePublished":"2017-05-03T00:00:00+00:00","breadcrumb":{"@id":"https:\/\/www.iplay.com\/de\/games\/dragonscales-3-eternal-prophecy-of-darkness\/#breadcrumb"},"inLanguage":"de-DE","potentialAction":[{"@type":"ReadAction","target":["https:\/\/www.iplay.com\/de\/games\/dragonscales-3-eternal-prophecy-of-darkness\/"]}]},{"@type":"ImageObject","inLanguage":"de-DE","@id":"https:\/\/www.iplay.com\/de\/games\/dragonscales-3-eternal-prophecy-of-darkness\/#primaryimage","url":"https:\/\/www.iplay.com\/wp-content\/uploads\/2023\/12\/large_square_tile_image-3780.jpg","contentUrl":"https:\/\/www.iplay.com\/wp-content\/uploads\/2023\/12\/large_square_tile_image-3780.jpg","width":310,"height":310},{"@type":"BreadcrumbList","@id":"https:\/\/www.iplay.com\/de\/games\/dragonscales-3-eternal-prophecy-of-darkness\/#breadcrumb","itemListElement":[{"@type":"ListItem","position":1,"name":"Home","item":"https:\/\/www.iplay.com\/de\/home-page-2\/"},{"@type":"ListItem","position":2,"name":"Shop","item":"https:\/\/www.iplay.com\/en\/shop\/"},{"@type":"ListItem","position":3,"name":"DragonScales 3: Eternal Prophecy of Darkness"}]},{"@type":"WebSite","@id":"https:\/\/www.iplay.com\/en\/#website","url":"https:\/\/www.iplay.com\/en\/","name":"IPlay","description":"The Best Casual Games!","publisher":{"@id":"https:\/\/www.iplay.com\/en\/#organization"},"potentialAction":[{"@type":"SearchAction","target":{"@type":"EntryPoint","urlTemplate":"https:\/\/www.iplay.com\/en\/?s={search_term_string}"},"query-input":{"@type":"PropertyValueSpecification","valueRequired":true,"valueName":"search_term_string"}}],"inLanguage":"de-DE"},{"@type":"Organization","@id":"https:\/\/www.iplay.com\/en\/#organization","name":"IPlay","url":"https:\/\/www.iplay.com\/en\/","logo":{"@type":"ImageObject","inLanguage":"de-DE","@id":"https:\/\/www.iplay.com\/en\/#\/schema\/logo\/image\/","url":"https:\/\/www.iplay.com\/wp-content\/uploads\/2023\/11\/Group-6100.svg","contentUrl":"https:\/\/www.iplay.com\/wp-content\/uploads\/2023\/11\/Group-6100.svg","width":98,"height":25,"caption":"IPlay"},"image":{"@id":"https:\/\/www.iplay.com\/en\/#\/schema\/logo\/image\/"}}]}},"_links":{"self":[{"href":"https:\/\/www.iplay.com\/de\/wp-json\/wp\/v2\/product\/145636","targetHints":{"allow":["GET"]}}],"collection":[{"href":"https:\/\/www.iplay.com\/de\/wp-json\/wp\/v2\/product"}],"about":[{"href":"https:\/\/www.iplay.com\/de\/wp-json\/wp\/v2\/types\/product"}],"author":[{"embeddable":true,"href":"https:\/\/www.iplay.com\/de\/wp-json\/wp\/v2\/users\/55"}],"replies":[{"embeddable":true,"href":"https:\/\/www.iplay.com\/de\/wp-json\/wp\/v2\/comments?post=145636"}],"wp:featuredmedia":[{"embeddable":true,"href":"https:\/\/www.iplay.com\/de\/wp-json\/wp\/v2\/media\/100355"}],"wp:attachment":[{"href":"https:\/\/www.iplay.com\/de\/wp-json\/wp\/v2\/media?parent=145636"}],"wp:term":[{"taxonomy":"product_brand","embeddable":true,"href":"https:\/\/www.iplay.com\/de\/wp-json\/wp\/v2\/product_brand?post=145636"},{"taxonomy":"product_cat","embeddable":true,"href":"https:\/\/www.iplay.com\/de\/wp-json\/wp\/v2\/product_cat?post=145636"},{"taxonomy":"product_tag","embeddable":true,"href":"https:\/\/www.iplay.com\/de\/wp-json\/wp\/v2\/product_tag?post=145636"}],"curies":[{"name":"wp","href":"https:\/\/api.w.org\/{rel}","templated":true}]}}