{"id":145597,"date":"2017-04-22T00:00:00","date_gmt":"2017-04-22T00:00:00","guid":{"rendered":"https:\/\/www.iplay.com\/games\/amandas-sticker-book-amazing-wildlife\/"},"modified":"2017-04-22T00:00:00","modified_gmt":"2017-04-22T00:00:00","slug":"amandas-sticker-book-amazing-wildlife","status":"publish","type":"product","link":"https:\/\/www.iplay.com\/de\/games\/amandas-sticker-book-amazing-wildlife\/","title":{"rendered":"Amanda&#8217;s Sticker Book: Amazing Wildlife"},"content":{"rendered":"<p>Amanda strebt nach gr\u00f6\u00dferen H\u00f6hen, nachdem sie ihren ersten Stickerbuch-Wettbewerb gewonnen hat. Ein internationaler Stickerbuch-Wettbewerb steht bevor, bei dem es als Hauptpreis eine Weltreise zu gewinnen gibt. Amanda muss ihr Bestes geben, um weltweit teilnehmen zu k\u00f6nnen, also hat sie sich entschieden, f\u00fcnf verschiedene Stickerb\u00fccher zu erstellen, alle mit Wildtierthemen. Um Amanda dabei zu helfen, ihren Traum zu verwirklichen, l\u00f6st du 79 R\u00e4tsel, die auf die f\u00fcnf Stickerb\u00fccher verteilt sind. Jedes ist mit passenden Aufklebern sowie speziellen Power-Ups gef\u00fcllt, die dir helfen, den Weg freizumachen. Amanda ist mit jeder abgeschlossenen Stufe einen Schritt n\u00e4her am Gewinn des Hauptpreises!     <\/p>\n<p>&nbsp;<\/p>\n<p>&nbsp;<\/p>\n<p><strong>Funktionen:<\/strong><\/p>\n<p>&nbsp;<\/p>\n<p>&#8211; Es gibt 79 Levels zu schaffen!<\/p>\n<p>&#8211; \u00dcber 20 Verbesserungen!<\/p>\n<p>&#8211; F\u00fcnf Stickerb\u00fccher zum Basteln, jedes mit einem anderen Thema!<\/p>\n<p>&#8211; Drei wichtige Tools zum Lernen und Anwenden!<\/p>\n<p>&#8211; \u00dcber ein Dutzend Elemente zum Sammeln!<\/p>\n","protected":false},"excerpt":{"rendered":"<p>Hilf Amanda dabei, f\u00fcnf Stickerb\u00fccher zu schreiben, die mit Preisen ausgezeichnet wurden.<\/p>\n","protected":false},"author":42,"featured_media":88981,"comment_status":"open","ping_status":"closed","template":"","meta":{"_acf_changed":false,"inline_featured_image":false},"product_brand":[],"product_cat":[176],"product_tag":[289],"class_list":{"0":"post-145597","1":"product","2":"type-product","3":"status-publish","4":"has-post-thumbnail","6":"product_cat-match-3-de","7":"product_tag-play-on-pc-de","9":"first","10":"instock","11":"shipping-taxable","12":"purchasable","13":"product-type-simple"},"acf":[],"yoast_head":"<!-- This site is optimized with the Yoast SEO Premium plugin v25.2 (Yoast SEO v25.2) - https:\/\/yoast.com\/wordpress\/plugins\/seo\/ -->\n<title>Amandas Stickerbuch: Erstaunliche Tierwelt - Hilf Amanda, f\u00fcnf preisgekr\u00f6nte Stickerb\u00fccher zu erstellen<\/title>\n<meta name=\"robots\" content=\"index, follow, max-snippet:-1, max-image-preview:large, max-video-preview:-1\" \/>\n<link rel=\"canonical\" href=\"https:\/\/www.iplay.com\/de\/games\/amandas-sticker-book-amazing-wildlife\/\" \/>\n<meta property=\"og:locale\" content=\"de_DE\" \/>\n<meta property=\"og:type\" content=\"article\" \/>\n<meta property=\"og:title\" content=\"Amanda&#039;s Sticker Book: Amazing Wildlife\" \/>\n<meta property=\"og:url\" content=\"https:\/\/www.iplay.com\/de\/games\/amandas-sticker-book-amazing-wildlife\/\" \/>\n<meta property=\"og:site_name\" content=\"IPlay\" \/>\n<meta property=\"og:image\" content=\"https:\/\/www.iplay.com\/wp-content\/uploads\/2023\/12\/large_square_tile_image-3073.jpg\" \/>\n\t<meta property=\"og:image:width\" content=\"310\" \/>\n\t<meta property=\"og:image:height\" content=\"310\" \/>\n\t<meta property=\"og:image:type\" content=\"image\/jpeg\" \/>\n<meta name=\"twitter:card\" content=\"summary_large_image\" \/>\n<meta name=\"twitter:label1\" content=\"Gesch\u00e4tzte Lesezeit\" \/>\n\t<meta name=\"twitter:data1\" content=\"1 Minute\" \/>\n<script type=\"application\/ld+json\" class=\"yoast-schema-graph\">{\"@context\":\"https:\/\/schema.org\",\"@graph\":[{\"@type\":\"WebPage\",\"@id\":\"https:\/\/www.iplay.com\/de\/games\/amandas-sticker-book-amazing-wildlife\/\",\"url\":\"https:\/\/www.iplay.com\/de\/games\/amandas-sticker-book-amazing-wildlife\/\",\"name\":\"Amandas Stickerbuch: Erstaunliche Tierwelt - Hilf Amanda, f\u00fcnf preisgekr\u00f6nte Stickerb\u00fccher zu erstellen\",\"isPartOf\":{\"@id\":\"https:\/\/www.iplay.com\/en\/#website\"},\"primaryImageOfPage\":{\"@id\":\"https:\/\/www.iplay.com\/de\/games\/amandas-sticker-book-amazing-wildlife\/#primaryimage\"},\"image\":{\"@id\":\"https:\/\/www.iplay.com\/de\/games\/amandas-sticker-book-amazing-wildlife\/#primaryimage\"},\"thumbnailUrl\":\"https:\/\/www.iplay.com\/wp-content\/uploads\/2023\/12\/large_square_tile_image-3073.jpg\",\"datePublished\":\"2017-04-22T00:00:00+00:00\",\"breadcrumb\":{\"@id\":\"https:\/\/www.iplay.com\/de\/games\/amandas-sticker-book-amazing-wildlife\/#breadcrumb\"},\"inLanguage\":\"de-DE\",\"potentialAction\":[{\"@type\":\"ReadAction\",\"target\":[\"https:\/\/www.iplay.com\/de\/games\/amandas-sticker-book-amazing-wildlife\/\"]}]},{\"@type\":\"ImageObject\",\"inLanguage\":\"de-DE\",\"@id\":\"https:\/\/www.iplay.com\/de\/games\/amandas-sticker-book-amazing-wildlife\/#primaryimage\",\"url\":\"https:\/\/www.iplay.com\/wp-content\/uploads\/2023\/12\/large_square_tile_image-3073.jpg\",\"contentUrl\":\"https:\/\/www.iplay.com\/wp-content\/uploads\/2023\/12\/large_square_tile_image-3073.jpg\",\"width\":310,\"height\":310},{\"@type\":\"BreadcrumbList\",\"@id\":\"https:\/\/www.iplay.com\/de\/games\/amandas-sticker-book-amazing-wildlife\/#breadcrumb\",\"itemListElement\":[{\"@type\":\"ListItem\",\"position\":1,\"name\":\"Home\",\"item\":\"https:\/\/www.iplay.com\/de\/home-page-2\/\"},{\"@type\":\"ListItem\",\"position\":2,\"name\":\"Shop\",\"item\":\"https:\/\/www.iplay.com\/en\/shop\/\"},{\"@type\":\"ListItem\",\"position\":3,\"name\":\"Amanda&#8217;s Sticker Book: Amazing Wildlife\"}]},{\"@type\":\"WebSite\",\"@id\":\"https:\/\/www.iplay.com\/en\/#website\",\"url\":\"https:\/\/www.iplay.com\/en\/\",\"name\":\"IPlay\",\"description\":\"The Best Casual Games!\",\"publisher\":{\"@id\":\"https:\/\/www.iplay.com\/en\/#organization\"},\"potentialAction\":[{\"@type\":\"SearchAction\",\"target\":{\"@type\":\"EntryPoint\",\"urlTemplate\":\"https:\/\/www.iplay.com\/en\/?s={search_term_string}\"},\"query-input\":{\"@type\":\"PropertyValueSpecification\",\"valueRequired\":true,\"valueName\":\"search_term_string\"}}],\"inLanguage\":\"de-DE\"},{\"@type\":\"Organization\",\"@id\":\"https:\/\/www.iplay.com\/en\/#organization\",\"name\":\"IPlay\",\"url\":\"https:\/\/www.iplay.com\/en\/\",\"logo\":{\"@type\":\"ImageObject\",\"inLanguage\":\"de-DE\",\"@id\":\"https:\/\/www.iplay.com\/en\/#\/schema\/logo\/image\/\",\"url\":\"https:\/\/www.iplay.com\/wp-content\/uploads\/2023\/11\/Group-6100.svg\",\"contentUrl\":\"https:\/\/www.iplay.com\/wp-content\/uploads\/2023\/11\/Group-6100.svg\",\"width\":98,\"height\":25,\"caption\":\"IPlay\"},\"image\":{\"@id\":\"https:\/\/www.iplay.com\/en\/#\/schema\/logo\/image\/\"}}]}<\/script>\n<!-- \/ Yoast SEO Premium plugin. -->","yoast_head_json":{"title":"Amandas Stickerbuch: Erstaunliche Tierwelt - Hilf Amanda, f\u00fcnf preisgekr\u00f6nte Stickerb\u00fccher zu erstellen","robots":{"index":"index","follow":"follow","max-snippet":"max-snippet:-1","max-image-preview":"max-image-preview:large","max-video-preview":"max-video-preview:-1"},"canonical":"https:\/\/www.iplay.com\/de\/games\/amandas-sticker-book-amazing-wildlife\/","og_locale":"de_DE","og_type":"article","og_title":"Amanda's Sticker Book: Amazing Wildlife","og_url":"https:\/\/www.iplay.com\/de\/games\/amandas-sticker-book-amazing-wildlife\/","og_site_name":"IPlay","og_image":[{"width":310,"height":310,"url":"https:\/\/www.iplay.com\/wp-content\/uploads\/2023\/12\/large_square_tile_image-3073.jpg","type":"image\/jpeg"}],"twitter_card":"summary_large_image","twitter_misc":{"Gesch\u00e4tzte Lesezeit":"1 Minute"},"schema":{"@context":"https:\/\/schema.org","@graph":[{"@type":"WebPage","@id":"https:\/\/www.iplay.com\/de\/games\/amandas-sticker-book-amazing-wildlife\/","url":"https:\/\/www.iplay.com\/de\/games\/amandas-sticker-book-amazing-wildlife\/","name":"Amandas Stickerbuch: Erstaunliche Tierwelt - Hilf Amanda, f\u00fcnf preisgekr\u00f6nte Stickerb\u00fccher zu erstellen","isPartOf":{"@id":"https:\/\/www.iplay.com\/en\/#website"},"primaryImageOfPage":{"@id":"https:\/\/www.iplay.com\/de\/games\/amandas-sticker-book-amazing-wildlife\/#primaryimage"},"image":{"@id":"https:\/\/www.iplay.com\/de\/games\/amandas-sticker-book-amazing-wildlife\/#primaryimage"},"thumbnailUrl":"https:\/\/www.iplay.com\/wp-content\/uploads\/2023\/12\/large_square_tile_image-3073.jpg","datePublished":"2017-04-22T00:00:00+00:00","breadcrumb":{"@id":"https:\/\/www.iplay.com\/de\/games\/amandas-sticker-book-amazing-wildlife\/#breadcrumb"},"inLanguage":"de-DE","potentialAction":[{"@type":"ReadAction","target":["https:\/\/www.iplay.com\/de\/games\/amandas-sticker-book-amazing-wildlife\/"]}]},{"@type":"ImageObject","inLanguage":"de-DE","@id":"https:\/\/www.iplay.com\/de\/games\/amandas-sticker-book-amazing-wildlife\/#primaryimage","url":"https:\/\/www.iplay.com\/wp-content\/uploads\/2023\/12\/large_square_tile_image-3073.jpg","contentUrl":"https:\/\/www.iplay.com\/wp-content\/uploads\/2023\/12\/large_square_tile_image-3073.jpg","width":310,"height":310},{"@type":"BreadcrumbList","@id":"https:\/\/www.iplay.com\/de\/games\/amandas-sticker-book-amazing-wildlife\/#breadcrumb","itemListElement":[{"@type":"ListItem","position":1,"name":"Home","item":"https:\/\/www.iplay.com\/de\/home-page-2\/"},{"@type":"ListItem","position":2,"name":"Shop","item":"https:\/\/www.iplay.com\/en\/shop\/"},{"@type":"ListItem","position":3,"name":"Amanda&#8217;s Sticker Book: Amazing Wildlife"}]},{"@type":"WebSite","@id":"https:\/\/www.iplay.com\/en\/#website","url":"https:\/\/www.iplay.com\/en\/","name":"IPlay","description":"The Best Casual Games!","publisher":{"@id":"https:\/\/www.iplay.com\/en\/#organization"},"potentialAction":[{"@type":"SearchAction","target":{"@type":"EntryPoint","urlTemplate":"https:\/\/www.iplay.com\/en\/?s={search_term_string}"},"query-input":{"@type":"PropertyValueSpecification","valueRequired":true,"valueName":"search_term_string"}}],"inLanguage":"de-DE"},{"@type":"Organization","@id":"https:\/\/www.iplay.com\/en\/#organization","name":"IPlay","url":"https:\/\/www.iplay.com\/en\/","logo":{"@type":"ImageObject","inLanguage":"de-DE","@id":"https:\/\/www.iplay.com\/en\/#\/schema\/logo\/image\/","url":"https:\/\/www.iplay.com\/wp-content\/uploads\/2023\/11\/Group-6100.svg","contentUrl":"https:\/\/www.iplay.com\/wp-content\/uploads\/2023\/11\/Group-6100.svg","width":98,"height":25,"caption":"IPlay"},"image":{"@id":"https:\/\/www.iplay.com\/en\/#\/schema\/logo\/image\/"}}]}},"_links":{"self":[{"href":"https:\/\/www.iplay.com\/de\/wp-json\/wp\/v2\/product\/145597","targetHints":{"allow":["GET"]}}],"collection":[{"href":"https:\/\/www.iplay.com\/de\/wp-json\/wp\/v2\/product"}],"about":[{"href":"https:\/\/www.iplay.com\/de\/wp-json\/wp\/v2\/types\/product"}],"author":[{"embeddable":true,"href":"https:\/\/www.iplay.com\/de\/wp-json\/wp\/v2\/users\/42"}],"replies":[{"embeddable":true,"href":"https:\/\/www.iplay.com\/de\/wp-json\/wp\/v2\/comments?post=145597"}],"wp:featuredmedia":[{"embeddable":true,"href":"https:\/\/www.iplay.com\/de\/wp-json\/wp\/v2\/media\/88981"}],"wp:attachment":[{"href":"https:\/\/www.iplay.com\/de\/wp-json\/wp\/v2\/media?parent=145597"}],"wp:term":[{"taxonomy":"product_brand","embeddable":true,"href":"https:\/\/www.iplay.com\/de\/wp-json\/wp\/v2\/product_brand?post=145597"},{"taxonomy":"product_cat","embeddable":true,"href":"https:\/\/www.iplay.com\/de\/wp-json\/wp\/v2\/product_cat?post=145597"},{"taxonomy":"product_tag","embeddable":true,"href":"https:\/\/www.iplay.com\/de\/wp-json\/wp\/v2\/product_tag?post=145597"}],"curies":[{"name":"wp","href":"https:\/\/api.w.org\/{rel}","templated":true}]}}