{"id":145561,"date":"2025-10-27T07:30:57","date_gmt":"2025-10-27T07:30:57","guid":{"rendered":"https:\/\/www.iplay.com\/games\/haunted-house-mystery\/"},"modified":"2025-10-27T07:30:57","modified_gmt":"2025-10-27T07:30:57","slug":"haunted-house-mystery","status":"publish","type":"product","link":"https:\/\/www.iplay.com\/de\/games\/haunted-house-mystery\/","title":{"rendered":"Haunted House Mystery"},"content":{"rendered":"<p class=\"ai-optimize-32 ai-optimize-introduction\">Jahre sp\u00e4ter besuchen Geschwister das mysteri\u00f6se, verlassene Haus ihres Gro\u00dfvaters erneut. Angetrieben von unheimlichen Erinnerungen und Fl\u00fcstern erkunden sie das Unbekannte. Je tiefer sie eintauchen, desto mehr beginnen die Schatten zu erwachen&#8230;  <\/p>\n<p class=\"ai-optimize-33\">Erlebe ein spannendes Puzzle-Abenteuer in einem Spukhaus. Schalte Hinweise frei und erkunde gruselige Orte in 150 bunten R\u00e4tseln. Erforsche die gespenstischen Geheimnisse der mysteri\u00f6sen Vergangenheit des Hauses und erlebe in diesem Spiel eine einzigartige Mischung aus R\u00e4tseln und Geistergeschichten.  <\/p>\n<p>&nbsp;<\/p>\n<p class=\"ai-optimize-35\"><strong>Funktionen<\/strong><\/p>\n<ul>\n<li class=\"ai-optimize-34\">Entdecke 150 lebendige japanische Kreuzwortr\u00e4tsel f\u00fcr jedes K\u00f6nnen!<\/li>\n<li class=\"ai-optimize-34\">Verbessern Sie Ihr Erlebnis mit atemberaubenden visuellen Effekten!<\/li>\n<li class=\"ai-optimize-34\">Entdecken Sie eine spannende Geschichte voller Spannung und tiefer Emotionen!<\/li>\n<li class=\"ai-optimize-34\">Entdecken Sie unheimliche, nostalgische Orte: Dachb\u00f6den, G\u00e4rten, versteckte R\u00e4ume!<\/li>\n<li class=\"ai-optimize-34\">Verbessern Sie logisches und abstraktes Denken durch fesselnde R\u00e4tsel!<\/li>\n<li class=\"ai-optimize-34\">Fesselndes Gameplay und intuitives Design f\u00fcr alle!<\/li>\n<\/ul>\n","protected":false},"excerpt":{"rendered":"<p>L\u00f6se auf einer nostalgischen Reise zur\u00fcck zu Opas Spukhaus gruselige R\u00e4tsel und finde gruselige Geheimnisse.<\/p>\n","protected":false},"author":39,"featured_media":145326,"comment_status":"open","ping_status":"closed","template":"","meta":{"_acf_changed":false,"inline_featured_image":false},"product_brand":[],"product_cat":[194],"product_tag":[289],"class_list":{"0":"post-145561","1":"product","2":"type-product","3":"status-publish","4":"has-post-thumbnail","6":"product_cat-puzzle-de","7":"product_tag-play-on-pc-de","9":"first","10":"instock","11":"shipping-taxable","12":"purchasable","13":"product-type-simple"},"acf":[],"yoast_head":"<!-- This site is optimized with the Yoast SEO Premium plugin v25.2 (Yoast SEO v25.2) - https:\/\/yoast.com\/wordpress\/plugins\/seo\/ -->\n<title>L\u00f6se gruselige R\u00e4tsel und entdecke gespenstische Geheimnisse in Opas Haus!<\/title>\n<meta name=\"description\" content=\"L\u00f6se auf einer nostalgischen Reise zur\u00fcck zu Opas Spukhaus gruselige R\u00e4tsel und finde gruselige Geheimnisse.\" \/>\n<meta name=\"robots\" content=\"index, follow, max-snippet:-1, max-image-preview:large, max-video-preview:-1\" \/>\n<link rel=\"canonical\" href=\"https:\/\/www.iplay.com\/de\/games\/haunted-house-mystery\/\" \/>\n<meta property=\"og:locale\" content=\"de_DE\" \/>\n<meta property=\"og:type\" content=\"article\" \/>\n<meta property=\"og:title\" content=\"Haunted House Mystery\" \/>\n<meta property=\"og:description\" content=\"L\u00f6se auf einer nostalgischen Reise zur\u00fcck zu Opas Spukhaus gruselige R\u00e4tsel und finde gruselige Geheimnisse.\" \/>\n<meta property=\"og:url\" content=\"https:\/\/www.iplay.com\/de\/games\/haunted-house-mystery\/\" \/>\n<meta property=\"og:site_name\" content=\"IPlay\" \/>\n<meta property=\"og:image\" content=\"https:\/\/www.iplay.com\/wp-content\/uploads\/2025\/10\/haunted_house_mystery_large_video_screenshot.webp\" \/>\n\t<meta property=\"og:image:width\" content=\"715\" \/>\n\t<meta property=\"og:image:height\" content=\"485\" \/>\n\t<meta property=\"og:image:type\" content=\"image\/webp\" \/>\n<meta name=\"twitter:card\" content=\"summary_large_image\" \/>\n<meta name=\"twitter:label1\" content=\"Gesch\u00e4tzte Lesezeit\" \/>\n\t<meta name=\"twitter:data1\" content=\"1 Minute\" \/>\n<script type=\"application\/ld+json\" class=\"yoast-schema-graph\">{\"@context\":\"https:\/\/schema.org\",\"@graph\":[{\"@type\":\"WebPage\",\"@id\":\"https:\/\/www.iplay.com\/de\/games\/haunted-house-mystery\/\",\"url\":\"https:\/\/www.iplay.com\/de\/games\/haunted-house-mystery\/\",\"name\":\"L\u00f6se gruselige R\u00e4tsel und entdecke gespenstische Geheimnisse in Opas Haus!\",\"isPartOf\":{\"@id\":\"https:\/\/www.iplay.com\/en\/#website\"},\"primaryImageOfPage\":{\"@id\":\"https:\/\/www.iplay.com\/de\/games\/haunted-house-mystery\/#primaryimage\"},\"image\":{\"@id\":\"https:\/\/www.iplay.com\/de\/games\/haunted-house-mystery\/#primaryimage\"},\"thumbnailUrl\":\"https:\/\/www.iplay.com\/wp-content\/uploads\/2025\/10\/haunted_house_mystery_large_video_screenshot.webp\",\"datePublished\":\"2025-10-27T07:30:57+00:00\",\"description\":\"L\u00f6se auf einer nostalgischen Reise zur\u00fcck zu Opas Spukhaus gruselige R\u00e4tsel und finde gruselige Geheimnisse.\",\"breadcrumb\":{\"@id\":\"https:\/\/www.iplay.com\/de\/games\/haunted-house-mystery\/#breadcrumb\"},\"inLanguage\":\"de-DE\",\"potentialAction\":[{\"@type\":\"ReadAction\",\"target\":[\"https:\/\/www.iplay.com\/de\/games\/haunted-house-mystery\/\"]}]},{\"@type\":\"ImageObject\",\"inLanguage\":\"de-DE\",\"@id\":\"https:\/\/www.iplay.com\/de\/games\/haunted-house-mystery\/#primaryimage\",\"url\":\"https:\/\/www.iplay.com\/wp-content\/uploads\/2025\/10\/haunted_house_mystery_large_video_screenshot.webp\",\"contentUrl\":\"https:\/\/www.iplay.com\/wp-content\/uploads\/2025\/10\/haunted_house_mystery_large_video_screenshot.webp\",\"width\":715,\"height\":485},{\"@type\":\"BreadcrumbList\",\"@id\":\"https:\/\/www.iplay.com\/de\/games\/haunted-house-mystery\/#breadcrumb\",\"itemListElement\":[{\"@type\":\"ListItem\",\"position\":1,\"name\":\"Home\",\"item\":\"https:\/\/www.iplay.com\/de\/home-page-2\/\"},{\"@type\":\"ListItem\",\"position\":2,\"name\":\"Shop\",\"item\":\"https:\/\/www.iplay.com\/en\/shop\/\"},{\"@type\":\"ListItem\",\"position\":3,\"name\":\"Haunted House Mystery\"}]},{\"@type\":\"WebSite\",\"@id\":\"https:\/\/www.iplay.com\/en\/#website\",\"url\":\"https:\/\/www.iplay.com\/en\/\",\"name\":\"IPlay\",\"description\":\"The Best Casual Games!\",\"publisher\":{\"@id\":\"https:\/\/www.iplay.com\/en\/#organization\"},\"potentialAction\":[{\"@type\":\"SearchAction\",\"target\":{\"@type\":\"EntryPoint\",\"urlTemplate\":\"https:\/\/www.iplay.com\/en\/?s={search_term_string}\"},\"query-input\":{\"@type\":\"PropertyValueSpecification\",\"valueRequired\":true,\"valueName\":\"search_term_string\"}}],\"inLanguage\":\"de-DE\"},{\"@type\":\"Organization\",\"@id\":\"https:\/\/www.iplay.com\/en\/#organization\",\"name\":\"IPlay\",\"url\":\"https:\/\/www.iplay.com\/en\/\",\"logo\":{\"@type\":\"ImageObject\",\"inLanguage\":\"de-DE\",\"@id\":\"https:\/\/www.iplay.com\/en\/#\/schema\/logo\/image\/\",\"url\":\"https:\/\/www.iplay.com\/wp-content\/uploads\/2023\/11\/Group-6100.svg\",\"contentUrl\":\"https:\/\/www.iplay.com\/wp-content\/uploads\/2023\/11\/Group-6100.svg\",\"width\":98,\"height\":25,\"caption\":\"IPlay\"},\"image\":{\"@id\":\"https:\/\/www.iplay.com\/en\/#\/schema\/logo\/image\/\"}}]}<\/script>\n<!-- \/ Yoast SEO Premium plugin. -->","yoast_head_json":{"title":"L\u00f6se gruselige R\u00e4tsel und entdecke gespenstische Geheimnisse in Opas Haus!","description":"L\u00f6se auf einer nostalgischen Reise zur\u00fcck zu Opas Spukhaus gruselige R\u00e4tsel und finde gruselige Geheimnisse.","robots":{"index":"index","follow":"follow","max-snippet":"max-snippet:-1","max-image-preview":"max-image-preview:large","max-video-preview":"max-video-preview:-1"},"canonical":"https:\/\/www.iplay.com\/de\/games\/haunted-house-mystery\/","og_locale":"de_DE","og_type":"article","og_title":"Haunted House Mystery","og_description":"L\u00f6se auf einer nostalgischen Reise zur\u00fcck zu Opas Spukhaus gruselige R\u00e4tsel und finde gruselige Geheimnisse.","og_url":"https:\/\/www.iplay.com\/de\/games\/haunted-house-mystery\/","og_site_name":"IPlay","og_image":[{"width":715,"height":485,"url":"https:\/\/www.iplay.com\/wp-content\/uploads\/2025\/10\/haunted_house_mystery_large_video_screenshot.webp","type":"image\/webp"}],"twitter_card":"summary_large_image","twitter_misc":{"Gesch\u00e4tzte Lesezeit":"1 Minute"},"schema":{"@context":"https:\/\/schema.org","@graph":[{"@type":"WebPage","@id":"https:\/\/www.iplay.com\/de\/games\/haunted-house-mystery\/","url":"https:\/\/www.iplay.com\/de\/games\/haunted-house-mystery\/","name":"L\u00f6se gruselige R\u00e4tsel und entdecke gespenstische Geheimnisse in Opas Haus!","isPartOf":{"@id":"https:\/\/www.iplay.com\/en\/#website"},"primaryImageOfPage":{"@id":"https:\/\/www.iplay.com\/de\/games\/haunted-house-mystery\/#primaryimage"},"image":{"@id":"https:\/\/www.iplay.com\/de\/games\/haunted-house-mystery\/#primaryimage"},"thumbnailUrl":"https:\/\/www.iplay.com\/wp-content\/uploads\/2025\/10\/haunted_house_mystery_large_video_screenshot.webp","datePublished":"2025-10-27T07:30:57+00:00","description":"L\u00f6se auf einer nostalgischen Reise zur\u00fcck zu Opas Spukhaus gruselige R\u00e4tsel und finde gruselige Geheimnisse.","breadcrumb":{"@id":"https:\/\/www.iplay.com\/de\/games\/haunted-house-mystery\/#breadcrumb"},"inLanguage":"de-DE","potentialAction":[{"@type":"ReadAction","target":["https:\/\/www.iplay.com\/de\/games\/haunted-house-mystery\/"]}]},{"@type":"ImageObject","inLanguage":"de-DE","@id":"https:\/\/www.iplay.com\/de\/games\/haunted-house-mystery\/#primaryimage","url":"https:\/\/www.iplay.com\/wp-content\/uploads\/2025\/10\/haunted_house_mystery_large_video_screenshot.webp","contentUrl":"https:\/\/www.iplay.com\/wp-content\/uploads\/2025\/10\/haunted_house_mystery_large_video_screenshot.webp","width":715,"height":485},{"@type":"BreadcrumbList","@id":"https:\/\/www.iplay.com\/de\/games\/haunted-house-mystery\/#breadcrumb","itemListElement":[{"@type":"ListItem","position":1,"name":"Home","item":"https:\/\/www.iplay.com\/de\/home-page-2\/"},{"@type":"ListItem","position":2,"name":"Shop","item":"https:\/\/www.iplay.com\/en\/shop\/"},{"@type":"ListItem","position":3,"name":"Haunted House Mystery"}]},{"@type":"WebSite","@id":"https:\/\/www.iplay.com\/en\/#website","url":"https:\/\/www.iplay.com\/en\/","name":"IPlay","description":"The Best Casual Games!","publisher":{"@id":"https:\/\/www.iplay.com\/en\/#organization"},"potentialAction":[{"@type":"SearchAction","target":{"@type":"EntryPoint","urlTemplate":"https:\/\/www.iplay.com\/en\/?s={search_term_string}"},"query-input":{"@type":"PropertyValueSpecification","valueRequired":true,"valueName":"search_term_string"}}],"inLanguage":"de-DE"},{"@type":"Organization","@id":"https:\/\/www.iplay.com\/en\/#organization","name":"IPlay","url":"https:\/\/www.iplay.com\/en\/","logo":{"@type":"ImageObject","inLanguage":"de-DE","@id":"https:\/\/www.iplay.com\/en\/#\/schema\/logo\/image\/","url":"https:\/\/www.iplay.com\/wp-content\/uploads\/2023\/11\/Group-6100.svg","contentUrl":"https:\/\/www.iplay.com\/wp-content\/uploads\/2023\/11\/Group-6100.svg","width":98,"height":25,"caption":"IPlay"},"image":{"@id":"https:\/\/www.iplay.com\/en\/#\/schema\/logo\/image\/"}}]}},"_links":{"self":[{"href":"https:\/\/www.iplay.com\/de\/wp-json\/wp\/v2\/product\/145561","targetHints":{"allow":["GET"]}}],"collection":[{"href":"https:\/\/www.iplay.com\/de\/wp-json\/wp\/v2\/product"}],"about":[{"href":"https:\/\/www.iplay.com\/de\/wp-json\/wp\/v2\/types\/product"}],"author":[{"embeddable":true,"href":"https:\/\/www.iplay.com\/de\/wp-json\/wp\/v2\/users\/39"}],"replies":[{"embeddable":true,"href":"https:\/\/www.iplay.com\/de\/wp-json\/wp\/v2\/comments?post=145561"}],"wp:featuredmedia":[{"embeddable":true,"href":"https:\/\/www.iplay.com\/de\/wp-json\/wp\/v2\/media\/145326"}],"wp:attachment":[{"href":"https:\/\/www.iplay.com\/de\/wp-json\/wp\/v2\/media?parent=145561"}],"wp:term":[{"taxonomy":"product_brand","embeddable":true,"href":"https:\/\/www.iplay.com\/de\/wp-json\/wp\/v2\/product_brand?post=145561"},{"taxonomy":"product_cat","embeddable":true,"href":"https:\/\/www.iplay.com\/de\/wp-json\/wp\/v2\/product_cat?post=145561"},{"taxonomy":"product_tag","embeddable":true,"href":"https:\/\/www.iplay.com\/de\/wp-json\/wp\/v2\/product_tag?post=145561"}],"curies":[{"name":"wp","href":"https:\/\/api.w.org\/{rel}","templated":true}]}}