{"id":145542,"date":"2025-10-30T07:30:40","date_gmt":"2025-10-30T07:30:40","guid":{"rendered":"https:\/\/www.iplay.com\/?post_type=product&p=145542"},"modified":"2025-10-28T18:40:00","modified_gmt":"2025-10-28T18:40:00","slug":"spooky-dwellers-4-collectors-edition","status":"publish","type":"product","link":"https:\/\/www.iplay.com\/de\/games\/spooky-dwellers-4-collectors-edition\/","title":{"rendered":"Spooky Dwellers 4 &#8211; Collector&#8217;s Edition"},"content":{"rendered":"<p class=\"ai-optimize-26 ai-optimize-introduction\">Erben Sie das verwunschene Goldenthirst-Anwesen in Spooky Dwellers 4. L\u00f6se den dunklen Pakt deines Vorfahren in einem gespenstischen Traumabenteuer. <\/p>\n<p class=\"ai-optimize-27\">Erobere 90 3-Gewinnt-Levels mit uralten Talismanen des Lichts! Entdecke verwunschene G\u00e4nge, l\u00f6se Wimmelbildr\u00e4tsel und genie\u00dfe Puzzles und Minispiele, um Zugang zu neuen Bereichen des Anwesens zu erhalten. Restauriere Maximilians Reliquiar, sammle Troph\u00e4en, verdiene M\u00fcnzen!  <\/p>\n<p>&nbsp;<\/p>\n<p class=\"ai-optimize-25\"><strong>Funktionen<\/strong><\/p>\n<ul>\n<li class=\"ai-optimize-28\">90 3-Gewinnt-Levels voller spektraler Herausforderungen warten auf dich!<\/li>\n<li class=\"ai-optimize-28\">Entdecke versteckte Objekte und l\u00f6se R\u00e4tsel, um neue Wege zu entdecken.<\/li>\n<li class=\"ai-optimize-28\">Entdecke innovatives Gameplay mit Talismanen des Lichts.<\/li>\n<li class=\"ai-optimize-28\">Restaurieren Sie das Reliquiar und fordern Sie das Anwesen noch heute zur\u00fcck.<\/li>\n<li class=\"ai-optimize-28\">Verdiene M\u00fcnzen und sammle Troph\u00e4en, um deine Reise zu verbessern.<\/li>\n<\/ul>\n<p>&nbsp;<\/p>\n<p class=\"ai-optimize-29\"><strong>Funktionen der Collector&#8217;s Edition<\/strong><\/p>\n<ul>\n<li class=\"ai-optimize-29\">Entdecken Sie 60 Bonus-Match-Funktionen f\u00fcr ein verbessertes Gameplay!<\/li>\n<li class=\"ai-optimize-29\">Genie\u00dfe 3 zus\u00e4tzliche Levels f\u00fcr l\u00e4ngeren Spielspa\u00df!<\/li>\n<li class=\"ai-optimize-29\">Aufregende Bonus-Minispiele mit einzigartigen Wendungen und R\u00e4tseln!<\/li>\n<li class=\"ai-optimize-29\">Erg\u00e4nzen Sie Ihre Sammlung mit exklusiven Gegenst\u00e4nden f\u00fcr Maximilians Reliquiar!<\/li>\n<li class=\"ai-optimize-29\">Entdecken Sie atemberaubende Hintergrundbilder und Konzeptzeichnungen f\u00fcr Ihren Desktop!<\/li>\n<li class=\"ai-optimize-29\">Entdecke verborgene Geschichten \u00fcber das Verm\u00e4chtnis von Goldenthirst!<\/li>\n<\/ul>\n<p>&nbsp;<\/p>\n<p class=\"ai-optimize-30\">Erlebe einzigartiges Gameplay, atemberaubende Grafik und eine fesselnde Geschichte in dieser exklusiven Collector&#8217;s Edition. Hebe den Fluch auf und stelle den Frieden in deinem verwunschenen Verm\u00e4chtnis wieder her. <\/p>\n<p>&nbsp;<\/p>\n<p>&nbsp;<\/p>\n","protected":false},"excerpt":{"rendered":"<p class=\"ai-optimize-25\">Mit Spooky Dwellers 4 &#8211; Collector&#8217;s Edition kannst du einen dunklen Zauber brechen und geisterhafte Feinde loswerden.<\/p>\n","protected":false},"author":55,"featured_media":145454,"comment_status":"open","ping_status":"closed","template":"","meta":{"_acf_changed":false,"inline_featured_image":false},"product_brand":[],"product_cat":[164,168,176,194],"product_tag":[289],"class_list":{"0":"post-145542","1":"product","2":"type-product","3":"status-publish","4":"has-post-thumbnail","6":"product_cat-hidden-object-de","7":"product_cat-jigsaw-de","8":"product_cat-match-3-de","9":"product_cat-puzzle-de","10":"product_tag-play-on-pc-de","12":"first","13":"instock","14":"shipping-taxable","15":"purchasable","16":"product-type-simple"},"acf":[],"yoast_head":"<!-- This site is optimized with the Yoast SEO Premium plugin v25.2 (Yoast SEO v25.2) - https:\/\/yoast.com\/wordpress\/plugins\/seo\/ -->\n<title>Besiege dunkle Fl\u00fcche und besiege Geister in Spooky Dwellers 4!<\/title>\n<meta name=\"description\" content=\"Mit Spooky Dwellers 4 - Collector&#039;s Edition kannst du einen dunklen Zauber brechen und geisterhafte Feinde loswerden.\" \/>\n<meta name=\"robots\" content=\"index, follow, max-snippet:-1, max-image-preview:large, max-video-preview:-1\" \/>\n<link rel=\"canonical\" href=\"https:\/\/www.iplay.com\/en\/games\/spooky-dwellers-4-collectors-edition\/\" \/>\n<meta property=\"og:locale\" content=\"de_DE\" \/>\n<meta property=\"og:type\" content=\"article\" \/>\n<meta property=\"og:title\" content=\"Spooky Dwellers 4 - Collector&#039;s Edition\" \/>\n<meta property=\"og:description\" content=\"Mit Spooky Dwellers 4 - Collector&#039;s Edition kannst du einen dunklen Zauber brechen und geisterhafte Feinde loswerden.\" \/>\n<meta property=\"og:url\" content=\"https:\/\/www.iplay.com\/en\/games\/spooky-dwellers-4-collectors-edition\/\" \/>\n<meta property=\"og:site_name\" content=\"IPlay\" \/>\n<meta property=\"og:image\" content=\"https:\/\/www.iplay.com\/wp-content\/uploads\/2025\/10\/spooky_dwellers_4_collectors_edition_large_video_screenshot.webp\" \/>\n\t<meta property=\"og:image:width\" content=\"715\" \/>\n\t<meta property=\"og:image:height\" content=\"485\" \/>\n\t<meta property=\"og:image:type\" content=\"image\/webp\" \/>\n<meta name=\"twitter:card\" content=\"summary_large_image\" \/>\n<meta name=\"twitter:label1\" content=\"Gesch\u00e4tzte Lesezeit\" \/>\n\t<meta name=\"twitter:data1\" content=\"1 Minute\" \/>\n<script type=\"application\/ld+json\" class=\"yoast-schema-graph\">{\"@context\":\"https:\/\/schema.org\",\"@graph\":[{\"@type\":\"WebPage\",\"@id\":\"https:\/\/www.iplay.com\/en\/games\/spooky-dwellers-4-collectors-edition\/\",\"url\":\"https:\/\/www.iplay.com\/en\/games\/spooky-dwellers-4-collectors-edition\/\",\"name\":\"Besiege dunkle Fl\u00fcche und besiege Geister in Spooky Dwellers 4!\",\"isPartOf\":{\"@id\":\"https:\/\/www.iplay.com\/en\/#website\"},\"primaryImageOfPage\":{\"@id\":\"https:\/\/www.iplay.com\/en\/games\/spooky-dwellers-4-collectors-edition\/#primaryimage\"},\"image\":{\"@id\":\"https:\/\/www.iplay.com\/en\/games\/spooky-dwellers-4-collectors-edition\/#primaryimage\"},\"thumbnailUrl\":\"https:\/\/www.iplay.com\/wp-content\/uploads\/2025\/10\/spooky_dwellers_4_collectors_edition_large_video_screenshot.webp\",\"datePublished\":\"2025-10-30T07:30:40+00:00\",\"description\":\"Mit Spooky Dwellers 4 - Collector's Edition kannst du einen dunklen Zauber brechen und geisterhafte Feinde loswerden.\",\"breadcrumb\":{\"@id\":\"https:\/\/www.iplay.com\/en\/games\/spooky-dwellers-4-collectors-edition\/#breadcrumb\"},\"inLanguage\":\"de-DE\",\"potentialAction\":[{\"@type\":\"ReadAction\",\"target\":[\"https:\/\/www.iplay.com\/en\/games\/spooky-dwellers-4-collectors-edition\/\"]}]},{\"@type\":\"ImageObject\",\"inLanguage\":\"de-DE\",\"@id\":\"https:\/\/www.iplay.com\/en\/games\/spooky-dwellers-4-collectors-edition\/#primaryimage\",\"url\":\"https:\/\/www.iplay.com\/wp-content\/uploads\/2025\/10\/spooky_dwellers_4_collectors_edition_large_video_screenshot.webp\",\"contentUrl\":\"https:\/\/www.iplay.com\/wp-content\/uploads\/2025\/10\/spooky_dwellers_4_collectors_edition_large_video_screenshot.webp\",\"width\":715,\"height\":485},{\"@type\":\"BreadcrumbList\",\"@id\":\"https:\/\/www.iplay.com\/en\/games\/spooky-dwellers-4-collectors-edition\/#breadcrumb\",\"itemListElement\":[{\"@type\":\"ListItem\",\"position\":1,\"name\":\"Home\",\"item\":\"https:\/\/www.iplay.com\/de\/home-page-2\/\"},{\"@type\":\"ListItem\",\"position\":2,\"name\":\"Shop\",\"item\":\"https:\/\/www.iplay.com\/en\/shop\/\"},{\"@type\":\"ListItem\",\"position\":3,\"name\":\"Spooky Dwellers 4 &#8211; Collector&#8217;s Edition\"}]},{\"@type\":\"WebSite\",\"@id\":\"https:\/\/www.iplay.com\/en\/#website\",\"url\":\"https:\/\/www.iplay.com\/en\/\",\"name\":\"IPlay\",\"description\":\"The Best Casual Games!\",\"publisher\":{\"@id\":\"https:\/\/www.iplay.com\/en\/#organization\"},\"potentialAction\":[{\"@type\":\"SearchAction\",\"target\":{\"@type\":\"EntryPoint\",\"urlTemplate\":\"https:\/\/www.iplay.com\/en\/?s={search_term_string}\"},\"query-input\":{\"@type\":\"PropertyValueSpecification\",\"valueRequired\":true,\"valueName\":\"search_term_string\"}}],\"inLanguage\":\"de-DE\"},{\"@type\":\"Organization\",\"@id\":\"https:\/\/www.iplay.com\/en\/#organization\",\"name\":\"IPlay\",\"url\":\"https:\/\/www.iplay.com\/en\/\",\"logo\":{\"@type\":\"ImageObject\",\"inLanguage\":\"de-DE\",\"@id\":\"https:\/\/www.iplay.com\/en\/#\/schema\/logo\/image\/\",\"url\":\"https:\/\/www.iplay.com\/wp-content\/uploads\/2023\/11\/Group-6100.svg\",\"contentUrl\":\"https:\/\/www.iplay.com\/wp-content\/uploads\/2023\/11\/Group-6100.svg\",\"width\":98,\"height\":25,\"caption\":\"IPlay\"},\"image\":{\"@id\":\"https:\/\/www.iplay.com\/en\/#\/schema\/logo\/image\/\"}}]}<\/script>\n<!-- \/ Yoast SEO Premium plugin. -->","yoast_head_json":{"title":"Besiege dunkle Fl\u00fcche und besiege Geister in Spooky Dwellers 4!","description":"Mit Spooky Dwellers 4 - Collector's Edition kannst du einen dunklen Zauber brechen und geisterhafte Feinde loswerden.","robots":{"index":"index","follow":"follow","max-snippet":"max-snippet:-1","max-image-preview":"max-image-preview:large","max-video-preview":"max-video-preview:-1"},"canonical":"https:\/\/www.iplay.com\/en\/games\/spooky-dwellers-4-collectors-edition\/","og_locale":"de_DE","og_type":"article","og_title":"Spooky Dwellers 4 - Collector's Edition","og_description":"Mit Spooky Dwellers 4 - Collector's Edition kannst du einen dunklen Zauber brechen und geisterhafte Feinde loswerden.","og_url":"https:\/\/www.iplay.com\/en\/games\/spooky-dwellers-4-collectors-edition\/","og_site_name":"IPlay","og_image":[{"width":715,"height":485,"url":"https:\/\/www.iplay.com\/wp-content\/uploads\/2025\/10\/spooky_dwellers_4_collectors_edition_large_video_screenshot.webp","type":"image\/webp"}],"twitter_card":"summary_large_image","twitter_misc":{"Gesch\u00e4tzte Lesezeit":"1 Minute"},"schema":{"@context":"https:\/\/schema.org","@graph":[{"@type":"WebPage","@id":"https:\/\/www.iplay.com\/en\/games\/spooky-dwellers-4-collectors-edition\/","url":"https:\/\/www.iplay.com\/en\/games\/spooky-dwellers-4-collectors-edition\/","name":"Besiege dunkle Fl\u00fcche und besiege Geister in Spooky Dwellers 4!","isPartOf":{"@id":"https:\/\/www.iplay.com\/en\/#website"},"primaryImageOfPage":{"@id":"https:\/\/www.iplay.com\/en\/games\/spooky-dwellers-4-collectors-edition\/#primaryimage"},"image":{"@id":"https:\/\/www.iplay.com\/en\/games\/spooky-dwellers-4-collectors-edition\/#primaryimage"},"thumbnailUrl":"https:\/\/www.iplay.com\/wp-content\/uploads\/2025\/10\/spooky_dwellers_4_collectors_edition_large_video_screenshot.webp","datePublished":"2025-10-30T07:30:40+00:00","description":"Mit Spooky Dwellers 4 - Collector's Edition kannst du einen dunklen Zauber brechen und geisterhafte Feinde loswerden.","breadcrumb":{"@id":"https:\/\/www.iplay.com\/en\/games\/spooky-dwellers-4-collectors-edition\/#breadcrumb"},"inLanguage":"de-DE","potentialAction":[{"@type":"ReadAction","target":["https:\/\/www.iplay.com\/en\/games\/spooky-dwellers-4-collectors-edition\/"]}]},{"@type":"ImageObject","inLanguage":"de-DE","@id":"https:\/\/www.iplay.com\/en\/games\/spooky-dwellers-4-collectors-edition\/#primaryimage","url":"https:\/\/www.iplay.com\/wp-content\/uploads\/2025\/10\/spooky_dwellers_4_collectors_edition_large_video_screenshot.webp","contentUrl":"https:\/\/www.iplay.com\/wp-content\/uploads\/2025\/10\/spooky_dwellers_4_collectors_edition_large_video_screenshot.webp","width":715,"height":485},{"@type":"BreadcrumbList","@id":"https:\/\/www.iplay.com\/en\/games\/spooky-dwellers-4-collectors-edition\/#breadcrumb","itemListElement":[{"@type":"ListItem","position":1,"name":"Home","item":"https:\/\/www.iplay.com\/de\/home-page-2\/"},{"@type":"ListItem","position":2,"name":"Shop","item":"https:\/\/www.iplay.com\/en\/shop\/"},{"@type":"ListItem","position":3,"name":"Spooky Dwellers 4 &#8211; Collector&#8217;s Edition"}]},{"@type":"WebSite","@id":"https:\/\/www.iplay.com\/en\/#website","url":"https:\/\/www.iplay.com\/en\/","name":"IPlay","description":"The Best Casual Games!","publisher":{"@id":"https:\/\/www.iplay.com\/en\/#organization"},"potentialAction":[{"@type":"SearchAction","target":{"@type":"EntryPoint","urlTemplate":"https:\/\/www.iplay.com\/en\/?s={search_term_string}"},"query-input":{"@type":"PropertyValueSpecification","valueRequired":true,"valueName":"search_term_string"}}],"inLanguage":"de-DE"},{"@type":"Organization","@id":"https:\/\/www.iplay.com\/en\/#organization","name":"IPlay","url":"https:\/\/www.iplay.com\/en\/","logo":{"@type":"ImageObject","inLanguage":"de-DE","@id":"https:\/\/www.iplay.com\/en\/#\/schema\/logo\/image\/","url":"https:\/\/www.iplay.com\/wp-content\/uploads\/2023\/11\/Group-6100.svg","contentUrl":"https:\/\/www.iplay.com\/wp-content\/uploads\/2023\/11\/Group-6100.svg","width":98,"height":25,"caption":"IPlay"},"image":{"@id":"https:\/\/www.iplay.com\/en\/#\/schema\/logo\/image\/"}}]}},"_links":{"self":[{"href":"https:\/\/www.iplay.com\/de\/wp-json\/wp\/v2\/product\/145542","targetHints":{"allow":["GET"]}}],"collection":[{"href":"https:\/\/www.iplay.com\/de\/wp-json\/wp\/v2\/product"}],"about":[{"href":"https:\/\/www.iplay.com\/de\/wp-json\/wp\/v2\/types\/product"}],"author":[{"embeddable":true,"href":"https:\/\/www.iplay.com\/de\/wp-json\/wp\/v2\/users\/55"}],"replies":[{"embeddable":true,"href":"https:\/\/www.iplay.com\/de\/wp-json\/wp\/v2\/comments?post=145542"}],"wp:featuredmedia":[{"embeddable":true,"href":"https:\/\/www.iplay.com\/de\/wp-json\/wp\/v2\/media\/145454"}],"wp:attachment":[{"href":"https:\/\/www.iplay.com\/de\/wp-json\/wp\/v2\/media?parent=145542"}],"wp:term":[{"taxonomy":"product_brand","embeddable":true,"href":"https:\/\/www.iplay.com\/de\/wp-json\/wp\/v2\/product_brand?post=145542"},{"taxonomy":"product_cat","embeddable":true,"href":"https:\/\/www.iplay.com\/de\/wp-json\/wp\/v2\/product_cat?post=145542"},{"taxonomy":"product_tag","embeddable":true,"href":"https:\/\/www.iplay.com\/de\/wp-json\/wp\/v2\/product_tag?post=145542"}],"curies":[{"name":"wp","href":"https:\/\/api.w.org\/{rel}","templated":true}]}}