{"id":145238,"date":"2017-05-30T00:00:00","date_gmt":"2017-05-30T00:00:00","guid":{"rendered":"https:\/\/www.iplay.com\/games\/the-rivers-of-alice-extended-version\/"},"modified":"2017-05-30T00:00:00","modified_gmt":"2017-05-30T00:00:00","slug":"the-rivers-of-alice-extended-version","status":"publish","type":"product","link":"https:\/\/www.iplay.com\/de\/games\/the-rivers-of-alice-extended-version\/","title":{"rendered":"The Rivers of Alice &#8211; Extended Version"},"content":{"rendered":"<p><strong>The Rivers of Alice ist ein klassisches<\/strong> , emotionales, grafisches Abenteuer, das in einem Universum voller R\u00e4tsel und Charaktere aus der Fantasie von Vetusta Morla spielt. Jedes Mal, wenn Alice einschl\u00e4ft, betritt sie eine Fantasiewelt, in der der Spieler ihr helfen muss, sich ihren \u00c4ngsten zu stellen. <\/p>\n<p>&nbsp;<\/p>\n<p><strong>The Rivers of Alice: Extended Version<\/strong> ist ein sanftes Spiel, in dem die Spieler die wundersch\u00f6nen Aquarell-, Tusche- und Bleistiftzeichnungen von Ane Pikaza genie\u00dfen und gleichzeitig die Emotionen des wundersch\u00f6nen Soundtracks (der von der spanischen Indie-Rock-Gruppe Vetusta Morla speziell f\u00fcr ihn komponiert wurde) sp\u00fcren.<\/p>\n<p>&nbsp;<\/p>\n<p>Das grafische Abenteuer umfasst 10 Charaktere und 20 R\u00e4tsel auf 15 Bildschirmen, mit 11 Klangumgebungen und 13 exklusiven Kompositionen von Vetusta Morla. 700 Animationen der Hauptfiguren, 177 Gespr\u00e4che und 717 Objekte und Charaktere in mehr als 1500 kunstvollen Illustrationen erwecken Alices seltsames und wunderbares Universum zum Leben. <\/p>\n<p>&nbsp;<\/p>\n<p>&nbsp;<\/p>\n<p><strong>Funktionen:<\/strong><\/p>\n<p>&nbsp;<\/p>\n<p>&#8211; <strong>Herausfordernde R\u00e4tsel warten auf<\/strong> dich &#8211; Nutze deinen Verstand und unterhalte dich mit einer mysteri\u00f6sen Gruppe von Charakteren, um herauszufinden, was sich tief in Alices Unterbewusstsein verbirgt. Begeben Sie sich auf eine Reise der Selbstfindung und Erleuchtung, w\u00e4hrend Sie Alice helfen, sich den \u00c4ngsten ihres Alltags wie Faulheit, Neid und Unehrlichkeit zu stellen.<br \/>\n&#8211; <strong>Lebendiger Soundtrack <\/strong>&#8211; Von der sanften Gitarre, die in der Er\u00f6ffnungsszene weicht, bis hin zu den vertr\u00e4umten Klavierkompositionen im gesamten Spiel f\u00fcllen die 13 exklusiven Tracks von Vetusta Morla jeden Bereich des Spiels mit intensiven Emotionen.<br \/>\n&#8211; <strong>Kunstvoll gestaltetes Abenteuer<\/strong> &#8211; 700 Animationen der Hauptcharaktere, 177 Gespr\u00e4che und 717 Objekte und Charaktere in mehr als 1.500 kunstvollen Illustrationen erwecken Alices Universum in diesem surrealen Point-and-Click-Abenteuerspiel zum Leben.<\/p>\n","protected":false},"excerpt":{"rendered":"<p>Ein bizarrer Point-and-Click-Adventure-Titel<\/p>\n","protected":false},"author":224,"featured_media":88837,"comment_status":"open","ping_status":"closed","template":"","meta":{"_acf_changed":false,"inline_featured_image":false},"product_brand":[],"product_cat":[149],"product_tag":[289],"class_list":{"0":"post-145238","1":"product","2":"type-product","3":"status-publish","4":"has-post-thumbnail","6":"product_cat-adventure-de","7":"product_tag-play-on-pc-de","9":"first","10":"instock","11":"shipping-taxable","12":"purchasable","13":"product-type-simple"},"acf":[],"yoast_head":"<!-- This site is optimized with the Yoast SEO Premium plugin v25.2 (Yoast SEO v25.2) - https:\/\/yoast.com\/wordpress\/plugins\/seo\/ -->\n<title>Die Fl\u00fcsse von Alice - Extended Version - Ein surreales Point-and-Click-Adventure<\/title>\n<meta name=\"robots\" content=\"index, follow, max-snippet:-1, max-image-preview:large, max-video-preview:-1\" \/>\n<link rel=\"canonical\" href=\"https:\/\/www.iplay.com\/de\/games\/the-rivers-of-alice-extended-version\/\" \/>\n<meta property=\"og:locale\" content=\"de_DE\" \/>\n<meta property=\"og:type\" content=\"article\" \/>\n<meta property=\"og:title\" content=\"The Rivers of Alice - Extended Version\" \/>\n<meta property=\"og:url\" content=\"https:\/\/www.iplay.com\/de\/games\/the-rivers-of-alice-extended-version\/\" \/>\n<meta property=\"og:site_name\" content=\"IPlay\" \/>\n<meta property=\"og:image\" content=\"https:\/\/www.iplay.com\/wp-content\/uploads\/2023\/12\/large_square_tile_image-3064.jpg\" \/>\n\t<meta property=\"og:image:width\" content=\"310\" \/>\n\t<meta property=\"og:image:height\" content=\"310\" \/>\n\t<meta property=\"og:image:type\" content=\"image\/jpeg\" \/>\n<meta name=\"twitter:card\" content=\"summary_large_image\" \/>\n<meta name=\"twitter:label1\" content=\"Gesch\u00e4tzte Lesezeit\" \/>\n\t<meta name=\"twitter:data1\" content=\"1 Minute\" \/>\n<script type=\"application\/ld+json\" class=\"yoast-schema-graph\">{\"@context\":\"https:\/\/schema.org\",\"@graph\":[{\"@type\":\"WebPage\",\"@id\":\"https:\/\/www.iplay.com\/de\/games\/the-rivers-of-alice-extended-version\/\",\"url\":\"https:\/\/www.iplay.com\/de\/games\/the-rivers-of-alice-extended-version\/\",\"name\":\"Die Fl\u00fcsse von Alice - Extended Version - Ein surreales Point-and-Click-Adventure\",\"isPartOf\":{\"@id\":\"https:\/\/www.iplay.com\/en\/#website\"},\"primaryImageOfPage\":{\"@id\":\"https:\/\/www.iplay.com\/de\/games\/the-rivers-of-alice-extended-version\/#primaryimage\"},\"image\":{\"@id\":\"https:\/\/www.iplay.com\/de\/games\/the-rivers-of-alice-extended-version\/#primaryimage\"},\"thumbnailUrl\":\"https:\/\/www.iplay.com\/wp-content\/uploads\/2023\/12\/large_square_tile_image-3064.jpg\",\"datePublished\":\"2017-05-30T00:00:00+00:00\",\"breadcrumb\":{\"@id\":\"https:\/\/www.iplay.com\/de\/games\/the-rivers-of-alice-extended-version\/#breadcrumb\"},\"inLanguage\":\"de-DE\",\"potentialAction\":[{\"@type\":\"ReadAction\",\"target\":[\"https:\/\/www.iplay.com\/de\/games\/the-rivers-of-alice-extended-version\/\"]}]},{\"@type\":\"ImageObject\",\"inLanguage\":\"de-DE\",\"@id\":\"https:\/\/www.iplay.com\/de\/games\/the-rivers-of-alice-extended-version\/#primaryimage\",\"url\":\"https:\/\/www.iplay.com\/wp-content\/uploads\/2023\/12\/large_square_tile_image-3064.jpg\",\"contentUrl\":\"https:\/\/www.iplay.com\/wp-content\/uploads\/2023\/12\/large_square_tile_image-3064.jpg\",\"width\":310,\"height\":310},{\"@type\":\"BreadcrumbList\",\"@id\":\"https:\/\/www.iplay.com\/de\/games\/the-rivers-of-alice-extended-version\/#breadcrumb\",\"itemListElement\":[{\"@type\":\"ListItem\",\"position\":1,\"name\":\"Home\",\"item\":\"https:\/\/www.iplay.com\/de\/home-page-2\/\"},{\"@type\":\"ListItem\",\"position\":2,\"name\":\"Shop\",\"item\":\"https:\/\/www.iplay.com\/en\/shop\/\"},{\"@type\":\"ListItem\",\"position\":3,\"name\":\"The Rivers of Alice &#8211; Extended Version\"}]},{\"@type\":\"WebSite\",\"@id\":\"https:\/\/www.iplay.com\/en\/#website\",\"url\":\"https:\/\/www.iplay.com\/en\/\",\"name\":\"IPlay\",\"description\":\"The Best Casual Games!\",\"publisher\":{\"@id\":\"https:\/\/www.iplay.com\/en\/#organization\"},\"potentialAction\":[{\"@type\":\"SearchAction\",\"target\":{\"@type\":\"EntryPoint\",\"urlTemplate\":\"https:\/\/www.iplay.com\/en\/?s={search_term_string}\"},\"query-input\":{\"@type\":\"PropertyValueSpecification\",\"valueRequired\":true,\"valueName\":\"search_term_string\"}}],\"inLanguage\":\"de-DE\"},{\"@type\":\"Organization\",\"@id\":\"https:\/\/www.iplay.com\/en\/#organization\",\"name\":\"IPlay\",\"url\":\"https:\/\/www.iplay.com\/en\/\",\"logo\":{\"@type\":\"ImageObject\",\"inLanguage\":\"de-DE\",\"@id\":\"https:\/\/www.iplay.com\/en\/#\/schema\/logo\/image\/\",\"url\":\"https:\/\/www.iplay.com\/wp-content\/uploads\/2023\/11\/Group-6100.svg\",\"contentUrl\":\"https:\/\/www.iplay.com\/wp-content\/uploads\/2023\/11\/Group-6100.svg\",\"width\":98,\"height\":25,\"caption\":\"IPlay\"},\"image\":{\"@id\":\"https:\/\/www.iplay.com\/en\/#\/schema\/logo\/image\/\"}}]}<\/script>\n<!-- \/ Yoast SEO Premium plugin. -->","yoast_head_json":{"title":"Die Fl\u00fcsse von Alice - Extended Version - Ein surreales Point-and-Click-Adventure","robots":{"index":"index","follow":"follow","max-snippet":"max-snippet:-1","max-image-preview":"max-image-preview:large","max-video-preview":"max-video-preview:-1"},"canonical":"https:\/\/www.iplay.com\/de\/games\/the-rivers-of-alice-extended-version\/","og_locale":"de_DE","og_type":"article","og_title":"The Rivers of Alice - Extended Version","og_url":"https:\/\/www.iplay.com\/de\/games\/the-rivers-of-alice-extended-version\/","og_site_name":"IPlay","og_image":[{"width":310,"height":310,"url":"https:\/\/www.iplay.com\/wp-content\/uploads\/2023\/12\/large_square_tile_image-3064.jpg","type":"image\/jpeg"}],"twitter_card":"summary_large_image","twitter_misc":{"Gesch\u00e4tzte Lesezeit":"1 Minute"},"schema":{"@context":"https:\/\/schema.org","@graph":[{"@type":"WebPage","@id":"https:\/\/www.iplay.com\/de\/games\/the-rivers-of-alice-extended-version\/","url":"https:\/\/www.iplay.com\/de\/games\/the-rivers-of-alice-extended-version\/","name":"Die Fl\u00fcsse von Alice - Extended Version - Ein surreales Point-and-Click-Adventure","isPartOf":{"@id":"https:\/\/www.iplay.com\/en\/#website"},"primaryImageOfPage":{"@id":"https:\/\/www.iplay.com\/de\/games\/the-rivers-of-alice-extended-version\/#primaryimage"},"image":{"@id":"https:\/\/www.iplay.com\/de\/games\/the-rivers-of-alice-extended-version\/#primaryimage"},"thumbnailUrl":"https:\/\/www.iplay.com\/wp-content\/uploads\/2023\/12\/large_square_tile_image-3064.jpg","datePublished":"2017-05-30T00:00:00+00:00","breadcrumb":{"@id":"https:\/\/www.iplay.com\/de\/games\/the-rivers-of-alice-extended-version\/#breadcrumb"},"inLanguage":"de-DE","potentialAction":[{"@type":"ReadAction","target":["https:\/\/www.iplay.com\/de\/games\/the-rivers-of-alice-extended-version\/"]}]},{"@type":"ImageObject","inLanguage":"de-DE","@id":"https:\/\/www.iplay.com\/de\/games\/the-rivers-of-alice-extended-version\/#primaryimage","url":"https:\/\/www.iplay.com\/wp-content\/uploads\/2023\/12\/large_square_tile_image-3064.jpg","contentUrl":"https:\/\/www.iplay.com\/wp-content\/uploads\/2023\/12\/large_square_tile_image-3064.jpg","width":310,"height":310},{"@type":"BreadcrumbList","@id":"https:\/\/www.iplay.com\/de\/games\/the-rivers-of-alice-extended-version\/#breadcrumb","itemListElement":[{"@type":"ListItem","position":1,"name":"Home","item":"https:\/\/www.iplay.com\/de\/home-page-2\/"},{"@type":"ListItem","position":2,"name":"Shop","item":"https:\/\/www.iplay.com\/en\/shop\/"},{"@type":"ListItem","position":3,"name":"The Rivers of Alice &#8211; Extended Version"}]},{"@type":"WebSite","@id":"https:\/\/www.iplay.com\/en\/#website","url":"https:\/\/www.iplay.com\/en\/","name":"IPlay","description":"The Best Casual Games!","publisher":{"@id":"https:\/\/www.iplay.com\/en\/#organization"},"potentialAction":[{"@type":"SearchAction","target":{"@type":"EntryPoint","urlTemplate":"https:\/\/www.iplay.com\/en\/?s={search_term_string}"},"query-input":{"@type":"PropertyValueSpecification","valueRequired":true,"valueName":"search_term_string"}}],"inLanguage":"de-DE"},{"@type":"Organization","@id":"https:\/\/www.iplay.com\/en\/#organization","name":"IPlay","url":"https:\/\/www.iplay.com\/en\/","logo":{"@type":"ImageObject","inLanguage":"de-DE","@id":"https:\/\/www.iplay.com\/en\/#\/schema\/logo\/image\/","url":"https:\/\/www.iplay.com\/wp-content\/uploads\/2023\/11\/Group-6100.svg","contentUrl":"https:\/\/www.iplay.com\/wp-content\/uploads\/2023\/11\/Group-6100.svg","width":98,"height":25,"caption":"IPlay"},"image":{"@id":"https:\/\/www.iplay.com\/en\/#\/schema\/logo\/image\/"}}]}},"_links":{"self":[{"href":"https:\/\/www.iplay.com\/de\/wp-json\/wp\/v2\/product\/145238","targetHints":{"allow":["GET"]}}],"collection":[{"href":"https:\/\/www.iplay.com\/de\/wp-json\/wp\/v2\/product"}],"about":[{"href":"https:\/\/www.iplay.com\/de\/wp-json\/wp\/v2\/types\/product"}],"author":[{"embeddable":true,"href":"https:\/\/www.iplay.com\/de\/wp-json\/wp\/v2\/users\/224"}],"replies":[{"embeddable":true,"href":"https:\/\/www.iplay.com\/de\/wp-json\/wp\/v2\/comments?post=145238"}],"wp:featuredmedia":[{"embeddable":true,"href":"https:\/\/www.iplay.com\/de\/wp-json\/wp\/v2\/media\/88837"}],"wp:attachment":[{"href":"https:\/\/www.iplay.com\/de\/wp-json\/wp\/v2\/media?parent=145238"}],"wp:term":[{"taxonomy":"product_brand","embeddable":true,"href":"https:\/\/www.iplay.com\/de\/wp-json\/wp\/v2\/product_brand?post=145238"},{"taxonomy":"product_cat","embeddable":true,"href":"https:\/\/www.iplay.com\/de\/wp-json\/wp\/v2\/product_cat?post=145238"},{"taxonomy":"product_tag","embeddable":true,"href":"https:\/\/www.iplay.com\/de\/wp-json\/wp\/v2\/product_tag?post=145238"}],"curies":[{"name":"wp","href":"https:\/\/api.w.org\/{rel}","templated":true}]}}