{"id":144608,"date":"2025-10-03T08:30:52","date_gmt":"2025-10-03T08:30:52","guid":{"rendered":"https:\/\/www.iplay.com\/?post_type=product&p=144608"},"modified":"2025-10-03T08:30:52","modified_gmt":"2025-10-03T08:30:52","slug":"argonauts-agency-10-wrath-of-olympus-collectors-edition","status":"publish","type":"product","link":"https:\/\/www.iplay.com\/de\/games\/argonauts-agency-10-wrath-of-olympus-collectors-edition\/","title":{"rendered":"Argonauts Agency 10: Wrath Of Olympus Collector&#8217;s Edition"},"content":{"rendered":"<p class=\"ai-optimize-32 ai-optimize-introduction\">Die Gottheiten sind w\u00fctend, und ihre Wut erzittert im Kern des antiken Hellas. Verheerende Erdbeben, heftige St\u00fcrme und unerbittliche Hungersn\u00f6te verw\u00fcsten das Land und hinterlassen eine Landschaft der Zerst\u00f6rung. Als Kapit\u00e4n der Argonauten hast du die Aufgabe, Jason und seine heldenhafte Crew durch eine heimt\u00fcckische Expedition durch heilige Tempel, verwunschene St\u00e4dte und verlorene Gebiete zu f\u00fchren, um den Ursprung dieser himmlischen Katastrophen zu enth\u00fcllen.  <\/p>\n<p class=\"ai-optimize-33\">Begegne den Gottheiten aus n\u00e4chster N\u00e4he \u2013 vom leuchtenden Apollo bis zum st\u00fcrmischen Poseidon \u2013 und entdecke die Beweggr\u00fcnde hinter ihrem Zorn. Mit einer Mischung aus Diplomatie, Mut und strategischem Denken stellst du dich legend\u00e4ren Gegnern, entr\u00e4tselst zeitlose R\u00e4tsel und triffst Entscheidungen, die das Schicksal der Welt bestimmen werden. <\/p>\n<p>Argonauts Agency 10: Wrath of Olympus CE entfaltet eine fesselnde Erz\u00e4hlung \u00fcber Erl\u00f6sung, Einheit und Hoffnung. Erlebe die Geschichte durch dynamische Zwischensequenzen im Comic-Stil, fesselndes Gameplay und bezaubernde Musik, die die Essenz Griechenlands wundersch\u00f6n einf\u00e4ngt. Kannst du den Sturm bes\u00e4nftigen, bevor der Olymp auseinanderf\u00e4llt?  <\/p>\n<p>&nbsp;<\/p>\n<p class=\"ai-optimize-34\"><strong>Funktionen<\/strong><\/p>\n<ul>\n<li class=\"ai-optimize-34\">Apollo tritt als m\u00e4chtiger neuer Verb\u00fcndeter in den Kampf ein<\/li>\n<li class=\"ai-optimize-34\">Begib dich auf Jasons aufregende Suche voller Konflikte und L\u00f6sungen<\/li>\n<li class=\"ai-optimize-34\">Erfreuen Sie sich an immersiven Klanglandschaften, die von den Melodien des antiken Griechenlands inspiriert sind<\/li>\n<li class=\"ai-optimize-34\">Entdecke verschiedene Spielmechaniken an faszinierenden Orten<\/li>\n<li class=\"ai-optimize-34\">Erlebe dynamische Zwischensequenzen im Comic-Stil, die die Geschichte lebendig animieren<\/li>\n<li class=\"ai-optimize-34\">Entdecke legend\u00e4re G\u00f6tter auf einer epischen, mythenumwobenen Reise.<\/li>\n<\/ul>\n","protected":false},"excerpt":{"rendered":"<p>F\u00fchre Jason und die Argonauten durch einen Wirbelsturm des g\u00f6ttlichen Chaos, um die Harmonie in die legend\u00e4ren Reiche des antiken Griechenlands zur\u00fcckzubringen!<\/p>\n","protected":false},"author":13,"featured_media":144449,"comment_status":"open","ping_status":"closed","template":"","meta":{"_acf_changed":false,"inline_featured_image":false},"product_brand":[],"product_cat":[217],"product_tag":[289],"class_list":{"0":"post-144608","1":"product","2":"type-product","3":"status-publish","4":"has-post-thumbnail","6":"product_cat-time-management-de","7":"product_tag-play-on-pc-de","9":"first","10":"instock","11":"shipping-taxable","12":"purchasable","13":"product-type-simple"},"acf":[],"yoast_head":"<!-- This site is optimized with the Yoast SEO Premium plugin v25.2 (Yoast SEO v25.2) - https:\/\/yoast.com\/wordpress\/plugins\/seo\/ -->\n<title>Argonauts Agency 10: Wrath of Olympus CE - Stelle den Frieden im antiken Griechenland wieder her!<\/title>\n<meta name=\"description\" content=\"F\u00fchre Jason und die Argonauten durch einen Wirbelsturm des g\u00f6ttlichen Chaos, um die Harmonie in die legend\u00e4ren Reiche des antiken Griechenlands zur\u00fcckzubringen!\" \/>\n<meta name=\"robots\" content=\"index, follow, max-snippet:-1, max-image-preview:large, max-video-preview:-1\" \/>\n<link rel=\"canonical\" href=\"https:\/\/www.iplay.com\/en\/games\/argonauts-agency-10-wrath-of-olympus-collectors-edition\/\" \/>\n<meta property=\"og:locale\" content=\"de_DE\" \/>\n<meta property=\"og:type\" content=\"article\" \/>\n<meta property=\"og:title\" content=\"Argonauts Agency 10: Wrath Of Olympus Collector&#039;s Edition\" \/>\n<meta property=\"og:description\" content=\"F\u00fchre Jason und die Argonauten durch einen Wirbelsturm des g\u00f6ttlichen Chaos, um die Harmonie in die legend\u00e4ren Reiche des antiken Griechenlands zur\u00fcckzubringen!\" \/>\n<meta property=\"og:url\" content=\"https:\/\/www.iplay.com\/en\/games\/argonauts-agency-10-wrath-of-olympus-collectors-edition\/\" \/>\n<meta property=\"og:site_name\" content=\"IPlay\" \/>\n<meta property=\"og:image\" content=\"https:\/\/www.iplay.com\/wp-content\/uploads\/2025\/10\/argonauts_agency_10_wrath_of_olympus_ce_large_video_screenshot.webp\" \/>\n\t<meta property=\"og:image:width\" content=\"715\" \/>\n\t<meta property=\"og:image:height\" content=\"485\" \/>\n\t<meta property=\"og:image:type\" content=\"image\/webp\" \/>\n<meta name=\"twitter:card\" content=\"summary_large_image\" \/>\n<meta name=\"twitter:label1\" content=\"Gesch\u00e4tzte Lesezeit\" \/>\n\t<meta name=\"twitter:data1\" content=\"1 Minute\" \/>\n<script type=\"application\/ld+json\" class=\"yoast-schema-graph\">{\"@context\":\"https:\/\/schema.org\",\"@graph\":[{\"@type\":\"WebPage\",\"@id\":\"https:\/\/www.iplay.com\/en\/games\/argonauts-agency-10-wrath-of-olympus-collectors-edition\/\",\"url\":\"https:\/\/www.iplay.com\/en\/games\/argonauts-agency-10-wrath-of-olympus-collectors-edition\/\",\"name\":\"Argonauts Agency 10: Wrath of Olympus CE - Stelle den Frieden im antiken Griechenland wieder her!\",\"isPartOf\":{\"@id\":\"https:\/\/www.iplay.com\/en\/#website\"},\"primaryImageOfPage\":{\"@id\":\"https:\/\/www.iplay.com\/en\/games\/argonauts-agency-10-wrath-of-olympus-collectors-edition\/#primaryimage\"},\"image\":{\"@id\":\"https:\/\/www.iplay.com\/en\/games\/argonauts-agency-10-wrath-of-olympus-collectors-edition\/#primaryimage\"},\"thumbnailUrl\":\"https:\/\/www.iplay.com\/wp-content\/uploads\/2025\/10\/argonauts_agency_10_wrath_of_olympus_ce_large_square_tile_image.webp\",\"datePublished\":\"2025-10-03T08:30:52+00:00\",\"description\":\"F\u00fchre Jason und die Argonauten durch einen Wirbelsturm des g\u00f6ttlichen Chaos, um die Harmonie in die legend\u00e4ren Reiche des antiken Griechenlands zur\u00fcckzubringen!\",\"breadcrumb\":{\"@id\":\"https:\/\/www.iplay.com\/en\/games\/argonauts-agency-10-wrath-of-olympus-collectors-edition\/#breadcrumb\"},\"inLanguage\":\"de-DE\",\"potentialAction\":[{\"@type\":\"ReadAction\",\"target\":[\"https:\/\/www.iplay.com\/en\/games\/argonauts-agency-10-wrath-of-olympus-collectors-edition\/\"]}]},{\"@type\":\"ImageObject\",\"inLanguage\":\"de-DE\",\"@id\":\"https:\/\/www.iplay.com\/en\/games\/argonauts-agency-10-wrath-of-olympus-collectors-edition\/#primaryimage\",\"url\":\"https:\/\/www.iplay.com\/wp-content\/uploads\/2025\/10\/argonauts_agency_10_wrath_of_olympus_ce_large_square_tile_image.webp\",\"contentUrl\":\"https:\/\/www.iplay.com\/wp-content\/uploads\/2025\/10\/argonauts_agency_10_wrath_of_olympus_ce_large_square_tile_image.webp\",\"width\":310,\"height\":310},{\"@type\":\"BreadcrumbList\",\"@id\":\"https:\/\/www.iplay.com\/en\/games\/argonauts-agency-10-wrath-of-olympus-collectors-edition\/#breadcrumb\",\"itemListElement\":[{\"@type\":\"ListItem\",\"position\":1,\"name\":\"Home\",\"item\":\"https:\/\/www.iplay.com\/de\/home-page-2\/\"},{\"@type\":\"ListItem\",\"position\":2,\"name\":\"Shop\",\"item\":\"https:\/\/www.iplay.com\/en\/shop\/\"},{\"@type\":\"ListItem\",\"position\":3,\"name\":\"Argonauts Agency 10: Wrath Of Olympus Collector&#8217;s Edition\"}]},{\"@type\":\"WebSite\",\"@id\":\"https:\/\/www.iplay.com\/en\/#website\",\"url\":\"https:\/\/www.iplay.com\/en\/\",\"name\":\"IPlay\",\"description\":\"The Best Casual Games!\",\"publisher\":{\"@id\":\"https:\/\/www.iplay.com\/en\/#organization\"},\"potentialAction\":[{\"@type\":\"SearchAction\",\"target\":{\"@type\":\"EntryPoint\",\"urlTemplate\":\"https:\/\/www.iplay.com\/en\/?s={search_term_string}\"},\"query-input\":{\"@type\":\"PropertyValueSpecification\",\"valueRequired\":true,\"valueName\":\"search_term_string\"}}],\"inLanguage\":\"de-DE\"},{\"@type\":\"Organization\",\"@id\":\"https:\/\/www.iplay.com\/en\/#organization\",\"name\":\"IPlay\",\"url\":\"https:\/\/www.iplay.com\/en\/\",\"logo\":{\"@type\":\"ImageObject\",\"inLanguage\":\"de-DE\",\"@id\":\"https:\/\/www.iplay.com\/en\/#\/schema\/logo\/image\/\",\"url\":\"https:\/\/www.iplay.com\/wp-content\/uploads\/2023\/11\/Group-6100.svg\",\"contentUrl\":\"https:\/\/www.iplay.com\/wp-content\/uploads\/2023\/11\/Group-6100.svg\",\"width\":98,\"height\":25,\"caption\":\"IPlay\"},\"image\":{\"@id\":\"https:\/\/www.iplay.com\/en\/#\/schema\/logo\/image\/\"}}]}<\/script>\n<!-- \/ Yoast SEO Premium plugin. -->","yoast_head_json":{"title":"Argonauts Agency 10: Wrath of Olympus CE - Stelle den Frieden im antiken Griechenland wieder her!","description":"F\u00fchre Jason und die Argonauten durch einen Wirbelsturm des g\u00f6ttlichen Chaos, um die Harmonie in die legend\u00e4ren Reiche des antiken Griechenlands zur\u00fcckzubringen!","robots":{"index":"index","follow":"follow","max-snippet":"max-snippet:-1","max-image-preview":"max-image-preview:large","max-video-preview":"max-video-preview:-1"},"canonical":"https:\/\/www.iplay.com\/en\/games\/argonauts-agency-10-wrath-of-olympus-collectors-edition\/","og_locale":"de_DE","og_type":"article","og_title":"Argonauts Agency 10: Wrath Of Olympus Collector's Edition","og_description":"F\u00fchre Jason und die Argonauten durch einen Wirbelsturm des g\u00f6ttlichen Chaos, um die Harmonie in die legend\u00e4ren Reiche des antiken Griechenlands zur\u00fcckzubringen!","og_url":"https:\/\/www.iplay.com\/en\/games\/argonauts-agency-10-wrath-of-olympus-collectors-edition\/","og_site_name":"IPlay","og_image":[{"width":715,"height":485,"url":"https:\/\/www.iplay.com\/wp-content\/uploads\/2025\/10\/argonauts_agency_10_wrath_of_olympus_ce_large_video_screenshot.webp","type":"image\/webp"}],"twitter_card":"summary_large_image","twitter_misc":{"Gesch\u00e4tzte Lesezeit":"1 Minute"},"schema":{"@context":"https:\/\/schema.org","@graph":[{"@type":"WebPage","@id":"https:\/\/www.iplay.com\/en\/games\/argonauts-agency-10-wrath-of-olympus-collectors-edition\/","url":"https:\/\/www.iplay.com\/en\/games\/argonauts-agency-10-wrath-of-olympus-collectors-edition\/","name":"Argonauts Agency 10: Wrath of Olympus CE - Stelle den Frieden im antiken Griechenland wieder her!","isPartOf":{"@id":"https:\/\/www.iplay.com\/en\/#website"},"primaryImageOfPage":{"@id":"https:\/\/www.iplay.com\/en\/games\/argonauts-agency-10-wrath-of-olympus-collectors-edition\/#primaryimage"},"image":{"@id":"https:\/\/www.iplay.com\/en\/games\/argonauts-agency-10-wrath-of-olympus-collectors-edition\/#primaryimage"},"thumbnailUrl":"https:\/\/www.iplay.com\/wp-content\/uploads\/2025\/10\/argonauts_agency_10_wrath_of_olympus_ce_large_square_tile_image.webp","datePublished":"2025-10-03T08:30:52+00:00","description":"F\u00fchre Jason und die Argonauten durch einen Wirbelsturm des g\u00f6ttlichen Chaos, um die Harmonie in die legend\u00e4ren Reiche des antiken Griechenlands zur\u00fcckzubringen!","breadcrumb":{"@id":"https:\/\/www.iplay.com\/en\/games\/argonauts-agency-10-wrath-of-olympus-collectors-edition\/#breadcrumb"},"inLanguage":"de-DE","potentialAction":[{"@type":"ReadAction","target":["https:\/\/www.iplay.com\/en\/games\/argonauts-agency-10-wrath-of-olympus-collectors-edition\/"]}]},{"@type":"ImageObject","inLanguage":"de-DE","@id":"https:\/\/www.iplay.com\/en\/games\/argonauts-agency-10-wrath-of-olympus-collectors-edition\/#primaryimage","url":"https:\/\/www.iplay.com\/wp-content\/uploads\/2025\/10\/argonauts_agency_10_wrath_of_olympus_ce_large_square_tile_image.webp","contentUrl":"https:\/\/www.iplay.com\/wp-content\/uploads\/2025\/10\/argonauts_agency_10_wrath_of_olympus_ce_large_square_tile_image.webp","width":310,"height":310},{"@type":"BreadcrumbList","@id":"https:\/\/www.iplay.com\/en\/games\/argonauts-agency-10-wrath-of-olympus-collectors-edition\/#breadcrumb","itemListElement":[{"@type":"ListItem","position":1,"name":"Home","item":"https:\/\/www.iplay.com\/de\/home-page-2\/"},{"@type":"ListItem","position":2,"name":"Shop","item":"https:\/\/www.iplay.com\/en\/shop\/"},{"@type":"ListItem","position":3,"name":"Argonauts Agency 10: Wrath Of Olympus Collector&#8217;s Edition"}]},{"@type":"WebSite","@id":"https:\/\/www.iplay.com\/en\/#website","url":"https:\/\/www.iplay.com\/en\/","name":"IPlay","description":"The Best Casual Games!","publisher":{"@id":"https:\/\/www.iplay.com\/en\/#organization"},"potentialAction":[{"@type":"SearchAction","target":{"@type":"EntryPoint","urlTemplate":"https:\/\/www.iplay.com\/en\/?s={search_term_string}"},"query-input":{"@type":"PropertyValueSpecification","valueRequired":true,"valueName":"search_term_string"}}],"inLanguage":"de-DE"},{"@type":"Organization","@id":"https:\/\/www.iplay.com\/en\/#organization","name":"IPlay","url":"https:\/\/www.iplay.com\/en\/","logo":{"@type":"ImageObject","inLanguage":"de-DE","@id":"https:\/\/www.iplay.com\/en\/#\/schema\/logo\/image\/","url":"https:\/\/www.iplay.com\/wp-content\/uploads\/2023\/11\/Group-6100.svg","contentUrl":"https:\/\/www.iplay.com\/wp-content\/uploads\/2023\/11\/Group-6100.svg","width":98,"height":25,"caption":"IPlay"},"image":{"@id":"https:\/\/www.iplay.com\/en\/#\/schema\/logo\/image\/"}}]}},"_links":{"self":[{"href":"https:\/\/www.iplay.com\/de\/wp-json\/wp\/v2\/product\/144608","targetHints":{"allow":["GET"]}}],"collection":[{"href":"https:\/\/www.iplay.com\/de\/wp-json\/wp\/v2\/product"}],"about":[{"href":"https:\/\/www.iplay.com\/de\/wp-json\/wp\/v2\/types\/product"}],"author":[{"embeddable":true,"href":"https:\/\/www.iplay.com\/de\/wp-json\/wp\/v2\/users\/13"}],"replies":[{"embeddable":true,"href":"https:\/\/www.iplay.com\/de\/wp-json\/wp\/v2\/comments?post=144608"}],"wp:featuredmedia":[{"embeddable":true,"href":"https:\/\/www.iplay.com\/de\/wp-json\/wp\/v2\/media\/144449"}],"wp:attachment":[{"href":"https:\/\/www.iplay.com\/de\/wp-json\/wp\/v2\/media?parent=144608"}],"wp:term":[{"taxonomy":"product_brand","embeddable":true,"href":"https:\/\/www.iplay.com\/de\/wp-json\/wp\/v2\/product_brand?post=144608"},{"taxonomy":"product_cat","embeddable":true,"href":"https:\/\/www.iplay.com\/de\/wp-json\/wp\/v2\/product_cat?post=144608"},{"taxonomy":"product_tag","embeddable":true,"href":"https:\/\/www.iplay.com\/de\/wp-json\/wp\/v2\/product_tag?post=144608"}],"curies":[{"name":"wp","href":"https:\/\/api.w.org\/{rel}","templated":true}]}}