{"id":144600,"date":"2025-10-03T07:30:44","date_gmt":"2025-10-03T07:30:44","guid":{"rendered":"https:\/\/www.iplay.com\/?post_type=product&p=144600"},"modified":"2025-10-03T07:30:44","modified_gmt":"2025-10-03T07:30:44","slug":"hidden-riddles-glaciers-mysteries","status":"publish","type":"product","link":"https:\/\/www.iplay.com\/de\/games\/hidden-riddles-glaciers-mysteries\/","title":{"rendered":"Hidden Riddles: Glaciers Mysteries"},"content":{"rendered":"<p class=\"ai-optimize-25 ai-optimize-introduction\">Um sich als erstklassiger Detektiv zu profilieren, bedarf es einer scharfen Beobachtungsgabe, einer unersch\u00fctterlichen Entschlossenheit und einem au\u00dfergew\u00f6hnlichen Talent, die schwierigsten F\u00e4lle zu l\u00f6sen. Begeben Sie sich auf ein aufregendes Abenteuer mit dem wissbegierigen Louis in Hidden Riddles: Glaciers Mysteries, w\u00e4hrend er das eisige Terrain Norwegens durchquert, um ein fesselndes Geheimnis zu l\u00fcften, das unter dem Frost und der Geschichte verborgen ist. <\/p>\n<p class=\"ai-optimize-26\">Tauche ein in 150 fesselnde japanische Farb-Kreuzwortr\u00e4tsel, die Logik, Kunstfertigkeit und Erz\u00e4hlung nahtlos miteinander verbinden. W\u00e4hrend du in jedem Level voranschreitest, entdeckst du Hinweise, triffst auf faszinierende Charaktere und durchquerst f\u00fcnf atemberaubende Gletscherlandschaften. Dieses Spiel bietet eine fesselnde Kombination aus atemberaubender Grafik, beruhigender Musik und einer fesselnden Handlung, was es zu einer idealen Mischung aus herausfordernden R\u00e4tseln und spannenden Geheimnissen macht.  <\/p>\n<p>F\u00fcr diejenigen, die Herausforderungen lieben oder fesselnde Erz\u00e4hlungen sch\u00e4tzen, bietet Hidden Riddles: Glaciers Mysteries unz\u00e4hlige Stunden fesselndes Gameplay, das deinen Intellekt anregt und ein Gef\u00fchl der W\u00e4rme hervorruft.<\/p>\n<p>&nbsp;<\/p>\n<p class=\"ai-optimize-27\"><strong>Funktionen<\/strong><\/p>\n<ul>\n<li class=\"ai-optimize-27\">Fesselnde visuelle Effekte, die frostige Landschaften mit Lebendigkeit zum Leben erwecken!<\/li>\n<li class=\"ai-optimize-27\">Ein fesselndes Geheimnis voller unerwarteter Wendungen und unvergesslicher Charaktere!<\/li>\n<li class=\"ai-optimize-27\">Entdecken Sie 5 bezaubernde norwegische Landschaften, die von Faszinationen umh\u00fcllt sind!<\/li>\n<li class=\"ai-optimize-27\">Entdecke Charaktere voller faszinierender Geschichten und verborgener Absichten!<\/li>\n<li class=\"ai-optimize-27\">Verbessern Sie Ihre logischen und abstrakten Denkf\u00e4higkeiten und haben Sie Spa\u00df am Gameplay!<\/li>\n<li class=\"ai-optimize-27\">Intuitives Design und fesselndes Puzzle-Gameplay!<\/li>\n<\/ul>\n<p>&nbsp;<\/p>\n<p class=\"ai-optimize-28\">Entdecke 150 lebendige und fesselnde Levels, die deine Logik herausfordern und deine Kreativit\u00e4t entfachen!<\/p>\n","protected":false},"excerpt":{"rendered":"<p>Hidden Riddles: Glaciers Mysteries fordert dich heraus, an der Seite von Detective Louis kalte R\u00e4tsel zu l\u00f6sen und Geheimnisse zu l\u00fcften!<\/p>\n","protected":false},"author":39,"featured_media":144397,"comment_status":"open","ping_status":"closed","template":"","meta":{"_acf_changed":false,"inline_featured_image":false},"product_brand":[],"product_cat":[194],"product_tag":[289],"class_list":{"0":"post-144600","1":"product","2":"type-product","3":"status-publish","4":"has-post-thumbnail","6":"product_cat-puzzle-de","7":"product_tag-play-on-pc-de","9":"first","10":"instock","11":"shipping-taxable","12":"purchasable","13":"product-type-simple"},"acf":[],"yoast_head":"<!-- This site is optimized with the Yoast SEO Premium plugin v25.2 (Yoast SEO v25.2) - https:\/\/yoast.com\/wordpress\/plugins\/seo\/ -->\n<title>L\u00f6se eisige R\u00e4tsel in Hidden Riddles: Glaciers Mysteries!<\/title>\n<meta name=\"description\" content=\"Hidden Riddles: Glaciers Mysteries fordert dich heraus, an der Seite von Detective Louis kalte R\u00e4tsel zu l\u00f6sen und Geheimnisse zu l\u00fcften!\" \/>\n<meta name=\"robots\" content=\"index, follow, max-snippet:-1, max-image-preview:large, max-video-preview:-1\" \/>\n<link rel=\"canonical\" href=\"https:\/\/www.iplay.com\/en\/games\/hidden-riddles-glaciers-mysteries\/\" \/>\n<meta property=\"og:locale\" content=\"de_DE\" \/>\n<meta property=\"og:type\" content=\"article\" \/>\n<meta property=\"og:title\" content=\"Hidden Riddles: Glaciers Mysteries\" \/>\n<meta property=\"og:description\" content=\"Hidden Riddles: Glaciers Mysteries fordert dich heraus, an der Seite von Detective Louis kalte R\u00e4tsel zu l\u00f6sen und Geheimnisse zu l\u00fcften!\" \/>\n<meta property=\"og:url\" content=\"https:\/\/www.iplay.com\/en\/games\/hidden-riddles-glaciers-mysteries\/\" \/>\n<meta property=\"og:site_name\" content=\"IPlay\" \/>\n<meta property=\"og:image\" content=\"https:\/\/www.iplay.com\/wp-content\/uploads\/2025\/10\/hidden_riddles_glaciers_mysteries_large_video_screenshot.webp\" \/>\n\t<meta property=\"og:image:width\" content=\"715\" \/>\n\t<meta property=\"og:image:height\" content=\"485\" \/>\n\t<meta property=\"og:image:type\" content=\"image\/webp\" \/>\n<meta name=\"twitter:card\" content=\"summary_large_image\" \/>\n<meta name=\"twitter:label1\" content=\"Gesch\u00e4tzte Lesezeit\" \/>\n\t<meta name=\"twitter:data1\" content=\"1 Minute\" \/>\n<script type=\"application\/ld+json\" class=\"yoast-schema-graph\">{\"@context\":\"https:\/\/schema.org\",\"@graph\":[{\"@type\":\"WebPage\",\"@id\":\"https:\/\/www.iplay.com\/en\/games\/hidden-riddles-glaciers-mysteries\/\",\"url\":\"https:\/\/www.iplay.com\/en\/games\/hidden-riddles-glaciers-mysteries\/\",\"name\":\"L\u00f6se eisige R\u00e4tsel in Hidden Riddles: Glaciers Mysteries!\",\"isPartOf\":{\"@id\":\"https:\/\/www.iplay.com\/en\/#website\"},\"primaryImageOfPage\":{\"@id\":\"https:\/\/www.iplay.com\/en\/games\/hidden-riddles-glaciers-mysteries\/#primaryimage\"},\"image\":{\"@id\":\"https:\/\/www.iplay.com\/en\/games\/hidden-riddles-glaciers-mysteries\/#primaryimage\"},\"thumbnailUrl\":\"https:\/\/www.iplay.com\/wp-content\/uploads\/2025\/10\/hidden_riddles_glaciers_mysteries_large_square_tile_image.webp\",\"datePublished\":\"2025-10-03T07:30:44+00:00\",\"description\":\"Hidden Riddles: Glaciers Mysteries fordert dich heraus, an der Seite von Detective Louis kalte R\u00e4tsel zu l\u00f6sen und Geheimnisse zu l\u00fcften!\",\"breadcrumb\":{\"@id\":\"https:\/\/www.iplay.com\/en\/games\/hidden-riddles-glaciers-mysteries\/#breadcrumb\"},\"inLanguage\":\"de-DE\",\"potentialAction\":[{\"@type\":\"ReadAction\",\"target\":[\"https:\/\/www.iplay.com\/en\/games\/hidden-riddles-glaciers-mysteries\/\"]}]},{\"@type\":\"ImageObject\",\"inLanguage\":\"de-DE\",\"@id\":\"https:\/\/www.iplay.com\/en\/games\/hidden-riddles-glaciers-mysteries\/#primaryimage\",\"url\":\"https:\/\/www.iplay.com\/wp-content\/uploads\/2025\/10\/hidden_riddles_glaciers_mysteries_large_square_tile_image.webp\",\"contentUrl\":\"https:\/\/www.iplay.com\/wp-content\/uploads\/2025\/10\/hidden_riddles_glaciers_mysteries_large_square_tile_image.webp\",\"width\":310,\"height\":310},{\"@type\":\"BreadcrumbList\",\"@id\":\"https:\/\/www.iplay.com\/en\/games\/hidden-riddles-glaciers-mysteries\/#breadcrumb\",\"itemListElement\":[{\"@type\":\"ListItem\",\"position\":1,\"name\":\"Home\",\"item\":\"https:\/\/www.iplay.com\/de\/home-page-2\/\"},{\"@type\":\"ListItem\",\"position\":2,\"name\":\"Shop\",\"item\":\"https:\/\/www.iplay.com\/en\/shop\/\"},{\"@type\":\"ListItem\",\"position\":3,\"name\":\"Hidden Riddles: Glaciers Mysteries\"}]},{\"@type\":\"WebSite\",\"@id\":\"https:\/\/www.iplay.com\/en\/#website\",\"url\":\"https:\/\/www.iplay.com\/en\/\",\"name\":\"IPlay\",\"description\":\"The Best Casual Games!\",\"publisher\":{\"@id\":\"https:\/\/www.iplay.com\/en\/#organization\"},\"potentialAction\":[{\"@type\":\"SearchAction\",\"target\":{\"@type\":\"EntryPoint\",\"urlTemplate\":\"https:\/\/www.iplay.com\/en\/?s={search_term_string}\"},\"query-input\":{\"@type\":\"PropertyValueSpecification\",\"valueRequired\":true,\"valueName\":\"search_term_string\"}}],\"inLanguage\":\"de-DE\"},{\"@type\":\"Organization\",\"@id\":\"https:\/\/www.iplay.com\/en\/#organization\",\"name\":\"IPlay\",\"url\":\"https:\/\/www.iplay.com\/en\/\",\"logo\":{\"@type\":\"ImageObject\",\"inLanguage\":\"de-DE\",\"@id\":\"https:\/\/www.iplay.com\/en\/#\/schema\/logo\/image\/\",\"url\":\"https:\/\/www.iplay.com\/wp-content\/uploads\/2023\/11\/Group-6100.svg\",\"contentUrl\":\"https:\/\/www.iplay.com\/wp-content\/uploads\/2023\/11\/Group-6100.svg\",\"width\":98,\"height\":25,\"caption\":\"IPlay\"},\"image\":{\"@id\":\"https:\/\/www.iplay.com\/en\/#\/schema\/logo\/image\/\"}}]}<\/script>\n<!-- \/ Yoast SEO Premium plugin. -->","yoast_head_json":{"title":"L\u00f6se eisige R\u00e4tsel in Hidden Riddles: Glaciers Mysteries!","description":"Hidden Riddles: Glaciers Mysteries fordert dich heraus, an der Seite von Detective Louis kalte R\u00e4tsel zu l\u00f6sen und Geheimnisse zu l\u00fcften!","robots":{"index":"index","follow":"follow","max-snippet":"max-snippet:-1","max-image-preview":"max-image-preview:large","max-video-preview":"max-video-preview:-1"},"canonical":"https:\/\/www.iplay.com\/en\/games\/hidden-riddles-glaciers-mysteries\/","og_locale":"de_DE","og_type":"article","og_title":"Hidden Riddles: Glaciers Mysteries","og_description":"Hidden Riddles: Glaciers Mysteries fordert dich heraus, an der Seite von Detective Louis kalte R\u00e4tsel zu l\u00f6sen und Geheimnisse zu l\u00fcften!","og_url":"https:\/\/www.iplay.com\/en\/games\/hidden-riddles-glaciers-mysteries\/","og_site_name":"IPlay","og_image":[{"width":715,"height":485,"url":"https:\/\/www.iplay.com\/wp-content\/uploads\/2025\/10\/hidden_riddles_glaciers_mysteries_large_video_screenshot.webp","type":"image\/webp"}],"twitter_card":"summary_large_image","twitter_misc":{"Gesch\u00e4tzte Lesezeit":"1 Minute"},"schema":{"@context":"https:\/\/schema.org","@graph":[{"@type":"WebPage","@id":"https:\/\/www.iplay.com\/en\/games\/hidden-riddles-glaciers-mysteries\/","url":"https:\/\/www.iplay.com\/en\/games\/hidden-riddles-glaciers-mysteries\/","name":"L\u00f6se eisige R\u00e4tsel in Hidden Riddles: Glaciers Mysteries!","isPartOf":{"@id":"https:\/\/www.iplay.com\/en\/#website"},"primaryImageOfPage":{"@id":"https:\/\/www.iplay.com\/en\/games\/hidden-riddles-glaciers-mysteries\/#primaryimage"},"image":{"@id":"https:\/\/www.iplay.com\/en\/games\/hidden-riddles-glaciers-mysteries\/#primaryimage"},"thumbnailUrl":"https:\/\/www.iplay.com\/wp-content\/uploads\/2025\/10\/hidden_riddles_glaciers_mysteries_large_square_tile_image.webp","datePublished":"2025-10-03T07:30:44+00:00","description":"Hidden Riddles: Glaciers Mysteries fordert dich heraus, an der Seite von Detective Louis kalte R\u00e4tsel zu l\u00f6sen und Geheimnisse zu l\u00fcften!","breadcrumb":{"@id":"https:\/\/www.iplay.com\/en\/games\/hidden-riddles-glaciers-mysteries\/#breadcrumb"},"inLanguage":"de-DE","potentialAction":[{"@type":"ReadAction","target":["https:\/\/www.iplay.com\/en\/games\/hidden-riddles-glaciers-mysteries\/"]}]},{"@type":"ImageObject","inLanguage":"de-DE","@id":"https:\/\/www.iplay.com\/en\/games\/hidden-riddles-glaciers-mysteries\/#primaryimage","url":"https:\/\/www.iplay.com\/wp-content\/uploads\/2025\/10\/hidden_riddles_glaciers_mysteries_large_square_tile_image.webp","contentUrl":"https:\/\/www.iplay.com\/wp-content\/uploads\/2025\/10\/hidden_riddles_glaciers_mysteries_large_square_tile_image.webp","width":310,"height":310},{"@type":"BreadcrumbList","@id":"https:\/\/www.iplay.com\/en\/games\/hidden-riddles-glaciers-mysteries\/#breadcrumb","itemListElement":[{"@type":"ListItem","position":1,"name":"Home","item":"https:\/\/www.iplay.com\/de\/home-page-2\/"},{"@type":"ListItem","position":2,"name":"Shop","item":"https:\/\/www.iplay.com\/en\/shop\/"},{"@type":"ListItem","position":3,"name":"Hidden Riddles: Glaciers Mysteries"}]},{"@type":"WebSite","@id":"https:\/\/www.iplay.com\/en\/#website","url":"https:\/\/www.iplay.com\/en\/","name":"IPlay","description":"The Best Casual Games!","publisher":{"@id":"https:\/\/www.iplay.com\/en\/#organization"},"potentialAction":[{"@type":"SearchAction","target":{"@type":"EntryPoint","urlTemplate":"https:\/\/www.iplay.com\/en\/?s={search_term_string}"},"query-input":{"@type":"PropertyValueSpecification","valueRequired":true,"valueName":"search_term_string"}}],"inLanguage":"de-DE"},{"@type":"Organization","@id":"https:\/\/www.iplay.com\/en\/#organization","name":"IPlay","url":"https:\/\/www.iplay.com\/en\/","logo":{"@type":"ImageObject","inLanguage":"de-DE","@id":"https:\/\/www.iplay.com\/en\/#\/schema\/logo\/image\/","url":"https:\/\/www.iplay.com\/wp-content\/uploads\/2023\/11\/Group-6100.svg","contentUrl":"https:\/\/www.iplay.com\/wp-content\/uploads\/2023\/11\/Group-6100.svg","width":98,"height":25,"caption":"IPlay"},"image":{"@id":"https:\/\/www.iplay.com\/en\/#\/schema\/logo\/image\/"}}]}},"_links":{"self":[{"href":"https:\/\/www.iplay.com\/de\/wp-json\/wp\/v2\/product\/144600","targetHints":{"allow":["GET"]}}],"collection":[{"href":"https:\/\/www.iplay.com\/de\/wp-json\/wp\/v2\/product"}],"about":[{"href":"https:\/\/www.iplay.com\/de\/wp-json\/wp\/v2\/types\/product"}],"author":[{"embeddable":true,"href":"https:\/\/www.iplay.com\/de\/wp-json\/wp\/v2\/users\/39"}],"replies":[{"embeddable":true,"href":"https:\/\/www.iplay.com\/de\/wp-json\/wp\/v2\/comments?post=144600"}],"wp:featuredmedia":[{"embeddable":true,"href":"https:\/\/www.iplay.com\/de\/wp-json\/wp\/v2\/media\/144397"}],"wp:attachment":[{"href":"https:\/\/www.iplay.com\/de\/wp-json\/wp\/v2\/media?parent=144600"}],"wp:term":[{"taxonomy":"product_brand","embeddable":true,"href":"https:\/\/www.iplay.com\/de\/wp-json\/wp\/v2\/product_brand?post=144600"},{"taxonomy":"product_cat","embeddable":true,"href":"https:\/\/www.iplay.com\/de\/wp-json\/wp\/v2\/product_cat?post=144600"},{"taxonomy":"product_tag","embeddable":true,"href":"https:\/\/www.iplay.com\/de\/wp-json\/wp\/v2\/product_tag?post=144600"}],"curies":[{"name":"wp","href":"https:\/\/api.w.org\/{rel}","templated":true}]}}