{"id":144351,"date":"2025-09-24T09:30:00","date_gmt":"2025-09-24T09:30:00","guid":{"rendered":"https:\/\/www.iplay.com\/games\/jigsaw-puzzle-lovers-4\/"},"modified":"2025-09-24T09:30:00","modified_gmt":"2025-09-24T09:30:00","slug":"jigsaw-puzzle-lovers-4","status":"publish","type":"product","link":"https:\/\/www.iplay.com\/de\/games\/jigsaw-puzzle-lovers-4\/","title":{"rendered":"Jigsaw Puzzle Lovers 4"},"content":{"rendered":"<p class=\"ai-optimize-27 ai-optimize-introduction\">Tauche ein in ein ruhiges Reich voller fesselnder Herausforderungen mit Jigsaw Puzzle Lovers 4, dem ultimativen Spiel f\u00fcr alle, die ein ruhiges und fesselndes Gameplay sch\u00e4tzen. Von der Gestaltung ruhiger Landschaften \u00fcber das Erwecken skurriler Fantasy-Szenen bis hin zum Festhalten pulsierender Alltagsmomente bietet jedes Puzzle ein beruhigendes und erf\u00fcllendes Erlebnis. <\/p>\n<p class=\"ai-optimize-28\">Erkunden Sie eine Welt endloser M\u00f6glichkeiten mit Hunderten von atemberaubenden hochaufl\u00f6senden Bildern und acht fesselnden Themen, die daf\u00fcr sorgen, dass es immer etwas Neues zu entdecken gibt. Erkunde f\u00fcnf fesselnde Spielmodi mit dem aufregenden neuen Tile Slider, der neue Herausforderungen und einen grenzenlosen Wiederspielwert bietet. Verwandeln Sie Ihre pers\u00f6nlichen Fotos in individuelle Puzzles und schaffen Sie ein einzigartiges Erlebnis nur f\u00fcr Sie.  <\/p>\n<p>Passe die Herausforderung an deine Stimmung an, verdiene Erfolge auf dem Weg und tauche ein in beruhigende Soundtracks, die dein Erlebnis aufwerten. Jigsaw Puzzle Lovers 4 geht \u00fcber das gew\u00f6hnliche Spielerlebnis hinaus; Es l\u00e4dt Sie in eine Oase der Entspannung und Kreativit\u00e4t ein. <\/p>\n<p class=\"ai-optimize-29\">Entdecken Sie das ultimative Puzzle-Erlebnis mit atemberaubender High-Definition-Grafik, die jedes Teil zum Leben erweckt.<\/p>\n<p>&nbsp;<\/p>\n<p class=\"ai-optimize-30\"><strong>Funktionen<\/strong><\/p>\n<ul>\n<li class=\"ai-optimize-29\">Tauchen Sie ein in 8 entz\u00fcckende und lebendige Themen, die jeweils darauf warten, erkundet zu werden.<\/li>\n<li class=\"ai-optimize-29\">Genie\u00dfen und sammeln Sie Hunderte von exquisiten Puzzlebildern, die Ihre Fantasie fesseln werden.<\/li>\n<li class=\"ai-optimize-29\">Entdecke 5 fesselnde Spielmodi, darunter das zeitlose Classic Jigsaw und den aufregenden Tile Slider.<\/li>\n<li class=\"ai-optimize-29\">Gestalte personalisierte Puzzles mit deinen geliebten Bildern<\/li>\n<li class=\"ai-optimize-29\">Passen Sie Ihr Erlebnis mit anpassbaren Schwierigkeitsgraden an<\/li>\n<li class=\"ai-optimize-29\">Verdiene Erfolge und Belohnungen, w\u00e4hrend du vorankommst &#8211; Passe dein Spielerlebnis mit einer Vielzahl von Optionen an<\/li>\n<\/ul>\n","protected":false},"excerpt":{"rendered":"<p>Finden Sie Ruhe, indem Sie sch\u00f6ne Szenen in einem entspannenden Puzzlespiel zusammenf\u00fcgen.<\/p>\n","protected":false},"author":129,"featured_media":144203,"comment_status":"open","ping_status":"closed","template":"","meta":{"_acf_changed":false,"inline_featured_image":false},"product_brand":[],"product_cat":[168],"product_tag":[289],"class_list":{"0":"post-144351","1":"product","2":"type-product","3":"status-publish","4":"has-post-thumbnail","6":"product_cat-jigsaw-de","7":"product_tag-play-on-pc-de","9":"first","10":"instock","11":"shipping-taxable","12":"purchasable","13":"product-type-simple"},"acf":[],"yoast_head":"<!-- This site is optimized with the Yoast SEO Premium plugin v25.2 (Yoast SEO v25.2) - https:\/\/yoast.com\/wordpress\/plugins\/seo\/ -->\n<title>Jigsaw Puzzle Lovers 4 - Entspanne dich, w\u00e4hrend du Szenen zusammenf\u00fcgst!<\/title>\n<meta name=\"description\" content=\"Finden Sie Ruhe, indem Sie sch\u00f6ne Szenen in einem entspannenden Puzzlespiel zusammenf\u00fcgen.\" \/>\n<meta name=\"robots\" content=\"index, follow, max-snippet:-1, max-image-preview:large, max-video-preview:-1\" \/>\n<link rel=\"canonical\" href=\"https:\/\/www.iplay.com\/de\/games\/jigsaw-puzzle-lovers-4\/\" \/>\n<meta property=\"og:locale\" content=\"de_DE\" \/>\n<meta property=\"og:type\" content=\"article\" \/>\n<meta property=\"og:title\" content=\"Jigsaw Puzzle Lovers 4\" \/>\n<meta property=\"og:description\" content=\"Finden Sie Ruhe, indem Sie sch\u00f6ne Szenen in einem entspannenden Puzzlespiel zusammenf\u00fcgen.\" \/>\n<meta property=\"og:url\" content=\"https:\/\/www.iplay.com\/de\/games\/jigsaw-puzzle-lovers-4\/\" \/>\n<meta property=\"og:site_name\" content=\"IPlay\" \/>\n<meta property=\"og:image\" content=\"https:\/\/www.iplay.com\/wp-content\/uploads\/2025\/09\/jigsaw_puzzle_lovers_4_large_video_screenshot.webp\" \/>\n\t<meta property=\"og:image:width\" content=\"715\" \/>\n\t<meta property=\"og:image:height\" content=\"485\" \/>\n\t<meta property=\"og:image:type\" content=\"image\/webp\" \/>\n<meta name=\"twitter:card\" content=\"summary_large_image\" \/>\n<meta name=\"twitter:label1\" content=\"Gesch\u00e4tzte Lesezeit\" \/>\n\t<meta name=\"twitter:data1\" content=\"1 Minute\" \/>\n<script type=\"application\/ld+json\" class=\"yoast-schema-graph\">{\"@context\":\"https:\/\/schema.org\",\"@graph\":[{\"@type\":\"WebPage\",\"@id\":\"https:\/\/www.iplay.com\/de\/games\/jigsaw-puzzle-lovers-4\/\",\"url\":\"https:\/\/www.iplay.com\/de\/games\/jigsaw-puzzle-lovers-4\/\",\"name\":\"Jigsaw Puzzle Lovers 4 - Entspanne dich, w\u00e4hrend du Szenen zusammenf\u00fcgst!\",\"isPartOf\":{\"@id\":\"https:\/\/www.iplay.com\/en\/#website\"},\"primaryImageOfPage\":{\"@id\":\"https:\/\/www.iplay.com\/de\/games\/jigsaw-puzzle-lovers-4\/#primaryimage\"},\"image\":{\"@id\":\"https:\/\/www.iplay.com\/de\/games\/jigsaw-puzzle-lovers-4\/#primaryimage\"},\"thumbnailUrl\":\"https:\/\/www.iplay.com\/wp-content\/uploads\/2025\/09\/jigsaw_puzzle_lovers_4_large_video_screenshot.webp\",\"datePublished\":\"2025-09-24T09:30:00+00:00\",\"description\":\"Finden Sie Ruhe, indem Sie sch\u00f6ne Szenen in einem entspannenden Puzzlespiel zusammenf\u00fcgen.\",\"breadcrumb\":{\"@id\":\"https:\/\/www.iplay.com\/de\/games\/jigsaw-puzzle-lovers-4\/#breadcrumb\"},\"inLanguage\":\"de-DE\",\"potentialAction\":[{\"@type\":\"ReadAction\",\"target\":[\"https:\/\/www.iplay.com\/de\/games\/jigsaw-puzzle-lovers-4\/\"]}]},{\"@type\":\"ImageObject\",\"inLanguage\":\"de-DE\",\"@id\":\"https:\/\/www.iplay.com\/de\/games\/jigsaw-puzzle-lovers-4\/#primaryimage\",\"url\":\"https:\/\/www.iplay.com\/wp-content\/uploads\/2025\/09\/jigsaw_puzzle_lovers_4_large_video_screenshot.webp\",\"contentUrl\":\"https:\/\/www.iplay.com\/wp-content\/uploads\/2025\/09\/jigsaw_puzzle_lovers_4_large_video_screenshot.webp\",\"width\":715,\"height\":485},{\"@type\":\"BreadcrumbList\",\"@id\":\"https:\/\/www.iplay.com\/de\/games\/jigsaw-puzzle-lovers-4\/#breadcrumb\",\"itemListElement\":[{\"@type\":\"ListItem\",\"position\":1,\"name\":\"Home\",\"item\":\"https:\/\/www.iplay.com\/de\/home-page-2\/\"},{\"@type\":\"ListItem\",\"position\":2,\"name\":\"Shop\",\"item\":\"https:\/\/www.iplay.com\/en\/shop\/\"},{\"@type\":\"ListItem\",\"position\":3,\"name\":\"Jigsaw Puzzle Lovers 4\"}]},{\"@type\":\"WebSite\",\"@id\":\"https:\/\/www.iplay.com\/en\/#website\",\"url\":\"https:\/\/www.iplay.com\/en\/\",\"name\":\"IPlay\",\"description\":\"The Best Casual Games!\",\"publisher\":{\"@id\":\"https:\/\/www.iplay.com\/en\/#organization\"},\"potentialAction\":[{\"@type\":\"SearchAction\",\"target\":{\"@type\":\"EntryPoint\",\"urlTemplate\":\"https:\/\/www.iplay.com\/en\/?s={search_term_string}\"},\"query-input\":{\"@type\":\"PropertyValueSpecification\",\"valueRequired\":true,\"valueName\":\"search_term_string\"}}],\"inLanguage\":\"de-DE\"},{\"@type\":\"Organization\",\"@id\":\"https:\/\/www.iplay.com\/en\/#organization\",\"name\":\"IPlay\",\"url\":\"https:\/\/www.iplay.com\/en\/\",\"logo\":{\"@type\":\"ImageObject\",\"inLanguage\":\"de-DE\",\"@id\":\"https:\/\/www.iplay.com\/en\/#\/schema\/logo\/image\/\",\"url\":\"https:\/\/www.iplay.com\/wp-content\/uploads\/2023\/11\/Group-6100.svg\",\"contentUrl\":\"https:\/\/www.iplay.com\/wp-content\/uploads\/2023\/11\/Group-6100.svg\",\"width\":98,\"height\":25,\"caption\":\"IPlay\"},\"image\":{\"@id\":\"https:\/\/www.iplay.com\/en\/#\/schema\/logo\/image\/\"}}]}<\/script>\n<!-- \/ Yoast SEO Premium plugin. -->","yoast_head_json":{"title":"Jigsaw Puzzle Lovers 4 - Entspanne dich, w\u00e4hrend du Szenen zusammenf\u00fcgst!","description":"Finden Sie Ruhe, indem Sie sch\u00f6ne Szenen in einem entspannenden Puzzlespiel zusammenf\u00fcgen.","robots":{"index":"index","follow":"follow","max-snippet":"max-snippet:-1","max-image-preview":"max-image-preview:large","max-video-preview":"max-video-preview:-1"},"canonical":"https:\/\/www.iplay.com\/de\/games\/jigsaw-puzzle-lovers-4\/","og_locale":"de_DE","og_type":"article","og_title":"Jigsaw Puzzle Lovers 4","og_description":"Finden Sie Ruhe, indem Sie sch\u00f6ne Szenen in einem entspannenden Puzzlespiel zusammenf\u00fcgen.","og_url":"https:\/\/www.iplay.com\/de\/games\/jigsaw-puzzle-lovers-4\/","og_site_name":"IPlay","og_image":[{"width":715,"height":485,"url":"https:\/\/www.iplay.com\/wp-content\/uploads\/2025\/09\/jigsaw_puzzle_lovers_4_large_video_screenshot.webp","type":"image\/webp"}],"twitter_card":"summary_large_image","twitter_misc":{"Gesch\u00e4tzte Lesezeit":"1 Minute"},"schema":{"@context":"https:\/\/schema.org","@graph":[{"@type":"WebPage","@id":"https:\/\/www.iplay.com\/de\/games\/jigsaw-puzzle-lovers-4\/","url":"https:\/\/www.iplay.com\/de\/games\/jigsaw-puzzle-lovers-4\/","name":"Jigsaw Puzzle Lovers 4 - Entspanne dich, w\u00e4hrend du Szenen zusammenf\u00fcgst!","isPartOf":{"@id":"https:\/\/www.iplay.com\/en\/#website"},"primaryImageOfPage":{"@id":"https:\/\/www.iplay.com\/de\/games\/jigsaw-puzzle-lovers-4\/#primaryimage"},"image":{"@id":"https:\/\/www.iplay.com\/de\/games\/jigsaw-puzzle-lovers-4\/#primaryimage"},"thumbnailUrl":"https:\/\/www.iplay.com\/wp-content\/uploads\/2025\/09\/jigsaw_puzzle_lovers_4_large_video_screenshot.webp","datePublished":"2025-09-24T09:30:00+00:00","description":"Finden Sie Ruhe, indem Sie sch\u00f6ne Szenen in einem entspannenden Puzzlespiel zusammenf\u00fcgen.","breadcrumb":{"@id":"https:\/\/www.iplay.com\/de\/games\/jigsaw-puzzle-lovers-4\/#breadcrumb"},"inLanguage":"de-DE","potentialAction":[{"@type":"ReadAction","target":["https:\/\/www.iplay.com\/de\/games\/jigsaw-puzzle-lovers-4\/"]}]},{"@type":"ImageObject","inLanguage":"de-DE","@id":"https:\/\/www.iplay.com\/de\/games\/jigsaw-puzzle-lovers-4\/#primaryimage","url":"https:\/\/www.iplay.com\/wp-content\/uploads\/2025\/09\/jigsaw_puzzle_lovers_4_large_video_screenshot.webp","contentUrl":"https:\/\/www.iplay.com\/wp-content\/uploads\/2025\/09\/jigsaw_puzzle_lovers_4_large_video_screenshot.webp","width":715,"height":485},{"@type":"BreadcrumbList","@id":"https:\/\/www.iplay.com\/de\/games\/jigsaw-puzzle-lovers-4\/#breadcrumb","itemListElement":[{"@type":"ListItem","position":1,"name":"Home","item":"https:\/\/www.iplay.com\/de\/home-page-2\/"},{"@type":"ListItem","position":2,"name":"Shop","item":"https:\/\/www.iplay.com\/en\/shop\/"},{"@type":"ListItem","position":3,"name":"Jigsaw Puzzle Lovers 4"}]},{"@type":"WebSite","@id":"https:\/\/www.iplay.com\/en\/#website","url":"https:\/\/www.iplay.com\/en\/","name":"IPlay","description":"The Best Casual Games!","publisher":{"@id":"https:\/\/www.iplay.com\/en\/#organization"},"potentialAction":[{"@type":"SearchAction","target":{"@type":"EntryPoint","urlTemplate":"https:\/\/www.iplay.com\/en\/?s={search_term_string}"},"query-input":{"@type":"PropertyValueSpecification","valueRequired":true,"valueName":"search_term_string"}}],"inLanguage":"de-DE"},{"@type":"Organization","@id":"https:\/\/www.iplay.com\/en\/#organization","name":"IPlay","url":"https:\/\/www.iplay.com\/en\/","logo":{"@type":"ImageObject","inLanguage":"de-DE","@id":"https:\/\/www.iplay.com\/en\/#\/schema\/logo\/image\/","url":"https:\/\/www.iplay.com\/wp-content\/uploads\/2023\/11\/Group-6100.svg","contentUrl":"https:\/\/www.iplay.com\/wp-content\/uploads\/2023\/11\/Group-6100.svg","width":98,"height":25,"caption":"IPlay"},"image":{"@id":"https:\/\/www.iplay.com\/en\/#\/schema\/logo\/image\/"}}]}},"_links":{"self":[{"href":"https:\/\/www.iplay.com\/de\/wp-json\/wp\/v2\/product\/144351","targetHints":{"allow":["GET"]}}],"collection":[{"href":"https:\/\/www.iplay.com\/de\/wp-json\/wp\/v2\/product"}],"about":[{"href":"https:\/\/www.iplay.com\/de\/wp-json\/wp\/v2\/types\/product"}],"author":[{"embeddable":true,"href":"https:\/\/www.iplay.com\/de\/wp-json\/wp\/v2\/users\/129"}],"replies":[{"embeddable":true,"href":"https:\/\/www.iplay.com\/de\/wp-json\/wp\/v2\/comments?post=144351"}],"wp:featuredmedia":[{"embeddable":true,"href":"https:\/\/www.iplay.com\/de\/wp-json\/wp\/v2\/media\/144203"}],"wp:attachment":[{"href":"https:\/\/www.iplay.com\/de\/wp-json\/wp\/v2\/media?parent=144351"}],"wp:term":[{"taxonomy":"product_brand","embeddable":true,"href":"https:\/\/www.iplay.com\/de\/wp-json\/wp\/v2\/product_brand?post=144351"},{"taxonomy":"product_cat","embeddable":true,"href":"https:\/\/www.iplay.com\/de\/wp-json\/wp\/v2\/product_cat?post=144351"},{"taxonomy":"product_tag","embeddable":true,"href":"https:\/\/www.iplay.com\/de\/wp-json\/wp\/v2\/product_tag?post=144351"}],"curies":[{"name":"wp","href":"https:\/\/api.w.org\/{rel}","templated":true}]}}