{"id":144344,"date":"2025-09-25T09:30:17","date_gmt":"2025-09-25T09:30:17","guid":{"rendered":"https:\/\/www.iplay.com\/games\/my-tiny-market\/"},"modified":"2025-09-25T09:30:17","modified_gmt":"2025-09-25T09:30:17","slug":"my-tiny-market","status":"publish","type":"product","link":"https:\/\/www.iplay.com\/de\/games\/my-tiny-market\/","title":{"rendered":"My Tiny Market"},"content":{"rendered":"<p class=\"ai-optimize-25 ai-optimize-introduction\">Du besitzt deinen eigenen Lebensmittelladen in My Tiny Market. Um die richtige Balance zwischen all Ihren Aufgaben zu finden \u2013 Regale auff\u00fcllen, Kunden bedienen und alles auf Hochtouren laufen lassen \u2013 stellen Sie sicher, dass Sie Ihre Zeit und Ressourcen mit Bedacht einsetzen. <\/p>\n<p class=\"ai-optimize-26\">Beginnen Sie mit einem winzigen Lebensmittelgesch\u00e4ft und bauen Sie es im Laufe der Zeit auf! Du bist f\u00fcr alles verantwortlich, von einfachen Aufgaben wie dem Pfl\u00fccken von Tomaten und dem F\u00fcttern von H\u00fchnern bis hin zum Auff\u00fcllen von Regalen und dem Auschecken von Kunden. Um der beste Marktmanager zu werden, stellen Sie Leute ein, die die Dinge beschleunigen und Ihr Gesch\u00e4ft vergr\u00f6\u00dfern.  <\/p>\n","protected":false},"excerpt":{"rendered":"<p>Betreiben Sie Ihren kleinen Markt, bedienen Sie die Leute schnell und wachsen Sie so viel, wie Sie wollen!<\/p>\n","protected":false},"author":325,"featured_media":144172,"comment_status":"open","ping_status":"closed","template":"","meta":{"_acf_changed":false,"inline_featured_image":false},"product_brand":[],"product_cat":[180,217],"product_tag":[302,284,299,289],"class_list":{"0":"post-144344","1":"product","2":"type-product","3":"status-publish","4":"has-post-thumbnail","6":"product_cat-mobile-games-de","7":"product_cat-time-management-de","8":"product_tag-play-for-free-de","9":"product_tag-play-on-mac-de","10":"product_tag-play-on-mobile-de","11":"product_tag-play-on-pc-de","13":"first","14":"instock","15":"shipping-taxable","16":"purchasable","17":"product-type-html5_game"},"acf":[],"yoast_head":"<!-- This site is optimized with the Yoast SEO Premium plugin v25.2 (Yoast SEO v25.2) - https:\/\/yoast.com\/wordpress\/plugins\/seo\/ -->\n<title>My Tiny Market - Pflegen Sie Ihren kleinen Markt!<\/title>\n<meta name=\"description\" content=\"Betreiben Sie Ihren kleinen Markt, bedienen Sie die Leute schnell und wachsen Sie so viel, wie Sie wollen!\" \/>\n<meta name=\"robots\" content=\"index, follow, max-snippet:-1, max-image-preview:large, max-video-preview:-1\" \/>\n<link rel=\"canonical\" href=\"https:\/\/www.iplay.com\/de\/games\/my-tiny-market\/\" \/>\n<meta property=\"og:locale\" content=\"de_DE\" \/>\n<meta property=\"og:type\" content=\"article\" \/>\n<meta property=\"og:title\" content=\"My Tiny Market\" \/>\n<meta property=\"og:description\" content=\"Betreiben Sie Ihren kleinen Markt, bedienen Sie die Leute schnell und wachsen Sie so viel, wie Sie wollen!\" \/>\n<meta property=\"og:url\" content=\"https:\/\/www.iplay.com\/de\/games\/my-tiny-market\/\" \/>\n<meta property=\"og:site_name\" content=\"IPlay\" \/>\n<meta property=\"og:image\" content=\"https:\/\/www.iplay.com\/wp-content\/uploads\/2025\/09\/mytinymarket-html5_715x485.webp\" \/>\n\t<meta property=\"og:image:width\" content=\"715\" \/>\n\t<meta property=\"og:image:height\" content=\"485\" \/>\n\t<meta property=\"og:image:type\" content=\"image\/webp\" \/>\n<meta name=\"twitter:card\" content=\"summary_large_image\" \/>\n<meta name=\"twitter:label1\" content=\"Gesch\u00e4tzte Lesezeit\" \/>\n\t<meta name=\"twitter:data1\" content=\"1 Minute\" \/>\n<script type=\"application\/ld+json\" class=\"yoast-schema-graph\">{\"@context\":\"https:\/\/schema.org\",\"@graph\":[{\"@type\":\"WebPage\",\"@id\":\"https:\/\/www.iplay.com\/de\/games\/my-tiny-market\/\",\"url\":\"https:\/\/www.iplay.com\/de\/games\/my-tiny-market\/\",\"name\":\"My Tiny Market - Pflegen Sie Ihren kleinen Markt!\",\"isPartOf\":{\"@id\":\"https:\/\/www.iplay.com\/en\/#website\"},\"primaryImageOfPage\":{\"@id\":\"https:\/\/www.iplay.com\/de\/games\/my-tiny-market\/#primaryimage\"},\"image\":{\"@id\":\"https:\/\/www.iplay.com\/de\/games\/my-tiny-market\/#primaryimage\"},\"thumbnailUrl\":\"https:\/\/www.iplay.com\/wp-content\/uploads\/2025\/09\/mytinymarket-html5_310x310.webp\",\"datePublished\":\"2025-09-25T09:30:17+00:00\",\"description\":\"Betreiben Sie Ihren kleinen Markt, bedienen Sie die Leute schnell und wachsen Sie so viel, wie Sie wollen!\",\"breadcrumb\":{\"@id\":\"https:\/\/www.iplay.com\/de\/games\/my-tiny-market\/#breadcrumb\"},\"inLanguage\":\"de-DE\",\"potentialAction\":[{\"@type\":\"ReadAction\",\"target\":[\"https:\/\/www.iplay.com\/de\/games\/my-tiny-market\/\"]}]},{\"@type\":\"ImageObject\",\"inLanguage\":\"de-DE\",\"@id\":\"https:\/\/www.iplay.com\/de\/games\/my-tiny-market\/#primaryimage\",\"url\":\"https:\/\/www.iplay.com\/wp-content\/uploads\/2025\/09\/mytinymarket-html5_310x310.webp\",\"contentUrl\":\"https:\/\/www.iplay.com\/wp-content\/uploads\/2025\/09\/mytinymarket-html5_310x310.webp\",\"width\":310,\"height\":310},{\"@type\":\"BreadcrumbList\",\"@id\":\"https:\/\/www.iplay.com\/de\/games\/my-tiny-market\/#breadcrumb\",\"itemListElement\":[{\"@type\":\"ListItem\",\"position\":1,\"name\":\"Home\",\"item\":\"https:\/\/www.iplay.com\/de\/home-page-2\/\"},{\"@type\":\"ListItem\",\"position\":2,\"name\":\"Shop\",\"item\":\"https:\/\/www.iplay.com\/en\/shop\/\"},{\"@type\":\"ListItem\",\"position\":3,\"name\":\"My Tiny Market\"}]},{\"@type\":\"WebSite\",\"@id\":\"https:\/\/www.iplay.com\/en\/#website\",\"url\":\"https:\/\/www.iplay.com\/en\/\",\"name\":\"IPlay\",\"description\":\"The Best Casual Games!\",\"publisher\":{\"@id\":\"https:\/\/www.iplay.com\/en\/#organization\"},\"potentialAction\":[{\"@type\":\"SearchAction\",\"target\":{\"@type\":\"EntryPoint\",\"urlTemplate\":\"https:\/\/www.iplay.com\/en\/?s={search_term_string}\"},\"query-input\":{\"@type\":\"PropertyValueSpecification\",\"valueRequired\":true,\"valueName\":\"search_term_string\"}}],\"inLanguage\":\"de-DE\"},{\"@type\":\"Organization\",\"@id\":\"https:\/\/www.iplay.com\/en\/#organization\",\"name\":\"IPlay\",\"url\":\"https:\/\/www.iplay.com\/en\/\",\"logo\":{\"@type\":\"ImageObject\",\"inLanguage\":\"de-DE\",\"@id\":\"https:\/\/www.iplay.com\/en\/#\/schema\/logo\/image\/\",\"url\":\"https:\/\/www.iplay.com\/wp-content\/uploads\/2023\/11\/Group-6100.svg\",\"contentUrl\":\"https:\/\/www.iplay.com\/wp-content\/uploads\/2023\/11\/Group-6100.svg\",\"width\":98,\"height\":25,\"caption\":\"IPlay\"},\"image\":{\"@id\":\"https:\/\/www.iplay.com\/en\/#\/schema\/logo\/image\/\"}}]}<\/script>\n<!-- \/ Yoast SEO Premium plugin. -->","yoast_head_json":{"title":"My Tiny Market - Pflegen Sie Ihren kleinen Markt!","description":"Betreiben Sie Ihren kleinen Markt, bedienen Sie die Leute schnell und wachsen Sie so viel, wie Sie wollen!","robots":{"index":"index","follow":"follow","max-snippet":"max-snippet:-1","max-image-preview":"max-image-preview:large","max-video-preview":"max-video-preview:-1"},"canonical":"https:\/\/www.iplay.com\/de\/games\/my-tiny-market\/","og_locale":"de_DE","og_type":"article","og_title":"My Tiny Market","og_description":"Betreiben Sie Ihren kleinen Markt, bedienen Sie die Leute schnell und wachsen Sie so viel, wie Sie wollen!","og_url":"https:\/\/www.iplay.com\/de\/games\/my-tiny-market\/","og_site_name":"IPlay","og_image":[{"width":715,"height":485,"url":"https:\/\/www.iplay.com\/wp-content\/uploads\/2025\/09\/mytinymarket-html5_715x485.webp","type":"image\/webp"}],"twitter_card":"summary_large_image","twitter_misc":{"Gesch\u00e4tzte Lesezeit":"1 Minute"},"schema":{"@context":"https:\/\/schema.org","@graph":[{"@type":"WebPage","@id":"https:\/\/www.iplay.com\/de\/games\/my-tiny-market\/","url":"https:\/\/www.iplay.com\/de\/games\/my-tiny-market\/","name":"My Tiny Market - Pflegen Sie Ihren kleinen Markt!","isPartOf":{"@id":"https:\/\/www.iplay.com\/en\/#website"},"primaryImageOfPage":{"@id":"https:\/\/www.iplay.com\/de\/games\/my-tiny-market\/#primaryimage"},"image":{"@id":"https:\/\/www.iplay.com\/de\/games\/my-tiny-market\/#primaryimage"},"thumbnailUrl":"https:\/\/www.iplay.com\/wp-content\/uploads\/2025\/09\/mytinymarket-html5_310x310.webp","datePublished":"2025-09-25T09:30:17+00:00","description":"Betreiben Sie Ihren kleinen Markt, bedienen Sie die Leute schnell und wachsen Sie so viel, wie Sie wollen!","breadcrumb":{"@id":"https:\/\/www.iplay.com\/de\/games\/my-tiny-market\/#breadcrumb"},"inLanguage":"de-DE","potentialAction":[{"@type":"ReadAction","target":["https:\/\/www.iplay.com\/de\/games\/my-tiny-market\/"]}]},{"@type":"ImageObject","inLanguage":"de-DE","@id":"https:\/\/www.iplay.com\/de\/games\/my-tiny-market\/#primaryimage","url":"https:\/\/www.iplay.com\/wp-content\/uploads\/2025\/09\/mytinymarket-html5_310x310.webp","contentUrl":"https:\/\/www.iplay.com\/wp-content\/uploads\/2025\/09\/mytinymarket-html5_310x310.webp","width":310,"height":310},{"@type":"BreadcrumbList","@id":"https:\/\/www.iplay.com\/de\/games\/my-tiny-market\/#breadcrumb","itemListElement":[{"@type":"ListItem","position":1,"name":"Home","item":"https:\/\/www.iplay.com\/de\/home-page-2\/"},{"@type":"ListItem","position":2,"name":"Shop","item":"https:\/\/www.iplay.com\/en\/shop\/"},{"@type":"ListItem","position":3,"name":"My Tiny Market"}]},{"@type":"WebSite","@id":"https:\/\/www.iplay.com\/en\/#website","url":"https:\/\/www.iplay.com\/en\/","name":"IPlay","description":"The Best Casual Games!","publisher":{"@id":"https:\/\/www.iplay.com\/en\/#organization"},"potentialAction":[{"@type":"SearchAction","target":{"@type":"EntryPoint","urlTemplate":"https:\/\/www.iplay.com\/en\/?s={search_term_string}"},"query-input":{"@type":"PropertyValueSpecification","valueRequired":true,"valueName":"search_term_string"}}],"inLanguage":"de-DE"},{"@type":"Organization","@id":"https:\/\/www.iplay.com\/en\/#organization","name":"IPlay","url":"https:\/\/www.iplay.com\/en\/","logo":{"@type":"ImageObject","inLanguage":"de-DE","@id":"https:\/\/www.iplay.com\/en\/#\/schema\/logo\/image\/","url":"https:\/\/www.iplay.com\/wp-content\/uploads\/2023\/11\/Group-6100.svg","contentUrl":"https:\/\/www.iplay.com\/wp-content\/uploads\/2023\/11\/Group-6100.svg","width":98,"height":25,"caption":"IPlay"},"image":{"@id":"https:\/\/www.iplay.com\/en\/#\/schema\/logo\/image\/"}}]}},"_links":{"self":[{"href":"https:\/\/www.iplay.com\/de\/wp-json\/wp\/v2\/product\/144344","targetHints":{"allow":["GET"]}}],"collection":[{"href":"https:\/\/www.iplay.com\/de\/wp-json\/wp\/v2\/product"}],"about":[{"href":"https:\/\/www.iplay.com\/de\/wp-json\/wp\/v2\/types\/product"}],"author":[{"embeddable":true,"href":"https:\/\/www.iplay.com\/de\/wp-json\/wp\/v2\/users\/325"}],"replies":[{"embeddable":true,"href":"https:\/\/www.iplay.com\/de\/wp-json\/wp\/v2\/comments?post=144344"}],"wp:featuredmedia":[{"embeddable":true,"href":"https:\/\/www.iplay.com\/de\/wp-json\/wp\/v2\/media\/144172"}],"wp:attachment":[{"href":"https:\/\/www.iplay.com\/de\/wp-json\/wp\/v2\/media?parent=144344"}],"wp:term":[{"taxonomy":"product_brand","embeddable":true,"href":"https:\/\/www.iplay.com\/de\/wp-json\/wp\/v2\/product_brand?post=144344"},{"taxonomy":"product_cat","embeddable":true,"href":"https:\/\/www.iplay.com\/de\/wp-json\/wp\/v2\/product_cat?post=144344"},{"taxonomy":"product_tag","embeddable":true,"href":"https:\/\/www.iplay.com\/de\/wp-json\/wp\/v2\/product_tag?post=144344"}],"curies":[{"name":"wp","href":"https:\/\/api.w.org\/{rel}","templated":true}]}}