{"id":144134,"date":"2025-09-19T09:30:12","date_gmt":"2025-09-19T09:30:12","guid":{"rendered":"https:\/\/www.iplay.com\/games\/modern-art-65\/"},"modified":"2025-09-19T09:30:12","modified_gmt":"2025-09-19T09:30:12","slug":"modern-art-65","status":"publish","type":"product","link":"https:\/\/www.iplay.com\/de\/games\/modern-art-65\/","title":{"rendered":"Modern Art 65"},"content":{"rendered":"<p class=\"ai-optimize-25 ai-optimize-introduction\">Modern Art 65 l\u00e4sst Sie in ein kreatives Universum eintauchen, in dem Malerei ein beruhigender R\u00fcckzugsort ist. Anstatt sich \u00fcber Farben Gedanken zu machen, folgen Sie den Zahlen und beobachten Sie, wie jedes Bild mit starken Farben und gro\u00dfartigem Design zum Leben erweckt wird. <\/p>\n<p class=\"ai-optimize-26\">Dieses unkomplizierte Malen-nach-Zahlen-Spiel ist mit 64 wundersch\u00f6n gestalteten Kunstwerken f\u00fcr alle K\u00f6nnerstufen geeignet. Modern Art 65 bietet Stunden des entspannenden Genusses und der k\u00fcnstlerischen Befriedigung f\u00fcr Entspannung, Konzentration oder Gelassenheit. <\/p>\n<p><strong>Funktionen<\/strong><\/p>\n<ul>\n<li class=\"ai-optimize-27\">64 erstaunliche Kunstwerke im modernen Stil mit einer einfachen Nummer.gef\u00fchrtes System<\/li>\n<li class=\"ai-optimize-27\">Genie\u00dfen Sie ein stressfreies kreatives Erlebnis ohne Farbauswahl, ideal f\u00fcr Entspannung, Achtsamkeit und k\u00fcnstlerischen Ausdruck.<\/li>\n<li class=\"ai-optimize-27\">Geeignet f\u00fcr alle Altersgruppen und K\u00f6nnensstufen, keine Erfahrung aus dem Stand der Technik erforderlich.<\/li>\n<\/ul>\n","protected":false},"excerpt":{"rendered":"<p>Mit Modern Art 65 k\u00f6nnen Sie sich entspannen und sch\u00f6ne digitale Gem\u00e4lde erstellen, indem Sie einfach Farben kombinieren.<\/p>\n","protected":false},"author":21,"featured_media":144095,"comment_status":"open","ping_status":"closed","template":"","meta":{"_acf_changed":false,"inline_featured_image":false},"product_brand":[],"product_cat":[185],"product_tag":[289],"class_list":{"0":"post-144134","1":"product","2":"type-product","3":"status-publish","4":"has-post-thumbnail","6":"product_cat-paint-by-numbers-series-de","7":"product_tag-play-on-pc-de","9":"first","10":"instock","11":"shipping-taxable","12":"purchasable","13":"product-type-simple"},"acf":[],"yoast_head":"<!-- This site is optimized with the Yoast SEO Premium plugin v25.2 (Yoast SEO v25.2) - https:\/\/yoast.com\/wordpress\/plugins\/seo\/ -->\n<title>Modern Art 65 - Erstellen Sie wundersch\u00f6ne digitale Gem\u00e4lde<\/title>\n<meta name=\"description\" content=\"Mit Modern Art 65 k\u00f6nnen Sie sich entspannen und sch\u00f6ne digitale Gem\u00e4lde erstellen, indem Sie einfach Farben kombinieren.\" \/>\n<meta name=\"robots\" content=\"index, follow, max-snippet:-1, max-image-preview:large, max-video-preview:-1\" \/>\n<link rel=\"canonical\" href=\"https:\/\/www.iplay.com\/de\/games\/modern-art-65\/\" \/>\n<meta property=\"og:locale\" content=\"de_DE\" \/>\n<meta property=\"og:type\" content=\"article\" \/>\n<meta property=\"og:title\" content=\"Modern Art 65\" \/>\n<meta property=\"og:description\" content=\"Mit Modern Art 65 k\u00f6nnen Sie sich entspannen und sch\u00f6ne digitale Gem\u00e4lde erstellen, indem Sie einfach Farben kombinieren.\" \/>\n<meta property=\"og:url\" content=\"https:\/\/www.iplay.com\/de\/games\/modern-art-65\/\" \/>\n<meta property=\"og:site_name\" content=\"IPlay\" \/>\n<meta property=\"og:image\" content=\"https:\/\/www.iplay.com\/wp-content\/uploads\/2025\/09\/modern_art_65_large_square_tile_image.webp\" \/>\n\t<meta property=\"og:image:width\" content=\"310\" \/>\n\t<meta property=\"og:image:height\" content=\"310\" \/>\n\t<meta property=\"og:image:type\" content=\"image\/webp\" \/>\n<meta name=\"twitter:card\" content=\"summary_large_image\" \/>\n<meta name=\"twitter:label1\" content=\"Gesch\u00e4tzte Lesezeit\" \/>\n\t<meta name=\"twitter:data1\" content=\"1 Minute\" \/>\n<script type=\"application\/ld+json\" class=\"yoast-schema-graph\">{\"@context\":\"https:\/\/schema.org\",\"@graph\":[{\"@type\":\"WebPage\",\"@id\":\"https:\/\/www.iplay.com\/de\/games\/modern-art-65\/\",\"url\":\"https:\/\/www.iplay.com\/de\/games\/modern-art-65\/\",\"name\":\"Modern Art 65 - Erstellen Sie wundersch\u00f6ne digitale Gem\u00e4lde\",\"isPartOf\":{\"@id\":\"https:\/\/www.iplay.com\/en\/#website\"},\"primaryImageOfPage\":{\"@id\":\"https:\/\/www.iplay.com\/de\/games\/modern-art-65\/#primaryimage\"},\"image\":{\"@id\":\"https:\/\/www.iplay.com\/de\/games\/modern-art-65\/#primaryimage\"},\"thumbnailUrl\":\"https:\/\/www.iplay.com\/wp-content\/uploads\/2025\/09\/modern_art_65_large_square_tile_image.webp\",\"datePublished\":\"2025-09-19T09:30:12+00:00\",\"description\":\"Mit Modern Art 65 k\u00f6nnen Sie sich entspannen und sch\u00f6ne digitale Gem\u00e4lde erstellen, indem Sie einfach Farben kombinieren.\",\"breadcrumb\":{\"@id\":\"https:\/\/www.iplay.com\/de\/games\/modern-art-65\/#breadcrumb\"},\"inLanguage\":\"de-DE\",\"potentialAction\":[{\"@type\":\"ReadAction\",\"target\":[\"https:\/\/www.iplay.com\/de\/games\/modern-art-65\/\"]}]},{\"@type\":\"ImageObject\",\"inLanguage\":\"de-DE\",\"@id\":\"https:\/\/www.iplay.com\/de\/games\/modern-art-65\/#primaryimage\",\"url\":\"https:\/\/www.iplay.com\/wp-content\/uploads\/2025\/09\/modern_art_65_large_square_tile_image.webp\",\"contentUrl\":\"https:\/\/www.iplay.com\/wp-content\/uploads\/2025\/09\/modern_art_65_large_square_tile_image.webp\",\"width\":310,\"height\":310},{\"@type\":\"BreadcrumbList\",\"@id\":\"https:\/\/www.iplay.com\/de\/games\/modern-art-65\/#breadcrumb\",\"itemListElement\":[{\"@type\":\"ListItem\",\"position\":1,\"name\":\"Home\",\"item\":\"https:\/\/www.iplay.com\/de\/home-page-2\/\"},{\"@type\":\"ListItem\",\"position\":2,\"name\":\"Shop\",\"item\":\"https:\/\/www.iplay.com\/en\/shop\/\"},{\"@type\":\"ListItem\",\"position\":3,\"name\":\"Modern Art 65\"}]},{\"@type\":\"WebSite\",\"@id\":\"https:\/\/www.iplay.com\/en\/#website\",\"url\":\"https:\/\/www.iplay.com\/en\/\",\"name\":\"IPlay\",\"description\":\"The Best Casual Games!\",\"publisher\":{\"@id\":\"https:\/\/www.iplay.com\/en\/#organization\"},\"potentialAction\":[{\"@type\":\"SearchAction\",\"target\":{\"@type\":\"EntryPoint\",\"urlTemplate\":\"https:\/\/www.iplay.com\/en\/?s={search_term_string}\"},\"query-input\":{\"@type\":\"PropertyValueSpecification\",\"valueRequired\":true,\"valueName\":\"search_term_string\"}}],\"inLanguage\":\"de-DE\"},{\"@type\":\"Organization\",\"@id\":\"https:\/\/www.iplay.com\/en\/#organization\",\"name\":\"IPlay\",\"url\":\"https:\/\/www.iplay.com\/en\/\",\"logo\":{\"@type\":\"ImageObject\",\"inLanguage\":\"de-DE\",\"@id\":\"https:\/\/www.iplay.com\/en\/#\/schema\/logo\/image\/\",\"url\":\"https:\/\/www.iplay.com\/wp-content\/uploads\/2023\/11\/Group-6100.svg\",\"contentUrl\":\"https:\/\/www.iplay.com\/wp-content\/uploads\/2023\/11\/Group-6100.svg\",\"width\":98,\"height\":25,\"caption\":\"IPlay\"},\"image\":{\"@id\":\"https:\/\/www.iplay.com\/en\/#\/schema\/logo\/image\/\"}}]}<\/script>\n<!-- \/ Yoast SEO Premium plugin. -->","yoast_head_json":{"title":"Modern Art 65 - Erstellen Sie wundersch\u00f6ne digitale Gem\u00e4lde","description":"Mit Modern Art 65 k\u00f6nnen Sie sich entspannen und sch\u00f6ne digitale Gem\u00e4lde erstellen, indem Sie einfach Farben kombinieren.","robots":{"index":"index","follow":"follow","max-snippet":"max-snippet:-1","max-image-preview":"max-image-preview:large","max-video-preview":"max-video-preview:-1"},"canonical":"https:\/\/www.iplay.com\/de\/games\/modern-art-65\/","og_locale":"de_DE","og_type":"article","og_title":"Modern Art 65","og_description":"Mit Modern Art 65 k\u00f6nnen Sie sich entspannen und sch\u00f6ne digitale Gem\u00e4lde erstellen, indem Sie einfach Farben kombinieren.","og_url":"https:\/\/www.iplay.com\/de\/games\/modern-art-65\/","og_site_name":"IPlay","og_image":[{"width":310,"height":310,"url":"https:\/\/www.iplay.com\/wp-content\/uploads\/2025\/09\/modern_art_65_large_square_tile_image.webp","type":"image\/webp"}],"twitter_card":"summary_large_image","twitter_misc":{"Gesch\u00e4tzte Lesezeit":"1 Minute"},"schema":{"@context":"https:\/\/schema.org","@graph":[{"@type":"WebPage","@id":"https:\/\/www.iplay.com\/de\/games\/modern-art-65\/","url":"https:\/\/www.iplay.com\/de\/games\/modern-art-65\/","name":"Modern Art 65 - Erstellen Sie wundersch\u00f6ne digitale Gem\u00e4lde","isPartOf":{"@id":"https:\/\/www.iplay.com\/en\/#website"},"primaryImageOfPage":{"@id":"https:\/\/www.iplay.com\/de\/games\/modern-art-65\/#primaryimage"},"image":{"@id":"https:\/\/www.iplay.com\/de\/games\/modern-art-65\/#primaryimage"},"thumbnailUrl":"https:\/\/www.iplay.com\/wp-content\/uploads\/2025\/09\/modern_art_65_large_square_tile_image.webp","datePublished":"2025-09-19T09:30:12+00:00","description":"Mit Modern Art 65 k\u00f6nnen Sie sich entspannen und sch\u00f6ne digitale Gem\u00e4lde erstellen, indem Sie einfach Farben kombinieren.","breadcrumb":{"@id":"https:\/\/www.iplay.com\/de\/games\/modern-art-65\/#breadcrumb"},"inLanguage":"de-DE","potentialAction":[{"@type":"ReadAction","target":["https:\/\/www.iplay.com\/de\/games\/modern-art-65\/"]}]},{"@type":"ImageObject","inLanguage":"de-DE","@id":"https:\/\/www.iplay.com\/de\/games\/modern-art-65\/#primaryimage","url":"https:\/\/www.iplay.com\/wp-content\/uploads\/2025\/09\/modern_art_65_large_square_tile_image.webp","contentUrl":"https:\/\/www.iplay.com\/wp-content\/uploads\/2025\/09\/modern_art_65_large_square_tile_image.webp","width":310,"height":310},{"@type":"BreadcrumbList","@id":"https:\/\/www.iplay.com\/de\/games\/modern-art-65\/#breadcrumb","itemListElement":[{"@type":"ListItem","position":1,"name":"Home","item":"https:\/\/www.iplay.com\/de\/home-page-2\/"},{"@type":"ListItem","position":2,"name":"Shop","item":"https:\/\/www.iplay.com\/en\/shop\/"},{"@type":"ListItem","position":3,"name":"Modern Art 65"}]},{"@type":"WebSite","@id":"https:\/\/www.iplay.com\/en\/#website","url":"https:\/\/www.iplay.com\/en\/","name":"IPlay","description":"The Best Casual Games!","publisher":{"@id":"https:\/\/www.iplay.com\/en\/#organization"},"potentialAction":[{"@type":"SearchAction","target":{"@type":"EntryPoint","urlTemplate":"https:\/\/www.iplay.com\/en\/?s={search_term_string}"},"query-input":{"@type":"PropertyValueSpecification","valueRequired":true,"valueName":"search_term_string"}}],"inLanguage":"de-DE"},{"@type":"Organization","@id":"https:\/\/www.iplay.com\/en\/#organization","name":"IPlay","url":"https:\/\/www.iplay.com\/en\/","logo":{"@type":"ImageObject","inLanguage":"de-DE","@id":"https:\/\/www.iplay.com\/en\/#\/schema\/logo\/image\/","url":"https:\/\/www.iplay.com\/wp-content\/uploads\/2023\/11\/Group-6100.svg","contentUrl":"https:\/\/www.iplay.com\/wp-content\/uploads\/2023\/11\/Group-6100.svg","width":98,"height":25,"caption":"IPlay"},"image":{"@id":"https:\/\/www.iplay.com\/en\/#\/schema\/logo\/image\/"}}]}},"_links":{"self":[{"href":"https:\/\/www.iplay.com\/de\/wp-json\/wp\/v2\/product\/144134","targetHints":{"allow":["GET"]}}],"collection":[{"href":"https:\/\/www.iplay.com\/de\/wp-json\/wp\/v2\/product"}],"about":[{"href":"https:\/\/www.iplay.com\/de\/wp-json\/wp\/v2\/types\/product"}],"author":[{"embeddable":true,"href":"https:\/\/www.iplay.com\/de\/wp-json\/wp\/v2\/users\/21"}],"replies":[{"embeddable":true,"href":"https:\/\/www.iplay.com\/de\/wp-json\/wp\/v2\/comments?post=144134"}],"wp:featuredmedia":[{"embeddable":true,"href":"https:\/\/www.iplay.com\/de\/wp-json\/wp\/v2\/media\/144095"}],"wp:attachment":[{"href":"https:\/\/www.iplay.com\/de\/wp-json\/wp\/v2\/media?parent=144134"}],"wp:term":[{"taxonomy":"product_brand","embeddable":true,"href":"https:\/\/www.iplay.com\/de\/wp-json\/wp\/v2\/product_brand?post=144134"},{"taxonomy":"product_cat","embeddable":true,"href":"https:\/\/www.iplay.com\/de\/wp-json\/wp\/v2\/product_cat?post=144134"},{"taxonomy":"product_tag","embeddable":true,"href":"https:\/\/www.iplay.com\/de\/wp-json\/wp\/v2\/product_tag?post=144134"}],"curies":[{"name":"wp","href":"https:\/\/api.w.org\/{rel}","templated":true}]}}