{"id":144129,"date":"2025-09-17T10:30:32","date_gmt":"2025-09-17T10:30:32","guid":{"rendered":"https:\/\/www.iplay.com\/games\/new-lands-legends-of-tenkai-collectors-edition\/"},"modified":"2025-09-17T10:30:32","modified_gmt":"2025-09-17T10:30:32","slug":"new-lands-legends-of-tenkai-collectors-edition","status":"publish","type":"product","link":"https:\/\/www.iplay.com\/de\/games\/new-lands-legends-of-tenkai-collectors-edition\/","title":{"rendered":"New Lands: Legends of Tenkai Collector&#8217;s Edition"},"content":{"rendered":"<p class=\"ai-optimize-25 ai-optimize-introduction\">New Lands: Legends of Tenkai Collector&#8217;s Edition entf\u00fchrt dich nach Caerwynn, einem magischen Land, in dem das Echo einer untergegangenen Zivilisation auf dich wartet. Entdecken Sie die Wunder des lange verschollenen Imperiums von Tenkai mit dem mutigen Landbesitzer John Brave und dem talentierten Arch\u00e4ologen Ronan O&#8217;Keir. <\/p>\n<p class=\"ai-optimize-26\">Erkunde heilige Tempel, versteckte Schreine und verfallende Ruinen nach seltenen Relikten und altem Wissen. Bilde Allianzen, entschl\u00fcssele Riten und baue ein verlorenes K\u00f6nigreich wieder auf. Jede Entdeckung bringt Tenkai der Wiedergeburt oder dem Aussterben n\u00e4her.  <\/p>\n<p class=\"ai-optimize-26\">Diese Collector&#8217;s Edition f\u00fcgt dem mittelalterlichen Erlebnis seltene Inhalte, intensive Geschichten, gro\u00dfartige Bilder und einen emotionalen Soundtrack hinzu. Wirst du die Geschichte \u00fcberwinden und wiederherstellen, was verloren gegangen ist? <\/p>\n<p>&nbsp;<\/p>\n<p class=\"ai-optimize-27\"><strong>Funktionen der Collector&#8217;s Edition<\/strong><\/p>\n<ul>\n<li class=\"ai-optimize-27\">Ronan O&#8217;Keir, ein neuer Freund, wird die Geschichte enth\u00fcllen.<\/li>\n<li class=\"ai-optimize-27\">Eine mittelalterlich inspirierte Erz\u00e4hlung voller Geheimnisse und Abenteuer<\/li>\n<li class=\"ai-optimize-27\">Besuchen Sie antike \u00dcberreste und belebte Handelsrouten.<\/li>\n<li class=\"ai-optimize-27\">Entdecke die Riten und Traditionen des Tenkai-Imperiums.<\/li>\n<li class=\"ai-optimize-27\">Genie\u00dfe fesselnde Musik und Grafiken, die an eine vergangene \u00c4ra erinnern.<\/li>\n<li class=\"ai-optimize-27\">Entdecke viele Leckerbissen, die John Braves Heimat bereichern.<\/li>\n<\/ul>\n","protected":false},"excerpt":{"rendered":"<p>In New Lands: Legends of Tenkai CE kannst du uralte Geheimnisse herausfinden und ein verlorenes Reich neu erschaffen.<\/p>\n","protected":false},"author":13,"featured_media":143989,"comment_status":"open","ping_status":"closed","template":"","meta":{"_acf_changed":false,"inline_featured_image":false},"product_brand":[],"product_cat":[217],"product_tag":[289],"class_list":{"0":"post-144129","1":"product","2":"type-product","3":"status-publish","4":"has-post-thumbnail","6":"product_cat-time-management-de","7":"product_tag-play-on-pc-de","9":"first","10":"instock","11":"shipping-taxable","12":"purchasable","13":"product-type-simple"},"acf":[],"yoast_head":"<!-- This site is optimized with the Yoast SEO Premium plugin v25.2 (Yoast SEO v25.2) - https:\/\/yoast.com\/wordpress\/plugins\/seo\/ -->\n<title>Entdecke Geheimnisse in New Lands: Legends of Tenkai CE!<\/title>\n<meta name=\"description\" content=\"In New Lands: Legends of Tenkai CE kannst du uralte Geheimnisse herausfinden und ein verlorenes Reich neu erschaffen.\" \/>\n<meta name=\"robots\" content=\"index, follow, max-snippet:-1, max-image-preview:large, max-video-preview:-1\" \/>\n<link rel=\"canonical\" href=\"https:\/\/www.iplay.com\/de\/games\/new-lands-legends-of-tenkai-collectors-edition\/\" \/>\n<meta property=\"og:locale\" content=\"de_DE\" \/>\n<meta property=\"og:type\" content=\"article\" \/>\n<meta property=\"og:title\" content=\"New Lands: Legends of Tenkai Collector&#039;s Edition\" \/>\n<meta property=\"og:description\" content=\"In New Lands: Legends of Tenkai CE kannst du uralte Geheimnisse herausfinden und ein verlorenes Reich neu erschaffen.\" \/>\n<meta property=\"og:url\" content=\"https:\/\/www.iplay.com\/de\/games\/new-lands-legends-of-tenkai-collectors-edition\/\" \/>\n<meta property=\"og:site_name\" content=\"IPlay\" \/>\n<meta property=\"og:image\" content=\"https:\/\/www.iplay.com\/wp-content\/uploads\/2025\/09\/new_lands_legends_of_tenkai_ce_large_video_screenshot.webp\" \/>\n\t<meta property=\"og:image:width\" content=\"715\" \/>\n\t<meta property=\"og:image:height\" content=\"485\" \/>\n\t<meta property=\"og:image:type\" content=\"image\/webp\" \/>\n<meta name=\"twitter:card\" content=\"summary_large_image\" \/>\n<meta name=\"twitter:label1\" content=\"Gesch\u00e4tzte Lesezeit\" \/>\n\t<meta name=\"twitter:data1\" content=\"1 Minute\" \/>\n<script type=\"application\/ld+json\" class=\"yoast-schema-graph\">{\"@context\":\"https:\/\/schema.org\",\"@graph\":[{\"@type\":\"WebPage\",\"@id\":\"https:\/\/www.iplay.com\/de\/games\/new-lands-legends-of-tenkai-collectors-edition\/\",\"url\":\"https:\/\/www.iplay.com\/de\/games\/new-lands-legends-of-tenkai-collectors-edition\/\",\"name\":\"Entdecke Geheimnisse in New Lands: Legends of Tenkai CE!\",\"isPartOf\":{\"@id\":\"https:\/\/www.iplay.com\/en\/#website\"},\"primaryImageOfPage\":{\"@id\":\"https:\/\/www.iplay.com\/de\/games\/new-lands-legends-of-tenkai-collectors-edition\/#primaryimage\"},\"image\":{\"@id\":\"https:\/\/www.iplay.com\/de\/games\/new-lands-legends-of-tenkai-collectors-edition\/#primaryimage\"},\"thumbnailUrl\":\"https:\/\/www.iplay.com\/wp-content\/uploads\/2025\/09\/new_lands_legends_of_tenkai_ce_large_video_screenshot.webp\",\"datePublished\":\"2025-09-17T10:30:32+00:00\",\"description\":\"In New Lands: Legends of Tenkai CE kannst du uralte Geheimnisse herausfinden und ein verlorenes Reich neu erschaffen.\",\"breadcrumb\":{\"@id\":\"https:\/\/www.iplay.com\/de\/games\/new-lands-legends-of-tenkai-collectors-edition\/#breadcrumb\"},\"inLanguage\":\"de-DE\",\"potentialAction\":[{\"@type\":\"ReadAction\",\"target\":[\"https:\/\/www.iplay.com\/de\/games\/new-lands-legends-of-tenkai-collectors-edition\/\"]}]},{\"@type\":\"ImageObject\",\"inLanguage\":\"de-DE\",\"@id\":\"https:\/\/www.iplay.com\/de\/games\/new-lands-legends-of-tenkai-collectors-edition\/#primaryimage\",\"url\":\"https:\/\/www.iplay.com\/wp-content\/uploads\/2025\/09\/new_lands_legends_of_tenkai_ce_large_video_screenshot.webp\",\"contentUrl\":\"https:\/\/www.iplay.com\/wp-content\/uploads\/2025\/09\/new_lands_legends_of_tenkai_ce_large_video_screenshot.webp\",\"width\":715,\"height\":485},{\"@type\":\"BreadcrumbList\",\"@id\":\"https:\/\/www.iplay.com\/de\/games\/new-lands-legends-of-tenkai-collectors-edition\/#breadcrumb\",\"itemListElement\":[{\"@type\":\"ListItem\",\"position\":1,\"name\":\"Home\",\"item\":\"https:\/\/www.iplay.com\/de\/home-page-2\/\"},{\"@type\":\"ListItem\",\"position\":2,\"name\":\"Shop\",\"item\":\"https:\/\/www.iplay.com\/en\/shop\/\"},{\"@type\":\"ListItem\",\"position\":3,\"name\":\"New Lands: Legends of Tenkai Collector&#8217;s Edition\"}]},{\"@type\":\"WebSite\",\"@id\":\"https:\/\/www.iplay.com\/en\/#website\",\"url\":\"https:\/\/www.iplay.com\/en\/\",\"name\":\"IPlay\",\"description\":\"The Best Casual Games!\",\"publisher\":{\"@id\":\"https:\/\/www.iplay.com\/en\/#organization\"},\"potentialAction\":[{\"@type\":\"SearchAction\",\"target\":{\"@type\":\"EntryPoint\",\"urlTemplate\":\"https:\/\/www.iplay.com\/en\/?s={search_term_string}\"},\"query-input\":{\"@type\":\"PropertyValueSpecification\",\"valueRequired\":true,\"valueName\":\"search_term_string\"}}],\"inLanguage\":\"de-DE\"},{\"@type\":\"Organization\",\"@id\":\"https:\/\/www.iplay.com\/en\/#organization\",\"name\":\"IPlay\",\"url\":\"https:\/\/www.iplay.com\/en\/\",\"logo\":{\"@type\":\"ImageObject\",\"inLanguage\":\"de-DE\",\"@id\":\"https:\/\/www.iplay.com\/en\/#\/schema\/logo\/image\/\",\"url\":\"https:\/\/www.iplay.com\/wp-content\/uploads\/2023\/11\/Group-6100.svg\",\"contentUrl\":\"https:\/\/www.iplay.com\/wp-content\/uploads\/2023\/11\/Group-6100.svg\",\"width\":98,\"height\":25,\"caption\":\"IPlay\"},\"image\":{\"@id\":\"https:\/\/www.iplay.com\/en\/#\/schema\/logo\/image\/\"}}]}<\/script>\n<!-- \/ Yoast SEO Premium plugin. -->","yoast_head_json":{"title":"Entdecke Geheimnisse in New Lands: Legends of Tenkai CE!","description":"In New Lands: Legends of Tenkai CE kannst du uralte Geheimnisse herausfinden und ein verlorenes Reich neu erschaffen.","robots":{"index":"index","follow":"follow","max-snippet":"max-snippet:-1","max-image-preview":"max-image-preview:large","max-video-preview":"max-video-preview:-1"},"canonical":"https:\/\/www.iplay.com\/de\/games\/new-lands-legends-of-tenkai-collectors-edition\/","og_locale":"de_DE","og_type":"article","og_title":"New Lands: Legends of Tenkai Collector's Edition","og_description":"In New Lands: Legends of Tenkai CE kannst du uralte Geheimnisse herausfinden und ein verlorenes Reich neu erschaffen.","og_url":"https:\/\/www.iplay.com\/de\/games\/new-lands-legends-of-tenkai-collectors-edition\/","og_site_name":"IPlay","og_image":[{"width":715,"height":485,"url":"https:\/\/www.iplay.com\/wp-content\/uploads\/2025\/09\/new_lands_legends_of_tenkai_ce_large_video_screenshot.webp","type":"image\/webp"}],"twitter_card":"summary_large_image","twitter_misc":{"Gesch\u00e4tzte Lesezeit":"1 Minute"},"schema":{"@context":"https:\/\/schema.org","@graph":[{"@type":"WebPage","@id":"https:\/\/www.iplay.com\/de\/games\/new-lands-legends-of-tenkai-collectors-edition\/","url":"https:\/\/www.iplay.com\/de\/games\/new-lands-legends-of-tenkai-collectors-edition\/","name":"Entdecke Geheimnisse in New Lands: Legends of Tenkai CE!","isPartOf":{"@id":"https:\/\/www.iplay.com\/en\/#website"},"primaryImageOfPage":{"@id":"https:\/\/www.iplay.com\/de\/games\/new-lands-legends-of-tenkai-collectors-edition\/#primaryimage"},"image":{"@id":"https:\/\/www.iplay.com\/de\/games\/new-lands-legends-of-tenkai-collectors-edition\/#primaryimage"},"thumbnailUrl":"https:\/\/www.iplay.com\/wp-content\/uploads\/2025\/09\/new_lands_legends_of_tenkai_ce_large_video_screenshot.webp","datePublished":"2025-09-17T10:30:32+00:00","description":"In New Lands: Legends of Tenkai CE kannst du uralte Geheimnisse herausfinden und ein verlorenes Reich neu erschaffen.","breadcrumb":{"@id":"https:\/\/www.iplay.com\/de\/games\/new-lands-legends-of-tenkai-collectors-edition\/#breadcrumb"},"inLanguage":"de-DE","potentialAction":[{"@type":"ReadAction","target":["https:\/\/www.iplay.com\/de\/games\/new-lands-legends-of-tenkai-collectors-edition\/"]}]},{"@type":"ImageObject","inLanguage":"de-DE","@id":"https:\/\/www.iplay.com\/de\/games\/new-lands-legends-of-tenkai-collectors-edition\/#primaryimage","url":"https:\/\/www.iplay.com\/wp-content\/uploads\/2025\/09\/new_lands_legends_of_tenkai_ce_large_video_screenshot.webp","contentUrl":"https:\/\/www.iplay.com\/wp-content\/uploads\/2025\/09\/new_lands_legends_of_tenkai_ce_large_video_screenshot.webp","width":715,"height":485},{"@type":"BreadcrumbList","@id":"https:\/\/www.iplay.com\/de\/games\/new-lands-legends-of-tenkai-collectors-edition\/#breadcrumb","itemListElement":[{"@type":"ListItem","position":1,"name":"Home","item":"https:\/\/www.iplay.com\/de\/home-page-2\/"},{"@type":"ListItem","position":2,"name":"Shop","item":"https:\/\/www.iplay.com\/en\/shop\/"},{"@type":"ListItem","position":3,"name":"New Lands: Legends of Tenkai Collector&#8217;s Edition"}]},{"@type":"WebSite","@id":"https:\/\/www.iplay.com\/en\/#website","url":"https:\/\/www.iplay.com\/en\/","name":"IPlay","description":"The Best Casual Games!","publisher":{"@id":"https:\/\/www.iplay.com\/en\/#organization"},"potentialAction":[{"@type":"SearchAction","target":{"@type":"EntryPoint","urlTemplate":"https:\/\/www.iplay.com\/en\/?s={search_term_string}"},"query-input":{"@type":"PropertyValueSpecification","valueRequired":true,"valueName":"search_term_string"}}],"inLanguage":"de-DE"},{"@type":"Organization","@id":"https:\/\/www.iplay.com\/en\/#organization","name":"IPlay","url":"https:\/\/www.iplay.com\/en\/","logo":{"@type":"ImageObject","inLanguage":"de-DE","@id":"https:\/\/www.iplay.com\/en\/#\/schema\/logo\/image\/","url":"https:\/\/www.iplay.com\/wp-content\/uploads\/2023\/11\/Group-6100.svg","contentUrl":"https:\/\/www.iplay.com\/wp-content\/uploads\/2023\/11\/Group-6100.svg","width":98,"height":25,"caption":"IPlay"},"image":{"@id":"https:\/\/www.iplay.com\/en\/#\/schema\/logo\/image\/"}}]}},"_links":{"self":[{"href":"https:\/\/www.iplay.com\/de\/wp-json\/wp\/v2\/product\/144129","targetHints":{"allow":["GET"]}}],"collection":[{"href":"https:\/\/www.iplay.com\/de\/wp-json\/wp\/v2\/product"}],"about":[{"href":"https:\/\/www.iplay.com\/de\/wp-json\/wp\/v2\/types\/product"}],"author":[{"embeddable":true,"href":"https:\/\/www.iplay.com\/de\/wp-json\/wp\/v2\/users\/13"}],"replies":[{"embeddable":true,"href":"https:\/\/www.iplay.com\/de\/wp-json\/wp\/v2\/comments?post=144129"}],"wp:featuredmedia":[{"embeddable":true,"href":"https:\/\/www.iplay.com\/de\/wp-json\/wp\/v2\/media\/143989"}],"wp:attachment":[{"href":"https:\/\/www.iplay.com\/de\/wp-json\/wp\/v2\/media?parent=144129"}],"wp:term":[{"taxonomy":"product_brand","embeddable":true,"href":"https:\/\/www.iplay.com\/de\/wp-json\/wp\/v2\/product_brand?post=144129"},{"taxonomy":"product_cat","embeddable":true,"href":"https:\/\/www.iplay.com\/de\/wp-json\/wp\/v2\/product_cat?post=144129"},{"taxonomy":"product_tag","embeddable":true,"href":"https:\/\/www.iplay.com\/de\/wp-json\/wp\/v2\/product_tag?post=144129"}],"curies":[{"name":"wp","href":"https:\/\/api.w.org\/{rel}","templated":true}]}}