{"id":143807,"date":"2025-09-12T07:30:47","date_gmt":"2025-09-12T07:30:47","guid":{"rendered":"https:\/\/www.iplay.com\/?post_type=product&p=143807"},"modified":"2025-09-10T11:30:59","modified_gmt":"2025-09-10T11:30:59","slug":"pixel-art-83","status":"publish","type":"product","link":"https:\/\/www.iplay.com\/de\/games\/pixel-art-83\/","title":{"rendered":"Pixel Art 83"},"content":{"rendered":"<p class=\"ai-optimize-27 ai-optimize-introduction\">Pixel Art 83 ist der beste Weg, um sich zu entspannen und ohne Anspannung zu malen. Machen Sie sich keine Sorgen um die Auswahl der geeigneten Farben; Folgen Sie einfach den Zahlen und sehen Sie, wie Ihre Kunst zum Leben erweckt wird! Dieses Spiel verf\u00fcgt \u00fcber 80 pixelgenaue Grafiken, mit denen es Spa\u00df macht und entspannend ist, stundenlang zu spielen.  <\/p>\n<p class=\"ai-optimize-28\">Jedes Mal, wenn du tippst, kommst du einem wundersch\u00f6nen digitalen Mosaik n\u00e4her, egal ob du niedliche Kreaturen, vertr\u00e4umte Landschaften oder seltsame Kreationen ausf\u00fcllst. Das F\u00fcllbereichswerkzeug ist eine gro\u00dfartige M\u00f6glichkeit, Ihren Fortschritt zu beschleunigen und Ihren Malausflug reibungslos zu gestalten. Pixel Art 83 ist der beste Weg, um dem Alltag zu entfliehen und in eine Welt voller Farben, Ruhe und Kreativit\u00e4t einzutauchen.  <\/p>\n<p>&nbsp;<\/p>\n<p class=\"ai-optimize-30\"><strong>Funktionen<\/strong><\/p>\n<ul>\n<li class=\"ai-optimize-29\">80 lustige Pixelbilder zum Ausmalen und Fertigstellen!<\/li>\n<li class=\"ai-optimize-29\">Mit dem F\u00fcllbereichswerkzeug wird das Malen schneller und einfacher!<\/li>\n<li class=\"ai-optimize-29\">Machen Sie sich keine M\u00fche, w\u00e4hrend des Spiels Farben auszuw\u00e4hlen!<\/li>\n<li class=\"ai-optimize-29\">Ideal f\u00fcr Menschen jeden Alters und K\u00f6nnens!<\/li>\n<li class=\"ai-optimize-29\">Eine unterhaltsame und entspannende Art, dem Alltag zu entfliehen!<\/li>\n<\/ul>\n","protected":false},"excerpt":{"rendered":"<p>Mit Pixel Art 83 k\u00f6nnen Sie sich entspannen, kreativ sein und farbenfrohe Pixel-Meisterwerke zum Leben erwecken.<\/p>\n","protected":false},"author":21,"featured_media":143663,"comment_status":"open","ping_status":"closed","template":"","meta":{"_acf_changed":false,"inline_featured_image":false},"product_brand":[],"product_cat":[185],"product_tag":[289],"class_list":{"0":"post-143807","1":"product","2":"type-product","3":"status-publish","4":"has-post-thumbnail","6":"product_cat-paint-by-numbers-series-de","7":"product_tag-play-on-pc-de","9":"first","10":"instock","11":"shipping-taxable","12":"purchasable","13":"product-type-simple"},"acf":[],"yoast_head":"<!-- This site is optimized with the Yoast SEO Premium plugin v25.2 (Yoast SEO v25.2) - https:\/\/yoast.com\/wordpress\/plugins\/seo\/ -->\n<title>Pixel Art 83 - Malen nach Zahlen, um digitale Meisterwerke zu erschaffen<\/title>\n<meta name=\"description\" content=\"Mit Pixel Art 83 k\u00f6nnen Sie sich entspannen, kreativ sein und farbenfrohe Pixel-Meisterwerke zum Leben erwecken.\" \/>\n<meta name=\"robots\" content=\"index, follow, max-snippet:-1, max-image-preview:large, max-video-preview:-1\" \/>\n<link rel=\"canonical\" href=\"https:\/\/www.iplay.com\/en\/games\/pixel-art-83\/\" \/>\n<meta property=\"og:locale\" content=\"de_DE\" \/>\n<meta property=\"og:type\" content=\"article\" \/>\n<meta property=\"og:title\" content=\"Pixel Art 83\" \/>\n<meta property=\"og:description\" content=\"Mit Pixel Art 83 k\u00f6nnen Sie sich entspannen, kreativ sein und farbenfrohe Pixel-Meisterwerke zum Leben erwecken.\" \/>\n<meta property=\"og:url\" content=\"https:\/\/www.iplay.com\/en\/games\/pixel-art-83\/\" \/>\n<meta property=\"og:site_name\" content=\"IPlay\" \/>\n<meta property=\"og:image\" content=\"https:\/\/www.iplay.com\/wp-content\/uploads\/2025\/09\/pixel_art_83_large_video_screenshot.webp\" \/>\n\t<meta property=\"og:image:width\" content=\"715\" \/>\n\t<meta property=\"og:image:height\" content=\"485\" \/>\n\t<meta property=\"og:image:type\" content=\"image\/webp\" \/>\n<meta name=\"twitter:card\" content=\"summary_large_image\" \/>\n<meta name=\"twitter:label1\" content=\"Gesch\u00e4tzte Lesezeit\" \/>\n\t<meta name=\"twitter:data1\" content=\"1 Minute\" \/>\n<script type=\"application\/ld+json\" class=\"yoast-schema-graph\">{\"@context\":\"https:\/\/schema.org\",\"@graph\":[{\"@type\":\"WebPage\",\"@id\":\"https:\/\/www.iplay.com\/en\/games\/pixel-art-83\/\",\"url\":\"https:\/\/www.iplay.com\/en\/games\/pixel-art-83\/\",\"name\":\"Pixel Art 83 - Malen nach Zahlen, um digitale Meisterwerke zu erschaffen\",\"isPartOf\":{\"@id\":\"https:\/\/www.iplay.com\/en\/#website\"},\"primaryImageOfPage\":{\"@id\":\"https:\/\/www.iplay.com\/en\/games\/pixel-art-83\/#primaryimage\"},\"image\":{\"@id\":\"https:\/\/www.iplay.com\/en\/games\/pixel-art-83\/#primaryimage\"},\"thumbnailUrl\":\"https:\/\/www.iplay.com\/wp-content\/uploads\/2025\/09\/pixel_art_83_large_square_tile_image.webp\",\"datePublished\":\"2025-09-12T07:30:47+00:00\",\"description\":\"Mit Pixel Art 83 k\u00f6nnen Sie sich entspannen, kreativ sein und farbenfrohe Pixel-Meisterwerke zum Leben erwecken.\",\"breadcrumb\":{\"@id\":\"https:\/\/www.iplay.com\/en\/games\/pixel-art-83\/#breadcrumb\"},\"inLanguage\":\"de-DE\",\"potentialAction\":[{\"@type\":\"ReadAction\",\"target\":[\"https:\/\/www.iplay.com\/en\/games\/pixel-art-83\/\"]}]},{\"@type\":\"ImageObject\",\"inLanguage\":\"de-DE\",\"@id\":\"https:\/\/www.iplay.com\/en\/games\/pixel-art-83\/#primaryimage\",\"url\":\"https:\/\/www.iplay.com\/wp-content\/uploads\/2025\/09\/pixel_art_83_large_square_tile_image.webp\",\"contentUrl\":\"https:\/\/www.iplay.com\/wp-content\/uploads\/2025\/09\/pixel_art_83_large_square_tile_image.webp\",\"width\":310,\"height\":310},{\"@type\":\"BreadcrumbList\",\"@id\":\"https:\/\/www.iplay.com\/en\/games\/pixel-art-83\/#breadcrumb\",\"itemListElement\":[{\"@type\":\"ListItem\",\"position\":1,\"name\":\"Home\",\"item\":\"https:\/\/www.iplay.com\/de\/home-page-2\/\"},{\"@type\":\"ListItem\",\"position\":2,\"name\":\"Shop\",\"item\":\"https:\/\/www.iplay.com\/en\/shop\/\"},{\"@type\":\"ListItem\",\"position\":3,\"name\":\"Pixel Art 83\"}]},{\"@type\":\"WebSite\",\"@id\":\"https:\/\/www.iplay.com\/en\/#website\",\"url\":\"https:\/\/www.iplay.com\/en\/\",\"name\":\"IPlay\",\"description\":\"The Best Casual Games!\",\"publisher\":{\"@id\":\"https:\/\/www.iplay.com\/en\/#organization\"},\"potentialAction\":[{\"@type\":\"SearchAction\",\"target\":{\"@type\":\"EntryPoint\",\"urlTemplate\":\"https:\/\/www.iplay.com\/en\/?s={search_term_string}\"},\"query-input\":{\"@type\":\"PropertyValueSpecification\",\"valueRequired\":true,\"valueName\":\"search_term_string\"}}],\"inLanguage\":\"de-DE\"},{\"@type\":\"Organization\",\"@id\":\"https:\/\/www.iplay.com\/en\/#organization\",\"name\":\"IPlay\",\"url\":\"https:\/\/www.iplay.com\/en\/\",\"logo\":{\"@type\":\"ImageObject\",\"inLanguage\":\"de-DE\",\"@id\":\"https:\/\/www.iplay.com\/en\/#\/schema\/logo\/image\/\",\"url\":\"https:\/\/www.iplay.com\/wp-content\/uploads\/2023\/11\/Group-6100.svg\",\"contentUrl\":\"https:\/\/www.iplay.com\/wp-content\/uploads\/2023\/11\/Group-6100.svg\",\"width\":98,\"height\":25,\"caption\":\"IPlay\"},\"image\":{\"@id\":\"https:\/\/www.iplay.com\/en\/#\/schema\/logo\/image\/\"}}]}<\/script>\n<!-- \/ Yoast SEO Premium plugin. -->","yoast_head_json":{"title":"Pixel Art 83 - Malen nach Zahlen, um digitale Meisterwerke zu erschaffen","description":"Mit Pixel Art 83 k\u00f6nnen Sie sich entspannen, kreativ sein und farbenfrohe Pixel-Meisterwerke zum Leben erwecken.","robots":{"index":"index","follow":"follow","max-snippet":"max-snippet:-1","max-image-preview":"max-image-preview:large","max-video-preview":"max-video-preview:-1"},"canonical":"https:\/\/www.iplay.com\/en\/games\/pixel-art-83\/","og_locale":"de_DE","og_type":"article","og_title":"Pixel Art 83","og_description":"Mit Pixel Art 83 k\u00f6nnen Sie sich entspannen, kreativ sein und farbenfrohe Pixel-Meisterwerke zum Leben erwecken.","og_url":"https:\/\/www.iplay.com\/en\/games\/pixel-art-83\/","og_site_name":"IPlay","og_image":[{"width":715,"height":485,"url":"https:\/\/www.iplay.com\/wp-content\/uploads\/2025\/09\/pixel_art_83_large_video_screenshot.webp","type":"image\/webp"}],"twitter_card":"summary_large_image","twitter_misc":{"Gesch\u00e4tzte Lesezeit":"1 Minute"},"schema":{"@context":"https:\/\/schema.org","@graph":[{"@type":"WebPage","@id":"https:\/\/www.iplay.com\/en\/games\/pixel-art-83\/","url":"https:\/\/www.iplay.com\/en\/games\/pixel-art-83\/","name":"Pixel Art 83 - Malen nach Zahlen, um digitale Meisterwerke zu erschaffen","isPartOf":{"@id":"https:\/\/www.iplay.com\/en\/#website"},"primaryImageOfPage":{"@id":"https:\/\/www.iplay.com\/en\/games\/pixel-art-83\/#primaryimage"},"image":{"@id":"https:\/\/www.iplay.com\/en\/games\/pixel-art-83\/#primaryimage"},"thumbnailUrl":"https:\/\/www.iplay.com\/wp-content\/uploads\/2025\/09\/pixel_art_83_large_square_tile_image.webp","datePublished":"2025-09-12T07:30:47+00:00","description":"Mit Pixel Art 83 k\u00f6nnen Sie sich entspannen, kreativ sein und farbenfrohe Pixel-Meisterwerke zum Leben erwecken.","breadcrumb":{"@id":"https:\/\/www.iplay.com\/en\/games\/pixel-art-83\/#breadcrumb"},"inLanguage":"de-DE","potentialAction":[{"@type":"ReadAction","target":["https:\/\/www.iplay.com\/en\/games\/pixel-art-83\/"]}]},{"@type":"ImageObject","inLanguage":"de-DE","@id":"https:\/\/www.iplay.com\/en\/games\/pixel-art-83\/#primaryimage","url":"https:\/\/www.iplay.com\/wp-content\/uploads\/2025\/09\/pixel_art_83_large_square_tile_image.webp","contentUrl":"https:\/\/www.iplay.com\/wp-content\/uploads\/2025\/09\/pixel_art_83_large_square_tile_image.webp","width":310,"height":310},{"@type":"BreadcrumbList","@id":"https:\/\/www.iplay.com\/en\/games\/pixel-art-83\/#breadcrumb","itemListElement":[{"@type":"ListItem","position":1,"name":"Home","item":"https:\/\/www.iplay.com\/de\/home-page-2\/"},{"@type":"ListItem","position":2,"name":"Shop","item":"https:\/\/www.iplay.com\/en\/shop\/"},{"@type":"ListItem","position":3,"name":"Pixel Art 83"}]},{"@type":"WebSite","@id":"https:\/\/www.iplay.com\/en\/#website","url":"https:\/\/www.iplay.com\/en\/","name":"IPlay","description":"The Best Casual Games!","publisher":{"@id":"https:\/\/www.iplay.com\/en\/#organization"},"potentialAction":[{"@type":"SearchAction","target":{"@type":"EntryPoint","urlTemplate":"https:\/\/www.iplay.com\/en\/?s={search_term_string}"},"query-input":{"@type":"PropertyValueSpecification","valueRequired":true,"valueName":"search_term_string"}}],"inLanguage":"de-DE"},{"@type":"Organization","@id":"https:\/\/www.iplay.com\/en\/#organization","name":"IPlay","url":"https:\/\/www.iplay.com\/en\/","logo":{"@type":"ImageObject","inLanguage":"de-DE","@id":"https:\/\/www.iplay.com\/en\/#\/schema\/logo\/image\/","url":"https:\/\/www.iplay.com\/wp-content\/uploads\/2023\/11\/Group-6100.svg","contentUrl":"https:\/\/www.iplay.com\/wp-content\/uploads\/2023\/11\/Group-6100.svg","width":98,"height":25,"caption":"IPlay"},"image":{"@id":"https:\/\/www.iplay.com\/en\/#\/schema\/logo\/image\/"}}]}},"_links":{"self":[{"href":"https:\/\/www.iplay.com\/de\/wp-json\/wp\/v2\/product\/143807","targetHints":{"allow":["GET"]}}],"collection":[{"href":"https:\/\/www.iplay.com\/de\/wp-json\/wp\/v2\/product"}],"about":[{"href":"https:\/\/www.iplay.com\/de\/wp-json\/wp\/v2\/types\/product"}],"author":[{"embeddable":true,"href":"https:\/\/www.iplay.com\/de\/wp-json\/wp\/v2\/users\/21"}],"replies":[{"embeddable":true,"href":"https:\/\/www.iplay.com\/de\/wp-json\/wp\/v2\/comments?post=143807"}],"wp:featuredmedia":[{"embeddable":true,"href":"https:\/\/www.iplay.com\/de\/wp-json\/wp\/v2\/media\/143663"}],"wp:attachment":[{"href":"https:\/\/www.iplay.com\/de\/wp-json\/wp\/v2\/media?parent=143807"}],"wp:term":[{"taxonomy":"product_brand","embeddable":true,"href":"https:\/\/www.iplay.com\/de\/wp-json\/wp\/v2\/product_brand?post=143807"},{"taxonomy":"product_cat","embeddable":true,"href":"https:\/\/www.iplay.com\/de\/wp-json\/wp\/v2\/product_cat?post=143807"},{"taxonomy":"product_tag","embeddable":true,"href":"https:\/\/www.iplay.com\/de\/wp-json\/wp\/v2\/product_tag?post=143807"}],"curies":[{"name":"wp","href":"https:\/\/api.w.org\/{rel}","templated":true}]}}